{"id":12821,"date":"2024-11-12T19:50:16","date_gmt":"2024-11-12T19:50:16","guid":{"rendered":"https:\/\/oceansignal.com\/products\/safesea-m200\/"},"modified":"2026-02-17T15:46:10","modified_gmt":"2026-02-17T15:46:10","slug":"safesea-m200","status":"publish","type":"product","link":"https:\/\/oceansignal.com\/da\/products\/safesea-m200\/","title":{"rendered":"safeSEA M200"},"content":{"rendered":"<p class=\"ai-optimize-36 ai-optimize-introduction\"><em>Vil du l\u00e6re om det seneste inden for klasse M-krav til AIS MOB ?  <a href=\"https:\/\/oceansignal.com\/da\/news\/forstaelse-af-virkningen-af-ais-klasse-m-regulering-pa-mober\/\">Klik her<\/a><\/em><\/p>\n<p class=\"ai-optimize-37\"><em>Kun til USA: Denne enhed er ikke blevet godkendt i henhold til reglerne fra Federal Communications Commission. Denne enhed udbydes ikke og m\u00e5 ikke udbydes til salg eller leasing eller s\u00e6lges eller leases, f\u00f8r autorisation er opn\u00e5et. Godkendt til salg i lande, der har vedtaget forordning ECC\/DEC\/(22)02.  <\/em><\/p>\n<p class=\"ai-optimize-38\"><em><a href=\"https:\/\/www.dropbox.com\/s\/8343nj28z0d7bxa\/Prop%2065%20-%20BPA.pdf?dl=0\">ADVARSEL: PROP 65<\/a><\/em><\/p>\n<h3 class=\"ai-optimize-39\">Oversigt<\/h3>\n<p class=\"ai-optimize-40\">Designet til at im\u00f8dekomme behovene hos b\u00e5de fritidssejlere og det professionelle marinemarked og dets offshore-arbejdere, kan M200 monteres p\u00e5 en redningsvest og aktiveres automatisk ved oppustning af jakken. M200 byder p\u00e5 adskillige metoder til n\u00f8dvarsling og har dobbelte infrar\u00f8d-hvide stroboskoplys og sender via AIS, DSC og 121,5 MHz for at lette redningsindsatsen og derved maksimere redningshastigheden og effektiviteten. I overensstemmelse med AIS Klasse M-forordningen er M200 en Klasse M DSC (Digital Selective Calling) MOB -enhed, der inkorporerer et holdbart design med en formfaktor, der er passende mindre end andre sammenlignelige modeller.  <\/p>\n<p class=\"ai-optimize-41\">safeSEA M200 AIS bygger p\u00e5 den gennempr\u00f8vede kernearkitektur fra sin forg\u00e6nger og forbliver tro mod Ocean Signal kernedesignprincipper og opn\u00e5r en imponerende bedrift ved at samle yderligere funktioner i en endnu mere kompakt formfaktor. M200, der opfylder regulativet ECC\/DEC\/(22)02, ellers kendt som AIS Class M Regulation, inkluderer en DSC (Digital Selective Calling) modtager, som bruges til at forhindre MOB i at forts\u00e6tte med at sende DSC-meddelelser over DSC-kanalen, n\u00e5r et n\u00f8dsignal er blevet bekr\u00e6ftet. Inkluderingen af \u200b\u200bdobbelte infrar\u00f8de-hvide strobelys i kombination med n\u00f8dalarm via AIS, DSC og 121,5 MHz giver mulighed for maksimal detektion af n\u00f8dtjenester.  <\/p>\n<p class=\"ai-optimize-42\"><strong>Hvordan det virker<\/strong><\/p>\n<p class=\"ai-optimize-43\">Ved aktivering begynder safeSEA M200 AIS at sende 121,5 MHz homing-signalet, og derefter vil den f\u00f8rste individuelle n\u00f8d udsendes inden for 15 sekunder. M200 sender 8 AIS-meddelelser i minuttet, og n\u00e5r en GNSS-fix er opn\u00e5et, inkluderer hver sekvens af 8 AIS-meddelelser GNSS-koordinater for at advare redningsfolk om din pr\u00e6cise placering. M200 har ogs\u00e5 mulighed for at sende forskellige typer DSC-meddelelser*. Typen af \u200b\u200bDSC-meddelelse(r), der sendes (individuelt n\u00f8drel\u00e6opkald, gruppeopkald eller n\u00f8dalarm til alle skibe) er dikteret af specifikke regler efter land.   <\/p>\n<p class=\"ai-optimize-44\"><strong>App tilsluttet<\/strong><\/p>\n<p class=\"ai-optimize-45\">Med inkluderingen af \u200b\u200bNear Field Communication-teknologi (NFC) starter du automatisk Ocean Signal Product-appen, n\u00e5r du placerer din telefon i n\u00e6rheden af \u200b\u200bbeaconen, hvilket giver dig adgang til en r\u00e6kke brugsdata. Brugerspecifikke data, s\u00e5som et fart\u00f8js MMSI, kan indtastes i M200, samtidig med at vital information, s\u00e5som batterilevetid og selvtesthistorik, nemt kan vises. Brugen af \u200b\u200bNFC sikrer ogs\u00e5, at den interne batterilevetid er maksimeret af sikkerhedsm\u00e6ssige \u00e5rsager.  <\/p>\n<p class=\"ai-optimize-46\"><strong>Integration af redningsvest<\/strong><\/p>\n<p class=\"ai-optimize-47\">safeSEA M200 AIS kan aktiveres manuelt eller automatisk, n\u00e5r den er installeret i en oppustelig redningsvest, der automatisk puster sig op. Installationen er enkel ved at bruge den medf\u00f8lgende orale oppustningsslangeclips til at fastg\u00f8re M200 til redningsvesten i forbindelse med aktiveringstapen, der er forbundet rundt om bl\u00e6ren p\u00e5 redningsvesten**. N\u00e5r den f\u00f8rst er installeret korrekt, udl\u00f8ser handlingen af \u200b\u200bbl\u00e6ren i redningsvesten udl\u00f8sning af antennen og aktivering af beacon.  <\/p>\n<p class=\"ai-optimize-48\">* DSC-funktionalitet er underlagt landets regler.<\/p>\n<p class=\"ai-optimize-49\"><strong>** <i data-olk-copy-source=\"MailCompose\">Det anbefales at konsultere redningsvestproducenten inden installation, da specifikke modeller kan have deres egen foretrukne monteringsmetode eller integrationsanbefalinger.<\/i><\/strong><\/p>\n<p>&nbsp;<\/p>\n<p class=\"ai-optimize-50\"><strong>Funktioner og fordele ved Ocean Signal safeSEA M200 AIS:<\/strong><\/p>\n<ul>\n<li class=\"ai-optimize-51\">AIS (Automatic Identification System)<\/li>\n<li class=\"ai-optimize-52\">Klasse M-kompatibel (regulativ ECC\/DEC\/(22)02)<\/li>\n<li class=\"ai-optimize-53\">Integreret Tx og Rx DSC transceiver (Digital Selective Calling) *<\/li>\n<li class=\"ai-optimize-54\">LED&#8217;er bekr\u00e6fter modtagelsen af \u200b\u200bDSC-n\u00f8dsignal<\/li>\n<li class=\"ai-optimize-55\">20 % (type) mindre end konkurrenterne<\/li>\n<li class=\"ai-optimize-56\">GNSS via GPS og Galileo<\/li>\n<li class=\"ai-optimize-57\">Hurtig n\u00f8jagtig positionering<\/li>\n<li class=\"ai-optimize-58\">121,5 MHz Homing-signal<\/li>\n<li class=\"ai-optimize-59\">IR og hvide stroboskoplys<\/li>\n<li class=\"ai-optimize-60\">LED&#8217;er bekr\u00e6fter modtagelsen af \u200b\u200bDSC-n\u00f8dsignal<\/li>\n<li class=\"ai-optimize-61\">Automatisk aktivering<\/li>\n<li class=\"ai-optimize-62\">Enkel integration af redningsvest**<\/li>\n<li class=\"ai-optimize-63\">5 \u00e5rs batterilevetid<\/li>\n<li class=\"ai-optimize-64\">12+ timers driftslevetid<\/li>\n<li class=\"ai-optimize-65\">2 \u00e5rs garanti<\/li>\n<li class=\"ai-optimize-66\">Integreret n\u00e6rfeltskommunikation (NFC)<\/li>\n<li class=\"ai-optimize-67\">Smartphone-forbindelse via NFC<\/li>\n<li class=\"ai-optimize-68\">Ocean Signal Mobile App (IOS og Android)<\/li>\n<\/ul>\n<p>&nbsp;<\/p>\n<p class=\"ai-optimize-69\"><strong><em>Kompatibilitet:<\/em><\/strong><em>  De fleste moderne AIS-plottere og DSC VHF overholder de standarder, der kr\u00e6ves for at modtage MOB -transmissioner. Det anbefales dog, is\u00e6r hvis du bruger \u00e6ldre udstyr, at du kontrollerer kompatibiliteten hos udstyrsproducenten. <\/em><\/p>\n<p class=\"ai-optimize-70\">Vil du l\u00e6re om det seneste inden for klasse M-krav til AIS MOB ?  <a href=\"https:\/\/oceansignal.com\/da\/news\/forstaelse-af-virkningen-af-ais-klasse-m-regulering-pa-mober\/\">Klik her<\/a><\/p>\n<p>&nbsp;<\/p>\n","protected":false},"excerpt":{"rendered":"<div class=\"flex max-w-full flex-col flex-grow\">\n<div class=\"min-h-8 text-message relative flex w-full flex-col items-end gap-2 whitespace-normal break-words text-start [.text-message+&amp;]:mt-5\" dir=\"auto\" data-message-author-role=\"assistant\" data-message-id=\"933cc1c1-b547-4ddb-bf48-2e55b6592f46\" data-message-model-slug=\"gpt-4o\">\n<div class=\"flex w-full flex-col gap-1 empty:hidden first:pt-[3px]\">\n<div class=\"markdown prose w-full break-words dark:prose-invert light\">\n<ul data-start=\"81\" data-end=\"826\" data-is-last-node=\"\" data-is-only-node=\"\">\n<li class=\"\" data-start=\"81\" data-end=\"235\">\n<p class=\"\" data-start=\"83\" data-end=\"235\"><strong data-start=\"83\" data-end=\"112\">Avanceret AIS MOB alarm<\/strong> \u2013 Klasse M-kompatibel (ECC\/DEC\/(22)02) med AIS, DSC og 121,5 MHz n\u00f8dsignalering for maksimal synlighed for redningsfolk.<\/p>\n<\/li>\n<li class=\"\" data-start=\"236\" data-end=\"387\">\n<p class=\"\" data-start=\"238\" data-end=\"387\"><strong data-start=\"238\" data-end=\"275\">Hurtig og n\u00f8jagtig placeringssporing<\/strong> \u2013 Sender 8 AIS-meddelelser i minuttet med pr\u00e6cis GNSS-positionering (GPS &amp; Galileo) for hurtig n\u00f8dberedskab.<\/p>\n<\/li>\n<li class=\"\" data-start=\"388\" data-end=\"530\">\n<p class=\"\" data-start=\"390\" data-end=\"530\"><strong data-start=\"390\" data-end=\"417\">Integreret DSC-modtager<\/strong> \u2013 Stopper n\u00f8dalarmer, n\u00e5r de er blevet bekr\u00e6ftet, hvilket reducerer un\u00f8dvendige transmissioner og forbedrer s\u00f8geeffektiviteten.<\/p>\n<\/li>\n<li class=\"\" data-start=\"531\" data-end=\"678\">\n<p class=\"\" data-start=\"533\" data-end=\"678\"><strong data-start=\"533\" data-end=\"568\">S\u00f8ml\u00f8s redningsvest-integration<\/strong> \u2013 Automatisk eller manuel aktivering, n\u00e5r den er installeret i en oppustelig redningsvest, hvilket sikrer h\u00e5ndfri betjening.<\/p>\n<\/li>\n<li class=\"\" data-start=\"679\" data-end=\"826\">\n<p class=\"\" data-start=\"681\" data-end=\"826\"><strong data-start=\"681\" data-end=\"708\">Smartphone-tilslutning<\/strong> \u2013 NFC-aktiveret for nem adgang til batteristatus, selvtesthistorik og MMSI-ops\u00e6tning via Ocean Signal Mobile App.<\/p>\n<\/li>\n<li data-start=\"679\" data-end=\"826\">Engangsk\u00f8b uden m\u00e5nedligt abonnement<\/li>\n<\/ul>\n<\/div>\n<\/div>\n<\/div>\n<\/div>\n","protected":false},"featured_media":12396,"template":"","meta":{"_acf_changed":false,"om_disable_all_campaigns":false},"product_brand":[],"product_cat":[1979,1070,616,608],"product_tag":[],"class_list":{"0":"post-12821","1":"product","2":"type-product","3":"status-publish","4":"has-post-thumbnail","6":"product_cat-kompatibel-med-redningsveste","7":"product_cat-mand-over-bord","8":"product_cat-ais-da","9":"product_cat-safesea-da","11":"first","12":"instock","13":"taxable","14":"shipping-taxable","15":"purchasable","16":"product-type-simple"},"acf":[],"yoast_head":"<!-- This site is optimized with the Yoast SEO Premium plugin v25.2 (Yoast SEO v26.4) - https:\/\/yoast.com\/wordpress\/plugins\/seo\/ -->\n<title>safeSEA M200 - Ocean Signal<\/title>\n<meta name=\"description\" content=\"Ocean Signal safeSEA M200 AIS Man Overboard Beacon maksimerer chancerne for redning med sine 3 metoder til n\u00f8dtransmission - AIS, DSC og 121,5 MHz\" \/>\n<meta name=\"robots\" content=\"index, follow, max-snippet:-1, max-image-preview:large, max-video-preview:-1\" \/>\n<link rel=\"canonical\" href=\"https:\/\/oceansignal.com\/da\/products\/safesea-m200\/\" \/>\n<meta property=\"og:locale\" content=\"da_DK\" \/>\n<meta property=\"og:type\" content=\"article\" \/>\n<meta property=\"og:title\" content=\"safeSEA M200\" \/>\n<meta property=\"og:description\" content=\"Ocean Signal safeSEA M200 AIS Man Overboard Beacon maksimerer chancerne for redning med sine 3 metoder til n\u00f8dtransmission - AIS, DSC og 121,5 MHz\" \/>\n<meta property=\"og:url\" content=\"https:\/\/oceansignal.com\/da\/products\/safesea-m200\/\" \/>\n<meta property=\"og:site_name\" content=\"Ocean Signal\" \/>\n<meta property=\"article:modified_time\" content=\"2026-02-17T15:46:10+00:00\" \/>\n<meta property=\"og:image\" content=\"https:\/\/oceansignal.com\/wp-content\/uploads\/2024\/11\/M200-Front.png\" \/>\n\t<meta property=\"og:image:width\" content=\"800\" \/>\n\t<meta property=\"og:image:height\" content=\"800\" \/>\n\t<meta property=\"og:image:type\" content=\"image\/png\" \/>\n<meta name=\"twitter:card\" content=\"summary_large_image\" \/>\n<meta name=\"twitter:label1\" content=\"Estimeret l\u00e6setid\" \/>\n\t<meta name=\"twitter:data1\" content=\"3 minutter\" \/>\n<script type=\"application\/ld+json\" class=\"yoast-schema-graph\">{\"@context\":\"https:\/\/schema.org\",\"@graph\":[{\"@type\":\"WebPage\",\"@id\":\"https:\/\/oceansignal.com\/da\/products\/safesea-m200\/\",\"url\":\"https:\/\/oceansignal.com\/da\/products\/safesea-m200\/\",\"name\":\"safeSEA M200 - Ocean Signal\",\"isPartOf\":{\"@id\":\"https:\/\/oceansignal.com\/da\/#website\"},\"primaryImageOfPage\":{\"@id\":\"https:\/\/oceansignal.com\/da\/products\/safesea-m200\/#primaryimage\"},\"image\":{\"@id\":\"https:\/\/oceansignal.com\/da\/products\/safesea-m200\/#primaryimage\"},\"thumbnailUrl\":\"https:\/\/oceansignal.com\/wp-content\/uploads\/2024\/11\/M200-Front.png\",\"datePublished\":\"2024-11-12T19:50:16+00:00\",\"dateModified\":\"2026-02-17T15:46:10+00:00\",\"description\":\"Ocean Signal safeSEA M200 AIS Man Overboard Beacon maksimerer chancerne for redning med sine 3 metoder til n\u00f8dtransmission - AIS, DSC og 121,5 MHz\",\"breadcrumb\":{\"@id\":\"https:\/\/oceansignal.com\/da\/products\/safesea-m200\/#breadcrumb\"},\"inLanguage\":\"da-DK\",\"potentialAction\":[{\"@type\":\"ReadAction\",\"target\":[\"https:\/\/oceansignal.com\/da\/products\/safesea-m200\/\"]}]},{\"@type\":\"ImageObject\",\"inLanguage\":\"da-DK\",\"@id\":\"https:\/\/oceansignal.com\/da\/products\/safesea-m200\/#primaryimage\",\"url\":\"https:\/\/oceansignal.com\/wp-content\/uploads\/2024\/11\/M200-Front.png\",\"contentUrl\":\"https:\/\/oceansignal.com\/wp-content\/uploads\/2024\/11\/M200-Front.png\",\"width\":800,\"height\":800},{\"@type\":\"BreadcrumbList\",\"@id\":\"https:\/\/oceansignal.com\/da\/products\/safesea-m200\/#breadcrumb\",\"itemListElement\":[{\"@type\":\"ListItem\",\"position\":1,\"name\":\"Shop\",\"item\":\"https:\/\/oceansignal.com\/da\/shop\/\"},{\"@type\":\"ListItem\",\"position\":2,\"name\":\"safeSEA M200\"}]},{\"@type\":\"WebSite\",\"@id\":\"https:\/\/oceansignal.com\/da\/#website\",\"url\":\"https:\/\/oceansignal.com\/da\/\",\"name\":\"Ocean Signal\",\"description\":\"A leading manufacturer of EPIRBs, AIS, SARTs, Personal Locator Beacons, Man Overboard Beacon for the Marine and Outdoor Markets.\",\"potentialAction\":[{\"@type\":\"SearchAction\",\"target\":{\"@type\":\"EntryPoint\",\"urlTemplate\":\"https:\/\/oceansignal.com\/da\/?s={search_term_string}\"},\"query-input\":{\"@type\":\"PropertyValueSpecification\",\"valueRequired\":true,\"valueName\":\"search_term_string\"}}],\"inLanguage\":\"da-DK\"}]}<\/script>\n<!-- \/ Yoast SEO Premium plugin. -->","yoast_head_json":{"title":"safeSEA M200 - Ocean Signal","description":"Ocean Signal safeSEA M200 AIS Man Overboard Beacon maksimerer chancerne for redning med sine 3 metoder til n\u00f8dtransmission - AIS, DSC og 121,5 MHz","robots":{"index":"index","follow":"follow","max-snippet":"max-snippet:-1","max-image-preview":"max-image-preview:large","max-video-preview":"max-video-preview:-1"},"canonical":"https:\/\/oceansignal.com\/da\/products\/safesea-m200\/","og_locale":"da_DK","og_type":"article","og_title":"safeSEA M200","og_description":"Ocean Signal safeSEA M200 AIS Man Overboard Beacon maksimerer chancerne for redning med sine 3 metoder til n\u00f8dtransmission - AIS, DSC og 121,5 MHz","og_url":"https:\/\/oceansignal.com\/da\/products\/safesea-m200\/","og_site_name":"Ocean Signal","article_modified_time":"2026-02-17T15:46:10+00:00","og_image":[{"width":800,"height":800,"url":"https:\/\/oceansignal.com\/wp-content\/uploads\/2024\/11\/M200-Front.png","type":"image\/png"}],"twitter_card":"summary_large_image","twitter_misc":{"Estimeret l\u00e6setid":"3 minutter"},"schema":{"@context":"https:\/\/schema.org","@graph":[{"@type":"WebPage","@id":"https:\/\/oceansignal.com\/da\/products\/safesea-m200\/","url":"https:\/\/oceansignal.com\/da\/products\/safesea-m200\/","name":"safeSEA M200 - Ocean Signal","isPartOf":{"@id":"https:\/\/oceansignal.com\/da\/#website"},"primaryImageOfPage":{"@id":"https:\/\/oceansignal.com\/da\/products\/safesea-m200\/#primaryimage"},"image":{"@id":"https:\/\/oceansignal.com\/da\/products\/safesea-m200\/#primaryimage"},"thumbnailUrl":"https:\/\/oceansignal.com\/wp-content\/uploads\/2024\/11\/M200-Front.png","datePublished":"2024-11-12T19:50:16+00:00","dateModified":"2026-02-17T15:46:10+00:00","description":"Ocean Signal safeSEA M200 AIS Man Overboard Beacon maksimerer chancerne for redning med sine 3 metoder til n\u00f8dtransmission - AIS, DSC og 121,5 MHz","breadcrumb":{"@id":"https:\/\/oceansignal.com\/da\/products\/safesea-m200\/#breadcrumb"},"inLanguage":"da-DK","potentialAction":[{"@type":"ReadAction","target":["https:\/\/oceansignal.com\/da\/products\/safesea-m200\/"]}]},{"@type":"ImageObject","inLanguage":"da-DK","@id":"https:\/\/oceansignal.com\/da\/products\/safesea-m200\/#primaryimage","url":"https:\/\/oceansignal.com\/wp-content\/uploads\/2024\/11\/M200-Front.png","contentUrl":"https:\/\/oceansignal.com\/wp-content\/uploads\/2024\/11\/M200-Front.png","width":800,"height":800},{"@type":"BreadcrumbList","@id":"https:\/\/oceansignal.com\/da\/products\/safesea-m200\/#breadcrumb","itemListElement":[{"@type":"ListItem","position":1,"name":"Shop","item":"https:\/\/oceansignal.com\/da\/shop\/"},{"@type":"ListItem","position":2,"name":"safeSEA M200"}]},{"@type":"WebSite","@id":"https:\/\/oceansignal.com\/da\/#website","url":"https:\/\/oceansignal.com\/da\/","name":"Ocean Signal","description":"A leading manufacturer of EPIRBs, AIS, SARTs, Personal Locator Beacons, Man Overboard Beacon for the Marine and Outdoor Markets.","potentialAction":[{"@type":"SearchAction","target":{"@type":"EntryPoint","urlTemplate":"https:\/\/oceansignal.com\/da\/?s={search_term_string}"},"query-input":{"@type":"PropertyValueSpecification","valueRequired":true,"valueName":"search_term_string"}}],"inLanguage":"da-DK"}]}},"_links":{"self":[{"href":"https:\/\/oceansignal.com\/da\/wp-json\/wp\/v2\/product\/12821","targetHints":{"allow":["GET"]}}],"collection":[{"href":"https:\/\/oceansignal.com\/da\/wp-json\/wp\/v2\/product"}],"about":[{"href":"https:\/\/oceansignal.com\/da\/wp-json\/wp\/v2\/types\/product"}],"wp:featuredmedia":[{"embeddable":true,"href":"https:\/\/oceansignal.com\/da\/wp-json\/wp\/v2\/media\/12396"}],"wp:attachment":[{"href":"https:\/\/oceansignal.com\/da\/wp-json\/wp\/v2\/media?parent=12821"}],"wp:term":[{"taxonomy":"product_brand","embeddable":true,"href":"https:\/\/oceansignal.com\/da\/wp-json\/wp\/v2\/product_brand?post=12821"},{"taxonomy":"product_cat","embeddable":true,"href":"https:\/\/oceansignal.com\/da\/wp-json\/wp\/v2\/product_cat?post=12821"},{"taxonomy":"product_tag","embeddable":true,"href":"https:\/\/oceansignal.com\/da\/wp-json\/wp\/v2\/product_tag?post=12821"}],"curies":[{"name":"wp","href":"https:\/\/api.w.org\/{rel}","templated":true}]}}