{"id":12823,"date":"2024-10-30T20:20:15","date_gmt":"2024-10-30T20:20:15","guid":{"rendered":"https:\/\/oceansignal.com\/products\/rescueme-edf2-flare\/"},"modified":"2025-11-24T16:35:05","modified_gmt":"2025-11-24T16:35:05","slug":"rescueme-edf2-flare","status":"publish","type":"product","link":"https:\/\/oceansignal.com\/da\/products\/rescueme-edf2-flare\/","title":{"rendered":"rescueME EDF2 Flare"},"content":{"rendered":"<p><img loading=\"lazy\" decoding=\"async\" class=\"alignnone wp-image-26922 size-full\" src=\"https:\/\/oceansignal.com\/wp-content\/uploads\/2024\/10\/OSL-EDF2-Features-Group-001.jpeg\" alt=\"EDF2 Electronic Distress Flare IR LED STROBE, batteri, der kan udskiftes af brugeren, 360 graders synlighed\" width=\"550\" height=\"310\" srcset=\"https:\/\/oceansignal.com\/wp-content\/uploads\/2024\/10\/OSL-EDF2-Features-Group-001.jpeg 550w, https:\/\/oceansignal.com\/wp-content\/uploads\/2024\/10\/OSL-EDF2-Features-Group-001-300x169.jpeg 300w, https:\/\/oceansignal.com\/wp-content\/uploads\/2024\/10\/OSL-EDF2-Features-Group-001-60x34.jpeg 60w, https:\/\/oceansignal.com\/wp-content\/uploads\/2024\/10\/OSL-EDF2-Features-Group-001-110x62.jpeg 110w\" sizes=\"auto, (max-width: 550px) 100vw, 550px\" \/><\/p>\n<p><img loading=\"lazy\" decoding=\"async\" class=\"alignnone wp-image-26938 size-full\" src=\"https:\/\/oceansignal.com\/wp-content\/uploads\/2024\/10\/OSL-EDF2-Features-Group-002.jpeg\" alt=\"EDF2 Familiesafe\" width=\"550\" height=\"310\" srcset=\"https:\/\/oceansignal.com\/wp-content\/uploads\/2024\/10\/OSL-EDF2-Features-Group-002.jpeg 550w, https:\/\/oceansignal.com\/wp-content\/uploads\/2024\/10\/OSL-EDF2-Features-Group-002-300x169.jpeg 300w, https:\/\/oceansignal.com\/wp-content\/uploads\/2024\/10\/OSL-EDF2-Features-Group-002-60x34.jpeg 60w, https:\/\/oceansignal.com\/wp-content\/uploads\/2024\/10\/OSL-EDF2-Features-Group-002-110x62.jpeg 110w\" sizes=\"auto, (max-width: 550px) 100vw, 550px\" \/><\/p>\n<p><img loading=\"lazy\" decoding=\"async\" class=\"alignnone wp-image-26954 size-full\" src=\"https:\/\/oceansignal.com\/wp-content\/uploads\/2024\/10\/OSL-EDF2-Features-Group-003.jpeg\" alt=\"EDF2 Indbygget h\u00f8jintensitets LED med opdrift\" width=\"550\" height=\"310\" srcset=\"https:\/\/oceansignal.com\/wp-content\/uploads\/2024\/10\/OSL-EDF2-Features-Group-003.jpeg 550w, https:\/\/oceansignal.com\/wp-content\/uploads\/2024\/10\/OSL-EDF2-Features-Group-003-300x169.jpeg 300w, https:\/\/oceansignal.com\/wp-content\/uploads\/2024\/10\/OSL-EDF2-Features-Group-003-60x34.jpeg 60w, https:\/\/oceansignal.com\/wp-content\/uploads\/2024\/10\/OSL-EDF2-Features-Group-003-110x62.jpeg 110w\" sizes=\"auto, (max-width: 550px) 100vw, 550px\" \/><\/p>\n<p><strong>Oversigt:<\/strong><\/p>\n<p>Som det n\u00e6ste fremskridt inden for elektronisk n\u00f8dblus introducerer EDF2 Electronic Boat Flare banebrydende SOS n\u00f8dsignalteknologi. Ved at bruge r\u00f8d-orange og cyan LED&#8217;er kombineret med en infrar\u00f8d (IR) komponent, tilbyder EDF2 en betydelig driftslevetid (br\u00e6ndetid), mens den ogs\u00e5 forbedrer synlighedsniveauet betydeligt. <\/p>\n<p>S\u00e6lges med det medf\u00f8lgende n\u00f8dflag i dagtimerne, EDF2 og det medf\u00f8lgende flag er certificeret til at opfylde de g\u00e6ldende US Coast Guard-krav, hvilket g\u00f8r det muligt at b\u00e6re dem i stedet for traditionelle pyrotekniske flammer i USA<\/p>\n<p><strong>Beskrivelse:<\/strong><\/p>\n<p>I overensstemmelse med kravene i RTCM 13200.00 er den flydende EDF2 elektroniske b\u00e5dblus klassificeret som en elektronisk visuel n\u00f8dsignalenhed (eVDSD) og bruger flerfarvet SOS n\u00f8dsignalering til at producere st\u00f8rre lysstyrke med v\u00e6sentligt bedre lysfordeling. Brugen af \u200b\u200br\u00f8d-orange og cyan LED&#8217;er giver mulighed for forbedret synlighed p\u00e5 vandet, mens tilf\u00f8jelsen af \u200b\u200ben infrar\u00f8d (IR) komponent f\u00f8rer til endnu st\u00f8rre synlighed, n\u00e5r Night Vision-udstyr er i brug af Search and Rescue. <\/p>\n<p>EDF2 letter redning ved at udsende flashkarakteristikken for den internationale morsekode for SOS, hvor det f\u00f8rste &#8220;S&#8221; er repr\u00e6senteret af tre r\u00f8d-orange LED-blink, efterfulgt af &#8220;O&#8221;, som er repr\u00e6senteret af tre cyan LED-blink, og det sidste &#8220;S&#8221;, som er repr\u00e6senteret af yderligere tre r\u00f8d-orange LED-blink. Samtidig med de synlige r\u00f8d-orange og cyan blinkende LED&#8217;er, blinker IR-komponenten det samme SOS-m\u00f8nster, der er optimeret til synlighed via Night Vision Goggles (NVG). M\u00e5ske mest imponerende, selv med det omfattende antal synlige og IR-glimt, der forekommer, det h\u00f8je niveau af produceret lysintensitet og det betydelige lysfordelingsomr\u00e5de (Lysvinkel \u2265 180\u00b0), der opn\u00e5s, opn\u00e5r EDF2 stadig en imponerende driftslevetid p\u00e5 mindst tre timer (overstiger RTCM-kravene med 50%).  <\/p>\n<p><strong>BEM\u00c6RK: F\u00f8r du installerer batterier, skal du bruge den vedh\u00e6ftede snor (findes under velcroen), og binde den \u00f8verste del til det fastg\u00f8relsespunkt, der findes i bunden af \u200b\u200bbatterirummet.<\/strong><\/p>\n<h4>Hvad er inkluderet<\/h4>\n<p>EDF2 elektroniske b\u00e5dblus, der ogs\u00e5 opfylder kravene i <a href=\"https:\/\/www.ecfr.gov\/current\/title-46\/chapter-I\/subchapter-Q\/part-161\/subpart-161.013?toc=1\">46 CFR 161.013<\/a> , er klassificeret som et godkendt natligt visuelt n\u00f8dsignal. Da et n\u00f8dflag, der opfylder kravene i <a href=\"https:\/\/www.ecfr.gov\/current\/title-46\/chapter-I\/subchapter-Q\/part-160\/subpart-160.072\">46 CFR 160.072<\/a> , er inkluderet i pakken med hver EDF2, f\u00e5r brugerne ogs\u00e5 et godkendt visuelt n\u00f8dsignal om dagen (kravet om medbringelse af godkendte visuelle n\u00f8dsignaler om dagen og om natten findes i 33 CFR del 175). Det medf\u00f8lgende n\u00f8dflag giver adskillige muligheder for signalering i dagslys. Flaget kan hejses p\u00e5 masten eller til det h\u00f8jest mulige punkt. Den kan ogs\u00e5 vises i h\u00e5nden, bindes til og derefter viftes p\u00e5 genstande som en b\u00e5dkrog, pagaj eller fiskestang, eller den kan l\u00e6gges fladt p\u00e5 d\u00e6kket for at tiltr\u00e6kke fly. Flaget b\u00f8r kun bruges som et dagsignal, og n\u00e5r det vises korrekt, skal den sorte firkant v\u00e6re over den sorte cirkel.<\/p>\n<p>Ud over n\u00f8dflaget er der ogs\u00e5 inkluderet et beslag og den tilsvarende monteringshardware, der giver brugerne mulighed for bekvemt at montere produktet p\u00e5 fart\u00f8jet, s\u00e5 EDF2 altid er tilg\u00e6ngelig, n\u00e5r det er n\u00f8dvendigt. En 1 meter snor kan ogs\u00e5 findes skjult under den sorte velcro-strop rundt om midten af \u200b\u200bproduktet. Denne snor kan bruges til at fastg\u00f8re EDF2 til en person eller redningsfl\u00e5de i en n\u00f8dsituation.  <\/p>\n<h4>Befordringskrav<\/h4>\n<p>I USA* giver transport af EDF2-b\u00e5dafbr\u00e6nding og n\u00f8dflag mulighed for at sejlere kan give afkald p\u00e5 kravet om traditionelle pyrotekniske blus, n\u00e5r de er p\u00e5 fritidsfart\u00f8jer p\u00e5 op til 65&#8242; l\u00e6ngde, sejler p\u00e5 De Store S\u00f8er, inden for 12 miles fra amerikansk farvand eller p\u00e5 et hvilket som helst vandomr\u00e5de med en passage til havet p\u00e5 mindst to miles bred. Fart\u00f8jer mindre end 16&#8242; er ikke forpligtet til at b\u00e6re et dagsvisuelt n\u00f8dsignal, men skal stadig b\u00e6re et nattevisuelt n\u00f8dsignal, hvilket g\u00f8r EDF2 til et mere end levedygtigt alternativ til pyrotekniske n\u00f8dblus ogs\u00e5 for fart\u00f8jer af denne st\u00f8rrelse. Bem\u00e6rk: I Canada kan EDF2 medbringes p\u00e5 lystfart\u00f8jer i stedet for pyrotekniske blus (Policy TP 13585 E), hvis den b\u00e6res med et godkendt r\u00f8gsignal (til alarmering i dagtimerne).  <\/p>\n<p>Med ensartet lysfordeling over et betydeligt omr\u00e5de** og en br\u00e6ndetid, der er 15 gange l\u00e6ngere end de gennemsnitlige pyrotekniske flammer***, er EDF2 klart det &#8220;lyseste&#8221; valg, man kan tr\u00e6ffe.<\/p>\n<p>&nbsp;<\/p>\n<p>*For godkendelser i andre lande, se kravene fra den relevante nationale myndighed til reference<\/p>\n<p>deres specifikke accept af et eVDSD m\u00f8de RTCM 13200.00<\/p>\n<p>**Lysvinkel \u2265 180\u00b0<\/p>\n<p>***Baseret p\u00e5 transport af 4 pyrotekniske blus med en gennemsnitlig br\u00e6ndetid p\u00e5 3 minutter hver<\/p>\n<p>&nbsp;<\/p>\n<h4><strong>Funktioner og fordele:<\/strong><\/h4>\n<ul>\n<li>Opfylder RTCM Standard 13200.0 til eVDSD&#8217;er<\/li>\n<li>EDF2 elektronisk b\u00e5dblus og inkluderet n\u00f8dflag, n\u00e5r de b\u00e6res sammen, kvalificerer sig som en erstatning for transport af USCG pyrotekniske blus (kun USA)<\/li>\n<li>Kraftig lys i alle retninger (360\u00b0 synlighed og lysvinkel \u2265 180\u00b0)<\/li>\n<li>Retter sig automatisk og flyder, n\u00e5r du er i vandet (ingen opdrifts-\/flydering n\u00f8dvendig)<\/li>\n<li>Synlig over 8 miles<\/li>\n<li>Brugerudskiftelige 123 lithiumbatterier (x8 &#8211; ikke inkluderet)<\/li>\n<li>Maksimal lysintensitet&gt; 170 cd<\/li>\n<li>Gennemsnitlig effektiv lysintensitet p\u00e5 50 cd<\/li>\n<li>Driftstid p\u00e5 3 timer (ved minimum 50 cd gennemsnitlig effektiv lysintensitet) overstiger RTCM-kravene med 50 %<\/li>\n<li>Holdbart design: Testet i henhold til g\u00e6ldende milj\u00f8pr\u00e6stationsstandarder relateret til t\u00f8r varme, fugtig varme, lav temperatur, termisk st\u00f8d, fald, vibrationer, solstr\u00e5ling, regn og spray, korrosion og EMC (i henhold til IEC 60945)<\/li>\n<li>Vandt\u00e6t (IP67)<\/li>\n<li>Certificeret under USCG 161.013 som et Nighttime Visual Distress Signal<\/li>\n<li>Inkluderer n\u00f8dflag (certificeret i henhold til USCG 160.072 som Daytime Visual Distress Signal), monteringsbeslag og 1 m lanyard (skjult under velcro-strop)<\/li>\n<\/ul>\n<p>&nbsp;<\/p>\n<h4><strong>Fordele ved<\/strong> <strong>EDF2 Electronic Boat Flare<\/strong> <strong>vs. Traditionelle Pyrotekniske Flares:<\/strong><\/h4>\n<ul>\n<li>Ingen udl\u00f8bsdato<\/li>\n<li>Familie sikker (ingen br\u00e6ndende flamme)<\/li>\n<li>Nem at betjene (s\u00e5 selv dine b\u00f8rn og f\u00f8rstegangssejlere kan betjene den i tilf\u00e6lde af en n\u00f8dsituation)<\/li>\n<li>Ingen problemer med de eksisterende strenge obligatoriske bortskaffelseskrav for pyrotekniske blus (lovligt betragtet som farlige materialer)<\/li>\n<li>Vandt\u00e6t og flydende<\/li>\n<li>Engangsk\u00f8b (mindre omkostninger i l\u00f8bet af produktets levetid)<\/li>\n<li>2 forskellige metoder til n\u00f8dsignalering i \u00e9t produkt \u2013 Flerfarvet LED-strobe og infrar\u00f8d LED-strobe<\/li>\n<li>Evne til at forl\u00e6nge produktets levetid i en n\u00f8dsituation ved at udskifte batterier<\/li>\n<\/ul>\n<p>&nbsp;<\/p>\n<p>Se vores blog om <a href=\"https:\/\/oceansignal.com\/news\/strategies-for-a-safer-boating-season\/\">strategier for en sikrere sejladss\u00e6son<\/a> for at f\u00e5 oplysninger om yderligere v\u00e6sentlige maritime sikkerhedsprodukter, der forst\u00e6rker din transport af EDF2.<\/p>\n","protected":false},"excerpt":{"rendered":"<p>EDF2: Det ultimative alternativ til traditionelle pyrotekniske blus<\/p>\n<ul>\n<li>Langtidsholdbar og omkostningseffektiv \u2013 Ingen udl\u00f8bsdato, engangsk\u00f8b og brugerudskiftelige lithiumbatterier forl\u00e6nger levetiden i n\u00f8dstilf\u00e6lde<\/li>\n<li>Sikker og nem at bruge \u2013 Ingen flammer, familievenlig og enkel betjening for alle brugere, inklusive b\u00f8rn og f\u00f8rstegangssejlere.<\/li>\n<li>Overlegen synlighed \u2013 Klart 360\u00b0 lys, synligt over 8 miles og overstiger RTCM&#8217;s driftslevetid med 50 %.<\/li>\n<li>Vandt\u00e6t og flydende \u2013 Retter sig automatisk og flyder uden en flydering.<\/li>\n<li>Holdbart design: Testet i henhold til g\u00e6ldende milj\u00f8pr\u00e6stationsstandarder relateret til t\u00f8r varme, fugtig varme, lav temperatur, termisk st\u00f8d, fald, vibrationer, solstr\u00e5ling, regn og spray, korrosion og EMC (i henhold til IEC 60945)<\/li>\n<\/ul>\n<p><a href=\"https:\/\/www.dropbox.com\/s\/0ezw0kexbm120vv\/Prop%2065%20-%20Lead%20and%20Lead%20Compounds.pdf?dl=0\">ADVARSEL: PROP 65<\/a><\/p>\n","protected":false},"featured_media":38627,"template":"","meta":{"_acf_changed":false,"om_disable_all_campaigns":false},"product_brand":[],"product_cat":[1197,603],"product_tag":[1242,1199,1243],"class_list":{"0":"post-12823","1":"product","2":"type-product","3":"status-publish","4":"has-post-thumbnail","6":"product_cat-elektronisk-signalering-og-flare-da","7":"product_cat-rescueme-da","8":"product_tag-edf2-da","9":"product_tag-elektronisk-flare-da","10":"product_tag-signalerende-beacon","12":"first","13":"instock","14":"taxable","15":"shipping-taxable","16":"purchasable","17":"product-type-simple"},"acf":[],"yoast_head":"<!-- This site is optimized with the Yoast SEO Premium plugin v25.2 (Yoast SEO v26.4) - https:\/\/yoast.com\/wordpress\/plugins\/seo\/ -->\n<title>rescueME EDF2 Flare - EDF2 Ocean Signal Boat Flare USCG RTCM Godkendt | Ocean Signal<\/title>\n<meta name=\"description\" content=\"Hold dig sikker med Ocean Signal EDF2 elektroniske b\u00e5dblus, en kraftig elektronisk n\u00f8dblus designet til optimal synlighed og p\u00e5lidelighed i n\u00f8dsituationer. Kompakt og holdbar, EDF2 er det perfekte valg for sejlere, der s\u00f8ger et sikrere, milj\u00f8venligt alternativ til traditionelle fakler.\" \/>\n<meta name=\"robots\" content=\"index, follow, max-snippet:-1, max-image-preview:large, max-video-preview:-1\" \/>\n<link rel=\"canonical\" href=\"https:\/\/oceansignal.com\/da\/products\/rescueme-edf2-flare\/\" \/>\n<meta property=\"og:locale\" content=\"da_DK\" \/>\n<meta property=\"og:type\" content=\"article\" \/>\n<meta property=\"og:title\" content=\"rescueME EDF2 Flare\" \/>\n<meta property=\"og:description\" content=\"Hold dig sikker med Ocean Signal EDF2 elektroniske b\u00e5dblus, en kraftig elektronisk n\u00f8dblus designet til optimal synlighed og p\u00e5lidelighed i n\u00f8dsituationer. Kompakt og holdbar, EDF2 er det perfekte valg for sejlere, der s\u00f8ger et sikrere, milj\u00f8venligt alternativ til traditionelle fakler.\" \/>\n<meta property=\"og:url\" content=\"https:\/\/oceansignal.com\/da\/products\/rescueme-edf2-flare\/\" \/>\n<meta property=\"og:site_name\" content=\"Ocean Signal\" \/>\n<meta property=\"article:modified_time\" content=\"2025-11-24T16:35:05+00:00\" \/>\n<meta property=\"og:image\" content=\"https:\/\/oceansignal.com\/wp-content\/uploads\/2025\/06\/EDF2-FRONT-e1752085297427.png\" \/>\n\t<meta property=\"og:image:width\" content=\"782\" \/>\n\t<meta property=\"og:image:height\" content=\"782\" \/>\n\t<meta property=\"og:image:type\" content=\"image\/png\" \/>\n<meta name=\"twitter:card\" content=\"summary_large_image\" \/>\n<meta name=\"twitter:label1\" content=\"Estimeret l\u00e6setid\" \/>\n\t<meta name=\"twitter:data1\" content=\"5 minutter\" \/>\n<script type=\"application\/ld+json\" class=\"yoast-schema-graph\">{\"@context\":\"https:\/\/schema.org\",\"@graph\":[{\"@type\":\"WebPage\",\"@id\":\"https:\/\/oceansignal.com\/da\/products\/rescueme-edf2-flare\/\",\"url\":\"https:\/\/oceansignal.com\/da\/products\/rescueme-edf2-flare\/\",\"name\":\"rescueME EDF2 Flare - EDF2 Ocean Signal Boat Flare USCG RTCM Godkendt | Ocean Signal\",\"isPartOf\":{\"@id\":\"https:\/\/oceansignal.com\/da\/#website\"},\"primaryImageOfPage\":{\"@id\":\"https:\/\/oceansignal.com\/da\/products\/rescueme-edf2-flare\/#primaryimage\"},\"image\":{\"@id\":\"https:\/\/oceansignal.com\/da\/products\/rescueme-edf2-flare\/#primaryimage\"},\"thumbnailUrl\":\"https:\/\/oceansignal.com\/wp-content\/uploads\/2024\/10\/EDF2-FRONT_2025.png\",\"datePublished\":\"2024-10-30T20:20:15+00:00\",\"dateModified\":\"2025-11-24T16:35:05+00:00\",\"description\":\"Hold dig sikker med Ocean Signal EDF2 elektroniske b\u00e5dblus, en kraftig elektronisk n\u00f8dblus designet til optimal synlighed og p\u00e5lidelighed i n\u00f8dsituationer. Kompakt og holdbar, EDF2 er det perfekte valg for sejlere, der s\u00f8ger et sikrere, milj\u00f8venligt alternativ til traditionelle fakler.\",\"breadcrumb\":{\"@id\":\"https:\/\/oceansignal.com\/da\/products\/rescueme-edf2-flare\/#breadcrumb\"},\"inLanguage\":\"da-DK\",\"potentialAction\":[{\"@type\":\"ReadAction\",\"target\":[\"https:\/\/oceansignal.com\/da\/products\/rescueme-edf2-flare\/\"]}]},{\"@type\":\"ImageObject\",\"inLanguage\":\"da-DK\",\"@id\":\"https:\/\/oceansignal.com\/da\/products\/rescueme-edf2-flare\/#primaryimage\",\"url\":\"https:\/\/oceansignal.com\/wp-content\/uploads\/2024\/10\/EDF2-FRONT_2025.png\",\"contentUrl\":\"https:\/\/oceansignal.com\/wp-content\/uploads\/2024\/10\/EDF2-FRONT_2025.png\",\"width\":1000,\"height\":1000},{\"@type\":\"BreadcrumbList\",\"@id\":\"https:\/\/oceansignal.com\/da\/products\/rescueme-edf2-flare\/#breadcrumb\",\"itemListElement\":[{\"@type\":\"ListItem\",\"position\":1,\"name\":\"Shop\",\"item\":\"https:\/\/oceansignal.com\/da\/shop\/\"},{\"@type\":\"ListItem\",\"position\":2,\"name\":\"rescueME EDF2 Flare\"}]},{\"@type\":\"WebSite\",\"@id\":\"https:\/\/oceansignal.com\/da\/#website\",\"url\":\"https:\/\/oceansignal.com\/da\/\",\"name\":\"Ocean Signal\",\"description\":\"A leading manufacturer of EPIRBs, AIS, SARTs, Personal Locator Beacons, Man Overboard Beacon for the Marine and Outdoor Markets.\",\"potentialAction\":[{\"@type\":\"SearchAction\",\"target\":{\"@type\":\"EntryPoint\",\"urlTemplate\":\"https:\/\/oceansignal.com\/da\/?s={search_term_string}\"},\"query-input\":{\"@type\":\"PropertyValueSpecification\",\"valueRequired\":true,\"valueName\":\"search_term_string\"}}],\"inLanguage\":\"da-DK\"}]}<\/script>\n<!-- \/ Yoast SEO Premium plugin. -->","yoast_head_json":{"title":"rescueME EDF2 Flare - EDF2 Ocean Signal Boat Flare USCG RTCM Godkendt | Ocean Signal","description":"Hold dig sikker med Ocean Signal EDF2 elektroniske b\u00e5dblus, en kraftig elektronisk n\u00f8dblus designet til optimal synlighed og p\u00e5lidelighed i n\u00f8dsituationer. Kompakt og holdbar, EDF2 er det perfekte valg for sejlere, der s\u00f8ger et sikrere, milj\u00f8venligt alternativ til traditionelle fakler.","robots":{"index":"index","follow":"follow","max-snippet":"max-snippet:-1","max-image-preview":"max-image-preview:large","max-video-preview":"max-video-preview:-1"},"canonical":"https:\/\/oceansignal.com\/da\/products\/rescueme-edf2-flare\/","og_locale":"da_DK","og_type":"article","og_title":"rescueME EDF2 Flare","og_description":"Hold dig sikker med Ocean Signal EDF2 elektroniske b\u00e5dblus, en kraftig elektronisk n\u00f8dblus designet til optimal synlighed og p\u00e5lidelighed i n\u00f8dsituationer. Kompakt og holdbar, EDF2 er det perfekte valg for sejlere, der s\u00f8ger et sikrere, milj\u00f8venligt alternativ til traditionelle fakler.","og_url":"https:\/\/oceansignal.com\/da\/products\/rescueme-edf2-flare\/","og_site_name":"Ocean Signal","article_modified_time":"2025-11-24T16:35:05+00:00","og_image":[{"width":782,"height":782,"url":"https:\/\/oceansignal.com\/wp-content\/uploads\/2025\/06\/EDF2-FRONT-e1752085297427.png","type":"image\/png"}],"twitter_card":"summary_large_image","twitter_misc":{"Estimeret l\u00e6setid":"5 minutter"},"schema":{"@context":"https:\/\/schema.org","@graph":[{"@type":"WebPage","@id":"https:\/\/oceansignal.com\/da\/products\/rescueme-edf2-flare\/","url":"https:\/\/oceansignal.com\/da\/products\/rescueme-edf2-flare\/","name":"rescueME EDF2 Flare - EDF2 Ocean Signal Boat Flare USCG RTCM Godkendt | Ocean Signal","isPartOf":{"@id":"https:\/\/oceansignal.com\/da\/#website"},"primaryImageOfPage":{"@id":"https:\/\/oceansignal.com\/da\/products\/rescueme-edf2-flare\/#primaryimage"},"image":{"@id":"https:\/\/oceansignal.com\/da\/products\/rescueme-edf2-flare\/#primaryimage"},"thumbnailUrl":"https:\/\/oceansignal.com\/wp-content\/uploads\/2024\/10\/EDF2-FRONT_2025.png","datePublished":"2024-10-30T20:20:15+00:00","dateModified":"2025-11-24T16:35:05+00:00","description":"Hold dig sikker med Ocean Signal EDF2 elektroniske b\u00e5dblus, en kraftig elektronisk n\u00f8dblus designet til optimal synlighed og p\u00e5lidelighed i n\u00f8dsituationer. Kompakt og holdbar, EDF2 er det perfekte valg for sejlere, der s\u00f8ger et sikrere, milj\u00f8venligt alternativ til traditionelle fakler.","breadcrumb":{"@id":"https:\/\/oceansignal.com\/da\/products\/rescueme-edf2-flare\/#breadcrumb"},"inLanguage":"da-DK","potentialAction":[{"@type":"ReadAction","target":["https:\/\/oceansignal.com\/da\/products\/rescueme-edf2-flare\/"]}]},{"@type":"ImageObject","inLanguage":"da-DK","@id":"https:\/\/oceansignal.com\/da\/products\/rescueme-edf2-flare\/#primaryimage","url":"https:\/\/oceansignal.com\/wp-content\/uploads\/2024\/10\/EDF2-FRONT_2025.png","contentUrl":"https:\/\/oceansignal.com\/wp-content\/uploads\/2024\/10\/EDF2-FRONT_2025.png","width":1000,"height":1000},{"@type":"BreadcrumbList","@id":"https:\/\/oceansignal.com\/da\/products\/rescueme-edf2-flare\/#breadcrumb","itemListElement":[{"@type":"ListItem","position":1,"name":"Shop","item":"https:\/\/oceansignal.com\/da\/shop\/"},{"@type":"ListItem","position":2,"name":"rescueME EDF2 Flare"}]},{"@type":"WebSite","@id":"https:\/\/oceansignal.com\/da\/#website","url":"https:\/\/oceansignal.com\/da\/","name":"Ocean Signal","description":"A leading manufacturer of EPIRBs, AIS, SARTs, Personal Locator Beacons, Man Overboard Beacon for the Marine and Outdoor Markets.","potentialAction":[{"@type":"SearchAction","target":{"@type":"EntryPoint","urlTemplate":"https:\/\/oceansignal.com\/da\/?s={search_term_string}"},"query-input":{"@type":"PropertyValueSpecification","valueRequired":true,"valueName":"search_term_string"}}],"inLanguage":"da-DK"}]}},"_links":{"self":[{"href":"https:\/\/oceansignal.com\/da\/wp-json\/wp\/v2\/product\/12823","targetHints":{"allow":["GET"]}}],"collection":[{"href":"https:\/\/oceansignal.com\/da\/wp-json\/wp\/v2\/product"}],"about":[{"href":"https:\/\/oceansignal.com\/da\/wp-json\/wp\/v2\/types\/product"}],"wp:featuredmedia":[{"embeddable":true,"href":"https:\/\/oceansignal.com\/da\/wp-json\/wp\/v2\/media\/38627"}],"wp:attachment":[{"href":"https:\/\/oceansignal.com\/da\/wp-json\/wp\/v2\/media?parent=12823"}],"wp:term":[{"taxonomy":"product_brand","embeddable":true,"href":"https:\/\/oceansignal.com\/da\/wp-json\/wp\/v2\/product_brand?post=12823"},{"taxonomy":"product_cat","embeddable":true,"href":"https:\/\/oceansignal.com\/da\/wp-json\/wp\/v2\/product_cat?post=12823"},{"taxonomy":"product_tag","embeddable":true,"href":"https:\/\/oceansignal.com\/da\/wp-json\/wp\/v2\/product_tag?post=12823"}],"curies":[{"name":"wp","href":"https:\/\/api.w.org\/{rel}","templated":true}]}}