{"id":12833,"date":"2024-07-22T13:30:33","date_gmt":"2024-07-22T13:30:33","guid":{"rendered":"https:\/\/oceansignal.com\/products\/rescueme-mob2\/"},"modified":"2025-11-12T09:05:49","modified_gmt":"2025-11-12T09:05:49","slug":"rescueme-mob2","status":"publish","type":"product","link":"https:\/\/oceansignal.com\/da\/products\/rescueme-mob2\/","title":{"rendered":"rescueME MOB2"},"content":{"rendered":"<p><strong>Denne enhed er ikke blevet godkendt som kr\u00e6vet af reglerne fra Federal Communications Commission i USA. Denne enhed er ikke, og m\u00e5 ikke, udbydes til salg eller leasing eller s\u00e6lges eller leases, f\u00f8r autorisation er opn\u00e5et. Godkendt til salg i lande, der har vedtaget forordning ECC\/DEC\/(22)02. <\/strong><\/p>\n<p>Oversigt:<\/p>\n<p>At advare dit fart\u00f8j om en mand over bord er den hurtigste og mest p\u00e5lidelige genopretningsmulighed. I moderat s\u00f8 kan det chokerende hurtigt at miste en mand over bord af syne. Derfor kombinerer Ocean Signal seneste rescueME MOB2 b\u00e5de AIS og VHF DSC n\u00f8dteknologi i den nyeste AIS klasse M-kompatible l\u00f8sning til det maritime marked.  <\/p>\n<p>Ved aktivering bliver MOB2 &#8216;s placering j\u00e6vnligt opdateret og vist p\u00e5 en AIS-aktiveret plotter. Med dens integrerede GPS giver MOB2 pr\u00e6cise lokaliseringsdata til dit fart\u00f8j og eventuelle assisterende fart\u00f8jer. N\u00e6rliggende fart\u00f8jer bliver automatisk advaret om mand-overbord-situationer gennem VHF DSC. Ocean Signal MOB2 er n\u00e6sten halvt s\u00e5 stor som de konkurrerende produkter og passer perfekt inde i oppustelige redningsveste. Den kan ogs\u00e5 prale af en l\u00e6ngere levetid, automatisk aktivering via en oppustelig redningsvest, dobbelte IR- og hvide stroboskoplys og NFC-mobilapp-forbindelse.    <\/p>\n<p>Vil du l\u00e6re om det seneste inden for klasse M-krav til AIS MOB ?  <a href=\"https:\/\/oceansignal.com\/da\/news\/forstaelse-af-virkningen-af-ais-klasse-m-regulering-pa-mober\/\">Klik her<\/a><\/p>\n<p><a href=\"https:\/\/www.dropbox.com\/s\/8343nj28z0d7bxa\/Prop%2065%20-%20BPA.pdf?dl=0\">ADVARSEL: PROP 65<\/a><\/p>\n<p>Kun til USA: Denne enhed er ikke blevet godkendt i henhold til reglerne fra Federal Communications Commission. Denne enhed udbydes ikke og m\u00e5 ikke udbydes til salg eller leasing eller s\u00e6lges eller leases, f\u00f8r autorisation er opn\u00e5et. Godkendt til salg i lande, der har vedtaget forordning ECC\/DEC\/(22)02.  <\/p>\n<p>Beskrivelse:<\/p>\n<p>Introduktion af verdens mindste AIS Man Overboard ( MOB ) enhed med integreret VHF DSC \u2013 rescueME MOB2 AIS fra Ocean Signal . Denne vitale komponent i ethvert maritime sikkerhedss\u00e6t er designet til hurtig reaktion i mand-overbord-n\u00f8dsituationer. Kompakt og let, MOB2 integreres problemfrit med selv de mest kompakte oppustelige redningsveste, hvilket sikrer automatisk aktivering ved oppustning.  <\/p>\n<p>MOB2 sender den f\u00f8rste alarm inden for 15 sekunder og udsender din pr\u00e6cise position ved hj\u00e6lp af AIS-teknologi til n\u00e6rliggende fart\u00f8jer og navigationssystemer ombord. Den kommunikerer med fart\u00f8jet, du er blevet adskilt fra, og andre fart\u00f8jer op til 5 miles v\u00e6k, afh\u00e6ngigt af forholdene. Derudover f\u00e5r n\u00e6rliggende fart\u00f8jer \u00f8jeblikkeligt besked om mand-overbord-situationen gennem DSC-teknologi.  <\/p>\n<p>I en n\u00f8dsituation giver rescueME MOB2 AIS to metoder til hurtigt at kommunikere din position, n\u00f8jagtig til et par meter, og giver visuel indikation via dets indbyggede strobelys. Dens integrerede dobbelte infrar\u00f8de (IR) og hvide strobelys sikrer maksimal synlighed under d\u00e5rlige lysforhold, hvilket giver ro i sindet for sejlere og sejlere ved at \u00f8ge sikkerheden p\u00e5 vandet og potentielt redde liv i kritiske situationer. Vandt\u00e6t til 10 meter, MOB2 har en robust konstruktion og et langtidsholdbart batteri.  <\/p>\n<p><strong> <\/strong><\/p>\n<h3><strong>Smartphone-forbindelse ved hj\u00e6lp af Near Field Communication (NFC)<\/strong><\/h3>\n<p>Integrationen af \u200b\u200bNFC-teknologi giver brugerne mulighed for bekvemt at programmere MOB2 MMSI og f\u00e5 adgang til beacon-data fra deres mobiltelefon. Den enkle handling med at placere en telefon i n\u00e6rheden af \u200b\u200bbeaconet \u00e5bner automatisk Ocean Signal Product App og giver adgang til en r\u00e6kke forskellige brugsdata, herunder den aktuelle batterilevetid, antal gennemf\u00f8rte selvtests, antallet af gennemf\u00f8rte GNSS-tests og, hvis det er relevant, den tid, beaconen har v\u00e6ret aktiveret. <\/p>\n<p><strong> <\/strong><\/p>\n<h3><strong>Klasse M-godkendt AIS mand over bord fyr med VHF DSC<\/strong><\/h3>\n<p>MOB2 er konstrueret til at overstige kravene i klasse M og er i overensstemmelse med regulativ ECC\/DEC\/(22)02 vedr\u00f8rende brug af MOB enheder.<\/p>\n<p><strong> <\/strong><\/p>\n<h3><strong>Integration af redningsvest<\/strong><\/h3>\n<p>MOB2 kan aktiveres manuelt eller automatisk, n\u00e5r den er installeret i en oppustelig redningsvest (automatisk). Installationen er gjort enkel ved hj\u00e6lp af den medf\u00f8lgende orale oppustningsslangeklemme til at fastg\u00f8re MOB2 til redningsvesten med et b\u00e5nd forbundet rundt om bl\u00e6ren p\u00e5 redningsvesten. N\u00e5r den er installeret korrekt, udl\u00f8ser handlingen af \u200b\u200bredningsvesten, der puster sig op, udl\u00f8sningen af \u200b\u200bantennen og aktivering af beacon.  <\/p>\n<p>Stolt <a href=\"https:\/\/oceansignal.com\/news\/ocean-signal-triples-size-of-factory-facilities-to-meet-production-demands\/\">fremstillet i Storbritannien<\/a><\/p>\n<h4><strong>N\u00f8glefunktioner ved rescueME MOB AIS:<\/strong><\/h4>\n<ul>\n<li>AIS (Automatic Identification System)<\/li>\n<li>Klasse M-kompatibel (regulativ: ECC\/DEC\/(22)02)<\/li>\n<li>Integreret Tx og Rx DSC transceiver (Digital Selective Calling) *<\/li>\n<li>LED&#8217;er bekr\u00e6fter modtagelsen af \u200b\u200bDSC-n\u00f8dsignal<\/li>\n<li>50 % (type) mindre end konkurrenterne<\/li>\n<li>GNSS via GPS og Galileo<\/li>\n<li>Hurtig n\u00f8jagtig positionering<\/li>\n<li>IR og hvide stroboskoplys<\/li>\n<li>Automatisk aktivering<\/li>\n<li>Enkel integration af redningsvest**<\/li>\n<li>5 \u00e5rs batterilevetid<\/li>\n<li>24 timers driftslevetid ved -20\u00b0C<\/li>\n<li>2-\u00e5rs garanti (kan forl\u00e6nge garantien til 5 \u00e5r via produktregistrering hos Ocean Signal ) <sup>\u2020<\/sup><\/li>\n<li>Integreret n\u00e6rfeltskommunikation (NFC)<\/li>\n<li>Smartphone-forbindelse via NFC<\/li>\n<li>Ocean Signal Mobile App (IOS og Android)<\/li>\n<\/ul>\n<p>&nbsp;<\/p>\n<p><em><strong>Kompatibilitet:<\/strong> De fleste moderne AIS-plottere og DSC VHF overholder de standarder, der kr\u00e6ves for at modtage MOB -transmissioner. Det anbefales dog, at du kontrollerer kompatibiliteten hos udstyrsproducenten, is\u00e6r hvis du bruger \u00e6ldre udstyr. Se ofte stillede sp\u00f8rgsm\u00e5l nedenfor for mere information.<br \/>\n<\/em><\/p>\n<p>&nbsp;<\/p>\n<p>MOB2 kan konfigureres af brugeren til at indtaste fart\u00f8jets DSC MMSI-nummer* ved at downloade softwaren p\u00e5 nedenst\u00e5ende link. Fart\u00f8jets DSC-nummer kan programmeres flere gange. <\/p>\n<p>&nbsp;<\/p>\n<p><span style=\"color: #c22f00;\">* DSC-funktionalitet er underlagt landets regler.<\/span><br \/>\n<span style=\"color: #c22f00;\"><em>** Henvis altid til producenten af \u200b\u200bredningsvesten for specifikke instruktioner, f\u00f8r du installerer dette produkt direkte p\u00e5 din redningsvest.<\/em><\/span><br \/>\n<span style=\"color: #c22f00;\">\u2020 Med forbehold af garantierkl\u00e6ring. ( <em>Bem\u00e6rk: N\u00e5r det bruges i kommercielle applikationer, er garantiperioden begr\u00e6nset til to \u00e5r.<\/em> )<\/span><\/p>\n<p>&nbsp;<\/p>\n","protected":false},"excerpt":{"rendered":"<p>Verdens mindste klasse M-kompatible AIS Mand-over-bord (MOB)-enhed med integreret VHF DSC.<\/p>\n<ul>\n<li data-start=\"195\" data-end=\"420\">\n<p data-start=\"197\" data-end=\"420\"><strong data-start=\"197\" data-end=\"247\">\u00d8jeblikkelige AIS- og DSC-advarsler i en n\u00f8dsituation MOB<\/strong><br data-start=\"247\" data-end=\"250\">MOB2 sender straks din position via AIS og aktiverer et DSC-n\u00f8dopkald p\u00e5 dit fart\u00f8js VHF-radio \u2013 hvilket leverer en hurtig lokal alarm til bes\u00e6tningen og n\u00e6rliggende b\u00e5de.<\/p>\n<\/li>\n<li data-start=\"422\" data-end=\"637\">\n<p data-start=\"424\" data-end=\"637\"><strong data-start=\"424\" data-end=\"470\">Perfekt til sikkerhedskrav til offshore- og yachtkapsejlads<\/strong><br data-start=\"470\" data-end=\"473\">MOB2 , som er betroet af konkurrencesejlere og kapsejlere, yder beskyttelse mod bes\u00e6tningsmedlemmer overbord, der opfylder kravene i hurtige, h\u00f8jrisiko-sejladsmilj\u00f8er.<\/p>\n<\/li>\n<li data-start=\"639\" data-end=\"858\">\n<p data-start=\"641\" data-end=\"858\"><strong data-start=\"641\" data-end=\"693\">GPS-pr\u00e6cision med automatisk aktivering af redningsvest<\/strong><br data-start=\"693\" data-end=\"696\">Integreret GPS sikrer pr\u00e6cis sporing, mens automatisk aktivering med oppustning af redningsvesten betyder, at du er beskyttet i det \u00f8jeblik, du rammer vandet \u2013 h\u00e5ndfri.<\/p>\n<\/li>\n<\/ul>\n<p>Overholder forordning ECC\/DEC\/(22)02 vedr\u00f8rende brugen af MOB -enheder. Vil du l\u00e6re om det seneste inden for klasse M-krav til AIS MOB ?  <a href=\"https:\/\/oceansignal.com\/da\/news\/forstaelse-af-virkningen-af-ais-klasse-m-regulering-pa-mober\/\">Klik her<\/a><\/p>\n<p><a href=\"https:\/\/www.dropbox.com\/s\/8343nj28z0d7bxa\/Prop%2065%20-%20BPA.pdf?dl=0\">ADVARSEL: FORSLAG 65<\/a><br \/>\n IKKE TIL SALG I USA\/CALIFORNIEN &#8211; pr\u00f8v <a href=\"https:\/\/oceansignal.com\/da\/products\/rescueme-mob1\/\">Ocean Signal MOB1 til USA\/CALIFORNIEN her<\/a><\/p>\n","protected":false},"featured_media":23809,"template":"","meta":{"_acf_changed":false,"om_disable_all_campaigns":false},"product_brand":[],"product_cat":[1979,1070,603],"product_tag":[738,1071,1230,1073,1072,1231],"class_list":{"0":"post-12833","1":"product","2":"type-product","3":"status-publish","4":"has-post-thumbnail","6":"product_cat-kompatibel-med-redningsveste","7":"product_cat-mand-over-bord","8":"product_cat-rescueme-da","9":"product_tag-ais-da","10":"product_tag-ais-mob-da","11":"product_tag-klasse-m-da","12":"product_tag-mand-over-bord","13":"product_tag-mob-da","14":"product_tag-mob2-da","16":"first","17":"instock","18":"taxable","19":"shipping-taxable","20":"purchasable","21":"product-type-simple"},"acf":[],"yoast_head":"<!-- This site is optimized with the Yoast SEO Premium plugin v25.2 (Yoast SEO v26.4) - https:\/\/yoast.com\/wordpress\/plugins\/seo\/ -->\n<title>rescueME MOB2 - Ocean Signal rescueME MOB2 AIS Klasse M Ocean Signal<\/title>\n<meta name=\"description\" content=\"Ocean Signal rescueME MOB2 AIS Man Overboard Beacon er den ultimative l\u00f8sning til s\u00f8sikkerhed, specielt designet til at hj\u00e6lpe i SOS-situationer.\" \/>\n<meta name=\"robots\" content=\"index, follow, max-snippet:-1, max-image-preview:large, max-video-preview:-1\" \/>\n<link rel=\"canonical\" href=\"https:\/\/oceansignal.com\/da\/products\/rescueme-mob2\/\" \/>\n<meta property=\"og:locale\" content=\"da_DK\" \/>\n<meta property=\"og:type\" content=\"article\" \/>\n<meta property=\"og:title\" content=\"rescueME MOB2\" \/>\n<meta property=\"og:description\" content=\"Ocean Signal rescueME MOB2 AIS Man Overboard Beacon er den ultimative l\u00f8sning til s\u00f8sikkerhed, specielt designet til at hj\u00e6lpe i SOS-situationer.\" \/>\n<meta property=\"og:url\" content=\"https:\/\/oceansignal.com\/da\/products\/rescueme-mob2\/\" \/>\n<meta property=\"og:site_name\" content=\"Ocean Signal\" \/>\n<meta property=\"article:modified_time\" content=\"2025-11-12T09:05:49+00:00\" \/>\n<meta property=\"og:image\" content=\"https:\/\/oceansignal.com\/wp-content\/uploads\/2024\/07\/MOB2-22-07-24-A_Web.png\" \/>\n\t<meta property=\"og:image:width\" content=\"900\" \/>\n\t<meta property=\"og:image:height\" content=\"807\" \/>\n\t<meta property=\"og:image:type\" content=\"image\/png\" \/>\n<meta name=\"twitter:card\" content=\"summary_large_image\" \/>\n<meta name=\"twitter:label1\" content=\"Estimeret l\u00e6setid\" \/>\n\t<meta name=\"twitter:data1\" content=\"4 minutter\" \/>\n<script type=\"application\/ld+json\" class=\"yoast-schema-graph\">{\"@context\":\"https:\/\/schema.org\",\"@graph\":[{\"@type\":\"WebPage\",\"@id\":\"https:\/\/oceansignal.com\/da\/products\/rescueme-mob2\/\",\"url\":\"https:\/\/oceansignal.com\/da\/products\/rescueme-mob2\/\",\"name\":\"rescueME MOB2 - Ocean Signal rescueME MOB2 AIS Klasse M Ocean Signal\",\"isPartOf\":{\"@id\":\"https:\/\/oceansignal.com\/da\/#website\"},\"primaryImageOfPage\":{\"@id\":\"https:\/\/oceansignal.com\/da\/products\/rescueme-mob2\/#primaryimage\"},\"image\":{\"@id\":\"https:\/\/oceansignal.com\/da\/products\/rescueme-mob2\/#primaryimage\"},\"thumbnailUrl\":\"https:\/\/oceansignal.com\/wp-content\/uploads\/2024\/07\/MOB2-22-07-24-A_Web.png\",\"datePublished\":\"2024-07-22T13:30:33+00:00\",\"dateModified\":\"2025-11-12T09:05:49+00:00\",\"description\":\"Ocean Signal rescueME MOB2 AIS Man Overboard Beacon er den ultimative l\u00f8sning til s\u00f8sikkerhed, specielt designet til at hj\u00e6lpe i SOS-situationer.\",\"breadcrumb\":{\"@id\":\"https:\/\/oceansignal.com\/da\/products\/rescueme-mob2\/#breadcrumb\"},\"inLanguage\":\"da-DK\",\"potentialAction\":[{\"@type\":\"ReadAction\",\"target\":[\"https:\/\/oceansignal.com\/da\/products\/rescueme-mob2\/\"]}]},{\"@type\":\"ImageObject\",\"inLanguage\":\"da-DK\",\"@id\":\"https:\/\/oceansignal.com\/da\/products\/rescueme-mob2\/#primaryimage\",\"url\":\"https:\/\/oceansignal.com\/wp-content\/uploads\/2024\/07\/MOB2-22-07-24-A_Web.png\",\"contentUrl\":\"https:\/\/oceansignal.com\/wp-content\/uploads\/2024\/07\/MOB2-22-07-24-A_Web.png\",\"width\":900,\"height\":807,\"caption\":\"Ocean Signal rescueME MOB2 AIS Personal Locator Device Klasse M Godkendt\"},{\"@type\":\"BreadcrumbList\",\"@id\":\"https:\/\/oceansignal.com\/da\/products\/rescueme-mob2\/#breadcrumb\",\"itemListElement\":[{\"@type\":\"ListItem\",\"position\":1,\"name\":\"Shop\",\"item\":\"https:\/\/oceansignal.com\/da\/shop\/\"},{\"@type\":\"ListItem\",\"position\":2,\"name\":\"rescueME MOB2\"}]},{\"@type\":\"WebSite\",\"@id\":\"https:\/\/oceansignal.com\/da\/#website\",\"url\":\"https:\/\/oceansignal.com\/da\/\",\"name\":\"Ocean Signal\",\"description\":\"A leading manufacturer of EPIRBs, AIS, SARTs, Personal Locator Beacons, Man Overboard Beacon for the Marine and Outdoor Markets.\",\"potentialAction\":[{\"@type\":\"SearchAction\",\"target\":{\"@type\":\"EntryPoint\",\"urlTemplate\":\"https:\/\/oceansignal.com\/da\/?s={search_term_string}\"},\"query-input\":{\"@type\":\"PropertyValueSpecification\",\"valueRequired\":true,\"valueName\":\"search_term_string\"}}],\"inLanguage\":\"da-DK\"}]}<\/script>\n<!-- \/ Yoast SEO Premium plugin. -->","yoast_head_json":{"title":"rescueME MOB2 - Ocean Signal rescueME MOB2 AIS Klasse M Ocean Signal","description":"Ocean Signal rescueME MOB2 AIS Man Overboard Beacon er den ultimative l\u00f8sning til s\u00f8sikkerhed, specielt designet til at hj\u00e6lpe i SOS-situationer.","robots":{"index":"index","follow":"follow","max-snippet":"max-snippet:-1","max-image-preview":"max-image-preview:large","max-video-preview":"max-video-preview:-1"},"canonical":"https:\/\/oceansignal.com\/da\/products\/rescueme-mob2\/","og_locale":"da_DK","og_type":"article","og_title":"rescueME MOB2","og_description":"Ocean Signal rescueME MOB2 AIS Man Overboard Beacon er den ultimative l\u00f8sning til s\u00f8sikkerhed, specielt designet til at hj\u00e6lpe i SOS-situationer.","og_url":"https:\/\/oceansignal.com\/da\/products\/rescueme-mob2\/","og_site_name":"Ocean Signal","article_modified_time":"2025-11-12T09:05:49+00:00","og_image":[{"width":900,"height":807,"url":"https:\/\/oceansignal.com\/wp-content\/uploads\/2024\/07\/MOB2-22-07-24-A_Web.png","type":"image\/png"}],"twitter_card":"summary_large_image","twitter_misc":{"Estimeret l\u00e6setid":"4 minutter"},"schema":{"@context":"https:\/\/schema.org","@graph":[{"@type":"WebPage","@id":"https:\/\/oceansignal.com\/da\/products\/rescueme-mob2\/","url":"https:\/\/oceansignal.com\/da\/products\/rescueme-mob2\/","name":"rescueME MOB2 - Ocean Signal rescueME MOB2 AIS Klasse M Ocean Signal","isPartOf":{"@id":"https:\/\/oceansignal.com\/da\/#website"},"primaryImageOfPage":{"@id":"https:\/\/oceansignal.com\/da\/products\/rescueme-mob2\/#primaryimage"},"image":{"@id":"https:\/\/oceansignal.com\/da\/products\/rescueme-mob2\/#primaryimage"},"thumbnailUrl":"https:\/\/oceansignal.com\/wp-content\/uploads\/2024\/07\/MOB2-22-07-24-A_Web.png","datePublished":"2024-07-22T13:30:33+00:00","dateModified":"2025-11-12T09:05:49+00:00","description":"Ocean Signal rescueME MOB2 AIS Man Overboard Beacon er den ultimative l\u00f8sning til s\u00f8sikkerhed, specielt designet til at hj\u00e6lpe i SOS-situationer.","breadcrumb":{"@id":"https:\/\/oceansignal.com\/da\/products\/rescueme-mob2\/#breadcrumb"},"inLanguage":"da-DK","potentialAction":[{"@type":"ReadAction","target":["https:\/\/oceansignal.com\/da\/products\/rescueme-mob2\/"]}]},{"@type":"ImageObject","inLanguage":"da-DK","@id":"https:\/\/oceansignal.com\/da\/products\/rescueme-mob2\/#primaryimage","url":"https:\/\/oceansignal.com\/wp-content\/uploads\/2024\/07\/MOB2-22-07-24-A_Web.png","contentUrl":"https:\/\/oceansignal.com\/wp-content\/uploads\/2024\/07\/MOB2-22-07-24-A_Web.png","width":900,"height":807,"caption":"Ocean Signal rescueME MOB2 AIS Personal Locator Device Klasse M Godkendt"},{"@type":"BreadcrumbList","@id":"https:\/\/oceansignal.com\/da\/products\/rescueme-mob2\/#breadcrumb","itemListElement":[{"@type":"ListItem","position":1,"name":"Shop","item":"https:\/\/oceansignal.com\/da\/shop\/"},{"@type":"ListItem","position":2,"name":"rescueME MOB2"}]},{"@type":"WebSite","@id":"https:\/\/oceansignal.com\/da\/#website","url":"https:\/\/oceansignal.com\/da\/","name":"Ocean Signal","description":"A leading manufacturer of EPIRBs, AIS, SARTs, Personal Locator Beacons, Man Overboard Beacon for the Marine and Outdoor Markets.","potentialAction":[{"@type":"SearchAction","target":{"@type":"EntryPoint","urlTemplate":"https:\/\/oceansignal.com\/da\/?s={search_term_string}"},"query-input":{"@type":"PropertyValueSpecification","valueRequired":true,"valueName":"search_term_string"}}],"inLanguage":"da-DK"}]}},"_links":{"self":[{"href":"https:\/\/oceansignal.com\/da\/wp-json\/wp\/v2\/product\/12833","targetHints":{"allow":["GET"]}}],"collection":[{"href":"https:\/\/oceansignal.com\/da\/wp-json\/wp\/v2\/product"}],"about":[{"href":"https:\/\/oceansignal.com\/da\/wp-json\/wp\/v2\/types\/product"}],"wp:featuredmedia":[{"embeddable":true,"href":"https:\/\/oceansignal.com\/da\/wp-json\/wp\/v2\/media\/23809"}],"wp:attachment":[{"href":"https:\/\/oceansignal.com\/da\/wp-json\/wp\/v2\/media?parent=12833"}],"wp:term":[{"taxonomy":"product_brand","embeddable":true,"href":"https:\/\/oceansignal.com\/da\/wp-json\/wp\/v2\/product_brand?post=12833"},{"taxonomy":"product_cat","embeddable":true,"href":"https:\/\/oceansignal.com\/da\/wp-json\/wp\/v2\/product_cat?post=12833"},{"taxonomy":"product_tag","embeddable":true,"href":"https:\/\/oceansignal.com\/da\/wp-json\/wp\/v2\/product_tag?post=12833"}],"curies":[{"name":"wp","href":"https:\/\/api.w.org\/{rel}","templated":true}]}}