{"id":12836,"date":"2024-03-15T17:33:28","date_gmt":"2024-03-15T17:33:28","guid":{"rendered":"https:\/\/oceansignal.com\/products\/ocean-signal-hr1e-replacement-hydrostatic-release-unit\/"},"modified":"2025-07-08T09:31:20","modified_gmt":"2025-07-08T09:31:20","slug":"ocean-signal-hr1e-replacement-hydrostatic-release-unit","status":"publish","type":"product","link":"https:\/\/oceansignal.com\/da\/products\/ocean-signal-hr1e-replacement-hydrostatic-release-unit\/","title":{"rendered":"Ocean Signal HR1E Replacement Hydrostatic Release Unit"},"content":{"rendered":"<p id=\"title\" class=\"a-size-large a-spacing-none\"><span id=\"productTitle\" class=\"a-size-large product-title-word-break\">Ocean Signal HR1E Replacement Hydrostatic Release Unit (HRU) Float Free EPIRB beslag<\/span> .<\/p>\n<p class=\"a-size-large a-spacing-none\">Denne enhed er designet til automatisk at frigive et Ocean Signal radiofyr ( EPIRB ) fra dets flydefrie (kategori 1) monteringsbeslag ved neds\u00e6nkning i vand, og denne enhed sikrer hurtig aktivering af n\u00f8dsignaler i n\u00f8dsituationer.<\/p>\n<p>S\u00e5dan fungerer det: HR1E er udstyret med en hydrostatisk mekanisme, der reagerer p\u00e5 vandtrykket. N\u00e5r det er neds\u00e6nket til en vis dybde, typisk omkring 1,5 til 4 meter, udl\u00f8ser det hydrostatiske tryk frig\u00f8relsesmekanismen, hvilket tillader EPIRB at flyde fri fra dets monteringsbeslag. N\u00e5r den er frigivet, begynder EPIRB at sende sit n\u00f8dsignal, som opfanges af n\u00e6rliggende efters\u00f8gnings- og redningsmyndigheder, hvilket g\u00f8r dem i stand til hurtigt at lokalisere og hj\u00e6lpe dem i n\u00f8d.  <\/p>\n<p>HR1E er konstrueret med pr\u00e6cision og p\u00e5lidelighed og fremstillet i Storbritannien, hvilket sikrer, at den fungerer effektivt selv under de mest udfordrende maritime forhold. Ved automatisk at aktivere EPIRB ved neds\u00e6nkning \u00f8ger HR1E markant chancerne for en hurtig reaktion p\u00e5 n\u00f8dsituationer, hvilket i sidste ende redder liv til s\u00f8s. <\/p>\n<p>Kategori 1 flydefri beslag er p\u00e5kr\u00e6vet for at f\u00e5 den hydrostatiske udl\u00f8sningsenhed udskiftet <strong>hvert andet \u00e5r.<\/strong><\/p>\n<ul class=\"a-unordered-list a-vertical a-spacing-mini\">\n<li class=\"a-spacing-mini\"><span class=\"a-list-item\">Direkte udskiftning af alle Ocean Signal <a href=\"https:\/\/www.cospas-sarsat.int\/en\/\">EPIRB<\/a> automatiske udl\u00f8serhuse (Kategori 1 Float Free Brackets)<\/span><\/li>\n<li class=\"a-spacing-mini\"><span class=\"a-list-item\">Inkluderer HR1E HRU, instruktioner og erstatningshardware<\/span><\/li>\n<li class=\"a-spacing-mini\"><span class=\"a-list-item\">Stolt designet og fremstillet i Storbritannien<\/span><\/li>\n<li class=\"a-spacing-mini\"><span class=\"a-list-item\">Installationen er hurtig og nem<\/span><\/li>\n<\/ul>\n<p>Kompatibel med f\u00f8lgende kategori 1 Float Free EPIRB&#8217;er<\/p>\n<ul>\n<li><a href=\"https:\/\/oceansignal.com\/da\/products\/safesea-e100-e100g\/\">SafeSea E100<\/a><\/li>\n<li><a href=\"https:\/\/oceansignal.com\/da\/products\/safesea-e100-e100g\/\">SafeSea E100G<\/a><\/li>\n<li><a href=\"https:\/\/oceansignal.com\/da\/products\/rescueme-epirb1-pro\/\">rescueME EPIRB1 Pro (tidligere m\u00e6rket SafeSea EPIRB1 Pro )<\/a><\/li>\n<li><a href=\"https:\/\/oceansignal.com\/da\/products\/rescueme-epirb2-pro\/\">rescueME EPIRB2 Pro<\/a><\/li>\n<li><a href=\"https:\/\/oceansignal.com\/da\/products\/safesea-epirb3-pro\/\">SafeSea EPIRB3 Pro<\/a><\/li>\n<li><a href=\"https:\/\/oceansignal.com\/da\/products\/e101v-2\/\">SafeSea E101V VDR<\/a><\/li>\n<\/ul>\n","protected":false},"excerpt":{"rendered":"<p>Vi introducerer SafeSea HR1E Hydrostatic Release Unit for Ocean Signal EPIRB&#8217;er &#8211; din uundv\u00e6rlige beskyttelse til maritime n\u00f8dsituationer. Denne enhed er designet til automatisk at udl\u00f8se et n\u00f8dpositionsindikerende radiofyr ( EPIRB ) fra dets monteringsbeslag ved neds\u00e6nkning i vand, og denne enhed sikrer hurtig aktivering af n\u00f8dsignaler, n\u00e5r hvert sekund t\u00e6ller. Konstrueret med pr\u00e6cision og p\u00e5lidelighed giver HR1E ro i sindet for sejlere og s\u00f8farende, hvilket \u00f8ger chancerne for en hurtig reaktion i kritiske situationer. G\u00e5 ikke p\u00e5 kompromis med sikkerheden \u2013 udstyr dit fart\u00f8j med Ocean Signal SafeSea HR1E Hydrostatic Release Unit til EPIRB&#8217;er og sejl med tillid, vel vidende at hj\u00e6lpen kun er et signal v\u00e6k, n\u00e5r du har mest brug for det.   <\/p>\n<p><a href=\"https:\/\/www.dropbox.com\/s\/fk04stqsp2hgk5f\/Prop%2065%20-%20DEHP.pdf?dl=0\">ADVARSEL: PROP 65<\/a><\/p>\n","protected":false},"featured_media":22873,"template":"","meta":{"_acf_changed":false,"om_disable_all_campaigns":false},"product_brand":[],"product_cat":[737,608],"product_tag":[],"class_list":{"0":"post-12836","1":"product","2":"type-product","3":"status-publish","4":"has-post-thumbnail","6":"product_cat-epirb-da","7":"product_cat-safesea-da","9":"first","10":"instock","11":"taxable","12":"shipping-taxable","13":"purchasable","14":"product-type-simple"},"acf":[],"yoast_head":"<!-- This site is optimized with the Yoast SEO Premium plugin v25.2 (Yoast SEO v26.4) - https:\/\/yoast.com\/wordpress\/plugins\/seo\/ -->\n<title>Ocean Signal HR1E Replacement Hydrostatic Release Unit - Ocean Signal<\/title>\n<meta name=\"description\" content=\"Udskiftning af Ocean Signal SafeSea HR1E Hydrostatic Release Unit eller HRU til SafeSea og rescueME EPIRB&#039;er. K\u00f8b din EPIRB HRU-erstatning i dag.\" \/>\n<meta name=\"robots\" content=\"index, follow, max-snippet:-1, max-image-preview:large, max-video-preview:-1\" \/>\n<link rel=\"canonical\" href=\"https:\/\/oceansignal.com\/da\/products\/ocean-signal-hr1e-replacement-hydrostatic-release-unit\/\" \/>\n<meta property=\"og:locale\" content=\"da_DK\" \/>\n<meta property=\"og:type\" content=\"article\" \/>\n<meta property=\"og:title\" content=\"Ocean Signal HR1E Replacement Hydrostatic Release Unit\" \/>\n<meta property=\"og:description\" content=\"Udskiftning af Ocean Signal SafeSea HR1E Hydrostatic Release Unit eller HRU til SafeSea og rescueME EPIRB&#039;er. K\u00f8b din EPIRB HRU-erstatning i dag.\" \/>\n<meta property=\"og:url\" content=\"https:\/\/oceansignal.com\/da\/products\/ocean-signal-hr1e-replacement-hydrostatic-release-unit\/\" \/>\n<meta property=\"og:site_name\" content=\"Ocean Signal\" \/>\n<meta property=\"article:modified_time\" content=\"2025-07-08T09:31:20+00:00\" \/>\n<meta property=\"og:image\" content=\"https:\/\/oceansignal.com\/wp-content\/uploads\/2024\/03\/HR1E_Front-1024x1024.png\" \/>\n\t<meta property=\"og:image:width\" content=\"1024\" \/>\n\t<meta property=\"og:image:height\" content=\"1024\" \/>\n\t<meta property=\"og:image:type\" content=\"image\/png\" \/>\n<meta name=\"twitter:card\" content=\"summary_large_image\" \/>\n<meta name=\"twitter:label1\" content=\"Estimeret l\u00e6setid\" \/>\n\t<meta name=\"twitter:data1\" content=\"1 minut\" \/>\n<script type=\"application\/ld+json\" class=\"yoast-schema-graph\">{\"@context\":\"https:\/\/schema.org\",\"@graph\":[{\"@type\":\"WebPage\",\"@id\":\"https:\/\/oceansignal.com\/da\/products\/ocean-signal-hr1e-replacement-hydrostatic-release-unit\/\",\"url\":\"https:\/\/oceansignal.com\/da\/products\/ocean-signal-hr1e-replacement-hydrostatic-release-unit\/\",\"name\":\"Ocean Signal HR1E Replacement Hydrostatic Release Unit - Ocean Signal\",\"isPartOf\":{\"@id\":\"https:\/\/oceansignal.com\/da\/#website\"},\"primaryImageOfPage\":{\"@id\":\"https:\/\/oceansignal.com\/da\/products\/ocean-signal-hr1e-replacement-hydrostatic-release-unit\/#primaryimage\"},\"image\":{\"@id\":\"https:\/\/oceansignal.com\/da\/products\/ocean-signal-hr1e-replacement-hydrostatic-release-unit\/#primaryimage\"},\"thumbnailUrl\":\"https:\/\/oceansignal.com\/wp-content\/uploads\/2024\/03\/HR1E_Front.png\",\"datePublished\":\"2024-03-15T17:33:28+00:00\",\"dateModified\":\"2025-07-08T09:31:20+00:00\",\"description\":\"Udskiftning af Ocean Signal SafeSea HR1E Hydrostatic Release Unit eller HRU til SafeSea og rescueME EPIRB'er. K\u00f8b din EPIRB HRU-erstatning i dag.\",\"breadcrumb\":{\"@id\":\"https:\/\/oceansignal.com\/da\/products\/ocean-signal-hr1e-replacement-hydrostatic-release-unit\/#breadcrumb\"},\"inLanguage\":\"da-DK\",\"potentialAction\":[{\"@type\":\"ReadAction\",\"target\":[\"https:\/\/oceansignal.com\/da\/products\/ocean-signal-hr1e-replacement-hydrostatic-release-unit\/\"]}]},{\"@type\":\"ImageObject\",\"inLanguage\":\"da-DK\",\"@id\":\"https:\/\/oceansignal.com\/da\/products\/ocean-signal-hr1e-replacement-hydrostatic-release-unit\/#primaryimage\",\"url\":\"https:\/\/oceansignal.com\/wp-content\/uploads\/2024\/03\/HR1E_Front.png\",\"contentUrl\":\"https:\/\/oceansignal.com\/wp-content\/uploads\/2024\/03\/HR1E_Front.png\",\"width\":2147,\"height\":2147,\"caption\":\"Ocean Signal SafeSea HR1E Hydrostatic Release Unit - vigtigt marine sikkerhedsudstyr til automatisk aktivering af redningsfl\u00e5der\"},{\"@type\":\"BreadcrumbList\",\"@id\":\"https:\/\/oceansignal.com\/da\/products\/ocean-signal-hr1e-replacement-hydrostatic-release-unit\/#breadcrumb\",\"itemListElement\":[{\"@type\":\"ListItem\",\"position\":1,\"name\":\"Shop\",\"item\":\"https:\/\/oceansignal.com\/da\/shop\/\"},{\"@type\":\"ListItem\",\"position\":2,\"name\":\"Ocean Signal HR1E Replacement Hydrostatic Release Unit\"}]},{\"@type\":\"WebSite\",\"@id\":\"https:\/\/oceansignal.com\/da\/#website\",\"url\":\"https:\/\/oceansignal.com\/da\/\",\"name\":\"Ocean Signal\",\"description\":\"A leading manufacturer of EPIRBs, AIS, SARTs, Personal Locator Beacons, Man Overboard Beacon for the Marine and Outdoor Markets.\",\"potentialAction\":[{\"@type\":\"SearchAction\",\"target\":{\"@type\":\"EntryPoint\",\"urlTemplate\":\"https:\/\/oceansignal.com\/da\/?s={search_term_string}\"},\"query-input\":{\"@type\":\"PropertyValueSpecification\",\"valueRequired\":true,\"valueName\":\"search_term_string\"}}],\"inLanguage\":\"da-DK\"}]}<\/script>\n<!-- \/ Yoast SEO Premium plugin. -->","yoast_head_json":{"title":"Ocean Signal HR1E Replacement Hydrostatic Release Unit - Ocean Signal","description":"Udskiftning af Ocean Signal SafeSea HR1E Hydrostatic Release Unit eller HRU til SafeSea og rescueME EPIRB'er. K\u00f8b din EPIRB HRU-erstatning i dag.","robots":{"index":"index","follow":"follow","max-snippet":"max-snippet:-1","max-image-preview":"max-image-preview:large","max-video-preview":"max-video-preview:-1"},"canonical":"https:\/\/oceansignal.com\/da\/products\/ocean-signal-hr1e-replacement-hydrostatic-release-unit\/","og_locale":"da_DK","og_type":"article","og_title":"Ocean Signal HR1E Replacement Hydrostatic Release Unit","og_description":"Udskiftning af Ocean Signal SafeSea HR1E Hydrostatic Release Unit eller HRU til SafeSea og rescueME EPIRB'er. K\u00f8b din EPIRB HRU-erstatning i dag.","og_url":"https:\/\/oceansignal.com\/da\/products\/ocean-signal-hr1e-replacement-hydrostatic-release-unit\/","og_site_name":"Ocean Signal","article_modified_time":"2025-07-08T09:31:20+00:00","og_image":[{"width":1024,"height":1024,"url":"https:\/\/oceansignal.com\/wp-content\/uploads\/2024\/03\/HR1E_Front-1024x1024.png","type":"image\/png"}],"twitter_card":"summary_large_image","twitter_misc":{"Estimeret l\u00e6setid":"1 minut"},"schema":{"@context":"https:\/\/schema.org","@graph":[{"@type":"WebPage","@id":"https:\/\/oceansignal.com\/da\/products\/ocean-signal-hr1e-replacement-hydrostatic-release-unit\/","url":"https:\/\/oceansignal.com\/da\/products\/ocean-signal-hr1e-replacement-hydrostatic-release-unit\/","name":"Ocean Signal HR1E Replacement Hydrostatic Release Unit - Ocean Signal","isPartOf":{"@id":"https:\/\/oceansignal.com\/da\/#website"},"primaryImageOfPage":{"@id":"https:\/\/oceansignal.com\/da\/products\/ocean-signal-hr1e-replacement-hydrostatic-release-unit\/#primaryimage"},"image":{"@id":"https:\/\/oceansignal.com\/da\/products\/ocean-signal-hr1e-replacement-hydrostatic-release-unit\/#primaryimage"},"thumbnailUrl":"https:\/\/oceansignal.com\/wp-content\/uploads\/2024\/03\/HR1E_Front.png","datePublished":"2024-03-15T17:33:28+00:00","dateModified":"2025-07-08T09:31:20+00:00","description":"Udskiftning af Ocean Signal SafeSea HR1E Hydrostatic Release Unit eller HRU til SafeSea og rescueME EPIRB'er. K\u00f8b din EPIRB HRU-erstatning i dag.","breadcrumb":{"@id":"https:\/\/oceansignal.com\/da\/products\/ocean-signal-hr1e-replacement-hydrostatic-release-unit\/#breadcrumb"},"inLanguage":"da-DK","potentialAction":[{"@type":"ReadAction","target":["https:\/\/oceansignal.com\/da\/products\/ocean-signal-hr1e-replacement-hydrostatic-release-unit\/"]}]},{"@type":"ImageObject","inLanguage":"da-DK","@id":"https:\/\/oceansignal.com\/da\/products\/ocean-signal-hr1e-replacement-hydrostatic-release-unit\/#primaryimage","url":"https:\/\/oceansignal.com\/wp-content\/uploads\/2024\/03\/HR1E_Front.png","contentUrl":"https:\/\/oceansignal.com\/wp-content\/uploads\/2024\/03\/HR1E_Front.png","width":2147,"height":2147,"caption":"Ocean Signal SafeSea HR1E Hydrostatic Release Unit - vigtigt marine sikkerhedsudstyr til automatisk aktivering af redningsfl\u00e5der"},{"@type":"BreadcrumbList","@id":"https:\/\/oceansignal.com\/da\/products\/ocean-signal-hr1e-replacement-hydrostatic-release-unit\/#breadcrumb","itemListElement":[{"@type":"ListItem","position":1,"name":"Shop","item":"https:\/\/oceansignal.com\/da\/shop\/"},{"@type":"ListItem","position":2,"name":"Ocean Signal HR1E Replacement Hydrostatic Release Unit"}]},{"@type":"WebSite","@id":"https:\/\/oceansignal.com\/da\/#website","url":"https:\/\/oceansignal.com\/da\/","name":"Ocean Signal","description":"A leading manufacturer of EPIRBs, AIS, SARTs, Personal Locator Beacons, Man Overboard Beacon for the Marine and Outdoor Markets.","potentialAction":[{"@type":"SearchAction","target":{"@type":"EntryPoint","urlTemplate":"https:\/\/oceansignal.com\/da\/?s={search_term_string}"},"query-input":{"@type":"PropertyValueSpecification","valueRequired":true,"valueName":"search_term_string"}}],"inLanguage":"da-DK"}]}},"_links":{"self":[{"href":"https:\/\/oceansignal.com\/da\/wp-json\/wp\/v2\/product\/12836","targetHints":{"allow":["GET"]}}],"collection":[{"href":"https:\/\/oceansignal.com\/da\/wp-json\/wp\/v2\/product"}],"about":[{"href":"https:\/\/oceansignal.com\/da\/wp-json\/wp\/v2\/types\/product"}],"wp:featuredmedia":[{"embeddable":true,"href":"https:\/\/oceansignal.com\/da\/wp-json\/wp\/v2\/media\/22873"}],"wp:attachment":[{"href":"https:\/\/oceansignal.com\/da\/wp-json\/wp\/v2\/media?parent=12836"}],"wp:term":[{"taxonomy":"product_brand","embeddable":true,"href":"https:\/\/oceansignal.com\/da\/wp-json\/wp\/v2\/product_brand?post=12836"},{"taxonomy":"product_cat","embeddable":true,"href":"https:\/\/oceansignal.com\/da\/wp-json\/wp\/v2\/product_cat?post=12836"},{"taxonomy":"product_tag","embeddable":true,"href":"https:\/\/oceansignal.com\/da\/wp-json\/wp\/v2\/product_tag?post=12836"}],"curies":[{"name":"wp","href":"https:\/\/api.w.org\/{rel}","templated":true}]}}