{"id":12839,"date":"2023-09-08T13:57:50","date_gmt":"2023-09-08T13:57:50","guid":{"rendered":"https:\/\/oceansignal.com\/products\/safesea-e100-e100g\/"},"modified":"2026-01-21T20:26:55","modified_gmt":"2026-01-21T20:26:55","slug":"safesea-e100-e100g","status":"publish","type":"product","link":"https:\/\/oceansignal.com\/da\/products\/safesea-e100-e100g\/","title":{"rendered":"safeSEA E100\/E100G"},"content":{"rendered":"<p>safeSEA EPIRB&#8217;er opererer i 406 MHz satellitb\u00e5ndet, der overv\u00e5ges af Cospas-Sarsat, den internationale satellitoperat\u00f8r, hvilket sikrer, at et signal kan lokaliseres, uanset hvor i verden det aktiveres. safeSEA EPIRB&#8217;er er ogs\u00e5 udstyret med en 121,5 MHz homing beacon og et kraftigt LED-strobelys for hurtig lokalisering p\u00e5 stedet. <\/p>\n<p>&nbsp;<\/p>\n<p>safeSEA E100G EPIRB har en dedikeret indbygget GPS, der sender en meget pr\u00e6cis position, hvilket reducerer s\u00f8getiden betydeligt.<\/p>\n<p>&nbsp;<\/p>\n<p>Da safeSEA EPIRB-batteriets levetid er den h\u00f8jeste i branchen, holder en Ocean Signal EPIRB redningstjenesterne opdateret om din placering i l\u00e6ngere tid.<\/p>\n<p>&nbsp;<\/p>\n<p><strong>Funktioner:<\/strong><\/p>\n<p>&nbsp;<\/p>\n<ul>\n<li>Valg af GPS- og ikke-GPS-modeller\n<ul>\n<li>E100G EPIRB har en topmoderne 50-kanals GPS-modtager til hurtig og pr\u00e6cis positionsbestemmelse<\/li>\n<\/ul>\n<\/li>\n<li>Manuel beslag, manuel udl\u00f8serhus og fritflydende husmuligheder<\/li>\n<li>Ekstrem batterilevetid selv ved lave temperaturer\n<ul>\n<li>Mere end 96 timers drift<\/li>\n<\/ul>\n<\/li>\n<li>Brugerudskiftelige batterier med fem \u00e5rs udskiftningsinterval<\/li>\n<li>Intuitive betjeningselementer beskyttet mod utilsigtet aktivering<\/li>\n<li>Opfylder eller overg\u00e5r alle internationale standarder<\/li>\n<li>Klasse 2 EPIRB (-20\u00b0C \u2013 +55\u00b0C) til generel brug<\/li>\n<li>Ikke-farligt batteri<\/li>\n<\/ul>\n<p>&nbsp;<\/p>\n<p><strong>Vigtigt:<\/strong> L\u00e6s venligst denne <a href=\"http:\/\/oceansignal.com\/wp-content\/uploads\/2023\/09\/Service-Information-Letter-Ocean-Signal-E100-Self-Test-and-exchange.pdf\">servicebulletin,<\/a> der anbefaler, at du udf\u00f8rer en selvtest p\u00e5 din safeSEA EPIRB.<\/p>\n<p>&nbsp;<\/p>\n<p><strong>Vigtigt:<\/strong> Veuillez lire svp ce <a href=\"http:\/\/oceansignal.com\/wp-content\/uploads\/2023\/09\/Bulletin-Technique-DInformation-Auto-Test-EPIRB-Ocean-Signal-E100-June.pdf\">bulletin d&#8217;information<\/a> qui recommande the faire un auto-test of the balise Ocean Signal E100\/E100G de la gamme safeSEA.<\/p>\n","protected":false},"excerpt":{"rendered":"<p>safeSEA E100 &amp; E100G EPIRB&#8217;erne er designet og konstrueret til at opfylde behovene hos alle kommercielle, fiskeri- og offshore fritidsfart\u00f8jer.<\/p>\n<p> <strong>safeSEA E100 &amp; E100G EPIRBS er udg\u00e5et<\/strong><\/p>\n","protected":false},"featured_media":20802,"template":"","meta":{"_acf_changed":false,"om_disable_all_campaigns":false},"product_brand":[],"product_cat":[1211],"product_tag":[],"class_list":{"0":"post-12839","1":"product","2":"type-product","3":"status-publish","4":"has-post-thumbnail","6":"product_cat-udgaet","8":"first","9":"outofstock","10":"taxable","11":"shipping-taxable","12":"product-type-simple"},"acf":[],"yoast_head":"<!-- This site is optimized with the Yoast SEO Premium plugin v25.2 (Yoast SEO v26.4) - https:\/\/yoast.com\/wordpress\/plugins\/seo\/ -->\n<title>safeSEA E100\/E100G - Ocean Signal<\/title>\n<meta name=\"description\" content=\"Ocean Signal E100 EPIRB: Essentiel for maritim sikkerhed. \u00d8jeblikkelig n\u00f8dsignalering for hurtig reaktion. Forbedrer sikkerheden ombord.\" \/>\n<meta name=\"robots\" content=\"index, follow, max-snippet:-1, max-image-preview:large, max-video-preview:-1\" \/>\n<link rel=\"canonical\" href=\"https:\/\/oceansignal.com\/da\/products\/safesea-e100-e100g\/\" \/>\n<meta property=\"og:locale\" content=\"da_DK\" \/>\n<meta property=\"og:type\" content=\"article\" \/>\n<meta property=\"og:title\" content=\"safeSEA E100\/E100G\" \/>\n<meta property=\"og:description\" content=\"Ocean Signal E100 EPIRB: Essentiel for maritim sikkerhed. \u00d8jeblikkelig n\u00f8dsignalering for hurtig reaktion. Forbedrer sikkerheden ombord.\" \/>\n<meta property=\"og:url\" content=\"https:\/\/oceansignal.com\/da\/products\/safesea-e100-e100g\/\" \/>\n<meta property=\"og:site_name\" content=\"Ocean Signal\" \/>\n<meta property=\"article:modified_time\" content=\"2026-01-21T20:26:55+00:00\" \/>\n<meta property=\"og:image\" content=\"https:\/\/oceansignal.com\/wp-content\/uploads\/2023\/09\/OSL-E100-360_600x600.gif\" \/>\n\t<meta property=\"og:image:width\" content=\"600\" \/>\n\t<meta property=\"og:image:height\" content=\"600\" \/>\n\t<meta property=\"og:image:type\" content=\"image\/gif\" \/>\n<meta name=\"twitter:card\" content=\"summary_large_image\" \/>\n<meta name=\"twitter:label1\" content=\"Estimeret l\u00e6setid\" \/>\n\t<meta name=\"twitter:data1\" content=\"1 minut\" \/>\n<script type=\"application\/ld+json\" class=\"yoast-schema-graph\">{\"@context\":\"https:\/\/schema.org\",\"@graph\":[{\"@type\":\"WebPage\",\"@id\":\"https:\/\/oceansignal.com\/da\/products\/safesea-e100-e100g\/\",\"url\":\"https:\/\/oceansignal.com\/da\/products\/safesea-e100-e100g\/\",\"name\":\"safeSEA E100\/E100G - Ocean Signal\",\"isPartOf\":{\"@id\":\"https:\/\/oceansignal.com\/da\/#website\"},\"primaryImageOfPage\":{\"@id\":\"https:\/\/oceansignal.com\/da\/products\/safesea-e100-e100g\/#primaryimage\"},\"image\":{\"@id\":\"https:\/\/oceansignal.com\/da\/products\/safesea-e100-e100g\/#primaryimage\"},\"thumbnailUrl\":\"https:\/\/oceansignal.com\/wp-content\/uploads\/2023\/09\/OSL-E100-360_600x600.gif\",\"datePublished\":\"2023-09-08T13:57:50+00:00\",\"dateModified\":\"2026-01-21T20:26:55+00:00\",\"description\":\"Ocean Signal E100 EPIRB: Essentiel for maritim sikkerhed. \u00d8jeblikkelig n\u00f8dsignalering for hurtig reaktion. Forbedrer sikkerheden ombord.\",\"breadcrumb\":{\"@id\":\"https:\/\/oceansignal.com\/da\/products\/safesea-e100-e100g\/#breadcrumb\"},\"inLanguage\":\"da-DK\",\"potentialAction\":[{\"@type\":\"ReadAction\",\"target\":[\"https:\/\/oceansignal.com\/da\/products\/safesea-e100-e100g\/\"]}]},{\"@type\":\"ImageObject\",\"inLanguage\":\"da-DK\",\"@id\":\"https:\/\/oceansignal.com\/da\/products\/safesea-e100-e100g\/#primaryimage\",\"url\":\"https:\/\/oceansignal.com\/wp-content\/uploads\/2023\/09\/OSL-E100-360_600x600.gif\",\"contentUrl\":\"https:\/\/oceansignal.com\/wp-content\/uploads\/2023\/09\/OSL-E100-360_600x600.gif\",\"width\":600,\"height\":600},{\"@type\":\"BreadcrumbList\",\"@id\":\"https:\/\/oceansignal.com\/da\/products\/safesea-e100-e100g\/#breadcrumb\",\"itemListElement\":[{\"@type\":\"ListItem\",\"position\":1,\"name\":\"Shop\",\"item\":\"https:\/\/oceansignal.com\/da\/shop\/\"},{\"@type\":\"ListItem\",\"position\":2,\"name\":\"safeSEA E100\/E100G\"}]},{\"@type\":\"WebSite\",\"@id\":\"https:\/\/oceansignal.com\/da\/#website\",\"url\":\"https:\/\/oceansignal.com\/da\/\",\"name\":\"Ocean Signal\",\"description\":\"A leading manufacturer of EPIRBs, AIS, SARTs, Personal Locator Beacons, Man Overboard Beacon for the Marine and Outdoor Markets.\",\"potentialAction\":[{\"@type\":\"SearchAction\",\"target\":{\"@type\":\"EntryPoint\",\"urlTemplate\":\"https:\/\/oceansignal.com\/da\/?s={search_term_string}\"},\"query-input\":{\"@type\":\"PropertyValueSpecification\",\"valueRequired\":true,\"valueName\":\"search_term_string\"}}],\"inLanguage\":\"da-DK\"}]}<\/script>\n<!-- \/ Yoast SEO Premium plugin. -->","yoast_head_json":{"title":"safeSEA E100\/E100G - Ocean Signal","description":"Ocean Signal E100 EPIRB: Essentiel for maritim sikkerhed. \u00d8jeblikkelig n\u00f8dsignalering for hurtig reaktion. Forbedrer sikkerheden ombord.","robots":{"index":"index","follow":"follow","max-snippet":"max-snippet:-1","max-image-preview":"max-image-preview:large","max-video-preview":"max-video-preview:-1"},"canonical":"https:\/\/oceansignal.com\/da\/products\/safesea-e100-e100g\/","og_locale":"da_DK","og_type":"article","og_title":"safeSEA E100\/E100G","og_description":"Ocean Signal E100 EPIRB: Essentiel for maritim sikkerhed. \u00d8jeblikkelig n\u00f8dsignalering for hurtig reaktion. Forbedrer sikkerheden ombord.","og_url":"https:\/\/oceansignal.com\/da\/products\/safesea-e100-e100g\/","og_site_name":"Ocean Signal","article_modified_time":"2026-01-21T20:26:55+00:00","og_image":[{"url":"https:\/\/oceansignal.com\/wp-content\/uploads\/2023\/09\/OSL-E100-360_600x600.gif","width":600,"height":600,"type":"image\/gif"}],"twitter_card":"summary_large_image","twitter_misc":{"Estimeret l\u00e6setid":"1 minut"},"schema":{"@context":"https:\/\/schema.org","@graph":[{"@type":"WebPage","@id":"https:\/\/oceansignal.com\/da\/products\/safesea-e100-e100g\/","url":"https:\/\/oceansignal.com\/da\/products\/safesea-e100-e100g\/","name":"safeSEA E100\/E100G - Ocean Signal","isPartOf":{"@id":"https:\/\/oceansignal.com\/da\/#website"},"primaryImageOfPage":{"@id":"https:\/\/oceansignal.com\/da\/products\/safesea-e100-e100g\/#primaryimage"},"image":{"@id":"https:\/\/oceansignal.com\/da\/products\/safesea-e100-e100g\/#primaryimage"},"thumbnailUrl":"https:\/\/oceansignal.com\/wp-content\/uploads\/2023\/09\/OSL-E100-360_600x600.gif","datePublished":"2023-09-08T13:57:50+00:00","dateModified":"2026-01-21T20:26:55+00:00","description":"Ocean Signal E100 EPIRB: Essentiel for maritim sikkerhed. \u00d8jeblikkelig n\u00f8dsignalering for hurtig reaktion. Forbedrer sikkerheden ombord.","breadcrumb":{"@id":"https:\/\/oceansignal.com\/da\/products\/safesea-e100-e100g\/#breadcrumb"},"inLanguage":"da-DK","potentialAction":[{"@type":"ReadAction","target":["https:\/\/oceansignal.com\/da\/products\/safesea-e100-e100g\/"]}]},{"@type":"ImageObject","inLanguage":"da-DK","@id":"https:\/\/oceansignal.com\/da\/products\/safesea-e100-e100g\/#primaryimage","url":"https:\/\/oceansignal.com\/wp-content\/uploads\/2023\/09\/OSL-E100-360_600x600.gif","contentUrl":"https:\/\/oceansignal.com\/wp-content\/uploads\/2023\/09\/OSL-E100-360_600x600.gif","width":600,"height":600},{"@type":"BreadcrumbList","@id":"https:\/\/oceansignal.com\/da\/products\/safesea-e100-e100g\/#breadcrumb","itemListElement":[{"@type":"ListItem","position":1,"name":"Shop","item":"https:\/\/oceansignal.com\/da\/shop\/"},{"@type":"ListItem","position":2,"name":"safeSEA E100\/E100G"}]},{"@type":"WebSite","@id":"https:\/\/oceansignal.com\/da\/#website","url":"https:\/\/oceansignal.com\/da\/","name":"Ocean Signal","description":"A leading manufacturer of EPIRBs, AIS, SARTs, Personal Locator Beacons, Man Overboard Beacon for the Marine and Outdoor Markets.","potentialAction":[{"@type":"SearchAction","target":{"@type":"EntryPoint","urlTemplate":"https:\/\/oceansignal.com\/da\/?s={search_term_string}"},"query-input":{"@type":"PropertyValueSpecification","valueRequired":true,"valueName":"search_term_string"}}],"inLanguage":"da-DK"}]}},"_links":{"self":[{"href":"https:\/\/oceansignal.com\/da\/wp-json\/wp\/v2\/product\/12839","targetHints":{"allow":["GET"]}}],"collection":[{"href":"https:\/\/oceansignal.com\/da\/wp-json\/wp\/v2\/product"}],"about":[{"href":"https:\/\/oceansignal.com\/da\/wp-json\/wp\/v2\/types\/product"}],"wp:featuredmedia":[{"embeddable":true,"href":"https:\/\/oceansignal.com\/da\/wp-json\/wp\/v2\/media\/20802"}],"wp:attachment":[{"href":"https:\/\/oceansignal.com\/da\/wp-json\/wp\/v2\/media?parent=12839"}],"wp:term":[{"taxonomy":"product_brand","embeddable":true,"href":"https:\/\/oceansignal.com\/da\/wp-json\/wp\/v2\/product_brand?post=12839"},{"taxonomy":"product_cat","embeddable":true,"href":"https:\/\/oceansignal.com\/da\/wp-json\/wp\/v2\/product_cat?post=12839"},{"taxonomy":"product_tag","embeddable":true,"href":"https:\/\/oceansignal.com\/da\/wp-json\/wp\/v2\/product_tag?post=12839"}],"curies":[{"name":"wp","href":"https:\/\/api.w.org\/{rel}","templated":true}]}}