{"id":12845,"date":"2023-09-08T13:06:06","date_gmt":"2023-09-08T13:06:06","guid":{"rendered":"https:\/\/oceansignal.com\/products\/m100-m100x-2\/"},"modified":"2026-02-25T13:51:40","modified_gmt":"2026-02-25T13:51:40","slug":"m100-m100x-2","status":"publish","type":"product","link":"https:\/\/oceansignal.com\/da\/products\/m100-m100x-2\/","title":{"rendered":"M100\/M100X"},"content":{"rendered":"<p class=\"ai-optimize-36 ai-optimize-introduction\">Den integrerede 66-kanals GPS sikrer en positionsopdatering hvert minut via AIS. Forskellen mellem Ocean Signal M100 og M100X er, at M100X er designet til at opfylde det europ\u00e6iske ATEX-direktiv og har IECEx-godkendelse til brug i zone 2 eksplosive atmosf\u00e6rer. <\/p>\n<p class=\"ai-optimize-37\">Vil du have en MOB med 406 MHz? Tjek den nye <a href=\"https:\/\/oceansignal.com\/products\/rescueme-plb3-ais-plb\/\">rescueME PLB3<\/a> <\/p>\n<p class=\"ai-optimize-38\"><em>F\u00f8lgende erkl\u00e6ring er kun for amerikanske kunder: Denne enhed er ikke blevet godkendt i henhold til reglerne fra Federal Communications Commission. Denne enhed udbydes ikke og m\u00e5 ikke udbydes til salg eller leasing eller s\u00e6lges eller leases, f\u00f8r autorisation er opn\u00e5et. <\/em><\/p>\n<p>&nbsp;<\/p>\n<p class=\"ai-optimize-46\"><strong>Integration af redningsvest<\/strong><\/p>\n<p class=\"ai-optimize-47\">safeSEA M100 AIS kan aktiveres manuelt eller automatisk, n\u00e5r den er installeret i en oppustelig redningsvest, der automatisk pustes op. Installationen er enkel ved hj\u00e6lp af den medf\u00f8lgende orale oppustningsslangeklemme, der fastg\u00f8r M100 til redningsvesten sammen med aktiveringstapen, der er fastgjort omkring redningsvestens bl\u00e6re**. N\u00e5r den er korrekt installeret, udl\u00f8ser oppustningen af \u200b\u200bredningsvestens bl\u00e6re udl\u00f8sning af antennen og aktivering af fyret.  <\/p>\n<p class=\"ai-optimize-48\">* DSC-funktionalitet er underlagt landets regler.<\/p>\n<p class=\"ai-optimize-49\"><strong>** <i data-olk-copy-source=\"MailCompose\">Det anbefales at konsultere redningsvestproducenten inden installation, da specifikke modeller kan have deres egen foretrukne monteringsmetode eller integrationsanbefalinger.<\/i><\/strong><\/p>\n<p>&nbsp;<\/p>\n<p>&nbsp;<\/p>\n","protected":false},"excerpt":{"rendered":"<p>Ocean Signal M100 og M100X MSLD (Maritime Survivor Locating Device) er designet til at im\u00f8dekomme behovene hos det professionelle marinemarked og dets offshorearbejdere. M100 og M100X kan monteres p\u00e5 en redningsvest* og aktiveres automatisk ved oppustning af vesten. N\u00e5r de er aktiveret, sender M100 og M100X en advarsel til alle AIS-modtagere og AIS-aktiverede plottere i n\u00e6rheden. M100 og M100X sender ogs\u00e5 et 121,5 MHz homingsignal ud over AIS.   <\/p>\n<p><strong>BEM\u00c6RK:<\/strong> ECC\/DEC\/(22)02, ogs\u00e5 kendt som AIS Klasse M-forordningen, er blevet implementeret af en r\u00e6kke europ\u00e6iske lande. Betydningen af \u200b\u200bimplementeringen af \u200b\u200bdenne forskrift for eksisterende M100\/M100X-ejere er, at M100\/M100X-beacons ikke l\u00e6ngere m\u00e5 bruges i lande, der har implementeret den nye forskrift. <u><a id=\"OWA2977fb01-e554-25c9-9cd1-9f900cdee827\" class=\"OWAAutoLink\" title=\"https:\/\/docdb.cept.org\/implementation\/28560\" href=\"https:\/\/nam11.safelinks.protection.outlook.com\/?url=https%3A%2F%2Fdocdb.cept.org%2Fimplementation%2F28560&amp;data=05%7C02%7CShawn.Pariaug%40acrartex.com%7Cfac5ae1571d7439f772608de6eeddfec%7Ce41f30dccabc4c87b052e2df2064afce%7C0%7C0%7C639070165436538226%7CUnknown%7CTWFpbGZsb3d8eyJFbXB0eU1hcGkiOnRydWUsIlYiOiIwLjAuMDAwMCIsIlAiOiJXaW4zMiIsIkFOIjoiTWFpbCIsIldUIjoyfQ%3D%3D%7C0%7C%7C%7C&amp;sdata=lN5EEnoNasBM5aShoSlvMT1BCE61no1Ff9nSDKwp0Ko%3D&amp;reserved=0\" data-auth=\"NotApplicable\">Klik her<\/a><\/u> for at f\u00e5 adgang til en liste over europ\u00e6iske lande, der viser, hvor ECC\/DEC\/(22)02 er blevet implementeret. Det er vigtigt at bem\u00e6rke, at begr\u00e6nsning af brugen af \u200b\u200bM100\/M100X i specifikke europ\u00e6iske lande ikke er et resultat af produktfejl, men snarere et direkte resultat af \u00e6ndringer i forskrifterne, der er initieret af et uafh\u00e6ngigt tilsynsorgan.  <\/p>\n<p>&nbsp;<\/p>\n<p><span style=\"color: #c22f2f;\"><em>* Henvis altid til producenten for specifikke instruktioner, f\u00f8r du installerer dette produkt direkte p\u00e5 din redningsvest.<\/em><\/span><\/p>\n","protected":false},"featured_media":12482,"template":"","meta":{"_acf_changed":false,"om_disable_all_campaigns":false},"product_brand":[],"product_cat":[613],"product_tag":[1219],"class_list":{"0":"post-12845","1":"product","2":"type-product","3":"status-publish","4":"has-post-thumbnail","6":"product_cat-professional-da","7":"product_tag-m100-da","9":"first","10":"outofstock","11":"taxable","12":"shipping-taxable","13":"product-type-simple"},"acf":[],"yoast_head":"<!-- This site is optimized with the Yoast SEO Premium plugin v25.2 (Yoast SEO v26.4) - https:\/\/yoast.com\/wordpress\/plugins\/seo\/ -->\n<title>M100\/M100X - Ocean Signal<\/title>\n<meta name=\"description\" content=\"Ocean Signal M100 og M100X AIS og 121.5 mand over bord beacon: P\u00e5lidelig kommerciel MOB til hurtig redning. V\u00e6sentlige maritime sikkerhedsanordninger.\" \/>\n<meta name=\"robots\" content=\"index, follow, max-snippet:-1, max-image-preview:large, max-video-preview:-1\" \/>\n<link rel=\"canonical\" href=\"https:\/\/oceansignal.com\/da\/products\/m100-m100x-2\/\" \/>\n<meta property=\"og:locale\" content=\"da_DK\" \/>\n<meta property=\"og:type\" content=\"article\" \/>\n<meta property=\"og:title\" content=\"M100\/M100X\" \/>\n<meta property=\"og:description\" content=\"Ocean Signal M100 og M100X AIS og 121.5 mand over bord beacon: P\u00e5lidelig kommerciel MOB til hurtig redning. V\u00e6sentlige maritime sikkerhedsanordninger.\" \/>\n<meta property=\"og:url\" content=\"https:\/\/oceansignal.com\/da\/products\/m100-m100x-2\/\" \/>\n<meta property=\"og:site_name\" content=\"Ocean Signal\" \/>\n<meta property=\"article:modified_time\" content=\"2026-02-25T13:51:40+00:00\" \/>\n<meta property=\"og:image\" content=\"https:\/\/oceansignal.com\/wp-content\/uploads\/2023\/09\/M100-Front.png\" \/>\n\t<meta property=\"og:image:width\" content=\"800\" \/>\n\t<meta property=\"og:image:height\" content=\"800\" \/>\n\t<meta property=\"og:image:type\" content=\"image\/png\" \/>\n<meta name=\"twitter:card\" content=\"summary_large_image\" \/>\n<meta name=\"twitter:label1\" content=\"Estimeret l\u00e6setid\" \/>\n\t<meta name=\"twitter:data1\" content=\"1 minut\" \/>\n<script type=\"application\/ld+json\" class=\"yoast-schema-graph\">{\"@context\":\"https:\/\/schema.org\",\"@graph\":[{\"@type\":\"WebPage\",\"@id\":\"https:\/\/oceansignal.com\/da\/products\/m100-m100x-2\/\",\"url\":\"https:\/\/oceansignal.com\/da\/products\/m100-m100x-2\/\",\"name\":\"M100\/M100X - Ocean Signal\",\"isPartOf\":{\"@id\":\"https:\/\/oceansignal.com\/da\/#website\"},\"primaryImageOfPage\":{\"@id\":\"https:\/\/oceansignal.com\/da\/products\/m100-m100x-2\/#primaryimage\"},\"image\":{\"@id\":\"https:\/\/oceansignal.com\/da\/products\/m100-m100x-2\/#primaryimage\"},\"thumbnailUrl\":\"https:\/\/oceansignal.com\/wp-content\/uploads\/2023\/09\/M100-Front.png\",\"datePublished\":\"2023-09-08T13:06:06+00:00\",\"dateModified\":\"2026-02-25T13:51:40+00:00\",\"description\":\"Ocean Signal M100 og M100X AIS og 121.5 mand over bord beacon: P\u00e5lidelig kommerciel MOB til hurtig redning. V\u00e6sentlige maritime sikkerhedsanordninger.\",\"breadcrumb\":{\"@id\":\"https:\/\/oceansignal.com\/da\/products\/m100-m100x-2\/#breadcrumb\"},\"inLanguage\":\"da-DK\",\"potentialAction\":[{\"@type\":\"ReadAction\",\"target\":[\"https:\/\/oceansignal.com\/da\/products\/m100-m100x-2\/\"]}]},{\"@type\":\"ImageObject\",\"inLanguage\":\"da-DK\",\"@id\":\"https:\/\/oceansignal.com\/da\/products\/m100-m100x-2\/#primaryimage\",\"url\":\"https:\/\/oceansignal.com\/wp-content\/uploads\/2023\/09\/M100-Front.png\",\"contentUrl\":\"https:\/\/oceansignal.com\/wp-content\/uploads\/2023\/09\/M100-Front.png\",\"width\":800,\"height\":800},{\"@type\":\"BreadcrumbList\",\"@id\":\"https:\/\/oceansignal.com\/da\/products\/m100-m100x-2\/#breadcrumb\",\"itemListElement\":[{\"@type\":\"ListItem\",\"position\":1,\"name\":\"Shop\",\"item\":\"https:\/\/oceansignal.com\/da\/shop\/\"},{\"@type\":\"ListItem\",\"position\":2,\"name\":\"M100\/M100X\"}]},{\"@type\":\"WebSite\",\"@id\":\"https:\/\/oceansignal.com\/da\/#website\",\"url\":\"https:\/\/oceansignal.com\/da\/\",\"name\":\"Ocean Signal\",\"description\":\"A leading manufacturer of EPIRBs, AIS, SARTs, Personal Locator Beacons, Man Overboard Beacon for the Marine and Outdoor Markets.\",\"potentialAction\":[{\"@type\":\"SearchAction\",\"target\":{\"@type\":\"EntryPoint\",\"urlTemplate\":\"https:\/\/oceansignal.com\/da\/?s={search_term_string}\"},\"query-input\":{\"@type\":\"PropertyValueSpecification\",\"valueRequired\":true,\"valueName\":\"search_term_string\"}}],\"inLanguage\":\"da-DK\"}]}<\/script>\n<!-- \/ Yoast SEO Premium plugin. -->","yoast_head_json":{"title":"M100\/M100X - Ocean Signal","description":"Ocean Signal M100 og M100X AIS og 121.5 mand over bord beacon: P\u00e5lidelig kommerciel MOB til hurtig redning. V\u00e6sentlige maritime sikkerhedsanordninger.","robots":{"index":"index","follow":"follow","max-snippet":"max-snippet:-1","max-image-preview":"max-image-preview:large","max-video-preview":"max-video-preview:-1"},"canonical":"https:\/\/oceansignal.com\/da\/products\/m100-m100x-2\/","og_locale":"da_DK","og_type":"article","og_title":"M100\/M100X","og_description":"Ocean Signal M100 og M100X AIS og 121.5 mand over bord beacon: P\u00e5lidelig kommerciel MOB til hurtig redning. V\u00e6sentlige maritime sikkerhedsanordninger.","og_url":"https:\/\/oceansignal.com\/da\/products\/m100-m100x-2\/","og_site_name":"Ocean Signal","article_modified_time":"2026-02-25T13:51:40+00:00","og_image":[{"width":800,"height":800,"url":"https:\/\/oceansignal.com\/wp-content\/uploads\/2023\/09\/M100-Front.png","type":"image\/png"}],"twitter_card":"summary_large_image","twitter_misc":{"Estimeret l\u00e6setid":"1 minut"},"schema":{"@context":"https:\/\/schema.org","@graph":[{"@type":"WebPage","@id":"https:\/\/oceansignal.com\/da\/products\/m100-m100x-2\/","url":"https:\/\/oceansignal.com\/da\/products\/m100-m100x-2\/","name":"M100\/M100X - Ocean Signal","isPartOf":{"@id":"https:\/\/oceansignal.com\/da\/#website"},"primaryImageOfPage":{"@id":"https:\/\/oceansignal.com\/da\/products\/m100-m100x-2\/#primaryimage"},"image":{"@id":"https:\/\/oceansignal.com\/da\/products\/m100-m100x-2\/#primaryimage"},"thumbnailUrl":"https:\/\/oceansignal.com\/wp-content\/uploads\/2023\/09\/M100-Front.png","datePublished":"2023-09-08T13:06:06+00:00","dateModified":"2026-02-25T13:51:40+00:00","description":"Ocean Signal M100 og M100X AIS og 121.5 mand over bord beacon: P\u00e5lidelig kommerciel MOB til hurtig redning. V\u00e6sentlige maritime sikkerhedsanordninger.","breadcrumb":{"@id":"https:\/\/oceansignal.com\/da\/products\/m100-m100x-2\/#breadcrumb"},"inLanguage":"da-DK","potentialAction":[{"@type":"ReadAction","target":["https:\/\/oceansignal.com\/da\/products\/m100-m100x-2\/"]}]},{"@type":"ImageObject","inLanguage":"da-DK","@id":"https:\/\/oceansignal.com\/da\/products\/m100-m100x-2\/#primaryimage","url":"https:\/\/oceansignal.com\/wp-content\/uploads\/2023\/09\/M100-Front.png","contentUrl":"https:\/\/oceansignal.com\/wp-content\/uploads\/2023\/09\/M100-Front.png","width":800,"height":800},{"@type":"BreadcrumbList","@id":"https:\/\/oceansignal.com\/da\/products\/m100-m100x-2\/#breadcrumb","itemListElement":[{"@type":"ListItem","position":1,"name":"Shop","item":"https:\/\/oceansignal.com\/da\/shop\/"},{"@type":"ListItem","position":2,"name":"M100\/M100X"}]},{"@type":"WebSite","@id":"https:\/\/oceansignal.com\/da\/#website","url":"https:\/\/oceansignal.com\/da\/","name":"Ocean Signal","description":"A leading manufacturer of EPIRBs, AIS, SARTs, Personal Locator Beacons, Man Overboard Beacon for the Marine and Outdoor Markets.","potentialAction":[{"@type":"SearchAction","target":{"@type":"EntryPoint","urlTemplate":"https:\/\/oceansignal.com\/da\/?s={search_term_string}"},"query-input":{"@type":"PropertyValueSpecification","valueRequired":true,"valueName":"search_term_string"}}],"inLanguage":"da-DK"}]}},"_links":{"self":[{"href":"https:\/\/oceansignal.com\/da\/wp-json\/wp\/v2\/product\/12845","targetHints":{"allow":["GET"]}}],"collection":[{"href":"https:\/\/oceansignal.com\/da\/wp-json\/wp\/v2\/product"}],"about":[{"href":"https:\/\/oceansignal.com\/da\/wp-json\/wp\/v2\/types\/product"}],"wp:featuredmedia":[{"embeddable":true,"href":"https:\/\/oceansignal.com\/da\/wp-json\/wp\/v2\/media\/12482"}],"wp:attachment":[{"href":"https:\/\/oceansignal.com\/da\/wp-json\/wp\/v2\/media?parent=12845"}],"wp:term":[{"taxonomy":"product_brand","embeddable":true,"href":"https:\/\/oceansignal.com\/da\/wp-json\/wp\/v2\/product_brand?post=12845"},{"taxonomy":"product_cat","embeddable":true,"href":"https:\/\/oceansignal.com\/da\/wp-json\/wp\/v2\/product_cat?post=12845"},{"taxonomy":"product_tag","embeddable":true,"href":"https:\/\/oceansignal.com\/da\/wp-json\/wp\/v2\/product_tag?post=12845"}],"curies":[{"name":"wp","href":"https:\/\/api.w.org\/{rel}","templated":true}]}}