{"id":12848,"date":"2023-09-08T12:47:59","date_gmt":"2023-09-08T12:47:59","guid":{"rendered":"https:\/\/oceansignal.com\/products\/ais-alarm-2\/"},"modified":"2025-11-26T08:55:02","modified_gmt":"2025-11-26T08:55:02","slug":"ais-alarm-2","status":"publish","type":"product","link":"https:\/\/oceansignal.com\/da\/products\/ais-alarm-2\/","title":{"rendered":"AIS Alarm"},"content":{"rendered":"<p>Ocean Signal AIS Alarm er vandt\u00e6t, hvilket giver mulighed for ekstern montering, hvis det \u00f8nskes og har mulighed for at blive programmeret af brugeren med op til 30 individuelle MMSI-numre for at give visuelle og h\u00f8rbare alarmer (h\u00f8rbare alarmer har flere toner til at identificere kilden til AIS-signalet &#8211; MOB eller SART).  <span class=\"fontstyle0\">En integreret rel\u00e6mulighed giver mulighed for tilslutning til en ekstern alarm eller fart\u00f8jets motorafbryder. Rel\u00e6et kan programmeres til at aktiveres efter behov. <\/span><\/p>\n<p>Par med Ocean Signal AIS <a href=\"https:\/\/oceansignal.com\/da\/products\/rescueme-mob1\/\">MOB1<\/a> eller <a href=\"https:\/\/oceansignal.com\/products\/rescueme-plb3-ais-plb\/\">PLB3<\/a> for at advare bes\u00e6tningen inde i kabinen af \u200b\u200bdin mand over bord alarm.<\/p>\n<p>Konfiguration af AIS Alarm kan opn\u00e5s ved at downloade softwaren p\u00e5 nedenst\u00e5ende link:<\/p>\n<p>&nbsp;<\/p>\n<p><a href=\"https:\/\/oceansignal.com\/support\/product-programming\/ais-alarm-box-programming\/\">AIS Alarm<\/a><\/p>\n<p>&nbsp;<\/p>\n<p><em>Selvom der er gjort alt for at sikre, at oplysningerne p\u00e5 denne side er n\u00f8jagtige, kan produkter og specifikationer blive \u00e6ndret uden varsel.<\/em><\/p>\n","protected":false},"excerpt":{"rendered":"<p><strong>AIS-alarmboksen<\/strong> er designet til at sikre, at i det \u00f8jeblik et AIS MOB eller AIS SART-signal modtages, lyder en 87dB h\u00f8rbar alarm, der sikrer, at alle p\u00e5 fart\u00f8jet bliver advaret om en mulig MOB eller en bes\u00e6tning, der har behov for redning. Dens enkle design, kompakte karakter og brugen af \u200b\u200bNMEA 0183 betyder, at det er ligetil at integrere AIS Alarm i din AIS-modtager og eksisterende netv\u00e6rk. <\/p>\n<p><a href=\"https:\/\/www.dropbox.com\/s\/fk04stqsp2hgk5f\/Prop%2065%20-%20DEHP.pdf?dl=0\">ADVARSEL: PROP 65<\/a><\/p>\n","protected":false},"featured_media":20774,"template":"","meta":{"_acf_changed":false,"om_disable_all_campaigns":false},"product_brand":[],"product_cat":[616],"product_tag":[],"class_list":{"0":"post-12848","1":"product","2":"type-product","3":"status-publish","4":"has-post-thumbnail","6":"product_cat-ais-da","8":"first","9":"instock","10":"taxable","11":"shipping-taxable","12":"purchasable","13":"product-type-simple"},"acf":[],"yoast_head":"<!-- This site is optimized with the Yoast SEO Premium plugin v25.2 (Yoast SEO v26.4) - https:\/\/yoast.com\/wordpress\/plugins\/seo\/ -->\n<title>AIS Alarm - Ocean Signal<\/title>\n<meta name=\"description\" content=\"Ocean Signal Alarm Box: P\u00e5lidelig maritime sikkerhedsl\u00f8sning til \u00f8jeblikkelige advarsler om en AIS Man overbord n\u00f8dsituation. Sikre hurtig reaktion i n\u00f8dstilf\u00e6lde.\" \/>\n<meta name=\"robots\" content=\"index, follow, max-snippet:-1, max-image-preview:large, max-video-preview:-1\" \/>\n<link rel=\"canonical\" href=\"https:\/\/oceansignal.com\/da\/products\/ais-alarm-2\/\" \/>\n<meta property=\"og:locale\" content=\"da_DK\" \/>\n<meta property=\"og:type\" content=\"article\" \/>\n<meta property=\"og:title\" content=\"AIS Alarm\" \/>\n<meta property=\"og:description\" content=\"Ocean Signal Alarm Box: P\u00e5lidelig maritime sikkerhedsl\u00f8sning til \u00f8jeblikkelige advarsler om en AIS Man overbord n\u00f8dsituation. Sikre hurtig reaktion i n\u00f8dstilf\u00e6lde.\" \/>\n<meta property=\"og:url\" content=\"https:\/\/oceansignal.com\/da\/products\/ais-alarm-2\/\" \/>\n<meta property=\"og:site_name\" content=\"Ocean Signal\" \/>\n<meta property=\"article:modified_time\" content=\"2025-11-26T08:55:02+00:00\" \/>\n<meta property=\"og:image\" content=\"https:\/\/oceansignal.com\/wp-content\/uploads\/2023\/09\/OSL-AIS-Alarm-360_600x600.gif\" \/>\n\t<meta property=\"og:image:width\" content=\"600\" \/>\n\t<meta property=\"og:image:height\" content=\"600\" \/>\n\t<meta property=\"og:image:type\" content=\"image\/gif\" \/>\n<meta name=\"twitter:card\" content=\"summary_large_image\" \/>\n<meta name=\"twitter:label1\" content=\"Estimeret l\u00e6setid\" \/>\n\t<meta name=\"twitter:data1\" content=\"1 minut\" \/>\n<script type=\"application\/ld+json\" class=\"yoast-schema-graph\">{\"@context\":\"https:\/\/schema.org\",\"@graph\":[{\"@type\":\"WebPage\",\"@id\":\"https:\/\/oceansignal.com\/da\/products\/ais-alarm-2\/\",\"url\":\"https:\/\/oceansignal.com\/da\/products\/ais-alarm-2\/\",\"name\":\"AIS Alarm - Ocean Signal\",\"isPartOf\":{\"@id\":\"https:\/\/oceansignal.com\/da\/#website\"},\"primaryImageOfPage\":{\"@id\":\"https:\/\/oceansignal.com\/da\/products\/ais-alarm-2\/#primaryimage\"},\"image\":{\"@id\":\"https:\/\/oceansignal.com\/da\/products\/ais-alarm-2\/#primaryimage\"},\"thumbnailUrl\":\"https:\/\/oceansignal.com\/wp-content\/uploads\/2023\/09\/OSL-AIS-Alarm-360_600x600.gif\",\"datePublished\":\"2023-09-08T12:47:59+00:00\",\"dateModified\":\"2025-11-26T08:55:02+00:00\",\"description\":\"Ocean Signal Alarm Box: P\u00e5lidelig maritime sikkerhedsl\u00f8sning til \u00f8jeblikkelige advarsler om en AIS Man overbord n\u00f8dsituation. Sikre hurtig reaktion i n\u00f8dstilf\u00e6lde.\",\"breadcrumb\":{\"@id\":\"https:\/\/oceansignal.com\/da\/products\/ais-alarm-2\/#breadcrumb\"},\"inLanguage\":\"da-DK\",\"potentialAction\":[{\"@type\":\"ReadAction\",\"target\":[\"https:\/\/oceansignal.com\/da\/products\/ais-alarm-2\/\"]}]},{\"@type\":\"ImageObject\",\"inLanguage\":\"da-DK\",\"@id\":\"https:\/\/oceansignal.com\/da\/products\/ais-alarm-2\/#primaryimage\",\"url\":\"https:\/\/oceansignal.com\/wp-content\/uploads\/2023\/09\/OSL-AIS-Alarm-360_600x600.gif\",\"contentUrl\":\"https:\/\/oceansignal.com\/wp-content\/uploads\/2023\/09\/OSL-AIS-Alarm-360_600x600.gif\",\"width\":600,\"height\":600},{\"@type\":\"BreadcrumbList\",\"@id\":\"https:\/\/oceansignal.com\/da\/products\/ais-alarm-2\/#breadcrumb\",\"itemListElement\":[{\"@type\":\"ListItem\",\"position\":1,\"name\":\"Shop\",\"item\":\"https:\/\/oceansignal.com\/da\/shop\/\"},{\"@type\":\"ListItem\",\"position\":2,\"name\":\"AIS Alarm\"}]},{\"@type\":\"WebSite\",\"@id\":\"https:\/\/oceansignal.com\/da\/#website\",\"url\":\"https:\/\/oceansignal.com\/da\/\",\"name\":\"Ocean Signal\",\"description\":\"A leading manufacturer of EPIRBs, AIS, SARTs, Personal Locator Beacons, Man Overboard Beacon for the Marine and Outdoor Markets.\",\"potentialAction\":[{\"@type\":\"SearchAction\",\"target\":{\"@type\":\"EntryPoint\",\"urlTemplate\":\"https:\/\/oceansignal.com\/da\/?s={search_term_string}\"},\"query-input\":{\"@type\":\"PropertyValueSpecification\",\"valueRequired\":true,\"valueName\":\"search_term_string\"}}],\"inLanguage\":\"da-DK\"}]}<\/script>\n<!-- \/ Yoast SEO Premium plugin. -->","yoast_head_json":{"title":"AIS Alarm - Ocean Signal","description":"Ocean Signal Alarm Box: P\u00e5lidelig maritime sikkerhedsl\u00f8sning til \u00f8jeblikkelige advarsler om en AIS Man overbord n\u00f8dsituation. Sikre hurtig reaktion i n\u00f8dstilf\u00e6lde.","robots":{"index":"index","follow":"follow","max-snippet":"max-snippet:-1","max-image-preview":"max-image-preview:large","max-video-preview":"max-video-preview:-1"},"canonical":"https:\/\/oceansignal.com\/da\/products\/ais-alarm-2\/","og_locale":"da_DK","og_type":"article","og_title":"AIS Alarm","og_description":"Ocean Signal Alarm Box: P\u00e5lidelig maritime sikkerhedsl\u00f8sning til \u00f8jeblikkelige advarsler om en AIS Man overbord n\u00f8dsituation. Sikre hurtig reaktion i n\u00f8dstilf\u00e6lde.","og_url":"https:\/\/oceansignal.com\/da\/products\/ais-alarm-2\/","og_site_name":"Ocean Signal","article_modified_time":"2025-11-26T08:55:02+00:00","og_image":[{"url":"https:\/\/oceansignal.com\/wp-content\/uploads\/2023\/09\/OSL-AIS-Alarm-360_600x600.gif","width":600,"height":600,"type":"image\/gif"}],"twitter_card":"summary_large_image","twitter_misc":{"Estimeret l\u00e6setid":"1 minut"},"schema":{"@context":"https:\/\/schema.org","@graph":[{"@type":"WebPage","@id":"https:\/\/oceansignal.com\/da\/products\/ais-alarm-2\/","url":"https:\/\/oceansignal.com\/da\/products\/ais-alarm-2\/","name":"AIS Alarm - Ocean Signal","isPartOf":{"@id":"https:\/\/oceansignal.com\/da\/#website"},"primaryImageOfPage":{"@id":"https:\/\/oceansignal.com\/da\/products\/ais-alarm-2\/#primaryimage"},"image":{"@id":"https:\/\/oceansignal.com\/da\/products\/ais-alarm-2\/#primaryimage"},"thumbnailUrl":"https:\/\/oceansignal.com\/wp-content\/uploads\/2023\/09\/OSL-AIS-Alarm-360_600x600.gif","datePublished":"2023-09-08T12:47:59+00:00","dateModified":"2025-11-26T08:55:02+00:00","description":"Ocean Signal Alarm Box: P\u00e5lidelig maritime sikkerhedsl\u00f8sning til \u00f8jeblikkelige advarsler om en AIS Man overbord n\u00f8dsituation. Sikre hurtig reaktion i n\u00f8dstilf\u00e6lde.","breadcrumb":{"@id":"https:\/\/oceansignal.com\/da\/products\/ais-alarm-2\/#breadcrumb"},"inLanguage":"da-DK","potentialAction":[{"@type":"ReadAction","target":["https:\/\/oceansignal.com\/da\/products\/ais-alarm-2\/"]}]},{"@type":"ImageObject","inLanguage":"da-DK","@id":"https:\/\/oceansignal.com\/da\/products\/ais-alarm-2\/#primaryimage","url":"https:\/\/oceansignal.com\/wp-content\/uploads\/2023\/09\/OSL-AIS-Alarm-360_600x600.gif","contentUrl":"https:\/\/oceansignal.com\/wp-content\/uploads\/2023\/09\/OSL-AIS-Alarm-360_600x600.gif","width":600,"height":600},{"@type":"BreadcrumbList","@id":"https:\/\/oceansignal.com\/da\/products\/ais-alarm-2\/#breadcrumb","itemListElement":[{"@type":"ListItem","position":1,"name":"Shop","item":"https:\/\/oceansignal.com\/da\/shop\/"},{"@type":"ListItem","position":2,"name":"AIS Alarm"}]},{"@type":"WebSite","@id":"https:\/\/oceansignal.com\/da\/#website","url":"https:\/\/oceansignal.com\/da\/","name":"Ocean Signal","description":"A leading manufacturer of EPIRBs, AIS, SARTs, Personal Locator Beacons, Man Overboard Beacon for the Marine and Outdoor Markets.","potentialAction":[{"@type":"SearchAction","target":{"@type":"EntryPoint","urlTemplate":"https:\/\/oceansignal.com\/da\/?s={search_term_string}"},"query-input":{"@type":"PropertyValueSpecification","valueRequired":true,"valueName":"search_term_string"}}],"inLanguage":"da-DK"}]}},"_links":{"self":[{"href":"https:\/\/oceansignal.com\/da\/wp-json\/wp\/v2\/product\/12848","targetHints":{"allow":["GET"]}}],"collection":[{"href":"https:\/\/oceansignal.com\/da\/wp-json\/wp\/v2\/product"}],"about":[{"href":"https:\/\/oceansignal.com\/da\/wp-json\/wp\/v2\/types\/product"}],"wp:featuredmedia":[{"embeddable":true,"href":"https:\/\/oceansignal.com\/da\/wp-json\/wp\/v2\/media\/20774"}],"wp:attachment":[{"href":"https:\/\/oceansignal.com\/da\/wp-json\/wp\/v2\/media?parent=12848"}],"wp:term":[{"taxonomy":"product_brand","embeddable":true,"href":"https:\/\/oceansignal.com\/da\/wp-json\/wp\/v2\/product_brand?post=12848"},{"taxonomy":"product_cat","embeddable":true,"href":"https:\/\/oceansignal.com\/da\/wp-json\/wp\/v2\/product_cat?post=12848"},{"taxonomy":"product_tag","embeddable":true,"href":"https:\/\/oceansignal.com\/da\/wp-json\/wp\/v2\/product_tag?post=12848"}],"curies":[{"name":"wp","href":"https:\/\/api.w.org\/{rel}","templated":true}]}}