{"id":12852,"date":"2023-09-08T12:12:42","date_gmt":"2023-09-08T12:12:42","guid":{"rendered":"https:\/\/oceansignal.com\/products\/ais-atb1-klasse-b-ais-bundle\/"},"modified":"2025-07-30T12:31:50","modified_gmt":"2025-07-30T12:31:50","slug":"ais-atb1-klasse-b-ais-bundle","status":"publish","type":"product","link":"https:\/\/oceansignal.com\/da\/products\/ais-atb1-klasse-b-ais-bundle\/","title":{"rendered":"AIS ATB1 Klasse B+ AIS Bundle"},"content":{"rendered":"<p>&nbsp;<\/p>\n<table>\n<tbody>\n<tr>\n<th><\/th>\n<th class=\"content-entry\">Den kompakte MOB1, der er let integreret i en redningsvest, kommunikerer med ATB1 s\u00e5vel som AIS-udstyrede b\u00e5de inden for en r\u00e6kkevidde p\u00e5 omkring fem mil og vil give to metoder til hurtigt at videregive manden overbords position i en n\u00f8dsituation. For det f\u00f8rste sender den en advarsel til alle AIS-modtagere og AIS-aktiverede plottere i n\u00e6rheden. For det andet vil MOB1 aktivere DSC-alarmen p\u00e5 skibets VHF-radio for at advare andre bes\u00e6tningsmedlemmer. Med bes\u00e6tningen i stand til at spore personens position, mens restitutionen udf\u00f8res, sikrer det integrerede stroboskoplys med st\u00f8bt linse, at den overlevende let kan spottes under d\u00e5rlige lysforhold.   <\/th>\n<\/tr>\n<tr>\n<th><\/th>\n<th><a href=\"https:\/\/oceansignal.com\/da\/products\/rescueme-mob1\/\">Klik her for flere detaljer om MOB1<\/a><\/p>\n<p>&nbsp;<\/th>\n<\/tr>\n<tr>\n<th><\/th>\n<th><\/th>\n<\/tr>\n<tr>\n<th><\/th>\n<th>Ocean Signal avancerede klasse B+ (SOTDMA) ATB1 AIS-transponder er designet til at tilbyde b\u00e5dejere \u00f8get synlighed og navigationssikkerhed. Ved at inkorporere den overlegne SOTDMA-teknologi tilbyder ATB1 betydelige fordele, herunder \u00f8get prioritet for positionsrapporter uden tab eller forsinkelse af transmission, hvilket forbedrer brugerens evne til at blive set af andre fart\u00f8jer i travle farvande og undg\u00e5 kollision dag eller nat uanset forholdene. Den har en hurtigere rapporteringshastighed og h\u00f8jere udgangseffekt end standard CSTDMA klasse B-enheder, og sender AIS-transmissioner hvert femte sekund i stedet for CSTDMA to transmissioner i minuttet. Enhedens 5W udgangseffekt, sammenlignet med standard 2W, g\u00f8r det muligt for transmissionerne at n\u00e5 l\u00e6ngere.   <\/th>\n<\/tr>\n<tr>\n<th><\/th>\n<th><a href=\"https:\/\/oceansignal.com\/products\/atb1\/\">Klik her for flere detaljer om ATB1<\/a><\/th>\n<\/tr>\n<\/tbody>\n<\/table>\n","protected":false},"excerpt":{"rendered":"<p>Den nye Ocean Signal ATB1 AIS-pakke forener det seneste inden for AIS Klasse B+ teknologi i ATB1-transponderen med to prisvindende rescueME MOB1 mand over bord beacons for at sikre den bedste chance for hurtig redning fra enten den overlevendes eget fart\u00f8j eller andre fart\u00f8jer i n\u00e6rheden, hvis nogen falder i vandet, AIS-s\u00e6ttet bringer sikkerheden ombord til et nyt niveau.<\/p>\n","protected":false},"featured_media":19206,"template":"","meta":{"_acf_changed":false,"om_disable_all_campaigns":false},"product_brand":[],"product_cat":[1211],"product_tag":[],"class_list":{"0":"post-12852","1":"product","2":"type-product","3":"status-publish","4":"has-post-thumbnail","6":"product_cat-udgaet","8":"first","9":"instock","10":"taxable","11":"shipping-taxable","12":"product-type-simple"},"acf":[],"yoast_head":"<!-- This site is optimized with the Yoast SEO Premium plugin v25.2 (Yoast SEO v26.4) - https:\/\/yoast.com\/wordpress\/plugins\/seo\/ -->\n<title>AIS ATB1 Klasse B+ AIS Bundle - Ocean Signal<\/title>\n<meta name=\"robots\" content=\"index, follow, max-snippet:-1, max-image-preview:large, max-video-preview:-1\" \/>\n<link rel=\"canonical\" href=\"https:\/\/oceansignal.com\/da\/products\/ais-atb1-klasse-b-ais-bundle\/\" \/>\n<meta property=\"og:locale\" content=\"da_DK\" \/>\n<meta property=\"og:type\" content=\"article\" \/>\n<meta property=\"og:title\" content=\"AIS ATB1 Klasse B+ AIS Bundle\" \/>\n<meta property=\"og:description\" content=\"Den nye Ocean Signal ATB1 AIS-pakke forener det seneste inden for AIS Klasse B+ teknologi i ATB1-transponderen med to prisvindende rescueME MOB1 mand over bord beacons for at sikre den bedste chance for hurtig redning fra enten den overlevendes eget fart\u00f8j eller andre fart\u00f8jer i n\u00e6rheden, hvis nogen falder i vandet, AIS-s\u00e6ttet bringer sikkerheden ombord til et nyt niveau.\" \/>\n<meta property=\"og:url\" content=\"https:\/\/oceansignal.com\/da\/products\/ais-atb1-klasse-b-ais-bundle\/\" \/>\n<meta property=\"og:site_name\" content=\"Ocean Signal\" \/>\n<meta property=\"article:modified_time\" content=\"2025-07-30T12:31:50+00:00\" \/>\n<meta property=\"og:image\" content=\"https:\/\/oceansignal.com\/wp-content\/uploads\/2023\/09\/OSL-ATB1-MOB-Bundle1-Left-Angle.png\" \/>\n\t<meta property=\"og:image:width\" content=\"720\" \/>\n\t<meta property=\"og:image:height\" content=\"720\" \/>\n\t<meta property=\"og:image:type\" content=\"image\/png\" \/>\n<meta name=\"twitter:card\" content=\"summary_large_image\" \/>\n<meta name=\"twitter:label1\" content=\"Estimeret l\u00e6setid\" \/>\n\t<meta name=\"twitter:data1\" content=\"1 minut\" \/>\n<script type=\"application\/ld+json\" class=\"yoast-schema-graph\">{\"@context\":\"https:\/\/schema.org\",\"@graph\":[{\"@type\":\"WebPage\",\"@id\":\"https:\/\/oceansignal.com\/da\/products\/ais-atb1-klasse-b-ais-bundle\/\",\"url\":\"https:\/\/oceansignal.com\/da\/products\/ais-atb1-klasse-b-ais-bundle\/\",\"name\":\"AIS ATB1 Klasse B+ AIS Bundle - Ocean Signal\",\"isPartOf\":{\"@id\":\"https:\/\/oceansignal.com\/da\/#website\"},\"primaryImageOfPage\":{\"@id\":\"https:\/\/oceansignal.com\/da\/products\/ais-atb1-klasse-b-ais-bundle\/#primaryimage\"},\"image\":{\"@id\":\"https:\/\/oceansignal.com\/da\/products\/ais-atb1-klasse-b-ais-bundle\/#primaryimage\"},\"thumbnailUrl\":\"https:\/\/oceansignal.com\/wp-content\/uploads\/2023\/09\/OSL-ATB1-MOB-Bundle1-Left-Angle.png\",\"datePublished\":\"2023-09-08T12:12:42+00:00\",\"dateModified\":\"2025-07-30T12:31:50+00:00\",\"breadcrumb\":{\"@id\":\"https:\/\/oceansignal.com\/da\/products\/ais-atb1-klasse-b-ais-bundle\/#breadcrumb\"},\"inLanguage\":\"da-DK\",\"potentialAction\":[{\"@type\":\"ReadAction\",\"target\":[\"https:\/\/oceansignal.com\/da\/products\/ais-atb1-klasse-b-ais-bundle\/\"]}]},{\"@type\":\"ImageObject\",\"inLanguage\":\"da-DK\",\"@id\":\"https:\/\/oceansignal.com\/da\/products\/ais-atb1-klasse-b-ais-bundle\/#primaryimage\",\"url\":\"https:\/\/oceansignal.com\/wp-content\/uploads\/2023\/09\/OSL-ATB1-MOB-Bundle1-Left-Angle.png\",\"contentUrl\":\"https:\/\/oceansignal.com\/wp-content\/uploads\/2023\/09\/OSL-ATB1-MOB-Bundle1-Left-Angle.png\",\"width\":720,\"height\":720},{\"@type\":\"BreadcrumbList\",\"@id\":\"https:\/\/oceansignal.com\/da\/products\/ais-atb1-klasse-b-ais-bundle\/#breadcrumb\",\"itemListElement\":[{\"@type\":\"ListItem\",\"position\":1,\"name\":\"Shop\",\"item\":\"https:\/\/oceansignal.com\/da\/shop\/\"},{\"@type\":\"ListItem\",\"position\":2,\"name\":\"AIS ATB1 Klasse B+ AIS Bundle\"}]},{\"@type\":\"WebSite\",\"@id\":\"https:\/\/oceansignal.com\/da\/#website\",\"url\":\"https:\/\/oceansignal.com\/da\/\",\"name\":\"Ocean Signal\",\"description\":\"A leading manufacturer of EPIRBs, AIS, SARTs, Personal Locator Beacons, Man Overboard Beacon for the Marine and Outdoor Markets.\",\"potentialAction\":[{\"@type\":\"SearchAction\",\"target\":{\"@type\":\"EntryPoint\",\"urlTemplate\":\"https:\/\/oceansignal.com\/da\/?s={search_term_string}\"},\"query-input\":{\"@type\":\"PropertyValueSpecification\",\"valueRequired\":true,\"valueName\":\"search_term_string\"}}],\"inLanguage\":\"da-DK\"}]}<\/script>\n<!-- \/ Yoast SEO Premium plugin. -->","yoast_head_json":{"title":"AIS ATB1 Klasse B+ AIS Bundle - Ocean Signal","robots":{"index":"index","follow":"follow","max-snippet":"max-snippet:-1","max-image-preview":"max-image-preview:large","max-video-preview":"max-video-preview:-1"},"canonical":"https:\/\/oceansignal.com\/da\/products\/ais-atb1-klasse-b-ais-bundle\/","og_locale":"da_DK","og_type":"article","og_title":"AIS ATB1 Klasse B+ AIS Bundle","og_description":"Den nye Ocean Signal ATB1 AIS-pakke forener det seneste inden for AIS Klasse B+ teknologi i ATB1-transponderen med to prisvindende rescueME MOB1 mand over bord beacons for at sikre den bedste chance for hurtig redning fra enten den overlevendes eget fart\u00f8j eller andre fart\u00f8jer i n\u00e6rheden, hvis nogen falder i vandet, AIS-s\u00e6ttet bringer sikkerheden ombord til et nyt niveau.","og_url":"https:\/\/oceansignal.com\/da\/products\/ais-atb1-klasse-b-ais-bundle\/","og_site_name":"Ocean Signal","article_modified_time":"2025-07-30T12:31:50+00:00","og_image":[{"width":720,"height":720,"url":"https:\/\/oceansignal.com\/wp-content\/uploads\/2023\/09\/OSL-ATB1-MOB-Bundle1-Left-Angle.png","type":"image\/png"}],"twitter_card":"summary_large_image","twitter_misc":{"Estimeret l\u00e6setid":"1 minut"},"schema":{"@context":"https:\/\/schema.org","@graph":[{"@type":"WebPage","@id":"https:\/\/oceansignal.com\/da\/products\/ais-atb1-klasse-b-ais-bundle\/","url":"https:\/\/oceansignal.com\/da\/products\/ais-atb1-klasse-b-ais-bundle\/","name":"AIS ATB1 Klasse B+ AIS Bundle - Ocean Signal","isPartOf":{"@id":"https:\/\/oceansignal.com\/da\/#website"},"primaryImageOfPage":{"@id":"https:\/\/oceansignal.com\/da\/products\/ais-atb1-klasse-b-ais-bundle\/#primaryimage"},"image":{"@id":"https:\/\/oceansignal.com\/da\/products\/ais-atb1-klasse-b-ais-bundle\/#primaryimage"},"thumbnailUrl":"https:\/\/oceansignal.com\/wp-content\/uploads\/2023\/09\/OSL-ATB1-MOB-Bundle1-Left-Angle.png","datePublished":"2023-09-08T12:12:42+00:00","dateModified":"2025-07-30T12:31:50+00:00","breadcrumb":{"@id":"https:\/\/oceansignal.com\/da\/products\/ais-atb1-klasse-b-ais-bundle\/#breadcrumb"},"inLanguage":"da-DK","potentialAction":[{"@type":"ReadAction","target":["https:\/\/oceansignal.com\/da\/products\/ais-atb1-klasse-b-ais-bundle\/"]}]},{"@type":"ImageObject","inLanguage":"da-DK","@id":"https:\/\/oceansignal.com\/da\/products\/ais-atb1-klasse-b-ais-bundle\/#primaryimage","url":"https:\/\/oceansignal.com\/wp-content\/uploads\/2023\/09\/OSL-ATB1-MOB-Bundle1-Left-Angle.png","contentUrl":"https:\/\/oceansignal.com\/wp-content\/uploads\/2023\/09\/OSL-ATB1-MOB-Bundle1-Left-Angle.png","width":720,"height":720},{"@type":"BreadcrumbList","@id":"https:\/\/oceansignal.com\/da\/products\/ais-atb1-klasse-b-ais-bundle\/#breadcrumb","itemListElement":[{"@type":"ListItem","position":1,"name":"Shop","item":"https:\/\/oceansignal.com\/da\/shop\/"},{"@type":"ListItem","position":2,"name":"AIS ATB1 Klasse B+ AIS Bundle"}]},{"@type":"WebSite","@id":"https:\/\/oceansignal.com\/da\/#website","url":"https:\/\/oceansignal.com\/da\/","name":"Ocean Signal","description":"A leading manufacturer of EPIRBs, AIS, SARTs, Personal Locator Beacons, Man Overboard Beacon for the Marine and Outdoor Markets.","potentialAction":[{"@type":"SearchAction","target":{"@type":"EntryPoint","urlTemplate":"https:\/\/oceansignal.com\/da\/?s={search_term_string}"},"query-input":{"@type":"PropertyValueSpecification","valueRequired":true,"valueName":"search_term_string"}}],"inLanguage":"da-DK"}]}},"_links":{"self":[{"href":"https:\/\/oceansignal.com\/da\/wp-json\/wp\/v2\/product\/12852","targetHints":{"allow":["GET"]}}],"collection":[{"href":"https:\/\/oceansignal.com\/da\/wp-json\/wp\/v2\/product"}],"about":[{"href":"https:\/\/oceansignal.com\/da\/wp-json\/wp\/v2\/types\/product"}],"wp:featuredmedia":[{"embeddable":true,"href":"https:\/\/oceansignal.com\/da\/wp-json\/wp\/v2\/media\/19206"}],"wp:attachment":[{"href":"https:\/\/oceansignal.com\/da\/wp-json\/wp\/v2\/media?parent=12852"}],"wp:term":[{"taxonomy":"product_brand","embeddable":true,"href":"https:\/\/oceansignal.com\/da\/wp-json\/wp\/v2\/product_brand?post=12852"},{"taxonomy":"product_cat","embeddable":true,"href":"https:\/\/oceansignal.com\/da\/wp-json\/wp\/v2\/product_cat?post=12852"},{"taxonomy":"product_tag","embeddable":true,"href":"https:\/\/oceansignal.com\/da\/wp-json\/wp\/v2\/product_tag?post=12852"}],"curies":[{"name":"wp","href":"https:\/\/api.w.org\/{rel}","templated":true}]}}