{"id":12855,"date":"2023-09-08T12:03:59","date_gmt":"2023-09-08T12:03:59","guid":{"rendered":"https:\/\/oceansignal.com\/products\/ais-atb1-klasse-b-ais-transceiver\/"},"modified":"2025-09-23T15:44:07","modified_gmt":"2025-09-23T15:44:07","slug":"ais-atb1-klasse-b-ais-transceiver","status":"publish","type":"product","link":"https:\/\/oceansignal.com\/da\/products\/ais-atb1-klasse-b-ais-transceiver\/","title":{"rendered":"AIS ATB1 Klasse B+ AIS Transceiver"},"content":{"rendered":"<p><strong><span class=\"fontstyle0\">ATB1 skal konfigureres af brugeren for at indtaste fart\u00f8jets MMSI-nummer og andre detaljer.<\/span><\/strong><br \/>\n<strong><span class=\"fontstyle0\">Dette kan udf\u00f8res af en mobil-app eller et webbaseret program, v\u00e6lg venligst produktprogrammeringslinket under produktnavnet for at begynde at konfigurere.<br \/>\n<\/span><\/strong><\/p>\n<p>&nbsp;<\/p>\n<ul>\n<li>AIS-faktaark: <a href=\"http:\/\/oceansignal.com\/wp-content\/uploads\/2023\/09\/AIS_Message_Structure.pdf\" target=\"_blank\" rel=\"noopener\">AIS-meddelelsesstruktur<\/a> , <a href=\"http:\/\/oceansignal.com\/wp-content\/uploads\/2023\/09\/AIS_Multiplexing.pdf\" target=\"_blank\" rel=\"noopener\">AIS-multiplexing<\/a> , <a href=\"http:\/\/oceansignal.com\/wp-content\/uploads\/2023\/09\/AIS_with_LRM_Explained.pdf\" target=\"_blank\" rel=\"noopener\">AIS med LRM forklaret<\/a><\/li>\n<\/ul>\n<p>&nbsp;<\/p>\n<p><span class=\"fontstyle0\">Dine fart\u00f8jsoplysninger s\u00e5som position, hastighed, kurs og kurs fastsl\u00e5s automatisk og kontinuerligt ved hj\u00e6lp af den imponerende interne multi-GPS-modtager til n\u00f8jagtig global<\/span> positionering. Med 99 optagelseskanaler og 33 sporingskanaler sikrer denne avancerede teknologi, at AIS-transmissionerne til enhver tid giver den mest n\u00f8jagtige indikation af dit fart\u00f8js position. <\/p>\n<p>&nbsp;<\/p>\n<p><span class=\"fontstyle0\">Andre fart\u00f8jsoplysninger s\u00e5som fart\u00f8jsnavn, kaldesignal, type og dimensioner samt MMSI transmitteres ogs\u00e5 automatisk fra ATB1. Disse oplysninger uploades til ATB1 via WiFi direkte fra Ocean Signal brugervenlige mobilapp eller hjemmeside. N\u00e5r denne information er blevet uploadet, forbliver den gemt i enhedens ikke-flygtige hukommelse, selvom den er slukket i l\u00e6ngere perioder.  <\/span><\/p>\n<p>&nbsp;<\/p>\n<p><span class=\"fontstyle0\">ATB1 modtager og fortolker ogs\u00e5 AIS-meddelelser fra andre AIS-udstyrede fart\u00f8jer inden for r\u00e6kkevidde, som derefter nemt kan videresendes til andre navigationsenheder s\u00e5som kortplottere, b\u00e6rbare computere eller mobiler ved hj\u00e6lp af ATB1&#8217;s NMEA 0183, NMEA 2000<\/span> <span class=\"fontstyle0\">\u00ae<\/span> <span class=\"fontstyle0\">, USB eller WiFi-udgange.<\/span><\/p>\n<p>&nbsp;<\/p>\n<p><span class=\"fontstyle0\">Brug af det overlegne SOTDMA*-adgangsskema adskiller ATB1 fra de tilg\u00e6ngelige CSTDMA**-klasse B-produkter. Denne Ocean Signal Class B+-enhed har samme AIS-transmissionsprioritet som en klasse A-enhed, hvilket giver den ekstra sikkerhed for, at der ikke vil v\u00e6re noget tab eller forsinkelse af transmissionen, selv i omr\u00e5der med h\u00f8j trafik. <\/span><\/p>\n<p>&nbsp;<\/p>\n<p><span class=\"fontstyle0\">ATB1 har ogs\u00e5 en hurtigere rapporteringshastighed og h\u00f8jere udgangseffekt end CSTDMA klasse B-enheder.  <\/span><span class=\"fontstyle0\">Den sender AIS-transmissioner hvert 5. sekund i stedet for de maksimale to transmissioner i minuttet, og 5W udgangseffekten i stedet for 2W giver dine transmissioner mulighed for at n\u00e5 l\u00e6ngere.<\/span><\/p>\n<p>&nbsp;<\/p>\n<p><span class=\"fontstyle0\">En flerfarvet LED-indikator p\u00e5 ATB1 signalerer enhedens igangv\u00e6rende driftsstatus. Denne ekstra sikkerhedsfunktion giver dig tillid til at vide, at ATB1 har kontinuerlig AIS-transmission og optimal ydeevne. ATB1 har et slankt, men alligevel robust vandt\u00e6t design, der har h\u00f8j ydeevne og lavt energiforbrug.    <\/span><\/p>\n<p>&nbsp;<\/p>\n<p><span class=\"fontstyle0\">Den er hurtig og enkel at installere og leveres komplet med en ekstern<\/span> <span class=\"fontstyle0\">GPS-antenne, hvilket betyder, at alt hvad du beh\u00f8ver er brugen af \u200b\u200ben passende enhed (mobiltelefon, tablet eller pc) til at uploade dine fart\u00f8jsoplysninger, og du kan begynde<\/span> <span class=\"fontstyle0\">at sende dine AIS-meddelelser inden for f\u00e5 minutter.<\/span><\/p>\n<p>&nbsp;<\/p>\n<p><span class=\"fontstyle0\">Ocean Signal som er f\u00f8rende inden for livreddende maritime produkter til det professionelle marked og fritidsmarkedet, giver endnu en gang den ultimative sikkerhed og ro i sindet med ATB1 Class B Transceiver.<\/span><\/p>\n<p>&nbsp;<\/p>\n<p><em><span class=\"fontstyle0\">* Selvorganiseret Time Division Multiple Access<br \/>\n ** Carrier Sense Time Division Multiple Access<\/span><\/em><\/p>\n<p>&nbsp;<\/p>\n<p>For ATB1 firmwareopdateringer og revisionshistorik se venligst <strong><a href=\"http:\/\/oceansignal.com\/support\/product-programming\/atb1-class-b-ais-transceiver-programming\/software-updates\/\">denne side<\/a><\/strong> .<\/p>\n","protected":false},"excerpt":{"rendered":"<p><span class=\"fontstyle0\">Ocean Signal <span class=\"fontstyle2\">ATB1<\/span> Klasse B+ AIS-transceiveren med det overlegne <span class=\"fontstyle2\">SOTDMA-<\/span> adgangsskema giver \u00f8get synlighed og sikkerhed til s\u00f8s.<\/span><\/p>\n<p> <span class=\"fontstyle0\">Den fuldt kompatible ATB1 Klasse B+ (SOTDMA) AIS-transceiver fra Ocean Signal er den seneste i en lang r\u00e6kke af v\u00e6sentligt s\u00f8sikkerhedsudstyr udviklet og fremstillet i Storbritannien til det<\/span> maritime marked.<\/p>\n<p> <span class=\"fontstyle0\">Designet som en hj\u00e6lp til at undg\u00e5 kollisioner, giver den en betydelig fordel i navigationssikkerheden, hvilket giver dig ro i sindet, at dit fart\u00f8j vil blive set dag eller nat, uanset vejret, p\u00e5 nutidens travle vandveje.<\/span><\/p>\n","protected":false},"featured_media":20885,"template":"","meta":{"_acf_changed":false,"om_disable_all_campaigns":false},"product_brand":[],"product_cat":[1211],"product_tag":[],"class_list":{"0":"post-12855","1":"product","2":"type-product","3":"status-publish","4":"has-post-thumbnail","6":"product_cat-udgaet","8":"first","9":"outofstock","10":"taxable","11":"shipping-taxable","12":"product-type-simple"},"acf":[],"yoast_head":"<!-- This site is optimized with the Yoast SEO Premium plugin v25.2 (Yoast SEO v26.4) - https:\/\/yoast.com\/wordpress\/plugins\/seo\/ -->\n<title>AIS ATB1 Klasse B+ AIS Transceiver - Ocean Signal<\/title>\n<meta name=\"robots\" content=\"index, follow, max-snippet:-1, max-image-preview:large, max-video-preview:-1\" \/>\n<link rel=\"canonical\" href=\"https:\/\/oceansignal.com\/da\/products\/ais-atb1-klasse-b-ais-transceiver\/\" \/>\n<meta property=\"og:locale\" content=\"da_DK\" \/>\n<meta property=\"og:type\" content=\"article\" \/>\n<meta property=\"og:title\" content=\"AIS ATB1 Klasse B+ AIS Transceiver\" \/>\n<meta property=\"og:description\" content=\"Ocean Signal ATB1 Klasse B+ AIS-transceiveren med det overlegne SOTDMA- adgangsskema giver \u00f8get synlighed og sikkerhed til s\u00f8s.  Den fuldt kompatible ATB1 Klasse B+ (SOTDMA) AIS-transceiver fra Ocean Signal er den seneste i en lang r\u00e6kke af v\u00e6sentligt s\u00f8sikkerhedsudstyr udviklet og fremstillet i Storbritannien til det maritime marked.  Designet som en hj\u00e6lp til at undg\u00e5 kollisioner, giver den en betydelig fordel i navigationssikkerheden, hvilket giver dig ro i sindet, at dit fart\u00f8j vil blive set dag eller nat, uanset vejret, p\u00e5 nutidens travle vandveje.\" \/>\n<meta property=\"og:url\" content=\"https:\/\/oceansignal.com\/da\/products\/ais-atb1-klasse-b-ais-transceiver\/\" \/>\n<meta property=\"og:site_name\" content=\"Ocean Signal\" \/>\n<meta property=\"article:modified_time\" content=\"2025-09-23T15:44:07+00:00\" \/>\n<meta property=\"og:image\" content=\"https:\/\/oceansignal.com\/wp-content\/uploads\/2023\/09\/OSL-ATB1-Bundle-360_600x600-1.gif\" \/>\n\t<meta property=\"og:image:width\" content=\"600\" \/>\n\t<meta property=\"og:image:height\" content=\"600\" \/>\n\t<meta property=\"og:image:type\" content=\"image\/gif\" \/>\n<meta name=\"twitter:card\" content=\"summary_large_image\" \/>\n<meta name=\"twitter:label1\" content=\"Estimeret l\u00e6setid\" \/>\n\t<meta name=\"twitter:data1\" content=\"2 minutter\" \/>\n<script type=\"application\/ld+json\" class=\"yoast-schema-graph\">{\"@context\":\"https:\/\/schema.org\",\"@graph\":[{\"@type\":\"WebPage\",\"@id\":\"https:\/\/oceansignal.com\/da\/products\/ais-atb1-klasse-b-ais-transceiver\/\",\"url\":\"https:\/\/oceansignal.com\/da\/products\/ais-atb1-klasse-b-ais-transceiver\/\",\"name\":\"AIS ATB1 Klasse B+ AIS Transceiver - Ocean Signal\",\"isPartOf\":{\"@id\":\"https:\/\/oceansignal.com\/da\/#website\"},\"primaryImageOfPage\":{\"@id\":\"https:\/\/oceansignal.com\/da\/products\/ais-atb1-klasse-b-ais-transceiver\/#primaryimage\"},\"image\":{\"@id\":\"https:\/\/oceansignal.com\/da\/products\/ais-atb1-klasse-b-ais-transceiver\/#primaryimage\"},\"thumbnailUrl\":\"https:\/\/oceansignal.com\/wp-content\/uploads\/2023\/09\/OSL-ATB1-Bundle-360_600x600-1.gif\",\"datePublished\":\"2023-09-08T12:03:59+00:00\",\"dateModified\":\"2025-09-23T15:44:07+00:00\",\"breadcrumb\":{\"@id\":\"https:\/\/oceansignal.com\/da\/products\/ais-atb1-klasse-b-ais-transceiver\/#breadcrumb\"},\"inLanguage\":\"da-DK\",\"potentialAction\":[{\"@type\":\"ReadAction\",\"target\":[\"https:\/\/oceansignal.com\/da\/products\/ais-atb1-klasse-b-ais-transceiver\/\"]}]},{\"@type\":\"ImageObject\",\"inLanguage\":\"da-DK\",\"@id\":\"https:\/\/oceansignal.com\/da\/products\/ais-atb1-klasse-b-ais-transceiver\/#primaryimage\",\"url\":\"https:\/\/oceansignal.com\/wp-content\/uploads\/2023\/09\/OSL-ATB1-Bundle-360_600x600-1.gif\",\"contentUrl\":\"https:\/\/oceansignal.com\/wp-content\/uploads\/2023\/09\/OSL-ATB1-Bundle-360_600x600-1.gif\",\"width\":600,\"height\":600},{\"@type\":\"BreadcrumbList\",\"@id\":\"https:\/\/oceansignal.com\/da\/products\/ais-atb1-klasse-b-ais-transceiver\/#breadcrumb\",\"itemListElement\":[{\"@type\":\"ListItem\",\"position\":1,\"name\":\"Shop\",\"item\":\"https:\/\/oceansignal.com\/da\/shop\/\"},{\"@type\":\"ListItem\",\"position\":2,\"name\":\"AIS ATB1 Klasse B+ AIS Transceiver\"}]},{\"@type\":\"WebSite\",\"@id\":\"https:\/\/oceansignal.com\/da\/#website\",\"url\":\"https:\/\/oceansignal.com\/da\/\",\"name\":\"Ocean Signal\",\"description\":\"A leading manufacturer of EPIRBs, AIS, SARTs, Personal Locator Beacons, Man Overboard Beacon for the Marine and Outdoor Markets.\",\"potentialAction\":[{\"@type\":\"SearchAction\",\"target\":{\"@type\":\"EntryPoint\",\"urlTemplate\":\"https:\/\/oceansignal.com\/da\/?s={search_term_string}\"},\"query-input\":{\"@type\":\"PropertyValueSpecification\",\"valueRequired\":true,\"valueName\":\"search_term_string\"}}],\"inLanguage\":\"da-DK\"}]}<\/script>\n<!-- \/ Yoast SEO Premium plugin. -->","yoast_head_json":{"title":"AIS ATB1 Klasse B+ AIS Transceiver - Ocean Signal","robots":{"index":"index","follow":"follow","max-snippet":"max-snippet:-1","max-image-preview":"max-image-preview:large","max-video-preview":"max-video-preview:-1"},"canonical":"https:\/\/oceansignal.com\/da\/products\/ais-atb1-klasse-b-ais-transceiver\/","og_locale":"da_DK","og_type":"article","og_title":"AIS ATB1 Klasse B+ AIS Transceiver","og_description":"Ocean Signal ATB1 Klasse B+ AIS-transceiveren med det overlegne SOTDMA- adgangsskema giver \u00f8get synlighed og sikkerhed til s\u00f8s.  Den fuldt kompatible ATB1 Klasse B+ (SOTDMA) AIS-transceiver fra Ocean Signal er den seneste i en lang r\u00e6kke af v\u00e6sentligt s\u00f8sikkerhedsudstyr udviklet og fremstillet i Storbritannien til det maritime marked.  Designet som en hj\u00e6lp til at undg\u00e5 kollisioner, giver den en betydelig fordel i navigationssikkerheden, hvilket giver dig ro i sindet, at dit fart\u00f8j vil blive set dag eller nat, uanset vejret, p\u00e5 nutidens travle vandveje.","og_url":"https:\/\/oceansignal.com\/da\/products\/ais-atb1-klasse-b-ais-transceiver\/","og_site_name":"Ocean Signal","article_modified_time":"2025-09-23T15:44:07+00:00","og_image":[{"url":"https:\/\/oceansignal.com\/wp-content\/uploads\/2023\/09\/OSL-ATB1-Bundle-360_600x600-1.gif","width":600,"height":600,"type":"image\/gif"}],"twitter_card":"summary_large_image","twitter_misc":{"Estimeret l\u00e6setid":"2 minutter"},"schema":{"@context":"https:\/\/schema.org","@graph":[{"@type":"WebPage","@id":"https:\/\/oceansignal.com\/da\/products\/ais-atb1-klasse-b-ais-transceiver\/","url":"https:\/\/oceansignal.com\/da\/products\/ais-atb1-klasse-b-ais-transceiver\/","name":"AIS ATB1 Klasse B+ AIS Transceiver - Ocean Signal","isPartOf":{"@id":"https:\/\/oceansignal.com\/da\/#website"},"primaryImageOfPage":{"@id":"https:\/\/oceansignal.com\/da\/products\/ais-atb1-klasse-b-ais-transceiver\/#primaryimage"},"image":{"@id":"https:\/\/oceansignal.com\/da\/products\/ais-atb1-klasse-b-ais-transceiver\/#primaryimage"},"thumbnailUrl":"https:\/\/oceansignal.com\/wp-content\/uploads\/2023\/09\/OSL-ATB1-Bundle-360_600x600-1.gif","datePublished":"2023-09-08T12:03:59+00:00","dateModified":"2025-09-23T15:44:07+00:00","breadcrumb":{"@id":"https:\/\/oceansignal.com\/da\/products\/ais-atb1-klasse-b-ais-transceiver\/#breadcrumb"},"inLanguage":"da-DK","potentialAction":[{"@type":"ReadAction","target":["https:\/\/oceansignal.com\/da\/products\/ais-atb1-klasse-b-ais-transceiver\/"]}]},{"@type":"ImageObject","inLanguage":"da-DK","@id":"https:\/\/oceansignal.com\/da\/products\/ais-atb1-klasse-b-ais-transceiver\/#primaryimage","url":"https:\/\/oceansignal.com\/wp-content\/uploads\/2023\/09\/OSL-ATB1-Bundle-360_600x600-1.gif","contentUrl":"https:\/\/oceansignal.com\/wp-content\/uploads\/2023\/09\/OSL-ATB1-Bundle-360_600x600-1.gif","width":600,"height":600},{"@type":"BreadcrumbList","@id":"https:\/\/oceansignal.com\/da\/products\/ais-atb1-klasse-b-ais-transceiver\/#breadcrumb","itemListElement":[{"@type":"ListItem","position":1,"name":"Shop","item":"https:\/\/oceansignal.com\/da\/shop\/"},{"@type":"ListItem","position":2,"name":"AIS ATB1 Klasse B+ AIS Transceiver"}]},{"@type":"WebSite","@id":"https:\/\/oceansignal.com\/da\/#website","url":"https:\/\/oceansignal.com\/da\/","name":"Ocean Signal","description":"A leading manufacturer of EPIRBs, AIS, SARTs, Personal Locator Beacons, Man Overboard Beacon for the Marine and Outdoor Markets.","potentialAction":[{"@type":"SearchAction","target":{"@type":"EntryPoint","urlTemplate":"https:\/\/oceansignal.com\/da\/?s={search_term_string}"},"query-input":{"@type":"PropertyValueSpecification","valueRequired":true,"valueName":"search_term_string"}}],"inLanguage":"da-DK"}]}},"_links":{"self":[{"href":"https:\/\/oceansignal.com\/da\/wp-json\/wp\/v2\/product\/12855","targetHints":{"allow":["GET"]}}],"collection":[{"href":"https:\/\/oceansignal.com\/da\/wp-json\/wp\/v2\/product"}],"about":[{"href":"https:\/\/oceansignal.com\/da\/wp-json\/wp\/v2\/types\/product"}],"wp:featuredmedia":[{"embeddable":true,"href":"https:\/\/oceansignal.com\/da\/wp-json\/wp\/v2\/media\/20885"}],"wp:attachment":[{"href":"https:\/\/oceansignal.com\/da\/wp-json\/wp\/v2\/media?parent=12855"}],"wp:term":[{"taxonomy":"product_brand","embeddable":true,"href":"https:\/\/oceansignal.com\/da\/wp-json\/wp\/v2\/product_brand?post=12855"},{"taxonomy":"product_cat","embeddable":true,"href":"https:\/\/oceansignal.com\/da\/wp-json\/wp\/v2\/product_cat?post=12855"},{"taxonomy":"product_tag","embeddable":true,"href":"https:\/\/oceansignal.com\/da\/wp-json\/wp\/v2\/product_tag?post=12855"}],"curies":[{"name":"wp","href":"https:\/\/api.w.org\/{rel}","templated":true}]}}