{"id":12860,"date":"2023-09-08T09:39:08","date_gmt":"2023-09-08T09:39:08","guid":{"rendered":"https:\/\/oceansignal.com\/products\/safesea-s100-radar-sart\/"},"modified":"2026-01-21T19:32:56","modified_gmt":"2026-01-21T19:32:56","slug":"safesea-s100-radar-sart","status":"publish","type":"product","link":"https:\/\/oceansignal.com\/da\/products\/safesea-s100-radar-sart\/","title":{"rendered":"safeSEA S100 Radar SART"},"content":{"rendered":"<h4>safeSEA S100 Search and Rescue Transponder (Radar SART) er en dedikeret radartransponder, der overholder <a href=\"https:\/\/www.imo.org\/\">IMO<\/a> SOLAS-reglerne.<\/h4>\n<p>Den Internationale S\u00f8fartsorganisation (IMO) p\u00e5l\u00e6gger det globale maritime n\u00f8d- og sikkerhedssystem (GMDSS) transportkrav til Search and Rescue Transpondere (SART&#8217;er). Skibe underlagt GMDSS-regler, herunder passagerskibe, fragtskibe over 300 bruttotonnage og skibe, der er i international fart, skal medf\u00f8re mindst \u00e9n S100 SART. S100 er en kompakt radar SART, der er afg\u00f8rende for at hj\u00e6lpe med at lokalisere n\u00f8dstedte fart\u00f8jer ved at reagere p\u00e5 radarsignaler fra efters\u00f8gnings- og redningsenheder. S100 radaren SART opfylder specifikke pr\u00e6stationsstandarder skitseret af IMO, hvilket sikrer produktets p\u00e5lidelighed og effektivitet i n\u00f8dsituationer. Overholdelse af disse krav er afg\u00f8rende for at \u00f8ge sikkerheden til s\u00f8s og lette rettidige efters\u00f8gnings- og redningsoperationer.    <\/p>\n<ul>\n<li>Overlegen batterilevetid \u2013 selv ved -20\u00b0C<\/li>\n<li>Brugerudskifteligt batteri<\/li>\n<li>Ikke-farligt batteri<\/li>\n<li>Fem \u00e5rs udskiftningsinterval<\/li>\n<li>Kompakt st\u00f8rrelse til nem pakning af redningsfl\u00e5der<\/li>\n<li>Leveres med opbevaringsbeslag<\/li>\n<li>Stang Vist p\u00e5 billeder, der leveres separat (bestillingsvarenummer: 711S-01802 SART monteringsstang)<\/li>\n<\/ul>\n<p>&nbsp;<\/p>\n<h4>Befordringskrav<\/h4>\n<ul>\n<li>SART er p\u00e5kr\u00e6vet p\u00e5 alle IMO SOLAS-fart\u00f8jer p\u00e5 internationale rejser:-\n<ul>\n<li>En p\u00e5 300-500 BRT<\/li>\n<li>To hvis over 500 GRT<\/li>\n<li>En SART for hver fjerde redningsfl\u00e5de p\u00e5 ro-ro passagerskibe<\/li>\n<\/ul>\n<\/li>\n<li>Nationalt bemyndigede fart\u00f8jer, herunder fiskefart\u00f8jer, passagerfart\u00f8jer, kommercielle arbejdsb\u00e5de osv<\/li>\n<li>De fleste Super- og Mega-yachter skal b\u00e6re en SART, is\u00e6r hvis de er omfattet af MCA-kodeksen, som er anerkendt af mange lande.<\/li>\n<li>Frivillige skibe vil ogs\u00e5 drage fordel af at b\u00e6re en SART<\/li>\n<\/ul>\n<p>Har du brug for at opgradere til de nye AIS EPIRB krav? Tjek den nye <a href=\"https:\/\/oceansignal.com\/products\/safesea-epirb3-pro\/\">safeSEA EPIRB3 Pro<\/a> <\/p>\n","protected":false},"excerpt":{"rendered":"<p>Ocean Signal safeSEA S100 Radar Search and Rescue Transponder eller Radar SART er en kritisk komponent i maritimt sikkerhedsudstyr, designet til at forbedre sigtbarheden og hj\u00e6lpe i efters\u00f8gnings- og redningsaktioner. Med sin avancerede radarreflektorteknologi sikrer denne fyr, at dit fart\u00f8j er let at opdage, selv i d\u00e5rlige vejrforhold og situationer med lav sigtbarhed. S100 Radar SART er kompakt og holdbar, nem at implementere og yderst p\u00e5lidelig, hvilket giver ro i sindet for b\u00e5de s\u00f8m\u00e6nd og b\u00e5dejere. Uanset om man navigerer i travle sejlruter eller sejler i fjerntliggende farvande, er Ocean Signal safeSEA S100 Radar SART et vigtigt supplement til ethvert fart\u00f8js sikkerhedsudstyr, der sikrer hurtig og effektiv indsats i n\u00f8dsituationer.   <\/p>\n<p>safeSEA S100 SART er designet til at hj\u00e6lpe med redning og bj\u00e6rgning af redningsfl\u00e5der og redningsfart\u00f8jer. N\u00e5r den er t\u00e6ndt, forbliver SART&#8217;en i standbytilstand, indtil den automatisk aktiveres af en X-b\u00e5nds radars\u00f8gning fra ethvert fart\u00f8j i n\u00e6rheden. safeSEA S100 sender en r\u00e6kke pulser, der vises p\u00e5 skibets radar som en linje af prikker, hvilket giver en pejling til redningsfart\u00f8jet.  <\/p>\n<p><a href=\"https:\/\/www.dropbox.com\/s\/fk04stqsp2hgk5f\/Prop%2065%20-%20DEHP.pdf?dl=0\">ADVARSEL: PROP 65<\/a><\/p>\n","protected":false},"featured_media":23013,"template":"","meta":{"_acf_changed":false,"om_disable_all_campaigns":false},"product_brand":[],"product_cat":[608],"product_tag":[],"class_list":{"0":"post-12860","1":"product","2":"type-product","3":"status-publish","4":"has-post-thumbnail","6":"product_cat-safesea-da","8":"first","9":"instock","10":"taxable","11":"shipping-taxable","12":"purchasable","13":"product-type-simple"},"acf":[],"yoast_head":"<!-- This site is optimized with the Yoast SEO Premium plugin v25.2 (Yoast SEO v26.4) - https:\/\/yoast.com\/wordpress\/plugins\/seo\/ -->\n<title>safeSEA S100 Radar SART - Ocean Signal<\/title>\n<meta name=\"description\" content=\"Ocean Signal S100 Radar SART: Essential radarreflektor til maritim sikkerhed. P\u00e5lidelig GMDSS s\u00f8ge- og redningsbeacon. K\u00f8b nu for ro i sindet!\" \/>\n<meta name=\"robots\" content=\"index, follow, max-snippet:-1, max-image-preview:large, max-video-preview:-1\" \/>\n<link rel=\"canonical\" href=\"https:\/\/oceansignal.com\/da\/products\/safesea-s100-radar-sart\/\" \/>\n<meta property=\"og:locale\" content=\"da_DK\" \/>\n<meta property=\"og:type\" content=\"article\" \/>\n<meta property=\"og:title\" content=\"safeSEA S100 Radar SART\" \/>\n<meta property=\"og:description\" content=\"Ocean Signal S100 Radar SART: Essential radarreflektor til maritim sikkerhed. P\u00e5lidelig GMDSS s\u00f8ge- og redningsbeacon. K\u00f8b nu for ro i sindet!\" \/>\n<meta property=\"og:url\" content=\"https:\/\/oceansignal.com\/da\/products\/safesea-s100-radar-sart\/\" \/>\n<meta property=\"og:site_name\" content=\"Ocean Signal\" \/>\n<meta property=\"article:modified_time\" content=\"2026-01-21T19:32:56+00:00\" \/>\n<meta property=\"og:image\" content=\"https:\/\/oceansignal.com\/wp-content\/uploads\/2023\/09\/OSL-S100-SART-With-back-piece.png\" \/>\n\t<meta property=\"og:image:width\" content=\"792\" \/>\n\t<meta property=\"og:image:height\" content=\"792\" \/>\n\t<meta property=\"og:image:type\" content=\"image\/png\" \/>\n<meta name=\"twitter:card\" content=\"summary_large_image\" \/>\n<meta name=\"twitter:label1\" content=\"Estimeret l\u00e6setid\" \/>\n\t<meta name=\"twitter:data1\" content=\"1 minut\" \/>\n<script type=\"application\/ld+json\" class=\"yoast-schema-graph\">{\"@context\":\"https:\/\/schema.org\",\"@graph\":[{\"@type\":\"WebPage\",\"@id\":\"https:\/\/oceansignal.com\/da\/products\/safesea-s100-radar-sart\/\",\"url\":\"https:\/\/oceansignal.com\/da\/products\/safesea-s100-radar-sart\/\",\"name\":\"safeSEA S100 Radar SART - Ocean Signal\",\"isPartOf\":{\"@id\":\"https:\/\/oceansignal.com\/da\/#website\"},\"primaryImageOfPage\":{\"@id\":\"https:\/\/oceansignal.com\/da\/products\/safesea-s100-radar-sart\/#primaryimage\"},\"image\":{\"@id\":\"https:\/\/oceansignal.com\/da\/products\/safesea-s100-radar-sart\/#primaryimage\"},\"thumbnailUrl\":\"https:\/\/oceansignal.com\/wp-content\/uploads\/2023\/09\/OSL-S100-SART-With-back-piece.png\",\"datePublished\":\"2023-09-08T09:39:08+00:00\",\"dateModified\":\"2026-01-21T19:32:56+00:00\",\"description\":\"Ocean Signal S100 Radar SART: Essential radarreflektor til maritim sikkerhed. P\u00e5lidelig GMDSS s\u00f8ge- og redningsbeacon. K\u00f8b nu for ro i sindet!\",\"breadcrumb\":{\"@id\":\"https:\/\/oceansignal.com\/da\/products\/safesea-s100-radar-sart\/#breadcrumb\"},\"inLanguage\":\"da-DK\",\"potentialAction\":[{\"@type\":\"ReadAction\",\"target\":[\"https:\/\/oceansignal.com\/da\/products\/safesea-s100-radar-sart\/\"]}]},{\"@type\":\"ImageObject\",\"inLanguage\":\"da-DK\",\"@id\":\"https:\/\/oceansignal.com\/da\/products\/safesea-s100-radar-sart\/#primaryimage\",\"url\":\"https:\/\/oceansignal.com\/wp-content\/uploads\/2023\/09\/OSL-S100-SART-With-back-piece.png\",\"contentUrl\":\"https:\/\/oceansignal.com\/wp-content\/uploads\/2023\/09\/OSL-S100-SART-With-back-piece.png\",\"width\":792,\"height\":792,\"caption\":\"Ocean Signal S100 Sart med beslag eksploderet, venstre vinkel\"},{\"@type\":\"BreadcrumbList\",\"@id\":\"https:\/\/oceansignal.com\/da\/products\/safesea-s100-radar-sart\/#breadcrumb\",\"itemListElement\":[{\"@type\":\"ListItem\",\"position\":1,\"name\":\"Shop\",\"item\":\"https:\/\/oceansignal.com\/da\/shop\/\"},{\"@type\":\"ListItem\",\"position\":2,\"name\":\"safeSEA S100 Radar SART\"}]},{\"@type\":\"WebSite\",\"@id\":\"https:\/\/oceansignal.com\/da\/#website\",\"url\":\"https:\/\/oceansignal.com\/da\/\",\"name\":\"Ocean Signal\",\"description\":\"A leading manufacturer of EPIRBs, AIS, SARTs, Personal Locator Beacons, Man Overboard Beacon for the Marine and Outdoor Markets.\",\"potentialAction\":[{\"@type\":\"SearchAction\",\"target\":{\"@type\":\"EntryPoint\",\"urlTemplate\":\"https:\/\/oceansignal.com\/da\/?s={search_term_string}\"},\"query-input\":{\"@type\":\"PropertyValueSpecification\",\"valueRequired\":true,\"valueName\":\"search_term_string\"}}],\"inLanguage\":\"da-DK\"}]}<\/script>\n<!-- \/ Yoast SEO Premium plugin. -->","yoast_head_json":{"title":"safeSEA S100 Radar SART - Ocean Signal","description":"Ocean Signal S100 Radar SART: Essential radarreflektor til maritim sikkerhed. P\u00e5lidelig GMDSS s\u00f8ge- og redningsbeacon. K\u00f8b nu for ro i sindet!","robots":{"index":"index","follow":"follow","max-snippet":"max-snippet:-1","max-image-preview":"max-image-preview:large","max-video-preview":"max-video-preview:-1"},"canonical":"https:\/\/oceansignal.com\/da\/products\/safesea-s100-radar-sart\/","og_locale":"da_DK","og_type":"article","og_title":"safeSEA S100 Radar SART","og_description":"Ocean Signal S100 Radar SART: Essential radarreflektor til maritim sikkerhed. P\u00e5lidelig GMDSS s\u00f8ge- og redningsbeacon. K\u00f8b nu for ro i sindet!","og_url":"https:\/\/oceansignal.com\/da\/products\/safesea-s100-radar-sart\/","og_site_name":"Ocean Signal","article_modified_time":"2026-01-21T19:32:56+00:00","og_image":[{"width":792,"height":792,"url":"https:\/\/oceansignal.com\/wp-content\/uploads\/2023\/09\/OSL-S100-SART-With-back-piece.png","type":"image\/png"}],"twitter_card":"summary_large_image","twitter_misc":{"Estimeret l\u00e6setid":"1 minut"},"schema":{"@context":"https:\/\/schema.org","@graph":[{"@type":"WebPage","@id":"https:\/\/oceansignal.com\/da\/products\/safesea-s100-radar-sart\/","url":"https:\/\/oceansignal.com\/da\/products\/safesea-s100-radar-sart\/","name":"safeSEA S100 Radar SART - Ocean Signal","isPartOf":{"@id":"https:\/\/oceansignal.com\/da\/#website"},"primaryImageOfPage":{"@id":"https:\/\/oceansignal.com\/da\/products\/safesea-s100-radar-sart\/#primaryimage"},"image":{"@id":"https:\/\/oceansignal.com\/da\/products\/safesea-s100-radar-sart\/#primaryimage"},"thumbnailUrl":"https:\/\/oceansignal.com\/wp-content\/uploads\/2023\/09\/OSL-S100-SART-With-back-piece.png","datePublished":"2023-09-08T09:39:08+00:00","dateModified":"2026-01-21T19:32:56+00:00","description":"Ocean Signal S100 Radar SART: Essential radarreflektor til maritim sikkerhed. P\u00e5lidelig GMDSS s\u00f8ge- og redningsbeacon. K\u00f8b nu for ro i sindet!","breadcrumb":{"@id":"https:\/\/oceansignal.com\/da\/products\/safesea-s100-radar-sart\/#breadcrumb"},"inLanguage":"da-DK","potentialAction":[{"@type":"ReadAction","target":["https:\/\/oceansignal.com\/da\/products\/safesea-s100-radar-sart\/"]}]},{"@type":"ImageObject","inLanguage":"da-DK","@id":"https:\/\/oceansignal.com\/da\/products\/safesea-s100-radar-sart\/#primaryimage","url":"https:\/\/oceansignal.com\/wp-content\/uploads\/2023\/09\/OSL-S100-SART-With-back-piece.png","contentUrl":"https:\/\/oceansignal.com\/wp-content\/uploads\/2023\/09\/OSL-S100-SART-With-back-piece.png","width":792,"height":792,"caption":"Ocean Signal S100 Sart med beslag eksploderet, venstre vinkel"},{"@type":"BreadcrumbList","@id":"https:\/\/oceansignal.com\/da\/products\/safesea-s100-radar-sart\/#breadcrumb","itemListElement":[{"@type":"ListItem","position":1,"name":"Shop","item":"https:\/\/oceansignal.com\/da\/shop\/"},{"@type":"ListItem","position":2,"name":"safeSEA S100 Radar SART"}]},{"@type":"WebSite","@id":"https:\/\/oceansignal.com\/da\/#website","url":"https:\/\/oceansignal.com\/da\/","name":"Ocean Signal","description":"A leading manufacturer of EPIRBs, AIS, SARTs, Personal Locator Beacons, Man Overboard Beacon for the Marine and Outdoor Markets.","potentialAction":[{"@type":"SearchAction","target":{"@type":"EntryPoint","urlTemplate":"https:\/\/oceansignal.com\/da\/?s={search_term_string}"},"query-input":{"@type":"PropertyValueSpecification","valueRequired":true,"valueName":"search_term_string"}}],"inLanguage":"da-DK"}]}},"_links":{"self":[{"href":"https:\/\/oceansignal.com\/da\/wp-json\/wp\/v2\/product\/12860","targetHints":{"allow":["GET"]}}],"collection":[{"href":"https:\/\/oceansignal.com\/da\/wp-json\/wp\/v2\/product"}],"about":[{"href":"https:\/\/oceansignal.com\/da\/wp-json\/wp\/v2\/types\/product"}],"wp:featuredmedia":[{"embeddable":true,"href":"https:\/\/oceansignal.com\/da\/wp-json\/wp\/v2\/media\/23013"}],"wp:attachment":[{"href":"https:\/\/oceansignal.com\/da\/wp-json\/wp\/v2\/media?parent=12860"}],"wp:term":[{"taxonomy":"product_brand","embeddable":true,"href":"https:\/\/oceansignal.com\/da\/wp-json\/wp\/v2\/product_brand?post=12860"},{"taxonomy":"product_cat","embeddable":true,"href":"https:\/\/oceansignal.com\/da\/wp-json\/wp\/v2\/product_cat?post=12860"},{"taxonomy":"product_tag","embeddable":true,"href":"https:\/\/oceansignal.com\/da\/wp-json\/wp\/v2\/product_tag?post=12860"}],"curies":[{"name":"wp","href":"https:\/\/api.w.org\/{rel}","templated":true}]}}