{"id":12875,"date":"2023-09-08T09:20:37","date_gmt":"2023-09-08T09:20:37","guid":{"rendered":"https:\/\/oceansignal.com\/products\/safesea-v100-vhf\/"},"modified":"2026-01-21T19:55:48","modified_gmt":"2026-01-21T19:55:48","slug":"safesea-v100-vhf","status":"publish","type":"product","link":"https:\/\/oceansignal.com\/da\/products\/safesea-v100-vhf\/","title":{"rendered":"safeSEA V100 VHF"},"content":{"rendered":"<p>Til rutinetest af V100 er et alkalisk, ikke-genopladeligt batteri (TB6V) tilg\u00e6ngeligt. Dette batteri har begr\u00e6nset levetid kun til test og er ikke egnet til brug. Derudover betyder den nye batteribeskyttelsestap, at det prim\u00e6re batteri kan fastg\u00f8res permanent til radioen uden frygt for at miste sin opladning. Radioen vil altid v\u00e6re tilg\u00e6ngelig til brug i n\u00f8dstilf\u00e6lde uden behov for at fjerne beskyttelsesetiketter eller lignende f\u00f8r brug. Du skal blot bryde den r\u00f8de beskyttelsestap af, og radioen er straks klar til at t\u00e6nde.    <\/p>\n<h4>Funktioner:<\/h4>\n<ul>\n<li>Lithium Polymer genopladeligt batteri med hurtigoplader, til normal brug i hverdagen<\/li>\n<li>Fuldt vandt\u00e6t, selv 40C termisk st\u00f8d<\/li>\n<li>H\u00f8jeffektiv sender for maksimal batterilevetid<\/li>\n<li>Robust design overg\u00e5r GMDSS VHF Radio milj\u00f8krav<\/li>\n<li>Prim\u00e6rt lithiumbatteri til n\u00f8dbrug\n<ul>\n<li>Ny batteribeskyttelsesflig beskytter mod utilsigtet brug<\/li>\n<li>Batteri klassificeret som ikke-farligt til forsendelse<\/li>\n<li>Batteriet giver mere end 16 timers normal drift, selv ved -20\u00b0C. (10 % Tx, 10 % Rx, 80 % Squelched) <\/li>\n<\/ul>\n<\/li>\n<li>Laser\u00e6tsede n\u00f8gleforklaringer for holdbarhed<\/li>\n<li>H\u00f8j kontrast, baggrundsbelyst LCD og tastatur<\/li>\n<li>Mulighed for robust tilbeh\u00f8rsstik; vandt\u00e6t til IP68 til brug med headset, hjelme, fist mikrofoner osv.<\/li>\n<li>4 scanningstilstande, D\/W, T\/W, scanning og hukommelsesscanning<\/li>\n<li>21 simplex kanaler i henhold til IMO SOLAs krav<\/li>\n<\/ul>\n<p>safeSEA V100 GMDSS VHF-radioen opfylder de strenge krav, der er fastsat af konventionerne om sikkerhed for menneskeliv til s\u00f8s (GMDSS), <a href=\"https:\/\/www.imo.org\/\">International Maritime Organization (IMO)<\/a> og Safety of Life at Sea (SOLAS). Den overholder internationale standarder og sikrer, at dit fart\u00f8j overholder reglerne og er klar til maritime operationer.<\/p>\n<p>Fart\u00f8jer, der er underlagt <a href=\"https:\/\/www.navcen.uscg.gov\/global-maritime-distress-and-safety-system\">GMDSS<\/a> -reglerne (Global Maritime Distress and Safety System), skal typisk have en GMDSS VHF-radio.<br \/>\n Disse omfatter:<\/p>\n<ol>\n<li>Passagerskibe, herunder f\u00e6rger og krydstogtskibe.<\/li>\n<li>Fragtskibe p\u00e5 300 bruttotonnage og derover.<\/li>\n<li>Tankskibe, herunder olie-, kemikalie- og flydende gasskibe.<\/li>\n<li>H\u00f8jhastighedsfart\u00f8jer (HSC) p\u00e5 500 bruttotonnage og derover.<\/li>\n<li>Offshore-installationer og mobile offshore-boreenheder (MODU&#8217;er).<\/li>\n<li>Visse statsfart\u00f8jer, der deltager i internationale rejser.<\/li>\n<\/ol>\n<p>Derudover kan specifikke regler g\u00e6lde afh\u00e6ngigt af fart\u00f8jets flagstat, operationsomr\u00e5de og rejsens varighed. Det er vigtigt at konsultere relevante maritime myndigheder og overholde g\u00e6ldende regler for at sikre overholdelse. <\/p>\n<p>Har du brug for at opgradere til en ny AIS EPIRB for at v\u00e6re GMDSS-kompatibel? Tjek den nye <a href=\"https:\/\/oceansignal.com\/products\/safesea-epirb3-pro\/\">safeSEA EPIRB3 Pro<\/a> ud <\/p>\n<p><strong>Vigtigt:<\/strong> L\u00e6s venligst denne <a href=\"http:\/\/oceansignal.com\/wp-content\/uploads\/2023\/09\/Service-Information-Letter-V100-Battery-Replacement.pdf\">servicebulletin<\/a> om et gratis tilbud om batteriudskiftning p\u00e5 batterier med en udl\u00f8bsdato, der ikke overstiger september 2023.<br \/>\n Ce <a href=\"http:\/\/oceansignal.com\/wp-content\/uploads\/2023\/09\/Service-Information-Letter-V100-Battery-Replacement-Fr.pdf\">bulletin<\/a> est \u00e9galement disponible en langue fran\u00e7aise<\/p>\n","protected":false},"excerpt":{"rendered":"<p>Ocean Signal safeSEA V100 Survival VHF er omhyggeligt konstrueret til at v\u00e6re den ultimative kommunikationsl\u00f8sning til GMDSS-, IMO- og SOLAS-fart\u00f8jer. Med sit robuste design og avancerede funktioner er denne GMDSS VHF-radio din livline i n\u00f8dsituationer til s\u00f8s. <\/p>\n<p>Den h\u00e5ndb\u00e6rbare VHF-radio til redningsfart\u00f8jer, safeSEA V100, opfylder alle IMO&#8217;s krav til transport p\u00e5 SOLAS-skibe. V100 er designet til at v\u00e6re ultrarobust og nem at bruge, b\u00e5de om bord og i n\u00f8dsituationer, og er det ideelle valg til obligatorisk og frivillig transport. <\/p>\n<p>Ud over det prim\u00e6re batteri tilbyder Ocean Signal et genopladeligt lithiumpolymerbatteri (RB5V) som en mulighed til hverdagsbrug. Hurtigopladeren giver den ideelle l\u00f8sning til at holde batterierne fuldt opladet. <\/p>\n<p><a href=\"https:\/\/www.dropbox.com\/s\/fk04stqsp2hgk5f\/Prop%2065%20-%20DEHP.pdf?dl=0\">ADVARSEL: PROP 65<\/a><\/p>\n<p>&nbsp;<\/p>\n<p>&nbsp;<\/p>\n","protected":false},"featured_media":20871,"template":"","meta":{"_acf_changed":false,"om_disable_all_campaigns":false},"product_brand":[],"product_cat":[608],"product_tag":[],"class_list":{"0":"post-12875","1":"product","2":"type-product","3":"status-publish","4":"has-post-thumbnail","6":"product_cat-safesea-da","8":"first","9":"instock","10":"taxable","11":"shipping-taxable","12":"purchasable","13":"product-type-simple"},"acf":[],"yoast_head":"<!-- This site is optimized with the Yoast SEO Premium plugin v25.2 (Yoast SEO v26.4) - https:\/\/yoast.com\/wordpress\/plugins\/seo\/ -->\n<title>safeSEA V100 VHF - Ocean Signal<\/title>\n<meta name=\"description\" content=\"Ocean Signal safeSEA V100 VHF-radio: GMDSS-kompatibel til SOLAS-fart\u00f8jer. Essentielt kommunikationsudstyr, der sikrer maritim sikkerhed og overholdelse af regler.\" \/>\n<meta name=\"robots\" content=\"index, follow, max-snippet:-1, max-image-preview:large, max-video-preview:-1\" \/>\n<link rel=\"canonical\" href=\"https:\/\/oceansignal.com\/da\/products\/safesea-v100-vhf\/\" \/>\n<meta property=\"og:locale\" content=\"da_DK\" \/>\n<meta property=\"og:type\" content=\"article\" \/>\n<meta property=\"og:title\" content=\"safeSEA V100 VHF\" \/>\n<meta property=\"og:description\" content=\"Ocean Signal safeSEA V100 VHF-radio: GMDSS-kompatibel til SOLAS-fart\u00f8jer. Essentielt kommunikationsudstyr, der sikrer maritim sikkerhed og overholdelse af regler.\" \/>\n<meta property=\"og:url\" content=\"https:\/\/oceansignal.com\/da\/products\/safesea-v100-vhf\/\" \/>\n<meta property=\"og:site_name\" content=\"Ocean Signal\" \/>\n<meta property=\"article:modified_time\" content=\"2026-01-21T19:55:48+00:00\" \/>\n<meta property=\"og:image\" content=\"https:\/\/oceansignal.com\/wp-content\/uploads\/2023\/09\/OSL-V100-360_600x600.gif\" \/>\n\t<meta property=\"og:image:width\" content=\"600\" \/>\n\t<meta property=\"og:image:height\" content=\"600\" \/>\n\t<meta property=\"og:image:type\" content=\"image\/gif\" \/>\n<meta name=\"twitter:card\" content=\"summary_large_image\" \/>\n<meta name=\"twitter:label1\" content=\"Estimeret l\u00e6setid\" \/>\n\t<meta name=\"twitter:data1\" content=\"2 minutter\" \/>\n<script type=\"application\/ld+json\" class=\"yoast-schema-graph\">{\"@context\":\"https:\/\/schema.org\",\"@graph\":[{\"@type\":\"WebPage\",\"@id\":\"https:\/\/oceansignal.com\/da\/products\/safesea-v100-vhf\/\",\"url\":\"https:\/\/oceansignal.com\/da\/products\/safesea-v100-vhf\/\",\"name\":\"safeSEA V100 VHF - Ocean Signal\",\"isPartOf\":{\"@id\":\"https:\/\/oceansignal.com\/da\/#website\"},\"primaryImageOfPage\":{\"@id\":\"https:\/\/oceansignal.com\/da\/products\/safesea-v100-vhf\/#primaryimage\"},\"image\":{\"@id\":\"https:\/\/oceansignal.com\/da\/products\/safesea-v100-vhf\/#primaryimage\"},\"thumbnailUrl\":\"https:\/\/oceansignal.com\/wp-content\/uploads\/2023\/09\/OSL-V100-360_600x600.gif\",\"datePublished\":\"2023-09-08T09:20:37+00:00\",\"dateModified\":\"2026-01-21T19:55:48+00:00\",\"description\":\"Ocean Signal safeSEA V100 VHF-radio: GMDSS-kompatibel til SOLAS-fart\u00f8jer. Essentielt kommunikationsudstyr, der sikrer maritim sikkerhed og overholdelse af regler.\",\"breadcrumb\":{\"@id\":\"https:\/\/oceansignal.com\/da\/products\/safesea-v100-vhf\/#breadcrumb\"},\"inLanguage\":\"da-DK\",\"potentialAction\":[{\"@type\":\"ReadAction\",\"target\":[\"https:\/\/oceansignal.com\/da\/products\/safesea-v100-vhf\/\"]}]},{\"@type\":\"ImageObject\",\"inLanguage\":\"da-DK\",\"@id\":\"https:\/\/oceansignal.com\/da\/products\/safesea-v100-vhf\/#primaryimage\",\"url\":\"https:\/\/oceansignal.com\/wp-content\/uploads\/2023\/09\/OSL-V100-360_600x600.gif\",\"contentUrl\":\"https:\/\/oceansignal.com\/wp-content\/uploads\/2023\/09\/OSL-V100-360_600x600.gif\",\"width\":600,\"height\":600,\"caption\":\"GMDSS VHF-radio\"},{\"@type\":\"BreadcrumbList\",\"@id\":\"https:\/\/oceansignal.com\/da\/products\/safesea-v100-vhf\/#breadcrumb\",\"itemListElement\":[{\"@type\":\"ListItem\",\"position\":1,\"name\":\"Shop\",\"item\":\"https:\/\/oceansignal.com\/da\/shop\/\"},{\"@type\":\"ListItem\",\"position\":2,\"name\":\"safeSEA V100 VHF\"}]},{\"@type\":\"WebSite\",\"@id\":\"https:\/\/oceansignal.com\/da\/#website\",\"url\":\"https:\/\/oceansignal.com\/da\/\",\"name\":\"Ocean Signal\",\"description\":\"A leading manufacturer of EPIRBs, AIS, SARTs, Personal Locator Beacons, Man Overboard Beacon for the Marine and Outdoor Markets.\",\"potentialAction\":[{\"@type\":\"SearchAction\",\"target\":{\"@type\":\"EntryPoint\",\"urlTemplate\":\"https:\/\/oceansignal.com\/da\/?s={search_term_string}\"},\"query-input\":{\"@type\":\"PropertyValueSpecification\",\"valueRequired\":true,\"valueName\":\"search_term_string\"}}],\"inLanguage\":\"da-DK\"}]}<\/script>\n<!-- \/ Yoast SEO Premium plugin. -->","yoast_head_json":{"title":"safeSEA V100 VHF - Ocean Signal","description":"Ocean Signal safeSEA V100 VHF-radio: GMDSS-kompatibel til SOLAS-fart\u00f8jer. Essentielt kommunikationsudstyr, der sikrer maritim sikkerhed og overholdelse af regler.","robots":{"index":"index","follow":"follow","max-snippet":"max-snippet:-1","max-image-preview":"max-image-preview:large","max-video-preview":"max-video-preview:-1"},"canonical":"https:\/\/oceansignal.com\/da\/products\/safesea-v100-vhf\/","og_locale":"da_DK","og_type":"article","og_title":"safeSEA V100 VHF","og_description":"Ocean Signal safeSEA V100 VHF-radio: GMDSS-kompatibel til SOLAS-fart\u00f8jer. Essentielt kommunikationsudstyr, der sikrer maritim sikkerhed og overholdelse af regler.","og_url":"https:\/\/oceansignal.com\/da\/products\/safesea-v100-vhf\/","og_site_name":"Ocean Signal","article_modified_time":"2026-01-21T19:55:48+00:00","og_image":[{"url":"https:\/\/oceansignal.com\/wp-content\/uploads\/2023\/09\/OSL-V100-360_600x600.gif","width":600,"height":600,"type":"image\/gif"}],"twitter_card":"summary_large_image","twitter_misc":{"Estimeret l\u00e6setid":"2 minutter"},"schema":{"@context":"https:\/\/schema.org","@graph":[{"@type":"WebPage","@id":"https:\/\/oceansignal.com\/da\/products\/safesea-v100-vhf\/","url":"https:\/\/oceansignal.com\/da\/products\/safesea-v100-vhf\/","name":"safeSEA V100 VHF - Ocean Signal","isPartOf":{"@id":"https:\/\/oceansignal.com\/da\/#website"},"primaryImageOfPage":{"@id":"https:\/\/oceansignal.com\/da\/products\/safesea-v100-vhf\/#primaryimage"},"image":{"@id":"https:\/\/oceansignal.com\/da\/products\/safesea-v100-vhf\/#primaryimage"},"thumbnailUrl":"https:\/\/oceansignal.com\/wp-content\/uploads\/2023\/09\/OSL-V100-360_600x600.gif","datePublished":"2023-09-08T09:20:37+00:00","dateModified":"2026-01-21T19:55:48+00:00","description":"Ocean Signal safeSEA V100 VHF-radio: GMDSS-kompatibel til SOLAS-fart\u00f8jer. Essentielt kommunikationsudstyr, der sikrer maritim sikkerhed og overholdelse af regler.","breadcrumb":{"@id":"https:\/\/oceansignal.com\/da\/products\/safesea-v100-vhf\/#breadcrumb"},"inLanguage":"da-DK","potentialAction":[{"@type":"ReadAction","target":["https:\/\/oceansignal.com\/da\/products\/safesea-v100-vhf\/"]}]},{"@type":"ImageObject","inLanguage":"da-DK","@id":"https:\/\/oceansignal.com\/da\/products\/safesea-v100-vhf\/#primaryimage","url":"https:\/\/oceansignal.com\/wp-content\/uploads\/2023\/09\/OSL-V100-360_600x600.gif","contentUrl":"https:\/\/oceansignal.com\/wp-content\/uploads\/2023\/09\/OSL-V100-360_600x600.gif","width":600,"height":600,"caption":"GMDSS VHF-radio"},{"@type":"BreadcrumbList","@id":"https:\/\/oceansignal.com\/da\/products\/safesea-v100-vhf\/#breadcrumb","itemListElement":[{"@type":"ListItem","position":1,"name":"Shop","item":"https:\/\/oceansignal.com\/da\/shop\/"},{"@type":"ListItem","position":2,"name":"safeSEA V100 VHF"}]},{"@type":"WebSite","@id":"https:\/\/oceansignal.com\/da\/#website","url":"https:\/\/oceansignal.com\/da\/","name":"Ocean Signal","description":"A leading manufacturer of EPIRBs, AIS, SARTs, Personal Locator Beacons, Man Overboard Beacon for the Marine and Outdoor Markets.","potentialAction":[{"@type":"SearchAction","target":{"@type":"EntryPoint","urlTemplate":"https:\/\/oceansignal.com\/da\/?s={search_term_string}"},"query-input":{"@type":"PropertyValueSpecification","valueRequired":true,"valueName":"search_term_string"}}],"inLanguage":"da-DK"}]}},"_links":{"self":[{"href":"https:\/\/oceansignal.com\/da\/wp-json\/wp\/v2\/product\/12875","targetHints":{"allow":["GET"]}}],"collection":[{"href":"https:\/\/oceansignal.com\/da\/wp-json\/wp\/v2\/product"}],"about":[{"href":"https:\/\/oceansignal.com\/da\/wp-json\/wp\/v2\/types\/product"}],"wp:featuredmedia":[{"embeddable":true,"href":"https:\/\/oceansignal.com\/da\/wp-json\/wp\/v2\/media\/20871"}],"wp:attachment":[{"href":"https:\/\/oceansignal.com\/da\/wp-json\/wp\/v2\/media?parent=12875"}],"wp:term":[{"taxonomy":"product_brand","embeddable":true,"href":"https:\/\/oceansignal.com\/da\/wp-json\/wp\/v2\/product_brand?post=12875"},{"taxonomy":"product_cat","embeddable":true,"href":"https:\/\/oceansignal.com\/da\/wp-json\/wp\/v2\/product_cat?post=12875"},{"taxonomy":"product_tag","embeddable":true,"href":"https:\/\/oceansignal.com\/da\/wp-json\/wp\/v2\/product_tag?post=12875"}],"curies":[{"name":"wp","href":"https:\/\/api.w.org\/{rel}","templated":true}]}}