{"id":12877,"date":"2023-09-08T08:24:00","date_gmt":"2023-09-08T08:24:00","guid":{"rendered":"https:\/\/oceansignal.com\/products\/rescueme-edf1-flare\/"},"modified":"2026-01-21T20:24:46","modified_gmt":"2026-01-21T20:24:46","slug":"rescueme-edf1-flare","status":"publish","type":"product","link":"https:\/\/oceansignal.com\/da\/products\/rescueme-edf1-flare\/","title":{"rendered":"rescueME EDF1 Flare"},"content":{"rendered":"<p>Det elektroniske n\u00f8dblus <strong>rescueME EDF1<\/strong> tilbyder brugerne en sikker og langvarig l\u00f8sning til visuel signalering i en n\u00f8dsituation. Det unikke linsedesign kombineret med brugen af \u200b\u200bavancerede LED&#8217;er og yderst effektiv kredsl\u00f8bsteknologi sikrer et konstant lysniveau i hele det brugerudskiftelige batteris levetid. <\/p>\n<p>Lysudbyttet er en str\u00e5le p\u00e5 over 30\u00b0 i hele 360\u00b0-azimutomr\u00e5det, hvilket giver mere end 6 gange mere lysd\u00e6kning end andre elektroniske blus*. Lyset fordeles ogs\u00e5 over hele halvkuglen over enheden for at sikre synlighed fra luften. <\/p>\n<p>I mods\u00e6tning til engangsfyrv\u00e6rkeri kan <strong>rescueME EDF1<\/strong> bruges gentagne gange i alle fire tilstande, hvilket sikrer konstant synlighed over en l\u00e6ngere periode. Enheden er b\u00e5de sikker at opbevare og betjene, samtidig med at den eliminerer bekymringer forbundet med bortskaffelse. Den kompakte st\u00f8rrelse og det robuste design betyder, at <strong>rescueME EDF1<\/strong> er det perfekte sikkerhedsprodukt til en gribepose, redningsfl\u00e5de eller vandrerygs\u00e6k.  <\/p>\n<p><em>Udskiftningsbatteripakken, LB10F, kan bestilles hos <a href=\"https:\/\/oceansignal.com\/support\/dealer-locator\/\">Ocean Signal-forhandlere,<\/a> der har EDF1 p\u00e5 lager. Ordrekoden er 751S-01771. <\/em><\/p>\n<p>Brug for en godkendt USCG elektronisk blus: <a href=\"https:\/\/www.acrartex.com\/products\/resqflare-boat-flare\/\">ACR ResQFlare<\/a><\/p>\n","protected":false},"excerpt":{"rendered":"<p>EDF1 LED n\u00f8dblus: et fremragende alternativ til traditionelle pyrotekniske blus<\/p>\n<ul>\n<li>Avanceret LED-teknologi &#8211; Sikker betjening<\/li>\n<li>Fremragende 360 \u200b\u200bgraders udsyn i Azimuth<\/li>\n<li>Op til 6 timers batterilevetid<\/li>\n<li>Fire driftstilstande plus SOS-signalering. Nemt udskifteligt batteri.<\/li>\n<li>R\u00e6kkevidde op til 11 km<\/li>\n<li>Batteritestfunktion<\/li>\n<li>Kompakt, robust design<\/li>\n<li>Fremragende sigtbarhed for fly- og helikopter-SAR<\/li>\n<li>Konstant lysstyrke opretholdes gennem hele batteriets levetid<\/li>\n<li>Nemt udskifteligt batteri<\/li>\n<li>Vandt\u00e6t ned til 10 meter<\/li>\n<\/ul>\n","protected":false},"featured_media":12039,"template":"","meta":{"_acf_changed":false,"om_disable_all_campaigns":false},"product_brand":[],"product_cat":[1197,603],"product_tag":[1198,1199,1200],"class_list":{"0":"post-12877","1":"product","2":"type-product","3":"status-publish","4":"has-post-thumbnail","6":"product_cat-elektronisk-signalering-og-flare-da","7":"product_cat-rescueme-da","8":"product_tag-edf1-da","9":"product_tag-elektronisk-flare-da","10":"product_tag-rescue-flare-da","12":"first","13":"instock","14":"taxable","15":"shipping-taxable","16":"purchasable","17":"product-type-simple"},"acf":[],"yoast_head":"<!-- This site is optimized with the Yoast SEO Premium plugin v25.2 (Yoast SEO v26.4) - https:\/\/yoast.com\/wordpress\/plugins\/seo\/ -->\n<title>rescueME EDF1 Flare - Ocean Signal<\/title>\n<meta name=\"description\" content=\"Hold dig sikker til s\u00f8s med Ocean Signal rescueME EDF1 elektronisk n\u00f8dblus. Kompakt og p\u00e5lidelig n\u00f8dsignalering til maritime n\u00f8dsituationer. K\u00f8b nu!\" \/>\n<meta name=\"robots\" content=\"index, follow, max-snippet:-1, max-image-preview:large, max-video-preview:-1\" \/>\n<link rel=\"canonical\" href=\"https:\/\/oceansignal.com\/da\/products\/rescueme-edf1-flare\/\" \/>\n<meta property=\"og:locale\" content=\"da_DK\" \/>\n<meta property=\"og:type\" content=\"article\" \/>\n<meta property=\"og:title\" content=\"rescueME EDF1 Flare\" \/>\n<meta property=\"og:description\" content=\"Hold dig sikker til s\u00f8s med Ocean Signal rescueME EDF1 elektronisk n\u00f8dblus. Kompakt og p\u00e5lidelig n\u00f8dsignalering til maritime n\u00f8dsituationer. K\u00f8b nu!\" \/>\n<meta property=\"og:url\" content=\"https:\/\/oceansignal.com\/da\/products\/rescueme-edf1-flare\/\" \/>\n<meta property=\"og:site_name\" content=\"Ocean Signal\" \/>\n<meta property=\"article:modified_time\" content=\"2026-01-21T20:24:46+00:00\" \/>\n<meta property=\"og:image\" content=\"https:\/\/oceansignal.com\/wp-content\/uploads\/2023\/09\/Ocean-Signal-EDF1.png\" \/>\n\t<meta property=\"og:image:width\" content=\"800\" \/>\n\t<meta property=\"og:image:height\" content=\"800\" \/>\n\t<meta property=\"og:image:type\" content=\"image\/png\" \/>\n<meta name=\"twitter:card\" content=\"summary_large_image\" \/>\n<meta name=\"twitter:label1\" content=\"Estimeret l\u00e6setid\" \/>\n\t<meta name=\"twitter:data1\" content=\"1 minut\" \/>\n<script type=\"application\/ld+json\" class=\"yoast-schema-graph\">{\"@context\":\"https:\/\/schema.org\",\"@graph\":[{\"@type\":\"WebPage\",\"@id\":\"https:\/\/oceansignal.com\/da\/products\/rescueme-edf1-flare\/\",\"url\":\"https:\/\/oceansignal.com\/da\/products\/rescueme-edf1-flare\/\",\"name\":\"rescueME EDF1 Flare - Ocean Signal\",\"isPartOf\":{\"@id\":\"https:\/\/oceansignal.com\/da\/#website\"},\"primaryImageOfPage\":{\"@id\":\"https:\/\/oceansignal.com\/da\/products\/rescueme-edf1-flare\/#primaryimage\"},\"image\":{\"@id\":\"https:\/\/oceansignal.com\/da\/products\/rescueme-edf1-flare\/#primaryimage\"},\"thumbnailUrl\":\"https:\/\/oceansignal.com\/wp-content\/uploads\/2023\/09\/Ocean-Signal-EDF1.png\",\"datePublished\":\"2023-09-08T08:24:00+00:00\",\"dateModified\":\"2026-01-21T20:24:46+00:00\",\"description\":\"Hold dig sikker til s\u00f8s med Ocean Signal rescueME EDF1 elektronisk n\u00f8dblus. Kompakt og p\u00e5lidelig n\u00f8dsignalering til maritime n\u00f8dsituationer. K\u00f8b nu!\",\"breadcrumb\":{\"@id\":\"https:\/\/oceansignal.com\/da\/products\/rescueme-edf1-flare\/#breadcrumb\"},\"inLanguage\":\"da-DK\",\"potentialAction\":[{\"@type\":\"ReadAction\",\"target\":[\"https:\/\/oceansignal.com\/da\/products\/rescueme-edf1-flare\/\"]}]},{\"@type\":\"ImageObject\",\"inLanguage\":\"da-DK\",\"@id\":\"https:\/\/oceansignal.com\/da\/products\/rescueme-edf1-flare\/#primaryimage\",\"url\":\"https:\/\/oceansignal.com\/wp-content\/uploads\/2023\/09\/Ocean-Signal-EDF1.png\",\"contentUrl\":\"https:\/\/oceansignal.com\/wp-content\/uploads\/2023\/09\/Ocean-Signal-EDF1.png\",\"width\":800,\"height\":800},{\"@type\":\"BreadcrumbList\",\"@id\":\"https:\/\/oceansignal.com\/da\/products\/rescueme-edf1-flare\/#breadcrumb\",\"itemListElement\":[{\"@type\":\"ListItem\",\"position\":1,\"name\":\"Shop\",\"item\":\"https:\/\/oceansignal.com\/da\/shop\/\"},{\"@type\":\"ListItem\",\"position\":2,\"name\":\"rescueME EDF1 Flare\"}]},{\"@type\":\"WebSite\",\"@id\":\"https:\/\/oceansignal.com\/da\/#website\",\"url\":\"https:\/\/oceansignal.com\/da\/\",\"name\":\"Ocean Signal\",\"description\":\"A leading manufacturer of EPIRBs, AIS, SARTs, Personal Locator Beacons, Man Overboard Beacon for the Marine and Outdoor Markets.\",\"potentialAction\":[{\"@type\":\"SearchAction\",\"target\":{\"@type\":\"EntryPoint\",\"urlTemplate\":\"https:\/\/oceansignal.com\/da\/?s={search_term_string}\"},\"query-input\":{\"@type\":\"PropertyValueSpecification\",\"valueRequired\":true,\"valueName\":\"search_term_string\"}}],\"inLanguage\":\"da-DK\"}]}<\/script>\n<!-- \/ Yoast SEO Premium plugin. -->","yoast_head_json":{"title":"rescueME EDF1 Flare - Ocean Signal","description":"Hold dig sikker til s\u00f8s med Ocean Signal rescueME EDF1 elektronisk n\u00f8dblus. Kompakt og p\u00e5lidelig n\u00f8dsignalering til maritime n\u00f8dsituationer. K\u00f8b nu!","robots":{"index":"index","follow":"follow","max-snippet":"max-snippet:-1","max-image-preview":"max-image-preview:large","max-video-preview":"max-video-preview:-1"},"canonical":"https:\/\/oceansignal.com\/da\/products\/rescueme-edf1-flare\/","og_locale":"da_DK","og_type":"article","og_title":"rescueME EDF1 Flare","og_description":"Hold dig sikker til s\u00f8s med Ocean Signal rescueME EDF1 elektronisk n\u00f8dblus. Kompakt og p\u00e5lidelig n\u00f8dsignalering til maritime n\u00f8dsituationer. K\u00f8b nu!","og_url":"https:\/\/oceansignal.com\/da\/products\/rescueme-edf1-flare\/","og_site_name":"Ocean Signal","article_modified_time":"2026-01-21T20:24:46+00:00","og_image":[{"width":800,"height":800,"url":"https:\/\/oceansignal.com\/wp-content\/uploads\/2023\/09\/Ocean-Signal-EDF1.png","type":"image\/png"}],"twitter_card":"summary_large_image","twitter_misc":{"Estimeret l\u00e6setid":"1 minut"},"schema":{"@context":"https:\/\/schema.org","@graph":[{"@type":"WebPage","@id":"https:\/\/oceansignal.com\/da\/products\/rescueme-edf1-flare\/","url":"https:\/\/oceansignal.com\/da\/products\/rescueme-edf1-flare\/","name":"rescueME EDF1 Flare - Ocean Signal","isPartOf":{"@id":"https:\/\/oceansignal.com\/da\/#website"},"primaryImageOfPage":{"@id":"https:\/\/oceansignal.com\/da\/products\/rescueme-edf1-flare\/#primaryimage"},"image":{"@id":"https:\/\/oceansignal.com\/da\/products\/rescueme-edf1-flare\/#primaryimage"},"thumbnailUrl":"https:\/\/oceansignal.com\/wp-content\/uploads\/2023\/09\/Ocean-Signal-EDF1.png","datePublished":"2023-09-08T08:24:00+00:00","dateModified":"2026-01-21T20:24:46+00:00","description":"Hold dig sikker til s\u00f8s med Ocean Signal rescueME EDF1 elektronisk n\u00f8dblus. Kompakt og p\u00e5lidelig n\u00f8dsignalering til maritime n\u00f8dsituationer. K\u00f8b nu!","breadcrumb":{"@id":"https:\/\/oceansignal.com\/da\/products\/rescueme-edf1-flare\/#breadcrumb"},"inLanguage":"da-DK","potentialAction":[{"@type":"ReadAction","target":["https:\/\/oceansignal.com\/da\/products\/rescueme-edf1-flare\/"]}]},{"@type":"ImageObject","inLanguage":"da-DK","@id":"https:\/\/oceansignal.com\/da\/products\/rescueme-edf1-flare\/#primaryimage","url":"https:\/\/oceansignal.com\/wp-content\/uploads\/2023\/09\/Ocean-Signal-EDF1.png","contentUrl":"https:\/\/oceansignal.com\/wp-content\/uploads\/2023\/09\/Ocean-Signal-EDF1.png","width":800,"height":800},{"@type":"BreadcrumbList","@id":"https:\/\/oceansignal.com\/da\/products\/rescueme-edf1-flare\/#breadcrumb","itemListElement":[{"@type":"ListItem","position":1,"name":"Shop","item":"https:\/\/oceansignal.com\/da\/shop\/"},{"@type":"ListItem","position":2,"name":"rescueME EDF1 Flare"}]},{"@type":"WebSite","@id":"https:\/\/oceansignal.com\/da\/#website","url":"https:\/\/oceansignal.com\/da\/","name":"Ocean Signal","description":"A leading manufacturer of EPIRBs, AIS, SARTs, Personal Locator Beacons, Man Overboard Beacon for the Marine and Outdoor Markets.","potentialAction":[{"@type":"SearchAction","target":{"@type":"EntryPoint","urlTemplate":"https:\/\/oceansignal.com\/da\/?s={search_term_string}"},"query-input":{"@type":"PropertyValueSpecification","valueRequired":true,"valueName":"search_term_string"}}],"inLanguage":"da-DK"}]}},"_links":{"self":[{"href":"https:\/\/oceansignal.com\/da\/wp-json\/wp\/v2\/product\/12877","targetHints":{"allow":["GET"]}}],"collection":[{"href":"https:\/\/oceansignal.com\/da\/wp-json\/wp\/v2\/product"}],"about":[{"href":"https:\/\/oceansignal.com\/da\/wp-json\/wp\/v2\/types\/product"}],"wp:featuredmedia":[{"embeddable":true,"href":"https:\/\/oceansignal.com\/da\/wp-json\/wp\/v2\/media\/12039"}],"wp:attachment":[{"href":"https:\/\/oceansignal.com\/da\/wp-json\/wp\/v2\/media?parent=12877"}],"wp:term":[{"taxonomy":"product_brand","embeddable":true,"href":"https:\/\/oceansignal.com\/da\/wp-json\/wp\/v2\/product_brand?post=12877"},{"taxonomy":"product_cat","embeddable":true,"href":"https:\/\/oceansignal.com\/da\/wp-json\/wp\/v2\/product_cat?post=12877"},{"taxonomy":"product_tag","embeddable":true,"href":"https:\/\/oceansignal.com\/da\/wp-json\/wp\/v2\/product_tag?post=12877"}],"curies":[{"name":"wp","href":"https:\/\/api.w.org\/{rel}","templated":true}]}}