{"id":12885,"date":"2023-03-27T07:28:36","date_gmt":"2023-03-27T07:28:36","guid":{"rendered":"https:\/\/oceansignal.com\/products\/rescueme-epirb3\/"},"modified":"2026-03-25T10:11:56","modified_gmt":"2026-03-25T10:11:56","slug":"rescueme-epirb3","status":"publish","type":"product","link":"https:\/\/oceansignal.com\/da\/products\/rescueme-epirb3\/","title":{"rendered":"rescueME EPIRB3"},"content":{"rendered":"<p class=\"ai-optimize-38\"><a href=\"https:\/\/www.dropbox.com\/s\/8343nj28z0d7bxa\/Prop%2065%20-%20BPA.pdf?dl=0\" data-cke-saved-href=\"https:\/\/www.dropbox.com\/s\/8343nj28z0d7bxa\/Prop%2065%20-%20BPA.pdf?dl=0\">ADVARSEL: PROP 65<\/a><\/p>\n<p class=\"ai-optimize-39\">Oversigt:<\/p>\n<p class=\"ai-optimize-40\">Den nye Ocean Signal rescueME EPIRB3 er en fuldt udstyret 406 MHz global GMDSS-godkendt n\u00f8dradiobeacon, der leveres med en manuel udl\u00f8serbeslag og indeholder en r\u00e6kke funktioner i et kompakt, moderne design, der inkluderer AIS-teknologi. AIS giver lokale redningsmandskab pr\u00e6cise og p\u00e5lidelige oplysninger om den aktuelle beaconposition, hvilket fremskynder redningsoperationerne. Derudover beroliger Return Link Service (RLS) dem, der aktiverer beaconen, ved at bekr\u00e6fte, at deres n\u00f8dbesked er modtaget. Inkluderingen af \u200b\u200bNear Field Communication (NFC)-funktion giver mulighed for at bruge en smartphone-app til at overv\u00e5ge EPIRB batteri og andre funktioner og sikre, at den fungerer korrekt. Med sit slanke design og avancerede funktioner er EPIRB3 ideel til en r\u00e6kke forskellige s\u00f8folk, uanset om de sejler i Middelhavet, sejler ud p\u00e5 str\u00e6det, fisker, arbejder eller sejler offshore.    <\/p>\n<p class=\"ai-optimize-41\">Beskrivelse:<\/p>\n<p class=\"ai-optimize-42\">Ocean Signal nye EPIRB3 (Emergency Position Indicating Radio Beacon) \u00f8ger p\u00e5lideligheden og letter redningsaktioner med nye avancerede funktioner. Denne nye GMDSS-godkendte EPIRB sender en digital mayday-signal p\u00e5 406 MHz, der underretter redningsmandskab globalt via satellit, og sender AIS VHF-signaler lokalt for at hj\u00e6lpe redningsmandskab med at finde fyret hurtigere. N\u00e5r EPIRB3 er aktiveret, sender den et n\u00f8dsignal til det globale <a href=\"https:\/\/www.cospas-sarsat.int\/en\/\">Cospas-Sarsat<\/a> satellitredningssystem og sender samtidig en AIS-alarm p\u00e5 VHF-frekvenser, som kan ses \u00f8jeblikkeligt af ethvert n\u00e6rliggende fart\u00f8j udstyret med AIS. Return Link Service (RLS) giver brugeren visuel bekr\u00e6ftelse p\u00e5, at deres n\u00f8dbesked er modtaget. Kombinationen af \u200b\u200bAIS, et 121,5 MHz-m\u00e5ls\u00f8gende signal og synlige og infrar\u00f8de stroboskoplys fremskynder redningstiden ved at give redningsmandskabet mulighed for at pr\u00e6cist udpege fyrets placering, selvom det er drevet v\u00e6k, uanset tidspunktet p\u00e5 dagen eller natten. NFC (Near Field Communication) er en fantastisk ny funktion, der giver brugerne mulighed for at overv\u00e5ge EPIRB3 ved hj\u00e6lp af en gratis smartphone-app, hvilket sikrer, at batteriet har tilstr\u00e6kkelig str\u00f8m, og at beaconen fungerer korrekt, inden de tager afsted.     <\/p>\n<p>&nbsp;<\/p>\n<p class=\"ai-optimize-43\">Avanceret maritim sikkerheds- og redningsteknologi fra Ocean Signal i den nye EPIRB3 med AIS kombinerer innovative nye funktioner i et kompakt, ergonomisk designet kabinet, der er ideelt til alle typer og st\u00f8rrelser af fritids- og erhvervsfart\u00f8jer.<\/p>\n<p>&nbsp;<\/p>\n<p class=\"ai-optimize-44\"><strong>Redningstider kan forbedres med global aktivering kombineret med AIS lokal beacon-udsendelse.<\/strong><\/p>\n<p>&nbsp;<\/p>\n<p class=\"ai-optimize-45\">EPIRB3 bruger GNSS (GPS, Galileo, Glonass) positioneringsnetv\u00e6rk til at bestemme sin globale placering. N\u00e5r fyret udl\u00f8ses, videresender en 406 MHz n\u00f8dtransmission denne GPS EPIRB (GPIRB) position, med en n\u00f8jagtighed p\u00e5 inden for 100 meter, til det verdensomsp\u00e6ndende <a href=\"https:\/\/www.cospas-sarsat.int\/en\/\">Cospas-Sarsat<\/a> efters\u00f8gnings- og redningssatellitnetv\u00e6rk. Jordstationer, der er forbundet til satellitsystemet, modtager EPIRB identifikation og information om udsendelsesposition, s\u00e5 redningsaktioner kan koordineres og iv\u00e6rks\u00e6ttes. Med avanceret AIS-teknologi, der nu er indbygget i EPIRB , begynder fyret at sende AIS-signaler direkte efter aktivering, s\u00e5 AIS-udstyrede fart\u00f8jer i n\u00e6rheden \u00f8jeblikkeligt underrettes om n\u00f8dsituationen og f\u00e5r besked om fyrets placering. AIS-udstyrede fart\u00f8jer inden for VHF-r\u00e6kkevidde vil se en sikkerhedsmeddelelse p\u00e5 deres sk\u00e6rme, der inkluderer MMSI-fart\u00f8jsidentifikation. Lokale fart\u00f8jer kan starte rednings- og bj\u00e6rgningsaktioner med det samme, hvilket potentielt fremskynder bj\u00e6rgningstiden og redder liv. Da et AIS-m\u00e5l vises p\u00e5 displayet ombord p\u00e5 ethvert AIS-udstyret fart\u00f8j i n\u00e6rheden, kan de nemt navigere direkte til EPIRB ved at v\u00e6lge AIS-m\u00e5let. Selv n\u00e5r der ikke er lokale fart\u00f8jer tilg\u00e6ngelige, vil AIS fremskynde bj\u00e6rgningstiden ved at give maritime SAR-operat\u00f8rer mulighed for at pr\u00e6cist udpege EPIRB placering, n\u00e5r de n\u00e6rmer sig. Kombinationen af \u200b\u200bglobale satellitn\u00f8dopkald, pr\u00e6cis GPIRB-lokationstransmission og lokale AIS-sikkerhedsbeskeder vil i h\u00f8j grad forbedre bj\u00e6rgningstiden og -succesen.        <\/p>\n<p>&nbsp;<\/p>\n<p class=\"ai-optimize-46\"><strong>Near Field Communication (NFC) giver EPIRB diagnostik ved hj\u00e6lp af en smartphone.<\/strong><\/p>\n<p>&nbsp;<\/p>\n<p class=\"ai-optimize-47\">Brugere af n\u00f8dpositionsindikerende radiobeaconer kan nu tjekke deres EPIRB ved at forbinde deres smartphone til den med <a href=\"https:\/\/www.youtube.com\/watch?v=MRXLii6r3n4&amp;t=10s\">NFC (Near Field Communication)<\/a> . Denne teknologi forbinder en smartphone, der er placeret ved siden af EPIRB3 , ved automatisk at starte den gratis Ocean Signal Product App. Fuld diagnosticering er tilg\u00e6ngelig i appen og viser brugeren den aktuelle batterilevetid, antallet af gennemf\u00f8rte selvtest, antallet af gennemf\u00f8rte GNSS-test, og hvor l\u00e6nge EPIRB har v\u00e6ret aktiveret. Detaljerede oplysninger, herunder en kortvisning, der viser, hvor en GNSS-test blev udf\u00f8rt, dato og tidspunkt for testen, den tid, det tog EPIRB at f\u00e5 en positionsbestemmelse p\u00e5 GNSS-koordinaterne, antallet af satellitter, der blev brugt til at opn\u00e5 denne positionsbestemmelse, og n\u00f8jagtigheden af \u200b\u200bpositionsbestemmelsen vises alle bekvemt. Ocean Signal gratis mobilapp og NFC-funktionalitet giver brugerne alle de oplysninger, de har brug for, for at bekr\u00e6fte, at deres EPIRB er fuldt funktionel og klar til brug i tilf\u00e6lde af en n\u00f8dsituation.    <\/p>\n<p>&nbsp;<\/p>\n<p class=\"ai-optimize-48\"><strong>Convenient Return Link Service (RLS) fort\u00e6ller brugerne, at deres n\u00f8dopkald er blevet modtaget.<\/strong><\/p>\n<p>&nbsp;<\/p>\n<p class=\"ai-optimize-49\">EPIRB \u00bber inds\u00e6ttes i n\u00f8dsituationer, og redningsoperationer kan tage tid, is\u00e6r hvis det n\u00f8dstedte fart\u00f8j er langt fra kysten. EPIRB3 er udstyret med Return Link Service, der underretter brugerne om, at n\u00f8dsignalet fra beacon er blevet afleveret. RLS-signalet sendes tilbage via <a href=\"https:\/\/www.euspa.europa.eu\/european-space\/galileo\/services\/search-and-rescue-sar-galileo-service\">Galileo-satellitnetv\u00e6rket<\/a> for at bekr\u00e6fte, at n\u00f8dmeddelelsen sammen med den pr\u00e6cise EPIRB placering og identifikatorer er modtaget. Et simpelt blinkende bl\u00e5t lys fort\u00e6ller brugerne, at EPIRB har oprettet forbindelse via satellitnetv\u00e6rket, og redningsmandskabet vil blive underrettet. At vide, at den digitale n\u00f8dbesked er blevet kommunikeret sammen med EPIRB identifikationen og beacon-placeringen, hj\u00e6lper n\u00f8dstedte med at forblive rolige, mens de venter p\u00e5 redningsoperationer.    <\/p>\n<p>&nbsp;<\/p>\n<p class=\"ai-optimize-50\"><strong>Monteringsbeslag<\/strong><\/p>\n<p>&nbsp;<\/p>\n<p class=\"ai-optimize-51\">EPIRB3 leveres komplet med et monteringsbeslag til manuel udl\u00f8ser i kategori to. Dette beslag opbevarer EPIRB3 sikkert under hele din rejse, uanset de underliggende forhold. Det giver ogs\u00e5 en hurtig udl\u00f8ser, s\u00e5 EPIRB hurtigt og nemt kan fjernes, n\u00e5r det er n\u00f8dvendigt.  <\/p>\n<p>&nbsp;<\/p>\n<p class=\"ai-optimize-52\">Ocean Signal bruger avanceret teknologi og kvalitetsfremstillingsprocesser til at udvikle og producere elektroniske redningsudstyr og andre livreddende produkter af h\u00f8j kvalitet. Den nye EPIRB3 med sin konturerede profil er lige s\u00e5 velegnet til b\u00e5de sejlb\u00e5de og motorb\u00e5de. B\u00e5de fritids- og erhvervsbrugere kan v\u00e6re sikre p\u00e5, at funktionerne i denne nye n\u00f8dradiobeacon giver den h\u00f8jeste chance for en effektiv og vellykket redning, uanset hvor de tager hen. En r\u00e6kke h\u00f8jteknologiske funktioner i EPIRB3 kombineret med et unikt design, der g\u00f8r det muligt at bruge den effektivt p\u00e5 alle typer fart\u00f8jer, uanset om de arbejder eller leger n\u00e6r kysten, offshore eller krydser kloden.   <\/p>\n<p class=\"ai-optimize-53\">Til kategori 1 flydefri version: <a href=\"https:\/\/oceansignal.com\/products\/safesea-epirb3-pro\/\">safeSEA EPIRB3 Pro<\/a><\/p>\n<p class=\"ai-optimize-54\"><strong>Funktioner:<\/strong><\/p>\n<p>&nbsp;<\/p>\n<ul>\n<li class=\"ai-optimize-55\">30%(type) mindre<\/li>\n<li class=\"ai-optimize-56\">AIS n\u00f8dalarm<\/li>\n<li class=\"ai-optimize-57\">Return Link Service (RLS)<\/li>\n<li class=\"ai-optimize-58\">Mobil forbindelse ved hj\u00e6lp af Near Field Communication (NFC)<\/li>\n<li class=\"ai-optimize-59\">Gratis app (Apple &amp; Android)<\/li>\n<li class=\"ai-optimize-60\">10 \u00e5rs batterilevetid<\/li>\n<li class=\"ai-optimize-61\">48+ timers driftslevetid<\/li>\n<li class=\"ai-optimize-62\">2 \u00e5rs garanti (kan forl\u00e6nge garantien til 5 \u00e5r via produktregistrering hos Ocean Signal )<\/li>\n<li class=\"ai-optimize-63\">Hurtig n\u00f8jagtig positionering med 72 kanals GPS<\/li>\n<li class=\"ai-optimize-64\">Udtr\u00e6kkelig antenne<\/li>\n<li class=\"ai-optimize-65\">Quick release beslag<\/li>\n<li class=\"ai-optimize-66\">Sikker snor<\/li>\n<\/ul>\n<p>&nbsp;<\/p>\n","protected":false},"excerpt":{"rendered":"<p class=\"ai-optimize-14\" data-start=\"318\" data-end=\"494\">RescueME EPIRB3 kombinerer global redningsd\u00e6kning og har indbygget AIS, der giver smarte lokale bj\u00e6rgningsfunktioner i \u00e9n kompakt enhed.<\/p>\n<ul>\n<li class=\"ai-optimize-15\" style=\"list-style-type: none;\">\n<ul data-start=\"496\" data-end=\"1135\">\n<li class=\"ai-optimize-16\" data-start=\"496\" data-end=\"748\">\n<p class=\"ai-optimize-17\" data-start=\"498\" data-end=\"748\"><strong data-start=\"498\" data-end=\"544\">Global SAR-forbindelse via Cospas-Sarsat:<\/strong> Sender dit 406 MHz n\u00f8dsignal direkte til internationale efters\u00f8gnings- og redningstjenester \u2014 hvilket sikrer en <strong data-start=\"678\" data-end=\"725\">garanteret,<\/strong> regeringskoordineret indsats overalt i verden, d\u00f8gnet rundt, \u00e5ret rundt.<\/p>\n<\/li>\n<li class=\"ai-optimize-18\" data-start=\"749\" data-end=\"929\">\n<p class=\"ai-optimize-19\" data-start=\"751\" data-end=\"929\"><strong data-start=\"751\" data-end=\"787\">Return Link Service (RLS) + AIS:<\/strong> Bekr\u00e6fter, at dit signal blev modtaget med et visuelt bl\u00e5t lys, mens AIS sender din placering til n\u00e6rliggende fart\u00f8jer for at <strong data-start=\"905\" data-end=\"928\">muligg\u00f8re redningsaktion i to lag<\/strong> .<\/p>\n<\/li>\n<li class=\"ai-optimize-20\" data-start=\"930\" data-end=\"1135\">\n<p class=\"ai-optimize-21\" data-start=\"932\" data-end=\"1135\"><strong data-start=\"932\" data-end=\"968\">P\u00e5lidelig og lang levetid:<\/strong> Har en GNSS-modtager med h\u00f8j n\u00f8jagtighed, 48+ timers batterilevetid efter aktivering og er fuldt ud kompatibel med <strong data-start=\"1091\" data-end=\"1098\">IMO-<\/strong> og <strong data-start=\"1103\" data-end=\"1112\">SOLAS-<\/strong> kravene til transport.<\/p>\n<\/li>\n<li class=\"ai-optimize-22\" data-start=\"930\" data-end=\"1135\"><strong>Ingen abonnementsgebyrer<\/strong> .<\/li>\n<\/ul>\n<\/li>\n<\/ul>\n","protected":false},"featured_media":12414,"template":"","meta":{"_acf_changed":false,"om_disable_all_campaigns":false},"product_brand":[],"product_cat":[737,603],"product_tag":[738,739,742,740,741],"class_list":{"0":"post-12885","1":"product","2":"type-product","3":"status-publish","4":"has-post-thumbnail","6":"product_cat-epirb-da","7":"product_cat-rescueme-da","8":"product_tag-ais-da","9":"product_tag-epirb-da","10":"product_tag-epirb3-da","11":"product_tag-nfc-da","12":"product_tag-rls-da","14":"first","15":"instock","16":"taxable","17":"shipping-taxable","18":"purchasable","19":"product-type-simple"},"acf":[],"yoast_head":"<!-- This site is optimized with the Yoast SEO Premium plugin v25.2 (Yoast SEO v26.4) - https:\/\/yoast.com\/wordpress\/plugins\/seo\/ -->\n<title>rescueME EPIRB3 - Ocean Signal<\/title>\n<meta name=\"description\" content=\"Hold dig sikker til s\u00f8s med rescueME EPIRB3 : Denne n\u00f8dpositionsindikerende radiofyr eller EPIRB inkluderer nu AIS og er GMDSS-godkendt til sejlere. K\u00f8b nu!\" \/>\n<meta name=\"robots\" content=\"index, follow, max-snippet:-1, max-image-preview:large, max-video-preview:-1\" \/>\n<link rel=\"canonical\" href=\"https:\/\/oceansignal.com\/da\/products\/rescueme-epirb3\/\" \/>\n<meta property=\"og:locale\" content=\"da_DK\" \/>\n<meta property=\"og:type\" content=\"article\" \/>\n<meta property=\"og:title\" content=\"rescueME EPIRB3\" \/>\n<meta property=\"og:description\" content=\"Hold dig sikker til s\u00f8s med rescueME EPIRB3 : Denne n\u00f8dpositionsindikerende radiofyr eller EPIRB inkluderer nu AIS og er GMDSS-godkendt til sejlere. K\u00f8b nu!\" \/>\n<meta property=\"og:url\" content=\"https:\/\/oceansignal.com\/da\/products\/rescueme-epirb3\/\" \/>\n<meta property=\"og:site_name\" content=\"Ocean Signal\" \/>\n<meta property=\"article:modified_time\" content=\"2026-03-25T10:11:56+00:00\" \/>\n<meta property=\"og:image\" content=\"https:\/\/oceansignal.com\/wp-content\/uploads\/2023\/03\/EPIRB3-Front.png\" \/>\n\t<meta property=\"og:image:width\" content=\"800\" \/>\n\t<meta property=\"og:image:height\" content=\"800\" \/>\n\t<meta property=\"og:image:type\" content=\"image\/png\" \/>\n<meta name=\"twitter:card\" content=\"summary_large_image\" \/>\n<meta name=\"twitter:label1\" content=\"Estimeret l\u00e6setid\" \/>\n\t<meta name=\"twitter:data1\" content=\"6 minutter\" \/>\n<script type=\"application\/ld+json\" class=\"yoast-schema-graph\">{\"@context\":\"https:\/\/schema.org\",\"@graph\":[{\"@type\":\"WebPage\",\"@id\":\"https:\/\/oceansignal.com\/da\/products\/rescueme-epirb3\/\",\"url\":\"https:\/\/oceansignal.com\/da\/products\/rescueme-epirb3\/\",\"name\":\"rescueME EPIRB3 - Ocean Signal\",\"isPartOf\":{\"@id\":\"https:\/\/oceansignal.com\/da\/#website\"},\"primaryImageOfPage\":{\"@id\":\"https:\/\/oceansignal.com\/da\/products\/rescueme-epirb3\/#primaryimage\"},\"image\":{\"@id\":\"https:\/\/oceansignal.com\/da\/products\/rescueme-epirb3\/#primaryimage\"},\"thumbnailUrl\":\"https:\/\/oceansignal.com\/wp-content\/uploads\/2023\/03\/EPIRB3-Front.png\",\"datePublished\":\"2023-03-27T07:28:36+00:00\",\"dateModified\":\"2026-03-25T10:11:56+00:00\",\"description\":\"Hold dig sikker til s\u00f8s med rescueME EPIRB3 : Denne n\u00f8dpositionsindikerende radiofyr eller EPIRB inkluderer nu AIS og er GMDSS-godkendt til sejlere. K\u00f8b nu!\",\"breadcrumb\":{\"@id\":\"https:\/\/oceansignal.com\/da\/products\/rescueme-epirb3\/#breadcrumb\"},\"inLanguage\":\"da-DK\",\"potentialAction\":[{\"@type\":\"ReadAction\",\"target\":[\"https:\/\/oceansignal.com\/da\/products\/rescueme-epirb3\/\"]}]},{\"@type\":\"ImageObject\",\"inLanguage\":\"da-DK\",\"@id\":\"https:\/\/oceansignal.com\/da\/products\/rescueme-epirb3\/#primaryimage\",\"url\":\"https:\/\/oceansignal.com\/wp-content\/uploads\/2023\/03\/EPIRB3-Front.png\",\"contentUrl\":\"https:\/\/oceansignal.com\/wp-content\/uploads\/2023\/03\/EPIRB3-Front.png\",\"width\":800,\"height\":800},{\"@type\":\"BreadcrumbList\",\"@id\":\"https:\/\/oceansignal.com\/da\/products\/rescueme-epirb3\/#breadcrumb\",\"itemListElement\":[{\"@type\":\"ListItem\",\"position\":1,\"name\":\"Shop\",\"item\":\"https:\/\/oceansignal.com\/da\/shop\/\"},{\"@type\":\"ListItem\",\"position\":2,\"name\":\"rescueME EPIRB3\"}]},{\"@type\":\"WebSite\",\"@id\":\"https:\/\/oceansignal.com\/da\/#website\",\"url\":\"https:\/\/oceansignal.com\/da\/\",\"name\":\"Ocean Signal\",\"description\":\"A leading manufacturer of EPIRBs, AIS, SARTs, Personal Locator Beacons, Man Overboard Beacon for the Marine and Outdoor Markets.\",\"potentialAction\":[{\"@type\":\"SearchAction\",\"target\":{\"@type\":\"EntryPoint\",\"urlTemplate\":\"https:\/\/oceansignal.com\/da\/?s={search_term_string}\"},\"query-input\":{\"@type\":\"PropertyValueSpecification\",\"valueRequired\":true,\"valueName\":\"search_term_string\"}}],\"inLanguage\":\"da-DK\"}]}<\/script>\n<!-- \/ Yoast SEO Premium plugin. -->","yoast_head_json":{"title":"rescueME EPIRB3 - Ocean Signal","description":"Hold dig sikker til s\u00f8s med rescueME EPIRB3 : Denne n\u00f8dpositionsindikerende radiofyr eller EPIRB inkluderer nu AIS og er GMDSS-godkendt til sejlere. K\u00f8b nu!","robots":{"index":"index","follow":"follow","max-snippet":"max-snippet:-1","max-image-preview":"max-image-preview:large","max-video-preview":"max-video-preview:-1"},"canonical":"https:\/\/oceansignal.com\/da\/products\/rescueme-epirb3\/","og_locale":"da_DK","og_type":"article","og_title":"rescueME EPIRB3","og_description":"Hold dig sikker til s\u00f8s med rescueME EPIRB3 : Denne n\u00f8dpositionsindikerende radiofyr eller EPIRB inkluderer nu AIS og er GMDSS-godkendt til sejlere. K\u00f8b nu!","og_url":"https:\/\/oceansignal.com\/da\/products\/rescueme-epirb3\/","og_site_name":"Ocean Signal","article_modified_time":"2026-03-25T10:11:56+00:00","og_image":[{"width":800,"height":800,"url":"https:\/\/oceansignal.com\/wp-content\/uploads\/2023\/03\/EPIRB3-Front.png","type":"image\/png"}],"twitter_card":"summary_large_image","twitter_misc":{"Estimeret l\u00e6setid":"6 minutter"},"schema":{"@context":"https:\/\/schema.org","@graph":[{"@type":"WebPage","@id":"https:\/\/oceansignal.com\/da\/products\/rescueme-epirb3\/","url":"https:\/\/oceansignal.com\/da\/products\/rescueme-epirb3\/","name":"rescueME EPIRB3 - Ocean Signal","isPartOf":{"@id":"https:\/\/oceansignal.com\/da\/#website"},"primaryImageOfPage":{"@id":"https:\/\/oceansignal.com\/da\/products\/rescueme-epirb3\/#primaryimage"},"image":{"@id":"https:\/\/oceansignal.com\/da\/products\/rescueme-epirb3\/#primaryimage"},"thumbnailUrl":"https:\/\/oceansignal.com\/wp-content\/uploads\/2023\/03\/EPIRB3-Front.png","datePublished":"2023-03-27T07:28:36+00:00","dateModified":"2026-03-25T10:11:56+00:00","description":"Hold dig sikker til s\u00f8s med rescueME EPIRB3 : Denne n\u00f8dpositionsindikerende radiofyr eller EPIRB inkluderer nu AIS og er GMDSS-godkendt til sejlere. K\u00f8b nu!","breadcrumb":{"@id":"https:\/\/oceansignal.com\/da\/products\/rescueme-epirb3\/#breadcrumb"},"inLanguage":"da-DK","potentialAction":[{"@type":"ReadAction","target":["https:\/\/oceansignal.com\/da\/products\/rescueme-epirb3\/"]}]},{"@type":"ImageObject","inLanguage":"da-DK","@id":"https:\/\/oceansignal.com\/da\/products\/rescueme-epirb3\/#primaryimage","url":"https:\/\/oceansignal.com\/wp-content\/uploads\/2023\/03\/EPIRB3-Front.png","contentUrl":"https:\/\/oceansignal.com\/wp-content\/uploads\/2023\/03\/EPIRB3-Front.png","width":800,"height":800},{"@type":"BreadcrumbList","@id":"https:\/\/oceansignal.com\/da\/products\/rescueme-epirb3\/#breadcrumb","itemListElement":[{"@type":"ListItem","position":1,"name":"Shop","item":"https:\/\/oceansignal.com\/da\/shop\/"},{"@type":"ListItem","position":2,"name":"rescueME EPIRB3"}]},{"@type":"WebSite","@id":"https:\/\/oceansignal.com\/da\/#website","url":"https:\/\/oceansignal.com\/da\/","name":"Ocean Signal","description":"A leading manufacturer of EPIRBs, AIS, SARTs, Personal Locator Beacons, Man Overboard Beacon for the Marine and Outdoor Markets.","potentialAction":[{"@type":"SearchAction","target":{"@type":"EntryPoint","urlTemplate":"https:\/\/oceansignal.com\/da\/?s={search_term_string}"},"query-input":{"@type":"PropertyValueSpecification","valueRequired":true,"valueName":"search_term_string"}}],"inLanguage":"da-DK"}]}},"_links":{"self":[{"href":"https:\/\/oceansignal.com\/da\/wp-json\/wp\/v2\/product\/12885","targetHints":{"allow":["GET"]}}],"collection":[{"href":"https:\/\/oceansignal.com\/da\/wp-json\/wp\/v2\/product"}],"about":[{"href":"https:\/\/oceansignal.com\/da\/wp-json\/wp\/v2\/types\/product"}],"wp:featuredmedia":[{"embeddable":true,"href":"https:\/\/oceansignal.com\/da\/wp-json\/wp\/v2\/media\/12414"}],"wp:attachment":[{"href":"https:\/\/oceansignal.com\/da\/wp-json\/wp\/v2\/media?parent=12885"}],"wp:term":[{"taxonomy":"product_brand","embeddable":true,"href":"https:\/\/oceansignal.com\/da\/wp-json\/wp\/v2\/product_brand?post=12885"},{"taxonomy":"product_cat","embeddable":true,"href":"https:\/\/oceansignal.com\/da\/wp-json\/wp\/v2\/product_cat?post=12885"},{"taxonomy":"product_tag","embeddable":true,"href":"https:\/\/oceansignal.com\/da\/wp-json\/wp\/v2\/product_tag?post=12885"}],"curies":[{"name":"wp","href":"https:\/\/api.w.org\/{rel}","templated":true}]}}