{"id":12889,"date":"2023-09-07T12:15:25","date_gmt":"2023-09-07T12:15:25","guid":{"rendered":"https:\/\/oceansignal.com\/products\/rescueme-epirb1-pro\/"},"modified":"2026-01-21T19:36:16","modified_gmt":"2026-01-21T19:36:16","slug":"rescueme-epirb1-pro","status":"publish","type":"product","link":"https:\/\/oceansignal.com\/da\/products\/rescueme-epirb1-pro\/","title":{"rendered":"rescueME EPIRB1 Pro"},"content":{"rendered":"<p class=\"ai-optimize-43 ai-optimize-introduction\">EPIRB1 Pro er verdens mest kompakte radiofyr til n\u00f8dpositionsindikation, og kombinerer sin kompakte st\u00f8rrelse med et holdbart design, hvilket g\u00f8r den til et praktisk valg, der opfylder behovene hos alle erhvervs-, fiske- og fritidsfart\u00f8jer. Produktet er designet til maksimal effektivitet og kan prale af en batterilevetid p\u00e5 10 \u00e5r udover en fremragende driftslevetid, n\u00e5r den er aktiveret, hvilket holder redningstjenesterne opdateret om din position i l\u00e6ngere tid. <\/p>\n<p><iframe loading=\"lazy\" title=\"Ocean Signal GMDSS Suite: SafeSea EPIRB1Pro Overview\" width=\"500\" height=\"281\" src=\"https:\/\/www.youtube.com\/embed\/BRNTAX6pNq4?feature=oembed\" frameborder=\"0\" allow=\"accelerometer; autoplay; clipboard-write; encrypted-media; gyroscope; picture-in-picture; web-share\" referrerpolicy=\"strict-origin-when-cross-origin\" allowfullscreen><\/iframe><\/p>\n<p>&nbsp;<\/p>\n<p class=\"ai-optimize-44\">Beskrivelse:<\/p>\n<p class=\"ai-optimize-45\">rescueMe EPIRB1 Pro fungerer i 406MHz satellitb\u00e5ndet. Dette b\u00e5nd omfatter de internationale n\u00f8dfrekvenser, som konstant overv\u00e5ges af <a href=\"https:\/\/www.cospas-sarsat.int\/en\/\">Cospas-Sarsat<\/a> , den internationale s\u00f8ge- og redningssatellitoperat\u00f8r, hvilket sikrer en hurtig reaktion, n\u00e5r et signal modtages, uanset hvor det er i verden. <\/p>\n<p class=\"ai-optimize-46\">Denne EPIRB er udstyret med et 121,5 MHz m\u00e5ls\u00f8gningsfyr, der bruges af redningstjenester til t\u00e6t p\u00e5 lokalisering af fart\u00f8jer i n\u00f8d. Derudover er EPIRB udstyret med et LED-strobelys med h\u00f8j lysstyrke for yderligere effekt, is\u00e6r om natten. Til n\u00f8dsituationer, hvor en bruger ikke fysisk er i stand til at n\u00e5 EPIRB i tide, leveres EPIRB1 Pro ogs\u00e5 komplet med et Kategori I Automatic Release Housing (almindeligvis omtalt som &#8216;flydefri&#8217;). Dette sikrer, at EPIRB automatisk udl\u00f8ses fra beslaget af den interne hydrostatiske udl\u00f8serenhed og derefter ogs\u00e5 automatisk aktiveres og flyder til overfladen for at sende din n\u00f8dbesked til satellitnetv\u00e6rket.   <\/p>\n<p class=\"ai-optimize-47\">Automatic Release Housing (ARH) inkluderer ogs\u00e5 en praktisk adapter, der giver flere muligheder for eftermontering. Brug adapteren til nemt at montere ARH ved hj\u00e6lp af de samme monteringshuller, som tidligere blev brugt til \u00e6ldre og st\u00f8rre EPIRBS, s\u00e5som Ocean Signal E100\/E100G, Jotron Tron 60s og McMurdo E5\/G5. <\/p>\n<p class=\"ai-optimize-48\">Skal du opgradere til en AIS-aktiveret EPIRB ? Tjek den nye <a href=\"https:\/\/oceansignal.com\/products\/safesea-epirb3-pro\/\">EPIRB3<\/a> <\/p>\n<p class=\"ai-optimize-49\"><strong>Funktioner:<\/strong><\/p>\n<ul>\n<li class=\"ai-optimize-50\">Overholder MED (2014\/90\/EU)<\/li>\n<li class=\"ai-optimize-51\">406 MHz (link via satellit til n\u00f8dtjenester)<\/li>\n<li class=\"ai-optimize-52\">121,5 MHz homingsignal (for at hj\u00e6lpe med endelig lokalisering ved efters\u00f8gning og redning)<\/li>\n<li class=\"ai-optimize-53\">H\u00f8j intensitet Strobe<\/li>\n<li class=\"ai-optimize-54\">30% (type) Mindre<\/li>\n<li class=\"ai-optimize-55\">10 \u00e5rs batterilevetid<\/li>\n<li class=\"ai-optimize-56\">2 \u00e5rs garanti (kan forl\u00e6nge garantien til 5 \u00e5r via produktregistrering hos Ocean Signal )<\/li>\n<li class=\"ai-optimize-57\">66-kanals GPS (faktisk n\u00f8jagtig positionering)<\/li>\n<\/ul>\n<h3 class=\"ai-optimize-58\">Udskiftning af din McMurdo EPIRB med Ocean Signal EPIRB1<\/h3>\n<p><iframe loading=\"lazy\" title=\"Replacing your McMurdo with the EPIRB1\" width=\"500\" height=\"281\" src=\"https:\/\/www.youtube.com\/embed\/7o7i59BIpQs?feature=oembed\" frameborder=\"0\" allow=\"accelerometer; autoplay; clipboard-write; encrypted-media; gyroscope; picture-in-picture; web-share\" referrerpolicy=\"strict-origin-when-cross-origin\" allowfullscreen><\/iframe><\/p>\n","protected":false},"excerpt":{"rendered":"<p>Verdens mest kompakte EPIRB med Category I Automatic Release Housing<\/p>\n<ul>\n<li>Engangsk\u00f8b. Ingen abonnementsgebyrer <\/li>\n<li>Inkluderer Kategori I automatisk udl\u00f8serhus (almindeligvis omtalt som &#8216;flydefri&#8217;)<\/li>\n<li>Overholder radioudstyrsdirektivet: 2014 \/ 53 \/ EU<\/li>\n<li>406 MHz (link via satellit til n\u00f8dtjenester)<\/li>\n<li>121,5 MHz homingsignal (for at hj\u00e6lpe med endelig lokalisering ved efters\u00f8gning og redning)<\/li>\n<li>H\u00f8j intensitet Strobe<\/li>\n<li>30% (type) Mindre<\/li>\n<li>10 \u00e5rs batterilevetid<\/li>\n<li>2 \u00e5rs garanti (kan forl\u00e6nge garantien til 5 \u00e5r via produktregistrering hos Ocean Signal )<\/li>\n<li>66-kanals GPS (faktisk n\u00f8jagtig positionering)<\/li>\n<\/ul>\n<p><a href=\"https:\/\/www.dropbox.com\/s\/fk04stqsp2hgk5f\/Prop%2065%20-%20DEHP.pdf?dl=0\">ADVARSEL (USA\/CA): PROP 65<\/a><\/p>\n","protected":false},"featured_media":12432,"template":"","meta":{"_acf_changed":false,"om_disable_all_campaigns":false},"product_brand":[],"product_cat":[737,603],"product_tag":[1291,739,808,809,1290],"class_list":{"0":"post-12889","1":"product","2":"type-product","3":"status-publish","4":"has-post-thumbnail","6":"product_cat-epirb-da","7":"product_cat-rescueme-da","8":"product_tag-automatisk-udloserhus","9":"product_tag-epirb-da","10":"product_tag-epirb1-da","11":"product_tag-epirb1-pro-da","12":"product_tag-kategori-1-da","14":"first","15":"instock","16":"taxable","17":"shipping-taxable","18":"purchasable","19":"product-type-simple"},"acf":[],"yoast_head":"<!-- This site is optimized with the Yoast SEO Premium plugin v25.2 (Yoast SEO v26.4) - https:\/\/yoast.com\/wordpress\/plugins\/seo\/ -->\n<title>rescueME EPIRB1 Pro - Ocean Signal<\/title>\n<meta name=\"description\" content=\"Ocean Signal EPIRB1 Pro med flydefrit beslag: Din betroede f\u00f8lgesvend til s\u00f8sikkerhed, der sikrer hurtig n\u00f8dsignalering p\u00e5 havet.\" \/>\n<meta name=\"robots\" content=\"index, follow, max-snippet:-1, max-image-preview:large, max-video-preview:-1\" \/>\n<link rel=\"canonical\" href=\"https:\/\/oceansignal.com\/da\/products\/rescueme-epirb1-pro\/\" \/>\n<meta property=\"og:locale\" content=\"da_DK\" \/>\n<meta property=\"og:type\" content=\"article\" \/>\n<meta property=\"og:title\" content=\"rescueME EPIRB1 Pro\" \/>\n<meta property=\"og:description\" content=\"Ocean Signal EPIRB1 Pro med flydefrit beslag: Din betroede f\u00f8lgesvend til s\u00f8sikkerhed, der sikrer hurtig n\u00f8dsignalering p\u00e5 havet.\" \/>\n<meta property=\"og:url\" content=\"https:\/\/oceansignal.com\/da\/products\/rescueme-epirb1-pro\/\" \/>\n<meta property=\"og:site_name\" content=\"Ocean Signal\" \/>\n<meta property=\"article:modified_time\" content=\"2026-01-21T19:36:16+00:00\" \/>\n<meta property=\"og:image\" content=\"https:\/\/oceansignal.com\/wp-content\/uploads\/2023\/09\/EPRIB1-PRO-Front.png\" \/>\n\t<meta property=\"og:image:width\" content=\"800\" \/>\n\t<meta property=\"og:image:height\" content=\"800\" \/>\n\t<meta property=\"og:image:type\" content=\"image\/png\" \/>\n<meta name=\"twitter:card\" content=\"summary_large_image\" \/>\n<meta name=\"twitter:label1\" content=\"Estimeret l\u00e6setid\" \/>\n\t<meta name=\"twitter:data1\" content=\"2 minutter\" \/>\n<script type=\"application\/ld+json\" class=\"yoast-schema-graph\">{\"@context\":\"https:\/\/schema.org\",\"@graph\":[{\"@type\":\"WebPage\",\"@id\":\"https:\/\/oceansignal.com\/da\/products\/rescueme-epirb1-pro\/\",\"url\":\"https:\/\/oceansignal.com\/da\/products\/rescueme-epirb1-pro\/\",\"name\":\"rescueME EPIRB1 Pro - Ocean Signal\",\"isPartOf\":{\"@id\":\"https:\/\/oceansignal.com\/da\/#website\"},\"primaryImageOfPage\":{\"@id\":\"https:\/\/oceansignal.com\/da\/products\/rescueme-epirb1-pro\/#primaryimage\"},\"image\":{\"@id\":\"https:\/\/oceansignal.com\/da\/products\/rescueme-epirb1-pro\/#primaryimage\"},\"thumbnailUrl\":\"https:\/\/oceansignal.com\/wp-content\/uploads\/2023\/09\/EPRIB1-PRO-Front.png\",\"datePublished\":\"2023-09-07T12:15:25+00:00\",\"dateModified\":\"2026-01-21T19:36:16+00:00\",\"description\":\"Ocean Signal EPIRB1 Pro med flydefrit beslag: Din betroede f\u00f8lgesvend til s\u00f8sikkerhed, der sikrer hurtig n\u00f8dsignalering p\u00e5 havet.\",\"breadcrumb\":{\"@id\":\"https:\/\/oceansignal.com\/da\/products\/rescueme-epirb1-pro\/#breadcrumb\"},\"inLanguage\":\"da-DK\",\"potentialAction\":[{\"@type\":\"ReadAction\",\"target\":[\"https:\/\/oceansignal.com\/da\/products\/rescueme-epirb1-pro\/\"]}]},{\"@type\":\"ImageObject\",\"inLanguage\":\"da-DK\",\"@id\":\"https:\/\/oceansignal.com\/da\/products\/rescueme-epirb1-pro\/#primaryimage\",\"url\":\"https:\/\/oceansignal.com\/wp-content\/uploads\/2023\/09\/EPRIB1-PRO-Front.png\",\"contentUrl\":\"https:\/\/oceansignal.com\/wp-content\/uploads\/2023\/09\/EPRIB1-PRO-Front.png\",\"width\":800,\"height\":800},{\"@type\":\"BreadcrumbList\",\"@id\":\"https:\/\/oceansignal.com\/da\/products\/rescueme-epirb1-pro\/#breadcrumb\",\"itemListElement\":[{\"@type\":\"ListItem\",\"position\":1,\"name\":\"Shop\",\"item\":\"https:\/\/oceansignal.com\/da\/shop\/\"},{\"@type\":\"ListItem\",\"position\":2,\"name\":\"rescueME EPIRB1 Pro\"}]},{\"@type\":\"WebSite\",\"@id\":\"https:\/\/oceansignal.com\/da\/#website\",\"url\":\"https:\/\/oceansignal.com\/da\/\",\"name\":\"Ocean Signal\",\"description\":\"A leading manufacturer of EPIRBs, AIS, SARTs, Personal Locator Beacons, Man Overboard Beacon for the Marine and Outdoor Markets.\",\"potentialAction\":[{\"@type\":\"SearchAction\",\"target\":{\"@type\":\"EntryPoint\",\"urlTemplate\":\"https:\/\/oceansignal.com\/da\/?s={search_term_string}\"},\"query-input\":{\"@type\":\"PropertyValueSpecification\",\"valueRequired\":true,\"valueName\":\"search_term_string\"}}],\"inLanguage\":\"da-DK\"}]}<\/script>\n<!-- \/ Yoast SEO Premium plugin. -->","yoast_head_json":{"title":"rescueME EPIRB1 Pro - Ocean Signal","description":"Ocean Signal EPIRB1 Pro med flydefrit beslag: Din betroede f\u00f8lgesvend til s\u00f8sikkerhed, der sikrer hurtig n\u00f8dsignalering p\u00e5 havet.","robots":{"index":"index","follow":"follow","max-snippet":"max-snippet:-1","max-image-preview":"max-image-preview:large","max-video-preview":"max-video-preview:-1"},"canonical":"https:\/\/oceansignal.com\/da\/products\/rescueme-epirb1-pro\/","og_locale":"da_DK","og_type":"article","og_title":"rescueME EPIRB1 Pro","og_description":"Ocean Signal EPIRB1 Pro med flydefrit beslag: Din betroede f\u00f8lgesvend til s\u00f8sikkerhed, der sikrer hurtig n\u00f8dsignalering p\u00e5 havet.","og_url":"https:\/\/oceansignal.com\/da\/products\/rescueme-epirb1-pro\/","og_site_name":"Ocean Signal","article_modified_time":"2026-01-21T19:36:16+00:00","og_image":[{"width":800,"height":800,"url":"https:\/\/oceansignal.com\/wp-content\/uploads\/2023\/09\/EPRIB1-PRO-Front.png","type":"image\/png"}],"twitter_card":"summary_large_image","twitter_misc":{"Estimeret l\u00e6setid":"2 minutter"},"schema":{"@context":"https:\/\/schema.org","@graph":[{"@type":"WebPage","@id":"https:\/\/oceansignal.com\/da\/products\/rescueme-epirb1-pro\/","url":"https:\/\/oceansignal.com\/da\/products\/rescueme-epirb1-pro\/","name":"rescueME EPIRB1 Pro - Ocean Signal","isPartOf":{"@id":"https:\/\/oceansignal.com\/da\/#website"},"primaryImageOfPage":{"@id":"https:\/\/oceansignal.com\/da\/products\/rescueme-epirb1-pro\/#primaryimage"},"image":{"@id":"https:\/\/oceansignal.com\/da\/products\/rescueme-epirb1-pro\/#primaryimage"},"thumbnailUrl":"https:\/\/oceansignal.com\/wp-content\/uploads\/2023\/09\/EPRIB1-PRO-Front.png","datePublished":"2023-09-07T12:15:25+00:00","dateModified":"2026-01-21T19:36:16+00:00","description":"Ocean Signal EPIRB1 Pro med flydefrit beslag: Din betroede f\u00f8lgesvend til s\u00f8sikkerhed, der sikrer hurtig n\u00f8dsignalering p\u00e5 havet.","breadcrumb":{"@id":"https:\/\/oceansignal.com\/da\/products\/rescueme-epirb1-pro\/#breadcrumb"},"inLanguage":"da-DK","potentialAction":[{"@type":"ReadAction","target":["https:\/\/oceansignal.com\/da\/products\/rescueme-epirb1-pro\/"]}]},{"@type":"ImageObject","inLanguage":"da-DK","@id":"https:\/\/oceansignal.com\/da\/products\/rescueme-epirb1-pro\/#primaryimage","url":"https:\/\/oceansignal.com\/wp-content\/uploads\/2023\/09\/EPRIB1-PRO-Front.png","contentUrl":"https:\/\/oceansignal.com\/wp-content\/uploads\/2023\/09\/EPRIB1-PRO-Front.png","width":800,"height":800},{"@type":"BreadcrumbList","@id":"https:\/\/oceansignal.com\/da\/products\/rescueme-epirb1-pro\/#breadcrumb","itemListElement":[{"@type":"ListItem","position":1,"name":"Shop","item":"https:\/\/oceansignal.com\/da\/shop\/"},{"@type":"ListItem","position":2,"name":"rescueME EPIRB1 Pro"}]},{"@type":"WebSite","@id":"https:\/\/oceansignal.com\/da\/#website","url":"https:\/\/oceansignal.com\/da\/","name":"Ocean Signal","description":"A leading manufacturer of EPIRBs, AIS, SARTs, Personal Locator Beacons, Man Overboard Beacon for the Marine and Outdoor Markets.","potentialAction":[{"@type":"SearchAction","target":{"@type":"EntryPoint","urlTemplate":"https:\/\/oceansignal.com\/da\/?s={search_term_string}"},"query-input":{"@type":"PropertyValueSpecification","valueRequired":true,"valueName":"search_term_string"}}],"inLanguage":"da-DK"}]}},"_links":{"self":[{"href":"https:\/\/oceansignal.com\/da\/wp-json\/wp\/v2\/product\/12889","targetHints":{"allow":["GET"]}}],"collection":[{"href":"https:\/\/oceansignal.com\/da\/wp-json\/wp\/v2\/product"}],"about":[{"href":"https:\/\/oceansignal.com\/da\/wp-json\/wp\/v2\/types\/product"}],"wp:featuredmedia":[{"embeddable":true,"href":"https:\/\/oceansignal.com\/da\/wp-json\/wp\/v2\/media\/12432"}],"wp:attachment":[{"href":"https:\/\/oceansignal.com\/da\/wp-json\/wp\/v2\/media?parent=12889"}],"wp:term":[{"taxonomy":"product_brand","embeddable":true,"href":"https:\/\/oceansignal.com\/da\/wp-json\/wp\/v2\/product_brand?post=12889"},{"taxonomy":"product_cat","embeddable":true,"href":"https:\/\/oceansignal.com\/da\/wp-json\/wp\/v2\/product_cat?post=12889"},{"taxonomy":"product_tag","embeddable":true,"href":"https:\/\/oceansignal.com\/da\/wp-json\/wp\/v2\/product_tag?post=12889"}],"curies":[{"name":"wp","href":"https:\/\/api.w.org\/{rel}","templated":true}]}}