{"id":12915,"date":"2023-09-07T11:09:06","date_gmt":"2023-09-07T11:09:06","guid":{"rendered":"https:\/\/oceansignal.com\/products\/rescueme-epirb1\/"},"modified":"2026-01-21T19:37:00","modified_gmt":"2026-01-21T19:37:00","slug":"rescueme-epirb1","status":"publish","type":"product","link":"https:\/\/oceansignal.com\/da\/products\/rescueme-epirb1\/","title":{"rendered":"rescueME EPIRB1"},"content":{"rendered":"<p>Oversigt:<\/p>\n<p>rescueME EPIRB1 giver ro i sindet med en imponerende 10 \u00e5rs batterilevetid.<\/p>\n<p>Verdens mest kompakte n\u00f8dpositionsindikerende radiobeacon eller EPIRB kan altid v\u00e6re ved h\u00e5nden, da dens lille st\u00f8rrelse g\u00f8r det nemt at fastholde det i dets manuelle hurtigudl\u00f8serbeslag eller anbringes i en n\u00f8dhj\u00e6lpstaske eller redningsfl\u00e5de. En simpel beskyttende tap over betjeningstasterne forhindrer utilsigtet aktivering, men muligg\u00f8r alligevel nem betjening, n\u00e5r det er n\u00f8dvendigt. <\/p>\n<p>rescueME EPIRB1 har ogs\u00e5 to h\u00f8jlysstyrke stroboskoper for at maksimere synlighed i svagt lys, og den tilbagetr\u00e6kkelige antenne giver maksimal beskyttelse og en reduceret omrids til opbevaring. N\u00e5r det kr\u00e6ves, kan antennen let udfoldes med et blidt tr\u00e6k. <\/p>\n<p>Foresl\u00e5et blog: <a href=\"https:\/\/oceansignal.com\/da\/news\/hvad-er-en-nodposition-der-indikerer-radiobeacon-eller-epirb\/\">Hvad er en EPIRB ?<\/a><\/p>\n<p>Produktbeskrivelse:<\/p>\n<p>Vi introducerer Ocean Signal rescueME EPIRB1 \u2013 din p\u00e5lidelige f\u00f8lgesvend til s\u00f8fartssikkerhed.<\/p>\n<p>Konstrueret til hurtigt at advare efters\u00f8gnings- og redningshold i tilf\u00e6lde af en n\u00f8dsituation p\u00e5 havet, er denne kompakte n\u00f8dpositionsindikerende radiofyr ( EPIRB ) din livline p\u00e5 vandet. Uanset om du er en s\u00f8mand, fisker eller eventyrer, sikrer rescueME EPIRB1 , at dit n\u00f8dsignal udsendes med pr\u00e6cision, hvilket letter en hurtig reaktion p\u00e5 din placering. Med sin banebrydende teknologi og brugervenlige design giver denne essentielle enhed uovertruffen ro i sindet, som giver dig mulighed for at navigere p\u00e5 havet med tillid.  <\/p>\n<p>rescueME EPIRB1 leveres med en integreret 66-kanals GPS som standard, der giver n\u00f8jagtig positionsinformation til n\u00f8dtjenesterne for at hj\u00e6lpe med hurtig redning. N\u00e5r den er aktiveret, sender EPIRB1 din position og unikke ID til et redningskoordinationscenter via satellitlink. Disse oplysninger videresendes derefter til de relevante lokale efters\u00f8gnings- og redningstjenester, s\u00e5 de ved din n\u00f8jagtige placering takket v\u00e6re 66-kanals GPS.  <\/p>\n<p>Skal du opgradere til en AIS-aktiveret EPIRB ? Tjek den nye <a href=\"https:\/\/oceansignal.com\/products\/safesea-epirb3-pro\/\">EPIRB3<\/a> <\/p>\n<p>&nbsp;<\/p>\n<p><strong>Funktioner:<\/strong><\/p>\n<ul>\n<li>30 % (type) mindre*<\/li>\n<li>10 \u00e5rs batterilevetid<\/li>\n<li>48+ timers driftslevetid<\/li>\n<li>2-\u00e5rs garanti \u2020 (kan forl\u00e6nge garantien til 5 \u00e5r via produktregistrering)<\/li>\n<li>Hurtig n\u00f8jagtig positionering med 66-kanals GPS<\/li>\n<li>Udtr\u00e6kkelig antenne<\/li>\n<li>Quick release beslag<\/li>\n<li>Sikker snor<\/li>\n<li>Fremstillet i Storbritannien (UK)<\/li>\n<\/ul>\n<p>&nbsp;<\/p>\n<p>*30 % mindre sammenlignet med andre produkter godkendt i henhold til anerkendte standarder (juli 2014)<\/p>\n<p>\u2020 Med forbehold af garantierkl\u00e6ring<\/p>\n<p>Til l\u00e6ngere offshore- eller havpassager tilbyder Ocean Signal <a href=\"http:\/\/oceansignal.com\/products\/rescueme-epirb1-pro\/\">EPIRB1 Pro<\/a> et hus med automatisk udl\u00f8sning.<\/p>\n<p>&nbsp;<\/p>\n","protected":false},"excerpt":{"rendered":"<p>Verdens mest kompakte n\u00f8dpositionsindikerende radiofyr ( EPIRB )<\/p>\n<p><strong>Funktioner:<\/strong><\/p>\n<ul>\n<li>Engangsk\u00f8b. Ingen abonnementsgebyrer. <\/li>\n<li>10 \u00e5rs batterilevetid<\/li>\n<li>48+ timers driftslevetid<\/li>\n<li>Hurtig n\u00f8jagtig positionering med 66-kanals GPS og 406Mhz + 121,5Mhz<\/li>\n<li>2-\u00e5rs garanti \u2020 (kan forl\u00e6nge garantien til 5 \u00e5r via produktregistrering)<\/li>\n<li>Udtr\u00e6kkelig antenne<\/li>\n<li>Quick release beslag<\/li>\n<li>Sikker snor<\/li>\n<li>Fremstillet i Storbritannien (UK)<\/li>\n<\/ul>\n<p><a href=\"https:\/\/www.dropbox.com\/s\/fk04stqsp2hgk5f\/Prop%2065%20-%20DEHP.pdf?dl=0\">ADVARSEL: PROP 65<\/a><\/p>\n<p>&nbsp;<\/p>\n","protected":false},"featured_media":35476,"template":"","meta":{"_acf_changed":false,"om_disable_all_campaigns":false},"product_brand":[],"product_cat":[737,603],"product_tag":[739,808,1020,1021,1019],"class_list":{"0":"post-12915","1":"product","2":"type-product","3":"status-publish","4":"has-post-thumbnail","6":"product_cat-epirb-da","7":"product_cat-rescueme-da","8":"product_tag-epirb-da","9":"product_tag-epirb1-da","10":"product_tag-gps-da","11":"product_tag-marine-sikkerhed","12":"product_tag-nodposition-der-indikerer-radio-becaon","14":"first","15":"instock","16":"taxable","17":"shipping-taxable","18":"purchasable","19":"product-type-simple"},"acf":[],"yoast_head":"<!-- This site is optimized with the Yoast SEO Premium plugin v25.2 (Yoast SEO v26.4) - https:\/\/yoast.com\/wordpress\/plugins\/seo\/ -->\n<title>rescueME EPIRB1 - Ocean Signal<\/title>\n<meta name=\"description\" content=\"Hold dig sikker p\u00e5 havet med Ocean Signal &#039;s rescueME EPIRB1 n\u00f8dpositionsindikerende radiobeacon. Kompakt og p\u00e5lidelig, den er til maritime eventyr.\" \/>\n<meta name=\"robots\" content=\"index, follow, max-snippet:-1, max-image-preview:large, max-video-preview:-1\" \/>\n<link rel=\"canonical\" href=\"https:\/\/oceansignal.com\/da\/products\/rescueme-epirb1\/\" \/>\n<meta property=\"og:locale\" content=\"da_DK\" \/>\n<meta property=\"og:type\" content=\"article\" \/>\n<meta property=\"og:title\" content=\"rescueME EPIRB1\" \/>\n<meta property=\"og:description\" content=\"Hold dig sikker p\u00e5 havet med Ocean Signal &#039;s rescueME EPIRB1 n\u00f8dpositionsindikerende radiobeacon. Kompakt og p\u00e5lidelig, den er til maritime eventyr.\" \/>\n<meta property=\"og:url\" content=\"https:\/\/oceansignal.com\/da\/products\/rescueme-epirb1\/\" \/>\n<meta property=\"og:site_name\" content=\"Ocean Signal\" \/>\n<meta property=\"article:modified_time\" content=\"2026-01-21T19:37:00+00:00\" \/>\n<meta property=\"og:image\" content=\"https:\/\/oceansignal.com\/wp-content\/uploads\/2023\/09\/Ocean-Signal-EPIRB-1-Front.webp\" \/>\n\t<meta property=\"og:image:width\" content=\"800\" \/>\n\t<meta property=\"og:image:height\" content=\"800\" \/>\n\t<meta property=\"og:image:type\" content=\"image\/webp\" \/>\n<meta name=\"twitter:card\" content=\"summary_large_image\" \/>\n<meta name=\"twitter:label1\" content=\"Estimeret l\u00e6setid\" \/>\n\t<meta name=\"twitter:data1\" content=\"2 minutter\" \/>\n<script type=\"application\/ld+json\" class=\"yoast-schema-graph\">{\"@context\":\"https:\/\/schema.org\",\"@graph\":[{\"@type\":\"WebPage\",\"@id\":\"https:\/\/oceansignal.com\/da\/products\/rescueme-epirb1\/\",\"url\":\"https:\/\/oceansignal.com\/da\/products\/rescueme-epirb1\/\",\"name\":\"rescueME EPIRB1 - Ocean Signal\",\"isPartOf\":{\"@id\":\"https:\/\/oceansignal.com\/da\/#website\"},\"primaryImageOfPage\":{\"@id\":\"https:\/\/oceansignal.com\/da\/products\/rescueme-epirb1\/#primaryimage\"},\"image\":{\"@id\":\"https:\/\/oceansignal.com\/da\/products\/rescueme-epirb1\/#primaryimage\"},\"thumbnailUrl\":\"https:\/\/oceansignal.com\/wp-content\/uploads\/2023\/09\/Ocean-Signal-EPIRB-1-Front.webp\",\"datePublished\":\"2023-09-07T11:09:06+00:00\",\"dateModified\":\"2026-01-21T19:37:00+00:00\",\"description\":\"Hold dig sikker p\u00e5 havet med Ocean Signal 's rescueME EPIRB1 n\u00f8dpositionsindikerende radiobeacon. Kompakt og p\u00e5lidelig, den er til maritime eventyr.\",\"breadcrumb\":{\"@id\":\"https:\/\/oceansignal.com\/da\/products\/rescueme-epirb1\/#breadcrumb\"},\"inLanguage\":\"da-DK\",\"potentialAction\":[{\"@type\":\"ReadAction\",\"target\":[\"https:\/\/oceansignal.com\/da\/products\/rescueme-epirb1\/\"]}]},{\"@type\":\"ImageObject\",\"inLanguage\":\"da-DK\",\"@id\":\"https:\/\/oceansignal.com\/da\/products\/rescueme-epirb1\/#primaryimage\",\"url\":\"https:\/\/oceansignal.com\/wp-content\/uploads\/2023\/09\/Ocean-Signal-EPIRB-1-Front.webp\",\"contentUrl\":\"https:\/\/oceansignal.com\/wp-content\/uploads\/2023\/09\/Ocean-Signal-EPIRB-1-Front.webp\",\"width\":800,\"height\":800},{\"@type\":\"BreadcrumbList\",\"@id\":\"https:\/\/oceansignal.com\/da\/products\/rescueme-epirb1\/#breadcrumb\",\"itemListElement\":[{\"@type\":\"ListItem\",\"position\":1,\"name\":\"Shop\",\"item\":\"https:\/\/oceansignal.com\/da\/shop\/\"},{\"@type\":\"ListItem\",\"position\":2,\"name\":\"rescueME EPIRB1\"}]},{\"@type\":\"WebSite\",\"@id\":\"https:\/\/oceansignal.com\/da\/#website\",\"url\":\"https:\/\/oceansignal.com\/da\/\",\"name\":\"Ocean Signal\",\"description\":\"A leading manufacturer of EPIRBs, AIS, SARTs, Personal Locator Beacons, Man Overboard Beacon for the Marine and Outdoor Markets.\",\"potentialAction\":[{\"@type\":\"SearchAction\",\"target\":{\"@type\":\"EntryPoint\",\"urlTemplate\":\"https:\/\/oceansignal.com\/da\/?s={search_term_string}\"},\"query-input\":{\"@type\":\"PropertyValueSpecification\",\"valueRequired\":true,\"valueName\":\"search_term_string\"}}],\"inLanguage\":\"da-DK\"}]}<\/script>\n<!-- \/ Yoast SEO Premium plugin. -->","yoast_head_json":{"title":"rescueME EPIRB1 - Ocean Signal","description":"Hold dig sikker p\u00e5 havet med Ocean Signal 's rescueME EPIRB1 n\u00f8dpositionsindikerende radiobeacon. Kompakt og p\u00e5lidelig, den er til maritime eventyr.","robots":{"index":"index","follow":"follow","max-snippet":"max-snippet:-1","max-image-preview":"max-image-preview:large","max-video-preview":"max-video-preview:-1"},"canonical":"https:\/\/oceansignal.com\/da\/products\/rescueme-epirb1\/","og_locale":"da_DK","og_type":"article","og_title":"rescueME EPIRB1","og_description":"Hold dig sikker p\u00e5 havet med Ocean Signal 's rescueME EPIRB1 n\u00f8dpositionsindikerende radiobeacon. Kompakt og p\u00e5lidelig, den er til maritime eventyr.","og_url":"https:\/\/oceansignal.com\/da\/products\/rescueme-epirb1\/","og_site_name":"Ocean Signal","article_modified_time":"2026-01-21T19:37:00+00:00","og_image":[{"width":800,"height":800,"url":"https:\/\/oceansignal.com\/wp-content\/uploads\/2023\/09\/Ocean-Signal-EPIRB-1-Front.webp","type":"image\/webp"}],"twitter_card":"summary_large_image","twitter_misc":{"Estimeret l\u00e6setid":"2 minutter"},"schema":{"@context":"https:\/\/schema.org","@graph":[{"@type":"WebPage","@id":"https:\/\/oceansignal.com\/da\/products\/rescueme-epirb1\/","url":"https:\/\/oceansignal.com\/da\/products\/rescueme-epirb1\/","name":"rescueME EPIRB1 - Ocean Signal","isPartOf":{"@id":"https:\/\/oceansignal.com\/da\/#website"},"primaryImageOfPage":{"@id":"https:\/\/oceansignal.com\/da\/products\/rescueme-epirb1\/#primaryimage"},"image":{"@id":"https:\/\/oceansignal.com\/da\/products\/rescueme-epirb1\/#primaryimage"},"thumbnailUrl":"https:\/\/oceansignal.com\/wp-content\/uploads\/2023\/09\/Ocean-Signal-EPIRB-1-Front.webp","datePublished":"2023-09-07T11:09:06+00:00","dateModified":"2026-01-21T19:37:00+00:00","description":"Hold dig sikker p\u00e5 havet med Ocean Signal 's rescueME EPIRB1 n\u00f8dpositionsindikerende radiobeacon. Kompakt og p\u00e5lidelig, den er til maritime eventyr.","breadcrumb":{"@id":"https:\/\/oceansignal.com\/da\/products\/rescueme-epirb1\/#breadcrumb"},"inLanguage":"da-DK","potentialAction":[{"@type":"ReadAction","target":["https:\/\/oceansignal.com\/da\/products\/rescueme-epirb1\/"]}]},{"@type":"ImageObject","inLanguage":"da-DK","@id":"https:\/\/oceansignal.com\/da\/products\/rescueme-epirb1\/#primaryimage","url":"https:\/\/oceansignal.com\/wp-content\/uploads\/2023\/09\/Ocean-Signal-EPIRB-1-Front.webp","contentUrl":"https:\/\/oceansignal.com\/wp-content\/uploads\/2023\/09\/Ocean-Signal-EPIRB-1-Front.webp","width":800,"height":800},{"@type":"BreadcrumbList","@id":"https:\/\/oceansignal.com\/da\/products\/rescueme-epirb1\/#breadcrumb","itemListElement":[{"@type":"ListItem","position":1,"name":"Shop","item":"https:\/\/oceansignal.com\/da\/shop\/"},{"@type":"ListItem","position":2,"name":"rescueME EPIRB1"}]},{"@type":"WebSite","@id":"https:\/\/oceansignal.com\/da\/#website","url":"https:\/\/oceansignal.com\/da\/","name":"Ocean Signal","description":"A leading manufacturer of EPIRBs, AIS, SARTs, Personal Locator Beacons, Man Overboard Beacon for the Marine and Outdoor Markets.","potentialAction":[{"@type":"SearchAction","target":{"@type":"EntryPoint","urlTemplate":"https:\/\/oceansignal.com\/da\/?s={search_term_string}"},"query-input":{"@type":"PropertyValueSpecification","valueRequired":true,"valueName":"search_term_string"}}],"inLanguage":"da-DK"}]}},"_links":{"self":[{"href":"https:\/\/oceansignal.com\/da\/wp-json\/wp\/v2\/product\/12915","targetHints":{"allow":["GET"]}}],"collection":[{"href":"https:\/\/oceansignal.com\/da\/wp-json\/wp\/v2\/product"}],"about":[{"href":"https:\/\/oceansignal.com\/da\/wp-json\/wp\/v2\/types\/product"}],"wp:featuredmedia":[{"embeddable":true,"href":"https:\/\/oceansignal.com\/da\/wp-json\/wp\/v2\/media\/35476"}],"wp:attachment":[{"href":"https:\/\/oceansignal.com\/da\/wp-json\/wp\/v2\/media?parent=12915"}],"wp:term":[{"taxonomy":"product_brand","embeddable":true,"href":"https:\/\/oceansignal.com\/da\/wp-json\/wp\/v2\/product_brand?post=12915"},{"taxonomy":"product_cat","embeddable":true,"href":"https:\/\/oceansignal.com\/da\/wp-json\/wp\/v2\/product_cat?post=12915"},{"taxonomy":"product_tag","embeddable":true,"href":"https:\/\/oceansignal.com\/da\/wp-json\/wp\/v2\/product_tag?post=12915"}],"curies":[{"name":"wp","href":"https:\/\/api.w.org\/{rel}","templated":true}]}}