{"id":12919,"date":"2023-09-07T12:56:56","date_gmt":"2023-09-07T12:56:56","guid":{"rendered":"https:\/\/oceansignal.com\/products\/rescueme-epirb2-pro\/"},"modified":"2026-01-21T19:54:00","modified_gmt":"2026-01-21T19:54:00","slug":"rescueme-epirb2-pro","status":"publish","type":"product","link":"https:\/\/oceansignal.com\/da\/products\/rescueme-epirb2-pro\/","title":{"rendered":"rescueME EPIRB2 Pro"},"content":{"rendered":"<p>Oversigt:<\/p>\n<p>Med introduktionen af \u200b\u200bReturn Link Service (RLS)-teknologi og Near Field Communication (NFC)-funktioner giver EPIRB2 Pro betydelige fordele i forhold til sine forg\u00e6ngere. RLS bekr\u00e6fter, at n\u00f8dbeskeden er modtaget, og NFC-funktionen g\u00f8r det muligt at bruge en smartphone-app til at overv\u00e5ge EPIRB batteri og andre funktioner og sikre, at den fungerer korrekt. <\/p>\n<p>De innovative nye funktioner i EPIRB2 Pro og det medf\u00f8lgende automatiske flydefri beslag g\u00f8r den til et fremragende valg til en bred vifte af marine applikationer specifikke for b\u00e5de fritids- og erhvervsfart\u00f8jer.<\/p>\n<p>Beskrivelse:<\/p>\n<p>I udviklingen af EPIRB2 Pro har Ocean Signal trukket p\u00e5 sin betydelige erfaring med at designe og producere RLS EPIRB&#8217;er af h\u00f8j kvalitet og med mange funktioner, der bruger en praktisk kompakt formfaktor. Ved at anvende flere niveauer af integreret signalteknologi, herunder 406 MHz, GNSS (GPS, Galileo, Glonass) positionering og et 121,5 MHz m\u00e5ls\u00f8gende signal, guider EPIRB2 Pro ubesv\u00e6ret efters\u00f8gnings- og redningsstyrker til din position. Tilf\u00f8jelsen af \u200b\u200bReturn Link Service (RLS) teknologi og Near Field Communication-funktion fuldender EPIRB2 Pro imponerende funktioner.  <\/p>\n<p>&nbsp;<\/p>\n<p><strong>Smartphone-forbindelse ved hj\u00e6lp af n\u00e6rfeltskommunikation<\/strong><\/p>\n<p>&nbsp;<\/p>\n<p>Integrationen af \u200b\u200bNFC-teknologi giver brugerne mulighed for bekvemt at f\u00e5 adgang til beacon-data fra deres mobiltelefon. Den enkle handling med at placere en telefon i n\u00e6rheden af \u200b\u200bbeaconen \u00e5bner automatisk Ocean Signal Product App og giver adgang til et v\u00e6ld af brugsdata, inklusive den aktuelle batterilevetid, antallet af gennemf\u00f8rte selvtests, antallet af gennemf\u00f8rte GNSS-tests og, hvis det er relevant, den tid, beaconen har v\u00e6ret aktiveret. <\/p>\n<p>&nbsp;<\/p>\n<p>Detaljeret information om hver selvtest og GNSS-test udf\u00f8rt af beaconen er ogs\u00e5 tilg\u00e6ngelig. Oplysninger, der er tilg\u00e6ngelige for hver vellykket GNSS-test, inkluderer adgang til et kort, der viser n\u00f8jagtigt, hvor testen blev udf\u00f8rt, datoen og klokkesl\u00e6ttet for testen, den tid, det tog beaconet at f\u00e5 en GNSS-koordinatfix, antallet af satellitter, som beaconet brugte til at opn\u00e5 denne rettelse, og n\u00f8jagtigheden af \u200b\u200bplaceringen. <\/p>\n<p>&nbsp;<\/p>\n<p><strong>Global d\u00e6kning via Cospas-Sarsat Satellite Network<\/strong><\/p>\n<p>&nbsp;<\/p>\n<p>Ved at udnytte <a href=\"https:\/\/www.cospas-sarsat.int\/en\/\">Cospas-Sarsat satellitnetv\u00e6rkets<\/a> globale r\u00e6kkevidde kan EPIRB2 Pro aktiveres hvor som helst og n\u00e5r som helst og sender din 406 MHz n\u00f8dbesked. N\u00f8dtransmissionen inkluderer fyrkoordinater, der er afledt af EPIRB&#8217;s integrerede GNSS-modtager og er n\u00f8jagtige inden for 100 meter.<\/p>\n<p>&nbsp;<\/p>\n<p>RLS EPIRB&#8217;er giver brugerne tryghed ved at sende et retursignal via <a href=\"https:\/\/www.euspa.europa.eu\/european-space\/galileo\/services\/search-and-rescue-sar-galileo-service\">Galileo<\/a> -satellitnetv\u00e6rket direkte tilbage til fyret for at bekr\u00e6fte, at n\u00f8dmeldingen er modtaget, og at fyrets placering er blevet registreret. Brugerbekr\u00e6ftelse indikeres tydeligt med et blinkende bl\u00e5t lys.<\/p>\n<p>&nbsp;<\/p>\n<p><strong>Return Link Service (RLS)<\/strong><\/p>\n<p><strong> <\/strong><\/p>\n<p>Den iboende stress forbundet med en maritim n\u00f8dsituation er et udfordrende symptom, som alle sejlere desv\u00e6rre skal h\u00e5ndtere, hvis de befinder sig i en n\u00f8dsituation. Heldigvis giver inkluderingen af \u200b\u200bRLS-funktionen i EPIRB2 Pro en m\u00e5de at minimere stresset i s\u00e5danne situationer. RLS EPIRB&#8217;er giver en bekr\u00e6ftelse direkte til fyrt\u00e5rnet, der fort\u00e6ller brugeren, at deres n\u00f8dbesked er modtaget, og deres placering er registreret. Indikationen af \u200b\u200bRLS-funktionalitet repr\u00e6senteres af et karakteristisk bl\u00e5t lys, hvilket g\u00f8r det nemt for brugerne at fastsl\u00e5 pr\u00e6cis, hvorn\u00e5r RLS-bekr\u00e6ftelsen er modtaget.   <\/p>\n<p>&nbsp;<\/p>\n<p><strong>Monteringsbeslag<\/strong><\/p>\n<p>&nbsp;<\/p>\n<p>EPIRB2 Pro leveres komplet med et flydefrit monteringsbeslag i kategori 1 med automatisk udl\u00f8sning. Dette beslag opbevarer EPIRB2 Pro sikkert under hele rejsen, uanset forholdene undervejs. Det giver ogs\u00e5 den bedste chance for udrykning i n\u00f8dsituationer, hvor det er sv\u00e6rt for et bes\u00e6tningsmedlem at n\u00e5 EPIRB .  <\/p>\n<p>&nbsp;<\/p>\n<p>Ocean Signal er stolte af fortsat at tilbyde nye og sp\u00e6ndende funktioner som RLS og NFC, i takt med at de fastholder deres m\u00e5l om at tilbyde innovative sikkerhedsprodukter af h\u00f8jeste kvalitet. Uanset \u00e5rsagen til din n\u00e6ste rejse eller din valgte destination, kan du garantere din sikkerhed med en EPIRB2 Pro . <\/p>\n<p>Har du brug for at opgradere til en AIS EPIRB ? Tjek den nye <a href=\"https:\/\/oceansignal.com\/products\/safesea-epirb3-pro\/\">EPIRB3<\/a> ud <\/p>\n<p><strong>Funktioner:<\/strong><\/p>\n<p>&nbsp;<\/p>\n<ul>\n<li>30%(type) mindre<\/li>\n<li>Return Link Service (RLS)<\/li>\n<li>Mobil forbindelse ved hj\u00e6lp af Near Field Communication (NFC)<\/li>\n<li>Gratis app (Apple &amp; Android)<\/li>\n<li>10 \u00e5rs batterilevetid<\/li>\n<li>48+ timers driftslevetid<\/li>\n<li>2 \u00e5rs garanti (kan forl\u00e6nge garantien til 5 \u00e5r via produktregistrering hos Ocean Signal )<\/li>\n<li>Hurtig n\u00f8jagtig positionering med 72 kanals GPS<\/li>\n<li>Udtr\u00e6kkelig antenne<\/li>\n<li>Kategori I autoudl\u00f8ser flydefri beslag<\/li>\n<li>Sikker snor<\/li>\n<\/ul>\n","protected":false},"excerpt":{"rendered":"<p>Verdens mest kompakte EPIRB med RLS og NFC (Inc. Cat 1 Float Free Bracket)<\/p>\n<ul>\n<li>30%(type) mindre<\/li>\n<li>Inkluderer kategori I auto-release flydefri beslag<\/li>\n<li>Sikker snor<\/li>\n<li>Return Link Service (RLS)<\/li>\n<li>Mobil forbindelse ved hj\u00e6lp af Near Field Communication (NFC)<\/li>\n<li>Gratis app (Apple &amp; Android)<\/li>\n<li>10 \u00e5rs batterilevetid<\/li>\n<li>48+ timers driftslevetid<\/li>\n<li>2-\u00e5rs garanti (kan forl\u00e6nge garantien til 5 \u00e5r via produktregistrering hos Ocean Signal ) \u2020<\/li>\n<li>Hurtig n\u00f8jagtig positionering med 72-kanals GPS<\/li>\n<li>Udtr\u00e6kkelig antenne<\/li>\n<li>Quick release beslag<\/li>\n<\/ul>\n<p><a href=\"https:\/\/www.dropbox.com\/s\/8343nj28z0d7bxa\/Prop%2065%20-%20BPA.pdf?dl=0\" data-cke-saved-href=\"https:\/\/www.dropbox.com\/s\/8343nj28z0d7bxa\/Prop%2065%20-%20BPA.pdf?dl=0\">ADVARSEL: PROP 65<\/a><\/p>\n","protected":false},"featured_media":12466,"template":"","meta":{"_acf_changed":false,"om_disable_all_campaigns":false},"product_brand":[],"product_cat":[737,603],"product_tag":[739,1029,740,741],"class_list":{"0":"post-12919","1":"product","2":"type-product","3":"status-publish","4":"has-post-thumbnail","6":"product_cat-epirb-da","7":"product_cat-rescueme-da","8":"product_tag-epirb-da","9":"product_tag-epirb2-pro-da","10":"product_tag-nfc-da","11":"product_tag-rls-da","13":"first","14":"outofstock","15":"taxable","16":"shipping-taxable","17":"purchasable","18":"product-type-simple"},"acf":[],"yoast_head":"<!-- This site is optimized with the Yoast SEO Premium plugin v25.2 (Yoast SEO v26.4) - https:\/\/yoast.com\/wordpress\/plugins\/seo\/ -->\n<title>rescueME EPIRB2 Pro - Ocean Signal<\/title>\n<meta name=\"description\" content=\"Ocean Signal rescueME EPIRB2 med Return Link Service: Hurtig n\u00f8dsignalering for maritim sikkerhed. Sejl ikke uden en RLS EPIRB .\" \/>\n<meta name=\"robots\" content=\"index, follow, max-snippet:-1, max-image-preview:large, max-video-preview:-1\" \/>\n<link rel=\"canonical\" href=\"https:\/\/oceansignal.com\/da\/products\/rescueme-epirb2-pro\/\" \/>\n<meta property=\"og:locale\" content=\"da_DK\" \/>\n<meta property=\"og:type\" content=\"article\" \/>\n<meta property=\"og:title\" content=\"rescueME EPIRB2 Pro\" \/>\n<meta property=\"og:description\" content=\"Ocean Signal rescueME EPIRB2 med Return Link Service: Hurtig n\u00f8dsignalering for maritim sikkerhed. Sejl ikke uden en RLS EPIRB .\" \/>\n<meta property=\"og:url\" content=\"https:\/\/oceansignal.com\/da\/products\/rescueme-epirb2-pro\/\" \/>\n<meta property=\"og:site_name\" content=\"Ocean Signal\" \/>\n<meta property=\"article:modified_time\" content=\"2026-01-21T19:54:00+00:00\" \/>\n<meta property=\"og:image\" content=\"https:\/\/oceansignal.com\/wp-content\/uploads\/2023\/09\/Ocean-Signal-EPIRB2-Pro-Front.png\" \/>\n\t<meta property=\"og:image:width\" content=\"800\" \/>\n\t<meta property=\"og:image:height\" content=\"800\" \/>\n\t<meta property=\"og:image:type\" content=\"image\/png\" \/>\n<meta name=\"twitter:card\" content=\"summary_large_image\" \/>\n<meta name=\"twitter:label1\" content=\"Estimeret l\u00e6setid\" \/>\n\t<meta name=\"twitter:data1\" content=\"4 minutter\" \/>\n<script type=\"application\/ld+json\" class=\"yoast-schema-graph\">{\"@context\":\"https:\/\/schema.org\",\"@graph\":[{\"@type\":\"WebPage\",\"@id\":\"https:\/\/oceansignal.com\/da\/products\/rescueme-epirb2-pro\/\",\"url\":\"https:\/\/oceansignal.com\/da\/products\/rescueme-epirb2-pro\/\",\"name\":\"rescueME EPIRB2 Pro - Ocean Signal\",\"isPartOf\":{\"@id\":\"https:\/\/oceansignal.com\/da\/#website\"},\"primaryImageOfPage\":{\"@id\":\"https:\/\/oceansignal.com\/da\/products\/rescueme-epirb2-pro\/#primaryimage\"},\"image\":{\"@id\":\"https:\/\/oceansignal.com\/da\/products\/rescueme-epirb2-pro\/#primaryimage\"},\"thumbnailUrl\":\"https:\/\/oceansignal.com\/wp-content\/uploads\/2023\/09\/Ocean-Signal-EPIRB2-Pro-Front.png\",\"datePublished\":\"2023-09-07T12:56:56+00:00\",\"dateModified\":\"2026-01-21T19:54:00+00:00\",\"description\":\"Ocean Signal rescueME EPIRB2 med Return Link Service: Hurtig n\u00f8dsignalering for maritim sikkerhed. Sejl ikke uden en RLS EPIRB .\",\"breadcrumb\":{\"@id\":\"https:\/\/oceansignal.com\/da\/products\/rescueme-epirb2-pro\/#breadcrumb\"},\"inLanguage\":\"da-DK\",\"potentialAction\":[{\"@type\":\"ReadAction\",\"target\":[\"https:\/\/oceansignal.com\/da\/products\/rescueme-epirb2-pro\/\"]}]},{\"@type\":\"ImageObject\",\"inLanguage\":\"da-DK\",\"@id\":\"https:\/\/oceansignal.com\/da\/products\/rescueme-epirb2-pro\/#primaryimage\",\"url\":\"https:\/\/oceansignal.com\/wp-content\/uploads\/2023\/09\/Ocean-Signal-EPIRB2-Pro-Front.png\",\"contentUrl\":\"https:\/\/oceansignal.com\/wp-content\/uploads\/2023\/09\/Ocean-Signal-EPIRB2-Pro-Front.png\",\"width\":800,\"height\":800},{\"@type\":\"BreadcrumbList\",\"@id\":\"https:\/\/oceansignal.com\/da\/products\/rescueme-epirb2-pro\/#breadcrumb\",\"itemListElement\":[{\"@type\":\"ListItem\",\"position\":1,\"name\":\"Shop\",\"item\":\"https:\/\/oceansignal.com\/da\/shop\/\"},{\"@type\":\"ListItem\",\"position\":2,\"name\":\"rescueME EPIRB2 Pro\"}]},{\"@type\":\"WebSite\",\"@id\":\"https:\/\/oceansignal.com\/da\/#website\",\"url\":\"https:\/\/oceansignal.com\/da\/\",\"name\":\"Ocean Signal\",\"description\":\"A leading manufacturer of EPIRBs, AIS, SARTs, Personal Locator Beacons, Man Overboard Beacon for the Marine and Outdoor Markets.\",\"potentialAction\":[{\"@type\":\"SearchAction\",\"target\":{\"@type\":\"EntryPoint\",\"urlTemplate\":\"https:\/\/oceansignal.com\/da\/?s={search_term_string}\"},\"query-input\":{\"@type\":\"PropertyValueSpecification\",\"valueRequired\":true,\"valueName\":\"search_term_string\"}}],\"inLanguage\":\"da-DK\"}]}<\/script>\n<!-- \/ Yoast SEO Premium plugin. -->","yoast_head_json":{"title":"rescueME EPIRB2 Pro - Ocean Signal","description":"Ocean Signal rescueME EPIRB2 med Return Link Service: Hurtig n\u00f8dsignalering for maritim sikkerhed. Sejl ikke uden en RLS EPIRB .","robots":{"index":"index","follow":"follow","max-snippet":"max-snippet:-1","max-image-preview":"max-image-preview:large","max-video-preview":"max-video-preview:-1"},"canonical":"https:\/\/oceansignal.com\/da\/products\/rescueme-epirb2-pro\/","og_locale":"da_DK","og_type":"article","og_title":"rescueME EPIRB2 Pro","og_description":"Ocean Signal rescueME EPIRB2 med Return Link Service: Hurtig n\u00f8dsignalering for maritim sikkerhed. Sejl ikke uden en RLS EPIRB .","og_url":"https:\/\/oceansignal.com\/da\/products\/rescueme-epirb2-pro\/","og_site_name":"Ocean Signal","article_modified_time":"2026-01-21T19:54:00+00:00","og_image":[{"width":800,"height":800,"url":"https:\/\/oceansignal.com\/wp-content\/uploads\/2023\/09\/Ocean-Signal-EPIRB2-Pro-Front.png","type":"image\/png"}],"twitter_card":"summary_large_image","twitter_misc":{"Estimeret l\u00e6setid":"4 minutter"},"schema":{"@context":"https:\/\/schema.org","@graph":[{"@type":"WebPage","@id":"https:\/\/oceansignal.com\/da\/products\/rescueme-epirb2-pro\/","url":"https:\/\/oceansignal.com\/da\/products\/rescueme-epirb2-pro\/","name":"rescueME EPIRB2 Pro - Ocean Signal","isPartOf":{"@id":"https:\/\/oceansignal.com\/da\/#website"},"primaryImageOfPage":{"@id":"https:\/\/oceansignal.com\/da\/products\/rescueme-epirb2-pro\/#primaryimage"},"image":{"@id":"https:\/\/oceansignal.com\/da\/products\/rescueme-epirb2-pro\/#primaryimage"},"thumbnailUrl":"https:\/\/oceansignal.com\/wp-content\/uploads\/2023\/09\/Ocean-Signal-EPIRB2-Pro-Front.png","datePublished":"2023-09-07T12:56:56+00:00","dateModified":"2026-01-21T19:54:00+00:00","description":"Ocean Signal rescueME EPIRB2 med Return Link Service: Hurtig n\u00f8dsignalering for maritim sikkerhed. Sejl ikke uden en RLS EPIRB .","breadcrumb":{"@id":"https:\/\/oceansignal.com\/da\/products\/rescueme-epirb2-pro\/#breadcrumb"},"inLanguage":"da-DK","potentialAction":[{"@type":"ReadAction","target":["https:\/\/oceansignal.com\/da\/products\/rescueme-epirb2-pro\/"]}]},{"@type":"ImageObject","inLanguage":"da-DK","@id":"https:\/\/oceansignal.com\/da\/products\/rescueme-epirb2-pro\/#primaryimage","url":"https:\/\/oceansignal.com\/wp-content\/uploads\/2023\/09\/Ocean-Signal-EPIRB2-Pro-Front.png","contentUrl":"https:\/\/oceansignal.com\/wp-content\/uploads\/2023\/09\/Ocean-Signal-EPIRB2-Pro-Front.png","width":800,"height":800},{"@type":"BreadcrumbList","@id":"https:\/\/oceansignal.com\/da\/products\/rescueme-epirb2-pro\/#breadcrumb","itemListElement":[{"@type":"ListItem","position":1,"name":"Shop","item":"https:\/\/oceansignal.com\/da\/shop\/"},{"@type":"ListItem","position":2,"name":"rescueME EPIRB2 Pro"}]},{"@type":"WebSite","@id":"https:\/\/oceansignal.com\/da\/#website","url":"https:\/\/oceansignal.com\/da\/","name":"Ocean Signal","description":"A leading manufacturer of EPIRBs, AIS, SARTs, Personal Locator Beacons, Man Overboard Beacon for the Marine and Outdoor Markets.","potentialAction":[{"@type":"SearchAction","target":{"@type":"EntryPoint","urlTemplate":"https:\/\/oceansignal.com\/da\/?s={search_term_string}"},"query-input":{"@type":"PropertyValueSpecification","valueRequired":true,"valueName":"search_term_string"}}],"inLanguage":"da-DK"}]}},"_links":{"self":[{"href":"https:\/\/oceansignal.com\/da\/wp-json\/wp\/v2\/product\/12919","targetHints":{"allow":["GET"]}}],"collection":[{"href":"https:\/\/oceansignal.com\/da\/wp-json\/wp\/v2\/product"}],"about":[{"href":"https:\/\/oceansignal.com\/da\/wp-json\/wp\/v2\/types\/product"}],"wp:featuredmedia":[{"embeddable":true,"href":"https:\/\/oceansignal.com\/da\/wp-json\/wp\/v2\/media\/12466"}],"wp:attachment":[{"href":"https:\/\/oceansignal.com\/da\/wp-json\/wp\/v2\/media?parent=12919"}],"wp:term":[{"taxonomy":"product_brand","embeddable":true,"href":"https:\/\/oceansignal.com\/da\/wp-json\/wp\/v2\/product_brand?post=12919"},{"taxonomy":"product_cat","embeddable":true,"href":"https:\/\/oceansignal.com\/da\/wp-json\/wp\/v2\/product_cat?post=12919"},{"taxonomy":"product_tag","embeddable":true,"href":"https:\/\/oceansignal.com\/da\/wp-json\/wp\/v2\/product_tag?post=12919"}],"curies":[{"name":"wp","href":"https:\/\/api.w.org\/{rel}","templated":true}]}}