{"id":12920,"date":"2023-09-07T12:44:22","date_gmt":"2023-09-07T12:44:22","guid":{"rendered":"https:\/\/oceansignal.com\/products\/rescueme-epirb2\/"},"modified":"2026-01-21T19:54:15","modified_gmt":"2026-01-21T19:54:15","slug":"rescueme-epirb2","status":"publish","type":"product","link":"https:\/\/oceansignal.com\/da\/products\/rescueme-epirb2\/","title":{"rendered":"rescueME EPIRB2"},"content":{"rendered":"<p>Med introduktionen af \u200b\u200bReturn Link Service (RLS) teknologi og Near Field Communication (NFC)-funktioner giver EPIRB2 betydelige fordele i forhold til sine forg\u00e6ngere. Return Link Service EPIRB&#8217;er tr\u00f8ster dem, der aktiverer beaconen ved at bekr\u00e6fte, at deres n\u00f8dbesked er blevet modtaget, og medtagelsen af \u200b\u200bNFC-kapacitet tillader brugen af \u200b\u200ben smartphone-app til at overv\u00e5ge EPIRB batteri og andre funktioner, der sikrer, at den fungerer korrekt. De innovative nye funktioner i EPIRB2 g\u00f8r den til et fremragende valg til en bred vifte af marine applikationer, der er specifikke for b\u00e5de fritids- og kommercielle fart\u00f8jer.  <\/p>\n<p><iframe loading=\"lazy\" title=\"EPIRB3 and EPIRB2  | Activation\" width=\"500\" height=\"281\" src=\"https:\/\/www.youtube.com\/embed\/P5KBMhmPYjQ?feature=oembed\" frameborder=\"0\" allow=\"accelerometer; autoplay; clipboard-write; encrypted-media; gyroscope; picture-in-picture; web-share\" referrerpolicy=\"strict-origin-when-cross-origin\" allowfullscreen><\/iframe><\/p>\n<p>Beskrivelse:<\/p>\n<p>I udviklingen af <a href=\"https:\/\/oceansignal.com\/news\/launch-epirb2-and-epirb2-pro\/\">\u200b\u200bEPIRB2<\/a> har Ocean Signal trukket p\u00e5 sin betydelige erfaring med at designe og producere Return Link Service EPIRB&#8217;er af h\u00f8j kvalitet og med mange funktioner, der bruger en bekvem, kompakt formfaktor. Ved at anvende flere niveauer af integreret signalteknologi, herunder 406 MHz, GNSS (GPS, Galileo, Glonass) positionering og et 121,5 MHz m\u00e5ls\u00f8gende signal, kan EPIRB2 ubesv\u00e6ret guide efters\u00f8gnings- og redningsstyrker til din position. Tilf\u00f8jelsen af \u200b\u200bReturn Link Service (RLS)-teknologi og Near Field Communication-funktion fuldender EPIRB2&#8217;s imponerende s\u00e6t funktioner.<\/p>\n<p>&nbsp;<\/p>\n<p><strong>Smartphone-forbindelse ved hj\u00e6lp af Near Field Communication (NFC)<\/strong><\/p>\n<p>&nbsp;<\/p>\n<p>Integrationen af <a href=\"https:\/\/www.youtube.com\/watch?v=MRXLii6r3n4&amp;t=42s\">\u200b\u200bNFC-teknologi<\/a> giver brugerne mulighed for nemt at f\u00e5 adgang til beacon-data fra deres mobiltelefoner. Ved blot at placere en telefon i n\u00e6rheden af \u200b\u200bbeaconen \u00e5bnes Ocean Signal Product App automatisk og giver adgang til en lang r\u00e6kke brugsdata, herunder den aktuelle batterilevetid, antallet af gennemf\u00f8rte selvtest, antallet af gennemf\u00f8rte GNSS-test og, hvis relevant, hvor l\u00e6nge beaconen har v\u00e6ret aktiveret.<\/p>\n<p>&nbsp;<\/p>\n<p>Detaljeret information om hver selvtest og GNSS-test udf\u00f8rt af beaconen er ogs\u00e5 tilg\u00e6ngelig. Oplysninger, der er tilg\u00e6ngelige for hver vellykket GNSS-test, inkluderer adgang til et kort, der viser n\u00f8jagtigt, hvor testen blev udf\u00f8rt, datoen og klokkesl\u00e6ttet for testen, den tid, det tog beaconet at f\u00e5 en GNSS-koordinatfix, antallet af satellitter, som beaconet brugte til at opn\u00e5 denne rettelse, og n\u00f8jagtigheden af \u200b\u200bplaceringen. <\/p>\n<p>&nbsp;<\/p>\n<p><strong>Global d\u00e6kning via Cospas-Sarsat Satellite Network<\/strong><\/p>\n<p>&nbsp;<\/p>\n<p>Ved at udnytte <a href=\"https:\/\/www.cospas-sarsat.int\/en\/\">Cospas-Sarsat satellitnetv\u00e6rkets<\/a> globale r\u00e6kkevidde kan EPIRB2 aktiveres hvor som helst og n\u00e5r som helst og sender din 406 MHz n\u00f8dbesked. N\u00f8dtransmissionen inkluderer fyrkoordinater, der er afledt af EPIRB&#8217;s integrerede GNSS-modtager og er n\u00f8jagtige inden for 100 meter.<\/p>\n<p>&nbsp;<\/p>\n<p>RLS giver brugerne tryghed ved at sende et retursignal via <a href=\"https:\/\/www.euspa.europa.eu\/european-space\/galileo\/services\/search-and-rescue-sar-galileo-service\">Galileo<\/a> -satellitnetv\u00e6rket direkte tilbage til fyret for at bekr\u00e6fte, at n\u00f8dmeddelelsen er modtaget, og at fyrets placering er blevet registreret. Brugerbekr\u00e6ftelse indikeres tydeligt med et blinkende bl\u00e5t lys.<\/p>\n<p>&nbsp;<\/p>\n<p><strong>Return Link Service (RLS)<\/strong><\/p>\n<p><strong> <\/strong><\/p>\n<p>Den iboende stress forbundet med en maritim n\u00f8dsituation er et udfordrende symptom, som alle sejlere desv\u00e6rre er n\u00f8dt til at konfrontere, hvis de skulle befinde sig i et n\u00f8dscenarie. Heldigvis giver inkluderingen af \u200b\u200bRLS-funktionen i EPIRB2 et middel til at minimere stress i s\u00e5danne situationer. Return Link Service EPIRB&#8217;er giver direkte-til-beacon-bekr\u00e6ftelse, der fort\u00e6ller brugeren, at deres n\u00f8dbesked er blevet modtaget og deres placering registreret. Indikationen af \u200b\u200bRLS-funktionalitet er repr\u00e6senteret af et markant bl\u00e5t lys, hvilket g\u00f8r det nemt for brugerne at konstatere pr\u00e6cis, hvorn\u00e5r RLS-bekr\u00e6ftelsen modtages.   <\/p>\n<p>&nbsp;<\/p>\n<p>Ocean Signal er stolt af at forts\u00e6tte med at tilbyde nye og sp\u00e6ndende funktioner s\u00e5som RLS og NFC, da det fastholder sit m\u00e5l om at tilbyde innovative sikkerhedsprodukter af h\u00f8jeste kvalitet. Uanset \u00e5rsagen til din n\u00e6ste rejse, eller din valgte destination, garantere din sikkerhed med transport af EPIRB2 . <\/p>\n<p>&nbsp;<\/p>\n<p><strong>Funktioner:<\/strong><\/p>\n<p>&nbsp;<\/p>\n<ul>\n<li>30%(type) mindre<\/li>\n<li>Return Link Service (RLS)<\/li>\n<li>Mobil forbindelse ved hj\u00e6lp af Near Field Communication (NFC)<\/li>\n<li>Gratis app (Apple &amp; Android)<\/li>\n<li>10 \u00e5rs batterilevetid<\/li>\n<li>48+ timers driftslevetid<\/li>\n<li>2-\u00e5rs garanti (kan forl\u00e6nge garantien til 5 \u00e5r via produktregistrering hos Ocean Signal ) \u2020<\/li>\n<li>Hurtig n\u00f8jagtig positionering med 72-kanals GPS<\/li>\n<li>Udtr\u00e6kkelig antenne<\/li>\n<li>Quick release beslag<\/li>\n<li>Sikker snor<\/li>\n<\/ul>\n<p>&nbsp;<\/p>\n<p>\u2020 Med forbehold af garantierkl\u00e6ring<\/p>\n","protected":false},"excerpt":{"rendered":"<p>Verdens mest kompakte EPIRB , nu med RLS og NFC<\/p>\n<ul>\n<li>Engangsk\u00f8b. Ingen abonnementsgebyrer <\/li>\n<li>Return Link Service (RLS)<\/li>\n<li>Mobil forbindelse ved hj\u00e6lp af Near Field Communication (NFC)<\/li>\n<li>Gratis app (Apple &amp; Android)<\/li>\n<li>10 \u00e5rs batterilevetid<\/li>\n<li>48+ timers driftslevetid<\/li>\n<li>2-\u00e5rs garanti (kan forl\u00e6nge garantien til 5 \u00e5r via produktregistrering hos Ocean Signal ) \u2020<\/li>\n<li>Hurtig n\u00f8jagtig positionering med 72-kanals GPS<\/li>\n<li>Udtr\u00e6kkelig antenne<\/li>\n<li>Quick release beslag<\/li>\n<li>Sikker snor<\/li>\n<\/ul>\n<p><a href=\"https:\/\/www.dropbox.com\/s\/8343nj28z0d7bxa\/Prop%2065%20-%20BPA.pdf?dl=0\" data-cke-saved-href=\"https:\/\/www.dropbox.com\/s\/8343nj28z0d7bxa\/Prop%2065%20-%20BPA.pdf?dl=0\">ADVARSEL: PROP 65<\/a><\/p>\n","protected":false},"featured_media":20466,"template":"","meta":{"_acf_changed":false,"om_disable_all_campaigns":false},"product_brand":[],"product_cat":[737,603],"product_tag":[739,1030,740,1019,741],"class_list":{"0":"post-12920","1":"product","2":"type-product","3":"status-publish","4":"has-post-thumbnail","6":"product_cat-epirb-da","7":"product_cat-rescueme-da","8":"product_tag-epirb-da","9":"product_tag-epirb2-da","10":"product_tag-nfc-da","11":"product_tag-nodposition-der-indikerer-radio-becaon","12":"product_tag-rls-da","14":"first","15":"instock","16":"taxable","17":"shipping-taxable","18":"purchasable","19":"product-type-simple"},"acf":[],"yoast_head":"<!-- This site is optimized with the Yoast SEO Premium plugin v25.2 (Yoast SEO v26.4) - https:\/\/yoast.com\/wordpress\/plugins\/seo\/ -->\n<title>rescueME EPIRB2 - Ocean Signal<\/title>\n<meta name=\"description\" content=\"Ocean Signal rescueME EPIRB2 : Essential Return Link Service EPIRB for sikkerhed til s\u00f8s. Stol p\u00e5 p\u00e5lidelig n\u00f8dsignalering. K\u00f8b nu for ro i sindet!\" \/>\n<meta name=\"robots\" content=\"index, follow, max-snippet:-1, max-image-preview:large, max-video-preview:-1\" \/>\n<link rel=\"canonical\" href=\"https:\/\/oceansignal.com\/da\/products\/rescueme-epirb2\/\" \/>\n<meta property=\"og:locale\" content=\"da_DK\" \/>\n<meta property=\"og:type\" content=\"article\" \/>\n<meta property=\"og:title\" content=\"rescueME EPIRB2\" \/>\n<meta property=\"og:description\" content=\"Ocean Signal rescueME EPIRB2 : Essential Return Link Service EPIRB for sikkerhed til s\u00f8s. Stol p\u00e5 p\u00e5lidelig n\u00f8dsignalering. K\u00f8b nu for ro i sindet!\" \/>\n<meta property=\"og:url\" content=\"https:\/\/oceansignal.com\/da\/products\/rescueme-epirb2\/\" \/>\n<meta property=\"og:site_name\" content=\"Ocean Signal\" \/>\n<meta property=\"article:modified_time\" content=\"2026-01-21T19:54:15+00:00\" \/>\n<meta property=\"og:image\" content=\"https:\/\/oceansignal.com\/wp-content\/uploads\/2023\/09\/OSL-Phone-App-EPERB2-PRO-001-1.png\" \/>\n\t<meta property=\"og:image:width\" content=\"432\" \/>\n\t<meta property=\"og:image:height\" content=\"432\" \/>\n\t<meta property=\"og:image:type\" content=\"image\/png\" \/>\n<meta name=\"twitter:card\" content=\"summary_large_image\" \/>\n<meta name=\"twitter:label1\" content=\"Estimeret l\u00e6setid\" \/>\n\t<meta name=\"twitter:data1\" content=\"3 minutter\" \/>\n<script type=\"application\/ld+json\" class=\"yoast-schema-graph\">{\"@context\":\"https:\/\/schema.org\",\"@graph\":[{\"@type\":\"WebPage\",\"@id\":\"https:\/\/oceansignal.com\/da\/products\/rescueme-epirb2\/\",\"url\":\"https:\/\/oceansignal.com\/da\/products\/rescueme-epirb2\/\",\"name\":\"rescueME EPIRB2 - Ocean Signal\",\"isPartOf\":{\"@id\":\"https:\/\/oceansignal.com\/da\/#website\"},\"primaryImageOfPage\":{\"@id\":\"https:\/\/oceansignal.com\/da\/products\/rescueme-epirb2\/#primaryimage\"},\"image\":{\"@id\":\"https:\/\/oceansignal.com\/da\/products\/rescueme-epirb2\/#primaryimage\"},\"thumbnailUrl\":\"https:\/\/oceansignal.com\/wp-content\/uploads\/2023\/09\/OSL-Phone-App-EPERB2-PRO-001-1.png\",\"datePublished\":\"2023-09-07T12:44:22+00:00\",\"dateModified\":\"2026-01-21T19:54:15+00:00\",\"description\":\"Ocean Signal rescueME EPIRB2 : Essential Return Link Service EPIRB for sikkerhed til s\u00f8s. Stol p\u00e5 p\u00e5lidelig n\u00f8dsignalering. K\u00f8b nu for ro i sindet!\",\"breadcrumb\":{\"@id\":\"https:\/\/oceansignal.com\/da\/products\/rescueme-epirb2\/#breadcrumb\"},\"inLanguage\":\"da-DK\",\"potentialAction\":[{\"@type\":\"ReadAction\",\"target\":[\"https:\/\/oceansignal.com\/da\/products\/rescueme-epirb2\/\"]}]},{\"@type\":\"ImageObject\",\"inLanguage\":\"da-DK\",\"@id\":\"https:\/\/oceansignal.com\/da\/products\/rescueme-epirb2\/#primaryimage\",\"url\":\"https:\/\/oceansignal.com\/wp-content\/uploads\/2023\/09\/OSL-Phone-App-EPERB2-PRO-001-1.png\",\"contentUrl\":\"https:\/\/oceansignal.com\/wp-content\/uploads\/2023\/09\/OSL-Phone-App-EPERB2-PRO-001-1.png\",\"width\":432,\"height\":432,\"caption\":\"Sikre dine maritime eventyr med Ocean Signal SafeSea EPIRB3 Pro : P\u00e5lidelig n\u00f8dbeacon til hurtig n\u00f8dberedskab\"},{\"@type\":\"BreadcrumbList\",\"@id\":\"https:\/\/oceansignal.com\/da\/products\/rescueme-epirb2\/#breadcrumb\",\"itemListElement\":[{\"@type\":\"ListItem\",\"position\":1,\"name\":\"Shop\",\"item\":\"https:\/\/oceansignal.com\/da\/shop\/\"},{\"@type\":\"ListItem\",\"position\":2,\"name\":\"rescueME EPIRB2\"}]},{\"@type\":\"WebSite\",\"@id\":\"https:\/\/oceansignal.com\/da\/#website\",\"url\":\"https:\/\/oceansignal.com\/da\/\",\"name\":\"Ocean Signal\",\"description\":\"A leading manufacturer of EPIRBs, AIS, SARTs, Personal Locator Beacons, Man Overboard Beacon for the Marine and Outdoor Markets.\",\"potentialAction\":[{\"@type\":\"SearchAction\",\"target\":{\"@type\":\"EntryPoint\",\"urlTemplate\":\"https:\/\/oceansignal.com\/da\/?s={search_term_string}\"},\"query-input\":{\"@type\":\"PropertyValueSpecification\",\"valueRequired\":true,\"valueName\":\"search_term_string\"}}],\"inLanguage\":\"da-DK\"}]}<\/script>\n<!-- \/ Yoast SEO Premium plugin. -->","yoast_head_json":{"title":"rescueME EPIRB2 - Ocean Signal","description":"Ocean Signal rescueME EPIRB2 : Essential Return Link Service EPIRB for sikkerhed til s\u00f8s. Stol p\u00e5 p\u00e5lidelig n\u00f8dsignalering. K\u00f8b nu for ro i sindet!","robots":{"index":"index","follow":"follow","max-snippet":"max-snippet:-1","max-image-preview":"max-image-preview:large","max-video-preview":"max-video-preview:-1"},"canonical":"https:\/\/oceansignal.com\/da\/products\/rescueme-epirb2\/","og_locale":"da_DK","og_type":"article","og_title":"rescueME EPIRB2","og_description":"Ocean Signal rescueME EPIRB2 : Essential Return Link Service EPIRB for sikkerhed til s\u00f8s. Stol p\u00e5 p\u00e5lidelig n\u00f8dsignalering. K\u00f8b nu for ro i sindet!","og_url":"https:\/\/oceansignal.com\/da\/products\/rescueme-epirb2\/","og_site_name":"Ocean Signal","article_modified_time":"2026-01-21T19:54:15+00:00","og_image":[{"width":432,"height":432,"url":"https:\/\/oceansignal.com\/wp-content\/uploads\/2023\/09\/OSL-Phone-App-EPERB2-PRO-001-1.png","type":"image\/png"}],"twitter_card":"summary_large_image","twitter_misc":{"Estimeret l\u00e6setid":"3 minutter"},"schema":{"@context":"https:\/\/schema.org","@graph":[{"@type":"WebPage","@id":"https:\/\/oceansignal.com\/da\/products\/rescueme-epirb2\/","url":"https:\/\/oceansignal.com\/da\/products\/rescueme-epirb2\/","name":"rescueME EPIRB2 - Ocean Signal","isPartOf":{"@id":"https:\/\/oceansignal.com\/da\/#website"},"primaryImageOfPage":{"@id":"https:\/\/oceansignal.com\/da\/products\/rescueme-epirb2\/#primaryimage"},"image":{"@id":"https:\/\/oceansignal.com\/da\/products\/rescueme-epirb2\/#primaryimage"},"thumbnailUrl":"https:\/\/oceansignal.com\/wp-content\/uploads\/2023\/09\/OSL-Phone-App-EPERB2-PRO-001-1.png","datePublished":"2023-09-07T12:44:22+00:00","dateModified":"2026-01-21T19:54:15+00:00","description":"Ocean Signal rescueME EPIRB2 : Essential Return Link Service EPIRB for sikkerhed til s\u00f8s. Stol p\u00e5 p\u00e5lidelig n\u00f8dsignalering. K\u00f8b nu for ro i sindet!","breadcrumb":{"@id":"https:\/\/oceansignal.com\/da\/products\/rescueme-epirb2\/#breadcrumb"},"inLanguage":"da-DK","potentialAction":[{"@type":"ReadAction","target":["https:\/\/oceansignal.com\/da\/products\/rescueme-epirb2\/"]}]},{"@type":"ImageObject","inLanguage":"da-DK","@id":"https:\/\/oceansignal.com\/da\/products\/rescueme-epirb2\/#primaryimage","url":"https:\/\/oceansignal.com\/wp-content\/uploads\/2023\/09\/OSL-Phone-App-EPERB2-PRO-001-1.png","contentUrl":"https:\/\/oceansignal.com\/wp-content\/uploads\/2023\/09\/OSL-Phone-App-EPERB2-PRO-001-1.png","width":432,"height":432,"caption":"Sikre dine maritime eventyr med Ocean Signal SafeSea EPIRB3 Pro : P\u00e5lidelig n\u00f8dbeacon til hurtig n\u00f8dberedskab"},{"@type":"BreadcrumbList","@id":"https:\/\/oceansignal.com\/da\/products\/rescueme-epirb2\/#breadcrumb","itemListElement":[{"@type":"ListItem","position":1,"name":"Shop","item":"https:\/\/oceansignal.com\/da\/shop\/"},{"@type":"ListItem","position":2,"name":"rescueME EPIRB2"}]},{"@type":"WebSite","@id":"https:\/\/oceansignal.com\/da\/#website","url":"https:\/\/oceansignal.com\/da\/","name":"Ocean Signal","description":"A leading manufacturer of EPIRBs, AIS, SARTs, Personal Locator Beacons, Man Overboard Beacon for the Marine and Outdoor Markets.","potentialAction":[{"@type":"SearchAction","target":{"@type":"EntryPoint","urlTemplate":"https:\/\/oceansignal.com\/da\/?s={search_term_string}"},"query-input":{"@type":"PropertyValueSpecification","valueRequired":true,"valueName":"search_term_string"}}],"inLanguage":"da-DK"}]}},"_links":{"self":[{"href":"https:\/\/oceansignal.com\/da\/wp-json\/wp\/v2\/product\/12920","targetHints":{"allow":["GET"]}}],"collection":[{"href":"https:\/\/oceansignal.com\/da\/wp-json\/wp\/v2\/product"}],"about":[{"href":"https:\/\/oceansignal.com\/da\/wp-json\/wp\/v2\/types\/product"}],"wp:featuredmedia":[{"embeddable":true,"href":"https:\/\/oceansignal.com\/da\/wp-json\/wp\/v2\/media\/20466"}],"wp:attachment":[{"href":"https:\/\/oceansignal.com\/da\/wp-json\/wp\/v2\/media?parent=12920"}],"wp:term":[{"taxonomy":"product_brand","embeddable":true,"href":"https:\/\/oceansignal.com\/da\/wp-json\/wp\/v2\/product_brand?post=12920"},{"taxonomy":"product_cat","embeddable":true,"href":"https:\/\/oceansignal.com\/da\/wp-json\/wp\/v2\/product_cat?post=12920"},{"taxonomy":"product_tag","embeddable":true,"href":"https:\/\/oceansignal.com\/da\/wp-json\/wp\/v2\/product_tag?post=12920"}],"curies":[{"name":"wp","href":"https:\/\/api.w.org\/{rel}","templated":true}]}}