{"id":12924,"date":"2023-09-07T14:09:53","date_gmt":"2023-09-07T14:09:53","guid":{"rendered":"https:\/\/oceansignal.com\/products\/rescueme-plb3\/"},"modified":"2026-03-26T11:51:52","modified_gmt":"2026-03-26T11:51:52","slug":"rescueme-plb3","status":"publish","type":"product","link":"https:\/\/oceansignal.com\/da\/products\/rescueme-plb3\/","title":{"rendered":"rescueME PLB3"},"content":{"rendered":"<p class=\"ai-optimize-42 ai-optimize-introduction\">Vi pr\u00e6senterer den <a href=\"https:\/\/oceansignal.com\/news\/ocean-signal-wins-overall-dame-design-award-2022-for-rescueme-plb3-ais-personal-locator-beacon\/\">prisvindende<\/a> Ocean Signal rescueME PLB3 AIS Personal Locator Beacon, nu gratis mobilapp. PLB3 sender p\u00e5 det verdensomsp\u00e6ndende <a href=\"https:\/\/www.cospas-sarsat.int\/en\/\">Cospas Sarsat-<\/a> satellitsystem, som inkluderer 3 forskellige konstellationer for at sikre, at dit 406 MHz n\u00f8dsignal straks n\u00e5r det globale netv\u00e6rk af s\u00f8ge- og redningsstyrker med din placering n\u00f8jagtig inden for 100 meter. Med flere niveauer af integreret signalteknologi, herunder 406 MHz og GNSS (GPS, <a href=\"https:\/\/www.euspa.europa.eu\/european-space\/galileo\/services\/search-and-rescue-sar-galileo-service\">Galileo<\/a> , Glonass) positionering, sender PLB3 ogs\u00e5 et 121,5 MHz m\u00e5ls\u00f8gningssignal, som guider efters\u00f8gnings- og redningstjenesterne til beaconets aktuelle placering, n\u00e5r de ankommer til stedet, da beaconet kan v\u00e6re drevet fra den oprindeligt transmitterede position. Tilf\u00f8jelsen af \u200b\u200bAIS-transmissioner (Automatic Identification System) betyder, at PLB3 AIS Personal Locator Beacon samtidigt advarer alle fart\u00f8jer udstyret med AIS-transpondere inden for VHF-radioens r\u00e6kkevidde af PLB &#8216;s n\u00f8dposition. Dette \u00f8ger i h\u00f8j grad b\u00e5de sandsynligheden for og hastigheden for redning, da n\u00e6rliggende fart\u00f8jer modtager advarslerne. Umiddelbart efter deployering af beaconet vises en AIS-sikkerhedsmeddelelse eller MOB alarm med beaconets MMSI og placering p\u00e5 enhver AIS-sk\u00e6rm inden for r\u00e6kkevidde. Dette g\u00f8r det nemt for n\u00e6rliggende fart\u00f8jer at komme ind p\u00e5 beaconen, da det er et aktivt AIS-m\u00e5l p\u00e5 deres sk\u00e6rme.      <\/p>\n<p class=\"ai-optimize-44\">PLB3 vil lyse vejen, n\u00e5r redningsmanden ankommer til stedet med b\u00e5de en hvid synlig strobe og infrar\u00f8d strobe, hvilket giver redningsfolk den visuelle reference, de har brug for i l\u00f8bet af natten eller andre redningsoperationer med lav sigtbarhed.<\/p>\n<p class=\"ai-optimize-45\"><strong>Smartphone-forbindelse ved hj\u00e6lp af Near Field Communication (NFC)<\/strong><\/p>\n<p class=\"ai-optimize-46\">Integrationen af <a href=\"https:\/\/www.youtube.com\/watch?v=MRXLii6r3n4\">\u200b\u200bNFC-teknologi<\/a> giver brugerne mulighed for bekvemt at f\u00e5 adgang til beacon-data fra deres mobiltelefon. Den simple handling med at placere en telefon i n\u00e6rheden af \u200b\u200bbeaconen \u00e5bner automatisk Ocean Signal Product App og giver adgang til et v\u00e6ld af brugsdata, inklusive den aktuelle batterilevetid, antal gennemf\u00f8rte selvtests, antal gennemf\u00f8rte GNSS-tests og, hvis det er relevant, den tid, beaconen har v\u00e6ret aktiveret. Detaljeret information om hver selvtest og GNSS-test udf\u00f8rt af beaconen er ogs\u00e5 tilg\u00e6ngelig, hvis det \u00f8nskes. For hver vellykket GNSS-test kan brugere se et kort, der viser pr\u00e6cis, hvor testen blev udf\u00f8rt, datoen og klokkesl\u00e6ttet for testen, den tid, det tog beaconet at f\u00e5 en rettelse p\u00e5 dine GNSS-koordinater, antallet af satellitter, som beaconet brugte til at opn\u00e5 denne rettelse, og n\u00f8jagtigheden af \u200b\u200bplaceringen.   <\/p>\n<p class=\"ai-optimize-47\"><strong> <\/strong><\/p>\n<p class=\"ai-optimize-48\"><strong>Return Link Service<\/strong><\/p>\n<p class=\"ai-optimize-49\">Return Link Service eller RLS-funktionalitet fungerer, n\u00e5r Search and Rescue sender et signal tilbage gennem <a href=\"https:\/\/www.euspa.europa.eu\/european-space\/galileo\/services\/search-and-rescue-sar-galileo-service\">Galileo-<\/a> satellitnetv\u00e6rket for at bekr\u00e6fte over for beacon-brugeren, at deres n\u00f8dbesked er blevet modtaget og deres placering registreret. Brugerbekr\u00e6ftelse er tydeligt angivet med et blinkende bl\u00e5t lys p\u00e5 PLB3 . Ud over at inkludere et omfattende funktionss\u00e6t, er PLB3 AIS Personal Locator Beacon bygget til komfort. Nyd roen i sindet ved at vide, at din n\u00f8dbesked er blevet leveret med succes, og at hj\u00e6lpen er p\u00e5 vej.   <\/p>\n<p>&nbsp;<\/p>\n<p class=\"ai-optimize-50\"><strong>Integration af redningsveste<\/strong><\/p>\n<p class=\"ai-optimize-51\">PLB3 er designet til at installeres i en redningsvest og aktiveres ved oppustning af jakken (halvautomatisk). <a href=\"https:\/\/www.youtube.com\/watch?v=eeTKOFMkfxM\">Installationen er gjort enkel<\/a> ved hj\u00e6lp af den medf\u00f8lgende orale oppustningsslangeklemme til at fastg\u00f8re PLB3 til redningsvesten med et b\u00e5nd forbundet rundt om bl\u00e6ren p\u00e5 redningsvesten. N\u00e5r den er installeret korrekt, udl\u00f8ser handlingen af \u200b\u200bredningsvesten, der puster sig op, udl\u00f8sning af antennen og aktivering af beacon. <\/p>\n<p class=\"ai-optimize-36\"><strong>Det anbefales at konsultere redningsvestproducenten inden installation, da specifikke modeller kan have deres egen foretrukne monteringsmetode eller integrationsanbefalinger.<\/strong><\/p>\n<p class=\"ai-optimize-52\">Brugere, der ikke \u00f8nsker at installere PLB3 i en redningsvest, har mulighed for at bruge den medf\u00f8lgende b\u00e5ndklemme til at fastg\u00f8re beaconen til et b\u00e6lte af passende st\u00f8rrelse eller b\u00e5ndet til en iboende flydende redningsvest.<\/p>\n<p>&nbsp;<\/p>\n<p class=\"ai-optimize-53\"><strong>Funktioner:<\/strong><\/p>\n<ul>\n<li class=\"ai-optimize-54\">Intet abonnement p\u00e5kr\u00e6vet<\/li>\n<li class=\"ai-optimize-55\">406 MHz <a href=\"https:\/\/www.cospas-sarsat.int\/en\/\">Cospas Sarsat<\/a> n\u00f8dsignal (MEOSAR-kompatibel)<\/li>\n<li class=\"ai-optimize-56\">121,5 MHz lokalt homingsignal<\/li>\n<li class=\"ai-optimize-57\">AIS (Automatic Identification System) lokaliseringssignal<\/li>\n<li class=\"ai-optimize-58\">Smartphone-forbindelse via NFC (Near Field Communication)<\/li>\n<li class=\"ai-optimize-59\">Gratis Ocean Signal Beacon Mobile App (IOS og Android)<\/li>\n<li class=\"ai-optimize-60\">Return Link Service (RLS) funktionalitet<\/li>\n<li class=\"ai-optimize-61\">GNSS via GPS og <a href=\"https:\/\/www.euspa.europa.eu\/european-space\/galileo\/services\/search-and-rescue-sar-galileo-service\">Galileo<\/a> -satellitter<\/li>\n<li class=\"ai-optimize-62\">Strobe og infrar\u00f8d strobelys<\/li>\n<li class=\"ai-optimize-63\">Global d\u00e6kning<\/li>\n<li class=\"ai-optimize-64\">Enkel PFD vedh\u00e6ftning<\/li>\n<li class=\"ai-optimize-65\">Designet til at integrere med almindelige oppustelige PFD&#8217;er<\/li>\n<li class=\"ai-optimize-66\">Multifunktion Clip System inkluderet<\/li>\n<li class=\"ai-optimize-67\">Lille og let<\/li>\n<li class=\"ai-optimize-68\">Batterilevetid: 6 \u00e5r fra fremstillingsdatoen eller 5 \u00e5r efter, at beaconen er taget i brug.<\/li>\n<li class=\"ai-optimize-69\">Over 24 timers driftslevetid<\/li>\n<\/ul>\n<p>&nbsp;<\/p>\n","protected":false},"excerpt":{"rendered":"<p class=\"ai-optimize-37\">Verdens <strong>F\u00d8RSTE<\/strong> PLB med AIS og verdens <strong>F\u00d8RSTE<\/strong> PLB , der inkluderer NFC og mobilapp<\/p>\n<ul>\n<li class=\"ai-optimize-38\" data-start=\"71\" data-end=\"199\">\n<p class=\"ai-optimize-39\" data-start=\"73\" data-end=\"199\"><strong data-start=\"73\" data-end=\"97\">Triple Alert System:<\/strong> Sender globalt 406 MHz n\u00f8dsignal, AIS til n\u00e6rliggende fart\u00f8jer og 121,5 MHz m\u00e5ls\u00f8gning til globale redningshold<\/p>\n<\/li>\n<li class=\"ai-optimize-40\" data-start=\"71\" data-end=\"199\"><strong data-start=\"406\" data-end=\"427\">Redningsvest-klar design:<\/strong> Inkluderer en multifunktionsklips og er designet til problemfri integration med de fleste oppustelige redningsveste<\/li>\n<li class=\"ai-optimize-41\" data-start=\"200\" data-end=\"302\">\n<p class=\"ai-optimize-42\" data-start=\"202\" data-end=\"302\"><strong data-start=\"202\" data-end=\"224\">Smart &amp; forbundet:<\/strong> NFC-aktiveret til ops\u00e6tning og statuskontrol via gratis mobilapp (iOS og Android)<\/p>\n<\/li>\n<li class=\"ai-optimize-43\" data-start=\"303\" data-end=\"403\">\n<p class=\"ai-optimize-44\" data-start=\"305\" data-end=\"403\"><strong data-start=\"305\" data-end=\"326\">Ingen abonnementer:<\/strong> Engangsk\u00f8b med 6 \u00e5rs batterilevetid og 24+ timers aktiveringstid<\/p>\n<\/li>\n<li class=\"ai-optimize-45\" data-start=\"303\" data-end=\"403\"><strong>Tilbud: GRATIS <a href=\"https:\/\/oceansignal.com\/da\/products\/plb1-flydepose-copy\/\">PLB3 Flydepose<\/a><\/strong> med hver PLB3. Brug koden: PLB3Pouch ved kassen <\/li>\n<\/ul>\n","protected":false},"featured_media":11866,"template":"","meta":{"_acf_changed":false,"om_disable_all_campaigns":false},"product_brand":[],"product_cat":[1979,1047,603],"product_tag":[1051,740,1049,1048,1050,741],"class_list":{"0":"post-12924","1":"product","2":"type-product","3":"status-publish","4":"has-post-thumbnail","6":"product_cat-kompatibel-med-redningsveste","7":"product_cat-personal-locator-beacons-da","8":"product_cat-rescueme-da","9":"product_tag-406mhz-da","10":"product_tag-nfc-da","11":"product_tag-personal-locator-beacon-da","12":"product_tag-plb-da","13":"product_tag-plb3-da","14":"product_tag-rls-da","16":"first","17":"instock","18":"taxable","19":"shipping-taxable","20":"purchasable","21":"product-type-simple"},"acf":[],"yoast_head":"<!-- This site is optimized with the Yoast SEO Premium plugin v25.2 (Yoast SEO v26.4) - https:\/\/yoast.com\/wordpress\/plugins\/seo\/ -->\n<title>rescueME PLB3 - Ocean Signal<\/title>\n<meta name=\"description\" content=\"Ocean Signal rescueME PLB3 AIS Personal Locator Beacon er den f\u00f8rste og eneste PLB med 406 MHz, Return Link Service og Mobile App. K\u00f8b nu.\" \/>\n<meta name=\"robots\" content=\"index, follow, max-snippet:-1, max-image-preview:large, max-video-preview:-1\" \/>\n<link rel=\"canonical\" href=\"https:\/\/oceansignal.com\/da\/products\/rescueme-plb3\/\" \/>\n<meta property=\"og:locale\" content=\"da_DK\" \/>\n<meta property=\"og:type\" content=\"article\" \/>\n<meta property=\"og:title\" content=\"rescueME PLB3\" \/>\n<meta property=\"og:description\" content=\"Ocean Signal rescueME PLB3 AIS Personal Locator Beacon er den f\u00f8rste og eneste PLB med 406 MHz, Return Link Service og Mobile App. K\u00f8b nu.\" \/>\n<meta property=\"og:url\" content=\"https:\/\/oceansignal.com\/da\/products\/rescueme-plb3\/\" \/>\n<meta property=\"og:site_name\" content=\"Ocean Signal\" \/>\n<meta property=\"article:modified_time\" content=\"2026-03-26T11:51:52+00:00\" \/>\n<meta property=\"og:image\" content=\"https:\/\/oceansignal.com\/wp-content\/uploads\/2023\/09\/OSL-PLB3-Front.png\" \/>\n\t<meta property=\"og:image:width\" content=\"2000\" \/>\n\t<meta property=\"og:image:height\" content=\"2000\" \/>\n\t<meta property=\"og:image:type\" content=\"image\/png\" \/>\n<meta name=\"twitter:card\" content=\"summary_large_image\" \/>\n<meta name=\"twitter:label1\" content=\"Estimeret l\u00e6setid\" \/>\n\t<meta name=\"twitter:data1\" content=\"4 minutter\" \/>\n<script type=\"application\/ld+json\" class=\"yoast-schema-graph\">{\"@context\":\"https:\/\/schema.org\",\"@graph\":[{\"@type\":\"WebPage\",\"@id\":\"https:\/\/oceansignal.com\/da\/products\/rescueme-plb3\/\",\"url\":\"https:\/\/oceansignal.com\/da\/products\/rescueme-plb3\/\",\"name\":\"rescueME PLB3 - Ocean Signal\",\"isPartOf\":{\"@id\":\"https:\/\/oceansignal.com\/da\/#website\"},\"primaryImageOfPage\":{\"@id\":\"https:\/\/oceansignal.com\/da\/products\/rescueme-plb3\/#primaryimage\"},\"image\":{\"@id\":\"https:\/\/oceansignal.com\/da\/products\/rescueme-plb3\/#primaryimage\"},\"thumbnailUrl\":\"https:\/\/oceansignal.com\/wp-content\/uploads\/2023\/09\/OSL-PLB3-Front.png\",\"datePublished\":\"2023-09-07T14:09:53+00:00\",\"dateModified\":\"2026-03-26T11:51:52+00:00\",\"description\":\"Ocean Signal rescueME PLB3 AIS Personal Locator Beacon er den f\u00f8rste og eneste PLB med 406 MHz, Return Link Service og Mobile App. K\u00f8b nu.\",\"breadcrumb\":{\"@id\":\"https:\/\/oceansignal.com\/da\/products\/rescueme-plb3\/#breadcrumb\"},\"inLanguage\":\"da-DK\",\"potentialAction\":[{\"@type\":\"ReadAction\",\"target\":[\"https:\/\/oceansignal.com\/da\/products\/rescueme-plb3\/\"]}]},{\"@type\":\"ImageObject\",\"inLanguage\":\"da-DK\",\"@id\":\"https:\/\/oceansignal.com\/da\/products\/rescueme-plb3\/#primaryimage\",\"url\":\"https:\/\/oceansignal.com\/wp-content\/uploads\/2023\/09\/OSL-PLB3-Front.png\",\"contentUrl\":\"https:\/\/oceansignal.com\/wp-content\/uploads\/2023\/09\/OSL-PLB3-Front.png\",\"width\":2000,\"height\":2000},{\"@type\":\"BreadcrumbList\",\"@id\":\"https:\/\/oceansignal.com\/da\/products\/rescueme-plb3\/#breadcrumb\",\"itemListElement\":[{\"@type\":\"ListItem\",\"position\":1,\"name\":\"Shop\",\"item\":\"https:\/\/oceansignal.com\/da\/shop\/\"},{\"@type\":\"ListItem\",\"position\":2,\"name\":\"rescueME PLB3\"}]},{\"@type\":\"WebSite\",\"@id\":\"https:\/\/oceansignal.com\/da\/#website\",\"url\":\"https:\/\/oceansignal.com\/da\/\",\"name\":\"Ocean Signal\",\"description\":\"A leading manufacturer of EPIRBs, AIS, SARTs, Personal Locator Beacons, Man Overboard Beacon for the Marine and Outdoor Markets.\",\"potentialAction\":[{\"@type\":\"SearchAction\",\"target\":{\"@type\":\"EntryPoint\",\"urlTemplate\":\"https:\/\/oceansignal.com\/da\/?s={search_term_string}\"},\"query-input\":{\"@type\":\"PropertyValueSpecification\",\"valueRequired\":true,\"valueName\":\"search_term_string\"}}],\"inLanguage\":\"da-DK\"}]}<\/script>\n<!-- \/ Yoast SEO Premium plugin. -->","yoast_head_json":{"title":"rescueME PLB3 - Ocean Signal","description":"Ocean Signal rescueME PLB3 AIS Personal Locator Beacon er den f\u00f8rste og eneste PLB med 406 MHz, Return Link Service og Mobile App. K\u00f8b nu.","robots":{"index":"index","follow":"follow","max-snippet":"max-snippet:-1","max-image-preview":"max-image-preview:large","max-video-preview":"max-video-preview:-1"},"canonical":"https:\/\/oceansignal.com\/da\/products\/rescueme-plb3\/","og_locale":"da_DK","og_type":"article","og_title":"rescueME PLB3","og_description":"Ocean Signal rescueME PLB3 AIS Personal Locator Beacon er den f\u00f8rste og eneste PLB med 406 MHz, Return Link Service og Mobile App. K\u00f8b nu.","og_url":"https:\/\/oceansignal.com\/da\/products\/rescueme-plb3\/","og_site_name":"Ocean Signal","article_modified_time":"2026-03-26T11:51:52+00:00","og_image":[{"width":2000,"height":2000,"url":"https:\/\/oceansignal.com\/wp-content\/uploads\/2023\/09\/OSL-PLB3-Front.png","type":"image\/png"}],"twitter_card":"summary_large_image","twitter_misc":{"Estimeret l\u00e6setid":"4 minutter"},"schema":{"@context":"https:\/\/schema.org","@graph":[{"@type":"WebPage","@id":"https:\/\/oceansignal.com\/da\/products\/rescueme-plb3\/","url":"https:\/\/oceansignal.com\/da\/products\/rescueme-plb3\/","name":"rescueME PLB3 - Ocean Signal","isPartOf":{"@id":"https:\/\/oceansignal.com\/da\/#website"},"primaryImageOfPage":{"@id":"https:\/\/oceansignal.com\/da\/products\/rescueme-plb3\/#primaryimage"},"image":{"@id":"https:\/\/oceansignal.com\/da\/products\/rescueme-plb3\/#primaryimage"},"thumbnailUrl":"https:\/\/oceansignal.com\/wp-content\/uploads\/2023\/09\/OSL-PLB3-Front.png","datePublished":"2023-09-07T14:09:53+00:00","dateModified":"2026-03-26T11:51:52+00:00","description":"Ocean Signal rescueME PLB3 AIS Personal Locator Beacon er den f\u00f8rste og eneste PLB med 406 MHz, Return Link Service og Mobile App. K\u00f8b nu.","breadcrumb":{"@id":"https:\/\/oceansignal.com\/da\/products\/rescueme-plb3\/#breadcrumb"},"inLanguage":"da-DK","potentialAction":[{"@type":"ReadAction","target":["https:\/\/oceansignal.com\/da\/products\/rescueme-plb3\/"]}]},{"@type":"ImageObject","inLanguage":"da-DK","@id":"https:\/\/oceansignal.com\/da\/products\/rescueme-plb3\/#primaryimage","url":"https:\/\/oceansignal.com\/wp-content\/uploads\/2023\/09\/OSL-PLB3-Front.png","contentUrl":"https:\/\/oceansignal.com\/wp-content\/uploads\/2023\/09\/OSL-PLB3-Front.png","width":2000,"height":2000},{"@type":"BreadcrumbList","@id":"https:\/\/oceansignal.com\/da\/products\/rescueme-plb3\/#breadcrumb","itemListElement":[{"@type":"ListItem","position":1,"name":"Shop","item":"https:\/\/oceansignal.com\/da\/shop\/"},{"@type":"ListItem","position":2,"name":"rescueME PLB3"}]},{"@type":"WebSite","@id":"https:\/\/oceansignal.com\/da\/#website","url":"https:\/\/oceansignal.com\/da\/","name":"Ocean Signal","description":"A leading manufacturer of EPIRBs, AIS, SARTs, Personal Locator Beacons, Man Overboard Beacon for the Marine and Outdoor Markets.","potentialAction":[{"@type":"SearchAction","target":{"@type":"EntryPoint","urlTemplate":"https:\/\/oceansignal.com\/da\/?s={search_term_string}"},"query-input":{"@type":"PropertyValueSpecification","valueRequired":true,"valueName":"search_term_string"}}],"inLanguage":"da-DK"}]}},"_links":{"self":[{"href":"https:\/\/oceansignal.com\/da\/wp-json\/wp\/v2\/product\/12924","targetHints":{"allow":["GET"]}}],"collection":[{"href":"https:\/\/oceansignal.com\/da\/wp-json\/wp\/v2\/product"}],"about":[{"href":"https:\/\/oceansignal.com\/da\/wp-json\/wp\/v2\/types\/product"}],"wp:featuredmedia":[{"embeddable":true,"href":"https:\/\/oceansignal.com\/da\/wp-json\/wp\/v2\/media\/11866"}],"wp:attachment":[{"href":"https:\/\/oceansignal.com\/da\/wp-json\/wp\/v2\/media?parent=12924"}],"wp:term":[{"taxonomy":"product_brand","embeddable":true,"href":"https:\/\/oceansignal.com\/da\/wp-json\/wp\/v2\/product_brand?post=12924"},{"taxonomy":"product_cat","embeddable":true,"href":"https:\/\/oceansignal.com\/da\/wp-json\/wp\/v2\/product_cat?post=12924"},{"taxonomy":"product_tag","embeddable":true,"href":"https:\/\/oceansignal.com\/da\/wp-json\/wp\/v2\/product_tag?post=12924"}],"curies":[{"name":"wp","href":"https:\/\/api.w.org\/{rel}","templated":true}]}}