{"id":12927,"date":"2023-09-07T14:40:28","date_gmt":"2023-09-07T14:40:28","guid":{"rendered":"https:\/\/oceansignal.com\/products\/rescueme-mob1\/"},"modified":"2025-09-23T14:58:38","modified_gmt":"2025-09-23T14:58:38","slug":"rescueme-mob1","status":"publish","type":"product","link":"https:\/\/oceansignal.com\/da\/products\/rescueme-mob1\/","title":{"rendered":"rescueME MOB1"},"content":{"rendered":"<p>Den bedste chance for hurtig redning, hvis du falder over bord, kommer fra dit eget fart\u00f8j. Dit mandskab skal straks v\u00e6re opm\u00e6rksom p\u00e5 h\u00e6ndelsen og holde styr p\u00e5 din position, mens genopretning udf\u00f8res. Selv i det mest moderate hav er det alarmerende, hvor hurtigt en visuel observation af en mand over bord kan g\u00e5 tabt.  <\/p>\n<p>N\u00e5r den er aktiveret, vil din MOB1 sende en advarsel til alle AIS-modtagere og AIS-aktiverede plottere i n\u00e6rheden. Den integrerede GPS sikrer, at pr\u00e6cis placering sendes til dit fart\u00f8j og andre, der m\u00e5tte hj\u00e6lpe. <\/p>\n<p>En yderligere funktion ved MOB1 er dens evne til at aktivere DSC-alarmen p\u00e5 dit fart\u00f8js VHF, hvilket advarer din bes\u00e6tning om situationen.<\/p>\n<p>Vil du l\u00e6re om det seneste inden for klasse M-krav til AIS MOB ?  <a href=\"https:\/\/oceansignal.com\/da\/news\/forstaelse-af-virkningen-af-ais-klasse-m-regulering-pa-mober\/\">Klik her<\/a><\/p>\n<p>Ocean Signal rescueME MOB1 er en vital komponent i ethvert maritimt sikkerhedss\u00e6t, konstrueret til at give hurtig respons i mand over bord n\u00f8dsituationer. Kompakt og let, dette beacon integreres problemfrit med redningsveste, hvilket sikrer automatisk aktivering ved neds\u00e6nkning i vand. Ved hj\u00e6lp af AIS-teknologi udsender den din pr\u00e6cise position til n\u00e6rliggende fart\u00f8jer og navigationssystemer ombord, hvilket letter hurtige og effektive redningsoperationer. Med sin robuste konstruktion, langtidsholdbare batteri og enkle implementering giver rescueME MOB1 ro i sindet for sejlere og sejlere, hvilket \u00f8ger sikkerheden p\u00e5 vandet og potentielt redder liv i kritiske situationer.   <\/p>\n<p>Vi introducerer verdens mindste AIS MOB -enhed med integreret DSC \u2013 rescueME MOB1 fra Ocean Signal . MOB1 er kompatibel med selv de mest kompakte oppustelige redningsveste.* MOB1 er beregnet til at blive installeret i redningsvesten* og aktiveres automatisk ved oppustning og sender den f\u00f8rste advarsel inden for 15 sekunder. MOB1 er vandt\u00e6t ned til 10 meter.<\/p>\n<p>MOB1 <a href=\"https:\/\/www.youtube.com\/watch?v=WH4S8yhDAuo\">kommunikerer<\/a> med fart\u00f8jet, du er blevet adskilt fra, og andre fart\u00f8jer i n\u00e6rheden (op til 5 miles r\u00e6kkevidde afh\u00e6ngigt af forholdene). For at advare redningsmyndigheder, et alternativt produkt kommunikerer rescueME PLB1 direkte via et dedikeret s\u00f8ge- og redningssatellitnetv\u00e6rk. I en n\u00f8dsituation leverer rescueME MOB1 2 metoder til hurtigt at kommunikere din position, n\u00f8jagtigt til et par meter, tilbage til fart\u00f8jet, plus at give visuel indikation via dets indbyggede stroboskoplys. Det integrerede stroboskoplys sikrer maksimal synlighed under d\u00e5rlige lysforhold.   <\/p>\n<p><a href=\"https:\/\/oceansignal.com\/da\/news\/forstaelse-af-virkningen-af-ais-klasse-m-regulering-pa-mober\/\">L\u00e6r om de kommende MOB -regler: Klasse M AIS<\/a><\/p>\n<p>Stolt <a href=\"https:\/\/oceansignal.com\/news\/ocean-signal-triples-size-of-factory-facilities-to-meet-production-demands\/\">fremstillet i Storbritannien<\/a><\/p>\n<p><strong>Funktioner:<\/strong><\/p>\n<p>&nbsp;<\/p>\n<ul>\n<li>AIS (Automatic Identification System)<\/li>\n<li>Integreret DSC-sender (Digital Selective Calling)*<\/li>\n<li>30 % (type) mindre end konkurrenterne<\/li>\n<li>Automatisk aktivering<\/li>\n<li>Enkel integration af redningsvest**<\/li>\n<li>7 \u00e5rs batterilevetid<\/li>\n<li>24+ timers driftslevetid<\/li>\n<li>5 \u00e5rs garanti\u2020<\/li>\n<li>Hurtig n\u00f8jagtig positionering<\/li>\n<\/ul>\n<p>&nbsp;<\/p>\n<p><em><strong>Kompatibilitet:<\/strong> De fleste moderne AIS-plottere og DSC VHF overholder de standarder, der kr\u00e6ves for at modtage MOB -transmissioner. Det anbefales dog, is\u00e6r hvis du bruger \u00e6ldre udstyr, at du kontrollerer kompatibiliteten med udstyrsproducenten. Se ofte stillede sp\u00f8rgsm\u00e5l nedenfor for mere information.<br \/>\n<\/em><\/p>\n<p>&nbsp;<\/p>\n<p>MOB1 kan konfigureres af brugeren til at indtaste fart\u00f8jets DSC MMSI-nummer* ved at downloade softwaren p\u00e5 nedenst\u00e5ende link. Fart\u00f8jets DSC-nummer kan programmeres flere gange. <\/p>\n<p>&nbsp;<\/p>\n<p><span style=\"color: #c22f00\">* DSC-funktionalitet er underlagt landets regler.<\/span><br \/>\n<span style=\"color: #c22f00\"><em>** Henvis altid til producenten for specifikke instruktioner, f\u00f8r du installerer dette produkt direkte p\u00e5 din redningsvest.<\/em><\/span><br \/>\n<span style=\"color: #c22f00\">\u2020 Med forbehold af garantierkl\u00e6ring. ( <em>Bem\u00e6rk: N\u00e5r det bruges i kommercielle applikationer, er garantiperioden begr\u00e6nset til to \u00e5r.<\/em> )<\/span><\/p>\n","protected":false},"excerpt":{"rendered":"<p>Verdens mindste AIS MOB -enhed med integreret DSC.<\/p>\n<ul>\n<li>AIS (Automatic Identification System)<\/li>\n<li>Integreret DSC-sender (Digital Selective Calling)*<\/li>\n<li>30 % (type) mindre end konkurrenterne<\/li>\n<li>Automatisk aktivering<\/li>\n<li>Enkel integration af redningsvest**<\/li>\n<li>7 \u00e5rs batterilevetid<\/li>\n<li>24+ timers driftslevetid<\/li>\n<li>5 \u00e5rs garanti\u2020<\/li>\n<li>Hurtig n\u00f8jagtig positionering<\/li>\n<\/ul>\n<p><img loading=\"lazy\" decoding=\"async\" class=\"alignnone size-medium wp-image-609\" src=\"http:\/\/oceansignal.com\/wp-content\/uploads\/2023\/09\/MT_Dame-logo_nominated_RGB-small-300x70.jpg\" alt=\"\" width=\"300\" height=\"70\" srcset=\"https:\/\/oceansignal.com\/wp-content\/uploads\/2023\/09\/MT_Dame-logo_nominated_RGB-small-300x70.jpg 300w, https:\/\/oceansignal.com\/wp-content\/uploads\/2023\/09\/MT_Dame-logo_nominated_RGB-small.jpg 323w\" sizes=\"auto, (max-width: 300px) 100vw, 300px\" \/><\/p>\n<p>Placeret i Storbritannien eller EU?  <a href=\"https:\/\/oceansignal.com\/da\/products\/rescueme-mob2\/\">Tjek den nye 2025 Ocean Signal MOB2 .<\/a><\/p>\n<p><a href=\"https:\/\/www.dropbox.com\/s\/8343nj28z0d7bxa\/Prop%2065%20-%20BPA.pdf?dl=0\">ADVARSEL: PROP 65<\/a><\/p>\n","protected":false},"featured_media":19220,"template":"","meta":{"_acf_changed":false,"om_disable_all_campaigns":false},"product_brand":[],"product_cat":[1070,603],"product_tag":[1071,1073,1072],"class_list":{"0":"post-12927","1":"product","2":"type-product","3":"status-publish","4":"has-post-thumbnail","6":"product_cat-mand-over-bord","7":"product_cat-rescueme-da","8":"product_tag-ais-mob-da","9":"product_tag-mand-over-bord","10":"product_tag-mob-da","12":"first","13":"instock","14":"taxable","15":"shipping-taxable","16":"purchasable","17":"product-type-simple"},"acf":[],"yoast_head":"<!-- This site is optimized with the Yoast SEO Premium plugin v25.2 (Yoast SEO v26.4) - https:\/\/yoast.com\/wordpress\/plugins\/seo\/ -->\n<title>rescueME MOB1 - Ocean Signal<\/title>\n<meta name=\"description\" content=\"Ocean Signal rescueME MOB1 AIS Man Overboard Beacon er den ultimative l\u00f8sning til s\u00f8sikkerhed, specielt designet til at hj\u00e6lpe i SOS-situationer.\" \/>\n<meta name=\"robots\" content=\"index, follow, max-snippet:-1, max-image-preview:large, max-video-preview:-1\" \/>\n<link rel=\"canonical\" href=\"https:\/\/oceansignal.com\/da\/products\/rescueme-mob1\/\" \/>\n<meta property=\"og:locale\" content=\"da_DK\" \/>\n<meta property=\"og:type\" content=\"article\" \/>\n<meta property=\"og:title\" content=\"rescueME MOB1\" \/>\n<meta property=\"og:description\" content=\"Ocean Signal rescueME MOB1 AIS Man Overboard Beacon er den ultimative l\u00f8sning til s\u00f8sikkerhed, specielt designet til at hj\u00e6lpe i SOS-situationer.\" \/>\n<meta property=\"og:url\" content=\"https:\/\/oceansignal.com\/da\/products\/rescueme-mob1\/\" \/>\n<meta property=\"og:site_name\" content=\"Ocean Signal\" \/>\n<meta property=\"article:modified_time\" content=\"2025-09-23T14:58:38+00:00\" \/>\n<meta property=\"og:image\" content=\"https:\/\/oceansignal.com\/wp-content\/uploads\/2023\/09\/MOB1-square-1.jpg\" \/>\n\t<meta property=\"og:image:width\" content=\"1000\" \/>\n\t<meta property=\"og:image:height\" content=\"1000\" \/>\n\t<meta property=\"og:image:type\" content=\"image\/jpeg\" \/>\n<meta name=\"twitter:card\" content=\"summary_large_image\" \/>\n<meta name=\"twitter:label1\" content=\"Estimeret l\u00e6setid\" \/>\n\t<meta name=\"twitter:data1\" content=\"3 minutter\" \/>\n<script type=\"application\/ld+json\" class=\"yoast-schema-graph\">{\"@context\":\"https:\/\/schema.org\",\"@graph\":[{\"@type\":\"WebPage\",\"@id\":\"https:\/\/oceansignal.com\/da\/products\/rescueme-mob1\/\",\"url\":\"https:\/\/oceansignal.com\/da\/products\/rescueme-mob1\/\",\"name\":\"rescueME MOB1 - Ocean Signal\",\"isPartOf\":{\"@id\":\"https:\/\/oceansignal.com\/da\/#website\"},\"primaryImageOfPage\":{\"@id\":\"https:\/\/oceansignal.com\/da\/products\/rescueme-mob1\/#primaryimage\"},\"image\":{\"@id\":\"https:\/\/oceansignal.com\/da\/products\/rescueme-mob1\/#primaryimage\"},\"thumbnailUrl\":\"https:\/\/oceansignal.com\/wp-content\/uploads\/2023\/09\/MOB1-square-1.jpg\",\"datePublished\":\"2023-09-07T14:40:28+00:00\",\"dateModified\":\"2025-09-23T14:58:38+00:00\",\"description\":\"Ocean Signal rescueME MOB1 AIS Man Overboard Beacon er den ultimative l\u00f8sning til s\u00f8sikkerhed, specielt designet til at hj\u00e6lpe i SOS-situationer.\",\"breadcrumb\":{\"@id\":\"https:\/\/oceansignal.com\/da\/products\/rescueme-mob1\/#breadcrumb\"},\"inLanguage\":\"da-DK\",\"potentialAction\":[{\"@type\":\"ReadAction\",\"target\":[\"https:\/\/oceansignal.com\/da\/products\/rescueme-mob1\/\"]}]},{\"@type\":\"ImageObject\",\"inLanguage\":\"da-DK\",\"@id\":\"https:\/\/oceansignal.com\/da\/products\/rescueme-mob1\/#primaryimage\",\"url\":\"https:\/\/oceansignal.com\/wp-content\/uploads\/2023\/09\/MOB1-square-1.jpg\",\"contentUrl\":\"https:\/\/oceansignal.com\/wp-content\/uploads\/2023\/09\/MOB1-square-1.jpg\",\"width\":1000,\"height\":1000,\"caption\":\"Ocean Signal rescueME MOB1 AIS Mand Overbord Beacon med DSC. Verdens mindste MOB .\"},{\"@type\":\"BreadcrumbList\",\"@id\":\"https:\/\/oceansignal.com\/da\/products\/rescueme-mob1\/#breadcrumb\",\"itemListElement\":[{\"@type\":\"ListItem\",\"position\":1,\"name\":\"Shop\",\"item\":\"https:\/\/oceansignal.com\/da\/shop\/\"},{\"@type\":\"ListItem\",\"position\":2,\"name\":\"rescueME MOB1\"}]},{\"@type\":\"WebSite\",\"@id\":\"https:\/\/oceansignal.com\/da\/#website\",\"url\":\"https:\/\/oceansignal.com\/da\/\",\"name\":\"Ocean Signal\",\"description\":\"A leading manufacturer of EPIRBs, AIS, SARTs, Personal Locator Beacons, Man Overboard Beacon for the Marine and Outdoor Markets.\",\"potentialAction\":[{\"@type\":\"SearchAction\",\"target\":{\"@type\":\"EntryPoint\",\"urlTemplate\":\"https:\/\/oceansignal.com\/da\/?s={search_term_string}\"},\"query-input\":{\"@type\":\"PropertyValueSpecification\",\"valueRequired\":true,\"valueName\":\"search_term_string\"}}],\"inLanguage\":\"da-DK\"}]}<\/script>\n<!-- \/ Yoast SEO Premium plugin. -->","yoast_head_json":{"title":"rescueME MOB1 - Ocean Signal","description":"Ocean Signal rescueME MOB1 AIS Man Overboard Beacon er den ultimative l\u00f8sning til s\u00f8sikkerhed, specielt designet til at hj\u00e6lpe i SOS-situationer.","robots":{"index":"index","follow":"follow","max-snippet":"max-snippet:-1","max-image-preview":"max-image-preview:large","max-video-preview":"max-video-preview:-1"},"canonical":"https:\/\/oceansignal.com\/da\/products\/rescueme-mob1\/","og_locale":"da_DK","og_type":"article","og_title":"rescueME MOB1","og_description":"Ocean Signal rescueME MOB1 AIS Man Overboard Beacon er den ultimative l\u00f8sning til s\u00f8sikkerhed, specielt designet til at hj\u00e6lpe i SOS-situationer.","og_url":"https:\/\/oceansignal.com\/da\/products\/rescueme-mob1\/","og_site_name":"Ocean Signal","article_modified_time":"2025-09-23T14:58:38+00:00","og_image":[{"width":1000,"height":1000,"url":"https:\/\/oceansignal.com\/wp-content\/uploads\/2023\/09\/MOB1-square-1.jpg","type":"image\/jpeg"}],"twitter_card":"summary_large_image","twitter_misc":{"Estimeret l\u00e6setid":"3 minutter"},"schema":{"@context":"https:\/\/schema.org","@graph":[{"@type":"WebPage","@id":"https:\/\/oceansignal.com\/da\/products\/rescueme-mob1\/","url":"https:\/\/oceansignal.com\/da\/products\/rescueme-mob1\/","name":"rescueME MOB1 - Ocean Signal","isPartOf":{"@id":"https:\/\/oceansignal.com\/da\/#website"},"primaryImageOfPage":{"@id":"https:\/\/oceansignal.com\/da\/products\/rescueme-mob1\/#primaryimage"},"image":{"@id":"https:\/\/oceansignal.com\/da\/products\/rescueme-mob1\/#primaryimage"},"thumbnailUrl":"https:\/\/oceansignal.com\/wp-content\/uploads\/2023\/09\/MOB1-square-1.jpg","datePublished":"2023-09-07T14:40:28+00:00","dateModified":"2025-09-23T14:58:38+00:00","description":"Ocean Signal rescueME MOB1 AIS Man Overboard Beacon er den ultimative l\u00f8sning til s\u00f8sikkerhed, specielt designet til at hj\u00e6lpe i SOS-situationer.","breadcrumb":{"@id":"https:\/\/oceansignal.com\/da\/products\/rescueme-mob1\/#breadcrumb"},"inLanguage":"da-DK","potentialAction":[{"@type":"ReadAction","target":["https:\/\/oceansignal.com\/da\/products\/rescueme-mob1\/"]}]},{"@type":"ImageObject","inLanguage":"da-DK","@id":"https:\/\/oceansignal.com\/da\/products\/rescueme-mob1\/#primaryimage","url":"https:\/\/oceansignal.com\/wp-content\/uploads\/2023\/09\/MOB1-square-1.jpg","contentUrl":"https:\/\/oceansignal.com\/wp-content\/uploads\/2023\/09\/MOB1-square-1.jpg","width":1000,"height":1000,"caption":"Ocean Signal rescueME MOB1 AIS Mand Overbord Beacon med DSC. Verdens mindste MOB ."},{"@type":"BreadcrumbList","@id":"https:\/\/oceansignal.com\/da\/products\/rescueme-mob1\/#breadcrumb","itemListElement":[{"@type":"ListItem","position":1,"name":"Shop","item":"https:\/\/oceansignal.com\/da\/shop\/"},{"@type":"ListItem","position":2,"name":"rescueME MOB1"}]},{"@type":"WebSite","@id":"https:\/\/oceansignal.com\/da\/#website","url":"https:\/\/oceansignal.com\/da\/","name":"Ocean Signal","description":"A leading manufacturer of EPIRBs, AIS, SARTs, Personal Locator Beacons, Man Overboard Beacon for the Marine and Outdoor Markets.","potentialAction":[{"@type":"SearchAction","target":{"@type":"EntryPoint","urlTemplate":"https:\/\/oceansignal.com\/da\/?s={search_term_string}"},"query-input":{"@type":"PropertyValueSpecification","valueRequired":true,"valueName":"search_term_string"}}],"inLanguage":"da-DK"}]}},"_links":{"self":[{"href":"https:\/\/oceansignal.com\/da\/wp-json\/wp\/v2\/product\/12927","targetHints":{"allow":["GET"]}}],"collection":[{"href":"https:\/\/oceansignal.com\/da\/wp-json\/wp\/v2\/product"}],"about":[{"href":"https:\/\/oceansignal.com\/da\/wp-json\/wp\/v2\/types\/product"}],"wp:featuredmedia":[{"embeddable":true,"href":"https:\/\/oceansignal.com\/da\/wp-json\/wp\/v2\/media\/19220"}],"wp:attachment":[{"href":"https:\/\/oceansignal.com\/da\/wp-json\/wp\/v2\/media?parent=12927"}],"wp:term":[{"taxonomy":"product_brand","embeddable":true,"href":"https:\/\/oceansignal.com\/da\/wp-json\/wp\/v2\/product_brand?post=12927"},{"taxonomy":"product_cat","embeddable":true,"href":"https:\/\/oceansignal.com\/da\/wp-json\/wp\/v2\/product_cat?post=12927"},{"taxonomy":"product_tag","embeddable":true,"href":"https:\/\/oceansignal.com\/da\/wp-json\/wp\/v2\/product_tag?post=12927"}],"curies":[{"name":"wp","href":"https:\/\/api.w.org\/{rel}","templated":true}]}}