{"id":29732,"date":"2025-11-12T22:31:39","date_gmt":"2025-11-12T22:31:39","guid":{"rendered":"https:\/\/oceansignal.com\/?post_type=product&#038;p=29732"},"modified":"2026-03-24T17:41:06","modified_gmt":"2026-03-24T17:41:06","slug":"ocean-signal-safesea-v200-vhf-radio","status":"publish","type":"product","link":"https:\/\/oceansignal.com\/da\/products\/ocean-signal-safesea-v200-vhf-radio\/","title":{"rendered":"safeSEA V200 VHF-radio"},"content":{"rendered":"<p>Ocean Signal V200 f\u00e5s i to praktiske formater, som udelukkende en GMDSS-n\u00f8d-VHF til n\u00f8dsituationer eller som et komplet s\u00e6t til generel daglig brug og\/eller n\u00f8dsituationer, og fungerer som en altomfattende l\u00f8sning til alle dine maritime kommunikationsbehov.<\/p>\n<p>GMDSS Emergency VHF&#8217;en leveres med et prim\u00e6rt lithiumbatteri, der inkluderer en batterisikkerhedsm\u00e6rkat, s\u00e5 der aldrig er nogen tvivl om, hvorvidt det prim\u00e6re batteri er blevet brugt eller ej. N\u00e5r sikkerhedsm\u00e6rkatet er fjernet, t\u00e6nder radioen automatisk, n\u00e5r batteriet tilsluttes, og enheden g\u00e5r ogs\u00e5 automatisk i GMDSS-driftstilstand med f\u00f8lgende forudindstillede indstillinger: kanal 16, lydstyrkeniveau 8 og squelch indstillet til 2. <\/p>\n<p>Det komplette s\u00e6t inkluderer det prim\u00e6re litiumbatteri som beskrevet og leveres ogs\u00e5 med et genopladeligt litium-ion-batteri og en opladningsbase. Standardtilbeh\u00f8r, der leveres med b\u00e5de den separate GMDSS Emergency VHF-mulighed eller det komplette s\u00e6t, inkluderer en fleksibel gummiantenne, b\u00e6lteklips og h\u00e5ndledssnor. <\/p>\n<p>V200 er bygget med brugervenlighed som en designprioritet og er egnet til betjening med overlevelsesdragt p\u00e5. Den har et letl\u00e6seligt digitalt display. B\u00e5de displayet og tastaturet er baggrundsbelyste, hvilket g\u00f8r betjeningen nem i omgivelser med svagt lys. V200 inkluderer ogs\u00e5 NFC (Near Field Communication), der giver adgang til batteriudskiftningsdato og produktinformation p\u00e5 en mobilenhed.  <\/p>\n<p>V200&#8217;s holdbare design g\u00f8r den velegnet til alle maritime anvendelser og et ideelt valg til obligatorisk og frivillig transport. Med betydelig erfaring inden for maritim sikkerhedsteknologi og et l\u00f8bende engagement i kvalitet og innovation leverer V200 den type uovertruffen ydeevne, som s\u00f8folk verden over forventer af alle Ocean Signal produkter. <\/p>\n<p>&nbsp;<\/p>\n","protected":false},"excerpt":{"rendered":"<p>Ocean Signal V200 Marine GMDSS VHF-radioen er bygget med fleksibilitet i tankerne og tilbyder brugerne bekvemme muligheder for at lette kommunikationen til s\u00f8s uanset omst\u00e6ndighederne. Denne vandt\u00e6tte VHF-radio er designet som et GMDSS-produkt (Global Maritime Distress and Safety System) og er fuldt certificeret til at opfylde IMO- og SOLAS-reglerne. Den yder problemfrit essentiel kommunikationsst\u00f8tte i b\u00e5de kritiske situationer og under daglige maritime operationer. <\/p>\n<p>&nbsp;<\/p>\n","protected":false},"featured_media":29737,"template":"","meta":{"_acf_changed":false,"om_disable_all_campaigns":false},"product_brand":[],"product_cat":[608],"product_tag":[],"class_list":{"0":"post-29732","1":"product","2":"type-product","3":"status-publish","4":"has-post-thumbnail","6":"product_cat-safesea-da","8":"first","9":"instock","10":"taxable","11":"shipping-taxable","12":"product-type-simple"},"acf":[],"yoast_head":"<!-- This site is optimized with the Yoast SEO Premium plugin v25.2 (Yoast SEO v26.4) - https:\/\/yoast.com\/wordpress\/plugins\/seo\/ -->\n<title>Ocean Signal Ocean Signal V200 GMDSS N\u00f8dradio VHF safeSEA V200 VHF-radio -<\/title>\n<meta name=\"description\" content=\"Hold dig sikker til s\u00f8s med Ocean Signal V200 GMDSS n\u00f8d-VHF-radioen. Den er designet til n\u00f8dsituationer og daglig brug i havet, har automatisk GMDSS-tilstand, handskevenlig betjening og robust holdbarhed.\" \/>\n<meta name=\"robots\" content=\"index, follow, max-snippet:-1, max-image-preview:large, max-video-preview:-1\" \/>\n<link rel=\"canonical\" href=\"https:\/\/oceansignal.com\/da\/products\/ocean-signal-safesea-v200-vhf-radio\/\" \/>\n<meta property=\"og:locale\" content=\"da_DK\" \/>\n<meta property=\"og:type\" content=\"article\" \/>\n<meta property=\"og:title\" content=\"safeSEA V200 VHF-radio\" \/>\n<meta property=\"og:description\" content=\"Hold dig sikker til s\u00f8s med Ocean Signal V200 GMDSS n\u00f8d-VHF-radioen. Den er designet til n\u00f8dsituationer og daglig brug i havet, har automatisk GMDSS-tilstand, handskevenlig betjening og robust holdbarhed.\" \/>\n<meta property=\"og:url\" content=\"https:\/\/oceansignal.com\/da\/products\/ocean-signal-safesea-v200-vhf-radio\/\" \/>\n<meta property=\"og:site_name\" content=\"Ocean Signal\" \/>\n<meta property=\"article:modified_time\" content=\"2026-03-24T17:41:06+00:00\" \/>\n<meta property=\"og:image\" content=\"https:\/\/oceansignal.com\/wp-content\/uploads\/2025\/06\/OSL-V200-Front-2.png\" \/>\n\t<meta property=\"og:image:width\" content=\"2000\" \/>\n\t<meta property=\"og:image:height\" content=\"2000\" \/>\n\t<meta property=\"og:image:type\" content=\"image\/png\" \/>\n<meta name=\"twitter:card\" content=\"summary_large_image\" \/>\n<meta name=\"twitter:label1\" content=\"Estimeret l\u00e6setid\" \/>\n\t<meta name=\"twitter:data1\" content=\"1 minut\" \/>\n<script type=\"application\/ld+json\" class=\"yoast-schema-graph\">{\"@context\":\"https:\/\/schema.org\",\"@graph\":[{\"@type\":\"WebPage\",\"@id\":\"https:\/\/oceansignal.com\/da\/products\/ocean-signal-safesea-v200-vhf-radio\/\",\"url\":\"https:\/\/oceansignal.com\/da\/products\/ocean-signal-safesea-v200-vhf-radio\/\",\"name\":\"Ocean Signal Ocean Signal V200 GMDSS N\u00f8dradio VHF safeSEA V200 VHF-radio -\",\"isPartOf\":{\"@id\":\"https:\/\/oceansignal.com\/da\/#website\"},\"primaryImageOfPage\":{\"@id\":\"https:\/\/oceansignal.com\/da\/products\/ocean-signal-safesea-v200-vhf-radio\/#primaryimage\"},\"image\":{\"@id\":\"https:\/\/oceansignal.com\/da\/products\/ocean-signal-safesea-v200-vhf-radio\/#primaryimage\"},\"thumbnailUrl\":\"https:\/\/oceansignal.com\/wp-content\/uploads\/2025\/06\/OSL-V200-Front-2.png\",\"datePublished\":\"2025-11-12T22:31:39+00:00\",\"dateModified\":\"2026-03-24T17:41:06+00:00\",\"description\":\"Hold dig sikker til s\u00f8s med Ocean Signal V200 GMDSS n\u00f8d-VHF-radioen. Den er designet til n\u00f8dsituationer og daglig brug i havet, har automatisk GMDSS-tilstand, handskevenlig betjening og robust holdbarhed.\",\"breadcrumb\":{\"@id\":\"https:\/\/oceansignal.com\/da\/products\/ocean-signal-safesea-v200-vhf-radio\/#breadcrumb\"},\"inLanguage\":\"da-DK\",\"potentialAction\":[{\"@type\":\"ReadAction\",\"target\":[\"https:\/\/oceansignal.com\/da\/products\/ocean-signal-safesea-v200-vhf-radio\/\"]}]},{\"@type\":\"ImageObject\",\"inLanguage\":\"da-DK\",\"@id\":\"https:\/\/oceansignal.com\/da\/products\/ocean-signal-safesea-v200-vhf-radio\/#primaryimage\",\"url\":\"https:\/\/oceansignal.com\/wp-content\/uploads\/2025\/06\/OSL-V200-Front-2.png\",\"contentUrl\":\"https:\/\/oceansignal.com\/wp-content\/uploads\/2025\/06\/OSL-V200-Front-2.png\",\"width\":2000,\"height\":2000},{\"@type\":\"BreadcrumbList\",\"@id\":\"https:\/\/oceansignal.com\/da\/products\/ocean-signal-safesea-v200-vhf-radio\/#breadcrumb\",\"itemListElement\":[{\"@type\":\"ListItem\",\"position\":1,\"name\":\"Shop\",\"item\":\"https:\/\/oceansignal.com\/da\/shop\/\"},{\"@type\":\"ListItem\",\"position\":2,\"name\":\"safeSEA V200 VHF-radio\"}]},{\"@type\":\"WebSite\",\"@id\":\"https:\/\/oceansignal.com\/da\/#website\",\"url\":\"https:\/\/oceansignal.com\/da\/\",\"name\":\"Ocean Signal\",\"description\":\"A leading manufacturer of EPIRBs, AIS, SARTs, Personal Locator Beacons, Man Overboard Beacon for the Marine and Outdoor Markets.\",\"potentialAction\":[{\"@type\":\"SearchAction\",\"target\":{\"@type\":\"EntryPoint\",\"urlTemplate\":\"https:\/\/oceansignal.com\/da\/?s={search_term_string}\"},\"query-input\":{\"@type\":\"PropertyValueSpecification\",\"valueRequired\":true,\"valueName\":\"search_term_string\"}}],\"inLanguage\":\"da-DK\"}]}<\/script>\n<!-- \/ Yoast SEO Premium plugin. -->","yoast_head_json":{"title":"Ocean Signal Ocean Signal V200 GMDSS N\u00f8dradio VHF safeSEA V200 VHF-radio -","description":"Hold dig sikker til s\u00f8s med Ocean Signal V200 GMDSS n\u00f8d-VHF-radioen. Den er designet til n\u00f8dsituationer og daglig brug i havet, har automatisk GMDSS-tilstand, handskevenlig betjening og robust holdbarhed.","robots":{"index":"index","follow":"follow","max-snippet":"max-snippet:-1","max-image-preview":"max-image-preview:large","max-video-preview":"max-video-preview:-1"},"canonical":"https:\/\/oceansignal.com\/da\/products\/ocean-signal-safesea-v200-vhf-radio\/","og_locale":"da_DK","og_type":"article","og_title":"safeSEA V200 VHF-radio","og_description":"Hold dig sikker til s\u00f8s med Ocean Signal V200 GMDSS n\u00f8d-VHF-radioen. Den er designet til n\u00f8dsituationer og daglig brug i havet, har automatisk GMDSS-tilstand, handskevenlig betjening og robust holdbarhed.","og_url":"https:\/\/oceansignal.com\/da\/products\/ocean-signal-safesea-v200-vhf-radio\/","og_site_name":"Ocean Signal","article_modified_time":"2026-03-24T17:41:06+00:00","og_image":[{"width":2000,"height":2000,"url":"https:\/\/oceansignal.com\/wp-content\/uploads\/2025\/06\/OSL-V200-Front-2.png","type":"image\/png"}],"twitter_card":"summary_large_image","twitter_misc":{"Estimeret l\u00e6setid":"1 minut"},"schema":{"@context":"https:\/\/schema.org","@graph":[{"@type":"WebPage","@id":"https:\/\/oceansignal.com\/da\/products\/ocean-signal-safesea-v200-vhf-radio\/","url":"https:\/\/oceansignal.com\/da\/products\/ocean-signal-safesea-v200-vhf-radio\/","name":"Ocean Signal Ocean Signal V200 GMDSS N\u00f8dradio VHF safeSEA V200 VHF-radio -","isPartOf":{"@id":"https:\/\/oceansignal.com\/da\/#website"},"primaryImageOfPage":{"@id":"https:\/\/oceansignal.com\/da\/products\/ocean-signal-safesea-v200-vhf-radio\/#primaryimage"},"image":{"@id":"https:\/\/oceansignal.com\/da\/products\/ocean-signal-safesea-v200-vhf-radio\/#primaryimage"},"thumbnailUrl":"https:\/\/oceansignal.com\/wp-content\/uploads\/2025\/06\/OSL-V200-Front-2.png","datePublished":"2025-11-12T22:31:39+00:00","dateModified":"2026-03-24T17:41:06+00:00","description":"Hold dig sikker til s\u00f8s med Ocean Signal V200 GMDSS n\u00f8d-VHF-radioen. Den er designet til n\u00f8dsituationer og daglig brug i havet, har automatisk GMDSS-tilstand, handskevenlig betjening og robust holdbarhed.","breadcrumb":{"@id":"https:\/\/oceansignal.com\/da\/products\/ocean-signal-safesea-v200-vhf-radio\/#breadcrumb"},"inLanguage":"da-DK","potentialAction":[{"@type":"ReadAction","target":["https:\/\/oceansignal.com\/da\/products\/ocean-signal-safesea-v200-vhf-radio\/"]}]},{"@type":"ImageObject","inLanguage":"da-DK","@id":"https:\/\/oceansignal.com\/da\/products\/ocean-signal-safesea-v200-vhf-radio\/#primaryimage","url":"https:\/\/oceansignal.com\/wp-content\/uploads\/2025\/06\/OSL-V200-Front-2.png","contentUrl":"https:\/\/oceansignal.com\/wp-content\/uploads\/2025\/06\/OSL-V200-Front-2.png","width":2000,"height":2000},{"@type":"BreadcrumbList","@id":"https:\/\/oceansignal.com\/da\/products\/ocean-signal-safesea-v200-vhf-radio\/#breadcrumb","itemListElement":[{"@type":"ListItem","position":1,"name":"Shop","item":"https:\/\/oceansignal.com\/da\/shop\/"},{"@type":"ListItem","position":2,"name":"safeSEA V200 VHF-radio"}]},{"@type":"WebSite","@id":"https:\/\/oceansignal.com\/da\/#website","url":"https:\/\/oceansignal.com\/da\/","name":"Ocean Signal","description":"A leading manufacturer of EPIRBs, AIS, SARTs, Personal Locator Beacons, Man Overboard Beacon for the Marine and Outdoor Markets.","potentialAction":[{"@type":"SearchAction","target":{"@type":"EntryPoint","urlTemplate":"https:\/\/oceansignal.com\/da\/?s={search_term_string}"},"query-input":{"@type":"PropertyValueSpecification","valueRequired":true,"valueName":"search_term_string"}}],"inLanguage":"da-DK"}]}},"_links":{"self":[{"href":"https:\/\/oceansignal.com\/da\/wp-json\/wp\/v2\/product\/29732","targetHints":{"allow":["GET"]}}],"collection":[{"href":"https:\/\/oceansignal.com\/da\/wp-json\/wp\/v2\/product"}],"about":[{"href":"https:\/\/oceansignal.com\/da\/wp-json\/wp\/v2\/types\/product"}],"wp:featuredmedia":[{"embeddable":true,"href":"https:\/\/oceansignal.com\/da\/wp-json\/wp\/v2\/media\/29737"}],"wp:attachment":[{"href":"https:\/\/oceansignal.com\/da\/wp-json\/wp\/v2\/media?parent=29732"}],"wp:term":[{"taxonomy":"product_brand","embeddable":true,"href":"https:\/\/oceansignal.com\/da\/wp-json\/wp\/v2\/product_brand?post=29732"},{"taxonomy":"product_cat","embeddable":true,"href":"https:\/\/oceansignal.com\/da\/wp-json\/wp\/v2\/product_cat?post=29732"},{"taxonomy":"product_tag","embeddable":true,"href":"https:\/\/oceansignal.com\/da\/wp-json\/wp\/v2\/product_tag?post=29732"}],"curies":[{"name":"wp","href":"https:\/\/api.w.org\/{rel}","templated":true}]}}