{"id":29835,"date":"2025-11-12T21:58:44","date_gmt":"2025-11-12T21:58:44","guid":{"rendered":"https:\/\/oceansignal.com\/?post_type=product&#038;p=29835"},"modified":"2026-03-24T16:22:52","modified_gmt":"2026-03-24T16:22:52","slug":"safesea-s200-ais-sart","status":"publish","type":"product","link":"https:\/\/oceansignal.com\/da\/products\/safesea-s200-ais-sart\/","title":{"rendered":"safeSEA S200 AIS SART"},"content":{"rendered":"<p>S200 SART er bygget p\u00e5 det gennempr\u00f8vede design fra S100 og tilbyder forbedret n\u00f8dalarmering gennem AIS-teknologi (Automatic Identification System), der g\u00e5r ud over traditionelle radarbaserede systemer. Denne banebrydende enhed sender pr\u00e6cise GNSS\/GPS-satellitpositionskoordinater til alle AIS-udstyrede fart\u00f8jer inden for VHF-r\u00e6kkevidde, hvilket sikrer, at n\u00f8dhj\u00e6lp hurtigt kan inds\u00e6ttes, n\u00e5r det er n\u00f8dvendigt. <\/p>\n<p>Med en gennemsnitlig detektionsr\u00e6kkevidde p\u00e5 5 s\u00f8mil integrerer S200 Near Field Communication (NFC)-teknologi for nem produktregistrering og adgang til testdata. Dets h\u00f8jtydende lithiumbatteri leverer op til 96 timers driftslevetid, hvilket sikrer forl\u00e6nget p\u00e5lidelighed under de h\u00e5rdeste forhold. Det AIS-baserede system leverer ogs\u00e5 overlegen ydeevne i d\u00e5rligt vejr med reduceret modtagelighed for interferens fra kraftig regn eller t\u00e5ge.  <\/p>\n<p>S200 er designet med bekvemmelighed i tankerne og har et elegant v\u00e6gbeslag for nem adgang i n\u00f8dsituationer. En valgfri teleskopstang, der kan forl\u00e6nges 1 meter, kan fastg\u00f8res for maksimal h\u00f8jde og synlighed, n\u00e5r den tages ud fra en redningsb\u00e5d, og SART&#8217;en kan oph\u00e6nges inde i b\u00e5den for h\u00e5ndfri brug. <\/p>\n<p>S200 er bygget til at modst\u00e5 de barskeste marinemilj\u00f8er og er en p\u00e5lidelig partner i enhver n\u00f8dsituation, der sikrer, at dit n\u00f8dsignal n\u00e5r ethvert AIS-udstyret fart\u00f8j inden for r\u00e6kkevidde. Dens robuste konstruktion garanterer, at den er operationel, n\u00e5r du har mest brug for den, hvilket giver ro i sindet p\u00e5 vandet. <\/p>\n<p><strong>Befordringskrav<\/strong><\/p>\n<ul>\n<li>Alle IMO SOLAS-skibe p\u00e5 international rejse skal medbringe en SART<\/li>\n<li>300-500 bruttoregistertonnage (BRT) skal medf\u00f8re mindst 1 SART<\/li>\n<li>Over 500 bruttoregistertonnage (BRT) skal der medbringes mindst 2 SART&#8217;er<\/li>\n<li>1 SART for hver fire redningsfl\u00e5der p\u00e5 Ro-Ro-passagerskibe<\/li>\n<li>Passagerskibe af enhver st\u00f8rrelse skal medf\u00f8re mindst 2 SART&#8217;er uanset deres tonnage.<\/li>\n<li>Redningsb\u00e5de: SOLAS kr\u00e6ver, at mindst \u00e9n SART er tilg\u00e6ngelig til brug i hvert redningsfart\u00f8j.<\/li>\n<li>Redningsfl\u00e5der: I tilf\u00e6lde af passagerskibe, hvis der er mere end 2 redningsfl\u00e5der, b\u00f8r der anbringes yderligere SART&#8217;er, s\u00e5ledes at mindst \u00e9n SART er tilg\u00e6ngelig for hver 2 redningsfl\u00e5der.<\/li>\n<\/ul>\n<p>&nbsp;<\/p>\n","protected":false},"excerpt":{"rendered":"<p>S200 SART er en IMO SOLAS-kompatibel AIS-efters\u00f8gnings- og redningssender (SART), der giver fart\u00f8jer, der skal overholde GMDSS-reglerne, en p\u00e5lidelig l\u00f8sning til at opfylde obligatoriske SART-transportkrav. Ved at udnytte AIS klasse A-positionsrapporter sender S200 otte positionsrapportmeddelelser i minuttet, hvilket muligg\u00f8r sporing i realtid i kritiske situationer. <\/p>\n<p><strong>Denne enhed er ikke godkendt som kr\u00e6vet af FCC&#8217;s regler. Denne enhed er ikke og m\u00e5 ikke udbydes til salg eller leasing, eller s\u00e6lges eller leases, i USA, f\u00f8r godkendelse er indhentet. <\/strong><\/p>\n<p><a href=\"https:\/\/www.dropbox.com\/s\/fk04stqsp2hgk5f\/Prop%2065%20-%20DEHP.pdf?dl=0\">ADVARSEL: PROP 65<\/a><\/p>\n<p>&nbsp;<\/p>\n","protected":false},"featured_media":29802,"template":"","meta":{"_acf_changed":false,"om_disable_all_campaigns":false},"product_brand":[],"product_cat":[608],"product_tag":[],"class_list":{"0":"post-29835","1":"product","2":"type-product","3":"status-publish","4":"has-post-thumbnail","6":"product_cat-safesea-da","8":"first","9":"instock","10":"taxable","11":"shipping-taxable","12":"purchasable","13":"product-type-simple"},"acf":[],"yoast_head":"<!-- This site is optimized with the Yoast SEO Premium plugin v25.2 (Yoast SEO v26.4) - https:\/\/yoast.com\/wordpress\/plugins\/seo\/ -->\n<title>Ocean Signal safeSEA S200 AIS SART - Ocean Signal<\/title>\n<meta name=\"description\" content=\"S200 AIS SART eller Search and Rescue Transmitter til GMDSS- og SOLAS-fart\u00f8jer forbedrer maritim sikkerhed og kommunikation i en n\u00f8dsituation.\" \/>\n<meta name=\"robots\" content=\"index, follow, max-snippet:-1, max-image-preview:large, max-video-preview:-1\" \/>\n<link rel=\"canonical\" href=\"https:\/\/oceansignal.com\/da\/products\/safesea-s200-ais-sart\/\" \/>\n<meta property=\"og:locale\" content=\"da_DK\" \/>\n<meta property=\"og:type\" content=\"article\" \/>\n<meta property=\"og:title\" content=\"safeSEA S200 AIS SART\" \/>\n<meta property=\"og:description\" content=\"S200 AIS SART eller Search and Rescue Transmitter til GMDSS- og SOLAS-fart\u00f8jer forbedrer maritim sikkerhed og kommunikation i en n\u00f8dsituation.\" \/>\n<meta property=\"og:url\" content=\"https:\/\/oceansignal.com\/da\/products\/safesea-s200-ais-sart\/\" \/>\n<meta property=\"og:site_name\" content=\"Ocean Signal\" \/>\n<meta property=\"article:modified_time\" content=\"2026-03-24T16:22:52+00:00\" \/>\n<meta property=\"og:image\" content=\"https:\/\/oceansignal.com\/wp-content\/uploads\/2025\/06\/OSL-AIS-SART-Front-1024x1024.png\" \/>\n\t<meta property=\"og:image:width\" content=\"1024\" \/>\n\t<meta property=\"og:image:height\" content=\"1024\" \/>\n\t<meta property=\"og:image:type\" content=\"image\/png\" \/>\n<meta name=\"twitter:card\" content=\"summary_large_image\" \/>\n<meta name=\"twitter:label1\" content=\"Estimeret l\u00e6setid\" \/>\n\t<meta name=\"twitter:data1\" content=\"2 minutter\" \/>\n<script type=\"application\/ld+json\" class=\"yoast-schema-graph\">{\"@context\":\"https:\/\/schema.org\",\"@graph\":[{\"@type\":\"WebPage\",\"@id\":\"https:\/\/oceansignal.com\/da\/products\/safesea-s200-ais-sart\/\",\"url\":\"https:\/\/oceansignal.com\/da\/products\/safesea-s200-ais-sart\/\",\"name\":\"Ocean Signal safeSEA S200 AIS SART - Ocean Signal\",\"isPartOf\":{\"@id\":\"https:\/\/oceansignal.com\/da\/#website\"},\"primaryImageOfPage\":{\"@id\":\"https:\/\/oceansignal.com\/da\/products\/safesea-s200-ais-sart\/#primaryimage\"},\"image\":{\"@id\":\"https:\/\/oceansignal.com\/da\/products\/safesea-s200-ais-sart\/#primaryimage\"},\"thumbnailUrl\":\"https:\/\/oceansignal.com\/wp-content\/uploads\/2025\/06\/OSL-AIS-SART-Front.png\",\"datePublished\":\"2025-11-12T21:58:44+00:00\",\"dateModified\":\"2026-03-24T16:22:52+00:00\",\"description\":\"S200 AIS SART eller Search and Rescue Transmitter til GMDSS- og SOLAS-fart\u00f8jer forbedrer maritim sikkerhed og kommunikation i en n\u00f8dsituation.\",\"breadcrumb\":{\"@id\":\"https:\/\/oceansignal.com\/da\/products\/safesea-s200-ais-sart\/#breadcrumb\"},\"inLanguage\":\"da-DK\",\"potentialAction\":[{\"@type\":\"ReadAction\",\"target\":[\"https:\/\/oceansignal.com\/da\/products\/safesea-s200-ais-sart\/\"]}]},{\"@type\":\"ImageObject\",\"inLanguage\":\"da-DK\",\"@id\":\"https:\/\/oceansignal.com\/da\/products\/safesea-s200-ais-sart\/#primaryimage\",\"url\":\"https:\/\/oceansignal.com\/wp-content\/uploads\/2025\/06\/OSL-AIS-SART-Front.png\",\"contentUrl\":\"https:\/\/oceansignal.com\/wp-content\/uploads\/2025\/06\/OSL-AIS-SART-Front.png\",\"width\":3850,\"height\":3850,\"caption\":\"S200 AIS SART eller efters\u00f8gnings- og redningssender til GMDSS- og SOLAS-fart\u00f8jer\"},{\"@type\":\"BreadcrumbList\",\"@id\":\"https:\/\/oceansignal.com\/da\/products\/safesea-s200-ais-sart\/#breadcrumb\",\"itemListElement\":[{\"@type\":\"ListItem\",\"position\":1,\"name\":\"Shop\",\"item\":\"https:\/\/oceansignal.com\/da\/shop\/\"},{\"@type\":\"ListItem\",\"position\":2,\"name\":\"safeSEA S200 AIS SART\"}]},{\"@type\":\"WebSite\",\"@id\":\"https:\/\/oceansignal.com\/da\/#website\",\"url\":\"https:\/\/oceansignal.com\/da\/\",\"name\":\"Ocean Signal\",\"description\":\"A leading manufacturer of EPIRBs, AIS, SARTs, Personal Locator Beacons, Man Overboard Beacon for the Marine and Outdoor Markets.\",\"potentialAction\":[{\"@type\":\"SearchAction\",\"target\":{\"@type\":\"EntryPoint\",\"urlTemplate\":\"https:\/\/oceansignal.com\/da\/?s={search_term_string}\"},\"query-input\":{\"@type\":\"PropertyValueSpecification\",\"valueRequired\":true,\"valueName\":\"search_term_string\"}}],\"inLanguage\":\"da-DK\"}]}<\/script>\n<!-- \/ Yoast SEO Premium plugin. -->","yoast_head_json":{"title":"Ocean Signal safeSEA S200 AIS SART - Ocean Signal","description":"S200 AIS SART eller Search and Rescue Transmitter til GMDSS- og SOLAS-fart\u00f8jer forbedrer maritim sikkerhed og kommunikation i en n\u00f8dsituation.","robots":{"index":"index","follow":"follow","max-snippet":"max-snippet:-1","max-image-preview":"max-image-preview:large","max-video-preview":"max-video-preview:-1"},"canonical":"https:\/\/oceansignal.com\/da\/products\/safesea-s200-ais-sart\/","og_locale":"da_DK","og_type":"article","og_title":"safeSEA S200 AIS SART","og_description":"S200 AIS SART eller Search and Rescue Transmitter til GMDSS- og SOLAS-fart\u00f8jer forbedrer maritim sikkerhed og kommunikation i en n\u00f8dsituation.","og_url":"https:\/\/oceansignal.com\/da\/products\/safesea-s200-ais-sart\/","og_site_name":"Ocean Signal","article_modified_time":"2026-03-24T16:22:52+00:00","og_image":[{"width":1024,"height":1024,"url":"https:\/\/oceansignal.com\/wp-content\/uploads\/2025\/06\/OSL-AIS-SART-Front-1024x1024.png","type":"image\/png"}],"twitter_card":"summary_large_image","twitter_misc":{"Estimeret l\u00e6setid":"2 minutter"},"schema":{"@context":"https:\/\/schema.org","@graph":[{"@type":"WebPage","@id":"https:\/\/oceansignal.com\/da\/products\/safesea-s200-ais-sart\/","url":"https:\/\/oceansignal.com\/da\/products\/safesea-s200-ais-sart\/","name":"Ocean Signal safeSEA S200 AIS SART - Ocean Signal","isPartOf":{"@id":"https:\/\/oceansignal.com\/da\/#website"},"primaryImageOfPage":{"@id":"https:\/\/oceansignal.com\/da\/products\/safesea-s200-ais-sart\/#primaryimage"},"image":{"@id":"https:\/\/oceansignal.com\/da\/products\/safesea-s200-ais-sart\/#primaryimage"},"thumbnailUrl":"https:\/\/oceansignal.com\/wp-content\/uploads\/2025\/06\/OSL-AIS-SART-Front.png","datePublished":"2025-11-12T21:58:44+00:00","dateModified":"2026-03-24T16:22:52+00:00","description":"S200 AIS SART eller Search and Rescue Transmitter til GMDSS- og SOLAS-fart\u00f8jer forbedrer maritim sikkerhed og kommunikation i en n\u00f8dsituation.","breadcrumb":{"@id":"https:\/\/oceansignal.com\/da\/products\/safesea-s200-ais-sart\/#breadcrumb"},"inLanguage":"da-DK","potentialAction":[{"@type":"ReadAction","target":["https:\/\/oceansignal.com\/da\/products\/safesea-s200-ais-sart\/"]}]},{"@type":"ImageObject","inLanguage":"da-DK","@id":"https:\/\/oceansignal.com\/da\/products\/safesea-s200-ais-sart\/#primaryimage","url":"https:\/\/oceansignal.com\/wp-content\/uploads\/2025\/06\/OSL-AIS-SART-Front.png","contentUrl":"https:\/\/oceansignal.com\/wp-content\/uploads\/2025\/06\/OSL-AIS-SART-Front.png","width":3850,"height":3850,"caption":"S200 AIS SART eller efters\u00f8gnings- og redningssender til GMDSS- og SOLAS-fart\u00f8jer"},{"@type":"BreadcrumbList","@id":"https:\/\/oceansignal.com\/da\/products\/safesea-s200-ais-sart\/#breadcrumb","itemListElement":[{"@type":"ListItem","position":1,"name":"Shop","item":"https:\/\/oceansignal.com\/da\/shop\/"},{"@type":"ListItem","position":2,"name":"safeSEA S200 AIS SART"}]},{"@type":"WebSite","@id":"https:\/\/oceansignal.com\/da\/#website","url":"https:\/\/oceansignal.com\/da\/","name":"Ocean Signal","description":"A leading manufacturer of EPIRBs, AIS, SARTs, Personal Locator Beacons, Man Overboard Beacon for the Marine and Outdoor Markets.","potentialAction":[{"@type":"SearchAction","target":{"@type":"EntryPoint","urlTemplate":"https:\/\/oceansignal.com\/da\/?s={search_term_string}"},"query-input":{"@type":"PropertyValueSpecification","valueRequired":true,"valueName":"search_term_string"}}],"inLanguage":"da-DK"}]}},"_links":{"self":[{"href":"https:\/\/oceansignal.com\/da\/wp-json\/wp\/v2\/product\/29835","targetHints":{"allow":["GET"]}}],"collection":[{"href":"https:\/\/oceansignal.com\/da\/wp-json\/wp\/v2\/product"}],"about":[{"href":"https:\/\/oceansignal.com\/da\/wp-json\/wp\/v2\/types\/product"}],"wp:featuredmedia":[{"embeddable":true,"href":"https:\/\/oceansignal.com\/da\/wp-json\/wp\/v2\/media\/29802"}],"wp:attachment":[{"href":"https:\/\/oceansignal.com\/da\/wp-json\/wp\/v2\/media?parent=29835"}],"wp:term":[{"taxonomy":"product_brand","embeddable":true,"href":"https:\/\/oceansignal.com\/da\/wp-json\/wp\/v2\/product_brand?post=29835"},{"taxonomy":"product_cat","embeddable":true,"href":"https:\/\/oceansignal.com\/da\/wp-json\/wp\/v2\/product_cat?post=29835"},{"taxonomy":"product_tag","embeddable":true,"href":"https:\/\/oceansignal.com\/da\/wp-json\/wp\/v2\/product_tag?post=29835"}],"curies":[{"name":"wp","href":"https:\/\/api.w.org\/{rel}","templated":true}]}}