{"id":31905,"date":"2025-07-17T08:59:49","date_gmt":"2025-07-17T08:59:49","guid":{"rendered":"https:\/\/oceansignal.com\/products\/epirb2-sikkerhedssaet-plus\/"},"modified":"2026-03-12T09:19:54","modified_gmt":"2026-03-12T09:19:54","slug":"epirb2-sikkerhedssaet-plus","status":"publish","type":"product","link":"https:\/\/oceansignal.com\/da\/products\/epirb2-sikkerhedssaet-plus\/","title":{"rendered":"EPIRB2 Sejlsikkerhedss\u00e6t Plus"},"content":{"rendered":"<h3 data-start=\"3285\" data-end=\"3337\"><strong data-start=\"3292\" data-end=\"3337\"><img loading=\"lazy\" decoding=\"async\" class=\"alignnone size-full wp-image-32359\" src=\"https:\/\/oceansignal.com\/wp-content\/uploads\/2025\/07\/View-New-Safety-Kits.png\" alt=\"\" width=\"300\" height=\"75\" srcset=\"https:\/\/oceansignal.com\/wp-content\/uploads\/2025\/07\/View-New-Safety-Kits.png 300w, https:\/\/oceansignal.com\/wp-content\/uploads\/2025\/07\/View-New-Safety-Kits-60x15.png 60w, https:\/\/oceansignal.com\/wp-content\/uploads\/2025\/07\/View-New-Safety-Kits-110x28.png 110w\" sizes=\"auto, (max-width: 300px) 100vw, 300px\" \/><\/strong><\/h3>\n<h3 data-start=\"3285\" data-end=\"3337\"><strong data-start=\"3292\" data-end=\"3337\">Hvorfor v\u00e6lge EPIRB2 sikkerhedss\u00e6ttet Plus?<\/strong><\/h3>\n<p data-start=\"195\" data-end=\"642\">EPIRB2 Safety Kit Plus rammer den perfekte balance mellem ydeevne, v\u00e6rdi og fremtidsberedskab. Det er designet omkring Ocean Signals n\u00e6ste generations EPIRB2 med NFC og inkluderer en EDF2 elektronisk n\u00f8dblus og vigtige visuelle backupv\u00e6rkt\u00f8jer, alt sammen pakket i en vandt\u00e6t, flydende gribepose. Uanset om du er p\u00e5 kystsejlads eller krydser Kanalen, holder dette s\u00e6t dig klar til virkelige marine n\u00f8dsituationer \u2013 uden kompromis.  <\/p>\n<p data-start=\"644\" data-end=\"692\">Smartere sikkerhed. Moderne teknologi. Ingen g\u00e6tteri.  <\/p>\n<h3 data-start=\"2903\" data-end=\"2924\"><strong data-start=\"2910\" data-end=\"2924\">Ideel til:<\/strong><\/h3>\n<ul>\n<li data-start=\"717\" data-end=\"786\">Offshore- og kystsejlere s\u00f8ger en komplet sikkerhedsl\u00f8sning<\/li>\n<li data-start=\"717\" data-end=\"786\">Yachtejere forbereder sig p\u00e5 l\u00e6ngere sejladser (maksimerer sikkerheden uden at skulle opfylde alle kategori 0 offshore specialregler)<\/li>\n<li data-start=\"717\" data-end=\"786\">Krydsere opgraderes fra traditionel pyroteknik<\/li>\n<li data-start=\"717\" data-end=\"786\">RYA Yachtmaster-kandidater bygger et fremtidssikret sikkerhedssystem<\/li>\n<li data-start=\"717\" data-end=\"786\">Hold udskifter udl\u00f8bne fakler med genanvendelige, b\u00e6redygtige alternativer<\/li>\n<\/ul>\n<h3 data-start=\"661\" data-end=\"706\"><strong data-start=\"668\" data-end=\"706\">Hvad er inkluderet, og hvorfor er det vigtigt?<\/strong><\/h3>\n<h4 data-start=\"708\" data-end=\"751\"><strong data-start=\"713\" data-end=\"749\">1 \u00d7 Ocean Signal EPIRB2 med NFC<\/strong><\/h4>\n<p data-start=\"752\" data-end=\"775\">Du f\u00e5r satellitd\u00e6kning til global redning og RLS for ro i sindet \u2013 alt sammen i en kompakt, reglerkompatibel beacon.<br \/>\n<img loading=\"lazy\" decoding=\"async\" class=\"alignnone size-medium wp-image-31423\" src=\"https:\/\/oceansignal.com\/wp-content\/uploads\/2025\/06\/EPIRB2-FRONT-300-300x300.png\" alt=\"\" width=\"300\" height=\"300\" srcset=\"https:\/\/oceansignal.com\/wp-content\/uploads\/2025\/06\/EPIRB2-FRONT-300-300x300.png 300w, https:\/\/oceansignal.com\/wp-content\/uploads\/2025\/06\/EPIRB2-FRONT-300-150x150.png 150w, https:\/\/oceansignal.com\/wp-content\/uploads\/2025\/06\/EPIRB2-FRONT-300-100x100.png 100w, https:\/\/oceansignal.com\/wp-content\/uploads\/2025\/06\/EPIRB2-FRONT-300-60x60.png 60w, https:\/\/oceansignal.com\/wp-content\/uploads\/2025\/06\/EPIRB2-FRONT-300-110x110.png 110w, https:\/\/oceansignal.com\/wp-content\/uploads\/2025\/06\/EPIRB2-FRONT-300.png 411w\" sizes=\"auto, (max-width: 300px) 100vw, 300px\" \/><br \/>\n Denne nyeste generation af kategori II EPIRB kombinerer 406 MHz satellitsignalering med Return Link Service (RLS) og smartphone-ops\u00e6tning via NFC-forbindelse.<\/p>\n<ul data-start=\"954\" data-end=\"1273\">\n<li data-start=\"954\" data-end=\"1004\">\n<p data-start=\"956\" data-end=\"1004\"><strong data-start=\"956\" data-end=\"984\">Global n\u00f8dalarmering<\/strong> via Cospas-Sarsat satellitnetv\u00e6rket<\/p>\n<\/li>\n<li data-start=\"1064\" data-end=\"1131\">\n<p data-start=\"1066\" data-end=\"1131\"><strong data-start=\"1066\" data-end=\"1095\">Return Link Service (RLS)<\/strong> bekr\u00e6fter, at dit signal er modtaget<\/p>\n<\/li>\n<li data-start=\"1132\" data-end=\"1210\">\n<p data-start=\"1134\" data-end=\"1210\"><strong data-start=\"1134\" data-end=\"1166\">Smartphoneops\u00e6tning og test<\/strong> via den gratis Ocean Signal-app (iOS og Android)<\/p>\n<\/li>\n<li data-start=\"1211\" data-end=\"1273\">\n<p data-start=\"1213\" data-end=\"1273\"><strong data-start=\"1213\" data-end=\"1251\">Manuel beslag (Kat. II)<\/strong> medf\u00f8lger til fleksibel montering<\/p>\n<\/li>\n<\/ul>\n<hr data-start=\"2026\" data-end=\"2029\">\n<h4 data-start=\"2031\" data-end=\"2073\"><strong data-start=\"2036\" data-end=\"2071\">1 \u00d7<\/strong> <strong data-start=\"2191\" data-end=\"2242\">Ocean Signal EDF2 elektronisk n\u00f8dblus<\/strong><\/h4>\n<p data-start=\"2245\" data-end=\"2268\">En fakkel, du kan stole p\u00e5, virker \u2013 uden udl\u00f8bsdatoer, brandrisiko eller problemer med bortskaffelse.<br \/>\n Vejledende udsalgspris: 229,99 \u00a3<br \/>\n<img loading=\"lazy\" decoding=\"async\" class=\"alignnone wp-image-31439 size-medium\" src=\"https:\/\/oceansignal.com\/wp-content\/uploads\/2025\/06\/EDF2-FRONT-e1752085297427-198x300.png\" alt=\"\" width=\"198\" height=\"300\" srcset=\"https:\/\/oceansignal.com\/wp-content\/uploads\/2025\/06\/EDF2-FRONT-e1752085297427-198x300.png 198w, https:\/\/oceansignal.com\/wp-content\/uploads\/2025\/06\/EDF2-FRONT-e1752085297427-60x91.png 60w, https:\/\/oceansignal.com\/wp-content\/uploads\/2025\/06\/EDF2-FRONT-e1752085297427-110x166.png 110w, https:\/\/oceansignal.com\/wp-content\/uploads\/2025\/06\/EDF2-FRONT-e1752085297427.png 424w\" sizes=\"auto, (max-width: 198px) 100vw, 198px\" \/><br \/>\nH\u00f8jintensiv, flerfarvet og IR LED-blus. Synlig over 13 km om natten. Genanvendelig og sikrere end pyroteknik.  <\/p>\n<ul data-start=\"2183\" data-end=\"2300\">\n<li data-start=\"2183\" data-end=\"2216\">\n<p data-start=\"2185\" data-end=\"2216\">Udsender blinkkarakteristikken for den internationale morsekode til SOS<\/p>\n<\/li>\n<li data-start=\"2183\" data-end=\"2216\">Inkluderer n\u00f8dflag og monteringsbeslag om dagen<\/li>\n<li data-start=\"2217\" data-end=\"2261\">\n<p data-start=\"2219\" data-end=\"2261\">Flyder og fungerer i 3 timer ved den \u00f8nskede lysintensitet<\/p>\n<\/li>\n<li data-start=\"2217\" data-end=\"2261\">\n<p data-start=\"2219\" data-end=\"2261\">Genanvendelig, batteridrevet sikkerhed<\/p>\n<\/li>\n<li data-start=\"2217\" data-end=\"2261\">\u2265180 lysvinkel ved \u226550 cd for h\u00f8j synlighed med Range Plus<\/li>\n<\/ul>\n<hr data-start=\"2026\" data-end=\"2029\">\n<h4 data-start=\"2031\" data-end=\"2073\"><strong data-start=\"2036\" data-end=\"2071\">1 \u00d7 ACR Signalspejl og fl\u00f8jte<\/strong><\/h4>\n<p data-start=\"2074\" data-end=\"2096\">Tilf\u00f8jer backupsignalering til dit v\u00e6rkt\u00f8jss\u00e6t \u2013 is\u00e6r nyttigt, n\u00e5r SAR-fly eller -fart\u00f8jer er i sigte, men endnu ikke er l\u00e5st p\u00e5 din position.<br \/>\n Detailv\u00e6rdi: 10,99 \u00a3<br \/>\n<img loading=\"lazy\" decoding=\"async\" class=\"alignnone wp-image-31407 size-medium\" src=\"https:\/\/oceansignal.com\/wp-content\/uploads\/2025\/06\/Grab_Bag_EPIRB1_Kit-e1752085331562-300x131.png\" alt=\"\" width=\"300\" height=\"131\" srcset=\"https:\/\/oceansignal.com\/wp-content\/uploads\/2025\/06\/Grab_Bag_EPIRB1_Kit-e1752085331562-300x131.png 300w, https:\/\/oceansignal.com\/wp-content\/uploads\/2025\/06\/Grab_Bag_EPIRB1_Kit-e1752085331562-60x26.png 60w, https:\/\/oceansignal.com\/wp-content\/uploads\/2025\/06\/Grab_Bag_EPIRB1_Kit-e1752085331562-110x48.png 110w, https:\/\/oceansignal.com\/wp-content\/uploads\/2025\/06\/Grab_Bag_EPIRB1_Kit-e1752085331562.png 344w\" sizes=\"auto, (max-width: 300px) 100vw, 300px\" \/><br \/>\n Enkle v\u00e6rkt\u00f8jer, der er p\u00e5lidelige over hele verden, til n\u00e6rsignalering, n\u00e5r sigtbarhed er vigtig.<\/p>\n<ul data-start=\"2183\" data-end=\"2300\">\n<li data-start=\"2183\" data-end=\"2216\">\n<p data-start=\"2185\" data-end=\"2216\">Meget reflekterende kompakt spejl til visuelle signaler i dagslys &#8211; Konstrueret til at reflektere sollys over lange afstande, ideelt til at fange opm\u00e6rksomheden fra passerende skibe eller fly<\/p>\n<\/li>\n<li data-start=\"2217\" data-end=\"2261\">\n<p data-start=\"2219\" data-end=\"2261\">H\u00f8jdecibelfl\u00f8jte til lydsignalering<\/p>\n<\/li>\n<li data-start=\"2262\" data-end=\"2300\">\n<p data-start=\"2264\" data-end=\"2300\">Kompakte, vedligeholdelsesfrie essentielle ting<\/p>\n<\/li>\n<\/ul>\n<hr data-start=\"2461\" data-end=\"2464\">\n<h4 data-start=\"2466\" data-end=\"2513\"><strong data-start=\"2471\" data-end=\"2511\">1 \u00d7 Ocean Signal vandt\u00e6t gribepose<\/strong><\/h4>\n<p data-start=\"2514\" data-end=\"2536\">N\u00f8dsituationer er kaotiske \u2013 denne taske sikrer, at dit bedste udstyr forbliver t\u00f8rt, samlet, synligt og let at f\u00e5 adgang til.<br \/>\n Vejledende udsalgspris: 129,99 \u00a3<br \/>\n<img loading=\"lazy\" decoding=\"async\" class=\"alignnone wp-image-31488 size-medium\" src=\"https:\/\/oceansignal.com\/wp-content\/uploads\/2025\/06\/Grab_Bag-1-241x300.webp\" alt=\"\" width=\"241\" height=\"300\" srcset=\"https:\/\/oceansignal.com\/wp-content\/uploads\/2025\/06\/Grab_Bag-1-241x300.webp 241w, https:\/\/oceansignal.com\/wp-content\/uploads\/2025\/06\/Grab_Bag-1-60x75.webp 60w, https:\/\/oceansignal.com\/wp-content\/uploads\/2025\/06\/Grab_Bag-1-110x137.webp 110w, https:\/\/oceansignal.com\/wp-content\/uploads\/2025\/06\/Grab_Bag-1.webp 489w\" sizes=\"auto, (max-width: 241px) 100vw, 241px\" \/><\/p>\n<p data-start=\"2538\" data-end=\"2634\">Denne lyse, flydende gribepose har funktioner som:<\/p>\n<ul data-start=\"2636\" data-end=\"2778\">\n<li data-start=\"2636\" data-end=\"2669\">\n<p data-start=\"2638\" data-end=\"2669\">Let og nem at opbevare<\/p>\n<\/li>\n<li data-start=\"2670\" data-end=\"2722\">\n<p data-start=\"2672\" data-end=\"2722\">Flyder og beskytter indholdet under barske forhold<\/p>\n<\/li>\n<li data-start=\"2723\" data-end=\"2778\">\n<p data-start=\"2725\" data-end=\"2778\">G\u00f8r det hurtigt og nemt at finde dine vigtigste ting<\/p>\n<\/li>\n<\/ul>\n<p data-start=\"2780\" data-end=\"2896\">\n","protected":false},"excerpt":{"rendered":"<ul>\n<li>V\u00e6r klar, n\u00e5r hvert sekund t\u00e6ller, med <strong data-start=\"43\" data-end=\"89\">Ocean Signal EPIRB2 Safety Kit Plus<\/strong> \u2013 en essentiel n\u00f8dl\u00f8sning for sejlere, der bygger deres f\u00f8rste gribepose.<\/li>\n<p> \t<\/p>\n<li>Dette s\u00e6t, der er placeret i den robuste, flydende <strong data-start=\"195\" data-end=\"220\">Ocean Signal Grab Bag<\/strong> , indeholder den avancerede <strong data-start=\"253\" data-end=\"263\">EPIRB2<\/strong> med GPS-positionering, Return Link Service (RLS) til at bekr\u00e6fte, at dit n\u00f8dsignal er modtaget, dobbelte strobelys (synligt og infrar\u00f8dt) og smartphone-diagnostik via NFC.<\/li>\n<p> \t<\/p>\n<li>Det kraftfulde <strong data-start=\"444\" data-end=\"478\">EDF2 elektroniske n\u00f8dblus<\/strong> medf\u00f8lger ogs\u00e5, der tilbyder 360\u00b0 synlighed med intense flerfarvede og infrar\u00f8de LED&#8217;er \u2013 ideelt til at tiltr\u00e6kke opm\u00e6rksomhed i svagt lys eller d\u00e5rlig sigtbarhed. Dette kompakte, vandt\u00e6tte og bygget til rigtige redningsscenarier hj\u00e6lper med at sikre, at du bliver set, fundet og bragt hjem \u2013 hurtigt. <\/li>\n<p> \t<\/p>\n<li>Samlet s\u00e6tv\u00e6rdi ved vejledende udsalgspris: 920,96 \u00a3. Spar 170 \u00a3 med dette s\u00e6t! <\/li>\n<\/ul>\n","protected":false},"featured_media":31356,"template":"","meta":{"_acf_changed":false,"om_disable_all_campaigns":false},"product_brand":[],"product_cat":[1197,1679,603],"product_tag":[1680,1695],"class_list":{"0":"post-31905","1":"product","2":"type-product","3":"status-publish","4":"has-post-thumbnail","6":"product_cat-elektronisk-signalering-og-flare-da","7":"product_cat-sikkerhedssaet","8":"product_cat-rescueme-da","9":"product_tag-grab-bag-da","10":"product_tag-sikkerhedssaet-da","12":"first","13":"instock","14":"taxable","15":"shipping-taxable","16":"purchasable","17":"product-type-simple"},"acf":[],"yoast_head":"<!-- This site is optimized with the Yoast SEO Premium plugin v25.2 (Yoast SEO v26.4) - https:\/\/yoast.com\/wordpress\/plugins\/seo\/ -->\n<title>EPIRB2 Sejlsikkerhedss\u00e6t Plus - Ocean Signal<\/title>\n<meta name=\"robots\" content=\"index, follow, max-snippet:-1, max-image-preview:large, max-video-preview:-1\" \/>\n<link rel=\"canonical\" href=\"https:\/\/oceansignal.com\/da\/products\/epirb2-sikkerhedssaet-plus\/\" \/>\n<meta property=\"og:locale\" content=\"da_DK\" \/>\n<meta property=\"og:type\" content=\"article\" \/>\n<meta property=\"og:title\" content=\"EPIRB2 Sejlsikkerhedss\u00e6t Plus\" \/>\n<meta property=\"og:description\" content=\"V\u00e6r klar, n\u00e5r hvert sekund t\u00e6ller, med Ocean Signal EPIRB2 Safety Kit Plus \u2013 en essentiel n\u00f8dl\u00f8sning for sejlere, der bygger deres f\u00f8rste gribepose. Dette s\u00e6t, der er placeret i den robuste, flydende Ocean Signal Grab Bag , indeholder den avancerede EPIRB2 med GPS-positionering, Return Link Service (RLS) til at bekr\u00e6fte, at dit n\u00f8dsignal er modtaget, dobbelte strobelys (synligt og infrar\u00f8dt) og smartphone-diagnostik via NFC. Det kraftfulde EDF2 elektroniske n\u00f8dblus medf\u00f8lger ogs\u00e5, der tilbyder 360\u00b0 synlighed med intense flerfarvede og infrar\u00f8de LED&#039;er \u2013 ideelt til at tiltr\u00e6kke opm\u00e6rksomhed i svagt lys eller d\u00e5rlig sigtbarhed. Dette kompakte, vandt\u00e6tte og bygget til rigtige redningsscenarier hj\u00e6lper med at sikre, at du bliver set, fundet og bragt hjem \u2013 hurtigt.  Samlet s\u00e6tv\u00e6rdi ved vejledende udsalgspris: 920,96 \u00a3. Spar 170 \u00a3 med dette s\u00e6t!\" \/>\n<meta property=\"og:url\" content=\"https:\/\/oceansignal.com\/da\/products\/epirb2-sikkerhedssaet-plus\/\" \/>\n<meta property=\"og:site_name\" content=\"Ocean Signal\" \/>\n<meta property=\"article:modified_time\" content=\"2026-03-12T09:19:54+00:00\" \/>\n<meta property=\"og:image\" content=\"https:\/\/oceansignal.com\/wp-content\/uploads\/2025\/06\/Grab_Bag_EPIRB2_Safety_Kit_Plus-2.jpg\" \/>\n\t<meta property=\"og:image:width\" content=\"911\" \/>\n\t<meta property=\"og:image:height\" content=\"805\" \/>\n\t<meta property=\"og:image:type\" content=\"image\/jpeg\" \/>\n<meta name=\"twitter:card\" content=\"summary_large_image\" \/>\n<meta name=\"twitter:label1\" content=\"Estimeret l\u00e6setid\" \/>\n\t<meta name=\"twitter:data1\" content=\"2 minutter\" \/>\n<script type=\"application\/ld+json\" class=\"yoast-schema-graph\">{\"@context\":\"https:\/\/schema.org\",\"@graph\":[{\"@type\":\"WebPage\",\"@id\":\"https:\/\/oceansignal.com\/da\/products\/epirb2-sikkerhedssaet-plus\/\",\"url\":\"https:\/\/oceansignal.com\/da\/products\/epirb2-sikkerhedssaet-plus\/\",\"name\":\"EPIRB2 Sejlsikkerhedss\u00e6t Plus - Ocean Signal\",\"isPartOf\":{\"@id\":\"https:\/\/oceansignal.com\/da\/#website\"},\"primaryImageOfPage\":{\"@id\":\"https:\/\/oceansignal.com\/da\/products\/epirb2-sikkerhedssaet-plus\/#primaryimage\"},\"image\":{\"@id\":\"https:\/\/oceansignal.com\/da\/products\/epirb2-sikkerhedssaet-plus\/#primaryimage\"},\"thumbnailUrl\":\"https:\/\/oceansignal.com\/wp-content\/uploads\/2025\/06\/Grab_Bag_EPIRB2_Safety_Kit_Plus-2.jpg\",\"datePublished\":\"2025-07-17T08:59:49+00:00\",\"dateModified\":\"2026-03-12T09:19:54+00:00\",\"breadcrumb\":{\"@id\":\"https:\/\/oceansignal.com\/da\/products\/epirb2-sikkerhedssaet-plus\/#breadcrumb\"},\"inLanguage\":\"da-DK\",\"potentialAction\":[{\"@type\":\"ReadAction\",\"target\":[\"https:\/\/oceansignal.com\/da\/products\/epirb2-sikkerhedssaet-plus\/\"]}]},{\"@type\":\"ImageObject\",\"inLanguage\":\"da-DK\",\"@id\":\"https:\/\/oceansignal.com\/da\/products\/epirb2-sikkerhedssaet-plus\/#primaryimage\",\"url\":\"https:\/\/oceansignal.com\/wp-content\/uploads\/2025\/06\/Grab_Bag_EPIRB2_Safety_Kit_Plus-2.jpg\",\"contentUrl\":\"https:\/\/oceansignal.com\/wp-content\/uploads\/2025\/06\/Grab_Bag_EPIRB2_Safety_Kit_Plus-2.jpg\",\"width\":911,\"height\":805,\"caption\":\"Ocean Signal B\u00e5dsikkerhedss\u00e6t nu tilg\u00e6ngeligt\"},{\"@type\":\"BreadcrumbList\",\"@id\":\"https:\/\/oceansignal.com\/da\/products\/epirb2-sikkerhedssaet-plus\/#breadcrumb\",\"itemListElement\":[{\"@type\":\"ListItem\",\"position\":1,\"name\":\"Shop\",\"item\":\"https:\/\/oceansignal.com\/da\/shop\/\"},{\"@type\":\"ListItem\",\"position\":2,\"name\":\"EPIRB2 Sejlsikkerhedss\u00e6t Plus\"}]},{\"@type\":\"WebSite\",\"@id\":\"https:\/\/oceansignal.com\/da\/#website\",\"url\":\"https:\/\/oceansignal.com\/da\/\",\"name\":\"Ocean Signal\",\"description\":\"A leading manufacturer of EPIRBs, AIS, SARTs, Personal Locator Beacons, Man Overboard Beacon for the Marine and Outdoor Markets.\",\"potentialAction\":[{\"@type\":\"SearchAction\",\"target\":{\"@type\":\"EntryPoint\",\"urlTemplate\":\"https:\/\/oceansignal.com\/da\/?s={search_term_string}\"},\"query-input\":{\"@type\":\"PropertyValueSpecification\",\"valueRequired\":true,\"valueName\":\"search_term_string\"}}],\"inLanguage\":\"da-DK\"}]}<\/script>\n<!-- \/ Yoast SEO Premium plugin. -->","yoast_head_json":{"title":"EPIRB2 Sejlsikkerhedss\u00e6t Plus - Ocean Signal","robots":{"index":"index","follow":"follow","max-snippet":"max-snippet:-1","max-image-preview":"max-image-preview:large","max-video-preview":"max-video-preview:-1"},"canonical":"https:\/\/oceansignal.com\/da\/products\/epirb2-sikkerhedssaet-plus\/","og_locale":"da_DK","og_type":"article","og_title":"EPIRB2 Sejlsikkerhedss\u00e6t Plus","og_description":"V\u00e6r klar, n\u00e5r hvert sekund t\u00e6ller, med Ocean Signal EPIRB2 Safety Kit Plus \u2013 en essentiel n\u00f8dl\u00f8sning for sejlere, der bygger deres f\u00f8rste gribepose. Dette s\u00e6t, der er placeret i den robuste, flydende Ocean Signal Grab Bag , indeholder den avancerede EPIRB2 med GPS-positionering, Return Link Service (RLS) til at bekr\u00e6fte, at dit n\u00f8dsignal er modtaget, dobbelte strobelys (synligt og infrar\u00f8dt) og smartphone-diagnostik via NFC. Det kraftfulde EDF2 elektroniske n\u00f8dblus medf\u00f8lger ogs\u00e5, der tilbyder 360\u00b0 synlighed med intense flerfarvede og infrar\u00f8de LED'er \u2013 ideelt til at tiltr\u00e6kke opm\u00e6rksomhed i svagt lys eller d\u00e5rlig sigtbarhed. Dette kompakte, vandt\u00e6tte og bygget til rigtige redningsscenarier hj\u00e6lper med at sikre, at du bliver set, fundet og bragt hjem \u2013 hurtigt.  Samlet s\u00e6tv\u00e6rdi ved vejledende udsalgspris: 920,96 \u00a3. Spar 170 \u00a3 med dette s\u00e6t!","og_url":"https:\/\/oceansignal.com\/da\/products\/epirb2-sikkerhedssaet-plus\/","og_site_name":"Ocean Signal","article_modified_time":"2026-03-12T09:19:54+00:00","og_image":[{"width":911,"height":805,"url":"https:\/\/oceansignal.com\/wp-content\/uploads\/2025\/06\/Grab_Bag_EPIRB2_Safety_Kit_Plus-2.jpg","type":"image\/jpeg"}],"twitter_card":"summary_large_image","twitter_misc":{"Estimeret l\u00e6setid":"2 minutter"},"schema":{"@context":"https:\/\/schema.org","@graph":[{"@type":"WebPage","@id":"https:\/\/oceansignal.com\/da\/products\/epirb2-sikkerhedssaet-plus\/","url":"https:\/\/oceansignal.com\/da\/products\/epirb2-sikkerhedssaet-plus\/","name":"EPIRB2 Sejlsikkerhedss\u00e6t Plus - Ocean Signal","isPartOf":{"@id":"https:\/\/oceansignal.com\/da\/#website"},"primaryImageOfPage":{"@id":"https:\/\/oceansignal.com\/da\/products\/epirb2-sikkerhedssaet-plus\/#primaryimage"},"image":{"@id":"https:\/\/oceansignal.com\/da\/products\/epirb2-sikkerhedssaet-plus\/#primaryimage"},"thumbnailUrl":"https:\/\/oceansignal.com\/wp-content\/uploads\/2025\/06\/Grab_Bag_EPIRB2_Safety_Kit_Plus-2.jpg","datePublished":"2025-07-17T08:59:49+00:00","dateModified":"2026-03-12T09:19:54+00:00","breadcrumb":{"@id":"https:\/\/oceansignal.com\/da\/products\/epirb2-sikkerhedssaet-plus\/#breadcrumb"},"inLanguage":"da-DK","potentialAction":[{"@type":"ReadAction","target":["https:\/\/oceansignal.com\/da\/products\/epirb2-sikkerhedssaet-plus\/"]}]},{"@type":"ImageObject","inLanguage":"da-DK","@id":"https:\/\/oceansignal.com\/da\/products\/epirb2-sikkerhedssaet-plus\/#primaryimage","url":"https:\/\/oceansignal.com\/wp-content\/uploads\/2025\/06\/Grab_Bag_EPIRB2_Safety_Kit_Plus-2.jpg","contentUrl":"https:\/\/oceansignal.com\/wp-content\/uploads\/2025\/06\/Grab_Bag_EPIRB2_Safety_Kit_Plus-2.jpg","width":911,"height":805,"caption":"Ocean Signal B\u00e5dsikkerhedss\u00e6t nu tilg\u00e6ngeligt"},{"@type":"BreadcrumbList","@id":"https:\/\/oceansignal.com\/da\/products\/epirb2-sikkerhedssaet-plus\/#breadcrumb","itemListElement":[{"@type":"ListItem","position":1,"name":"Shop","item":"https:\/\/oceansignal.com\/da\/shop\/"},{"@type":"ListItem","position":2,"name":"EPIRB2 Sejlsikkerhedss\u00e6t Plus"}]},{"@type":"WebSite","@id":"https:\/\/oceansignal.com\/da\/#website","url":"https:\/\/oceansignal.com\/da\/","name":"Ocean Signal","description":"A leading manufacturer of EPIRBs, AIS, SARTs, Personal Locator Beacons, Man Overboard Beacon for the Marine and Outdoor Markets.","potentialAction":[{"@type":"SearchAction","target":{"@type":"EntryPoint","urlTemplate":"https:\/\/oceansignal.com\/da\/?s={search_term_string}"},"query-input":{"@type":"PropertyValueSpecification","valueRequired":true,"valueName":"search_term_string"}}],"inLanguage":"da-DK"}]}},"_links":{"self":[{"href":"https:\/\/oceansignal.com\/da\/wp-json\/wp\/v2\/product\/31905","targetHints":{"allow":["GET"]}}],"collection":[{"href":"https:\/\/oceansignal.com\/da\/wp-json\/wp\/v2\/product"}],"about":[{"href":"https:\/\/oceansignal.com\/da\/wp-json\/wp\/v2\/types\/product"}],"wp:featuredmedia":[{"embeddable":true,"href":"https:\/\/oceansignal.com\/da\/wp-json\/wp\/v2\/media\/31356"}],"wp:attachment":[{"href":"https:\/\/oceansignal.com\/da\/wp-json\/wp\/v2\/media?parent=31905"}],"wp:term":[{"taxonomy":"product_brand","embeddable":true,"href":"https:\/\/oceansignal.com\/da\/wp-json\/wp\/v2\/product_brand?post=31905"},{"taxonomy":"product_cat","embeddable":true,"href":"https:\/\/oceansignal.com\/da\/wp-json\/wp\/v2\/product_cat?post=31905"},{"taxonomy":"product_tag","embeddable":true,"href":"https:\/\/oceansignal.com\/da\/wp-json\/wp\/v2\/product_tag?post=31905"}],"curies":[{"name":"wp","href":"https:\/\/api.w.org\/{rel}","templated":true}]}}