{"id":31918,"date":"2025-06-24T09:51:30","date_gmt":"2025-06-24T09:51:30","guid":{"rendered":"https:\/\/oceansignal.com\/products\/epirb3-ais-sikkerhedssaet-plus\/"},"modified":"2026-02-05T08:50:24","modified_gmt":"2026-02-05T08:50:24","slug":"epirb3-ais-sikkerhedssaet-plus","status":"publish","type":"product","link":"https:\/\/oceansignal.com\/da\/products\/epirb3-ais-sikkerhedssaet-plus\/","title":{"rendered":"EPIRB3 AIS Sejlsikkerhedss\u00e6t Plus"},"content":{"rendered":"<h3 data-start=\"3724\" data-end=\"3772\"><img loading=\"lazy\" decoding=\"async\" class=\"alignnone size-full wp-image-32359\" src=\"https:\/\/oceansignal.com\/wp-content\/uploads\/2025\/07\/View-New-Safety-Kits.png\" alt=\"\" width=\"300\" height=\"75\" srcset=\"https:\/\/oceansignal.com\/wp-content\/uploads\/2025\/07\/View-New-Safety-Kits.png 300w, https:\/\/oceansignal.com\/wp-content\/uploads\/2025\/07\/View-New-Safety-Kits-60x15.png 60w, https:\/\/oceansignal.com\/wp-content\/uploads\/2025\/07\/View-New-Safety-Kits-110x28.png 110w\" sizes=\"auto, (max-width: 300px) 100vw, 300px\" \/><\/h3>\n<h3 class=\"ai-optimize-38\" data-start=\"3724\" data-end=\"3772\"><strong data-start=\"3731\" data-end=\"3772\">Hvorfor v\u00e6lge EPIRB3 AIS-sikkerhedss\u00e6ttet Plus?<\/strong><\/h3>\n<p class=\"ai-optimize-39 ai-optimize-introduction\" data-start=\"3774\" data-end=\"4067\">Til havkapsejladser, offshore-ekspeditioner og international sejlads tilbyder dette s\u00e6t beskyttelse p\u00e5 n\u00e6ste niveau for b\u00e5de fart\u00f8j og bes\u00e6tning. Fra satellitbaserede n\u00f8dalarmer til AIS-aktiveret MOB-redning er det en klar-til-brug-l\u00f8sning, som skippere, leveringskaptajner, offshore-lystfiskere og kapsejladshold verden over har tillid til. <\/p>\n<p class=\"ai-optimize-40\" data-start=\"4069\" data-end=\"4120\"><strong data-start=\"4069\" data-end=\"4120\">Omfattende sikkerhed. P\u00e5lidelig teknologi. Klar til bes\u00e6tningen.  <\/strong><\/p>\n<h3 class=\"ai-optimize-41\" data-start=\"3339\" data-end=\"3362\"><strong data-start=\"3346\" data-end=\"3362\">Perfekt til:<\/strong><\/h3>\n<ul data-start=\"3363\" data-end=\"3636\">\n<li class=\"ai-optimize-42\" data-start=\"3438\" data-end=\"3504\">\n<p class=\"ai-optimize-43\" data-start=\"3440\" data-end=\"3504\">Skippere i l\u00f8b som: Rolex Fastnet, ARC, Sydney-Hobart, RORC offshore-l\u00f8b<\/p>\n<\/li>\n<li class=\"ai-optimize-44\" data-start=\"3438\" data-end=\"3504\">\n<p class=\"ai-optimize-45\" data-start=\"3440\" data-end=\"3504\">Forberedelse af Bluewater-passagen (f.eks. krydsning af Atlanterhavet, etaper i Stillehavet)<\/p>\n<\/li>\n<li class=\"ai-optimize-46\" data-start=\"3505\" data-end=\"3572\">\n<p class=\"ai-optimize-47\" data-start=\"3507\" data-end=\"3572\">Charter- eller leveringsskippere, der udstyrer sm\u00e5 til mellemstore bes\u00e6tninger<\/p>\n<\/li>\n<li class=\"ai-optimize-48\" data-start=\"3573\" data-end=\"3636\">\n<p class=\"ai-optimize-49\" data-start=\"3575\" data-end=\"3636\">B\u00e5dejere, der har brug for et komplet, kompatibelt sikkerhedssystem p\u00e5 bes\u00e6tningsniveau for hele familien og vennerne<\/p>\n<\/li>\n<li class=\"ai-optimize-50\" data-start=\"3573\" data-end=\"3636\">Offshore lystfiskere<\/li>\n<\/ul>\n<h3 class=\"ai-optimize-51\" data-start=\"778\" data-end=\"823\"><strong data-start=\"785\" data-end=\"823\">Hvad er inkluderet, og hvorfor er det vigtigt?<\/strong><\/h3>\n<p class=\"ai-optimize-52\" data-start=\"825\" data-end=\"863\"><strong data-start=\"830\" data-end=\"861\">1 \u00d7<\/strong> <strong data-start=\"830\" data-end=\"861\">Ocean Signal EPIRB3 Pro<\/strong><\/p>\n<p class=\"ai-optimize-53\" data-start=\"825\" data-end=\"863\"><strong data-start=\"830\" data-end=\"861\">Global satellitredning, lokal AIS-synlighed og automatisk udrulning g\u00f8r dette til guldstandarden for seri\u00f8se offshore-skippere.<br \/>\n<\/strong> <em data-start=\"864\" data-end=\"887\">Vejledende udsalgspris: 999,99 \u00a3<\/em><\/p>\n<p data-start=\"825\" data-end=\"863\"><img loading=\"lazy\" decoding=\"async\" class=\"alignnone wp-image-31471 size-medium\" src=\"https:\/\/oceansignal.com\/wp-content\/uploads\/2025\/06\/EPIRB3-PRO-W-BRACKET-FRONT-300-e1752085885886-300x260.png\" alt=\"\" width=\"300\" height=\"260\" srcset=\"https:\/\/oceansignal.com\/wp-content\/uploads\/2025\/06\/EPIRB3-PRO-W-BRACKET-FRONT-300-e1752085885886-300x260.png 300w, https:\/\/oceansignal.com\/wp-content\/uploads\/2025\/06\/EPIRB3-PRO-W-BRACKET-FRONT-300-e1752085885886-60x52.png 60w, https:\/\/oceansignal.com\/wp-content\/uploads\/2025\/06\/EPIRB3-PRO-W-BRACKET-FRONT-300-e1752085885886-110x95.png 110w, https:\/\/oceansignal.com\/wp-content\/uploads\/2025\/06\/EPIRB3-PRO-W-BRACKET-FRONT-300-e1752085885886.png 411w\" sizes=\"auto, (max-width: 300px) 100vw, 300px\" \/><\/p>\n<p class=\"ai-optimize-54\" data-start=\"889\" data-end=\"1008\">Ocean Signals mest avancerede kategori I EPIRB med automatisk udl\u00f8sning fra sit flydefri hus samt integreret:<\/p>\n<ul data-start=\"1010\" data-end=\"1388\">\n<li class=\"ai-optimize-55\" data-start=\"1010\" data-end=\"1069\">\n<p class=\"ai-optimize-56\" data-start=\"1012\" data-end=\"1069\"><strong data-start=\"1012\" data-end=\"1067\">406 MHz satellitn\u00f8dalarmering (Cospas-Sarsat)<\/strong><\/p>\n<\/li>\n<li class=\"ai-optimize-57\" data-start=\"1070\" data-end=\"1118\">\n<p class=\"ai-optimize-58\" data-start=\"1072\" data-end=\"1118\"><strong data-start=\"1072\" data-end=\"1116\">AIS til lokal sporing af n\u00e6rliggende fart\u00f8jer udstyret med AIS-transceivere<\/strong><\/p>\n<\/li>\n<li class=\"ai-optimize-59\" data-start=\"1119\" data-end=\"1196\">\n<p class=\"ai-optimize-60\" data-start=\"1121\" data-end=\"1196\"><strong data-start=\"1121\" data-end=\"1150\">Return Link Service (RLS)<\/strong> <strong>til bekr\u00e6ftelse af, at din SOS er modtaget<\/strong><\/p>\n<\/li>\n<li class=\"ai-optimize-61\" data-start=\"1197\" data-end=\"1225\">\n<p class=\"ai-optimize-62\" data-start=\"1199\" data-end=\"1225\"><strong data-start=\"1199\" data-end=\"1223\">GNSS via GPS\/Galileo<\/strong><\/p>\n<\/li>\n<li class=\"ai-optimize-63\" data-start=\"1226\" data-end=\"1257\">\n<p class=\"ai-optimize-64\" data-start=\"1228\" data-end=\"1257\"><strong data-start=\"1228\" data-end=\"1255\">121,5 MHz m\u00e5ls\u00f8gende signal<\/strong><\/p>\n<\/li>\n<li class=\"ai-optimize-65\" data-start=\"1258\" data-end=\"1296\">\n<p class=\"ai-optimize-66\" data-start=\"1260\" data-end=\"1296\"><strong data-start=\"1260\" data-end=\"1294\">Infrar\u00f8de og hvide strobelys<\/strong><\/p>\n<\/li>\n<li class=\"ai-optimize-67\" data-start=\"1297\" data-end=\"1340\">\n<p class=\"ai-optimize-68\" data-start=\"1299\" data-end=\"1340\"><strong data-start=\"1299\" data-end=\"1338\">Smartphone-ops\u00e6tning via NFC + gratis app<\/strong><\/p>\n<\/li>\n<li class=\"ai-optimize-69\" data-start=\"1341\" data-end=\"1388\">\n<p class=\"ai-optimize-70\" data-start=\"1343\" data-end=\"1388\"><strong data-start=\"1343\" data-end=\"1388\">Opfylder SOLAS &amp; World Sailing OSR standarder<\/strong><\/p>\n<\/li>\n<li class=\"ai-optimize-71\" data-start=\"1341\" data-end=\"1388\"><strong>48+ timers driftslevetid<\/strong><\/li>\n<\/ul>\n<hr data-start=\"1547\" data-end=\"1550\">\n<h4 class=\"ai-optimize-72\" data-start=\"1552\" data-end=\"1610\"><strong data-start=\"1557\" data-end=\"1608\">4 \u00d7 Ocean Signal MOB2 AIS mand-over-bord-beacons<\/strong><\/h4>\n<p class=\"ai-optimize-73\" data-start=\"1611\" data-end=\"1651\">Hvert bes\u00e6tningsmedlem f\u00e5r en personlig AIS-beacon, der \u00f8jeblikkeligt advarer yachten, hvis de g\u00e5r overbord \u2013 kritisk i scenarier med lav sigtbarhed eller om natten. <em data-start=\"1611\" data-end=\"1651\"><br \/>\nVejledende udsalgspris: \u00a31.399,96 (\u00a3349,99 pr. stk.)<\/em><\/p>\n<p data-start=\"1611\" data-end=\"1651\"><img loading=\"lazy\" decoding=\"async\" class=\"alignnone size-medium wp-image-4490\" src=\"https:\/\/oceansignal.com\/wp-content\/uploads\/2024\/07\/MOB2-22-07-24-B.81_Web-300x269.png\" alt=\"Ocean Signal rescueME MOB2 AIS Personal Locator Device Klasse M kompatibel\" width=\"300\" height=\"269\" srcset=\"https:\/\/oceansignal.com\/wp-content\/uploads\/2024\/07\/MOB2-22-07-24-B.81_Web-300x269.png 300w, https:\/\/oceansignal.com\/wp-content\/uploads\/2024\/07\/MOB2-22-07-24-B.81_Web-768x689.png 768w, https:\/\/oceansignal.com\/wp-content\/uploads\/2024\/07\/MOB2-22-07-24-B.81_Web-600x538.png 600w, https:\/\/oceansignal.com\/wp-content\/uploads\/2024\/07\/MOB2-22-07-24-B.81_Web.png 900w\" sizes=\"auto, (max-width: 300px) 100vw, 300px\" \/><\/p>\n<p class=\"ai-optimize-74\" data-start=\"1653\" data-end=\"1855\">AIS-beacons, der klipses p\u00e5 og aktiveres automatisk med de fleste oppustelige redningsveste. Hver is\u00e6r sender GPS-position og n\u00f8dalarm til AIS-udstyrede fart\u00f8jer i n\u00e6rheden (inklusive din egen yacht) p\u00e5 f\u00e5 sekunder. <\/p>\n<ul data-start=\"1857\" data-end=\"2009\">\n<li class=\"ai-optimize-75\" data-start=\"1857\" data-end=\"1888\">\n<p class=\"ai-optimize-76\" data-start=\"1859\" data-end=\"1888\"><strong>Aktiveres automatisk ved oppustning<\/strong><\/p>\n<\/li>\n<li class=\"ai-optimize-77\" data-start=\"1889\" data-end=\"1936\">\n<p class=\"ai-optimize-78\" data-start=\"1891\" data-end=\"1936\"><strong>Sender AIS-n\u00f8dsignal til din plotter\/MFD<\/strong><\/p>\n<\/li>\n<li class=\"ai-optimize-79\" data-start=\"1937\" data-end=\"1964\">\n<p class=\"ai-optimize-80\" data-start=\"1939\" data-end=\"1964\"><strong>Kompakt og nem at montere<\/strong><\/p>\n<\/li>\n<li class=\"ai-optimize-81\" data-start=\"1965\" data-end=\"1988\">\n<p class=\"ai-optimize-82\" data-start=\"1967\" data-end=\"1988\"><strong>5 \u00e5rs batterilevetid<\/strong><\/p>\n<\/li>\n<li class=\"ai-optimize-83\" data-start=\"1989\" data-end=\"2009\">\n<p class=\"ai-optimize-84\" data-start=\"1991\" data-end=\"2009\"><strong>Blinkende LED-lys<\/strong><\/p>\n<\/li>\n<li class=\"ai-optimize-85\" data-start=\"1989\" data-end=\"2009\"><strong>24 timers driftslevetid<\/strong><\/li>\n<\/ul>\n<h4 class=\"ai-optimize-86\" data-start=\"2186\" data-end=\"2244\"><strong data-start=\"2191\" data-end=\"2242\"><br \/>\n1 \u00d7 Ocean Signal EDF2 elektronisk n\u00f8dblus<\/strong><\/h4>\n<p class=\"ai-optimize-87\" data-start=\"2245\" data-end=\"2268\">En fakkel, du kan stole p\u00e5, virker \u2013 uden udl\u00f8bsdatoer, brandrisiko eller problemer med bortskaffelse.<br \/>\n Vejledende udsalgspris: 229,99 \u00a3<\/p>\n<p data-start=\"2245\" data-end=\"2268\"><img loading=\"lazy\" decoding=\"async\" class=\"alignnone size-medium wp-image-12528\" src=\"https:\/\/oceansignal.com\/wp-content\/uploads\/2024\/10\/EDF2-FRONT-300x300.png\" alt=\"\" width=\"300\" height=\"300\"><\/p>\n<p class=\"ai-optimize-88\" data-start=\"2270\" data-end=\"2377\">H\u00f8jintensiv, flerfarvet elektronisk LED-blus. Synlig over 13 km om natten. Genanvendelig og sikrere end pyroteknik.  <\/p>\n<ul data-start=\"2379\" data-end=\"2493\">\n<li class=\"ai-optimize-89\" data-start=\"2379\" data-end=\"2417\">\n<p class=\"ai-optimize-90\" data-start=\"2381\" data-end=\"2417\"><strong>Udsender blinkkarakteristikken for den internationale morsekode til SOS<\/strong><\/p>\n<\/li>\n<li class=\"ai-optimize-91\" data-start=\"2418\" data-end=\"2458\">\n<p class=\"ai-optimize-92\" data-start=\"2420\" data-end=\"2458\"><strong>Flyder og fungerer i 3 timer ved den \u00f8nskede lysintensitet<\/strong><\/p>\n<\/li>\n<li class=\"ai-optimize-93\" data-start=\"2459\" data-end=\"2493\">\n<p class=\"ai-optimize-94\" data-start=\"2461\" data-end=\"2493\"><strong>Genanvendelig, batteridrevet sikkerhed<\/strong><\/p>\n<\/li>\n<li class=\"ai-optimize-95\"><strong>\u2265 180\u00ba lysvinkel ved \u2265 50 cd<\/strong><\/li>\n<\/ul>\n<hr data-start=\"2601\" data-end=\"2604\">\n<h4 class=\"ai-optimize-96\" data-start=\"2606\" data-end=\"2653\"><strong data-start=\"2611\" data-end=\"2651\">4 \u00d7 ACR Signalspejl- og fl\u00f8jtes\u00e6t<\/strong><\/h4>\n<p class=\"ai-optimize-97\" data-start=\"2654\" data-end=\"2690\">Forbedrer hvert bes\u00e6tningsmedlems chance for endelig redning, n\u00e5r hj\u00e6lpen er i n\u00e6rheden.<br \/>\n Vejledende udsalgspris: 43,96 \u00a3 (10,99 \u00a3 pr. stk.)<\/p>\n<p data-start=\"2654\" data-end=\"2690\"><img loading=\"lazy\" decoding=\"async\" class=\"alignnone wp-image-31407 size-medium\" src=\"https:\/\/oceansignal.com\/wp-content\/uploads\/2025\/06\/Grab_Bag_EPIRB1_Kit-e1752085331562-300x131.png\" alt=\"\" width=\"300\" height=\"131\" srcset=\"https:\/\/oceansignal.com\/wp-content\/uploads\/2025\/06\/Grab_Bag_EPIRB1_Kit-e1752085331562-300x131.png 300w, https:\/\/oceansignal.com\/wp-content\/uploads\/2025\/06\/Grab_Bag_EPIRB1_Kit-e1752085331562-60x26.png 60w, https:\/\/oceansignal.com\/wp-content\/uploads\/2025\/06\/Grab_Bag_EPIRB1_Kit-e1752085331562-110x48.png 110w, https:\/\/oceansignal.com\/wp-content\/uploads\/2025\/06\/Grab_Bag_EPIRB1_Kit-e1752085331562.png 344w\" sizes=\"auto, (max-width: 300px) 100vw, 300px\" \/><\/p>\n<p class=\"ai-optimize-98\" data-start=\"2692\" data-end=\"2784\">Visuelle og h\u00f8rbare backupv\u00e6rkt\u00f8jer til alle fire bes\u00e6tningsmedlemmer. Letv\u00e6gts og vedligeholdelsesfri. <\/p>\n<ul>\n<li class=\"ai-optimize-99\" data-start=\"1695\" data-end=\"1734\"><strong>Meget reflekterende kompakt spejl til visuelle signaler i dagslys \u2013 Konstrueret til at reflektere sollys over lange afstande, ideelt til at fange opm\u00e6rksomheden fra passerende skibe eller fly<\/strong><\/li>\n<li class=\"ai-optimize-100\" data-start=\"2817\" data-end=\"2852\">\n<p class=\"ai-optimize-101\" data-start=\"2819\" data-end=\"2852\"><strong>Lydalarmer til efters\u00f8gningsteams<\/strong><\/p>\n<\/li>\n<li class=\"ai-optimize-102\" data-start=\"2853\" data-end=\"2896\">\n<p class=\"ai-optimize-103\" data-start=\"2855\" data-end=\"2896\"><strong>Lille og nem at opbevare i flyteveste, lommer eller din Ocean Signal Grab Bag<\/strong><\/p>\n<\/li>\n<\/ul>\n<hr data-start=\"2992\" data-end=\"2995\">\n<h4 class=\"ai-optimize-104\" data-start=\"2997\" data-end=\"3044\"><strong data-start=\"3002\" data-end=\"3042\">1 \u00d7 Ocean Signal-gribepose<\/strong><\/h4>\n<p class=\"ai-optimize-105\" data-start=\"3045\" data-end=\"3068\"><em data-start=\"3045\" data-end=\"3068\">Din bes\u00e6tnings komplette n\u00f8dberedskabss\u00e6t \u2013 beskyttet, organiseret og klar til brug i \u00e9n slidst\u00e6rk taske.<br \/>\n Vejledende udsalgspris: 129,99 \u00a3<\/em><\/p>\n<p data-start=\"3045\" data-end=\"3068\"><img loading=\"lazy\" decoding=\"async\" class=\"alignnone wp-image-30571 size-medium\" src=\"https:\/\/oceansignal.com\/wp-content\/uploads\/2025\/06\/Ocean-Signal_Grab_Bag-e1752085947135-246x300.png\" alt=\"\" width=\"246\" height=\"300\" srcset=\"https:\/\/oceansignal.com\/wp-content\/uploads\/2025\/06\/Ocean-Signal_Grab_Bag-e1752085947135-246x300.png 246w, https:\/\/oceansignal.com\/wp-content\/uploads\/2025\/06\/Ocean-Signal_Grab_Bag-e1752085947135-841x1024.png 841w, https:\/\/oceansignal.com\/wp-content\/uploads\/2025\/06\/Ocean-Signal_Grab_Bag-e1752085947135-768x935.png 768w, https:\/\/oceansignal.com\/wp-content\/uploads\/2025\/06\/Ocean-Signal_Grab_Bag-e1752085947135-1262x1536.png 1262w, https:\/\/oceansignal.com\/wp-content\/uploads\/2025\/06\/Ocean-Signal_Grab_Bag-e1752085947135-1683x2048.png 1683w, https:\/\/oceansignal.com\/wp-content\/uploads\/2025\/06\/Ocean-Signal_Grab_Bag-e1752085947135-600x730.png 600w, https:\/\/oceansignal.com\/wp-content\/uploads\/2025\/06\/Ocean-Signal_Grab_Bag-e1752085947135-60x73.png 60w, https:\/\/oceansignal.com\/wp-content\/uploads\/2025\/06\/Ocean-Signal_Grab_Bag-e1752085947135-110x134.png 110w\" sizes=\"auto, (max-width: 246px) 100vw, 246px\" \/><\/p>\n<p class=\"ai-optimize-106\" data-start=\"3070\" data-end=\"3118\">Hold alt udstyr t\u00f8rt, synligt og klar til brug.<\/p>\n<ul data-start=\"3120\" data-end=\"3217\">\n<li class=\"ai-optimize-107\" data-start=\"3120\" data-end=\"3143\">\n<p class=\"ai-optimize-108\" data-start=\"3122\" data-end=\"3143\"><strong>Opdrift<\/strong><\/p>\n<\/li>\n<li class=\"ai-optimize-109\" data-start=\"3144\" data-end=\"3192\">\n<p class=\"ai-optimize-110\" data-start=\"3146\" data-end=\"3192\"><strong>Robust, vandt\u00e6t konstruktion i maritim kvalitet<\/strong><\/p>\n<\/li>\n<li class=\"ai-optimize-111\" data-start=\"3193\" data-end=\"3217\">\n<p class=\"ai-optimize-112\" data-start=\"3195\" data-end=\"3217\"><strong>Farve med h\u00f8j synlighed<\/strong><\/p>\n<\/li>\n<\/ul>\n","protected":false},"excerpt":{"rendered":"<p class=\"ai-optimize-35\"><strong data-start=\"323\" data-end=\"362\">Fuld sikkerhed. For seri\u00f8se bes\u00e6tninger.<br \/>\n<\/strong><br data-start=\"362\" data-end=\"365\">EPIRB3 AIS Safety Kit Plus er Ocean Signals ultimative offshore-sikkerhedspakke, der er specialbygget til skippere, der udstyrer deres fart\u00f8jer til hele familien, forbereder sig til havkapsejladser, bl\u00e5vandspassager eller l\u00e6ngerevarende sejladser med sm\u00e5 til mellemstore bes\u00e6tninger. Ved at kombinere vores mest avancerede EPIRB-, AIS MOB-enheder og en komplet pakke af signalv\u00e6rkt\u00f8jer sikrer dette s\u00e6t, at din b\u00e5d og bes\u00e6tning er udstyret til at opfylde de h\u00f8jeste offshore-sikkerhedsstandarder. <\/p>\n<p class=\"ai-optimize-36\">Samlet s\u00e6tv\u00e6rdi ved vejledende udsalgspris: 2803,99 \u00a3. Spar 253,90 \u00a3 med dette s\u00e6t! <\/p>\n","protected":false},"featured_media":31539,"template":"","meta":{"_acf_changed":false,"om_disable_all_campaigns":false},"product_brand":[],"product_cat":[1197,1679,603],"product_tag":[1680,1681],"class_list":{"0":"post-31918","1":"product","2":"type-product","3":"status-publish","4":"has-post-thumbnail","6":"product_cat-elektronisk-signalering-og-flare-da","7":"product_cat-sikkerhedssaet","8":"product_cat-rescueme-da","9":"product_tag-grab-bag-da","10":"product_tag-sikkerhedssaet","12":"first","13":"instock","14":"taxable","15":"shipping-taxable","16":"purchasable","17":"product-type-simple"},"acf":[],"yoast_head":"<!-- This site is optimized with the Yoast SEO Premium plugin v25.2 (Yoast SEO v26.4) - https:\/\/yoast.com\/wordpress\/plugins\/seo\/ -->\n<title>EPIRB3 AIS Sejlsikkerhedss\u00e6t Plus - Ocean Signal<\/title>\n<meta name=\"robots\" content=\"index, follow, max-snippet:-1, max-image-preview:large, max-video-preview:-1\" \/>\n<link rel=\"canonical\" href=\"https:\/\/oceansignal.com\/da\/products\/epirb3-ais-sikkerhedssaet-plus\/\" \/>\n<meta property=\"og:locale\" content=\"da_DK\" \/>\n<meta property=\"og:type\" content=\"article\" \/>\n<meta property=\"og:title\" content=\"EPIRB3 AIS Sejlsikkerhedss\u00e6t Plus\" \/>\n<meta property=\"og:description\" content=\"Fuld sikkerhed. For seri\u00f8se bes\u00e6tninger. EPIRB3 AIS Safety Kit Plus er Ocean Signals ultimative offshore-sikkerhedspakke, der er specialbygget til skippere, der udstyrer deres fart\u00f8jer til hele familien, forbereder sig til havkapsejladser, bl\u00e5vandspassager eller l\u00e6ngerevarende sejladser med sm\u00e5 til mellemstore bes\u00e6tninger. Ved at kombinere vores mest avancerede EPIRB-, AIS MOB-enheder og en komplet pakke af signalv\u00e6rkt\u00f8jer sikrer dette s\u00e6t, at din b\u00e5d og bes\u00e6tning er udstyret til at opfylde de h\u00f8jeste offshore-sikkerhedsstandarder. Samlet s\u00e6tv\u00e6rdi ved vejledende udsalgspris: 2803,99 \u00a3. Spar 253,90 \u00a3 med dette s\u00e6t!\" \/>\n<meta property=\"og:url\" content=\"https:\/\/oceansignal.com\/da\/products\/epirb3-ais-sikkerhedssaet-plus\/\" \/>\n<meta property=\"og:site_name\" content=\"Ocean Signal\" \/>\n<meta property=\"article:modified_time\" content=\"2026-02-05T08:50:24+00:00\" \/>\n<meta property=\"og:image\" content=\"https:\/\/oceansignal.com\/wp-content\/uploads\/2025\/06\/Grab_Bag_EPIRB3_AIS_Kit-1.jpg\" \/>\n\t<meta property=\"og:image:width\" content=\"911\" \/>\n\t<meta property=\"og:image:height\" content=\"805\" \/>\n\t<meta property=\"og:image:type\" content=\"image\/jpeg\" \/>\n<meta name=\"twitter:card\" content=\"summary_large_image\" \/>\n<meta name=\"twitter:label1\" content=\"Estimeret l\u00e6setid\" \/>\n\t<meta name=\"twitter:data1\" content=\"3 minutter\" \/>\n<script type=\"application\/ld+json\" class=\"yoast-schema-graph\">{\"@context\":\"https:\/\/schema.org\",\"@graph\":[{\"@type\":\"WebPage\",\"@id\":\"https:\/\/oceansignal.com\/da\/products\/epirb3-ais-sikkerhedssaet-plus\/\",\"url\":\"https:\/\/oceansignal.com\/da\/products\/epirb3-ais-sikkerhedssaet-plus\/\",\"name\":\"EPIRB3 AIS Sejlsikkerhedss\u00e6t Plus - Ocean Signal\",\"isPartOf\":{\"@id\":\"https:\/\/oceansignal.com\/da\/#website\"},\"primaryImageOfPage\":{\"@id\":\"https:\/\/oceansignal.com\/da\/products\/epirb3-ais-sikkerhedssaet-plus\/#primaryimage\"},\"image\":{\"@id\":\"https:\/\/oceansignal.com\/da\/products\/epirb3-ais-sikkerhedssaet-plus\/#primaryimage\"},\"thumbnailUrl\":\"https:\/\/oceansignal.com\/wp-content\/uploads\/2025\/06\/Grab_Bag_EPIRB3_AIS_Kit-1.jpg\",\"datePublished\":\"2025-06-24T09:51:30+00:00\",\"dateModified\":\"2026-02-05T08:50:24+00:00\",\"breadcrumb\":{\"@id\":\"https:\/\/oceansignal.com\/da\/products\/epirb3-ais-sikkerhedssaet-plus\/#breadcrumb\"},\"inLanguage\":\"da-DK\",\"potentialAction\":[{\"@type\":\"ReadAction\",\"target\":[\"https:\/\/oceansignal.com\/da\/products\/epirb3-ais-sikkerhedssaet-plus\/\"]}]},{\"@type\":\"ImageObject\",\"inLanguage\":\"da-DK\",\"@id\":\"https:\/\/oceansignal.com\/da\/products\/epirb3-ais-sikkerhedssaet-plus\/#primaryimage\",\"url\":\"https:\/\/oceansignal.com\/wp-content\/uploads\/2025\/06\/Grab_Bag_EPIRB3_AIS_Kit-1.jpg\",\"contentUrl\":\"https:\/\/oceansignal.com\/wp-content\/uploads\/2025\/06\/Grab_Bag_EPIRB3_AIS_Kit-1.jpg\",\"width\":911,\"height\":805},{\"@type\":\"BreadcrumbList\",\"@id\":\"https:\/\/oceansignal.com\/da\/products\/epirb3-ais-sikkerhedssaet-plus\/#breadcrumb\",\"itemListElement\":[{\"@type\":\"ListItem\",\"position\":1,\"name\":\"Shop\",\"item\":\"https:\/\/oceansignal.com\/da\/shop\/\"},{\"@type\":\"ListItem\",\"position\":2,\"name\":\"EPIRB3 AIS Sejlsikkerhedss\u00e6t Plus\"}]},{\"@type\":\"WebSite\",\"@id\":\"https:\/\/oceansignal.com\/da\/#website\",\"url\":\"https:\/\/oceansignal.com\/da\/\",\"name\":\"Ocean Signal\",\"description\":\"A leading manufacturer of EPIRBs, AIS, SARTs, Personal Locator Beacons, Man Overboard Beacon for the Marine and Outdoor Markets.\",\"potentialAction\":[{\"@type\":\"SearchAction\",\"target\":{\"@type\":\"EntryPoint\",\"urlTemplate\":\"https:\/\/oceansignal.com\/da\/?s={search_term_string}\"},\"query-input\":{\"@type\":\"PropertyValueSpecification\",\"valueRequired\":true,\"valueName\":\"search_term_string\"}}],\"inLanguage\":\"da-DK\"}]}<\/script>\n<!-- \/ Yoast SEO Premium plugin. -->","yoast_head_json":{"title":"EPIRB3 AIS Sejlsikkerhedss\u00e6t Plus - Ocean Signal","robots":{"index":"index","follow":"follow","max-snippet":"max-snippet:-1","max-image-preview":"max-image-preview:large","max-video-preview":"max-video-preview:-1"},"canonical":"https:\/\/oceansignal.com\/da\/products\/epirb3-ais-sikkerhedssaet-plus\/","og_locale":"da_DK","og_type":"article","og_title":"EPIRB3 AIS Sejlsikkerhedss\u00e6t Plus","og_description":"Fuld sikkerhed. For seri\u00f8se bes\u00e6tninger. EPIRB3 AIS Safety Kit Plus er Ocean Signals ultimative offshore-sikkerhedspakke, der er specialbygget til skippere, der udstyrer deres fart\u00f8jer til hele familien, forbereder sig til havkapsejladser, bl\u00e5vandspassager eller l\u00e6ngerevarende sejladser med sm\u00e5 til mellemstore bes\u00e6tninger. Ved at kombinere vores mest avancerede EPIRB-, AIS MOB-enheder og en komplet pakke af signalv\u00e6rkt\u00f8jer sikrer dette s\u00e6t, at din b\u00e5d og bes\u00e6tning er udstyret til at opfylde de h\u00f8jeste offshore-sikkerhedsstandarder. Samlet s\u00e6tv\u00e6rdi ved vejledende udsalgspris: 2803,99 \u00a3. Spar 253,90 \u00a3 med dette s\u00e6t!","og_url":"https:\/\/oceansignal.com\/da\/products\/epirb3-ais-sikkerhedssaet-plus\/","og_site_name":"Ocean Signal","article_modified_time":"2026-02-05T08:50:24+00:00","og_image":[{"width":911,"height":805,"url":"https:\/\/oceansignal.com\/wp-content\/uploads\/2025\/06\/Grab_Bag_EPIRB3_AIS_Kit-1.jpg","type":"image\/jpeg"}],"twitter_card":"summary_large_image","twitter_misc":{"Estimeret l\u00e6setid":"3 minutter"},"schema":{"@context":"https:\/\/schema.org","@graph":[{"@type":"WebPage","@id":"https:\/\/oceansignal.com\/da\/products\/epirb3-ais-sikkerhedssaet-plus\/","url":"https:\/\/oceansignal.com\/da\/products\/epirb3-ais-sikkerhedssaet-plus\/","name":"EPIRB3 AIS Sejlsikkerhedss\u00e6t Plus - Ocean Signal","isPartOf":{"@id":"https:\/\/oceansignal.com\/da\/#website"},"primaryImageOfPage":{"@id":"https:\/\/oceansignal.com\/da\/products\/epirb3-ais-sikkerhedssaet-plus\/#primaryimage"},"image":{"@id":"https:\/\/oceansignal.com\/da\/products\/epirb3-ais-sikkerhedssaet-plus\/#primaryimage"},"thumbnailUrl":"https:\/\/oceansignal.com\/wp-content\/uploads\/2025\/06\/Grab_Bag_EPIRB3_AIS_Kit-1.jpg","datePublished":"2025-06-24T09:51:30+00:00","dateModified":"2026-02-05T08:50:24+00:00","breadcrumb":{"@id":"https:\/\/oceansignal.com\/da\/products\/epirb3-ais-sikkerhedssaet-plus\/#breadcrumb"},"inLanguage":"da-DK","potentialAction":[{"@type":"ReadAction","target":["https:\/\/oceansignal.com\/da\/products\/epirb3-ais-sikkerhedssaet-plus\/"]}]},{"@type":"ImageObject","inLanguage":"da-DK","@id":"https:\/\/oceansignal.com\/da\/products\/epirb3-ais-sikkerhedssaet-plus\/#primaryimage","url":"https:\/\/oceansignal.com\/wp-content\/uploads\/2025\/06\/Grab_Bag_EPIRB3_AIS_Kit-1.jpg","contentUrl":"https:\/\/oceansignal.com\/wp-content\/uploads\/2025\/06\/Grab_Bag_EPIRB3_AIS_Kit-1.jpg","width":911,"height":805},{"@type":"BreadcrumbList","@id":"https:\/\/oceansignal.com\/da\/products\/epirb3-ais-sikkerhedssaet-plus\/#breadcrumb","itemListElement":[{"@type":"ListItem","position":1,"name":"Shop","item":"https:\/\/oceansignal.com\/da\/shop\/"},{"@type":"ListItem","position":2,"name":"EPIRB3 AIS Sejlsikkerhedss\u00e6t Plus"}]},{"@type":"WebSite","@id":"https:\/\/oceansignal.com\/da\/#website","url":"https:\/\/oceansignal.com\/da\/","name":"Ocean Signal","description":"A leading manufacturer of EPIRBs, AIS, SARTs, Personal Locator Beacons, Man Overboard Beacon for the Marine and Outdoor Markets.","potentialAction":[{"@type":"SearchAction","target":{"@type":"EntryPoint","urlTemplate":"https:\/\/oceansignal.com\/da\/?s={search_term_string}"},"query-input":{"@type":"PropertyValueSpecification","valueRequired":true,"valueName":"search_term_string"}}],"inLanguage":"da-DK"}]}},"_links":{"self":[{"href":"https:\/\/oceansignal.com\/da\/wp-json\/wp\/v2\/product\/31918","targetHints":{"allow":["GET"]}}],"collection":[{"href":"https:\/\/oceansignal.com\/da\/wp-json\/wp\/v2\/product"}],"about":[{"href":"https:\/\/oceansignal.com\/da\/wp-json\/wp\/v2\/types\/product"}],"wp:featuredmedia":[{"embeddable":true,"href":"https:\/\/oceansignal.com\/da\/wp-json\/wp\/v2\/media\/31539"}],"wp:attachment":[{"href":"https:\/\/oceansignal.com\/da\/wp-json\/wp\/v2\/media?parent=31918"}],"wp:term":[{"taxonomy":"product_brand","embeddable":true,"href":"https:\/\/oceansignal.com\/da\/wp-json\/wp\/v2\/product_brand?post=31918"},{"taxonomy":"product_cat","embeddable":true,"href":"https:\/\/oceansignal.com\/da\/wp-json\/wp\/v2\/product_cat?post=31918"},{"taxonomy":"product_tag","embeddable":true,"href":"https:\/\/oceansignal.com\/da\/wp-json\/wp\/v2\/product_tag?post=31918"}],"curies":[{"name":"wp","href":"https:\/\/api.w.org\/{rel}","templated":true}]}}