{"id":31932,"date":"2025-06-24T09:48:12","date_gmt":"2025-06-24T09:48:12","guid":{"rendered":"https:\/\/oceansignal.com\/products\/epirb3-sikkerhedssaet\/"},"modified":"2026-03-26T15:13:31","modified_gmt":"2026-03-26T15:13:31","slug":"epirb3-sikkerhedssaet","status":"publish","type":"product","link":"https:\/\/oceansignal.com\/da\/products\/epirb3-sikkerhedssaet\/","title":{"rendered":"EPIRB3 Sejlsikkerhedss\u00e6t"},"content":{"rendered":"<h3 class=\"ai-optimize-42\" data-start=\"3285\" data-end=\"3337\"><strong data-start=\"3292\" data-end=\"3337\"><img loading=\"lazy\" decoding=\"async\" class=\"alignnone size-full wp-image-32359\" src=\"https:\/\/oceansignal.com\/wp-content\/uploads\/2025\/07\/View-New-Safety-Kits.png\" alt=\"\" width=\"300\" height=\"75\" srcset=\"https:\/\/oceansignal.com\/wp-content\/uploads\/2025\/07\/View-New-Safety-Kits.png 300w, https:\/\/oceansignal.com\/wp-content\/uploads\/2025\/07\/View-New-Safety-Kits-60x15.png 60w, https:\/\/oceansignal.com\/wp-content\/uploads\/2025\/07\/View-New-Safety-Kits-110x28.png 110w\" sizes=\"auto, (max-width: 300px) 100vw, 300px\" \/><\/strong><\/h3>\n<h3 class=\"ai-optimize-43\" data-start=\"2673\" data-end=\"2727\"><strong data-start=\"2680\" data-end=\"2727\">Hvorfor v\u00e6lge EPIRB3-s\u00e6ttet?<\/strong><\/h3>\n<p class=\"ai-optimize-44 ai-optimize-introduction\" data-start=\"2729\" data-end=\"3018\">EPIRB3-kittet er den mest avancerede pakke til begyndere, du kan f\u00e5. Med verdensf\u00f8rende EPIRB-teknologi, intuitiv smartphone-ops\u00e6tning og lokal + global synlighed i redningsarbejde er det perfekt til alle, der \u00f8nsker ro i sindet, overholdelse af regler og moderne funktioner indbygget fra starten. <\/p>\n<p class=\"ai-optimize-45\" data-start=\"3020\" data-end=\"3075\">Din bedste start inden for offshore-sikkerhed. Ingen kompromiser. <\/p>\n<h3 class=\"ai-optimize-46\" data-start=\"2313\" data-end=\"2334\"><strong data-start=\"2320\" data-end=\"2334\">Ideel til:<\/strong><\/h3>\n<ul data-start=\"2335\" data-end=\"2600\">\n<li class=\"ai-optimize-47\" data-start=\"2335\" data-end=\"2389\">\n<p class=\"ai-optimize-48\" data-start=\"2337\" data-end=\"2389\">Offshore-sejlere, yacht-ejere og oceankrydsere<\/p>\n<\/li>\n<li class=\"ai-optimize-49\" data-start=\"2390\" data-end=\"2456\">\n<p class=\"ai-optimize-50\" data-start=\"2392\" data-end=\"2456\">Bes\u00e6tninger, der forbereder sig til offshore-l\u00f8b i kategori 1 eller bl\u00e5vandspassager<\/p>\n<\/li>\n<li class=\"ai-optimize-51\" data-start=\"2457\" data-end=\"2532\">\n<p class=\"ai-optimize-52\" data-start=\"2459\" data-end=\"2532\">Sikkerhedsbevidste skippere s\u00f8ger EPIRB-teknologi i topklasse<\/p>\n<\/li>\n<li class=\"ai-optimize-53\" data-start=\"2533\" data-end=\"2600\">\n<p class=\"ai-optimize-54\" data-start=\"2535\" data-end=\"2600\">S\u00f8m\u00e6nd udskifter \u00e6ldre n\u00f8dberedskabsbl\u00e6sere med moderne, regulativt udstyr<\/p>\n<\/li>\n<\/ul>\n<h3 class=\"ai-optimize-55\" data-start=\"673\" data-end=\"726\"><strong data-start=\"680\" data-end=\"726\">Hvad er inkluderet, og hvordan underst\u00f8tter det redning?<\/strong><\/h3>\n<h4 class=\"ai-optimize-56\" data-start=\"728\" data-end=\"762\"><strong data-start=\"733\" data-end=\"760\">1 \u00d7 Ocean Signal EPIRB3<\/strong><\/h4>\n<p class=\"ai-optimize-57\" data-start=\"763\" data-end=\"786\">Kan ses lokalt (fart\u00f8jer med AIS-transceivere) og globalt (406 MHz-besked leveret til efters\u00f8gning og redning), spores pr\u00e6cist (AIS) og beroliges med bekr\u00e6ftelse i realtid (RLS) \u2013 alt sammen i \u00e9n enhed.<br \/>\n Detailv\u00e6rdi: 840,95 \u00a3<\/p>\n<p data-start=\"763\" data-end=\"786\"><img loading=\"lazy\" decoding=\"async\" class=\"alignnone size-medium wp-image-2147\" src=\"https:\/\/oceansignal.com\/wp-content\/uploads\/2024\/03\/EPIRB3-Front-300-RLS-on-1-300x300.png\" alt=\"Ocean Signal EPIRB3 med bl\u00e5 Return Link Service-lampe t\u00e6ndt.\" width=\"300\" height=\"300\" srcset=\"https:\/\/oceansignal.com\/wp-content\/uploads\/2024\/03\/EPIRB3-Front-300-RLS-on-1-300x300.png 300w, https:\/\/oceansignal.com\/wp-content\/uploads\/2024\/03\/EPIRB3-Front-300-RLS-on-1-150x150.png 150w, https:\/\/oceansignal.com\/wp-content\/uploads\/2024\/03\/EPIRB3-Front-300-RLS-on-1-100x100.png 100w, https:\/\/oceansignal.com\/wp-content\/uploads\/2024\/03\/EPIRB3-Front-300-RLS-on-1.png 411w\" sizes=\"auto, (max-width: 300px) 100vw, 300px\" \/><\/p>\n<p class=\"ai-optimize-58\" data-start=\"788\" data-end=\"915\">Ocean Signals flagskibs-EPIRB, bygget til at opfylde de nyeste internationale standarder og fyldt med livreddende funktioner, herunder:<\/p>\n<ul data-start=\"917\" data-end=\"1359\">\n<li class=\"ai-optimize-59\" data-start=\"917\" data-end=\"965\">\n<p class=\"ai-optimize-60\" data-start=\"919\" data-end=\"965\"><strong>406 MHz Cospas-Sarsat satellitalarmering<\/strong><\/p>\n<\/li>\n<li class=\"ai-optimize-61\" data-start=\"966\" data-end=\"1014\">\n<p class=\"ai-optimize-62\" data-start=\"968\" data-end=\"1014\"><strong>AIS-udsendelse til n\u00e6rliggende fart\u00f8jer med AIS-transceivere<\/strong><\/p>\n<\/li>\n<li class=\"ai-optimize-63\" data-start=\"1015\" data-end=\"1097\">\n<p class=\"ai-optimize-64\" data-start=\"1017\" data-end=\"1097\"><strong>Return Link Service (RLS): bekr\u00e6fter, at dit n\u00f8dsignal er modtaget<\/strong><\/p>\n<\/li>\n<li class=\"ai-optimize-65\" data-start=\"1098\" data-end=\"1148\">\n<p class=\"ai-optimize-66\" data-start=\"1100\" data-end=\"1148\"><strong>GNSS (GPS + Galileo) for pr\u00e6cision<\/strong><\/p>\n<\/li>\n<li class=\"ai-optimize-67\" data-start=\"1149\" data-end=\"1186\">\n<p class=\"ai-optimize-68\" data-start=\"1151\" data-end=\"1186\"><strong>121,5 MHz lokalt m\u00e5ls\u00f8gende signal<\/strong><\/p>\n<\/li>\n<li class=\"ai-optimize-69\" data-start=\"1187\" data-end=\"1239\">\n<p class=\"ai-optimize-70\" data-start=\"1189\" data-end=\"1239\"><strong>Synlige + infrar\u00f8de blitzlys til visuel detektion i svagt lys<\/strong><\/p>\n<\/li>\n<li class=\"ai-optimize-71\" data-start=\"1240\" data-end=\"1299\">\n<p class=\"ai-optimize-72\" data-start=\"1242\" data-end=\"1299\"><strong>NFC-smartphoneops\u00e6tning med den gratis Ocean Signal-app<\/strong><\/p>\n<\/li>\n<li class=\"ai-optimize-73\" data-start=\"1300\" data-end=\"1359\">\n<p class=\"ai-optimize-74\" data-start=\"1302\" data-end=\"1359\"><strong>Manuel beslag (Kat. II) til fleksibel montering<\/strong><\/p>\n<\/li>\n<\/ul>\n<hr data-start=\"1511\" data-end=\"1514\">\n<h4 class=\"ai-optimize-75\" data-start=\"1516\" data-end=\"1558\"><strong data-start=\"1521\" data-end=\"1556\">1 \u00d7 ACR Signalspejl og fl\u00f8jte<\/strong><\/h4>\n<p class=\"ai-optimize-76\" data-start=\"1559\" data-end=\"1581\">Ideel n\u00e5r SAR-hold er i n\u00e6rheden, og du har brug for at tiltr\u00e6kke deres opm\u00e6rksomhed hurtigt og tydeligt.<br \/>\n Detailv\u00e6rdi: 10,99 \u00a3<\/p>\n<p data-start=\"1559\" data-end=\"1581\"><img loading=\"lazy\" decoding=\"async\" class=\"alignnone wp-image-31407 size-medium\" src=\"https:\/\/oceansignal.com\/wp-content\/uploads\/2025\/06\/Grab_Bag_EPIRB1_Kit-e1752085331562-300x131.png\" alt=\"\" width=\"300\" height=\"131\" srcset=\"https:\/\/oceansignal.com\/wp-content\/uploads\/2025\/06\/Grab_Bag_EPIRB1_Kit-e1752085331562-300x131.png 300w, https:\/\/oceansignal.com\/wp-content\/uploads\/2025\/06\/Grab_Bag_EPIRB1_Kit-e1752085331562-60x26.png 60w, https:\/\/oceansignal.com\/wp-content\/uploads\/2025\/06\/Grab_Bag_EPIRB1_Kit-e1752085331562-110x48.png 110w, https:\/\/oceansignal.com\/wp-content\/uploads\/2025\/06\/Grab_Bag_EPIRB1_Kit-e1752085331562.png 344w\" sizes=\"auto, (max-width: 300px) 100vw, 300px\" \/><\/p>\n<p class=\"ai-optimize-77\" data-start=\"1583\" data-end=\"1691\">Disse vedligeholdelsesfrie v\u00e6rkt\u00f8jer tilf\u00f8jer v\u00e6rdifuld ekstra synlighed og lydsignalering i de sidste faser af redningsaktionen.<\/p>\n<ul data-start=\"1693\" data-end=\"1791\">\n<li class=\"ai-optimize-78\" data-start=\"1693\" data-end=\"1734\">\n<p class=\"ai-optimize-79\" data-start=\"1695\" data-end=\"1734\"><strong>Meget reflekterende kompakt spejl til visuelle signaler i dagslys &#8211; Konstrueret til at reflektere sollys over store afstande, ideelt til at fange opm\u00e6rksomheden fra passerende skibe eller fly<\/strong><\/p>\n<\/li>\n<li class=\"ai-optimize-80\" data-start=\"1735\" data-end=\"1791\">\n<p class=\"ai-optimize-81\" data-start=\"1737\" data-end=\"1791\"><strong>H\u00f8j, lydl\u00f8s fl\u00f8jten tiltr\u00e6kker opm\u00e6rksomhed p\u00e5 t\u00e6t hold<\/strong><\/p>\n<\/li>\n<\/ul>\n<hr data-start=\"1909\" data-end=\"1912\">\n<h4 class=\"ai-optimize-82\" data-start=\"1914\" data-end=\"1961\"><strong data-start=\"1919\" data-end=\"1959\">1 \u00d7 Ocean Signal vandt\u00e6t gribepose<\/strong><\/h4>\n<p class=\"ai-optimize-83\" data-start=\"1962\" data-end=\"1985\"><em data-start=\"1962\" data-end=\"1985\">N\u00e5r hvert sekund t\u00e6ller, er det afg\u00f8rende at have alt p\u00e5 \u00e9t t\u00f8rt og synligt sted.<br \/>\n Vejledende udsalgspris: 129,99 \u00a3<\/em><\/p>\n<p data-start=\"1962\" data-end=\"1985\"><img loading=\"lazy\" decoding=\"async\" class=\"alignnone wp-image-31488 size-medium\" src=\"https:\/\/oceansignal.com\/wp-content\/uploads\/2025\/06\/Grab_Bag-1-241x300.webp\" alt=\"\" width=\"241\" height=\"300\" srcset=\"https:\/\/oceansignal.com\/wp-content\/uploads\/2025\/06\/Grab_Bag-1-241x300.webp 241w, https:\/\/oceansignal.com\/wp-content\/uploads\/2025\/06\/Grab_Bag-1-60x75.webp 60w, https:\/\/oceansignal.com\/wp-content\/uploads\/2025\/06\/Grab_Bag-1-110x137.webp 110w, https:\/\/oceansignal.com\/wp-content\/uploads\/2025\/06\/Grab_Bag-1.webp 489w\" sizes=\"auto, (max-width: 241px) 100vw, 241px\" \/><\/p>\n<p class=\"ai-optimize-84\" data-start=\"1987\" data-end=\"2079\">Denne robuste, flydende taske holder dit vigtigste udstyr sammen \u2013 t\u00f8rt, beskyttet og klar til brug.<\/p>\n<ul data-start=\"2081\" data-end=\"2190\">\n<li class=\"ai-optimize-85\" data-start=\"2081\" data-end=\"2107\">\n<p class=\"ai-optimize-86\" data-start=\"2083\" data-end=\"2107\"><strong>Farve med h\u00f8j synlighed<\/strong><\/p>\n<\/li>\n<li class=\"ai-optimize-87\" data-start=\"2108\" data-end=\"2131\">\n<p class=\"ai-optimize-88\" data-start=\"2110\" data-end=\"2131\"><strong>Opdrift<\/strong><\/p>\n<\/li>\n<li class=\"ai-optimize-89\" data-start=\"2132\" data-end=\"2190\">\n<p class=\"ai-optimize-90\" data-start=\"2134\" data-end=\"2190\"><strong>Ideel st\u00f8rrelse til EPIRB, eventuelt ekstra sikkerhedsudstyr og vigtige dokumenter<\/strong><\/p>\n<\/li>\n<\/ul>\n","protected":false},"excerpt":{"rendered":"<ul>\n<li class=\"ai-optimize-38\">EPIRB3-kittet er en alt-i-en sikkerhedsl\u00f8sning i topklasse, designet til sejlere, der \u00f8nsker de mest avancerede EPIRB-funktioner \u2013 lige fra starten.<\/li>\n<li class=\"ai-optimize-39\">Med AIS, Return Link Service, GNSS-positionering og global Cospas-Sarsat-alarmering giver EPIRB3 solosejlere og bes\u00e6tningssejlere et fremtidssikret sikkerhedssystem fra dag \u00e9t.<\/li>\n<li class=\"ai-optimize-40\">Den medf\u00f8lgende gribepose sikrer, at du har en meget synlig og flydende opbevaringsl\u00f8sning til din EPIRB3, signalspejl og fl\u00f8jte, der er inkluderet i s\u00e6ttet.<\/li>\n<\/ul>\n<p class=\"ai-optimize-41\">Samlet s\u00e6tv\u00e6rdi ved vejledende udsalgspris: 990,97 \u00a3. Spar 129,98 \u00a3 med dette s\u00e6t! <\/p>\n","protected":false},"featured_media":31571,"template":"","meta":{"_acf_changed":false,"om_disable_all_campaigns":false},"product_brand":[],"product_cat":[1679,603],"product_tag":[739,742,1680,1695],"class_list":{"0":"post-31932","1":"product","2":"type-product","3":"status-publish","4":"has-post-thumbnail","6":"product_cat-sikkerhedssaet","7":"product_cat-rescueme-da","8":"product_tag-epirb-da","9":"product_tag-epirb3-da","10":"product_tag-grab-bag-da","11":"product_tag-sikkerhedssaet-da","13":"first","14":"instock","15":"taxable","16":"shipping-taxable","17":"purchasable","18":"product-type-simple"},"acf":[],"yoast_head":"<!-- This site is optimized with the Yoast SEO Premium plugin v25.2 (Yoast SEO v26.4) - https:\/\/yoast.com\/wordpress\/plugins\/seo\/ -->\n<title>EPIRB3 Sejlsikkerhedss\u00e6t - Ocean Signal<\/title>\n<meta name=\"robots\" content=\"index, follow, max-snippet:-1, max-image-preview:large, max-video-preview:-1\" \/>\n<link rel=\"canonical\" href=\"https:\/\/oceansignal.com\/da\/products\/epirb3-sikkerhedssaet\/\" \/>\n<meta property=\"og:locale\" content=\"da_DK\" \/>\n<meta property=\"og:type\" content=\"article\" \/>\n<meta property=\"og:title\" content=\"EPIRB3 Sejlsikkerhedss\u00e6t\" \/>\n<meta property=\"og:description\" content=\"EPIRB3-kittet er en alt-i-en sikkerhedsl\u00f8sning i topklasse, designet til sejlere, der \u00f8nsker de mest avancerede EPIRB-funktioner \u2013 lige fra starten.  Med AIS, Return Link Service, GNSS-positionering og global Cospas-Sarsat-alarmering giver EPIRB3 solosejlere og bes\u00e6tningssejlere et fremtidssikret sikkerhedssystem fra dag \u00e9t.  Den medf\u00f8lgende gribepose sikrer, at du har en meget synlig og flydende opbevaringsl\u00f8sning til din EPIRB3, signalspejl og fl\u00f8jte, der er inkluderet i s\u00e6ttet. Samlet s\u00e6tv\u00e6rdi ved vejledende udsalgspris: 990,97 \u00a3. Spar 129,98 \u00a3 med dette s\u00e6t!\" \/>\n<meta property=\"og:url\" content=\"https:\/\/oceansignal.com\/da\/products\/epirb3-sikkerhedssaet\/\" \/>\n<meta property=\"og:site_name\" content=\"Ocean Signal\" \/>\n<meta property=\"article:modified_time\" content=\"2026-03-26T15:13:31+00:00\" \/>\n<meta property=\"og:image\" content=\"https:\/\/oceansignal.com\/wp-content\/uploads\/2025\/06\/Grab_Bag_EPIRB3_Kit-1.jpg\" \/>\n\t<meta property=\"og:image:width\" content=\"911\" \/>\n\t<meta property=\"og:image:height\" content=\"805\" \/>\n\t<meta property=\"og:image:type\" content=\"image\/jpeg\" \/>\n<meta name=\"twitter:card\" content=\"summary_large_image\" \/>\n<meta name=\"twitter:label1\" content=\"Estimeret l\u00e6setid\" \/>\n\t<meta name=\"twitter:data1\" content=\"2 minutter\" \/>\n<script type=\"application\/ld+json\" class=\"yoast-schema-graph\">{\"@context\":\"https:\/\/schema.org\",\"@graph\":[{\"@type\":\"WebPage\",\"@id\":\"https:\/\/oceansignal.com\/da\/products\/epirb3-sikkerhedssaet\/\",\"url\":\"https:\/\/oceansignal.com\/da\/products\/epirb3-sikkerhedssaet\/\",\"name\":\"EPIRB3 Sejlsikkerhedss\u00e6t - Ocean Signal\",\"isPartOf\":{\"@id\":\"https:\/\/oceansignal.com\/da\/#website\"},\"primaryImageOfPage\":{\"@id\":\"https:\/\/oceansignal.com\/da\/products\/epirb3-sikkerhedssaet\/#primaryimage\"},\"image\":{\"@id\":\"https:\/\/oceansignal.com\/da\/products\/epirb3-sikkerhedssaet\/#primaryimage\"},\"thumbnailUrl\":\"https:\/\/oceansignal.com\/wp-content\/uploads\/2025\/06\/Grab_Bag_EPIRB3_Kit-1.jpg\",\"datePublished\":\"2025-06-24T09:48:12+00:00\",\"dateModified\":\"2026-03-26T15:13:31+00:00\",\"breadcrumb\":{\"@id\":\"https:\/\/oceansignal.com\/da\/products\/epirb3-sikkerhedssaet\/#breadcrumb\"},\"inLanguage\":\"da-DK\",\"potentialAction\":[{\"@type\":\"ReadAction\",\"target\":[\"https:\/\/oceansignal.com\/da\/products\/epirb3-sikkerhedssaet\/\"]}]},{\"@type\":\"ImageObject\",\"inLanguage\":\"da-DK\",\"@id\":\"https:\/\/oceansignal.com\/da\/products\/epirb3-sikkerhedssaet\/#primaryimage\",\"url\":\"https:\/\/oceansignal.com\/wp-content\/uploads\/2025\/06\/Grab_Bag_EPIRB3_Kit-1.jpg\",\"contentUrl\":\"https:\/\/oceansignal.com\/wp-content\/uploads\/2025\/06\/Grab_Bag_EPIRB3_Kit-1.jpg\",\"width\":911,\"height\":805},{\"@type\":\"BreadcrumbList\",\"@id\":\"https:\/\/oceansignal.com\/da\/products\/epirb3-sikkerhedssaet\/#breadcrumb\",\"itemListElement\":[{\"@type\":\"ListItem\",\"position\":1,\"name\":\"Shop\",\"item\":\"https:\/\/oceansignal.com\/da\/shop\/\"},{\"@type\":\"ListItem\",\"position\":2,\"name\":\"EPIRB3 Sejlsikkerhedss\u00e6t\"}]},{\"@type\":\"WebSite\",\"@id\":\"https:\/\/oceansignal.com\/da\/#website\",\"url\":\"https:\/\/oceansignal.com\/da\/\",\"name\":\"Ocean Signal\",\"description\":\"A leading manufacturer of EPIRBs, AIS, SARTs, Personal Locator Beacons, Man Overboard Beacon for the Marine and Outdoor Markets.\",\"potentialAction\":[{\"@type\":\"SearchAction\",\"target\":{\"@type\":\"EntryPoint\",\"urlTemplate\":\"https:\/\/oceansignal.com\/da\/?s={search_term_string}\"},\"query-input\":{\"@type\":\"PropertyValueSpecification\",\"valueRequired\":true,\"valueName\":\"search_term_string\"}}],\"inLanguage\":\"da-DK\"}]}<\/script>\n<!-- \/ Yoast SEO Premium plugin. -->","yoast_head_json":{"title":"EPIRB3 Sejlsikkerhedss\u00e6t - Ocean Signal","robots":{"index":"index","follow":"follow","max-snippet":"max-snippet:-1","max-image-preview":"max-image-preview:large","max-video-preview":"max-video-preview:-1"},"canonical":"https:\/\/oceansignal.com\/da\/products\/epirb3-sikkerhedssaet\/","og_locale":"da_DK","og_type":"article","og_title":"EPIRB3 Sejlsikkerhedss\u00e6t","og_description":"EPIRB3-kittet er en alt-i-en sikkerhedsl\u00f8sning i topklasse, designet til sejlere, der \u00f8nsker de mest avancerede EPIRB-funktioner \u2013 lige fra starten.  Med AIS, Return Link Service, GNSS-positionering og global Cospas-Sarsat-alarmering giver EPIRB3 solosejlere og bes\u00e6tningssejlere et fremtidssikret sikkerhedssystem fra dag \u00e9t.  Den medf\u00f8lgende gribepose sikrer, at du har en meget synlig og flydende opbevaringsl\u00f8sning til din EPIRB3, signalspejl og fl\u00f8jte, der er inkluderet i s\u00e6ttet. Samlet s\u00e6tv\u00e6rdi ved vejledende udsalgspris: 990,97 \u00a3. Spar 129,98 \u00a3 med dette s\u00e6t!","og_url":"https:\/\/oceansignal.com\/da\/products\/epirb3-sikkerhedssaet\/","og_site_name":"Ocean Signal","article_modified_time":"2026-03-26T15:13:31+00:00","og_image":[{"width":911,"height":805,"url":"https:\/\/oceansignal.com\/wp-content\/uploads\/2025\/06\/Grab_Bag_EPIRB3_Kit-1.jpg","type":"image\/jpeg"}],"twitter_card":"summary_large_image","twitter_misc":{"Estimeret l\u00e6setid":"2 minutter"},"schema":{"@context":"https:\/\/schema.org","@graph":[{"@type":"WebPage","@id":"https:\/\/oceansignal.com\/da\/products\/epirb3-sikkerhedssaet\/","url":"https:\/\/oceansignal.com\/da\/products\/epirb3-sikkerhedssaet\/","name":"EPIRB3 Sejlsikkerhedss\u00e6t - Ocean Signal","isPartOf":{"@id":"https:\/\/oceansignal.com\/da\/#website"},"primaryImageOfPage":{"@id":"https:\/\/oceansignal.com\/da\/products\/epirb3-sikkerhedssaet\/#primaryimage"},"image":{"@id":"https:\/\/oceansignal.com\/da\/products\/epirb3-sikkerhedssaet\/#primaryimage"},"thumbnailUrl":"https:\/\/oceansignal.com\/wp-content\/uploads\/2025\/06\/Grab_Bag_EPIRB3_Kit-1.jpg","datePublished":"2025-06-24T09:48:12+00:00","dateModified":"2026-03-26T15:13:31+00:00","breadcrumb":{"@id":"https:\/\/oceansignal.com\/da\/products\/epirb3-sikkerhedssaet\/#breadcrumb"},"inLanguage":"da-DK","potentialAction":[{"@type":"ReadAction","target":["https:\/\/oceansignal.com\/da\/products\/epirb3-sikkerhedssaet\/"]}]},{"@type":"ImageObject","inLanguage":"da-DK","@id":"https:\/\/oceansignal.com\/da\/products\/epirb3-sikkerhedssaet\/#primaryimage","url":"https:\/\/oceansignal.com\/wp-content\/uploads\/2025\/06\/Grab_Bag_EPIRB3_Kit-1.jpg","contentUrl":"https:\/\/oceansignal.com\/wp-content\/uploads\/2025\/06\/Grab_Bag_EPIRB3_Kit-1.jpg","width":911,"height":805},{"@type":"BreadcrumbList","@id":"https:\/\/oceansignal.com\/da\/products\/epirb3-sikkerhedssaet\/#breadcrumb","itemListElement":[{"@type":"ListItem","position":1,"name":"Shop","item":"https:\/\/oceansignal.com\/da\/shop\/"},{"@type":"ListItem","position":2,"name":"EPIRB3 Sejlsikkerhedss\u00e6t"}]},{"@type":"WebSite","@id":"https:\/\/oceansignal.com\/da\/#website","url":"https:\/\/oceansignal.com\/da\/","name":"Ocean Signal","description":"A leading manufacturer of EPIRBs, AIS, SARTs, Personal Locator Beacons, Man Overboard Beacon for the Marine and Outdoor Markets.","potentialAction":[{"@type":"SearchAction","target":{"@type":"EntryPoint","urlTemplate":"https:\/\/oceansignal.com\/da\/?s={search_term_string}"},"query-input":{"@type":"PropertyValueSpecification","valueRequired":true,"valueName":"search_term_string"}}],"inLanguage":"da-DK"}]}},"_links":{"self":[{"href":"https:\/\/oceansignal.com\/da\/wp-json\/wp\/v2\/product\/31932","targetHints":{"allow":["GET"]}}],"collection":[{"href":"https:\/\/oceansignal.com\/da\/wp-json\/wp\/v2\/product"}],"about":[{"href":"https:\/\/oceansignal.com\/da\/wp-json\/wp\/v2\/types\/product"}],"wp:featuredmedia":[{"embeddable":true,"href":"https:\/\/oceansignal.com\/da\/wp-json\/wp\/v2\/media\/31571"}],"wp:attachment":[{"href":"https:\/\/oceansignal.com\/da\/wp-json\/wp\/v2\/media?parent=31932"}],"wp:term":[{"taxonomy":"product_brand","embeddable":true,"href":"https:\/\/oceansignal.com\/da\/wp-json\/wp\/v2\/product_brand?post=31932"},{"taxonomy":"product_cat","embeddable":true,"href":"https:\/\/oceansignal.com\/da\/wp-json\/wp\/v2\/product_cat?post=31932"},{"taxonomy":"product_tag","embeddable":true,"href":"https:\/\/oceansignal.com\/da\/wp-json\/wp\/v2\/product_tag?post=31932"}],"curies":[{"name":"wp","href":"https:\/\/api.w.org\/{rel}","templated":true}]}}