{"id":31946,"date":"2025-06-24T09:31:27","date_gmt":"2025-06-24T09:31:27","guid":{"rendered":"https:\/\/oceansignal.com\/products\/plb1-sikkerhedssaet\/"},"modified":"2026-03-18T16:39:09","modified_gmt":"2026-03-18T16:39:09","slug":"plb1-sikkerhedssaet","status":"publish","type":"product","link":"https:\/\/oceansignal.com\/da\/products\/plb1-sikkerhedssaet\/","title":{"rendered":"PLB1 Sikkerhedss\u00e6t"},"content":{"rendered":"<h3 data-start=\"3285\" data-end=\"3337\"><strong data-start=\"3292\" data-end=\"3337\"><img loading=\"lazy\" decoding=\"async\" class=\"alignnone size-full wp-image-32359\" src=\"https:\/\/oceansignal.com\/wp-content\/uploads\/2025\/07\/View-New-Safety-Kits.png\" alt=\"\" width=\"300\" height=\"75\" srcset=\"https:\/\/oceansignal.com\/wp-content\/uploads\/2025\/07\/View-New-Safety-Kits.png 300w, https:\/\/oceansignal.com\/wp-content\/uploads\/2025\/07\/View-New-Safety-Kits-60x15.png 60w, https:\/\/oceansignal.com\/wp-content\/uploads\/2025\/07\/View-New-Safety-Kits-110x28.png 110w\" sizes=\"auto, (max-width: 300px) 100vw, 300px\" \/><\/strong><\/h3>\n<h3 data-start=\"3116\" data-end=\"3164\"><strong data-start=\"3123\" data-end=\"3164\">Hvorfor v\u00e6lge PLB1 sikkerhedss\u00e6ttet?<\/strong><\/h3>\n<p data-start=\"3166\" data-end=\"3448\">Dette s\u00e6t er designet til uafh\u00e6ngighed og giver s\u00f8folk eller piloter mulighed for at beskytte sig selv og deres bes\u00e6tning via et professionelt sikkerhedssystem, der er kompakt, omkostningseffektivt og regulativt orienteret. Det er perfekt til dem, der endnu ikke har brug for en EPIRB, men som \u00f8nsker at blive set, h\u00f8rt og fundet, n\u00e5r det g\u00e6lder mest. <\/p>\n<p data-start=\"3450\" data-end=\"3536\">Uanset om du trimmer sejl eller flyver med ben, er dette din personlige sikkerhedsbackup.<\/p>\n<h3 data-start=\"2760\" data-end=\"2781\"><strong data-start=\"2767\" data-end=\"2781\">Ideel til:<\/strong><\/h3>\n<ul data-start=\"2782\" data-end=\"3037\">\n<li data-start=\"2782\" data-end=\"2842\">\n<p data-start=\"2784\" data-end=\"2842\">Solosejlere, RYA (Royal Yachting Association)-studerende, weekendkystsejlere og professionelle s\u00f8folk<\/p>\n<\/li>\n<li data-start=\"2843\" data-end=\"2895\">\n<p data-start=\"2845\" data-end=\"2895\">Privatpiloter<\/p>\n<\/li>\n<li data-start=\"2896\" data-end=\"2965\">\n<p data-start=\"2898\" data-end=\"2965\">Eventyrrejsende, ejere af lette fly og ultralette piloter<\/p>\n<\/li>\n<li data-start=\"2966\" data-end=\"3037\">\n<p data-start=\"2968\" data-end=\"3037\">Enhver s\u00f8mand uden fast EPIRB, der har brug for let n\u00f8dd\u00e6kning<\/p>\n<\/li>\n<\/ul>\n<h3 data-start=\"699\" data-end=\"752\"><strong data-start=\"706\" data-end=\"752\">Hvad er inkluderet, og hvordan underst\u00f8tter det redning?<\/strong><\/h3>\n<h4 data-start=\"754\" data-end=\"810\"><strong data-start=\"759\" data-end=\"808\">1 \u00d7 Ocean Signal PLB1 personlig lokaliseringssignal<\/strong><\/h4>\n<p data-start=\"811\" data-end=\"834\">Uanset om du er offshore eller over afsidesliggende land, forbinder PLB1 dig direkte til globale redningstjenester \u2013 selv n\u00e5r du er uden for VHF- eller mobilr\u00e6kkevidde.<br \/>\n Vejledende udsalgspris: 279,99 \u00a3<br \/>\n<img loading=\"lazy\" decoding=\"async\" class=\"alignnone size-medium wp-image-31618\" src=\"https:\/\/oceansignal.com\/wp-content\/uploads\/2025\/06\/PLB1-straight-on-2.png\" alt=\"\" width=\"172\" height=\"246\" srcset=\"https:\/\/oceansignal.com\/wp-content\/uploads\/2025\/06\/PLB1-straight-on-2.png 172w, https:\/\/oceansignal.com\/wp-content\/uploads\/2025\/06\/PLB1-straight-on-2-60x86.png 60w, https:\/\/oceansignal.com\/wp-content\/uploads\/2025\/06\/PLB1-straight-on-2-110x157.png 110w\" sizes=\"auto, (max-width: 172px) 100vw, 172px\" \/><\/p>\n<p data-start=\"836\" data-end=\"1027\">Denne ultrakompakte 406 MHz satellitfyr sender din GPS-position til det globale Cospas-Sarsat satellitnetv\u00e6rk og udsender desuden et lokalt 121,5 MHz m\u00e5ls\u00f8gende signal for at hj\u00e6lpe efters\u00f8gningshold med hurtigt at finde frem.<\/p>\n<ul data-start=\"1029\" data-end=\"1218\">\n<li data-start=\"1029\" data-end=\"1065\">\n<p data-start=\"1031\" data-end=\"1065\">Globale satellitn\u00f8dvarsler<\/p>\n<\/li>\n<li data-start=\"1066\" data-end=\"1101\">\n<p data-start=\"1068\" data-end=\"1101\">GPS-positionering + m\u00e5ls\u00f8gende beacon<\/p>\n<\/li>\n<li data-start=\"1102\" data-end=\"1152\">\n<p data-start=\"1104\" data-end=\"1152\">Lille nok til at passe i en lomme eller flyvevest<\/p>\n<\/li>\n<li data-start=\"1153\" data-end=\"1181\">\n<p data-start=\"1155\" data-end=\"1181\">Intet abonnement kr\u00e6ves<\/p>\n<\/li>\n<li data-start=\"1182\" data-end=\"1218\">\n<p data-start=\"1184\" data-end=\"1218\">7 \u00e5rs batterilevetid, 24+ timers drift<\/p>\n<\/li>\n<\/ul>\n<hr data-start=\"1389\" data-end=\"1392\">\n<h4 data-start=\"1394\" data-end=\"1452\"><strong data-start=\"1399\" data-end=\"1450\">1 \u00d7 Ocean Signal EDF1 elektronisk n\u00f8dblus<\/strong><\/h4>\n<p data-start=\"1453\" data-end=\"1476\">Effektiv signalering til efters\u00f8gningsfly eller redningsmandskab i n\u00e6rheden \u2013 ideel til nedskudte piloter eller s\u00f8m\u00e6nd, der venter p\u00e5 bj\u00e6rgning.<br \/>\n Vejledende udsalgspris: 149,99 \u00a3<br \/>\n<img loading=\"lazy\" decoding=\"async\" class=\"alignnone size-medium wp-image-31601\" src=\"https:\/\/oceansignal.com\/wp-content\/uploads\/2025\/06\/EDF1-cutout-70x300.png\" alt=\"\" width=\"70\" height=\"300\" srcset=\"https:\/\/oceansignal.com\/wp-content\/uploads\/2025\/06\/EDF1-cutout-70x300.png 70w, https:\/\/oceansignal.com\/wp-content\/uploads\/2025\/06\/EDF1-cutout-60x258.png 60w, https:\/\/oceansignal.com\/wp-content\/uploads\/2025\/06\/EDF1-cutout-110x473.png 110w, https:\/\/oceansignal.com\/wp-content\/uploads\/2025\/06\/EDF1-cutout.png 180w\" sizes=\"auto, (max-width: 70px) 100vw, 70px\" \/><\/p>\n<p data-start=\"1478\" data-end=\"1641\">Et genanvendeligt, batteridrevet LED-n\u00f8dblus, der erstatter pyroteknik med et sikrere og mere holdbart alternativ \u2013 perfekt til nattesigtbarhed p\u00e5 land eller til vands.<\/p>\n<ul data-start=\"1643\" data-end=\"1796\">\n<li data-start=\"1643\" data-end=\"1685\">\n<p data-start=\"1645\" data-end=\"1685\">360\u00b0 sigtbarhed om natten op til 11 km<\/p>\n<\/li>\n<li data-start=\"1686\" data-end=\"1727\">\n<p data-start=\"1688\" data-end=\"1727\">SOS-blitzkarakteristik udsendes i en af \u200b\u200bfire valgfrie tilstande (\u00d8konomi, Lys, Ultra og Beam)<\/p>\n<\/li>\n<li data-start=\"1728\" data-end=\"1765\">\n<p data-start=\"1730\" data-end=\"1765\">Vandt\u00e6t, flydende og robust<\/p>\n<\/li>\n<li data-start=\"1766\" data-end=\"1796\">\n<p data-start=\"1768\" data-end=\"1796\">Ingen brandrisiko eller udl\u00f8bsdatoer<\/p>\n<\/li>\n<\/ul>\n<hr data-start=\"1933\" data-end=\"1936\">\n<h4 data-start=\"1938\" data-end=\"1980\"><strong data-start=\"1943\" data-end=\"1978\">1 \u00d7 ACR Signalspejl og fl\u00f8jte<\/strong><\/h4>\n<p data-start=\"1981\" data-end=\"2003\">En vigtig backup, n\u00e5r andre v\u00e6rkt\u00f8jer svigter \u2013 ideel til at tiltr\u00e6kke den sidste opm\u00e6rksomhed fra helikoptere, redningsb\u00e5de eller SAR-hold p\u00e5 jorden.<br \/>\n Detailv\u00e6rdi: 10,99 \u00a3<br \/>\n<img loading=\"lazy\" decoding=\"async\" class=\"alignnone size-medium wp-image-31407\" src=\"https:\/\/oceansignal.com\/wp-content\/uploads\/2025\/06\/Grab_Bag_EPIRB1_Kit-e1752085331562-300x131.png\" alt=\"\" width=\"300\" height=\"131\" srcset=\"https:\/\/oceansignal.com\/wp-content\/uploads\/2025\/06\/Grab_Bag_EPIRB1_Kit-e1752085331562-300x131.png 300w, https:\/\/oceansignal.com\/wp-content\/uploads\/2025\/06\/Grab_Bag_EPIRB1_Kit-e1752085331562-60x26.png 60w, https:\/\/oceansignal.com\/wp-content\/uploads\/2025\/06\/Grab_Bag_EPIRB1_Kit-e1752085331562-110x48.png 110w, https:\/\/oceansignal.com\/wp-content\/uploads\/2025\/06\/Grab_Bag_EPIRB1_Kit-e1752085331562.png 344w\" sizes=\"auto, (max-width: 300px) 100vw, 300px\" \/><br \/>\n Enkle, lette v\u00e6rkt\u00f8jer, der giver dig mulighed for visuelt og h\u00f8rbart at tiltr\u00e6kke redningsmandskab, n\u00e5r de er inden for r\u00e6kkevidde.<\/p>\n<ul>\n<li><strong>Meget reflekterende kompakt spejl til visuelle signaler i dagslys &#8211; Konstrueret til at reflektere sollys over store afstande, ideelt til at fange opm\u00e6rksomheden fra passerende skibe eller fly<\/strong><\/li>\n<li><strong>H\u00f8j, lydl\u00f8s fl\u00f8jten tiltr\u00e6kker opm\u00e6rksomhed p\u00e5 t\u00e6t hold<\/strong><\/li>\n<li><strong>Ingen batterier, ingen vedligeholdelse<\/strong><\/li>\n<\/ul>\n<hr data-start=\"1933\" data-end=\"1936\">\n<p><strong data-start=\"2380\" data-end=\"2420\">1 \u00d7 Ocean Signal vandt\u00e6t gribepose<\/strong><\/p>\n<p data-start=\"2423\" data-end=\"2445\">Holder dit redningss\u00e6t beskyttet, synligt og klar til hurtig udrykning i enhver n\u00f8dsituation.<br \/>\n Vejledende udsalgspris: 99,99 \u00a3<br \/>\n<img loading=\"lazy\" decoding=\"async\" class=\"alignnone size-medium wp-image-31488\" src=\"https:\/\/oceansignal.com\/wp-content\/uploads\/2025\/06\/Grab_Bag-1-241x300.webp\" alt=\"\" width=\"241\" height=\"300\" srcset=\"https:\/\/oceansignal.com\/wp-content\/uploads\/2025\/06\/Grab_Bag-1-241x300.webp 241w, https:\/\/oceansignal.com\/wp-content\/uploads\/2025\/06\/Grab_Bag-1-60x75.webp 60w, https:\/\/oceansignal.com\/wp-content\/uploads\/2025\/06\/Grab_Bag-1-110x137.webp 110w, https:\/\/oceansignal.com\/wp-content\/uploads\/2025\/06\/Grab_Bag-1.webp 489w\" sizes=\"auto, (max-width: 241px) 100vw, 241px\" \/><\/p>\n<p data-start=\"2447\" data-end=\"2517\">Lys, flydende gribepose til opbevaring af alle sikkerhedsforn\u00f8denheder \u00e9t sted.<\/p>\n<ul data-start=\"2519\" data-end=\"2641\">\n<li data-start=\"2519\" data-end=\"2570\">\n<p data-start=\"2521\" data-end=\"2570\"><strong>Nem at opbevare i et cockpitskab eller en cockpittaske<\/strong><\/p>\n<\/li>\n<li data-start=\"2571\" data-end=\"2616\">\n<p data-start=\"2573\" data-end=\"2616\"><strong>Opdrift<\/strong><\/p>\n<\/li>\n<li data-start=\"2617\" data-end=\"2641\">\n<p data-start=\"2619\" data-end=\"2641\"><strong>Design med h\u00f8j synlighed<\/strong><\/p>\n<\/li>\n<\/ul>\n","protected":false},"excerpt":{"rendered":"<p>PLB1-sikkerhedss\u00e6ttet er en p\u00e5lidelig og budgetvenlig n\u00f8dpakke til sejlere og piloter, der opererer selvst\u00e6ndigt og v\u00e6rds\u00e6tter let, selvst\u00e6ndigt sikkerhedsudstyr. Uanset om du foretager en kort tur langs kysten eller flyver tv\u00e6rs over afsidesliggende terr\u00e6n, sikrer dette s\u00e6t, at du er forberedt, hvis det uventede sker. <\/p>\n<p>Samlet s\u00e6tv\u00e6rdi ved vejledende udsalgspris: \u00a3595,99 Spar \u00a3115,97 med dette s\u00e6t!<\/p>\n","protected":false},"featured_media":31588,"template":"","meta":{"_acf_changed":false,"om_disable_all_campaigns":false},"product_brand":[],"product_cat":[1979,1679,603],"product_tag":[1680,1695],"class_list":{"0":"post-31946","1":"product","2":"type-product","3":"status-publish","4":"has-post-thumbnail","6":"product_cat-kompatibel-med-redningsveste","7":"product_cat-sikkerhedssaet","8":"product_cat-rescueme-da","9":"product_tag-grab-bag-da","10":"product_tag-sikkerhedssaet-da","12":"first","13":"instock","14":"taxable","15":"shipping-taxable","16":"purchasable","17":"product-type-simple"},"acf":[],"yoast_head":"<!-- This site is optimized with the Yoast SEO Premium plugin v25.2 (Yoast SEO v26.4) - https:\/\/yoast.com\/wordpress\/plugins\/seo\/ -->\n<title>PLB1 Sikkerhedss\u00e6t - Ocean Signal<\/title>\n<meta name=\"robots\" content=\"index, follow, max-snippet:-1, max-image-preview:large, max-video-preview:-1\" \/>\n<link rel=\"canonical\" href=\"https:\/\/oceansignal.com\/da\/products\/plb1-sikkerhedssaet\/\" \/>\n<meta property=\"og:locale\" content=\"da_DK\" \/>\n<meta property=\"og:type\" content=\"article\" \/>\n<meta property=\"og:title\" content=\"PLB1 Sikkerhedss\u00e6t\" \/>\n<meta property=\"og:description\" content=\"PLB1-sikkerhedss\u00e6ttet er en p\u00e5lidelig og budgetvenlig n\u00f8dpakke til sejlere og piloter, der opererer selvst\u00e6ndigt og v\u00e6rds\u00e6tter let, selvst\u00e6ndigt sikkerhedsudstyr. Uanset om du foretager en kort tur langs kysten eller flyver tv\u00e6rs over afsidesliggende terr\u00e6n, sikrer dette s\u00e6t, at du er forberedt, hvis det uventede sker.  Samlet s\u00e6tv\u00e6rdi ved vejledende udsalgspris: \u00a3595,99 Spar \u00a3115,97 med dette s\u00e6t!\" \/>\n<meta property=\"og:url\" content=\"https:\/\/oceansignal.com\/da\/products\/plb1-sikkerhedssaet\/\" \/>\n<meta property=\"og:site_name\" content=\"Ocean Signal\" \/>\n<meta property=\"article:modified_time\" content=\"2026-03-18T16:39:09+00:00\" \/>\n<meta property=\"og:image\" content=\"https:\/\/oceansignal.com\/wp-content\/uploads\/2025\/06\/Grab_Bag_PLB1_Kit-1.jpg\" \/>\n\t<meta property=\"og:image:width\" content=\"911\" \/>\n\t<meta property=\"og:image:height\" content=\"805\" \/>\n\t<meta property=\"og:image:type\" content=\"image\/jpeg\" \/>\n<meta name=\"twitter:card\" content=\"summary_large_image\" \/>\n<meta name=\"twitter:label1\" content=\"Estimeret l\u00e6setid\" \/>\n\t<meta name=\"twitter:data1\" content=\"2 minutter\" \/>\n<script type=\"application\/ld+json\" class=\"yoast-schema-graph\">{\"@context\":\"https:\/\/schema.org\",\"@graph\":[{\"@type\":\"WebPage\",\"@id\":\"https:\/\/oceansignal.com\/da\/products\/plb1-sikkerhedssaet\/\",\"url\":\"https:\/\/oceansignal.com\/da\/products\/plb1-sikkerhedssaet\/\",\"name\":\"PLB1 Sikkerhedss\u00e6t - Ocean Signal\",\"isPartOf\":{\"@id\":\"https:\/\/oceansignal.com\/da\/#website\"},\"primaryImageOfPage\":{\"@id\":\"https:\/\/oceansignal.com\/da\/products\/plb1-sikkerhedssaet\/#primaryimage\"},\"image\":{\"@id\":\"https:\/\/oceansignal.com\/da\/products\/plb1-sikkerhedssaet\/#primaryimage\"},\"thumbnailUrl\":\"https:\/\/oceansignal.com\/wp-content\/uploads\/2025\/06\/Grab_Bag_PLB1_Kit-1.jpg\",\"datePublished\":\"2025-06-24T09:31:27+00:00\",\"dateModified\":\"2026-03-18T16:39:09+00:00\",\"breadcrumb\":{\"@id\":\"https:\/\/oceansignal.com\/da\/products\/plb1-sikkerhedssaet\/#breadcrumb\"},\"inLanguage\":\"da-DK\",\"potentialAction\":[{\"@type\":\"ReadAction\",\"target\":[\"https:\/\/oceansignal.com\/da\/products\/plb1-sikkerhedssaet\/\"]}]},{\"@type\":\"ImageObject\",\"inLanguage\":\"da-DK\",\"@id\":\"https:\/\/oceansignal.com\/da\/products\/plb1-sikkerhedssaet\/#primaryimage\",\"url\":\"https:\/\/oceansignal.com\/wp-content\/uploads\/2025\/06\/Grab_Bag_PLB1_Kit-1.jpg\",\"contentUrl\":\"https:\/\/oceansignal.com\/wp-content\/uploads\/2025\/06\/Grab_Bag_PLB1_Kit-1.jpg\",\"width\":911,\"height\":805},{\"@type\":\"BreadcrumbList\",\"@id\":\"https:\/\/oceansignal.com\/da\/products\/plb1-sikkerhedssaet\/#breadcrumb\",\"itemListElement\":[{\"@type\":\"ListItem\",\"position\":1,\"name\":\"Shop\",\"item\":\"https:\/\/oceansignal.com\/da\/shop\/\"},{\"@type\":\"ListItem\",\"position\":2,\"name\":\"PLB1 Sikkerhedss\u00e6t\"}]},{\"@type\":\"WebSite\",\"@id\":\"https:\/\/oceansignal.com\/da\/#website\",\"url\":\"https:\/\/oceansignal.com\/da\/\",\"name\":\"Ocean Signal\",\"description\":\"A leading manufacturer of EPIRBs, AIS, SARTs, Personal Locator Beacons, Man Overboard Beacon for the Marine and Outdoor Markets.\",\"potentialAction\":[{\"@type\":\"SearchAction\",\"target\":{\"@type\":\"EntryPoint\",\"urlTemplate\":\"https:\/\/oceansignal.com\/da\/?s={search_term_string}\"},\"query-input\":{\"@type\":\"PropertyValueSpecification\",\"valueRequired\":true,\"valueName\":\"search_term_string\"}}],\"inLanguage\":\"da-DK\"}]}<\/script>\n<!-- \/ Yoast SEO Premium plugin. -->","yoast_head_json":{"title":"PLB1 Sikkerhedss\u00e6t - Ocean Signal","robots":{"index":"index","follow":"follow","max-snippet":"max-snippet:-1","max-image-preview":"max-image-preview:large","max-video-preview":"max-video-preview:-1"},"canonical":"https:\/\/oceansignal.com\/da\/products\/plb1-sikkerhedssaet\/","og_locale":"da_DK","og_type":"article","og_title":"PLB1 Sikkerhedss\u00e6t","og_description":"PLB1-sikkerhedss\u00e6ttet er en p\u00e5lidelig og budgetvenlig n\u00f8dpakke til sejlere og piloter, der opererer selvst\u00e6ndigt og v\u00e6rds\u00e6tter let, selvst\u00e6ndigt sikkerhedsudstyr. Uanset om du foretager en kort tur langs kysten eller flyver tv\u00e6rs over afsidesliggende terr\u00e6n, sikrer dette s\u00e6t, at du er forberedt, hvis det uventede sker.  Samlet s\u00e6tv\u00e6rdi ved vejledende udsalgspris: \u00a3595,99 Spar \u00a3115,97 med dette s\u00e6t!","og_url":"https:\/\/oceansignal.com\/da\/products\/plb1-sikkerhedssaet\/","og_site_name":"Ocean Signal","article_modified_time":"2026-03-18T16:39:09+00:00","og_image":[{"width":911,"height":805,"url":"https:\/\/oceansignal.com\/wp-content\/uploads\/2025\/06\/Grab_Bag_PLB1_Kit-1.jpg","type":"image\/jpeg"}],"twitter_card":"summary_large_image","twitter_misc":{"Estimeret l\u00e6setid":"2 minutter"},"schema":{"@context":"https:\/\/schema.org","@graph":[{"@type":"WebPage","@id":"https:\/\/oceansignal.com\/da\/products\/plb1-sikkerhedssaet\/","url":"https:\/\/oceansignal.com\/da\/products\/plb1-sikkerhedssaet\/","name":"PLB1 Sikkerhedss\u00e6t - Ocean Signal","isPartOf":{"@id":"https:\/\/oceansignal.com\/da\/#website"},"primaryImageOfPage":{"@id":"https:\/\/oceansignal.com\/da\/products\/plb1-sikkerhedssaet\/#primaryimage"},"image":{"@id":"https:\/\/oceansignal.com\/da\/products\/plb1-sikkerhedssaet\/#primaryimage"},"thumbnailUrl":"https:\/\/oceansignal.com\/wp-content\/uploads\/2025\/06\/Grab_Bag_PLB1_Kit-1.jpg","datePublished":"2025-06-24T09:31:27+00:00","dateModified":"2026-03-18T16:39:09+00:00","breadcrumb":{"@id":"https:\/\/oceansignal.com\/da\/products\/plb1-sikkerhedssaet\/#breadcrumb"},"inLanguage":"da-DK","potentialAction":[{"@type":"ReadAction","target":["https:\/\/oceansignal.com\/da\/products\/plb1-sikkerhedssaet\/"]}]},{"@type":"ImageObject","inLanguage":"da-DK","@id":"https:\/\/oceansignal.com\/da\/products\/plb1-sikkerhedssaet\/#primaryimage","url":"https:\/\/oceansignal.com\/wp-content\/uploads\/2025\/06\/Grab_Bag_PLB1_Kit-1.jpg","contentUrl":"https:\/\/oceansignal.com\/wp-content\/uploads\/2025\/06\/Grab_Bag_PLB1_Kit-1.jpg","width":911,"height":805},{"@type":"BreadcrumbList","@id":"https:\/\/oceansignal.com\/da\/products\/plb1-sikkerhedssaet\/#breadcrumb","itemListElement":[{"@type":"ListItem","position":1,"name":"Shop","item":"https:\/\/oceansignal.com\/da\/shop\/"},{"@type":"ListItem","position":2,"name":"PLB1 Sikkerhedss\u00e6t"}]},{"@type":"WebSite","@id":"https:\/\/oceansignal.com\/da\/#website","url":"https:\/\/oceansignal.com\/da\/","name":"Ocean Signal","description":"A leading manufacturer of EPIRBs, AIS, SARTs, Personal Locator Beacons, Man Overboard Beacon for the Marine and Outdoor Markets.","potentialAction":[{"@type":"SearchAction","target":{"@type":"EntryPoint","urlTemplate":"https:\/\/oceansignal.com\/da\/?s={search_term_string}"},"query-input":{"@type":"PropertyValueSpecification","valueRequired":true,"valueName":"search_term_string"}}],"inLanguage":"da-DK"}]}},"_links":{"self":[{"href":"https:\/\/oceansignal.com\/da\/wp-json\/wp\/v2\/product\/31946","targetHints":{"allow":["GET"]}}],"collection":[{"href":"https:\/\/oceansignal.com\/da\/wp-json\/wp\/v2\/product"}],"about":[{"href":"https:\/\/oceansignal.com\/da\/wp-json\/wp\/v2\/types\/product"}],"wp:featuredmedia":[{"embeddable":true,"href":"https:\/\/oceansignal.com\/da\/wp-json\/wp\/v2\/media\/31588"}],"wp:attachment":[{"href":"https:\/\/oceansignal.com\/da\/wp-json\/wp\/v2\/media?parent=31946"}],"wp:term":[{"taxonomy":"product_brand","embeddable":true,"href":"https:\/\/oceansignal.com\/da\/wp-json\/wp\/v2\/product_brand?post=31946"},{"taxonomy":"product_cat","embeddable":true,"href":"https:\/\/oceansignal.com\/da\/wp-json\/wp\/v2\/product_cat?post=31946"},{"taxonomy":"product_tag","embeddable":true,"href":"https:\/\/oceansignal.com\/da\/wp-json\/wp\/v2\/product_tag?post=31946"}],"curies":[{"name":"wp","href":"https:\/\/api.w.org\/{rel}","templated":true}]}}