{"id":31962,"date":"2025-06-17T12:56:37","date_gmt":"2025-06-17T12:56:37","guid":{"rendered":"https:\/\/oceansignal.com\/products\/epirb1-sikkerhedssaet\/"},"modified":"2025-08-21T14:04:35","modified_gmt":"2025-08-21T14:04:35","slug":"epirb1-sikkerhedssaet","status":"publish","type":"product","link":"https:\/\/oceansignal.com\/da\/products\/epirb1-sikkerhedssaet\/","title":{"rendered":"EPIRB1 Sikkerhedss\u00e6t"},"content":{"rendered":"<h3><img loading=\"lazy\" decoding=\"async\" class=\"alignnone size-full wp-image-32359\" src=\"https:\/\/oceansignal.com\/wp-content\/uploads\/2025\/07\/View-New-Safety-Kits.png\" alt=\"\" width=\"300\" height=\"75\" srcset=\"https:\/\/oceansignal.com\/wp-content\/uploads\/2025\/07\/View-New-Safety-Kits.png 300w, https:\/\/oceansignal.com\/wp-content\/uploads\/2025\/07\/View-New-Safety-Kits-60x15.png 60w, https:\/\/oceansignal.com\/wp-content\/uploads\/2025\/07\/View-New-Safety-Kits-110x28.png 110w\" sizes=\"auto, (max-width: 300px) 100vw, 300px\" \/><\/h3>\n<h3>Hvorfor v\u00e6lge EPIRB1 sikkerhedss\u00e6ttet?<\/h3>\n<p>Dette s\u00e6t er blevet sammensat med virkelige n\u00f8dsituationer i tankerne: afmatning, brand, forlis eller pludselig nedl\u00e6ggelse. Uanset om du krydser Kanalen eller bev\u00e6ger dig l\u00e6ngere ud til kysten, giver <em>EPIRB1-sikkerhedss\u00e6ttet<\/em> dig et seri\u00f8st forspring i v\u00e6rste fald \u2013 og kan redde dit liv. <\/p>\n<p>EPIRB1-sikkerhedss\u00e6ttet er en kompakt n\u00f8dsikkerhedspakke, der er nem at tage med, og som er designet til solosejlere, ivrige lystfiskere og kystsejlere, der \u00f8nsker professionelt udstyr med minimal ops\u00e6tning. Det kombinerer tre essentielle v\u00e6rkt\u00f8jer i \u00e9n v\u00e6rdifuld pakke, der hver is\u00e6r er udvalgt til at \u00f8ge dine chancer for en hurtig og koordineret redning. <\/p>\n<h3><strong>Designet til:<\/strong><\/h3>\n<ul>\n<li>Solo-sejlere fra havet<\/li>\n<li>Yachtejere s\u00f8ger en kompatibel grabbag<\/li>\n<li>Kystkrydsere og leveringsskippere<\/li>\n<li>Fritidsfiskere<\/li>\n<li>Sikkerhedsbevidste nykommere udstyrer deres b\u00e5d for f\u00f8rste gang<\/li>\n<\/ul>\n<h3><strong>Hvad er inkluderet, og hvorfor det er vigtigt<\/strong><\/h3>\n<h4><strong>1 \u00d7 Ocean Signal EPIRB1 Kat II n\u00f8dsignalblink<\/strong><\/h4>\n<p><img loading=\"lazy\" decoding=\"async\" class=\"alignnone wp-image-31391 size-medium\" src=\"https:\/\/oceansignal.com\/wp-content\/uploads\/2025\/06\/EPIRB-1.2-153x300.png\" alt=\"\" width=\"153\" height=\"300\" srcset=\"https:\/\/oceansignal.com\/wp-content\/uploads\/2025\/06\/EPIRB-1.2-153x300.png 153w, https:\/\/oceansignal.com\/wp-content\/uploads\/2025\/06\/EPIRB-1.2-522x1024.png 522w, https:\/\/oceansignal.com\/wp-content\/uploads\/2025\/06\/EPIRB-1.2-768x1507.png 768w, https:\/\/oceansignal.com\/wp-content\/uploads\/2025\/06\/EPIRB-1.2-783x1536.png 783w, https:\/\/oceansignal.com\/wp-content\/uploads\/2025\/06\/EPIRB-1.2-600x1177.png 600w, https:\/\/oceansignal.com\/wp-content\/uploads\/2025\/06\/EPIRB-1.2-60x118.png 60w, https:\/\/oceansignal.com\/wp-content\/uploads\/2025\/06\/EPIRB-1.2-110x216.png 110w, https:\/\/oceansignal.com\/wp-content\/uploads\/2025\/06\/EPIRB-1.2.png 822w\" sizes=\"auto, (max-width: 153px) 100vw, 153px\" \/><\/p>\n<p>EPIRB&#8217;er er den mest effektive m\u00e5de at tilkalde en global SAR-indsats i n\u00f8dsituationer offshore.<br \/>\n Vejledende udsalgspris: 484,99 \u00a3<\/p>\n<p>Hjerten i s\u00e6ttet \u2014 en 406 MHz EPIRB (Emergency Position Indicating Radio Beacon), der automatisk sender din placering til globale efters\u00f8gnings- og redningssatellitter, n\u00e5r den aktiveres. EPIRB1 bruger GPS og COSPAS-SARSAT satellitnetv\u00e6rket til at pr\u00e6cist bestemme din position overalt i verden, hvilket sikrer, at hj\u00e6lpen varsles inden for f\u00e5 minutter. <\/p>\n<ul>\n<li><strong>H\u00f8jpr\u00e6cisions-GPS<\/strong> sikrer, at redningsmandskabet modtager pr\u00e6cise positionsopdateringer.<\/li>\n<li><strong>En batterilevetid p\u00e5 over 48 timer<\/strong> giver efters\u00f8gningsholdene et langt vindue til at finde dig.<\/li>\n<li><strong>Manuel beslag (Kat. II)<\/strong> giver mulighed for enkel montering p\u00e5 kortet.<\/li>\n<\/ul>\n<hr>\n<h4><strong>1 \u00d7 ACR Signalspejl og fl\u00f8jte<\/strong><\/h4>\n<p><img loading=\"lazy\" decoding=\"async\" class=\"alignnone wp-image-31407 size-medium\" src=\"https:\/\/oceansignal.com\/wp-content\/uploads\/2025\/06\/Grab_Bag_EPIRB1_Kit-300x218.png\" alt=\"\" width=\"300\" height=\"218\"><\/p>\n<p>N\u00e5r redningsmandskabet er i n\u00e6rheden, er det vigtigt at kunne signalere din n\u00f8jagtige position visuelt eller h\u00f8rbart \u2013 is\u00e6r i opr\u00f8rt s\u00f8 eller med lav sigtbarhed. <em><br \/>\nVejledende udsalgspris: 10,99 \u00a3<\/em><\/p>\n<p>En simpel, men kraftfuld visuel og h\u00f8rbar signalkombination, der kan betyde forskellen p\u00e5 at blive set eller overset af et redningsfly eller -fart\u00f8j.<\/p>\n<ul>\n<li><strong>Signalspejl:<\/strong> <strong>Konstrueret til at reflektere sollys over store afstande, ideelt til at fange \u00f8jet fra forbipasserende skibe eller fly.<\/strong><\/li>\n<li><strong>Fl\u00f8jte: Leverer skarpe lydsignaler, der kan sk\u00e6re igennem vind- og b\u00f8lgest\u00f8j.<\/strong><\/li>\n<\/ul>\n<hr>\n<h4><strong>1 \u00d7 Ocean Signal vandt\u00e6t gribepose<\/strong><\/h4>\n<p><img loading=\"lazy\" decoding=\"async\" class=\"alignnone wp-image-31488 size-medium\" src=\"https:\/\/oceansignal.com\/wp-content\/uploads\/2025\/06\/Grab_Bag-1-241x300.webp\" alt=\"\" width=\"241\" height=\"300\" srcset=\"https:\/\/oceansignal.com\/wp-content\/uploads\/2025\/06\/Grab_Bag-1-241x300.webp 241w, https:\/\/oceansignal.com\/wp-content\/uploads\/2025\/06\/Grab_Bag-1-60x75.webp 60w, https:\/\/oceansignal.com\/wp-content\/uploads\/2025\/06\/Grab_Bag-1-110x137.webp 110w, https:\/\/oceansignal.com\/wp-content\/uploads\/2025\/06\/Grab_Bag-1.webp 489w\" sizes=\"auto, (max-width: 241px) 100vw, 241px\" \/><\/p>\n<p>I en n\u00f8dsituations kaos giver denne gribetaske dig mulighed for hurtigt at komme frem med alt, hvad du beh\u00f8ver \u2013 t\u00f8r, organiseret og nem at gribe og tage med.<br \/>\n Vejledende udsalgspris: 129,99 \u00a3<\/p>\n<p>En slidst\u00e6rk, maritim t\u00f8rtaske designet til at b\u00e6re din EPIRB, signaludstyr, dokumenter og andet sikkerhedsudstyr og vigtige ting. Bygget til at flyde og holde sig t\u00f8r i barske maritime milj\u00f8er. <\/p>\n<ul>\n<li><strong>Klar, tydelig farve for hurtig spotting.<\/strong><\/li>\n<li><strong>Sikker lukning holder indholdet t\u00f8rt og beskyttet.<\/strong><\/li>\n<li><strong>Nemt b\u00e6reh\u00e5ndtag for hurtig evakuering.<\/strong><\/li>\n<\/ul>\n","protected":false},"excerpt":{"rendered":"<p>EPIRB 1-sikkerhedss\u00e6ttet er en klar taske med kritisk n\u00f8dudstyr. Dette vigtige s\u00e6t, der er bygget op omkring Ocean Signals ultrakompakte EPIRB1 kategori II-b\u00e5ke, indeholder ogs\u00e5 et signalspejl og en fl\u00f8jte, der sikrer, at du har det mest essentielle sikkerhedsudstyr. <\/p>\n<p>Perfekt til solosejlere, kystsejlere eller dem, der udstyrer deres f\u00f8rste sikkerhedsudstyr.<\/p>\n<p>Samlet s\u00e6tv\u00e6rdi ved vejledende udsalgspris: 625,97 \u00a3. Spar 95,98 \u00a3 med dette s\u00e6t! <\/p>\n","protected":false},"featured_media":31291,"template":"","meta":{"_acf_changed":false,"om_disable_all_campaigns":false},"product_brand":[],"product_cat":[1679,603],"product_tag":[],"class_list":{"0":"post-31962","1":"product","2":"type-product","3":"status-publish","4":"has-post-thumbnail","6":"product_cat-sikkerhedssaet","7":"product_cat-rescueme-da","9":"first","10":"instock","11":"taxable","12":"shipping-taxable","13":"purchasable","14":"product-type-simple"},"acf":[],"yoast_head":"<!-- This site is optimized with the Yoast SEO Premium plugin v25.2 (Yoast SEO v26.4) - https:\/\/yoast.com\/wordpress\/plugins\/seo\/ -->\n<title>EPIRB1 Sikkerhedss\u00e6t - Ocean Signal<\/title>\n<meta name=\"robots\" content=\"index, follow, max-snippet:-1, max-image-preview:large, max-video-preview:-1\" \/>\n<link rel=\"canonical\" href=\"https:\/\/oceansignal.com\/da\/products\/epirb1-sikkerhedssaet\/\" \/>\n<meta property=\"og:locale\" content=\"da_DK\" \/>\n<meta property=\"og:type\" content=\"article\" \/>\n<meta property=\"og:title\" content=\"EPIRB1 Sikkerhedss\u00e6t\" \/>\n<meta property=\"og:description\" content=\"EPIRB 1-sikkerhedss\u00e6ttet er en klar taske med kritisk n\u00f8dudstyr. Dette vigtige s\u00e6t, der er bygget op omkring Ocean Signals ultrakompakte EPIRB1 kategori II-b\u00e5ke, indeholder ogs\u00e5 et signalspejl og en fl\u00f8jte, der sikrer, at du har det mest essentielle sikkerhedsudstyr.  Perfekt til solosejlere, kystsejlere eller dem, der udstyrer deres f\u00f8rste sikkerhedsudstyr. Samlet s\u00e6tv\u00e6rdi ved vejledende udsalgspris: 625,97 \u00a3. Spar 95,98 \u00a3 med dette s\u00e6t!\" \/>\n<meta property=\"og:url\" content=\"https:\/\/oceansignal.com\/da\/products\/epirb1-sikkerhedssaet\/\" \/>\n<meta property=\"og:site_name\" content=\"Ocean Signal\" \/>\n<meta property=\"article:modified_time\" content=\"2025-08-21T14:04:35+00:00\" \/>\n<meta property=\"og:image\" content=\"https:\/\/oceansignal.com\/wp-content\/uploads\/2025\/06\/Grab_Bag_EPIRB1_Kit-1.jpg\" \/>\n\t<meta property=\"og:image:width\" content=\"911\" \/>\n\t<meta property=\"og:image:height\" content=\"805\" \/>\n\t<meta property=\"og:image:type\" content=\"image\/jpeg\" \/>\n<meta name=\"twitter:card\" content=\"summary_large_image\" \/>\n<meta name=\"twitter:label1\" content=\"Estimeret l\u00e6setid\" \/>\n\t<meta name=\"twitter:data1\" content=\"2 minutter\" \/>\n<script type=\"application\/ld+json\" class=\"yoast-schema-graph\">{\"@context\":\"https:\/\/schema.org\",\"@graph\":[{\"@type\":\"WebPage\",\"@id\":\"https:\/\/oceansignal.com\/da\/products\/epirb1-sikkerhedssaet\/\",\"url\":\"https:\/\/oceansignal.com\/da\/products\/epirb1-sikkerhedssaet\/\",\"name\":\"EPIRB1 Sikkerhedss\u00e6t - Ocean Signal\",\"isPartOf\":{\"@id\":\"https:\/\/oceansignal.com\/da\/#website\"},\"primaryImageOfPage\":{\"@id\":\"https:\/\/oceansignal.com\/da\/products\/epirb1-sikkerhedssaet\/#primaryimage\"},\"image\":{\"@id\":\"https:\/\/oceansignal.com\/da\/products\/epirb1-sikkerhedssaet\/#primaryimage\"},\"thumbnailUrl\":\"https:\/\/oceansignal.com\/wp-content\/uploads\/2025\/06\/Grab_Bag_EPIRB1_Kit-1.jpg\",\"datePublished\":\"2025-06-17T12:56:37+00:00\",\"dateModified\":\"2025-08-21T14:04:35+00:00\",\"breadcrumb\":{\"@id\":\"https:\/\/oceansignal.com\/da\/products\/epirb1-sikkerhedssaet\/#breadcrumb\"},\"inLanguage\":\"da-DK\",\"potentialAction\":[{\"@type\":\"ReadAction\",\"target\":[\"https:\/\/oceansignal.com\/da\/products\/epirb1-sikkerhedssaet\/\"]}]},{\"@type\":\"ImageObject\",\"inLanguage\":\"da-DK\",\"@id\":\"https:\/\/oceansignal.com\/da\/products\/epirb1-sikkerhedssaet\/#primaryimage\",\"url\":\"https:\/\/oceansignal.com\/wp-content\/uploads\/2025\/06\/Grab_Bag_EPIRB1_Kit-1.jpg\",\"contentUrl\":\"https:\/\/oceansignal.com\/wp-content\/uploads\/2025\/06\/Grab_Bag_EPIRB1_Kit-1.jpg\",\"width\":911,\"height\":805},{\"@type\":\"BreadcrumbList\",\"@id\":\"https:\/\/oceansignal.com\/da\/products\/epirb1-sikkerhedssaet\/#breadcrumb\",\"itemListElement\":[{\"@type\":\"ListItem\",\"position\":1,\"name\":\"Shop\",\"item\":\"https:\/\/oceansignal.com\/da\/shop\/\"},{\"@type\":\"ListItem\",\"position\":2,\"name\":\"EPIRB1 Sikkerhedss\u00e6t\"}]},{\"@type\":\"WebSite\",\"@id\":\"https:\/\/oceansignal.com\/da\/#website\",\"url\":\"https:\/\/oceansignal.com\/da\/\",\"name\":\"Ocean Signal\",\"description\":\"A leading manufacturer of EPIRBs, AIS, SARTs, Personal Locator Beacons, Man Overboard Beacon for the Marine and Outdoor Markets.\",\"potentialAction\":[{\"@type\":\"SearchAction\",\"target\":{\"@type\":\"EntryPoint\",\"urlTemplate\":\"https:\/\/oceansignal.com\/da\/?s={search_term_string}\"},\"query-input\":{\"@type\":\"PropertyValueSpecification\",\"valueRequired\":true,\"valueName\":\"search_term_string\"}}],\"inLanguage\":\"da-DK\"}]}<\/script>\n<!-- \/ Yoast SEO Premium plugin. -->","yoast_head_json":{"title":"EPIRB1 Sikkerhedss\u00e6t - Ocean Signal","robots":{"index":"index","follow":"follow","max-snippet":"max-snippet:-1","max-image-preview":"max-image-preview:large","max-video-preview":"max-video-preview:-1"},"canonical":"https:\/\/oceansignal.com\/da\/products\/epirb1-sikkerhedssaet\/","og_locale":"da_DK","og_type":"article","og_title":"EPIRB1 Sikkerhedss\u00e6t","og_description":"EPIRB 1-sikkerhedss\u00e6ttet er en klar taske med kritisk n\u00f8dudstyr. Dette vigtige s\u00e6t, der er bygget op omkring Ocean Signals ultrakompakte EPIRB1 kategori II-b\u00e5ke, indeholder ogs\u00e5 et signalspejl og en fl\u00f8jte, der sikrer, at du har det mest essentielle sikkerhedsudstyr.  Perfekt til solosejlere, kystsejlere eller dem, der udstyrer deres f\u00f8rste sikkerhedsudstyr. Samlet s\u00e6tv\u00e6rdi ved vejledende udsalgspris: 625,97 \u00a3. Spar 95,98 \u00a3 med dette s\u00e6t!","og_url":"https:\/\/oceansignal.com\/da\/products\/epirb1-sikkerhedssaet\/","og_site_name":"Ocean Signal","article_modified_time":"2025-08-21T14:04:35+00:00","og_image":[{"width":911,"height":805,"url":"https:\/\/oceansignal.com\/wp-content\/uploads\/2025\/06\/Grab_Bag_EPIRB1_Kit-1.jpg","type":"image\/jpeg"}],"twitter_card":"summary_large_image","twitter_misc":{"Estimeret l\u00e6setid":"2 minutter"},"schema":{"@context":"https:\/\/schema.org","@graph":[{"@type":"WebPage","@id":"https:\/\/oceansignal.com\/da\/products\/epirb1-sikkerhedssaet\/","url":"https:\/\/oceansignal.com\/da\/products\/epirb1-sikkerhedssaet\/","name":"EPIRB1 Sikkerhedss\u00e6t - Ocean Signal","isPartOf":{"@id":"https:\/\/oceansignal.com\/da\/#website"},"primaryImageOfPage":{"@id":"https:\/\/oceansignal.com\/da\/products\/epirb1-sikkerhedssaet\/#primaryimage"},"image":{"@id":"https:\/\/oceansignal.com\/da\/products\/epirb1-sikkerhedssaet\/#primaryimage"},"thumbnailUrl":"https:\/\/oceansignal.com\/wp-content\/uploads\/2025\/06\/Grab_Bag_EPIRB1_Kit-1.jpg","datePublished":"2025-06-17T12:56:37+00:00","dateModified":"2025-08-21T14:04:35+00:00","breadcrumb":{"@id":"https:\/\/oceansignal.com\/da\/products\/epirb1-sikkerhedssaet\/#breadcrumb"},"inLanguage":"da-DK","potentialAction":[{"@type":"ReadAction","target":["https:\/\/oceansignal.com\/da\/products\/epirb1-sikkerhedssaet\/"]}]},{"@type":"ImageObject","inLanguage":"da-DK","@id":"https:\/\/oceansignal.com\/da\/products\/epirb1-sikkerhedssaet\/#primaryimage","url":"https:\/\/oceansignal.com\/wp-content\/uploads\/2025\/06\/Grab_Bag_EPIRB1_Kit-1.jpg","contentUrl":"https:\/\/oceansignal.com\/wp-content\/uploads\/2025\/06\/Grab_Bag_EPIRB1_Kit-1.jpg","width":911,"height":805},{"@type":"BreadcrumbList","@id":"https:\/\/oceansignal.com\/da\/products\/epirb1-sikkerhedssaet\/#breadcrumb","itemListElement":[{"@type":"ListItem","position":1,"name":"Shop","item":"https:\/\/oceansignal.com\/da\/shop\/"},{"@type":"ListItem","position":2,"name":"EPIRB1 Sikkerhedss\u00e6t"}]},{"@type":"WebSite","@id":"https:\/\/oceansignal.com\/da\/#website","url":"https:\/\/oceansignal.com\/da\/","name":"Ocean Signal","description":"A leading manufacturer of EPIRBs, AIS, SARTs, Personal Locator Beacons, Man Overboard Beacon for the Marine and Outdoor Markets.","potentialAction":[{"@type":"SearchAction","target":{"@type":"EntryPoint","urlTemplate":"https:\/\/oceansignal.com\/da\/?s={search_term_string}"},"query-input":{"@type":"PropertyValueSpecification","valueRequired":true,"valueName":"search_term_string"}}],"inLanguage":"da-DK"}]}},"_links":{"self":[{"href":"https:\/\/oceansignal.com\/da\/wp-json\/wp\/v2\/product\/31962","targetHints":{"allow":["GET"]}}],"collection":[{"href":"https:\/\/oceansignal.com\/da\/wp-json\/wp\/v2\/product"}],"about":[{"href":"https:\/\/oceansignal.com\/da\/wp-json\/wp\/v2\/types\/product"}],"wp:featuredmedia":[{"embeddable":true,"href":"https:\/\/oceansignal.com\/da\/wp-json\/wp\/v2\/media\/31291"}],"wp:attachment":[{"href":"https:\/\/oceansignal.com\/da\/wp-json\/wp\/v2\/media?parent=31962"}],"wp:term":[{"taxonomy":"product_brand","embeddable":true,"href":"https:\/\/oceansignal.com\/da\/wp-json\/wp\/v2\/product_brand?post=31962"},{"taxonomy":"product_cat","embeddable":true,"href":"https:\/\/oceansignal.com\/da\/wp-json\/wp\/v2\/product_cat?post=31962"},{"taxonomy":"product_tag","embeddable":true,"href":"https:\/\/oceansignal.com\/da\/wp-json\/wp\/v2\/product_tag?post=31962"}],"curies":[{"name":"wp","href":"https:\/\/api.w.org\/{rel}","templated":true}]}}