{"id":31976,"date":"2025-06-24T09:45:57","date_gmt":"2025-06-24T09:45:57","guid":{"rendered":"https:\/\/oceansignal.com\/products\/epirb2-sikkerhedssaet\/"},"modified":"2025-10-01T07:57:27","modified_gmt":"2025-10-01T07:57:27","slug":"epirb2-sikkerhedssaet","status":"publish","type":"product","link":"https:\/\/oceansignal.com\/da\/products\/epirb2-sikkerhedssaet\/","title":{"rendered":"EPIRB2 Sejlsikkerhedss\u00e6t"},"content":{"rendered":"<h3 data-start=\"3285\" data-end=\"3337\"><strong data-start=\"3292\" data-end=\"3337\"><img loading=\"lazy\" decoding=\"async\" class=\"alignnone size-full wp-image-32359\" src=\"https:\/\/oceansignal.com\/wp-content\/uploads\/2025\/07\/View-New-Safety-Kits.png\" alt=\"\" width=\"300\" height=\"75\" srcset=\"https:\/\/oceansignal.com\/wp-content\/uploads\/2025\/07\/View-New-Safety-Kits.png 300w, https:\/\/oceansignal.com\/wp-content\/uploads\/2025\/07\/View-New-Safety-Kits-60x15.png 60w, https:\/\/oceansignal.com\/wp-content\/uploads\/2025\/07\/View-New-Safety-Kits-110x28.png 110w\" sizes=\"auto, (max-width: 300px) 100vw, 300px\" \/><\/strong><\/h3>\n<h3 data-start=\"2553\" data-end=\"2604\"><strong data-start=\"2560\" data-end=\"2604\">Hvorfor v\u00e6lge EPIRB2 sikkerhedss\u00e6ttet?<\/strong><\/h3>\n<p data-start=\"2606\" data-end=\"2880\">EPIRB2-s\u00e6ttet er enkelt, kompatibelt og p\u00e5lideligt og giver dig beskyttelse p\u00e5 satellitniveau med minimal ops\u00e6tning, samtidig med at det tilbyder den ro i sindet, der f\u00f8lger med Return Link Service (RLS)-funktionen. Inkluderingen af RLS giver brugerne en bekr\u00e6ftelse p\u00e5, at deres n\u00f8dbesked er sendt og modtaget. Med den medf\u00f8lgende gribepose er dette s\u00e6t ideelt til sejlere, der \u00f8nsker at opfylde strenge sikkerhedsstandarder uden at overbelaste eller bruge for mange penge. Det er det praktiske valg til virkelige eventyr p\u00e5 vandet.  <\/p>\n<p data-start=\"2882\" data-end=\"2932\">Seri\u00f8s sikkerhed. Ingen ekstra ting. Lige hvad du har brug for.  <\/p>\n<h3 data-start=\"2206\" data-end=\"2227\"><strong data-start=\"2213\" data-end=\"2227\">Ideel til:<\/strong><\/h3>\n<ul data-start=\"2228\" data-end=\"2474\">\n<li data-start=\"2228\" data-end=\"2281\">\n<p data-start=\"2230\" data-end=\"2281\">S\u00f8m\u00e6nd forbereder sig p\u00e5 en offshore-sejlads<\/p>\n<\/li>\n<li data-start=\"2282\" data-end=\"2347\">\n<p data-start=\"2284\" data-end=\"2347\">Kystkrydsere, der s\u00f8ger den sikkerhed og beskyttelse, der er forbundet med at have en EPIRB ombord<\/p>\n<\/li>\n<li data-start=\"2348\" data-end=\"2418\">\n<p data-start=\"2350\" data-end=\"2418\">Hold opgraderer sikkerhedsudstyr for at opfylde l\u00f8bs- eller forsikringskrav<\/p>\n<\/li>\n<li data-start=\"2419\" data-end=\"2474\">\n<p data-start=\"2421\" data-end=\"2474\">RYA-studerende og yacht-ejere uden indbyggede EPIRB&#8217;er<\/p>\n<\/li>\n<\/ul>\n<h3 data-start=\"727\" data-end=\"780\"><strong data-start=\"734\" data-end=\"780\">Hvad er inkluderet, og hvordan det underst\u00f8tter redning<\/strong><\/h3>\n<h4 data-start=\"782\" data-end=\"825\"><strong data-start=\"787\" data-end=\"823\">1 \u00d7 Ocean Signal EPIRB2 med NFC<\/strong><\/h4>\n<p data-start=\"826\" data-end=\"849\">Uanset om du er ved kysten eller vove dig ud for havet, sikrer denne EPIRB global r\u00e6kkevidde med moderne teknologi, alt sammen i en kompakt og nem at installere enhed.<br \/>\n Vejledende udsalgspris: 549,99 \u00a3<\/p>\n<p data-start=\"826\" data-end=\"849\"><img loading=\"lazy\" decoding=\"async\" class=\"alignnone size-medium wp-image-1118\" src=\"https:\/\/oceansignal.com\/wp-content\/uploads\/2023\/09\/EPIRB2-FRONT-72-300x300.png\" alt=\"Ocean Signal rescueME EPIRB2 med Return Link Service - hj\u00e6lper med effektive redningsoperationer\" width=\"300\" height=\"300\" srcset=\"https:\/\/oceansignal.com\/wp-content\/uploads\/2023\/09\/EPIRB2-FRONT-72-300x300.png 300w, https:\/\/oceansignal.com\/wp-content\/uploads\/2023\/09\/EPIRB2-FRONT-72-150x150.png 150w, https:\/\/oceansignal.com\/wp-content\/uploads\/2023\/09\/EPIRB2-FRONT-72-100x100.png 100w, https:\/\/oceansignal.com\/wp-content\/uploads\/2023\/09\/EPIRB2-FRONT-72.png 411w\" sizes=\"auto, (max-width: 300px) 100vw, 300px\" \/><\/p>\n<p data-start=\"851\" data-end=\"1068\">En kraftfuld kategori II 406 MHz n\u00f8dradio, der forbinder dig til det globale Cospas-Sarsat satellitnetv\u00e6rk p\u00e5 f\u00e5 minutter. Inkluderer Return Link Service (RLS) og smartphone-forbindelse via NFC. <\/p>\n<ul data-start=\"1070\" data-end=\"1259\">\n<li data-start=\"1070\" data-end=\"1096\">\n<p data-start=\"1072\" data-end=\"1096\">Verdensomsp\u00e6ndende SAR-alarmering<\/p>\n<\/li>\n<li data-start=\"1131\" data-end=\"1181\">\n<p data-start=\"1133\" data-end=\"1181\">RLS bekr\u00e6fter, at dit n\u00f8dsignal er modtaget<\/p>\n<\/li>\n<li data-start=\"1182\" data-end=\"1222\">\n<p data-start=\"1184\" data-end=\"1222\">Smartphone-app til test og ops\u00e6tning<\/p>\n<\/li>\n<li data-start=\"1223\" data-end=\"1259\">\n<p data-start=\"1225\" data-end=\"1259\">Manuel beslag (Kat. II) medf\u00f8lger<\/p>\n<\/li>\n<\/ul>\n<hr data-start=\"1423\" data-end=\"1426\">\n<h4 data-start=\"1428\" data-end=\"1470\"><strong data-start=\"1433\" data-end=\"1468\">1 \u00d7 ACR Signalspejl og fl\u00f8jte<\/strong><\/h4>\n<p data-start=\"1471\" data-end=\"1493\">Vigtige v\u00e6rkt\u00f8jer til at hj\u00e6lpe med den endelige positionsbestemmelse, n\u00e5r hj\u00e6lpen er p\u00e5 stedet.<br \/>\n Vejledende udsalgspris: 10,99 \u00a3<\/p>\n<p data-start=\"1471\" data-end=\"1493\"><img loading=\"lazy\" decoding=\"async\" class=\"alignnone wp-image-31407 size-medium\" src=\"https:\/\/oceansignal.com\/wp-content\/uploads\/2025\/06\/Grab_Bag_EPIRB1_Kit-e1752085331562-300x131.png\" alt=\"\" width=\"300\" height=\"131\" srcset=\"https:\/\/oceansignal.com\/wp-content\/uploads\/2025\/06\/Grab_Bag_EPIRB1_Kit-e1752085331562-300x131.png 300w, https:\/\/oceansignal.com\/wp-content\/uploads\/2025\/06\/Grab_Bag_EPIRB1_Kit-e1752085331562-60x26.png 60w, https:\/\/oceansignal.com\/wp-content\/uploads\/2025\/06\/Grab_Bag_EPIRB1_Kit-e1752085331562-110x48.png 110w, https:\/\/oceansignal.com\/wp-content\/uploads\/2025\/06\/Grab_Bag_EPIRB1_Kit-e1752085331562.png 344w\" sizes=\"auto, (max-width: 300px) 100vw, 300px\" \/><\/p>\n<p data-start=\"1495\" data-end=\"1589\">Enkle, men effektive visuelle og h\u00f8rbare signaleringsv\u00e6rkt\u00f8jer, fremragende til redningsst\u00f8tte p\u00e5 n\u00e6rt hold.<\/p>\n<ul data-start=\"1591\" data-end=\"1704\">\n<li data-start=\"1591\" data-end=\"1650\">\n<p data-start=\"1593\" data-end=\"1650\">Meget reflekterende kompakt spejl til visuelt signal i dagslys &#8211; Konstrueret til at reflektere sollys over lange afstande, ideelt til at fange \u00f8jet fra forbipasserende skibe eller fly<\/p>\n<\/li>\n<li data-start=\"1651\" data-end=\"1704\">\n<p data-start=\"1653\" data-end=\"1704\">H\u00f8j, lydl\u00f8s fl\u00f8jte til h\u00f8rbar alarmering p\u00e5 kort afstand<\/p>\n<\/li>\n<\/ul>\n<hr data-start=\"1810\" data-end=\"1813\">\n<h4 data-start=\"1815\" data-end=\"1862\"><strong data-start=\"1820\" data-end=\"1860\">1 \u00d7 Ocean Signal vandt\u00e6t gribepose<\/strong><\/h4>\n<p data-start=\"1863\" data-end=\"1886\"><em data-start=\"1863\" data-end=\"1886\">N\u00f8dsituationer sker hurtigt \u2013 denne taske s\u00f8rger for, at du ogs\u00e5 kan.<br \/>\n Vejledende udsalgspris: 129,99 \u00a3<\/em><\/p>\n<p data-start=\"1863\" data-end=\"1886\"><img loading=\"lazy\" decoding=\"async\" class=\"alignnone wp-image-31455 \" src=\"https:\/\/oceansignal.com\/wp-content\/uploads\/2025\/06\/Grab_Bag-300x200.webp\" alt=\"\" width=\"387\" height=\"258\" srcset=\"https:\/\/oceansignal.com\/wp-content\/uploads\/2025\/06\/Grab_Bag-300x200.webp 300w, https:\/\/oceansignal.com\/wp-content\/uploads\/2025\/06\/Grab_Bag-1024x683.webp 1024w, https:\/\/oceansignal.com\/wp-content\/uploads\/2025\/06\/Grab_Bag-768x512.webp 768w, https:\/\/oceansignal.com\/wp-content\/uploads\/2025\/06\/Grab_Bag-600x400.webp 600w, https:\/\/oceansignal.com\/wp-content\/uploads\/2025\/06\/Grab_Bag-60x40.webp 60w, https:\/\/oceansignal.com\/wp-content\/uploads\/2025\/06\/Grab_Bag-110x73.webp 110w, https:\/\/oceansignal.com\/wp-content\/uploads\/2025\/06\/Grab_Bag.webp 1234w\" sizes=\"auto, (max-width: 387px) 100vw, 387px\" \/><\/p>\n<p data-start=\"1888\" data-end=\"2000\">En robust, vandt\u00e6t t\u00f8rtaske, der holder dit n\u00f8dudstyr samlet, t\u00f8rt og tilg\u00e6ngeligt, n\u00e5r du har mest brug for det.<\/p>\n<ul data-start=\"2002\" data-end=\"2122\">\n<li data-start=\"2002\" data-end=\"2039\">\n<p data-start=\"2004\" data-end=\"2039\">Flydende design med h\u00f8j synlighed<\/p>\n<\/li>\n<li data-start=\"2040\" data-end=\"2075\">\n<p data-start=\"2042\" data-end=\"2075\">Holdbar til offshore-forhold<\/p>\n<\/li>\n<li data-start=\"2076\" data-end=\"2122\">\n<p data-start=\"2078\" data-end=\"2122\">Plads til EPIRB, elektroniske n\u00f8dblus, dokumenter og mere<\/p>\n<\/li>\n<\/ul>\n","protected":false},"excerpt":{"rendered":"<p><strong data-start=\"336\" data-end=\"374\">En solid indgang til seri\u00f8s sikkerhed.<br \/>\n<\/strong><br data-start=\"374\" data-end=\"377\"> <strong data-start=\"381\" data-end=\"395\">EPIRB2-s\u00e6ttet<\/strong> er en smart, str\u00f8mlinet gribetaske til sejlere, der \u00f8nsker et problemfrit, reglerkompatibelt n\u00f8dops\u00e6tningss\u00e6t bygget op omkring Ocean Signals nyeste EPIRB med NFC-forbindelse. Uanset om du forbereder dig til din f\u00f8rste offshore-sejlads eller opgraderer et for\u00e6ldet setup, d\u00e6kker dette s\u00e6t de vigtigste essentielle ting \u2013 uden at komplicere tingene for meget. <\/p>\n<p>Samlet s\u00e6tv\u00e6rdi ved vejledende udsalgspris: \u00a3690,97 Spar \u00a3110 med dette s\u00e6t!<\/p>\n","protected":false},"featured_media":31372,"template":"","meta":{"_acf_changed":false,"om_disable_all_campaigns":false},"product_brand":[],"product_cat":[1679,603],"product_tag":[1680,1695],"class_list":{"0":"post-31976","1":"product","2":"type-product","3":"status-publish","4":"has-post-thumbnail","6":"product_cat-sikkerhedssaet","7":"product_cat-rescueme-da","8":"product_tag-grab-bag-da","9":"product_tag-sikkerhedssaet-da","11":"first","12":"instock","13":"taxable","14":"shipping-taxable","15":"purchasable","16":"product-type-simple"},"acf":[],"yoast_head":"<!-- This site is optimized with the Yoast SEO Premium plugin v25.2 (Yoast SEO v26.4) - https:\/\/yoast.com\/wordpress\/plugins\/seo\/ -->\n<title>EPIRB2 Sejlsikkerhedss\u00e6t - Ocean Signal<\/title>\n<meta name=\"robots\" content=\"index, follow, max-snippet:-1, max-image-preview:large, max-video-preview:-1\" \/>\n<link rel=\"canonical\" href=\"https:\/\/oceansignal.com\/da\/products\/epirb2-sikkerhedssaet\/\" \/>\n<meta property=\"og:locale\" content=\"da_DK\" \/>\n<meta property=\"og:type\" content=\"article\" \/>\n<meta property=\"og:title\" content=\"EPIRB2 Sejlsikkerhedss\u00e6t\" \/>\n<meta property=\"og:description\" content=\"En solid indgang til seri\u00f8s sikkerhed. EPIRB2-s\u00e6ttet er en smart, str\u00f8mlinet gribetaske til sejlere, der \u00f8nsker et problemfrit, reglerkompatibelt n\u00f8dops\u00e6tningss\u00e6t bygget op omkring Ocean Signals nyeste EPIRB med NFC-forbindelse. Uanset om du forbereder dig til din f\u00f8rste offshore-sejlads eller opgraderer et for\u00e6ldet setup, d\u00e6kker dette s\u00e6t de vigtigste essentielle ting \u2013 uden at komplicere tingene for meget.  Samlet s\u00e6tv\u00e6rdi ved vejledende udsalgspris: \u00a3690,97 Spar \u00a3110 med dette s\u00e6t!\" \/>\n<meta property=\"og:url\" content=\"https:\/\/oceansignal.com\/da\/products\/epirb2-sikkerhedssaet\/\" \/>\n<meta property=\"og:site_name\" content=\"Ocean Signal\" \/>\n<meta property=\"article:modified_time\" content=\"2025-10-01T07:57:27+00:00\" \/>\n<meta property=\"og:image\" content=\"https:\/\/oceansignal.com\/wp-content\/uploads\/2025\/06\/Grab_Bag_EPIRB2_Kit-1.jpg\" \/>\n\t<meta property=\"og:image:width\" content=\"911\" \/>\n\t<meta property=\"og:image:height\" content=\"805\" \/>\n\t<meta property=\"og:image:type\" content=\"image\/jpeg\" \/>\n<meta name=\"twitter:card\" content=\"summary_large_image\" \/>\n<meta name=\"twitter:label1\" content=\"Estimeret l\u00e6setid\" \/>\n\t<meta name=\"twitter:data1\" content=\"2 minutter\" \/>\n<script type=\"application\/ld+json\" class=\"yoast-schema-graph\">{\"@context\":\"https:\/\/schema.org\",\"@graph\":[{\"@type\":\"WebPage\",\"@id\":\"https:\/\/oceansignal.com\/da\/products\/epirb2-sikkerhedssaet\/\",\"url\":\"https:\/\/oceansignal.com\/da\/products\/epirb2-sikkerhedssaet\/\",\"name\":\"EPIRB2 Sejlsikkerhedss\u00e6t - Ocean Signal\",\"isPartOf\":{\"@id\":\"https:\/\/oceansignal.com\/da\/#website\"},\"primaryImageOfPage\":{\"@id\":\"https:\/\/oceansignal.com\/da\/products\/epirb2-sikkerhedssaet\/#primaryimage\"},\"image\":{\"@id\":\"https:\/\/oceansignal.com\/da\/products\/epirb2-sikkerhedssaet\/#primaryimage\"},\"thumbnailUrl\":\"https:\/\/oceansignal.com\/wp-content\/uploads\/2025\/06\/Grab_Bag_EPIRB2_Kit-1.jpg\",\"datePublished\":\"2025-06-24T09:45:57+00:00\",\"dateModified\":\"2025-10-01T07:57:27+00:00\",\"breadcrumb\":{\"@id\":\"https:\/\/oceansignal.com\/da\/products\/epirb2-sikkerhedssaet\/#breadcrumb\"},\"inLanguage\":\"da-DK\",\"potentialAction\":[{\"@type\":\"ReadAction\",\"target\":[\"https:\/\/oceansignal.com\/da\/products\/epirb2-sikkerhedssaet\/\"]}]},{\"@type\":\"ImageObject\",\"inLanguage\":\"da-DK\",\"@id\":\"https:\/\/oceansignal.com\/da\/products\/epirb2-sikkerhedssaet\/#primaryimage\",\"url\":\"https:\/\/oceansignal.com\/wp-content\/uploads\/2025\/06\/Grab_Bag_EPIRB2_Kit-1.jpg\",\"contentUrl\":\"https:\/\/oceansignal.com\/wp-content\/uploads\/2025\/06\/Grab_Bag_EPIRB2_Kit-1.jpg\",\"width\":911,\"height\":805},{\"@type\":\"BreadcrumbList\",\"@id\":\"https:\/\/oceansignal.com\/da\/products\/epirb2-sikkerhedssaet\/#breadcrumb\",\"itemListElement\":[{\"@type\":\"ListItem\",\"position\":1,\"name\":\"Shop\",\"item\":\"https:\/\/oceansignal.com\/da\/shop\/\"},{\"@type\":\"ListItem\",\"position\":2,\"name\":\"EPIRB2 Sejlsikkerhedss\u00e6t\"}]},{\"@type\":\"WebSite\",\"@id\":\"https:\/\/oceansignal.com\/da\/#website\",\"url\":\"https:\/\/oceansignal.com\/da\/\",\"name\":\"Ocean Signal\",\"description\":\"A leading manufacturer of EPIRBs, AIS, SARTs, Personal Locator Beacons, Man Overboard Beacon for the Marine and Outdoor Markets.\",\"potentialAction\":[{\"@type\":\"SearchAction\",\"target\":{\"@type\":\"EntryPoint\",\"urlTemplate\":\"https:\/\/oceansignal.com\/da\/?s={search_term_string}\"},\"query-input\":{\"@type\":\"PropertyValueSpecification\",\"valueRequired\":true,\"valueName\":\"search_term_string\"}}],\"inLanguage\":\"da-DK\"}]}<\/script>\n<!-- \/ Yoast SEO Premium plugin. -->","yoast_head_json":{"title":"EPIRB2 Sejlsikkerhedss\u00e6t - Ocean Signal","robots":{"index":"index","follow":"follow","max-snippet":"max-snippet:-1","max-image-preview":"max-image-preview:large","max-video-preview":"max-video-preview:-1"},"canonical":"https:\/\/oceansignal.com\/da\/products\/epirb2-sikkerhedssaet\/","og_locale":"da_DK","og_type":"article","og_title":"EPIRB2 Sejlsikkerhedss\u00e6t","og_description":"En solid indgang til seri\u00f8s sikkerhed. EPIRB2-s\u00e6ttet er en smart, str\u00f8mlinet gribetaske til sejlere, der \u00f8nsker et problemfrit, reglerkompatibelt n\u00f8dops\u00e6tningss\u00e6t bygget op omkring Ocean Signals nyeste EPIRB med NFC-forbindelse. Uanset om du forbereder dig til din f\u00f8rste offshore-sejlads eller opgraderer et for\u00e6ldet setup, d\u00e6kker dette s\u00e6t de vigtigste essentielle ting \u2013 uden at komplicere tingene for meget.  Samlet s\u00e6tv\u00e6rdi ved vejledende udsalgspris: \u00a3690,97 Spar \u00a3110 med dette s\u00e6t!","og_url":"https:\/\/oceansignal.com\/da\/products\/epirb2-sikkerhedssaet\/","og_site_name":"Ocean Signal","article_modified_time":"2025-10-01T07:57:27+00:00","og_image":[{"width":911,"height":805,"url":"https:\/\/oceansignal.com\/wp-content\/uploads\/2025\/06\/Grab_Bag_EPIRB2_Kit-1.jpg","type":"image\/jpeg"}],"twitter_card":"summary_large_image","twitter_misc":{"Estimeret l\u00e6setid":"2 minutter"},"schema":{"@context":"https:\/\/schema.org","@graph":[{"@type":"WebPage","@id":"https:\/\/oceansignal.com\/da\/products\/epirb2-sikkerhedssaet\/","url":"https:\/\/oceansignal.com\/da\/products\/epirb2-sikkerhedssaet\/","name":"EPIRB2 Sejlsikkerhedss\u00e6t - Ocean Signal","isPartOf":{"@id":"https:\/\/oceansignal.com\/da\/#website"},"primaryImageOfPage":{"@id":"https:\/\/oceansignal.com\/da\/products\/epirb2-sikkerhedssaet\/#primaryimage"},"image":{"@id":"https:\/\/oceansignal.com\/da\/products\/epirb2-sikkerhedssaet\/#primaryimage"},"thumbnailUrl":"https:\/\/oceansignal.com\/wp-content\/uploads\/2025\/06\/Grab_Bag_EPIRB2_Kit-1.jpg","datePublished":"2025-06-24T09:45:57+00:00","dateModified":"2025-10-01T07:57:27+00:00","breadcrumb":{"@id":"https:\/\/oceansignal.com\/da\/products\/epirb2-sikkerhedssaet\/#breadcrumb"},"inLanguage":"da-DK","potentialAction":[{"@type":"ReadAction","target":["https:\/\/oceansignal.com\/da\/products\/epirb2-sikkerhedssaet\/"]}]},{"@type":"ImageObject","inLanguage":"da-DK","@id":"https:\/\/oceansignal.com\/da\/products\/epirb2-sikkerhedssaet\/#primaryimage","url":"https:\/\/oceansignal.com\/wp-content\/uploads\/2025\/06\/Grab_Bag_EPIRB2_Kit-1.jpg","contentUrl":"https:\/\/oceansignal.com\/wp-content\/uploads\/2025\/06\/Grab_Bag_EPIRB2_Kit-1.jpg","width":911,"height":805},{"@type":"BreadcrumbList","@id":"https:\/\/oceansignal.com\/da\/products\/epirb2-sikkerhedssaet\/#breadcrumb","itemListElement":[{"@type":"ListItem","position":1,"name":"Shop","item":"https:\/\/oceansignal.com\/da\/shop\/"},{"@type":"ListItem","position":2,"name":"EPIRB2 Sejlsikkerhedss\u00e6t"}]},{"@type":"WebSite","@id":"https:\/\/oceansignal.com\/da\/#website","url":"https:\/\/oceansignal.com\/da\/","name":"Ocean Signal","description":"A leading manufacturer of EPIRBs, AIS, SARTs, Personal Locator Beacons, Man Overboard Beacon for the Marine and Outdoor Markets.","potentialAction":[{"@type":"SearchAction","target":{"@type":"EntryPoint","urlTemplate":"https:\/\/oceansignal.com\/da\/?s={search_term_string}"},"query-input":{"@type":"PropertyValueSpecification","valueRequired":true,"valueName":"search_term_string"}}],"inLanguage":"da-DK"}]}},"_links":{"self":[{"href":"https:\/\/oceansignal.com\/da\/wp-json\/wp\/v2\/product\/31976","targetHints":{"allow":["GET"]}}],"collection":[{"href":"https:\/\/oceansignal.com\/da\/wp-json\/wp\/v2\/product"}],"about":[{"href":"https:\/\/oceansignal.com\/da\/wp-json\/wp\/v2\/types\/product"}],"wp:featuredmedia":[{"embeddable":true,"href":"https:\/\/oceansignal.com\/da\/wp-json\/wp\/v2\/media\/31372"}],"wp:attachment":[{"href":"https:\/\/oceansignal.com\/da\/wp-json\/wp\/v2\/media?parent=31976"}],"wp:term":[{"taxonomy":"product_brand","embeddable":true,"href":"https:\/\/oceansignal.com\/da\/wp-json\/wp\/v2\/product_brand?post=31976"},{"taxonomy":"product_cat","embeddable":true,"href":"https:\/\/oceansignal.com\/da\/wp-json\/wp\/v2\/product_cat?post=31976"},{"taxonomy":"product_tag","embeddable":true,"href":"https:\/\/oceansignal.com\/da\/wp-json\/wp\/v2\/product_tag?post=31976"}],"curies":[{"name":"wp","href":"https:\/\/api.w.org\/{rel}","templated":true}]}}