{"id":34835,"date":"2025-09-18T15:01:27","date_gmt":"2025-09-18T15:01:27","guid":{"rendered":"https:\/\/oceansignal.com\/?post_type=product&#038;p=34835"},"modified":"2025-09-18T15:29:57","modified_gmt":"2025-09-18T15:29:57","slug":"plb3-flydepose-copy","status":"publish","type":"product","link":"https:\/\/oceansignal.com\/da\/products\/plb3-flydepose-copy\/","title":{"rendered":"MOB1 Fittingspakke"},"content":{"rendered":"<p>MOB1-fittingspakken indeholder:<\/p>\n<ul>\n<li><span data-teams=\"true\">Aktiveringsskyderd\u00e6ksel<\/span><\/li>\n<li><span data-teams=\"true\">Beslag til oral montering af r\u00f8r<\/span><\/li>\n<li><span data-teams=\"true\">V\u00e6rkt\u00f8j til tilbagespoling af antenne<\/span><\/li>\n<li><span data-teams=\"true\">Programmeringsadapter<\/span><\/li>\n<li><span data-teams=\"true\">Aktiveringstape<\/span><\/li>\n<li><span data-teams=\"true\">L\u00e6ngde p\u00e5 ledning til at fastg\u00f8re MOB1<\/span><\/li>\n<\/ul>\n<p>Til brug med produkt-SKU: <span class=\"sku\">740S-01551 (Ocean Signal rescueME MOB1)<\/span><\/p>\n","protected":false},"excerpt":{"rendered":"<p>MOB1-fittingspakken indeholder alle de vigtigste dele, du har brug for, for at holde din MOB1 funktionsdygtig.<\/p>\n<p> Til brug med <a href=\"https:\/\/oceansignal.com\/products\/mob1\/\">rescueME MOB1 &#8211; <span class=\"sku\">740S-01551<\/span><\/a><\/p>\n","protected":false},"featured_media":34851,"template":"","meta":{"_acf_changed":false,"om_disable_all_campaigns":false},"product_brand":[],"product_cat":[1826,603],"product_tag":[1828,1050,1840],"class_list":{"0":"post-34835","1":"product","2":"type-product","3":"status-publish","4":"has-post-thumbnail","6":"product_cat-tilbehor-da","7":"product_cat-rescueme-da","8":"product_tag-flydepose","9":"product_tag-plb3-da","10":"product_tag-plb3-pose-da","12":"first","13":"instock","14":"taxable","15":"shipping-taxable","16":"purchasable","17":"product-type-simple"},"acf":[],"yoast_head":"<!-- This site is optimized with the Yoast SEO Premium plugin v25.2 (Yoast SEO v26.4) - https:\/\/yoast.com\/wordpress\/plugins\/seo\/ -->\n<title>MOB1 Fittingspakke - Ocean Signal<\/title>\n<meta name=\"robots\" content=\"index, follow, max-snippet:-1, max-image-preview:large, max-video-preview:-1\" \/>\n<link rel=\"canonical\" href=\"https:\/\/oceansignal.com\/da\/products\/plb3-flydepose-copy\/\" \/>\n<meta property=\"og:locale\" content=\"da_DK\" \/>\n<meta property=\"og:type\" content=\"article\" \/>\n<meta property=\"og:title\" content=\"MOB1 Fittingspakke\" \/>\n<meta property=\"og:description\" content=\"MOB1-fittingspakken indeholder alle de vigtigste dele, du har brug for, for at holde din MOB1 funktionsdygtig.  Til brug med rescueME MOB1 - 740S-01551\" \/>\n<meta property=\"og:url\" content=\"https:\/\/oceansignal.com\/da\/products\/plb3-flydepose-copy\/\" \/>\n<meta property=\"og:site_name\" content=\"Ocean Signal\" \/>\n<meta property=\"article:modified_time\" content=\"2025-09-18T15:29:57+00:00\" \/>\n<meta property=\"og:image\" content=\"https:\/\/oceansignal.com\/wp-content\/uploads\/2025\/09\/OSL-MOB1-Accessory-Kit.jpg\" \/>\n\t<meta property=\"og:image:width\" content=\"2000\" \/>\n\t<meta property=\"og:image:height\" content=\"2000\" \/>\n\t<meta property=\"og:image:type\" content=\"image\/jpeg\" \/>\n<meta name=\"twitter:card\" content=\"summary_large_image\" \/>\n<script type=\"application\/ld+json\" class=\"yoast-schema-graph\">{\"@context\":\"https:\/\/schema.org\",\"@graph\":[{\"@type\":\"WebPage\",\"@id\":\"https:\/\/oceansignal.com\/da\/products\/plb3-flydepose-copy\/\",\"url\":\"https:\/\/oceansignal.com\/da\/products\/plb3-flydepose-copy\/\",\"name\":\"MOB1 Fittingspakke - Ocean Signal\",\"isPartOf\":{\"@id\":\"https:\/\/oceansignal.com\/da\/#website\"},\"primaryImageOfPage\":{\"@id\":\"https:\/\/oceansignal.com\/da\/products\/plb3-flydepose-copy\/#primaryimage\"},\"image\":{\"@id\":\"https:\/\/oceansignal.com\/da\/products\/plb3-flydepose-copy\/#primaryimage\"},\"thumbnailUrl\":\"https:\/\/oceansignal.com\/wp-content\/uploads\/2025\/09\/OSL-MOB1-Accessory-Kit.jpg\",\"datePublished\":\"2025-09-18T15:01:27+00:00\",\"dateModified\":\"2025-09-18T15:29:57+00:00\",\"breadcrumb\":{\"@id\":\"https:\/\/oceansignal.com\/da\/products\/plb3-flydepose-copy\/#breadcrumb\"},\"inLanguage\":\"da-DK\",\"potentialAction\":[{\"@type\":\"ReadAction\",\"target\":[\"https:\/\/oceansignal.com\/da\/products\/plb3-flydepose-copy\/\"]}]},{\"@type\":\"ImageObject\",\"inLanguage\":\"da-DK\",\"@id\":\"https:\/\/oceansignal.com\/da\/products\/plb3-flydepose-copy\/#primaryimage\",\"url\":\"https:\/\/oceansignal.com\/wp-content\/uploads\/2025\/09\/OSL-MOB1-Accessory-Kit.jpg\",\"contentUrl\":\"https:\/\/oceansignal.com\/wp-content\/uploads\/2025\/09\/OSL-MOB1-Accessory-Kit.jpg\",\"width\":2000,\"height\":2000},{\"@type\":\"BreadcrumbList\",\"@id\":\"https:\/\/oceansignal.com\/da\/products\/plb3-flydepose-copy\/#breadcrumb\",\"itemListElement\":[{\"@type\":\"ListItem\",\"position\":1,\"name\":\"Shop\",\"item\":\"https:\/\/oceansignal.com\/da\/shop\/\"},{\"@type\":\"ListItem\",\"position\":2,\"name\":\"MOB1 Fittingspakke\"}]},{\"@type\":\"WebSite\",\"@id\":\"https:\/\/oceansignal.com\/da\/#website\",\"url\":\"https:\/\/oceansignal.com\/da\/\",\"name\":\"Ocean Signal\",\"description\":\"A leading manufacturer of EPIRBs, AIS, SARTs, Personal Locator Beacons, Man Overboard Beacon for the Marine and Outdoor Markets.\",\"potentialAction\":[{\"@type\":\"SearchAction\",\"target\":{\"@type\":\"EntryPoint\",\"urlTemplate\":\"https:\/\/oceansignal.com\/da\/?s={search_term_string}\"},\"query-input\":{\"@type\":\"PropertyValueSpecification\",\"valueRequired\":true,\"valueName\":\"search_term_string\"}}],\"inLanguage\":\"da-DK\"}]}<\/script>\n<!-- \/ Yoast SEO Premium plugin. -->","yoast_head_json":{"title":"MOB1 Fittingspakke - Ocean Signal","robots":{"index":"index","follow":"follow","max-snippet":"max-snippet:-1","max-image-preview":"max-image-preview:large","max-video-preview":"max-video-preview:-1"},"canonical":"https:\/\/oceansignal.com\/da\/products\/plb3-flydepose-copy\/","og_locale":"da_DK","og_type":"article","og_title":"MOB1 Fittingspakke","og_description":"MOB1-fittingspakken indeholder alle de vigtigste dele, du har brug for, for at holde din MOB1 funktionsdygtig.  Til brug med rescueME MOB1 - 740S-01551","og_url":"https:\/\/oceansignal.com\/da\/products\/plb3-flydepose-copy\/","og_site_name":"Ocean Signal","article_modified_time":"2025-09-18T15:29:57+00:00","og_image":[{"width":2000,"height":2000,"url":"https:\/\/oceansignal.com\/wp-content\/uploads\/2025\/09\/OSL-MOB1-Accessory-Kit.jpg","type":"image\/jpeg"}],"twitter_card":"summary_large_image","schema":{"@context":"https:\/\/schema.org","@graph":[{"@type":"WebPage","@id":"https:\/\/oceansignal.com\/da\/products\/plb3-flydepose-copy\/","url":"https:\/\/oceansignal.com\/da\/products\/plb3-flydepose-copy\/","name":"MOB1 Fittingspakke - Ocean Signal","isPartOf":{"@id":"https:\/\/oceansignal.com\/da\/#website"},"primaryImageOfPage":{"@id":"https:\/\/oceansignal.com\/da\/products\/plb3-flydepose-copy\/#primaryimage"},"image":{"@id":"https:\/\/oceansignal.com\/da\/products\/plb3-flydepose-copy\/#primaryimage"},"thumbnailUrl":"https:\/\/oceansignal.com\/wp-content\/uploads\/2025\/09\/OSL-MOB1-Accessory-Kit.jpg","datePublished":"2025-09-18T15:01:27+00:00","dateModified":"2025-09-18T15:29:57+00:00","breadcrumb":{"@id":"https:\/\/oceansignal.com\/da\/products\/plb3-flydepose-copy\/#breadcrumb"},"inLanguage":"da-DK","potentialAction":[{"@type":"ReadAction","target":["https:\/\/oceansignal.com\/da\/products\/plb3-flydepose-copy\/"]}]},{"@type":"ImageObject","inLanguage":"da-DK","@id":"https:\/\/oceansignal.com\/da\/products\/plb3-flydepose-copy\/#primaryimage","url":"https:\/\/oceansignal.com\/wp-content\/uploads\/2025\/09\/OSL-MOB1-Accessory-Kit.jpg","contentUrl":"https:\/\/oceansignal.com\/wp-content\/uploads\/2025\/09\/OSL-MOB1-Accessory-Kit.jpg","width":2000,"height":2000},{"@type":"BreadcrumbList","@id":"https:\/\/oceansignal.com\/da\/products\/plb3-flydepose-copy\/#breadcrumb","itemListElement":[{"@type":"ListItem","position":1,"name":"Shop","item":"https:\/\/oceansignal.com\/da\/shop\/"},{"@type":"ListItem","position":2,"name":"MOB1 Fittingspakke"}]},{"@type":"WebSite","@id":"https:\/\/oceansignal.com\/da\/#website","url":"https:\/\/oceansignal.com\/da\/","name":"Ocean Signal","description":"A leading manufacturer of EPIRBs, AIS, SARTs, Personal Locator Beacons, Man Overboard Beacon for the Marine and Outdoor Markets.","potentialAction":[{"@type":"SearchAction","target":{"@type":"EntryPoint","urlTemplate":"https:\/\/oceansignal.com\/da\/?s={search_term_string}"},"query-input":{"@type":"PropertyValueSpecification","valueRequired":true,"valueName":"search_term_string"}}],"inLanguage":"da-DK"}]}},"_links":{"self":[{"href":"https:\/\/oceansignal.com\/da\/wp-json\/wp\/v2\/product\/34835","targetHints":{"allow":["GET"]}}],"collection":[{"href":"https:\/\/oceansignal.com\/da\/wp-json\/wp\/v2\/product"}],"about":[{"href":"https:\/\/oceansignal.com\/da\/wp-json\/wp\/v2\/types\/product"}],"wp:featuredmedia":[{"embeddable":true,"href":"https:\/\/oceansignal.com\/da\/wp-json\/wp\/v2\/media\/34851"}],"wp:attachment":[{"href":"https:\/\/oceansignal.com\/da\/wp-json\/wp\/v2\/media?parent=34835"}],"wp:term":[{"taxonomy":"product_brand","embeddable":true,"href":"https:\/\/oceansignal.com\/da\/wp-json\/wp\/v2\/product_brand?post=34835"},{"taxonomy":"product_cat","embeddable":true,"href":"https:\/\/oceansignal.com\/da\/wp-json\/wp\/v2\/product_cat?post=34835"},{"taxonomy":"product_tag","embeddable":true,"href":"https:\/\/oceansignal.com\/da\/wp-json\/wp\/v2\/product_tag?post=34835"}],"curies":[{"name":"wp","href":"https:\/\/api.w.org\/{rel}","templated":true}]}}