{"id":38008,"date":"2025-11-07T11:01:43","date_gmt":"2025-11-07T11:01:43","guid":{"rendered":"https:\/\/oceansignal.com\/?post_type=product&#038;p=38008"},"modified":"2026-03-17T17:02:01","modified_gmt":"2026-03-17T17:02:01","slug":"epirb3-sejlsikkerhedssaet-copy-2","status":"publish","type":"product","link":"https:\/\/oceansignal.com\/da\/products\/epirb3-sejlsikkerhedssaet-copy-2\/","title":{"rendered":"PLB3 Sejlsikkerhedss\u00e6t"},"content":{"rendered":"<h3 data-start=\"3285\" data-end=\"3337\"><strong data-start=\"3292\" data-end=\"3337\"><img loading=\"lazy\" decoding=\"async\" class=\"alignnone size-full wp-image-32359\" src=\"https:\/\/oceansignal.com\/wp-content\/uploads\/2025\/07\/View-New-Safety-Kits.png\" alt=\"\" width=\"300\" height=\"75\" srcset=\"https:\/\/oceansignal.com\/wp-content\/uploads\/2025\/07\/View-New-Safety-Kits.png 300w, https:\/\/oceansignal.com\/wp-content\/uploads\/2025\/07\/View-New-Safety-Kits-60x15.png 60w, https:\/\/oceansignal.com\/wp-content\/uploads\/2025\/07\/View-New-Safety-Kits-110x28.png 110w\" sizes=\"auto, (max-width: 300px) 100vw, 300px\" \/><\/strong><\/h3>\n<h3 data-start=\"2673\" data-end=\"2727\"><strong data-start=\"2680\" data-end=\"2727\">Hvorfor v\u00e6lge PLB3-s\u00e6ttet?<\/strong><\/h3>\n<ul>\n<li data-start=\"308\" data-end=\"559\">Bygget til selvhjulpne sejlere &#8211; N\u00e5r du sejler alene eller med en lille bes\u00e6tning, skal alt udstyr fungere fejlfrit. PLB3-kittet leverer professionel beskyttelse designet til dem, der udelukkende er afh\u00e6ngige af sig selv og deres udstyr. <\/li>\n<li data-start=\"308\" data-end=\"559\">Verdens mest avancerede personlige beacon. rescueME PLB3 kombinerer 406 MHz satellitn\u00f8dsignal, lokal AIS-alarmering og Return Link Service (RLS) bekr\u00e6ftelse \u2013 s\u00e5 du ved, at dit opkald om hj\u00e6lp er modtaget. AIS sender din position til n\u00e6rliggende fart\u00f8jer for \u00f8jeblikkelig lokal opm\u00e6rksomhed. <\/li>\n<li data-start=\"308\" data-end=\"559\">Komplet, kompakt sikkerhedsl\u00f8sning pakket med havsignalpose med SOLAS-godkendt tape og ACR-spejl- og fl\u00f8jtes\u00e6t. S\u00e6ttet sikrer, at du opfylder offshore-kravene, samtidig med at du forbliver let, organiseret og klar til \u00f8jeblikkelig implementering.<\/li>\n<li data-start=\"308\" data-end=\"559\">Gennempr\u00f8vet teknologi fra Ocean Signal &amp; ACR Electronics. Dette s\u00e6t, der er betroet af racerb\u00e5de, leveringsskippere og langdistancekrydsere verden over, repr\u00e6senterer overlevelsesvidenskaben, n\u00e5r den er mest p\u00e5lidelig.<\/li>\n<\/ul>\n<h3 data-start=\"2313\" data-end=\"2334\"><strong data-start=\"2320\" data-end=\"2334\">Ideel til:<\/strong><\/h3>\n<ul>\n<li data-start=\"181\" data-end=\"379\">Solosejlere og shorthanded-bes\u00e6tninger Designet til dem, der sejler selvst\u00e6ndigt eller med minimal bes\u00e6tning \u2014 tilbyder p\u00e5lidelig, dobbeltlagskommunikation og redningstillid overalt i verden.<\/li>\n<li data-start=\"181\" data-end=\"379\">Bluewater &amp; Offshore Adventurers Ideel til sejlere, der krydser oceaner eller udforsker fjerntliggende kystlinjer, hvor selvhjulpenhed og kompakt, SOLAS-godkendt sikkerhedsudstyr er afg\u00f8rende.<\/li>\n<li data-start=\"181\" data-end=\"379\">Leveringsskippere og instrukt\u00f8rer Perfekt til professionelle skippere med ansvar for skibsoverf\u00f8rsler eller tr\u00e6ning \u2014 sikrer overholdelse af regler og personlig beskyttelse til enhver tid.<\/li>\n<\/ul>\n<p>&nbsp;<\/p>\n<h3 data-start=\"673\" data-end=\"726\"><strong data-start=\"680\" data-end=\"726\">Hvad er inkluderet, og hvordan underst\u00f8tter det redning?<\/strong><\/h3>\n<h4 data-start=\"728\" data-end=\"762\"><strong data-start=\"733\" data-end=\"760\">2 \u00d7 Ocean Signal rescueME PLB3<\/strong><\/h4>\n<p data-start=\"763\" data-end=\"786\">Kan ses lokalt (fart\u00f8jer med AIS-transceivere) og globalt (406 MHz-besked leveret til efters\u00f8gning og redning), spores pr\u00e6cist (AIS) og beroliges med bekr\u00e6ftelse i realtid (RLS) \u2013 alt sammen i \u00e9n enhed.<br \/>\n Vejledende udsalgspris: 849,99 \u00a3<\/p>\n<p data-start=\"763\" data-end=\"786\"><img loading=\"lazy\" decoding=\"async\" class=\"alignnone size-medium wp-image-11815\" src=\"https:\/\/oceansignal.com\/wp-content\/uploads\/2023\/09\/OSL-PLB3-Front-Antenna-Deployed-300x300.png\" alt=\"\" width=\"300\" height=\"300\" srcset=\"https:\/\/oceansignal.com\/wp-content\/uploads\/2023\/09\/OSL-PLB3-Front-Antenna-Deployed-300x300.png 300w, https:\/\/oceansignal.com\/wp-content\/uploads\/2023\/09\/OSL-PLB3-Front-Antenna-Deployed-1024x1024.png 1024w, https:\/\/oceansignal.com\/wp-content\/uploads\/2023\/09\/OSL-PLB3-Front-Antenna-Deployed-150x150.png 150w, https:\/\/oceansignal.com\/wp-content\/uploads\/2023\/09\/OSL-PLB3-Front-Antenna-Deployed-768x768.png 768w, https:\/\/oceansignal.com\/wp-content\/uploads\/2023\/09\/OSL-PLB3-Front-Antenna-Deployed-1536x1536.png 1536w, https:\/\/oceansignal.com\/wp-content\/uploads\/2023\/09\/OSL-PLB3-Front-Antenna-Deployed-600x600.png 600w, https:\/\/oceansignal.com\/wp-content\/uploads\/2023\/09\/OSL-PLB3-Front-Antenna-Deployed-100x100.png 100w, https:\/\/oceansignal.com\/wp-content\/uploads\/2023\/09\/OSL-PLB3-Front-Antenna-Deployed-60x60.png 60w, https:\/\/oceansignal.com\/wp-content\/uploads\/2023\/09\/OSL-PLB3-Front-Antenna-Deployed-110x110.png 110w, https:\/\/oceansignal.com\/wp-content\/uploads\/2023\/09\/OSL-PLB3-Front-Antenna-Deployed.png 2000w\" sizes=\"auto, (max-width: 300px) 100vw, 300px\" \/><\/p>\n<ul data-start=\"917\" data-end=\"1359\">\n<li data-start=\"917\" data-end=\"965\">Verdens F\u00d8RSTE PLB med AIS og verdens F\u00d8RSTE PLB med NFC og mobilapp\n<ul>\n<li data-start=\"71\" data-end=\"199\">\n<p data-start=\"73\" data-end=\"199\">Triple Alert System: Sender globalt 406 MHz n\u00f8dsignal, AIS til n\u00e6rliggende fart\u00f8jer og 121,5 MHz m\u00e5ls\u00f8gning til globale redningshold<\/p>\n<\/li>\n<li data-start=\"71\" data-end=\"199\">PFD-klar design: Inkluderer en multifunktionsklips og er designet til problemfri integration med de fleste oppustelige redningsveste<\/li>\n<li data-start=\"200\" data-end=\"302\">\n<p data-start=\"202\" data-end=\"302\">Smart &amp; forbundet: NFC-aktiveret til ops\u00e6tning og statuskontrol via gratis mobilapp (iOS og Android)<\/p>\n<\/li>\n<li data-start=\"303\" data-end=\"403\">\n<p data-start=\"305\" data-end=\"403\">Ingen abonnementer: Engangsk\u00f8b med 6 \u00e5rs batterilevetid og 24+ timers aktiveringstid<\/p>\n<\/li>\n<li data-start=\"303\" data-end=\"403\"><a href=\"https:\/\/oceansignal.com\/news\/ocean-signal-wins-overall-dame-design-award-2022-for-rescueme-plb3-ais-personal-locator-beacon\/\">Vinder: Samlet DAME Design Award 2022<\/a><\/li>\n<\/ul>\n<p data-start=\"919\" data-end=\"965\">\n<\/li>\n<\/ul>\n<h4 data-start=\"1516\" data-end=\"1558\"><strong data-start=\"1521\" data-end=\"1556\">1 \u00d7 ACR Signalspejl og fl\u00f8jte<\/strong><\/h4>\n<p data-start=\"1559\" data-end=\"1581\">Ideel n\u00e5r SAR-hold er i n\u00e6rheden, og du har brug for at tiltr\u00e6kke deres opm\u00e6rksomhed hurtigt og tydeligt.<br \/>\n Detailv\u00e6rdi: 10,99 \u00a3<\/p>\n<p data-start=\"1559\" data-end=\"1581\"><img loading=\"lazy\" decoding=\"async\" class=\"alignnone wp-image-31407 size-medium\" src=\"https:\/\/oceansignal.com\/wp-content\/uploads\/2025\/06\/Grab_Bag_EPIRB1_Kit-e1752085331562-300x131.png\" alt=\"\" width=\"300\" height=\"131\" srcset=\"https:\/\/oceansignal.com\/wp-content\/uploads\/2025\/06\/Grab_Bag_EPIRB1_Kit-e1752085331562-300x131.png 300w, https:\/\/oceansignal.com\/wp-content\/uploads\/2025\/06\/Grab_Bag_EPIRB1_Kit-e1752085331562-60x26.png 60w, https:\/\/oceansignal.com\/wp-content\/uploads\/2025\/06\/Grab_Bag_EPIRB1_Kit-e1752085331562-110x48.png 110w, https:\/\/oceansignal.com\/wp-content\/uploads\/2025\/06\/Grab_Bag_EPIRB1_Kit-e1752085331562.png 344w\" sizes=\"auto, (max-width: 300px) 100vw, 300px\" \/><\/p>\n<p data-start=\"1583\" data-end=\"1691\">Disse vedligeholdelsesfrie v\u00e6rkt\u00f8jer tilf\u00f8jer v\u00e6rdifuld ekstra synlighed og lydsignalering i de sidste faser af redningsaktionen.<\/p>\n<ul data-start=\"1693\" data-end=\"1791\">\n<li data-start=\"1693\" data-end=\"1734\">\n<p data-start=\"1695\" data-end=\"1734\"><strong>Meget reflekterende kompakt spejl til visuelle signaler i dagslys &#8211; Konstrueret til at reflektere sollys over store afstande, ideelt til at fange opm\u00e6rksomheden fra passerende skibe eller fly<\/strong><\/p>\n<\/li>\n<li data-start=\"1735\" data-end=\"1791\">\n<p data-start=\"1737\" data-end=\"1791\"><strong>H\u00f8j, lydl\u00f8s fl\u00f8jten tiltr\u00e6kker opm\u00e6rksomhed p\u00e5 t\u00e6t hold<\/strong><\/p>\n<\/li>\n<\/ul>\n<h4 data-start=\"1914\" data-end=\"1961\"><\/h4>\n<h4 data-start=\"1914\" data-end=\"1961\"><strong data-start=\"1919\" data-end=\"1959\">1 \u00d7 Ocean Signal vandt\u00e6t gribepose<\/strong><\/h4>\n<p data-start=\"1962\" data-end=\"1985\"><em data-start=\"1962\" data-end=\"1985\">N\u00e5r hvert sekund t\u00e6ller, er det afg\u00f8rende at have alt p\u00e5 \u00e9t t\u00f8rt og synligt sted.<br \/>\n Vejledende udsalgspris: 129,99 \u00a3<\/em><\/p>\n<p data-start=\"1962\" data-end=\"1985\"><img loading=\"lazy\" decoding=\"async\" class=\"alignnone wp-image-31488 size-medium\" src=\"https:\/\/oceansignal.com\/wp-content\/uploads\/2025\/06\/Grab_Bag-1-241x300.webp\" alt=\"\" width=\"241\" height=\"300\" srcset=\"https:\/\/oceansignal.com\/wp-content\/uploads\/2025\/06\/Grab_Bag-1-241x300.webp 241w, https:\/\/oceansignal.com\/wp-content\/uploads\/2025\/06\/Grab_Bag-1-60x75.webp 60w, https:\/\/oceansignal.com\/wp-content\/uploads\/2025\/06\/Grab_Bag-1-110x137.webp 110w, https:\/\/oceansignal.com\/wp-content\/uploads\/2025\/06\/Grab_Bag-1.webp 489w\" sizes=\"auto, (max-width: 241px) 100vw, 241px\" \/><\/p>\n<p data-start=\"1987\" data-end=\"2079\">Denne robuste, flydende taske holder dit vigtigste udstyr sammen \u2013 t\u00f8rt, beskyttet og klar til brug.<\/p>\n<ul data-start=\"2081\" data-end=\"2190\">\n<li data-start=\"2081\" data-end=\"2107\">\n<p data-start=\"2083\" data-end=\"2107\"><strong>Farve med h\u00f8j synlighed<\/strong><\/p>\n<\/li>\n<li data-start=\"2108\" data-end=\"2131\">\n<p data-start=\"2110\" data-end=\"2131\"><strong>Opdrift<\/strong><\/p>\n<\/li>\n<li data-start=\"2132\" data-end=\"2190\">\n<p data-start=\"2134\" data-end=\"2190\"><strong>Ideel st\u00f8rrelse til EPIRB, eventuelt ekstra sikkerhedsudstyr og vigtige dokumenter<\/strong><\/p>\n<\/li>\n<\/ul>\n","protected":false},"excerpt":{"rendered":"<ul>\n<li data-start=\"250\" data-end=\"437\">Udviklet til solosejlere og s\u00f8m\u00e6nd med sm\u00e5 bes\u00e6tninger: To Ocean Signal PLB3-beacons leverer dobbelte 406 MHz + AIS-n\u00f8dalarmer, hvilket sikrer global redningsindsats og \u00f8jeblikkelig lokal sigtbarhed.<\/li>\n<li data-start=\"250\" data-end=\"437\">Kompakt, offshore-klart design inkluderer havsignalpose med SOLAS-godkendt tape, plus ACR-spejle og fl\u00f8jter til vigtig signalering og overholdelse af regler til s\u00f8s<\/li>\n<li data-start=\"250\" data-end=\"437\">P\u00e5lidelig p\u00e5lidelighed: Udviklet af Ocean Signal &amp; ACR Electronics \u2014 professionel sikkerhed, som er betroet af b\u00e5de skippere og enh\u00e5nds-eventyrere verden over<\/li>\n<\/ul>\n<p>Samlet s\u00e6tv\u00e6rdi ved vejledende udsalgspris: \u00a31201. Spar \u00a3160 med dette s\u00e6t! <\/p>\n","protected":false},"featured_media":38040,"template":"","meta":{"_acf_changed":false,"om_disable_all_campaigns":false},"product_brand":[],"product_cat":[1979,1679,603],"product_tag":[1680,1695],"class_list":{"0":"post-38008","1":"product","2":"type-product","3":"status-publish","4":"has-post-thumbnail","6":"product_cat-kompatibel-med-redningsveste","7":"product_cat-sikkerhedssaet","8":"product_cat-rescueme-da","9":"product_tag-grab-bag-da","10":"product_tag-sikkerhedssaet-da","12":"first","13":"instock","14":"taxable","15":"shipping-taxable","16":"purchasable","17":"product-type-simple"},"acf":[],"yoast_head":"<!-- This site is optimized with the Yoast SEO Premium plugin v25.2 (Yoast SEO v26.4) - https:\/\/yoast.com\/wordpress\/plugins\/seo\/ -->\n<title>PLB3 Sejlsikkerhedss\u00e6t - Ocean Signal<\/title>\n<meta name=\"robots\" content=\"index, follow, max-snippet:-1, max-image-preview:large, max-video-preview:-1\" \/>\n<link rel=\"canonical\" href=\"https:\/\/oceansignal.com\/da\/products\/epirb3-sejlsikkerhedssaet-copy-2\/\" \/>\n<meta property=\"og:locale\" content=\"da_DK\" \/>\n<meta property=\"og:type\" content=\"article\" \/>\n<meta property=\"og:title\" content=\"PLB3 Sejlsikkerhedss\u00e6t\" \/>\n<meta property=\"og:description\" content=\"Udviklet til solosejlere og s\u00f8m\u00e6nd med sm\u00e5 bes\u00e6tninger: To Ocean Signal PLB3-beacons leverer dobbelte 406 MHz + AIS-n\u00f8dalarmer, hvilket sikrer global redningsindsats og \u00f8jeblikkelig lokal sigtbarhed.  Kompakt, offshore-klart design inkluderer havsignalpose med SOLAS-godkendt tape, plus ACR-spejle og fl\u00f8jter til vigtig signalering og overholdelse af regler til s\u00f8s  P\u00e5lidelig p\u00e5lidelighed: Udviklet af Ocean Signal &amp; ACR Electronics \u2014 professionel sikkerhed, som er betroet af b\u00e5de skippere og enh\u00e5nds-eventyrere verden over Samlet s\u00e6tv\u00e6rdi ved vejledende udsalgspris: \u00a31201. Spar \u00a3160 med dette s\u00e6t!\" \/>\n<meta property=\"og:url\" content=\"https:\/\/oceansignal.com\/da\/products\/epirb3-sejlsikkerhedssaet-copy-2\/\" \/>\n<meta property=\"og:site_name\" content=\"Ocean Signal\" \/>\n<meta property=\"article:modified_time\" content=\"2026-03-17T17:02:01+00:00\" \/>\n<meta property=\"og:image\" content=\"https:\/\/oceansignal.com\/wp-content\/uploads\/2025\/11\/Grab_Bag_PLB3_Safety_Kit.jpg\" \/>\n\t<meta property=\"og:image:width\" content=\"504\" \/>\n\t<meta property=\"og:image:height\" content=\"497\" \/>\n\t<meta property=\"og:image:type\" content=\"image\/jpeg\" \/>\n<meta name=\"twitter:card\" content=\"summary_large_image\" \/>\n<meta name=\"twitter:label1\" content=\"Estimeret l\u00e6setid\" \/>\n\t<meta name=\"twitter:data1\" content=\"3 minutter\" \/>\n<script type=\"application\/ld+json\" class=\"yoast-schema-graph\">{\"@context\":\"https:\/\/schema.org\",\"@graph\":[{\"@type\":\"WebPage\",\"@id\":\"https:\/\/oceansignal.com\/da\/products\/epirb3-sejlsikkerhedssaet-copy-2\/\",\"url\":\"https:\/\/oceansignal.com\/da\/products\/epirb3-sejlsikkerhedssaet-copy-2\/\",\"name\":\"PLB3 Sejlsikkerhedss\u00e6t - Ocean Signal\",\"isPartOf\":{\"@id\":\"https:\/\/oceansignal.com\/da\/#website\"},\"primaryImageOfPage\":{\"@id\":\"https:\/\/oceansignal.com\/da\/products\/epirb3-sejlsikkerhedssaet-copy-2\/#primaryimage\"},\"image\":{\"@id\":\"https:\/\/oceansignal.com\/da\/products\/epirb3-sejlsikkerhedssaet-copy-2\/#primaryimage\"},\"thumbnailUrl\":\"https:\/\/oceansignal.com\/wp-content\/uploads\/2025\/11\/Grab_Bag_PLB3_Safety_Kit.jpg\",\"datePublished\":\"2025-11-07T11:01:43+00:00\",\"dateModified\":\"2026-03-17T17:02:01+00:00\",\"breadcrumb\":{\"@id\":\"https:\/\/oceansignal.com\/da\/products\/epirb3-sejlsikkerhedssaet-copy-2\/#breadcrumb\"},\"inLanguage\":\"da-DK\",\"potentialAction\":[{\"@type\":\"ReadAction\",\"target\":[\"https:\/\/oceansignal.com\/da\/products\/epirb3-sejlsikkerhedssaet-copy-2\/\"]}]},{\"@type\":\"ImageObject\",\"inLanguage\":\"da-DK\",\"@id\":\"https:\/\/oceansignal.com\/da\/products\/epirb3-sejlsikkerhedssaet-copy-2\/#primaryimage\",\"url\":\"https:\/\/oceansignal.com\/wp-content\/uploads\/2025\/11\/Grab_Bag_PLB3_Safety_Kit.jpg\",\"contentUrl\":\"https:\/\/oceansignal.com\/wp-content\/uploads\/2025\/11\/Grab_Bag_PLB3_Safety_Kit.jpg\",\"width\":504,\"height\":497},{\"@type\":\"BreadcrumbList\",\"@id\":\"https:\/\/oceansignal.com\/da\/products\/epirb3-sejlsikkerhedssaet-copy-2\/#breadcrumb\",\"itemListElement\":[{\"@type\":\"ListItem\",\"position\":1,\"name\":\"Shop\",\"item\":\"https:\/\/oceansignal.com\/da\/shop\/\"},{\"@type\":\"ListItem\",\"position\":2,\"name\":\"PLB3 Sejlsikkerhedss\u00e6t\"}]},{\"@type\":\"WebSite\",\"@id\":\"https:\/\/oceansignal.com\/da\/#website\",\"url\":\"https:\/\/oceansignal.com\/da\/\",\"name\":\"Ocean Signal\",\"description\":\"A leading manufacturer of EPIRBs, AIS, SARTs, Personal Locator Beacons, Man Overboard Beacon for the Marine and Outdoor Markets.\",\"potentialAction\":[{\"@type\":\"SearchAction\",\"target\":{\"@type\":\"EntryPoint\",\"urlTemplate\":\"https:\/\/oceansignal.com\/da\/?s={search_term_string}\"},\"query-input\":{\"@type\":\"PropertyValueSpecification\",\"valueRequired\":true,\"valueName\":\"search_term_string\"}}],\"inLanguage\":\"da-DK\"}]}<\/script>\n<!-- \/ Yoast SEO Premium plugin. -->","yoast_head_json":{"title":"PLB3 Sejlsikkerhedss\u00e6t - Ocean Signal","robots":{"index":"index","follow":"follow","max-snippet":"max-snippet:-1","max-image-preview":"max-image-preview:large","max-video-preview":"max-video-preview:-1"},"canonical":"https:\/\/oceansignal.com\/da\/products\/epirb3-sejlsikkerhedssaet-copy-2\/","og_locale":"da_DK","og_type":"article","og_title":"PLB3 Sejlsikkerhedss\u00e6t","og_description":"Udviklet til solosejlere og s\u00f8m\u00e6nd med sm\u00e5 bes\u00e6tninger: To Ocean Signal PLB3-beacons leverer dobbelte 406 MHz + AIS-n\u00f8dalarmer, hvilket sikrer global redningsindsats og \u00f8jeblikkelig lokal sigtbarhed.  Kompakt, offshore-klart design inkluderer havsignalpose med SOLAS-godkendt tape, plus ACR-spejle og fl\u00f8jter til vigtig signalering og overholdelse af regler til s\u00f8s  P\u00e5lidelig p\u00e5lidelighed: Udviklet af Ocean Signal &amp; ACR Electronics \u2014 professionel sikkerhed, som er betroet af b\u00e5de skippere og enh\u00e5nds-eventyrere verden over Samlet s\u00e6tv\u00e6rdi ved vejledende udsalgspris: \u00a31201. Spar \u00a3160 med dette s\u00e6t!","og_url":"https:\/\/oceansignal.com\/da\/products\/epirb3-sejlsikkerhedssaet-copy-2\/","og_site_name":"Ocean Signal","article_modified_time":"2026-03-17T17:02:01+00:00","og_image":[{"width":504,"height":497,"url":"https:\/\/oceansignal.com\/wp-content\/uploads\/2025\/11\/Grab_Bag_PLB3_Safety_Kit.jpg","type":"image\/jpeg"}],"twitter_card":"summary_large_image","twitter_misc":{"Estimeret l\u00e6setid":"3 minutter"},"schema":{"@context":"https:\/\/schema.org","@graph":[{"@type":"WebPage","@id":"https:\/\/oceansignal.com\/da\/products\/epirb3-sejlsikkerhedssaet-copy-2\/","url":"https:\/\/oceansignal.com\/da\/products\/epirb3-sejlsikkerhedssaet-copy-2\/","name":"PLB3 Sejlsikkerhedss\u00e6t - Ocean Signal","isPartOf":{"@id":"https:\/\/oceansignal.com\/da\/#website"},"primaryImageOfPage":{"@id":"https:\/\/oceansignal.com\/da\/products\/epirb3-sejlsikkerhedssaet-copy-2\/#primaryimage"},"image":{"@id":"https:\/\/oceansignal.com\/da\/products\/epirb3-sejlsikkerhedssaet-copy-2\/#primaryimage"},"thumbnailUrl":"https:\/\/oceansignal.com\/wp-content\/uploads\/2025\/11\/Grab_Bag_PLB3_Safety_Kit.jpg","datePublished":"2025-11-07T11:01:43+00:00","dateModified":"2026-03-17T17:02:01+00:00","breadcrumb":{"@id":"https:\/\/oceansignal.com\/da\/products\/epirb3-sejlsikkerhedssaet-copy-2\/#breadcrumb"},"inLanguage":"da-DK","potentialAction":[{"@type":"ReadAction","target":["https:\/\/oceansignal.com\/da\/products\/epirb3-sejlsikkerhedssaet-copy-2\/"]}]},{"@type":"ImageObject","inLanguage":"da-DK","@id":"https:\/\/oceansignal.com\/da\/products\/epirb3-sejlsikkerhedssaet-copy-2\/#primaryimage","url":"https:\/\/oceansignal.com\/wp-content\/uploads\/2025\/11\/Grab_Bag_PLB3_Safety_Kit.jpg","contentUrl":"https:\/\/oceansignal.com\/wp-content\/uploads\/2025\/11\/Grab_Bag_PLB3_Safety_Kit.jpg","width":504,"height":497},{"@type":"BreadcrumbList","@id":"https:\/\/oceansignal.com\/da\/products\/epirb3-sejlsikkerhedssaet-copy-2\/#breadcrumb","itemListElement":[{"@type":"ListItem","position":1,"name":"Shop","item":"https:\/\/oceansignal.com\/da\/shop\/"},{"@type":"ListItem","position":2,"name":"PLB3 Sejlsikkerhedss\u00e6t"}]},{"@type":"WebSite","@id":"https:\/\/oceansignal.com\/da\/#website","url":"https:\/\/oceansignal.com\/da\/","name":"Ocean Signal","description":"A leading manufacturer of EPIRBs, AIS, SARTs, Personal Locator Beacons, Man Overboard Beacon for the Marine and Outdoor Markets.","potentialAction":[{"@type":"SearchAction","target":{"@type":"EntryPoint","urlTemplate":"https:\/\/oceansignal.com\/da\/?s={search_term_string}"},"query-input":{"@type":"PropertyValueSpecification","valueRequired":true,"valueName":"search_term_string"}}],"inLanguage":"da-DK"}]}},"_links":{"self":[{"href":"https:\/\/oceansignal.com\/da\/wp-json\/wp\/v2\/product\/38008","targetHints":{"allow":["GET"]}}],"collection":[{"href":"https:\/\/oceansignal.com\/da\/wp-json\/wp\/v2\/product"}],"about":[{"href":"https:\/\/oceansignal.com\/da\/wp-json\/wp\/v2\/types\/product"}],"wp:featuredmedia":[{"embeddable":true,"href":"https:\/\/oceansignal.com\/da\/wp-json\/wp\/v2\/media\/38040"}],"wp:attachment":[{"href":"https:\/\/oceansignal.com\/da\/wp-json\/wp\/v2\/media?parent=38008"}],"wp:term":[{"taxonomy":"product_brand","embeddable":true,"href":"https:\/\/oceansignal.com\/da\/wp-json\/wp\/v2\/product_brand?post=38008"},{"taxonomy":"product_cat","embeddable":true,"href":"https:\/\/oceansignal.com\/da\/wp-json\/wp\/v2\/product_cat?post=38008"},{"taxonomy":"product_tag","embeddable":true,"href":"https:\/\/oceansignal.com\/da\/wp-json\/wp\/v2\/product_tag?post=38008"}],"curies":[{"name":"wp","href":"https:\/\/api.w.org\/{rel}","templated":true}]}}