{"id":38770,"date":"2025-10-23T12:51:41","date_gmt":"2025-10-23T12:51:41","guid":{"rendered":"https:\/\/oceansignal.com\/products\/ocean-signal-toerpose\/"},"modified":"2025-10-23T12:51:41","modified_gmt":"2025-10-23T12:51:41","slug":"ocean-signal-toerpose","status":"publish","type":"product","link":"https:\/\/oceansignal.com\/da\/products\/ocean-signal-toerpose\/","title":{"rendered":"Ocean Signal t\u00f8rpose"},"content":{"rendered":"<p><strong>Kompakt vandt\u00e6t t\u00f8rpose<\/strong><\/p>\n<p data-start=\"201\" data-end=\"599\">Perfekt til paddleboarding, kajaksejlads, strandture eller ethvert andet udend\u00f8rseventyr. Denne lille vandt\u00e6tte t\u00f8rtaske holder dine vigtigste ting sikre, t\u00f8rre og beskyttet mod elementerne. Den er lavet af slidst\u00e6rke, vandt\u00e6tte materialer og har en rullelukning, der forsegler vand, sand og snavs. Den er let og flydende, og den flyder endda, hvis den tabes i vand \u2013 hvilket g\u00f8r den ideel til brug p\u00e5 s\u00f8er, floder eller i havet.  <\/p>\n<p data-start=\"601\" data-end=\"838\">Uanset om du pakker din telefon, n\u00f8gler, snacks eller et skift t\u00f8j, er denne t\u00f8rre taske designet til bekvemmelighed og ro i sindet. S\u00e6t den fast p\u00e5 dit udstyr, eller b\u00e6r den alene \u2013 dine ejendele forbliver t\u00f8rre, uanset hvor din rejse f\u00f8rer dig hen. <\/p>\n<p data-start=\"840\" data-end=\"857\"><strong data-start=\"840\" data-end=\"857\">N\u00f8glefunktioner:<\/strong><\/p>\n<ul data-start=\"858\" data-end=\"1135\">\n<li data-start=\"858\" data-end=\"913\">\n<p data-start=\"860\" data-end=\"913\">100% vandt\u00e6t design med sikker rullelukning<\/p>\n<\/li>\n<li data-start=\"981\" data-end=\"1024\">\n<p data-start=\"983\" data-end=\"1024\">Let og kompakt for nem rejse<\/p>\n<\/li>\n<li data-start=\"1025\" data-end=\"1078\">\n<p data-start=\"1027\" data-end=\"1078\">Holdbar konstruktion bygget til udend\u00f8rs forhold<\/p>\n<\/li>\n<li data-start=\"1079\" data-end=\"1135\">\n<p data-start=\"1081\" data-end=\"1135\">Ideel til at holde v\u00e6rdigenstande t\u00f8rre under ethvert eventyr<\/p>\n<\/li>\n<li data-start=\"1079\" data-end=\"1135\">Dimensioner: 7,5 x 14,75 (TOMMER)<\/li>\n<\/ul>\n","protected":false},"excerpt":{"rendered":"<p>Hold dine vigtigste ting t\u00f8rre og sikre med denne kompakte, <strong>vandt\u00e6tte<\/strong> t\u00f8rtaske \u2013 perfekt til paddleboarding, kajaksejlads, strandture og alle dine udend\u00f8rseventyr. Denne vandt\u00e6tte opbevaringsl\u00f8sning fungerer ogs\u00e5 som en flydende taske til udstyr og tilbyder let beskyttelse uden at v\u00e6re for stor. Den er robust bygget til enhver rejse og er en holdbar rejseledsager, du kan stole p\u00e5. Uanset om du er p\u00e5 vandet eller p\u00e5 stierne, er dette et essentielt stykke eventyrudstyr, der flyder for ekstra ro i sindet.   <\/p>\n","protected":false},"featured_media":37436,"template":"","meta":{"_acf_changed":false,"om_disable_all_campaigns":false},"product_brand":[],"product_cat":[1826],"product_tag":[1702,1954],"class_list":{"0":"post-38770","1":"product","2":"type-product","3":"status-publish","4":"has-post-thumbnail","6":"product_cat-tilbehor-da","7":"product_tag-groftepose","8":"product_tag-torpose","10":"first","11":"outofstock","12":"taxable","13":"shipping-taxable","14":"purchasable","15":"product-type-simple"},"acf":[],"yoast_head":"<!-- This site is optimized with the Yoast SEO Premium plugin v25.2 (Yoast SEO v26.4) - https:\/\/yoast.com\/wordpress\/plugins\/seo\/ -->\n<title>Ocean Signal t\u00f8rpose - Ocean Signal<\/title>\n<meta name=\"robots\" content=\"index, follow, max-snippet:-1, max-image-preview:large, max-video-preview:-1\" \/>\n<link rel=\"canonical\" href=\"https:\/\/oceansignal.com\/da\/products\/ocean-signal-toerpose\/\" \/>\n<meta property=\"og:locale\" content=\"da_DK\" \/>\n<meta property=\"og:type\" content=\"article\" \/>\n<meta property=\"og:title\" content=\"Ocean Signal t\u00f8rpose\" \/>\n<meta property=\"og:description\" content=\"Hold dine vigtigste ting t\u00f8rre og sikre med denne kompakte, vandt\u00e6tte t\u00f8rtaske \u2013 perfekt til paddleboarding, kajaksejlads, strandture og alle dine udend\u00f8rseventyr. Denne vandt\u00e6tte opbevaringsl\u00f8sning fungerer ogs\u00e5 som en flydende taske til udstyr og tilbyder let beskyttelse uden at v\u00e6re for stor. Den er robust bygget til enhver rejse og er en holdbar rejseledsager, du kan stole p\u00e5. Uanset om du er p\u00e5 vandet eller p\u00e5 stierne, er dette et essentielt stykke eventyrudstyr, der flyder for ekstra ro i sindet.\" \/>\n<meta property=\"og:url\" content=\"https:\/\/oceansignal.com\/da\/products\/ocean-signal-toerpose\/\" \/>\n<meta property=\"og:site_name\" content=\"Ocean Signal\" \/>\n<meta property=\"og:image\" content=\"https:\/\/oceansignal.com\/wp-content\/uploads\/2025\/10\/Multi-Brand-Dry-Bag-Front-Closed.jpg\" \/>\n\t<meta property=\"og:image:width\" content=\"2000\" \/>\n\t<meta property=\"og:image:height\" content=\"2000\" \/>\n\t<meta property=\"og:image:type\" content=\"image\/jpeg\" \/>\n<meta name=\"twitter:card\" content=\"summary_large_image\" \/>\n<meta name=\"twitter:label1\" content=\"Estimeret l\u00e6setid\" \/>\n\t<meta name=\"twitter:data1\" content=\"1 minut\" \/>\n<script type=\"application\/ld+json\" class=\"yoast-schema-graph\">{\"@context\":\"https:\/\/schema.org\",\"@graph\":[{\"@type\":\"WebPage\",\"@id\":\"https:\/\/oceansignal.com\/da\/products\/ocean-signal-toerpose\/\",\"url\":\"https:\/\/oceansignal.com\/da\/products\/ocean-signal-toerpose\/\",\"name\":\"Ocean Signal t\u00f8rpose - Ocean Signal\",\"isPartOf\":{\"@id\":\"https:\/\/oceansignal.com\/da\/#website\"},\"primaryImageOfPage\":{\"@id\":\"https:\/\/oceansignal.com\/da\/products\/ocean-signal-toerpose\/#primaryimage\"},\"image\":{\"@id\":\"https:\/\/oceansignal.com\/da\/products\/ocean-signal-toerpose\/#primaryimage\"},\"thumbnailUrl\":\"https:\/\/oceansignal.com\/wp-content\/uploads\/2025\/10\/Multi-Brand-Dry-Bag-Front-Closed.jpg\",\"datePublished\":\"2025-10-23T12:51:41+00:00\",\"breadcrumb\":{\"@id\":\"https:\/\/oceansignal.com\/da\/products\/ocean-signal-toerpose\/#breadcrumb\"},\"inLanguage\":\"da-DK\",\"potentialAction\":[{\"@type\":\"ReadAction\",\"target\":[\"https:\/\/oceansignal.com\/da\/products\/ocean-signal-toerpose\/\"]}]},{\"@type\":\"ImageObject\",\"inLanguage\":\"da-DK\",\"@id\":\"https:\/\/oceansignal.com\/da\/products\/ocean-signal-toerpose\/#primaryimage\",\"url\":\"https:\/\/oceansignal.com\/wp-content\/uploads\/2025\/10\/Multi-Brand-Dry-Bag-Front-Closed.jpg\",\"contentUrl\":\"https:\/\/oceansignal.com\/wp-content\/uploads\/2025\/10\/Multi-Brand-Dry-Bag-Front-Closed.jpg\",\"width\":2000,\"height\":2000},{\"@type\":\"BreadcrumbList\",\"@id\":\"https:\/\/oceansignal.com\/da\/products\/ocean-signal-toerpose\/#breadcrumb\",\"itemListElement\":[{\"@type\":\"ListItem\",\"position\":1,\"name\":\"Shop\",\"item\":\"https:\/\/oceansignal.com\/da\/shop\/\"},{\"@type\":\"ListItem\",\"position\":2,\"name\":\"Ocean Signal t\u00f8rpose\"}]},{\"@type\":\"WebSite\",\"@id\":\"https:\/\/oceansignal.com\/da\/#website\",\"url\":\"https:\/\/oceansignal.com\/da\/\",\"name\":\"Ocean Signal\",\"description\":\"A leading manufacturer of EPIRBs, AIS, SARTs, Personal Locator Beacons, Man Overboard Beacon for the Marine and Outdoor Markets.\",\"potentialAction\":[{\"@type\":\"SearchAction\",\"target\":{\"@type\":\"EntryPoint\",\"urlTemplate\":\"https:\/\/oceansignal.com\/da\/?s={search_term_string}\"},\"query-input\":{\"@type\":\"PropertyValueSpecification\",\"valueRequired\":true,\"valueName\":\"search_term_string\"}}],\"inLanguage\":\"da-DK\"}]}<\/script>\n<!-- \/ Yoast SEO Premium plugin. -->","yoast_head_json":{"title":"Ocean Signal t\u00f8rpose - Ocean Signal","robots":{"index":"index","follow":"follow","max-snippet":"max-snippet:-1","max-image-preview":"max-image-preview:large","max-video-preview":"max-video-preview:-1"},"canonical":"https:\/\/oceansignal.com\/da\/products\/ocean-signal-toerpose\/","og_locale":"da_DK","og_type":"article","og_title":"Ocean Signal t\u00f8rpose","og_description":"Hold dine vigtigste ting t\u00f8rre og sikre med denne kompakte, vandt\u00e6tte t\u00f8rtaske \u2013 perfekt til paddleboarding, kajaksejlads, strandture og alle dine udend\u00f8rseventyr. Denne vandt\u00e6tte opbevaringsl\u00f8sning fungerer ogs\u00e5 som en flydende taske til udstyr og tilbyder let beskyttelse uden at v\u00e6re for stor. Den er robust bygget til enhver rejse og er en holdbar rejseledsager, du kan stole p\u00e5. Uanset om du er p\u00e5 vandet eller p\u00e5 stierne, er dette et essentielt stykke eventyrudstyr, der flyder for ekstra ro i sindet.","og_url":"https:\/\/oceansignal.com\/da\/products\/ocean-signal-toerpose\/","og_site_name":"Ocean Signal","og_image":[{"width":2000,"height":2000,"url":"https:\/\/oceansignal.com\/wp-content\/uploads\/2025\/10\/Multi-Brand-Dry-Bag-Front-Closed.jpg","type":"image\/jpeg"}],"twitter_card":"summary_large_image","twitter_misc":{"Estimeret l\u00e6setid":"1 minut"},"schema":{"@context":"https:\/\/schema.org","@graph":[{"@type":"WebPage","@id":"https:\/\/oceansignal.com\/da\/products\/ocean-signal-toerpose\/","url":"https:\/\/oceansignal.com\/da\/products\/ocean-signal-toerpose\/","name":"Ocean Signal t\u00f8rpose - Ocean Signal","isPartOf":{"@id":"https:\/\/oceansignal.com\/da\/#website"},"primaryImageOfPage":{"@id":"https:\/\/oceansignal.com\/da\/products\/ocean-signal-toerpose\/#primaryimage"},"image":{"@id":"https:\/\/oceansignal.com\/da\/products\/ocean-signal-toerpose\/#primaryimage"},"thumbnailUrl":"https:\/\/oceansignal.com\/wp-content\/uploads\/2025\/10\/Multi-Brand-Dry-Bag-Front-Closed.jpg","datePublished":"2025-10-23T12:51:41+00:00","breadcrumb":{"@id":"https:\/\/oceansignal.com\/da\/products\/ocean-signal-toerpose\/#breadcrumb"},"inLanguage":"da-DK","potentialAction":[{"@type":"ReadAction","target":["https:\/\/oceansignal.com\/da\/products\/ocean-signal-toerpose\/"]}]},{"@type":"ImageObject","inLanguage":"da-DK","@id":"https:\/\/oceansignal.com\/da\/products\/ocean-signal-toerpose\/#primaryimage","url":"https:\/\/oceansignal.com\/wp-content\/uploads\/2025\/10\/Multi-Brand-Dry-Bag-Front-Closed.jpg","contentUrl":"https:\/\/oceansignal.com\/wp-content\/uploads\/2025\/10\/Multi-Brand-Dry-Bag-Front-Closed.jpg","width":2000,"height":2000},{"@type":"BreadcrumbList","@id":"https:\/\/oceansignal.com\/da\/products\/ocean-signal-toerpose\/#breadcrumb","itemListElement":[{"@type":"ListItem","position":1,"name":"Shop","item":"https:\/\/oceansignal.com\/da\/shop\/"},{"@type":"ListItem","position":2,"name":"Ocean Signal t\u00f8rpose"}]},{"@type":"WebSite","@id":"https:\/\/oceansignal.com\/da\/#website","url":"https:\/\/oceansignal.com\/da\/","name":"Ocean Signal","description":"A leading manufacturer of EPIRBs, AIS, SARTs, Personal Locator Beacons, Man Overboard Beacon for the Marine and Outdoor Markets.","potentialAction":[{"@type":"SearchAction","target":{"@type":"EntryPoint","urlTemplate":"https:\/\/oceansignal.com\/da\/?s={search_term_string}"},"query-input":{"@type":"PropertyValueSpecification","valueRequired":true,"valueName":"search_term_string"}}],"inLanguage":"da-DK"}]}},"_links":{"self":[{"href":"https:\/\/oceansignal.com\/da\/wp-json\/wp\/v2\/product\/38770","targetHints":{"allow":["GET"]}}],"collection":[{"href":"https:\/\/oceansignal.com\/da\/wp-json\/wp\/v2\/product"}],"about":[{"href":"https:\/\/oceansignal.com\/da\/wp-json\/wp\/v2\/types\/product"}],"wp:featuredmedia":[{"embeddable":true,"href":"https:\/\/oceansignal.com\/da\/wp-json\/wp\/v2\/media\/37436"}],"wp:attachment":[{"href":"https:\/\/oceansignal.com\/da\/wp-json\/wp\/v2\/media?parent=38770"}],"wp:term":[{"taxonomy":"product_brand","embeddable":true,"href":"https:\/\/oceansignal.com\/da\/wp-json\/wp\/v2\/product_brand?post=38770"},{"taxonomy":"product_cat","embeddable":true,"href":"https:\/\/oceansignal.com\/da\/wp-json\/wp\/v2\/product_cat?post=38770"},{"taxonomy":"product_tag","embeddable":true,"href":"https:\/\/oceansignal.com\/da\/wp-json\/wp\/v2\/product_tag?post=38770"}],"curies":[{"name":"wp","href":"https:\/\/api.w.org\/{rel}","templated":true}]}}