{"id":6552,"date":"2024-04-09T09:05:13","date_gmt":"2024-04-09T09:05:13","guid":{"rendered":"https:\/\/oceansignal.com\/kundendaten\/"},"modified":"2024-09-30T12:43:33","modified_gmt":"2024-09-30T12:43:33","slug":"kundendaten","status":"publish","type":"page","link":"https:\/\/oceansignal.com\/de\/kundendaten\/","title":{"rendered":"Kundendaten"},"content":{"rendered":"\n<div class=\"gb-container-narrow\">\n    <div class=\"gc-container \">\n                \n\n<p><strong>Zum Zwecke der Garantieregistrierung, der Produktkonfiguration und des Zugriffs auf Testdaten speichert Ocean Signal Ltd. begrenzte Kundendaten, die \u00fcber diese Website oder \u00fcber mobile Apps eingegeben werden.<\/strong><\/p>\n\n\n\n<p>F\u00fcr die mobile Anwendung <strong>&#8222;Ocean Signal&#8220;<\/strong><\/p>\n\n\n\n<p>Bitte senden Sie <a href=\"mailto:help@oceansignal.com\">help@oceansignal.com<\/a> eine E-Mail mit der Betreffzeile &#8222;App-Kontol\u00f6schung&#8220; und geben Sie Ihre E-Mail-Adresse an, um die L\u00f6schung Ihres Kontos zu beantragen.<\/p>\n\n\n\n<p>Bitte beachten Sie, dass nach der L\u00f6schung Ihres Kontos alle personenbezogenen Daten wie Ihre E-Mail-Adresse und alle Informationen, die wir \u00fcber Sie gespeichert haben, Ihre Pr\u00e4ferenzen, AIS-Konfigurationen und eigenen Beacons sowie alle anderen registrierten Produkte gel\u00f6scht werden.<\/p>\n\n\n\n<p>Garantieinformationen werden aufbewahrt, ebenso wie fr\u00fchere Konfigurations-, Selbst- und GNSS-Testdaten von Beacon-Produkten<\/p>\n\n\n        <\/div><\/div>\n","protected":false},"excerpt":{"rendered":"","protected":false},"author":1,"featured_media":0,"parent":0,"menu_order":0,"comment_status":"closed","ping_status":"closed","template":"pagetemplate-header-orange.php","meta":{"_acf_changed":false,"om_disable_all_campaigns":false,"footnotes":""},"class_list":["post-6552","page","type-page","status-publish","hentry"],"acf":[],"yoast_head":"<!-- This site is optimized with the Yoast SEO Premium plugin v25.2 (Yoast SEO v26.4) - https:\/\/yoast.com\/wordpress\/plugins\/seo\/ -->\n<title>Kundendaten - Ocean Signal<\/title>\n<meta name=\"robots\" content=\"index, follow, max-snippet:-1, max-image-preview:large, max-video-preview:-1\" \/>\n<link rel=\"canonical\" href=\"https:\/\/oceansignal.com\/de\/kundendaten\/\" \/>\n<meta property=\"og:locale\" content=\"de_DE\" \/>\n<meta property=\"og:type\" content=\"article\" \/>\n<meta property=\"og:title\" content=\"Kundendaten - Ocean Signal\" \/>\n<meta property=\"og:url\" content=\"https:\/\/oceansignal.com\/de\/kundendaten\/\" \/>\n<meta property=\"og:site_name\" content=\"Ocean Signal\" \/>\n<meta property=\"article:modified_time\" content=\"2024-09-30T12:43:33+00:00\" \/>\n<meta property=\"og:image\" content=\"https:\/\/oceansignal.com\/wp-content\/uploads\/2024\/03\/image-social-share-04.jpg\" \/>\n\t<meta property=\"og:image:width\" content=\"1200\" \/>\n\t<meta property=\"og:image:height\" content=\"630\" \/>\n\t<meta property=\"og:image:type\" content=\"image\/jpeg\" \/>\n<meta name=\"twitter:card\" content=\"summary_large_image\" \/>\n<meta name=\"twitter:label1\" content=\"Gesch\u00e4tzte Lesezeit\" \/>\n\t<meta name=\"twitter:data1\" content=\"1\u00a0Minute\" \/>\n<script type=\"application\/ld+json\" class=\"yoast-schema-graph\">{\"@context\":\"https:\/\/schema.org\",\"@graph\":[{\"@type\":\"WebPage\",\"@id\":\"https:\/\/oceansignal.com\/de\/kundendaten\/\",\"url\":\"https:\/\/oceansignal.com\/de\/kundendaten\/\",\"name\":\"Kundendaten - Ocean Signal\",\"isPartOf\":{\"@id\":\"https:\/\/oceansignal.com\/de\/#website\"},\"datePublished\":\"2024-04-09T09:05:13+00:00\",\"dateModified\":\"2024-09-30T12:43:33+00:00\",\"inLanguage\":\"de\",\"potentialAction\":[{\"@type\":\"ReadAction\",\"target\":[\"https:\/\/oceansignal.com\/de\/kundendaten\/\"]}]},{\"@type\":\"WebSite\",\"@id\":\"https:\/\/oceansignal.com\/de\/#website\",\"url\":\"https:\/\/oceansignal.com\/de\/\",\"name\":\"Ocean Signal\",\"description\":\"A leading manufacturer of EPIRBs, AIS, SARTs, Personal Locator Beacons, Man Overboard Beacon for the Marine and Outdoor Markets.\",\"potentialAction\":[{\"@type\":\"SearchAction\",\"target\":{\"@type\":\"EntryPoint\",\"urlTemplate\":\"https:\/\/oceansignal.com\/de\/?s={search_term_string}\"},\"query-input\":{\"@type\":\"PropertyValueSpecification\",\"valueRequired\":true,\"valueName\":\"search_term_string\"}}],\"inLanguage\":\"de\"}]}<\/script>\n<!-- \/ Yoast SEO Premium plugin. -->","yoast_head_json":{"title":"Kundendaten - Ocean Signal","robots":{"index":"index","follow":"follow","max-snippet":"max-snippet:-1","max-image-preview":"max-image-preview:large","max-video-preview":"max-video-preview:-1"},"canonical":"https:\/\/oceansignal.com\/de\/kundendaten\/","og_locale":"de_DE","og_type":"article","og_title":"Kundendaten - Ocean Signal","og_url":"https:\/\/oceansignal.com\/de\/kundendaten\/","og_site_name":"Ocean Signal","article_modified_time":"2024-09-30T12:43:33+00:00","og_image":[{"width":1200,"height":630,"url":"https:\/\/oceansignal.com\/wp-content\/uploads\/2024\/03\/image-social-share-04.jpg","type":"image\/jpeg"}],"twitter_card":"summary_large_image","twitter_misc":{"Gesch\u00e4tzte Lesezeit":"1\u00a0Minute"},"schema":{"@context":"https:\/\/schema.org","@graph":[{"@type":"WebPage","@id":"https:\/\/oceansignal.com\/de\/kundendaten\/","url":"https:\/\/oceansignal.com\/de\/kundendaten\/","name":"Kundendaten - Ocean Signal","isPartOf":{"@id":"https:\/\/oceansignal.com\/de\/#website"},"datePublished":"2024-04-09T09:05:13+00:00","dateModified":"2024-09-30T12:43:33+00:00","inLanguage":"de","potentialAction":[{"@type":"ReadAction","target":["https:\/\/oceansignal.com\/de\/kundendaten\/"]}]},{"@type":"WebSite","@id":"https:\/\/oceansignal.com\/de\/#website","url":"https:\/\/oceansignal.com\/de\/","name":"Ocean Signal","description":"A leading manufacturer of EPIRBs, AIS, SARTs, Personal Locator Beacons, Man Overboard Beacon for the Marine and Outdoor Markets.","potentialAction":[{"@type":"SearchAction","target":{"@type":"EntryPoint","urlTemplate":"https:\/\/oceansignal.com\/de\/?s={search_term_string}"},"query-input":{"@type":"PropertyValueSpecification","valueRequired":true,"valueName":"search_term_string"}}],"inLanguage":"de"}]}},"_links":{"self":[{"href":"https:\/\/oceansignal.com\/de\/wp-json\/wp\/v2\/pages\/6552","targetHints":{"allow":["GET"]}}],"collection":[{"href":"https:\/\/oceansignal.com\/de\/wp-json\/wp\/v2\/pages"}],"about":[{"href":"https:\/\/oceansignal.com\/de\/wp-json\/wp\/v2\/types\/page"}],"author":[{"embeddable":true,"href":"https:\/\/oceansignal.com\/de\/wp-json\/wp\/v2\/users\/1"}],"replies":[{"embeddable":true,"href":"https:\/\/oceansignal.com\/de\/wp-json\/wp\/v2\/comments?post=6552"}],"version-history":[{"count":1,"href":"https:\/\/oceansignal.com\/de\/wp-json\/wp\/v2\/pages\/6552\/revisions"}],"predecessor-version":[{"id":6554,"href":"https:\/\/oceansignal.com\/de\/wp-json\/wp\/v2\/pages\/6552\/revisions\/6554"}],"wp:attachment":[{"href":"https:\/\/oceansignal.com\/de\/wp-json\/wp\/v2\/media?parent=6552"}],"curies":[{"name":"wp","href":"https:\/\/api.w.org\/{rel}","templated":true}]}}