{"id":7087,"date":"2023-04-14T10:01:01","date_gmt":"2023-04-14T10:01:01","guid":{"rendered":"https:\/\/oceansignal.com\/programmierung-der-ais-alarmbox\/"},"modified":"2024-09-30T14:52:41","modified_gmt":"2024-09-30T14:52:41","slug":"programmierung-der-ais-alarmbox","status":"publish","type":"page","link":"https:\/\/oceansignal.com\/de\/unterstuetzen\/produktprogrammierung\/programmierung-der-ais-alarmbox\/","title":{"rendered":"Programmierung der AIS-Alarmbox"},"content":{"rendered":"\n<div class=\"gb-product-programming\">\n    <div class=\"gc-container \">\n                \n\n<div class=\"wp-block-columns gb-product-programming__description is-layout-flex wp-container-core-columns-is-layout-9d6595d7 wp-block-columns-is-layout-flex\">\n<div class=\"wp-block-column gb-product-programming__description__text-container is-layout-flow wp-block-column-is-layout-flow\">\n<h2 class=\"wp-block-heading gb-product-programming__description__text-container__title\" id=\"h-ais-alarm-box-programming\">Programmierung der AIS-Alarmbox<\/h2>\n\n\n\n<p class=\"gb-product-programming__description__text-container__text\">Um Ihr Produkt zu programmieren, m\u00fcssen Sie Installationsprogramme f\u00fcr Ihren Ger\u00e4tetyp ausw\u00e4hlen.<\/p>\n\n\n\n<a\n                    href=\"http:\/\/oceansignal.com\/products\/ais-alarm\/\"\n                class=\"gb-button-link  \"\n        target=\"_self\">\n        See product details\n<\/a>\n\n\n\n<\/div>\n\n\n\n<div class=\"wp-block-column gb-product-programming__description__divider is-layout-flow wp-block-column-is-layout-flow\"><\/div>\n\n\n\n<div class=\"wp-block-column gb-product-programming__description__image is-layout-flow wp-block-column-is-layout-flow\">\n<div class=\"gb-image\">\n\t\n<div class=\"gc-image \">\n        <img decoding=\"async\" class=\"gc-image__image  \"\n         src=\"http:\/\/oceansignal.com\/wp-content\/uploads\/2023\/04\/image-product-ais-alarm-box1.png\"\n         alt=\"\"\n    >\n<\/div><\/div>\n<\/div>\n<\/div>\n\n\n\n<div class=\"wp-block-columns gb-product-programming__blurbs is-layout-flex wp-container-core-columns-is-layout-9d6595d7 wp-block-columns-is-layout-flex\">\n<div class=\"wp-block-column gb-product-programming__blurbs__text-container is-layout-flow wp-block-column-is-layout-flow\">\n<h6 class=\"wp-block-heading gb-product-programming__blurbs__text-container__title\" id=\"h-ais-alarm-programming-for-android-devices\">AIS-Alarmprogrammierung f\u00fcr Android-Ger\u00e4te<\/h6>\n\n\n\n<p class=\"gb-product-programming__blurbs__text-container__text\">Navigieren Sie auf einem Android-Ger\u00e4t zu dieser Seite.\nLaden Sie die Datei herunter.\nInstallieren Sie es aus den Downloads.\nBeachten Sie, dass Sie die Berechtigung zur Installation aus einer unbekannten Quelle erteilen m\u00fcssen, wenn Sie dazu aufgefordert werden.   <\/p>\n\n\n\n<div class=\"wp-block-columns gb-product-programming__blurbs__text-container__link is-layout-flex wp-container-core-columns-is-layout-9d6595d7 wp-block-columns-is-layout-flex\">\n<div class=\"wp-block-column gb-product-programming__blurbs__text-container__link__image is-layout-flow wp-block-column-is-layout-flow\">\n<div class=\"gb-image\">\n\t\n<div class=\"gc-image \">\n        <img decoding=\"async\" class=\"gc-image__image  \"\n         src=\"http:\/\/oceansignal.com\/wp-content\/uploads\/2023\/04\/icon-android.png\"\n         alt=\"\"\n    >\n<\/div><\/div>\n<\/div>\n\n\n\n<div class=\"wp-block-column gb-product-programming__blurbs__text-container__link__link is-layout-flow wp-block-column-is-layout-flow\">\n<a\n                    href=\"https:\/\/oceansignal.com\/wp-content\/uploads\/2023\/09\/ais_alarm.apk\"\n                class=\"gb-button-link  \"\n        target=\"__blank\">\n        DOWNLOAD for Android device\n<\/a>\n\n\n\n<\/div>\n<\/div>\n<\/div>\n\n\n\n<div class=\"wp-block-column gb-product-programming__blurbs__text-container is-layout-flow wp-block-column-is-layout-flow\">\n<h6 class=\"wp-block-heading gb-product-programming__blurbs__text-container__title\" id=\"h-ais-alarm-programming-for-mac\">AIS-Alarmprogrammierung f\u00fcr MAC<\/h6>\n\n\n\n<p class=\"gb-product-programming__blurbs__text-container__text\">Verwenden Sie dieses Installationsprogramm, um das AIS-Alarmkonfigurationsprogramm auf einem Apple MAC-Computer auszuf\u00fchren.\nLaden Sie die Datei auf Ihren Computer herunter, \u00f6ffnen Sie dann den Ordner &#8222;Downloads&#8220; und f\u00fchren Sie die Datei AIS-Alarm-Box.dmg aus.\nDadurch wird ein Ordner auf dem Desktop erstellt.\nZiehen Sie das Ocean Signal-Symbol auf Ihren Desktop.\nDer Ordner kann nun in den Papierkorb verschoben werden.    <\/p>\n\n\n\n<div class=\"wp-block-columns gb-product-programming__blurbs__text-container__link is-layout-flex wp-container-core-columns-is-layout-9d6595d7 wp-block-columns-is-layout-flex\">\n<div class=\"wp-block-column gb-product-programming__blurbs__text-container__link__image is-layout-flow wp-block-column-is-layout-flow\">\n<div class=\"gb-image\">\n\t\n<div class=\"gc-image \">\n        <img decoding=\"async\" class=\"gc-image__image  \"\n         src=\"http:\/\/oceansignal.com\/wp-content\/uploads\/2023\/04\/icon-apple.png\"\n         alt=\"\"\n    >\n<\/div><\/div>\n<\/div>\n\n\n\n<div class=\"wp-block-column gb-product-programming__blurbs__text-container__link__link is-layout-flow wp-block-column-is-layout-flow\">\n<a\n                    href=\"https:\/\/apps.apple.com\/us\/app\/id1522285003\"\n                class=\"gb-button-link  \"\n        target=\"__blank\">\n        DOWNLOAD for Apple Mac\n<\/a>\n\n\n\n<\/div>\n<\/div>\n<\/div>\n\n\n\n<div class=\"wp-block-column gb-product-programming__blurbs__text-container is-layout-flow wp-block-column-is-layout-flow\">\n<h6 class=\"wp-block-heading gb-product-programming__blurbs__text-container__title\" id=\"h-ais-alarm-programming-for-windows-pc\">AIS-Alarmprogrammierung f\u00fcr Windows-PC<\/h6>\n\n\n\n<p class=\"gb-product-programming__blurbs__text-container__text\">Verwenden Sie dieses Installationsprogramm, um das AIS-Alarmkonfigurationsprogramm auf einem Windows-PC auszuf\u00fchren.\nWenn die Installation abgeschlossen ist, suchen Sie den Ordner Ocean Signal Programs oder Apps und f\u00fchren Sie die Datei &#8222;USB Driver Installer&#8220; aus.\nStecken Sie nun die AIS Alarm Box in einen freien USB-Anschluss.  <\/p>\n\n\n\n<div class=\"wp-block-columns gb-product-programming__blurbs__text-container__link is-layout-flex wp-container-core-columns-is-layout-9d6595d7 wp-block-columns-is-layout-flex\">\n<div class=\"wp-block-column gb-product-programming__blurbs__text-container__link__image is-layout-flow wp-block-column-is-layout-flow\">\n<div class=\"gb-image\">\n\t\n<div class=\"gc-image \">\n        <img decoding=\"async\" class=\"gc-image__image  \"\n         src=\"http:\/\/oceansignal.com\/wp-content\/uploads\/2023\/04\/icon-windows.png\"\n         alt=\"\"\n    >\n<\/div><\/div>\n<\/div>\n\n\n\n<div class=\"wp-block-column gb-product-programming__blurbs__text-container__link__link is-layout-flow wp-block-column-is-layout-flow\">\n<a\n                    href=\"https:\/\/oceansignal.com\/wp-content\/uploads\/2023\/09\/Ais-Alarm.msi\"\n                class=\"gb-button-link  \"\n        target=\"__blank\">\n        DOWNLOAD for Windows PC\n<\/a>\n\n\n\n<\/div>\n<\/div>\n<\/div>\n<\/div>\n\n\n        <\/div><\/div>\n","protected":false},"excerpt":{"rendered":"","protected":false},"author":2,"featured_media":0,"parent":7977,"menu_order":0,"comment_status":"closed","ping_status":"closed","template":"pagetemplate-empty.php","meta":{"_acf_changed":false,"om_disable_all_campaigns":false,"footnotes":""},"class_list":["post-7087","page","type-page","status-publish","hentry"],"acf":[],"yoast_head":"<!-- This site is optimized with the Yoast SEO Premium plugin v25.2 (Yoast SEO v26.4) - https:\/\/yoast.com\/wordpress\/plugins\/seo\/ -->\n<title>Programmierung der AIS-Alarmbox - Ocean Signal<\/title>\n<meta name=\"description\" content=\"Programmieren Sie m\u00fchelos Ihre Ocean Signal AIS-Alarmbox f\u00fcr mehr Sicherheit auf See. Vereinfachen Sie die AIS-Konfiguration mit unserer intuitiven Programmierseite.\" \/>\n<meta name=\"robots\" content=\"index, follow, max-snippet:-1, max-image-preview:large, max-video-preview:-1\" \/>\n<link rel=\"canonical\" href=\"https:\/\/oceansignal.com\/de\/unterstuetzen\/produktprogrammierung\/programmierung-der-ais-alarmbox\/\" \/>\n<meta property=\"og:locale\" content=\"de_DE\" \/>\n<meta property=\"og:type\" content=\"article\" \/>\n<meta property=\"og:title\" content=\"Programmierung der AIS-Alarmbox - Ocean Signal\" \/>\n<meta property=\"og:description\" content=\"Programmieren Sie m\u00fchelos Ihre Ocean Signal AIS-Alarmbox f\u00fcr mehr Sicherheit auf See. Vereinfachen Sie die AIS-Konfiguration mit unserer intuitiven Programmierseite.\" \/>\n<meta property=\"og:url\" content=\"https:\/\/oceansignal.com\/de\/unterstuetzen\/produktprogrammierung\/programmierung-der-ais-alarmbox\/\" \/>\n<meta property=\"og:site_name\" content=\"Ocean Signal\" \/>\n<meta property=\"article:modified_time\" content=\"2024-09-30T14:52:41+00:00\" \/>\n<meta property=\"og:image\" content=\"https:\/\/oceansignal.com\/wp-content\/uploads\/2024\/03\/image-social-share-04.jpg\" \/>\n\t<meta property=\"og:image:width\" content=\"1200\" \/>\n\t<meta property=\"og:image:height\" content=\"630\" \/>\n\t<meta property=\"og:image:type\" content=\"image\/jpeg\" \/>\n<meta name=\"twitter:card\" content=\"summary_large_image\" \/>\n<meta name=\"twitter:label1\" content=\"Gesch\u00e4tzte Lesezeit\" \/>\n\t<meta name=\"twitter:data1\" content=\"1\u00a0Minute\" \/>\n<script type=\"application\/ld+json\" class=\"yoast-schema-graph\">{\"@context\":\"https:\/\/schema.org\",\"@graph\":[{\"@type\":\"WebPage\",\"@id\":\"https:\/\/oceansignal.com\/de\/unterstuetzen\/produktprogrammierung\/programmierung-der-ais-alarmbox\/\",\"url\":\"https:\/\/oceansignal.com\/de\/unterstuetzen\/produktprogrammierung\/programmierung-der-ais-alarmbox\/\",\"name\":\"Programmierung der AIS-Alarmbox - Ocean Signal\",\"isPartOf\":{\"@id\":\"https:\/\/oceansignal.com\/de\/#website\"},\"datePublished\":\"2023-04-14T10:01:01+00:00\",\"dateModified\":\"2024-09-30T14:52:41+00:00\",\"description\":\"Programmieren Sie m\u00fchelos Ihre Ocean Signal AIS-Alarmbox f\u00fcr mehr Sicherheit auf See. Vereinfachen Sie die AIS-Konfiguration mit unserer intuitiven Programmierseite.\",\"breadcrumb\":{\"@id\":\"https:\/\/oceansignal.com\/de\/unterstuetzen\/produktprogrammierung\/programmierung-der-ais-alarmbox\/#breadcrumb\"},\"inLanguage\":\"de\",\"potentialAction\":[{\"@type\":\"ReadAction\",\"target\":[\"https:\/\/oceansignal.com\/de\/unterstuetzen\/produktprogrammierung\/programmierung-der-ais-alarmbox\/\"]}]},{\"@type\":\"BreadcrumbList\",\"@id\":\"https:\/\/oceansignal.com\/de\/unterstuetzen\/produktprogrammierung\/programmierung-der-ais-alarmbox\/#breadcrumb\",\"itemListElement\":[{\"@type\":\"ListItem\",\"position\":1,\"name\":\"Unterst\u00fctzen\",\"item\":\"https:\/\/oceansignal.com\/de\/unterstuetzen\/\"},{\"@type\":\"ListItem\",\"position\":2,\"name\":\"Produktprogrammierung\",\"item\":\"https:\/\/oceansignal.com\/de\/unterstuetzen\/produktprogrammierung\/\"},{\"@type\":\"ListItem\",\"position\":3,\"name\":\"Programmierung der AIS-Alarmbox\"}]},{\"@type\":\"WebSite\",\"@id\":\"https:\/\/oceansignal.com\/de\/#website\",\"url\":\"https:\/\/oceansignal.com\/de\/\",\"name\":\"Ocean Signal\",\"description\":\"A leading manufacturer of EPIRBs, AIS, SARTs, Personal Locator Beacons, Man Overboard Beacon for the Marine and Outdoor Markets.\",\"potentialAction\":[{\"@type\":\"SearchAction\",\"target\":{\"@type\":\"EntryPoint\",\"urlTemplate\":\"https:\/\/oceansignal.com\/de\/?s={search_term_string}\"},\"query-input\":{\"@type\":\"PropertyValueSpecification\",\"valueRequired\":true,\"valueName\":\"search_term_string\"}}],\"inLanguage\":\"de\"}]}<\/script>\n<!-- \/ Yoast SEO Premium plugin. -->","yoast_head_json":{"title":"Programmierung der AIS-Alarmbox - Ocean Signal","description":"Programmieren Sie m\u00fchelos Ihre Ocean Signal AIS-Alarmbox f\u00fcr mehr Sicherheit auf See. Vereinfachen Sie die AIS-Konfiguration mit unserer intuitiven Programmierseite.","robots":{"index":"index","follow":"follow","max-snippet":"max-snippet:-1","max-image-preview":"max-image-preview:large","max-video-preview":"max-video-preview:-1"},"canonical":"https:\/\/oceansignal.com\/de\/unterstuetzen\/produktprogrammierung\/programmierung-der-ais-alarmbox\/","og_locale":"de_DE","og_type":"article","og_title":"Programmierung der AIS-Alarmbox - Ocean Signal","og_description":"Programmieren Sie m\u00fchelos Ihre Ocean Signal AIS-Alarmbox f\u00fcr mehr Sicherheit auf See. Vereinfachen Sie die AIS-Konfiguration mit unserer intuitiven Programmierseite.","og_url":"https:\/\/oceansignal.com\/de\/unterstuetzen\/produktprogrammierung\/programmierung-der-ais-alarmbox\/","og_site_name":"Ocean Signal","article_modified_time":"2024-09-30T14:52:41+00:00","og_image":[{"width":1200,"height":630,"url":"https:\/\/oceansignal.com\/wp-content\/uploads\/2024\/03\/image-social-share-04.jpg","type":"image\/jpeg"}],"twitter_card":"summary_large_image","twitter_misc":{"Gesch\u00e4tzte Lesezeit":"1\u00a0Minute"},"schema":{"@context":"https:\/\/schema.org","@graph":[{"@type":"WebPage","@id":"https:\/\/oceansignal.com\/de\/unterstuetzen\/produktprogrammierung\/programmierung-der-ais-alarmbox\/","url":"https:\/\/oceansignal.com\/de\/unterstuetzen\/produktprogrammierung\/programmierung-der-ais-alarmbox\/","name":"Programmierung der AIS-Alarmbox - Ocean Signal","isPartOf":{"@id":"https:\/\/oceansignal.com\/de\/#website"},"datePublished":"2023-04-14T10:01:01+00:00","dateModified":"2024-09-30T14:52:41+00:00","description":"Programmieren Sie m\u00fchelos Ihre Ocean Signal AIS-Alarmbox f\u00fcr mehr Sicherheit auf See. Vereinfachen Sie die AIS-Konfiguration mit unserer intuitiven Programmierseite.","breadcrumb":{"@id":"https:\/\/oceansignal.com\/de\/unterstuetzen\/produktprogrammierung\/programmierung-der-ais-alarmbox\/#breadcrumb"},"inLanguage":"de","potentialAction":[{"@type":"ReadAction","target":["https:\/\/oceansignal.com\/de\/unterstuetzen\/produktprogrammierung\/programmierung-der-ais-alarmbox\/"]}]},{"@type":"BreadcrumbList","@id":"https:\/\/oceansignal.com\/de\/unterstuetzen\/produktprogrammierung\/programmierung-der-ais-alarmbox\/#breadcrumb","itemListElement":[{"@type":"ListItem","position":1,"name":"Unterst\u00fctzen","item":"https:\/\/oceansignal.com\/de\/unterstuetzen\/"},{"@type":"ListItem","position":2,"name":"Produktprogrammierung","item":"https:\/\/oceansignal.com\/de\/unterstuetzen\/produktprogrammierung\/"},{"@type":"ListItem","position":3,"name":"Programmierung der AIS-Alarmbox"}]},{"@type":"WebSite","@id":"https:\/\/oceansignal.com\/de\/#website","url":"https:\/\/oceansignal.com\/de\/","name":"Ocean Signal","description":"A leading manufacturer of EPIRBs, AIS, SARTs, Personal Locator Beacons, Man Overboard Beacon for the Marine and Outdoor Markets.","potentialAction":[{"@type":"SearchAction","target":{"@type":"EntryPoint","urlTemplate":"https:\/\/oceansignal.com\/de\/?s={search_term_string}"},"query-input":{"@type":"PropertyValueSpecification","valueRequired":true,"valueName":"search_term_string"}}],"inLanguage":"de"}]}},"_links":{"self":[{"href":"https:\/\/oceansignal.com\/de\/wp-json\/wp\/v2\/pages\/7087","targetHints":{"allow":["GET"]}}],"collection":[{"href":"https:\/\/oceansignal.com\/de\/wp-json\/wp\/v2\/pages"}],"about":[{"href":"https:\/\/oceansignal.com\/de\/wp-json\/wp\/v2\/types\/page"}],"author":[{"embeddable":true,"href":"https:\/\/oceansignal.com\/de\/wp-json\/wp\/v2\/users\/2"}],"replies":[{"embeddable":true,"href":"https:\/\/oceansignal.com\/de\/wp-json\/wp\/v2\/comments?post=7087"}],"version-history":[{"count":1,"href":"https:\/\/oceansignal.com\/de\/wp-json\/wp\/v2\/pages\/7087\/revisions"}],"predecessor-version":[{"id":7088,"href":"https:\/\/oceansignal.com\/de\/wp-json\/wp\/v2\/pages\/7087\/revisions\/7088"}],"up":[{"embeddable":true,"href":"https:\/\/oceansignal.com\/de\/wp-json\/wp\/v2\/pages\/7977"}],"wp:attachment":[{"href":"https:\/\/oceansignal.com\/de\/wp-json\/wp\/v2\/media?parent=7087"}],"curies":[{"name":"wp","href":"https:\/\/api.w.org\/{rel}","templated":true}]}}