{"id":7107,"date":"2023-04-07T13:10:32","date_gmt":"2023-04-07T13:10:32","guid":{"rendered":"https:\/\/oceansignal.com\/ueber-ocean-signal\/"},"modified":"2024-09-30T14:32:25","modified_gmt":"2024-09-30T14:32:25","slug":"ueber-ocean-signal","status":"publish","type":"page","link":"https:\/\/oceansignal.com\/de\/ueber-ocean-signal\/","title":{"rendered":"\u00dcber Ocean Signal"},"content":{"rendered":"\n<div class=\"gb-container-narrow\">\n    <div class=\"gc-container \">\n                \n\n<p class=\"has-medium-font-size\">Ocean Signal ist Teil der ACR-Gruppe.\nDiese Gruppe besch\u00e4ftigt \u00fcber 250 Mitarbeiter und verf\u00fcgt \u00fcber 3 erstklassige Forschungs- und Entwicklungszentren.\nWir entwickeln kontinuierlich Gesch\u00e4ftsm\u00f6glichkeiten mit \u00fcber 150 aktiven globalen Kunden und sind in \u00fcber 30 L\u00e4ndern vertreten.\nDie Gruppe arbeitet mit wichtigen Organisationen auf der ganzen Welt zusammen und ist seit \u00fcber 50 Jahren auf den M\u00e4rkten f\u00fcr Schifffahrt, Luftfahrt und Milit\u00e4r pr\u00e4sent.<br\/>Ocean Signal ist ein weltweit f\u00fchrendes Unternehmen in der Entwicklung und Herstellung von satellitengest\u00fctzten und terrestrischen Notrettungsbaken auf Basis von VHF\/UHF, Iridium, Digital Selective Calling oder DSC, Automatic Identification Systems oder AIS, GNSS und Batterietechnologien.\nLieferung von Produkten in die ganze Welt an vier Hauptm\u00e4rkte: \u2013 Kommerzielle Schifffahrt, Freizeitschifffahrt, Regierung\/Milit\u00e4r und Land\/Freizeit.    <br\/><br\/>Leiter des Ocean Signal Engineering ist einer der weltweit f\u00fchrenden Experten f\u00fcr Radarverbesserungstechnologie, Simon Nolan, der ein starkes Team leitet.\nEinzeln haben sie viele marktf\u00fchrende Produkte entworfen und entwickelt und haben nun als Ocean Signal die Vision, die besten Kommunikations- und Sicherheitsprodukte f\u00fcr die Seeleute von heute anzubieten. <\/p>\n\n\n\n<p><\/p>\n\n\n\n<figure class=\"wp-block-gallery has-nested-images columns-default is-cropped wp-block-gallery-1 is-layout-flex wp-block-gallery-is-layout-flex\">\n<figure class=\"wp-block-image size-large\"><img loading=\"lazy\" decoding=\"async\" width=\"420\" height=\"264\" data-id=\"180\" src=\"http:\/\/oceansignal.com\/wp-content\/uploads\/2023\/04\/image-about-us-employees.jpg\" alt=\"Hauptsitz und Produktion von Ocean Signal in Margate, Kent, Gro&#xDF;britannien\" class=\"wp-image-180\" srcset=\"https:\/\/oceansignal.com\/wp-content\/uploads\/2023\/04\/image-about-us-employees.jpg 420w, https:\/\/oceansignal.com\/wp-content\/uploads\/2023\/04\/image-about-us-employees-300x189.jpg 300w\" sizes=\"auto, (max-width: 420px) 100vw, 420px\" \/><\/figure>\n\n\n\n<figure class=\"wp-block-image size-large\"><img loading=\"lazy\" decoding=\"async\" width=\"420\" height=\"264\" data-id=\"181\" src=\"http:\/\/oceansignal.com\/wp-content\/uploads\/2023\/04\/image-about-us-2.jpg\" alt=\"\" class=\"wp-image-181\" srcset=\"https:\/\/oceansignal.com\/wp-content\/uploads\/2023\/04\/image-about-us-2.jpg 420w, https:\/\/oceansignal.com\/wp-content\/uploads\/2023\/04\/image-about-us-2-300x189.jpg 300w\" sizes=\"auto, (max-width: 420px) 100vw, 420px\" \/><\/figure>\n<\/figure>\n\n\n\n<p><\/p>\n\n\n\n<p>In mehr als 10 Jahren kontinuierlicher innovativer Konstruktion, Entwicklung und Tests hat Ocean Signal ein erstklassiges Produktportfolio entwickelt und auf den Markt gebracht.<br\/>Das Portfolio der Ocean Signal-Produkte ist so konzipiert, dass es die technischen Anforderungen der Internationalen Seeschifffahrtsorganisation (SOLAS), die Normen der Internationalen Elektrotechnischen Kommission, die europ\u00e4ischen Richtlinien und Entscheidungen, die Normen der K\u00fcstenwache der Vereinigten Staaten sowie viele andere geltende nationale und internationale Vorschriften erf\u00fcllt oder \u00fcbertrifft.<\/p>\n\n\n\n<p><\/p>\n\n\n\n<figure class=\"wp-block-image size-full\"><img loading=\"lazy\" decoding=\"async\" width=\"856\" height=\"499\" src=\"http:\/\/oceansignal.com\/wp-content\/uploads\/2023\/04\/image-about-us-3-1.jpg\" alt=\"\" class=\"wp-image-182\" srcset=\"https:\/\/oceansignal.com\/wp-content\/uploads\/2023\/04\/image-about-us-3-1.jpg 856w, https:\/\/oceansignal.com\/wp-content\/uploads\/2023\/04\/image-about-us-3-1-300x175.jpg 300w, https:\/\/oceansignal.com\/wp-content\/uploads\/2023\/04\/image-about-us-3-1-768x448.jpg 768w, https:\/\/oceansignal.com\/wp-content\/uploads\/2023\/04\/image-about-us-3-1-600x350.jpg 600w\" sizes=\"auto, (max-width: 856px) 100vw, 856px\" \/><\/figure>\n\n\n\n<p><\/p>\n\n\n\n<p>F\u00fcr eine Karriere bei Ocean Signal gehen Sie bitte auf die <a href=\"http:\/\/oceansignal.com\/careers\/\" data-type=\"page\" data-id=\"200\">Karriereseite<\/a>.<br\/><br\/><strong>Eingetragene Firmenadresse:<\/strong><br\/>Ocean Signal GmbH<br\/>Einheit 4<br\/>Ocivan Weg<br\/>Margate, Kent<br\/>CT9 4NN<br\/>Vereinigtes K\u00f6nigreich<br\/><br\/><strong>Allgemeine Anfragen, Vertrieb und Administration<\/strong><br\/>+44 (0)1843 282930<br\/><br\/><strong>NUR Kundendienst und technischer Support<\/strong><br\/>+44 (0)1843 808190<br\/><br\/><strong>Handelsregisternummer:<\/strong> 06627101<br\/><br\/>Eingetragen in England.<\/p>\n\n\n        <\/div><\/div>\n\n\t\n<div\n\tclass=\"c-wave-divider  c-wave-divider--blue  c-wave-divider--margin-top\">\n<\/div>\n\n<div class=\"gb-contact-us\" id=\"contact-us\">\n\t<div class=\"gc-container \">\n    \t\t\t\n\n<div class=\"wp-block-column gb-contact-us__column gb-contact-us__text-container is-layout-flow wp-block-column-is-layout-flow\">\n<h1 class=\"wp-block-heading gb-contact-us__text-container__title\" id=\"h-we-are-here-to-help\">Wir sind hier, um Ihnen zu helfen<\/h1>\n\n\n\n<p class=\"gb-contact-us__text-container__text\">Senden Sie uns eine Nachricht und ein Mitglied unseres Teams wird sich mit Ihnen in Verbindung setzen.<\/p>\n\n\n\n<div class=\"wp-block-column gb-contact-us__text-container__image is-layout-flow wp-block-column-is-layout-flow\"><\/div>\n<\/div>\n\n\n\n<div class=\"wp-block-column gb-contact-us__column gb-contact-us__form-container is-layout-flow wp-block-column-is-layout-flow\"><div id=\"contact-form\" class=\"gb-contact-form\">\n\t<form class=\"gb-contact-form__form\" method=\"post\">\n\t\t\n\n<div class=\"c-input c-input--fullName \">\n\t<label class=\"c-input__label\" for=\"fullName\">Erster und Nachname (optional)<\/label>\n\t<div class=\"c-input__container\">\n\t\t\t\t<input\n\t\t\ttype=\"text\"\n\t\t\tname=\"fullName\"\n\t\t\tid=\"fullName\"\n\t\t\tclass=\"c-input__input\"\n\t\t\tvalue=\"\"\n\t\t\t\n\t\t\tautocomplete=\"off\"\n\t\t\tspellcheck=\"true\"\n\t\t\tplaceholder=\"\"\n\t\t\/>\n\t<\/div>\n\t\t<span class=\"c-input__message\">Dieses Feld ist erforderlich.<\/span>\n<\/div>\n\n\t\t\n\n<div class=\"c-input c-input--email \">\n\t<label class=\"c-input__label\" for=\"email\">E -Mail<\/label>\n\t<div class=\"c-input__container\">\n\t\t\t\t<input\n\t\t\ttype=\"email\"\n\t\t\tname=\"email\"\n\t\t\tid=\"email\"\n\t\t\tclass=\"c-input__input\"\n\t\t\tvalue=\"\"\n\t\t\t\n\t\t\tautocomplete=\"off\"\n\t\t\tspellcheck=\"true\"\n\t\t\tplaceholder=\"\"\n\t\t\/>\n\t<\/div>\n\t\t<span class=\"c-input__message\">Die E -Mail -Adresse ist in falscher Form.<\/span>\n<\/div>\n\n\t\t\n\n<div class=\"c-input c-input--phone \">\n\t<label class=\"c-input__label\" for=\"phone\">Telefonnummer (optional)<\/label>\n\t<div class=\"c-input__container\">\n\t\t\t\t<input\n\t\t\ttype=\"text\"\n\t\t\tname=\"phone\"\n\t\t\tid=\"phone\"\n\t\t\tclass=\"c-input__input\"\n\t\t\tvalue=\"\"\n\t\t\t\n\t\t\tautocomplete=\"off\"\n\t\t\tspellcheck=\"true\"\n\t\t\tplaceholder=\"\"\n\t\t\/>\n\t<\/div>\n\t\t<span class=\"c-input__message\">Dieses Feld ist erforderlich.<\/span>\n<\/div>\n\n\t\t\n\n<div class=\"c-input c-input--country \">\n\t<label class=\"c-input__label\" for=\"country\">Herkunftsland<\/label>\n\t<div class=\"c-input__container\">\n\t\t\t\t<input\n\t\t\ttype=\"text\"\n\t\t\tname=\"country\"\n\t\t\tid=\"country\"\n\t\t\tclass=\"c-input__input\"\n\t\t\tvalue=\"\"\n\t\t\t\n\t\t\tautocomplete=\"off\"\n\t\t\tspellcheck=\"true\"\n\t\t\tplaceholder=\"\"\n\t\t\/>\n\t<\/div>\n\t\t<span class=\"c-input__message\">Dieses Feld ist erforderlich.<\/span>\n<\/div>\n\n\t\t<div class=\"c-input\">\n\t<label class=\"c-input__label\" for=\"message\">Ihre Nachricht<\/label>\n\t<textarea\n\t\tname=\"message\"\n\t\tid=\"message\"\n\t\tclass=\"c-input__input\"\n\t\tvalue=\"\"\n\t\t\n\t\tautocomplete=\"off\"\n\t\tspellcheck=\"true\"\n\t><\/textarea>\n\t\t<span class=\"c-input__message\">Dieses Feld ist erforderlich.<\/span>\n<\/div>\n\n\t\t\t<span class=\"c-checkbox c-checkbox--secondary\">\n\t<span class=\"c-checkbox__wrapper\">\n\t\t<input class=\"c-checkbox__input\" type=\"checkbox\" name=\"subscribe\" data-id=\"subscribe\" id=\"subscribe\" value=\"subscribe\"  autocomplete=\"on\"\/>\n\t<\/span>\n\t<label class=\"c-checkbox__text\" for=\"subscribe\"> Ich m\u00f6chte Neuigkeiten und Werbeaktionen erhalten. <\/label>\n<\/span>\n\n\t\t<div class=\"c-recaptcha c-input js-recaptcha\" id=\"js-recaptcha\">\n    <div class=\"g-recaptcha\" data-sitekey=\"6LdypS0pAAAAAPO_gmMi6_T5NelPv7DVFckpx0_9\" data-callback=\"checkRecaptcha\"><\/div>\n    <span class=\"c-input__message\">Dieses Feld ist erforderlich.<\/span>\n<\/div>\n\n\t\t<div class=\"gb-contact-form__form__divider\" ><\/div>\n\t\t<button type=\"submit\" class=\"c-button c-button--primary js-submit-button\">Anfrage einreichen<\/button>\n\t<\/form>\n\t<p id=\"form-message\" class=\"gb-contact-form__message\"><\/p>\n<\/div>\n<\/div>\n\n\n\n<p class=\"gb-contact-us__bottom-text\">Wir halten Ihre Privatsph\u00e4re f\u00fcr wichtig, bitte lesen Sie unsere Datenschutzrichtlinie.<br\/>Bitte beachten Sie, dass Ihre Kontaktdaten in \u00dcbereinstimmung mit den EU-DSGVO-Bestimmungen verwendet werden k\u00f6nnen.\nOcean Signal wird diese Daten ohne Ihre ausdr\u00fcckliche Zustimmung nicht f\u00fcr Marketingzwecke verwenden.\nEinzelheiten zu unserer Richtlinie zur Datenspeicherung finden Sie in dieser Richtlinie.  <br\/><br\/>F\u00fcr Service-Support wenden Sie sich bitte zuerst an Ihren H\u00e4ndler vor Ort.<br\/>Informationen zum OSL-H\u00e4ndler und zum Austausch von OSL-Batterien finden Sie hier.<\/p>\n\n\n\t\t<\/div><\/div>\n\n<div class=\"gb-careers\">\n            \n\n<div class=\"wp-block-columns gb-careers__wrapper c-container is-layout-flex wp-container-core-columns-is-layout-9d6595d7 wp-block-columns-is-layout-flex\">\n<div class=\"wp-block-column gb-careers__column gb-careers__text-container is-layout-flow wp-block-column-is-layout-flow\">\n<h2 class=\"wp-block-heading gb-careers__text-container__title\" id=\"h-careers\">Karrieren<\/h2>\n\n\n\n<p class=\"gb-careers__text-container__text\">Sind Sie daran interessiert, unserem Team beizutreten?\nWir sind immer auf der Suche nach talentierten Personen, die sich der Ocean Signal-Familie anschlie\u00dfen m\u00f6chten. <\/p>\n\n\n\n<a\n\t\t\thref=\"http:\/\/oceansignal.com\/careers\/\"\n\t\tclass=\"gb-button gb-button--primary-white \"\n\ttarget=\"_self\">\n\t\tOpen positions\n<\/a>\n<\/div>\n\n\n\n<div class=\"wp-block-column gb-careers__column gb-careers__image-container is-layout-flow wp-block-column-is-layout-flow\">\n<div class=\"gb-image\">\n\t\n<div class=\"gc-image \">\n        <img decoding=\"async\" class=\"gc-image__image gc-image__image--cover \"\n         src=\"http:\/\/oceansignal.com\/wp-content\/uploads\/2023\/04\/image-careers-section.jpg\"\n         alt=\"\"\n    >\n<\/div><\/div>\n<\/div>\n<\/div>\n\n\n    <\/div>\n","protected":false},"excerpt":{"rendered":"<p>Wir haben eines der erfahrensten Elektronik-Engineering-Teams in der Marinekommunikationsbranche zusammengebracht.<\/p>\n","protected":false},"author":2,"featured_media":0,"parent":0,"menu_order":0,"comment_status":"closed","ping_status":"closed","template":"pagetemplate-header-orange.php","meta":{"_acf_changed":false,"om_disable_all_campaigns":false,"footnotes":""},"class_list":["post-7107","page","type-page","status-publish","hentry"],"acf":[],"yoast_head":"<!-- This site is optimized with the Yoast SEO Premium plugin v25.2 (Yoast SEO v26.4) - https:\/\/yoast.com\/wordpress\/plugins\/seo\/ -->\n<title>\u00dcber Ocean Signal - Ocean Signal<\/title>\n<meta name=\"description\" content=\"Ocean Signal ist Ihre Quelle f\u00fcr Sicherheitsl\u00f6sungen f\u00fcr die Schifffahrt. Entdecken Sie unsere EPIRBs, PLBs und AIS-Ger\u00e4te f\u00fcr eine zuverl\u00e4ssige Kommunikation auf See\" \/>\n<meta name=\"robots\" content=\"index, follow, max-snippet:-1, max-image-preview:large, max-video-preview:-1\" \/>\n<link rel=\"canonical\" href=\"https:\/\/oceansignal.com\/de\/ueber-ocean-signal\/\" \/>\n<meta property=\"og:locale\" content=\"de_DE\" \/>\n<meta property=\"og:type\" content=\"article\" \/>\n<meta property=\"og:title\" content=\"\u00dcber Ocean Signal - Ocean Signal\" \/>\n<meta property=\"og:description\" content=\"Ocean Signal ist Ihre Quelle f\u00fcr Sicherheitsl\u00f6sungen f\u00fcr die Schifffahrt. Entdecken Sie unsere EPIRBs, PLBs und AIS-Ger\u00e4te f\u00fcr eine zuverl\u00e4ssige Kommunikation auf See\" \/>\n<meta property=\"og:url\" content=\"https:\/\/oceansignal.com\/de\/ueber-ocean-signal\/\" \/>\n<meta property=\"og:site_name\" content=\"Ocean Signal\" \/>\n<meta property=\"article:modified_time\" content=\"2024-09-30T14:32:25+00:00\" \/>\n<meta property=\"og:image\" content=\"http:\/\/oceansignal.com\/wp-content\/uploads\/2023\/04\/image-about-us-employees.jpg\" \/>\n<meta name=\"twitter:card\" content=\"summary_large_image\" \/>\n<meta name=\"twitter:label1\" content=\"Gesch\u00e4tzte Lesezeit\" \/>\n\t<meta name=\"twitter:data1\" content=\"2\u00a0Minuten\" \/>\n<script type=\"application\/ld+json\" class=\"yoast-schema-graph\">{\"@context\":\"https:\/\/schema.org\",\"@graph\":[{\"@type\":\"WebPage\",\"@id\":\"https:\/\/oceansignal.com\/de\/ueber-ocean-signal\/\",\"url\":\"https:\/\/oceansignal.com\/de\/ueber-ocean-signal\/\",\"name\":\"\u00dcber Ocean Signal - Ocean Signal\",\"isPartOf\":{\"@id\":\"https:\/\/oceansignal.com\/de\/#website\"},\"primaryImageOfPage\":{\"@id\":\"https:\/\/oceansignal.com\/de\/ueber-ocean-signal\/#primaryimage\"},\"image\":{\"@id\":\"https:\/\/oceansignal.com\/de\/ueber-ocean-signal\/#primaryimage\"},\"thumbnailUrl\":\"http:\/\/oceansignal.com\/wp-content\/uploads\/2023\/04\/image-about-us-employees.jpg\",\"datePublished\":\"2023-04-07T13:10:32+00:00\",\"dateModified\":\"2024-09-30T14:32:25+00:00\",\"description\":\"Ocean Signal ist Ihre Quelle f\u00fcr Sicherheitsl\u00f6sungen f\u00fcr die Schifffahrt. Entdecken Sie unsere EPIRBs, PLBs und AIS-Ger\u00e4te f\u00fcr eine zuverl\u00e4ssige Kommunikation auf See\",\"inLanguage\":\"de\",\"potentialAction\":[{\"@type\":\"ReadAction\",\"target\":[\"https:\/\/oceansignal.com\/de\/ueber-ocean-signal\/\"]}]},{\"@type\":\"ImageObject\",\"inLanguage\":\"de\",\"@id\":\"https:\/\/oceansignal.com\/de\/ueber-ocean-signal\/#primaryimage\",\"url\":\"http:\/\/oceansignal.com\/wp-content\/uploads\/2023\/04\/image-about-us-employees.jpg\",\"contentUrl\":\"http:\/\/oceansignal.com\/wp-content\/uploads\/2023\/04\/image-about-us-employees.jpg\"},{\"@type\":\"WebSite\",\"@id\":\"https:\/\/oceansignal.com\/de\/#website\",\"url\":\"https:\/\/oceansignal.com\/de\/\",\"name\":\"Ocean Signal\",\"description\":\"A leading manufacturer of EPIRBs, AIS, SARTs, Personal Locator Beacons, Man Overboard Beacon for the Marine and Outdoor Markets.\",\"potentialAction\":[{\"@type\":\"SearchAction\",\"target\":{\"@type\":\"EntryPoint\",\"urlTemplate\":\"https:\/\/oceansignal.com\/de\/?s={search_term_string}\"},\"query-input\":{\"@type\":\"PropertyValueSpecification\",\"valueRequired\":true,\"valueName\":\"search_term_string\"}}],\"inLanguage\":\"de\"}]}<\/script>\n<!-- \/ Yoast SEO Premium plugin. -->","yoast_head_json":{"title":"\u00dcber Ocean Signal - Ocean Signal","description":"Ocean Signal ist Ihre Quelle f\u00fcr Sicherheitsl\u00f6sungen f\u00fcr die Schifffahrt. Entdecken Sie unsere EPIRBs, PLBs und AIS-Ger\u00e4te f\u00fcr eine zuverl\u00e4ssige Kommunikation auf See","robots":{"index":"index","follow":"follow","max-snippet":"max-snippet:-1","max-image-preview":"max-image-preview:large","max-video-preview":"max-video-preview:-1"},"canonical":"https:\/\/oceansignal.com\/de\/ueber-ocean-signal\/","og_locale":"de_DE","og_type":"article","og_title":"\u00dcber Ocean Signal - Ocean Signal","og_description":"Ocean Signal ist Ihre Quelle f\u00fcr Sicherheitsl\u00f6sungen f\u00fcr die Schifffahrt. Entdecken Sie unsere EPIRBs, PLBs und AIS-Ger\u00e4te f\u00fcr eine zuverl\u00e4ssige Kommunikation auf See","og_url":"https:\/\/oceansignal.com\/de\/ueber-ocean-signal\/","og_site_name":"Ocean Signal","article_modified_time":"2024-09-30T14:32:25+00:00","og_image":[{"url":"http:\/\/oceansignal.com\/wp-content\/uploads\/2023\/04\/image-about-us-employees.jpg","type":"","width":"","height":""}],"twitter_card":"summary_large_image","twitter_misc":{"Gesch\u00e4tzte Lesezeit":"2\u00a0Minuten"},"schema":{"@context":"https:\/\/schema.org","@graph":[{"@type":"WebPage","@id":"https:\/\/oceansignal.com\/de\/ueber-ocean-signal\/","url":"https:\/\/oceansignal.com\/de\/ueber-ocean-signal\/","name":"\u00dcber Ocean Signal - Ocean Signal","isPartOf":{"@id":"https:\/\/oceansignal.com\/de\/#website"},"primaryImageOfPage":{"@id":"https:\/\/oceansignal.com\/de\/ueber-ocean-signal\/#primaryimage"},"image":{"@id":"https:\/\/oceansignal.com\/de\/ueber-ocean-signal\/#primaryimage"},"thumbnailUrl":"http:\/\/oceansignal.com\/wp-content\/uploads\/2023\/04\/image-about-us-employees.jpg","datePublished":"2023-04-07T13:10:32+00:00","dateModified":"2024-09-30T14:32:25+00:00","description":"Ocean Signal ist Ihre Quelle f\u00fcr Sicherheitsl\u00f6sungen f\u00fcr die Schifffahrt. Entdecken Sie unsere EPIRBs, PLBs und AIS-Ger\u00e4te f\u00fcr eine zuverl\u00e4ssige Kommunikation auf See","inLanguage":"de","potentialAction":[{"@type":"ReadAction","target":["https:\/\/oceansignal.com\/de\/ueber-ocean-signal\/"]}]},{"@type":"ImageObject","inLanguage":"de","@id":"https:\/\/oceansignal.com\/de\/ueber-ocean-signal\/#primaryimage","url":"http:\/\/oceansignal.com\/wp-content\/uploads\/2023\/04\/image-about-us-employees.jpg","contentUrl":"http:\/\/oceansignal.com\/wp-content\/uploads\/2023\/04\/image-about-us-employees.jpg"},{"@type":"WebSite","@id":"https:\/\/oceansignal.com\/de\/#website","url":"https:\/\/oceansignal.com\/de\/","name":"Ocean Signal","description":"A leading manufacturer of EPIRBs, AIS, SARTs, Personal Locator Beacons, Man Overboard Beacon for the Marine and Outdoor Markets.","potentialAction":[{"@type":"SearchAction","target":{"@type":"EntryPoint","urlTemplate":"https:\/\/oceansignal.com\/de\/?s={search_term_string}"},"query-input":{"@type":"PropertyValueSpecification","valueRequired":true,"valueName":"search_term_string"}}],"inLanguage":"de"}]}},"_links":{"self":[{"href":"https:\/\/oceansignal.com\/de\/wp-json\/wp\/v2\/pages\/7107","targetHints":{"allow":["GET"]}}],"collection":[{"href":"https:\/\/oceansignal.com\/de\/wp-json\/wp\/v2\/pages"}],"about":[{"href":"https:\/\/oceansignal.com\/de\/wp-json\/wp\/v2\/types\/page"}],"author":[{"embeddable":true,"href":"https:\/\/oceansignal.com\/de\/wp-json\/wp\/v2\/users\/2"}],"replies":[{"embeddable":true,"href":"https:\/\/oceansignal.com\/de\/wp-json\/wp\/v2\/comments?post=7107"}],"version-history":[{"count":1,"href":"https:\/\/oceansignal.com\/de\/wp-json\/wp\/v2\/pages\/7107\/revisions"}],"predecessor-version":[{"id":7108,"href":"https:\/\/oceansignal.com\/de\/wp-json\/wp\/v2\/pages\/7107\/revisions\/7108"}],"wp:attachment":[{"href":"https:\/\/oceansignal.com\/de\/wp-json\/wp\/v2\/media?parent=7107"}],"curies":[{"name":"wp","href":"https:\/\/api.w.org\/{rel}","templated":true}]}}