{"id":7237,"date":"2023-05-04T09:17:19","date_gmt":"2023-05-04T09:17:19","guid":{"rendered":"https:\/\/oceansignal.com\/mob1-zone2\/"},"modified":"2024-09-30T14:44:24","modified_gmt":"2024-09-30T14:44:24","slug":"mob1-zone2","status":"publish","type":"page","link":"https:\/\/oceansignal.com\/de\/unterstuetzen\/produktprogrammierung\/mob1-programmierung\/mob1-zone2\/","title":{"rendered":"MOB1 Zone2"},"content":{"rendered":"","protected":false},"excerpt":{"rendered":"","protected":false},"author":1,"featured_media":0,"parent":7295,"menu_order":0,"comment_status":"closed","ping_status":"closed","template":"pagetemplate-mob1-zone2.php","meta":{"_acf_changed":false,"om_disable_all_campaigns":false,"footnotes":""},"class_list":["post-7237","page","type-page","status-publish","hentry"],"acf":[],"yoast_head":"<!-- This site is optimized with the Yoast SEO Premium plugin v25.2 (Yoast SEO v26.4) - https:\/\/yoast.com\/wordpress\/plugins\/seo\/ -->\n<title>MOB1 Zone2 - Ocean Signal<\/title>\n<meta name=\"description\" content=\"Programmieren Sie Ocean Signal MOB1 ganz einfach f\u00fcr Umgebungen in Zone 2. Gew\u00e4hrleisten Sie eine zuverl\u00e4ssige Mann-\u00fcber-Bord-Alarmierung in explosionsgef\u00e4hrdeten Bereichen. Vereinfachen Sie die Programmierung noch heute.&quot;\" \/>\n<meta name=\"robots\" content=\"index, follow, max-snippet:-1, max-image-preview:large, max-video-preview:-1\" \/>\n<link rel=\"canonical\" href=\"https:\/\/oceansignal.com\/de\/unterstuetzen\/produktprogrammierung\/mob1-programmierung\/mob1-zone2\/\" \/>\n<meta property=\"og:locale\" content=\"de_DE\" \/>\n<meta property=\"og:type\" content=\"article\" \/>\n<meta property=\"og:title\" content=\"MOB1 Zone2 - Ocean Signal\" \/>\n<meta property=\"og:description\" content=\"Programmieren Sie Ocean Signal MOB1 ganz einfach f\u00fcr Umgebungen in Zone 2. Gew\u00e4hrleisten Sie eine zuverl\u00e4ssige Mann-\u00fcber-Bord-Alarmierung in explosionsgef\u00e4hrdeten Bereichen. Vereinfachen Sie die Programmierung noch heute.&quot;\" \/>\n<meta property=\"og:url\" content=\"https:\/\/oceansignal.com\/de\/unterstuetzen\/produktprogrammierung\/mob1-programmierung\/mob1-zone2\/\" \/>\n<meta property=\"og:site_name\" content=\"Ocean Signal\" \/>\n<meta property=\"article:modified_time\" content=\"2024-09-30T14:44:24+00:00\" \/>\n<meta property=\"og:image\" content=\"https:\/\/oceansignal.com\/wp-content\/uploads\/2024\/03\/image-social-share-04.jpg\" \/>\n\t<meta property=\"og:image:width\" content=\"1200\" \/>\n\t<meta property=\"og:image:height\" content=\"630\" \/>\n\t<meta property=\"og:image:type\" content=\"image\/jpeg\" \/>\n<meta name=\"twitter:card\" content=\"summary_large_image\" \/>\n<script type=\"application\/ld+json\" class=\"yoast-schema-graph\">{\"@context\":\"https:\/\/schema.org\",\"@graph\":[{\"@type\":\"WebPage\",\"@id\":\"https:\/\/oceansignal.com\/de\/unterstuetzen\/produktprogrammierung\/mob1-programmierung\/mob1-zone2\/\",\"url\":\"https:\/\/oceansignal.com\/de\/unterstuetzen\/produktprogrammierung\/mob1-programmierung\/mob1-zone2\/\",\"name\":\"MOB1 Zone2 - Ocean Signal\",\"isPartOf\":{\"@id\":\"https:\/\/oceansignal.com\/de\/#website\"},\"datePublished\":\"2023-05-04T09:17:19+00:00\",\"dateModified\":\"2024-09-30T14:44:24+00:00\",\"description\":\"Programmieren Sie Ocean Signal MOB1 ganz einfach f\u00fcr Umgebungen in Zone 2. Gew\u00e4hrleisten Sie eine zuverl\u00e4ssige Mann-\u00fcber-Bord-Alarmierung in explosionsgef\u00e4hrdeten Bereichen. Vereinfachen Sie die Programmierung noch heute.\\\"\",\"breadcrumb\":{\"@id\":\"https:\/\/oceansignal.com\/de\/unterstuetzen\/produktprogrammierung\/mob1-programmierung\/mob1-zone2\/#breadcrumb\"},\"inLanguage\":\"de\",\"potentialAction\":[{\"@type\":\"ReadAction\",\"target\":[\"https:\/\/oceansignal.com\/de\/unterstuetzen\/produktprogrammierung\/mob1-programmierung\/mob1-zone2\/\"]}]},{\"@type\":\"BreadcrumbList\",\"@id\":\"https:\/\/oceansignal.com\/de\/unterstuetzen\/produktprogrammierung\/mob1-programmierung\/mob1-zone2\/#breadcrumb\",\"itemListElement\":[{\"@type\":\"ListItem\",\"position\":1,\"name\":\"Unterst\u00fctzen\",\"item\":\"https:\/\/oceansignal.com\/de\/unterstuetzen\/\"},{\"@type\":\"ListItem\",\"position\":2,\"name\":\"Produktprogrammierung\",\"item\":\"https:\/\/oceansignal.com\/de\/unterstuetzen\/produktprogrammierung\/\"},{\"@type\":\"ListItem\",\"position\":3,\"name\":\"MOB1-Programmierung\",\"item\":\"https:\/\/oceansignal.com\/de\/unterstuetzen\/produktprogrammierung\/mob1-programmierung\/\"},{\"@type\":\"ListItem\",\"position\":4,\"name\":\"MOB1 Zone2\"}]},{\"@type\":\"WebSite\",\"@id\":\"https:\/\/oceansignal.com\/de\/#website\",\"url\":\"https:\/\/oceansignal.com\/de\/\",\"name\":\"Ocean Signal\",\"description\":\"A leading manufacturer of EPIRBs, AIS, SARTs, Personal Locator Beacons, Man Overboard Beacon for the Marine and Outdoor Markets.\",\"potentialAction\":[{\"@type\":\"SearchAction\",\"target\":{\"@type\":\"EntryPoint\",\"urlTemplate\":\"https:\/\/oceansignal.com\/de\/?s={search_term_string}\"},\"query-input\":{\"@type\":\"PropertyValueSpecification\",\"valueRequired\":true,\"valueName\":\"search_term_string\"}}],\"inLanguage\":\"de\"}]}<\/script>\n<!-- \/ Yoast SEO Premium plugin. -->","yoast_head_json":{"title":"MOB1 Zone2 - Ocean Signal","description":"Programmieren Sie Ocean Signal MOB1 ganz einfach f\u00fcr Umgebungen in Zone 2. Gew\u00e4hrleisten Sie eine zuverl\u00e4ssige Mann-\u00fcber-Bord-Alarmierung in explosionsgef\u00e4hrdeten Bereichen. Vereinfachen Sie die Programmierung noch heute.\"","robots":{"index":"index","follow":"follow","max-snippet":"max-snippet:-1","max-image-preview":"max-image-preview:large","max-video-preview":"max-video-preview:-1"},"canonical":"https:\/\/oceansignal.com\/de\/unterstuetzen\/produktprogrammierung\/mob1-programmierung\/mob1-zone2\/","og_locale":"de_DE","og_type":"article","og_title":"MOB1 Zone2 - Ocean Signal","og_description":"Programmieren Sie Ocean Signal MOB1 ganz einfach f\u00fcr Umgebungen in Zone 2. Gew\u00e4hrleisten Sie eine zuverl\u00e4ssige Mann-\u00fcber-Bord-Alarmierung in explosionsgef\u00e4hrdeten Bereichen. Vereinfachen Sie die Programmierung noch heute.\"","og_url":"https:\/\/oceansignal.com\/de\/unterstuetzen\/produktprogrammierung\/mob1-programmierung\/mob1-zone2\/","og_site_name":"Ocean Signal","article_modified_time":"2024-09-30T14:44:24+00:00","og_image":[{"width":1200,"height":630,"url":"https:\/\/oceansignal.com\/wp-content\/uploads\/2024\/03\/image-social-share-04.jpg","type":"image\/jpeg"}],"twitter_card":"summary_large_image","schema":{"@context":"https:\/\/schema.org","@graph":[{"@type":"WebPage","@id":"https:\/\/oceansignal.com\/de\/unterstuetzen\/produktprogrammierung\/mob1-programmierung\/mob1-zone2\/","url":"https:\/\/oceansignal.com\/de\/unterstuetzen\/produktprogrammierung\/mob1-programmierung\/mob1-zone2\/","name":"MOB1 Zone2 - Ocean Signal","isPartOf":{"@id":"https:\/\/oceansignal.com\/de\/#website"},"datePublished":"2023-05-04T09:17:19+00:00","dateModified":"2024-09-30T14:44:24+00:00","description":"Programmieren Sie Ocean Signal MOB1 ganz einfach f\u00fcr Umgebungen in Zone 2. Gew\u00e4hrleisten Sie eine zuverl\u00e4ssige Mann-\u00fcber-Bord-Alarmierung in explosionsgef\u00e4hrdeten Bereichen. Vereinfachen Sie die Programmierung noch heute.\"","breadcrumb":{"@id":"https:\/\/oceansignal.com\/de\/unterstuetzen\/produktprogrammierung\/mob1-programmierung\/mob1-zone2\/#breadcrumb"},"inLanguage":"de","potentialAction":[{"@type":"ReadAction","target":["https:\/\/oceansignal.com\/de\/unterstuetzen\/produktprogrammierung\/mob1-programmierung\/mob1-zone2\/"]}]},{"@type":"BreadcrumbList","@id":"https:\/\/oceansignal.com\/de\/unterstuetzen\/produktprogrammierung\/mob1-programmierung\/mob1-zone2\/#breadcrumb","itemListElement":[{"@type":"ListItem","position":1,"name":"Unterst\u00fctzen","item":"https:\/\/oceansignal.com\/de\/unterstuetzen\/"},{"@type":"ListItem","position":2,"name":"Produktprogrammierung","item":"https:\/\/oceansignal.com\/de\/unterstuetzen\/produktprogrammierung\/"},{"@type":"ListItem","position":3,"name":"MOB1-Programmierung","item":"https:\/\/oceansignal.com\/de\/unterstuetzen\/produktprogrammierung\/mob1-programmierung\/"},{"@type":"ListItem","position":4,"name":"MOB1 Zone2"}]},{"@type":"WebSite","@id":"https:\/\/oceansignal.com\/de\/#website","url":"https:\/\/oceansignal.com\/de\/","name":"Ocean Signal","description":"A leading manufacturer of EPIRBs, AIS, SARTs, Personal Locator Beacons, Man Overboard Beacon for the Marine and Outdoor Markets.","potentialAction":[{"@type":"SearchAction","target":{"@type":"EntryPoint","urlTemplate":"https:\/\/oceansignal.com\/de\/?s={search_term_string}"},"query-input":{"@type":"PropertyValueSpecification","valueRequired":true,"valueName":"search_term_string"}}],"inLanguage":"de"}]}},"_links":{"self":[{"href":"https:\/\/oceansignal.com\/de\/wp-json\/wp\/v2\/pages\/7237","targetHints":{"allow":["GET"]}}],"collection":[{"href":"https:\/\/oceansignal.com\/de\/wp-json\/wp\/v2\/pages"}],"about":[{"href":"https:\/\/oceansignal.com\/de\/wp-json\/wp\/v2\/types\/page"}],"author":[{"embeddable":true,"href":"https:\/\/oceansignal.com\/de\/wp-json\/wp\/v2\/users\/1"}],"replies":[{"embeddable":true,"href":"https:\/\/oceansignal.com\/de\/wp-json\/wp\/v2\/comments?post=7237"}],"version-history":[{"count":1,"href":"https:\/\/oceansignal.com\/de\/wp-json\/wp\/v2\/pages\/7237\/revisions"}],"predecessor-version":[{"id":7298,"href":"https:\/\/oceansignal.com\/de\/wp-json\/wp\/v2\/pages\/7237\/revisions\/7298"}],"up":[{"embeddable":true,"href":"https:\/\/oceansignal.com\/de\/wp-json\/wp\/v2\/pages\/7295"}],"wp:attachment":[{"href":"https:\/\/oceansignal.com\/de\/wp-json\/wp\/v2\/media?parent=7237"}],"curies":[{"name":"wp","href":"https:\/\/api.w.org\/{rel}","templated":true}]}}