{"id":7487,"date":"2023-05-03T12:36:48","date_gmt":"2023-05-03T12:36:48","guid":{"rendered":"https:\/\/oceansignal.com\/ecomm-und-garantierichtlinien\/"},"modified":"2025-04-17T12:39:56","modified_gmt":"2025-04-17T12:39:56","slug":"ecomm-und-garantierichtlinien","status":"publish","type":"page","link":"https:\/\/oceansignal.com\/de\/ecomm-und-garantierichtlinien\/","title":{"rendered":"Ecomm und Garantierichtlinien"},"content":{"rendered":"\n<div class=\"gb-container-narrow\">\n    <div class=\"gc-container \">\n                \n\n<h4 class=\"wp-block-heading\" id=\"h-purchases-made-online-at-www-oceansignal-com\">Online-Eink\u00e4ufe bei www.oceansignal.com<\/h4>\n\n\n\n<p>Wir stehen hinter unseren Produkten. Wenn Ihr Kauf bei www.oceansignal.com nicht Ihren Erwartungen entspricht, k\u00f6nnen Sie ihn innerhalb von 30 Tagen ab Kaufdatum gegen Ersatz oder R\u00fcckerstattung (ohne Versandkosten) zur\u00fcckgeben, sofern unten nichts anderes angegeben ist. Um eine R\u00fcckgabe einzuleiten, melden Sie sich bei Ihrem Konto unter www.oceansignal.com an und rufen Sie die Registerkarte \u201eBestellungen\u201c auf. Notieren Sie sich Ihre Bestellnummer und rufen Sie dann \u00fcber den RMA-Bereich auf der Support-Seite unser <a href=\"https:\/\/oceansignal.com\/de\/unterstuetzen\/#contact-us\">Kontaktformular<\/a> auf. Geben Sie Ihre Kontaktinformationen in das Formular ein, geben Sie in Ihrer Nachricht Ihre Bestellnummer an und beschreiben Sie kurz, warum Sie Ihre Bestellung zur\u00fcckgeben m\u00f6chten. Ein Mitglied unseres Teams wird sich in K\u00fcrze mit Ihnen in Verbindung setzen, um die n\u00e4chsten Schritte zu besprechen.     <\/p>\n\n\n\n<p>Hinweis: Notfunkbaken (EPIRBs) und pers\u00f6nliche Ortungsbaken (PLBs) k\u00f6nnen nur innerhalb von 30 Tagen ab Kaufdatum gegen volle R\u00fcckerstattung des Kaufpreises zur\u00fcckgegeben werden, wenn das Siegel auf der Verpackung nicht gebrochen wurde. Au\u00dferdem d\u00fcrfen sie nicht bei der nationalen Registrierungsbeh\u00f6rde registriert worden sein. Produkte, f\u00fcr die ein Werbeangebot (Bargeldrabatte oder kostenlose Waren) eingel\u00f6st wurde, sind nicht teilnahmeberechtigt.  <\/p>\n\n\n\n<p>R\u00fcckgabeanweisungen f\u00fcr Gro\u00dfbritannien und Europa:<\/p>\n\n\n\n<p>Nachdem Sie eine R\u00fccksendegenehmigungsnummer (E-Commerce RMA) erhalten haben, verpacken Sie den Artikel wieder in die Originalverpackung und senden Sie ihn mit Ihrer RMA-Nummer deutlich sichtbar auf der Au\u00dfenseite der Verpackung vermerkt an die unten stehende Adresse an uns zur\u00fcck.<\/p>\n\n\n\n<p>Ocean Signal ,<br\/> Einheit 4, Ocivan Way<br\/> Westwood<br\/> Margate<br\/> CT9 4NN<br\/> Vereinigtes K\u00f6nigreich<\/p>\n\n\n\n<p>R\u00fcckgabehinweise USA\/Kanada:<\/p>\n\n\n\n<p>Nachdem Sie eine E-Commerce-RMA-R\u00fccksendegenehmigungsnummer erhalten haben, verpacken Sie den Artikel wieder in der Originalverpackung und senden Sie die Artikel mit Ihrer RMA-Nummer, die deutlich auf der Au\u00dfenverpackung angegeben ist, an die unten angegebene Adresse an uns zur\u00fcck.  <\/p>\n\n\n\n<div class=\"wp-block-group\"><div class=\"wp-block-group__inner-container is-layout-constrained wp-block-group-is-layout-constrained\">\n<div class=\"wp-block-group is-vertical is-layout-flex wp-container-core-group-is-layout-8cf370e7 wp-block-group-is-layout-flex\">\n<p><strong>ACR Elektronik<\/strong><\/p>\n\n\n\n<p><strong>5757 Ravenswood Stra\u00dfe<\/strong><\/p>\n\n\n\n<p><strong>Fort Lauderdale, FL 33312<\/strong><\/p>\n<\/div>\n<\/div><\/div>\n\n\n\n<p>Artikel, die gef\u00e4hrliches Material enthalten, d\u00fcrfen nur auf dem Landweg zur\u00fcckgesandt werden und m\u00fcssen mit den richtigen Gefahrgut-Versanddokumenten versehen sein (besuchen Sie die Produktseite, um zu sehen, ob Ihr Produkt qualifiziert ist).<\/p>\n\n\n\n<p>Au\u00dfer in F\u00e4llen, in denen die R\u00fccksendung auf einen Fehler von Ocean Signal zur\u00fcckzuf\u00fchren ist oder der Artikel besch\u00e4digt oder defekt ankommt, werden die urspr\u00fcnglichen Versandkosten nicht erstattet und Sie sind f\u00fcr alle R\u00fccksendekosten verantwortlich. Ocean Signal haftet nicht f\u00fcr R\u00fccksendungen, die w\u00e4hrend des Transports verloren gehen oder an die falsche Adresse zur\u00fcckgeschickt werden. Bitte bewahren Sie Ihre R\u00fccksendeverfolgungsinformationen auf. <\/p>\n\n\n\n<p><\/p>\n\n\n\n<h2 class=\"wp-block-heading\">Globale beschr\u00e4nkte Garantie<\/h2>\n\n\n\n<p>Die beschr\u00e4nkten Garantien der globalen beschr\u00e4nkten Garantie sind exklusiv und ersetzen alle anderen ausdr\u00fccklichen, stillschweigenden oder gesetzlichen Garantien, einschlie\u00dflich jeglicher Haftung, die sich aus einer gesetzlichen oder sonstigen Garantie der Marktg\u00e4ngigkeit oder Eignung f\u00fcr einen bestimmten Zweck ergibt. Diese Garantie verleiht dem Eigent\u00fcmer bestimmte gesetzliche Rechte, die von Rechtsraum zu Rechtsraum unterschiedlich sein k\u00f6nnen. <\/p>\n\n\n\n<p>In keinem Fall haftet Ocean Signal Ltd. oder seine Tochtergesellschaften f\u00fcr zuf\u00e4llige, spezielle, indirekte oder Folgesch\u00e4den, unabh\u00e4ngig davon, ob diese aus der Verwendung, dem Missbrauch, der Unm\u00f6glichkeit der Verwendung, dem unzul\u00e4ssigen Vertrauen auf das Produkt oder aus M\u00e4ngeln am Produkt resultieren. In einigen Rechtsgebieten ist der Ausschluss zuf\u00e4lliger oder Folgesch\u00e4den nicht zul\u00e4ssig. Daher gilt die obige Einschr\u00e4nkung m\u00f6glicherweise nicht f\u00fcr Sie. <\/p>\n\n\n\n<p>Die beschr\u00e4nkte globale Garantie ber\u00fchrt nicht die Rechte eines Kunden gegen\u00fcber einem Einzelh\u00e4ndler, die sich aus einem Kaufvertrag ergeben.<\/p>\n\n\n\n<p>F\u00fcr Produkte, die im Rahmen der Garantie repariert oder ersetzt werden, gilt eine Garantie nur f\u00fcr den Restbetrag der geltenden urspr\u00fcnglichen Garantiezeit.<\/p>\n\n\n\n<p>Gem\u00e4\u00df den Bedingungen, Beschr\u00e4nkungen und Ausschl\u00fcssen der globalen beschr\u00e4nkten Garantie wird f\u00fcr alle Ocean Signal Produkte eine Garantie von zwei (2) Jahren ab dem Kaufdatum des Produkts durch den urspr\u00fcnglichen Kunden (die \u201eStandard-beschr\u00e4nkte Garantiezeit\u201c) gew\u00e4hrt, dass sie frei von Material- und Verarbeitungsfehlern sind. W\u00e4hrend dieser Zeit und nur f\u00fcr den urspr\u00fcnglichen Kunden repariert oder ersetzt Ocean Signal nach eigenem Ermessen alle Komponenten, die bei normalem Gebrauch versagen. Sofern kein geltendes Gesetz etwas anderes vorsieht, ist dies das einzige und ausschlie\u00dfliche Rechtsmittel des Kunden bei einem Garantieversto\u00df. <\/p>\n\n\n\n<p>Wenn f\u00fcr Sie die eingeschr\u00e4nkte Standardgarantie gilt, berechnet Ihnen Ocean Signal keine Teile oder Arbeitskosten f\u00fcr Garantiereparaturen oder -austausch. Die Kosten f\u00fcr den Transport Ihres Garantieprodukts zu Ocean Signal zur Reparatur oder zum Austausch liegen jedoch in Ihrer Verantwortung und werden nicht von Ocean Signal \u00fcbernommen. <\/p>\n\n\n\n<h2 class=\"wp-block-heading\">Erweiterte beschr\u00e4nkte Garantie<\/h2>\n\n\n\n<p>Vorbehaltlich der Bestimmungen, Bedingungen, Beschr\u00e4nkungen und Ausschl\u00fcsse der weltweiten beschr\u00e4nkten Garantie und mit Ausnahme von Garantieersatzprodukten sowie Produkten, die f\u00fcr regul\u00e4re gewerbliche, milit\u00e4rische, polizeiliche oder \u00e4hnliche Zwecke verwendet werden, gilt f\u00fcr alle neuen Produkte, die bei Ocean Signal innerhalb von neunzig (90) Tagen ab dem Datum des Erstkaufs durch den Originalkunden registriert werden, f\u00fcr einen Zeitraum von mehreren Jahren (die \u201eerweiterte beschr\u00e4nkte Garantiezeit\u201c) eine Garantie auf Material- und Verarbeitungsfehler, wie unten definiert:<\/p>\n\n\n\n<figure class=\"wp-block-table\"><table><tbody><tr><td>rescueME Produkte ( PLB1 , PLB3 , MOB1, MOB2 , EDF,<br\/> EPIRB1 , EPIRB1Pro, EPIRB2 , EPIRB2 Pro und EPIRB3 )<\/td><td>\u00a0\u2013<\/td><td>Verl\u00e4ngerte Garantiezeit 5 Jahre<\/td><\/tr><tr><td>safeSEA -Produkte ( EPIRB3 Pro , V100, M200 und S100)<\/td><td>\u00a0\u2013<\/td><td>Keine Garantieverl\u00e4ngerung verf\u00fcgbar<\/td><\/tr><tr><td>Professionelle Produkte: (M100 und M100X)<\/td><td>\u00a0\u2013<\/td><td>Keine Garantieverl\u00e4ngerung verf\u00fcgbar<\/td><\/tr><tr><td>AIS-Produkte: (ATB1 und ATA100)<\/td><td>\u00a0\u2013<\/td><td>Verl\u00e4ngerte Garantiezeit 3 Jahre<\/td><\/tr><\/tbody><\/table><\/figure>\n\n\n\n<p>W\u00e4hrend dieser Zeit wird Ocean Signal f\u00fcr den urspr\u00fcnglichen Kunden nach eigenem Ermessen s\u00e4mtliche Produktkomponenten reparieren oder ersetzen, die bei normaler Verwendung versagen. Sofern kein geltendes Gesetz etwas anderes vorsieht, stellt dies das einzige und ausschlie\u00dfliche Rechtsmittel des Kunden bei etwaigen Garantieverletzungen dar.<\/p>\n\n\n\n<p>Nach erfolgreicher Registrierung des Produkts ersetzt die erweiterte beschr\u00e4nkte Garantie die eingeschr\u00e4nkte Standardgarantie.<\/p>\n\n\n\n<p>Wenn die erweiterte beschr\u00e4nkte Garantie auf Sie zutrifft, berechnet Ihnen Ocean Signal keine Teile oder Arbeitskosten f\u00fcr Garantiereparaturen oder -austausch. Die Kosten f\u00fcr den Transport Ihres Garantieprodukts zu Ocean Signal zur Reparatur oder zum Austausch liegen jedoch in Ihrer Verantwortung und werden nicht von Ocean Signal \u00fcbernommen. <\/p>\n\n\n        <\/div><\/div>\n","protected":false},"excerpt":{"rendered":"","protected":false},"author":1,"featured_media":0,"parent":0,"menu_order":0,"comment_status":"closed","ping_status":"closed","template":"pagetemplate-header-gray.php","meta":{"_acf_changed":false,"om_disable_all_campaigns":false,"footnotes":""},"class_list":["post-7487","page","type-page","status-publish","hentry"],"acf":[],"yoast_head":"<!-- This site is optimized with the Yoast SEO Premium plugin v25.2 (Yoast SEO v26.4) - https:\/\/yoast.com\/wordpress\/plugins\/seo\/ -->\n<title>Ecomm und Garantierichtlinien - Ocean Signal<\/title>\n<meta name=\"description\" content=\"Entdecken Sie die E-Commerce- und Garantieseite von Ocean Signal f\u00fcr zuverl\u00e4ssige maritime Sicherheitsausr\u00fcstung. Kaufen Sie vertrauensvoll mit unserer umfassenden Garantie ein.\" \/>\n<meta name=\"robots\" content=\"index, follow, max-snippet:-1, max-image-preview:large, max-video-preview:-1\" \/>\n<link rel=\"canonical\" href=\"https:\/\/oceansignal.com\/de\/ecomm-und-garantierichtlinien\/\" \/>\n<meta property=\"og:locale\" content=\"de_DE\" \/>\n<meta property=\"og:type\" content=\"article\" \/>\n<meta property=\"og:title\" content=\"Ecomm und Garantierichtlinien - Ocean Signal\" \/>\n<meta property=\"og:description\" content=\"Entdecken Sie die E-Commerce- und Garantieseite von Ocean Signal f\u00fcr zuverl\u00e4ssige maritime Sicherheitsausr\u00fcstung. Kaufen Sie vertrauensvoll mit unserer umfassenden Garantie ein.\" \/>\n<meta property=\"og:url\" content=\"https:\/\/oceansignal.com\/de\/ecomm-und-garantierichtlinien\/\" \/>\n<meta property=\"og:site_name\" content=\"Ocean Signal\" \/>\n<meta property=\"article:modified_time\" content=\"2025-04-17T12:39:56+00:00\" \/>\n<meta property=\"og:image\" content=\"https:\/\/oceansignal.com\/wp-content\/uploads\/2024\/03\/image-social-share-04.jpg\" \/>\n\t<meta property=\"og:image:width\" content=\"1200\" \/>\n\t<meta property=\"og:image:height\" content=\"630\" \/>\n\t<meta property=\"og:image:type\" content=\"image\/jpeg\" \/>\n<meta name=\"twitter:card\" content=\"summary_large_image\" \/>\n<meta name=\"twitter:label1\" content=\"Gesch\u00e4tzte Lesezeit\" \/>\n\t<meta name=\"twitter:data1\" content=\"5\u00a0Minuten\" \/>\n<script type=\"application\/ld+json\" class=\"yoast-schema-graph\">{\"@context\":\"https:\/\/schema.org\",\"@graph\":[{\"@type\":\"WebPage\",\"@id\":\"https:\/\/oceansignal.com\/de\/ecomm-und-garantierichtlinien\/\",\"url\":\"https:\/\/oceansignal.com\/de\/ecomm-und-garantierichtlinien\/\",\"name\":\"Ecomm und Garantierichtlinien - Ocean Signal\",\"isPartOf\":{\"@id\":\"https:\/\/oceansignal.com\/de\/#website\"},\"datePublished\":\"2023-05-03T12:36:48+00:00\",\"dateModified\":\"2025-04-17T12:39:56+00:00\",\"description\":\"Entdecken Sie die E-Commerce- und Garantieseite von Ocean Signal f\u00fcr zuverl\u00e4ssige maritime Sicherheitsausr\u00fcstung. Kaufen Sie vertrauensvoll mit unserer umfassenden Garantie ein.\",\"inLanguage\":\"de\",\"potentialAction\":[{\"@type\":\"ReadAction\",\"target\":[\"https:\/\/oceansignal.com\/de\/ecomm-und-garantierichtlinien\/\"]}]},{\"@type\":\"WebSite\",\"@id\":\"https:\/\/oceansignal.com\/de\/#website\",\"url\":\"https:\/\/oceansignal.com\/de\/\",\"name\":\"Ocean Signal\",\"description\":\"A leading manufacturer of EPIRBs, AIS, SARTs, Personal Locator Beacons, Man Overboard Beacon for the Marine and Outdoor Markets.\",\"potentialAction\":[{\"@type\":\"SearchAction\",\"target\":{\"@type\":\"EntryPoint\",\"urlTemplate\":\"https:\/\/oceansignal.com\/de\/?s={search_term_string}\"},\"query-input\":{\"@type\":\"PropertyValueSpecification\",\"valueRequired\":true,\"valueName\":\"search_term_string\"}}],\"inLanguage\":\"de\"}]}<\/script>\n<!-- \/ Yoast SEO Premium plugin. -->","yoast_head_json":{"title":"Ecomm und Garantierichtlinien - Ocean Signal","description":"Entdecken Sie die E-Commerce- und Garantieseite von Ocean Signal f\u00fcr zuverl\u00e4ssige maritime Sicherheitsausr\u00fcstung. Kaufen Sie vertrauensvoll mit unserer umfassenden Garantie ein.","robots":{"index":"index","follow":"follow","max-snippet":"max-snippet:-1","max-image-preview":"max-image-preview:large","max-video-preview":"max-video-preview:-1"},"canonical":"https:\/\/oceansignal.com\/de\/ecomm-und-garantierichtlinien\/","og_locale":"de_DE","og_type":"article","og_title":"Ecomm und Garantierichtlinien - Ocean Signal","og_description":"Entdecken Sie die E-Commerce- und Garantieseite von Ocean Signal f\u00fcr zuverl\u00e4ssige maritime Sicherheitsausr\u00fcstung. Kaufen Sie vertrauensvoll mit unserer umfassenden Garantie ein.","og_url":"https:\/\/oceansignal.com\/de\/ecomm-und-garantierichtlinien\/","og_site_name":"Ocean Signal","article_modified_time":"2025-04-17T12:39:56+00:00","og_image":[{"width":1200,"height":630,"url":"https:\/\/oceansignal.com\/wp-content\/uploads\/2024\/03\/image-social-share-04.jpg","type":"image\/jpeg"}],"twitter_card":"summary_large_image","twitter_misc":{"Gesch\u00e4tzte Lesezeit":"5\u00a0Minuten"},"schema":{"@context":"https:\/\/schema.org","@graph":[{"@type":"WebPage","@id":"https:\/\/oceansignal.com\/de\/ecomm-und-garantierichtlinien\/","url":"https:\/\/oceansignal.com\/de\/ecomm-und-garantierichtlinien\/","name":"Ecomm und Garantierichtlinien - Ocean Signal","isPartOf":{"@id":"https:\/\/oceansignal.com\/de\/#website"},"datePublished":"2023-05-03T12:36:48+00:00","dateModified":"2025-04-17T12:39:56+00:00","description":"Entdecken Sie die E-Commerce- und Garantieseite von Ocean Signal f\u00fcr zuverl\u00e4ssige maritime Sicherheitsausr\u00fcstung. Kaufen Sie vertrauensvoll mit unserer umfassenden Garantie ein.","inLanguage":"de","potentialAction":[{"@type":"ReadAction","target":["https:\/\/oceansignal.com\/de\/ecomm-und-garantierichtlinien\/"]}]},{"@type":"WebSite","@id":"https:\/\/oceansignal.com\/de\/#website","url":"https:\/\/oceansignal.com\/de\/","name":"Ocean Signal","description":"A leading manufacturer of EPIRBs, AIS, SARTs, Personal Locator Beacons, Man Overboard Beacon for the Marine and Outdoor Markets.","potentialAction":[{"@type":"SearchAction","target":{"@type":"EntryPoint","urlTemplate":"https:\/\/oceansignal.com\/de\/?s={search_term_string}"},"query-input":{"@type":"PropertyValueSpecification","valueRequired":true,"valueName":"search_term_string"}}],"inLanguage":"de"}]}},"_links":{"self":[{"href":"https:\/\/oceansignal.com\/de\/wp-json\/wp\/v2\/pages\/7487","targetHints":{"allow":["GET"]}}],"collection":[{"href":"https:\/\/oceansignal.com\/de\/wp-json\/wp\/v2\/pages"}],"about":[{"href":"https:\/\/oceansignal.com\/de\/wp-json\/wp\/v2\/types\/page"}],"author":[{"embeddable":true,"href":"https:\/\/oceansignal.com\/de\/wp-json\/wp\/v2\/users\/1"}],"replies":[{"embeddable":true,"href":"https:\/\/oceansignal.com\/de\/wp-json\/wp\/v2\/comments?post=7487"}],"version-history":[{"count":7,"href":"https:\/\/oceansignal.com\/de\/wp-json\/wp\/v2\/pages\/7487\/revisions"}],"predecessor-version":[{"id":27345,"href":"https:\/\/oceansignal.com\/de\/wp-json\/wp\/v2\/pages\/7487\/revisions\/27345"}],"wp:attachment":[{"href":"https:\/\/oceansignal.com\/de\/wp-json\/wp\/v2\/media?parent=7487"}],"curies":[{"name":"wp","href":"https:\/\/api.w.org\/{rel}","templated":true}]}}