{"id":7977,"date":"2023-04-14T09:51:51","date_gmt":"2023-04-14T09:51:51","guid":{"rendered":"https:\/\/oceansignal.com\/produktprogrammierung\/"},"modified":"2024-09-30T14:58:40","modified_gmt":"2024-09-30T14:58:40","slug":"produktprogrammierung","status":"publish","type":"page","link":"https:\/\/oceansignal.com\/de\/unterstuetzen\/produktprogrammierung\/","title":{"rendered":"Produktprogrammierung"},"content":{"rendered":"\n<div class=\"gb-support-block\">\n\t<div class=\"gc-container \">\n    \t\t\t\n\n<div class=\"gb-support-item\">\n\t\t\t\n\n<div class=\"wp-block-column gb-support-item__column gb-support-item__image-container is-layout-flow wp-block-column-is-layout-flow\">\n<div class=\"gb-image\">\n\t\n<div class=\"gc-image \">\n        <img decoding=\"async\" class=\"gc-image__image  \"\n         src=\"http:\/\/oceansignal.com\/wp-content\/uploads\/2023\/04\/image-product-ais-alarm-box.png\"\n         alt=\"\"\n    >\n<\/div><\/div>\n<\/div>\n\n\n\n<div class=\"wp-block-column gb-support-item__column-divider is-layout-flow wp-block-column-is-layout-flow\"><\/div>\n\n\n\n<div class=\"wp-block-column gb-support-item__column gb-support-item__text-container is-layout-flow wp-block-column-is-layout-flow\">\n<h6 class=\"wp-block-heading gb-support-item__text-container__title\" id=\"h-ais-alarm-box\">AIS-Alarmbox<\/h6>\n\n\n\n<p class=\"gb-support-item__text-container__text\">Um dieses Produkt zu programmieren, w\u00e4hlen Sie die Schaltfl\u00e4che unten.<\/p>\n\n\n\n<a\n\t\t\thref=\"http:\/\/oceansignal.com\/support\/product-programming\/ais-alarm-box-programming\/\"\n\t\tclass=\"gb-button gb-button--primary \"\n\ttarget=\"_self\">\n\t\tProgram product\n<\/a>\n<\/div>\n\n\n\t<\/div>\n\n\n\n<div class=\"gb-support-item\">\n\t\t\t\n\n<div class=\"wp-block-column gb-support-item__column gb-support-item__image-container is-layout-flow wp-block-column-is-layout-flow\">\n<div class=\"gb-image\">\n\t\n<div class=\"gc-image \">\n        <img decoding=\"async\" class=\"gc-image__image  \"\n         src=\"http:\/\/oceansignal.com\/wp-content\/uploads\/2023\/04\/image-product-mob1-1.png\"\n         alt=\"\"\n    >\n<\/div><\/div>\n<\/div>\n\n\n\n<div class=\"wp-block-column gb-support-item__column-divider is-layout-flow wp-block-column-is-layout-flow\"><\/div>\n\n\n\n<div class=\"wp-block-column gb-support-item__column gb-support-item__text-container is-layout-flow wp-block-column-is-layout-flow\">\n<h6 class=\"wp-block-heading gb-support-item__text-container__title\" id=\"h-mob1\">MOB1<\/h6>\n\n\n\n<p class=\"gb-support-item__text-container__text\">Um dieses Produkt zu programmieren, w\u00e4hlen Sie die Schaltfl\u00e4che unten.<\/p>\n\n\n\n<a\n\t\t\thref=\"http:\/\/oceansignal.com\/support\/product-programming\/mob1-programming\/\"\n\t\tclass=\"gb-button gb-button--primary \"\n\ttarget=\"_self\">\n\t\tProgram product\n<\/a>\n<\/div>\n\n\n\t<\/div>\n\n\n\n<div class=\"gb-support-item\">\n\t\t\t\n\n<div class=\"wp-block-column gb-support-item__column gb-support-item__image-container is-layout-flow wp-block-column-is-layout-flow\">\n<div class=\"gb-image\">\n\t\n<div class=\"gc-image \">\n        <img decoding=\"async\" class=\"gc-image__image  \"\n         src=\"http:\/\/oceansignal.com\/wp-content\/uploads\/2023\/04\/image-products-atb1.png\"\n         alt=\"\"\n    >\n<\/div><\/div>\n<\/div>\n\n\n\n<div class=\"wp-block-column gb-support-item__column-divider is-layout-flow wp-block-column-is-layout-flow\"><\/div>\n\n\n\n<div class=\"wp-block-column gb-support-item__column gb-support-item__text-container is-layout-flow wp-block-column-is-layout-flow\">\n<h6 class=\"wp-block-heading gb-support-item__text-container__title\" id=\"h-atb1-class-b-ais-transceiver\">ATB1 AIS-Transceiver der Klasse B<\/h6>\n\n\n\n<p class=\"gb-support-item__text-container__text\">Um dieses Produkt zu programmieren, w\u00e4hlen Sie die Schaltfl\u00e4che unten.<\/p>\n\n\n\n<a\n\t\t\thref=\"http:\/\/oceansignal.com\/support\/product-programming\/atb1-class-b-ais-transceiver-programming\/\"\n\t\tclass=\"gb-button gb-button--primary \"\n\ttarget=\"_self\">\n\t\tProgram product\n<\/a>\n<\/div>\n\n\n\t<\/div>\n\n\n\t\t<\/div><\/div>\n\n<div class=\"gb-container-narrow\">\n    <div class=\"gc-container \">\n                \n\n<p>Die richtige Programmierung von <a href=\"https:\/\/oceansignal.com\/de\/produkte\/\">Ocean Signal-Produkten<\/a> ist von gr\u00f6\u00dfter Bedeutung, um ihre Wirksamkeit bei der Gew\u00e4hrleistung der maritimen Sicherheit zu maximieren.\nDiese Ger\u00e4te, die von Notsignalen bis hin zu AIS-Systemen reichen, sind auf eine genaue Konfiguration angewiesen, um in Notf\u00e4llen optimal zu funktionieren.\nEine pr\u00e4zise Programmierung stellt sicher, dass Notsignale mit den richtigen Informationen \u00fcbertragen werden, was eine schnelle und genaue Reaktion der Such- und Rettungsteams erm\u00f6glicht.\nDar\u00fcber hinaus erm\u00f6glicht die Programmierung den Benutzern, die Einstellungen an ihre spezifischen Schiffs- und Betriebsanforderungen anzupassen, was die Zuverl\u00e4ssigkeit erh\u00f6ht und Fehlalarme reduziert.     <\/p>\n\n\n        <\/div><\/div>\n","protected":false},"excerpt":{"rendered":"<p>Um Ihr Produkt zu programmieren, m\u00fcssen Sie zuerst den Produkttyp ausw\u00e4hlen.<\/p>\n","protected":false},"author":2,"featured_media":0,"parent":8375,"menu_order":0,"comment_status":"closed","ping_status":"closed","template":"pagetemplate-header-orange.php","meta":{"_acf_changed":false,"om_disable_all_campaigns":false,"footnotes":""},"class_list":["post-7977","page","type-page","status-publish","hentry"],"acf":[],"yoast_head":"<!-- This site is optimized with the Yoast SEO Premium plugin v25.2 (Yoast SEO v26.4) - https:\/\/yoast.com\/wordpress\/plugins\/seo\/ -->\n<title>Produktprogrammierung - Ocean Signal<\/title>\n<meta name=\"description\" content=\"Produktprogrammierung von Ocean Signal: Passen Sie Ihre maritimen Sicherheitsvorrichtungen f\u00fcr optimale Leistung an. Stellen Sie pr\u00e4zise Einstellungen f\u00fcr mehr Sicherheit an Bord sicher.\" \/>\n<meta name=\"robots\" content=\"index, follow, max-snippet:-1, max-image-preview:large, max-video-preview:-1\" \/>\n<link rel=\"canonical\" href=\"https:\/\/oceansignal.com\/de\/unterstuetzen\/produktprogrammierung\/\" \/>\n<meta property=\"og:locale\" content=\"de_DE\" \/>\n<meta property=\"og:type\" content=\"article\" \/>\n<meta property=\"og:title\" content=\"Produktprogrammierung - Ocean Signal\" \/>\n<meta property=\"og:description\" content=\"Produktprogrammierung von Ocean Signal: Passen Sie Ihre maritimen Sicherheitsvorrichtungen f\u00fcr optimale Leistung an. Stellen Sie pr\u00e4zise Einstellungen f\u00fcr mehr Sicherheit an Bord sicher.\" \/>\n<meta property=\"og:url\" content=\"https:\/\/oceansignal.com\/de\/unterstuetzen\/produktprogrammierung\/\" \/>\n<meta property=\"og:site_name\" content=\"Ocean Signal\" \/>\n<meta property=\"article:modified_time\" content=\"2024-09-30T14:58:40+00:00\" \/>\n<meta property=\"og:image\" content=\"https:\/\/oceansignal.com\/wp-content\/uploads\/2024\/03\/image-social-share-04.jpg\" \/>\n\t<meta property=\"og:image:width\" content=\"1200\" \/>\n\t<meta property=\"og:image:height\" content=\"630\" \/>\n\t<meta property=\"og:image:type\" content=\"image\/jpeg\" \/>\n<meta name=\"twitter:card\" content=\"summary_large_image\" \/>\n<meta name=\"twitter:label1\" content=\"Gesch\u00e4tzte Lesezeit\" \/>\n\t<meta name=\"twitter:data1\" content=\"1\u00a0Minute\" \/>\n<script type=\"application\/ld+json\" class=\"yoast-schema-graph\">{\"@context\":\"https:\/\/schema.org\",\"@graph\":[{\"@type\":\"WebPage\",\"@id\":\"https:\/\/oceansignal.com\/de\/unterstuetzen\/produktprogrammierung\/\",\"url\":\"https:\/\/oceansignal.com\/de\/unterstuetzen\/produktprogrammierung\/\",\"name\":\"Produktprogrammierung - Ocean Signal\",\"isPartOf\":{\"@id\":\"https:\/\/oceansignal.com\/de\/#website\"},\"datePublished\":\"2023-04-14T09:51:51+00:00\",\"dateModified\":\"2024-09-30T14:58:40+00:00\",\"description\":\"Produktprogrammierung von Ocean Signal: Passen Sie Ihre maritimen Sicherheitsvorrichtungen f\u00fcr optimale Leistung an. Stellen Sie pr\u00e4zise Einstellungen f\u00fcr mehr Sicherheit an Bord sicher.\",\"breadcrumb\":{\"@id\":\"https:\/\/oceansignal.com\/de\/unterstuetzen\/produktprogrammierung\/#breadcrumb\"},\"inLanguage\":\"de\",\"potentialAction\":[{\"@type\":\"ReadAction\",\"target\":[\"https:\/\/oceansignal.com\/de\/unterstuetzen\/produktprogrammierung\/\"]}]},{\"@type\":\"BreadcrumbList\",\"@id\":\"https:\/\/oceansignal.com\/de\/unterstuetzen\/produktprogrammierung\/#breadcrumb\",\"itemListElement\":[{\"@type\":\"ListItem\",\"position\":1,\"name\":\"Unterst\u00fctzen\",\"item\":\"https:\/\/oceansignal.com\/de\/unterstuetzen\/\"},{\"@type\":\"ListItem\",\"position\":2,\"name\":\"Produktprogrammierung\"}]},{\"@type\":\"WebSite\",\"@id\":\"https:\/\/oceansignal.com\/de\/#website\",\"url\":\"https:\/\/oceansignal.com\/de\/\",\"name\":\"Ocean Signal\",\"description\":\"A leading manufacturer of EPIRBs, AIS, SARTs, Personal Locator Beacons, Man Overboard Beacon for the Marine and Outdoor Markets.\",\"potentialAction\":[{\"@type\":\"SearchAction\",\"target\":{\"@type\":\"EntryPoint\",\"urlTemplate\":\"https:\/\/oceansignal.com\/de\/?s={search_term_string}\"},\"query-input\":{\"@type\":\"PropertyValueSpecification\",\"valueRequired\":true,\"valueName\":\"search_term_string\"}}],\"inLanguage\":\"de\"}]}<\/script>\n<!-- \/ Yoast SEO Premium plugin. -->","yoast_head_json":{"title":"Produktprogrammierung - Ocean Signal","description":"Produktprogrammierung von Ocean Signal: Passen Sie Ihre maritimen Sicherheitsvorrichtungen f\u00fcr optimale Leistung an. Stellen Sie pr\u00e4zise Einstellungen f\u00fcr mehr Sicherheit an Bord sicher.","robots":{"index":"index","follow":"follow","max-snippet":"max-snippet:-1","max-image-preview":"max-image-preview:large","max-video-preview":"max-video-preview:-1"},"canonical":"https:\/\/oceansignal.com\/de\/unterstuetzen\/produktprogrammierung\/","og_locale":"de_DE","og_type":"article","og_title":"Produktprogrammierung - Ocean Signal","og_description":"Produktprogrammierung von Ocean Signal: Passen Sie Ihre maritimen Sicherheitsvorrichtungen f\u00fcr optimale Leistung an. Stellen Sie pr\u00e4zise Einstellungen f\u00fcr mehr Sicherheit an Bord sicher.","og_url":"https:\/\/oceansignal.com\/de\/unterstuetzen\/produktprogrammierung\/","og_site_name":"Ocean Signal","article_modified_time":"2024-09-30T14:58:40+00:00","og_image":[{"width":1200,"height":630,"url":"https:\/\/oceansignal.com\/wp-content\/uploads\/2024\/03\/image-social-share-04.jpg","type":"image\/jpeg"}],"twitter_card":"summary_large_image","twitter_misc":{"Gesch\u00e4tzte Lesezeit":"1\u00a0Minute"},"schema":{"@context":"https:\/\/schema.org","@graph":[{"@type":"WebPage","@id":"https:\/\/oceansignal.com\/de\/unterstuetzen\/produktprogrammierung\/","url":"https:\/\/oceansignal.com\/de\/unterstuetzen\/produktprogrammierung\/","name":"Produktprogrammierung - Ocean Signal","isPartOf":{"@id":"https:\/\/oceansignal.com\/de\/#website"},"datePublished":"2023-04-14T09:51:51+00:00","dateModified":"2024-09-30T14:58:40+00:00","description":"Produktprogrammierung von Ocean Signal: Passen Sie Ihre maritimen Sicherheitsvorrichtungen f\u00fcr optimale Leistung an. Stellen Sie pr\u00e4zise Einstellungen f\u00fcr mehr Sicherheit an Bord sicher.","breadcrumb":{"@id":"https:\/\/oceansignal.com\/de\/unterstuetzen\/produktprogrammierung\/#breadcrumb"},"inLanguage":"de","potentialAction":[{"@type":"ReadAction","target":["https:\/\/oceansignal.com\/de\/unterstuetzen\/produktprogrammierung\/"]}]},{"@type":"BreadcrumbList","@id":"https:\/\/oceansignal.com\/de\/unterstuetzen\/produktprogrammierung\/#breadcrumb","itemListElement":[{"@type":"ListItem","position":1,"name":"Unterst\u00fctzen","item":"https:\/\/oceansignal.com\/de\/unterstuetzen\/"},{"@type":"ListItem","position":2,"name":"Produktprogrammierung"}]},{"@type":"WebSite","@id":"https:\/\/oceansignal.com\/de\/#website","url":"https:\/\/oceansignal.com\/de\/","name":"Ocean Signal","description":"A leading manufacturer of EPIRBs, AIS, SARTs, Personal Locator Beacons, Man Overboard Beacon for the Marine and Outdoor Markets.","potentialAction":[{"@type":"SearchAction","target":{"@type":"EntryPoint","urlTemplate":"https:\/\/oceansignal.com\/de\/?s={search_term_string}"},"query-input":{"@type":"PropertyValueSpecification","valueRequired":true,"valueName":"search_term_string"}}],"inLanguage":"de"}]}},"_links":{"self":[{"href":"https:\/\/oceansignal.com\/de\/wp-json\/wp\/v2\/pages\/7977","targetHints":{"allow":["GET"]}}],"collection":[{"href":"https:\/\/oceansignal.com\/de\/wp-json\/wp\/v2\/pages"}],"about":[{"href":"https:\/\/oceansignal.com\/de\/wp-json\/wp\/v2\/types\/page"}],"author":[{"embeddable":true,"href":"https:\/\/oceansignal.com\/de\/wp-json\/wp\/v2\/users\/2"}],"replies":[{"embeddable":true,"href":"https:\/\/oceansignal.com\/de\/wp-json\/wp\/v2\/comments?post=7977"}],"version-history":[{"count":1,"href":"https:\/\/oceansignal.com\/de\/wp-json\/wp\/v2\/pages\/7977\/revisions"}],"predecessor-version":[{"id":7978,"href":"https:\/\/oceansignal.com\/de\/wp-json\/wp\/v2\/pages\/7977\/revisions\/7978"}],"up":[{"embeddable":true,"href":"https:\/\/oceansignal.com\/de\/wp-json\/wp\/v2\/pages\/8375"}],"wp:attachment":[{"href":"https:\/\/oceansignal.com\/de\/wp-json\/wp\/v2\/media?parent=7977"}],"curies":[{"name":"wp","href":"https:\/\/api.w.org\/{rel}","templated":true}]}}