{"id":8244,"date":"2023-05-03T12:36:05","date_gmt":"2023-05-03T12:36:05","guid":{"rendered":"https:\/\/oceansignal.com\/garantiebedingungen\/"},"modified":"2025-03-06T13:46:50","modified_gmt":"2025-03-06T13:46:50","slug":"garantiebedingungen","status":"publish","type":"page","link":"https:\/\/oceansignal.com\/de\/garantiebedingungen\/","title":{"rendered":"Garantiebedingungen"},"content":{"rendered":"\n<div class=\"gb-container-narrow\">\n    <div class=\"gc-container \">\n                \n\n<p><strong>Globale beschr\u00e4nkte Garantie<\/strong><\/p>\n\n\n\n<p>Die beschr\u00e4nkten Garantien der globalen beschr\u00e4nkten Garantie sind exklusiv und ersetzen alle anderen ausdr\u00fccklichen, stillschweigenden oder gesetzlichen Garantien, einschlie\u00dflich jeglicher Haftung, die sich aus einer gesetzlichen oder sonstigen Garantie der Marktg\u00e4ngigkeit oder Eignung f\u00fcr einen bestimmten Zweck ergibt. Diese Garantie verleiht dem Eigent\u00fcmer bestimmte gesetzliche Rechte, die von Rechtsraum zu Rechtsraum unterschiedlich sein k\u00f6nnen. <\/p>\n\n\n\n<p>In keinem Fall haftet Ocean Signal Ltd. oder seine Tochtergesellschaften f\u00fcr zuf\u00e4llige, spezielle, indirekte oder Folgesch\u00e4den, unabh\u00e4ngig davon, ob diese aus der Verwendung, dem Missbrauch, der Unm\u00f6glichkeit der Verwendung, dem unzul\u00e4ssigen Vertrauen auf das Produkt oder aus M\u00e4ngeln am Produkt resultieren. In einigen Rechtsgebieten ist der Ausschluss zuf\u00e4lliger oder Folgesch\u00e4den nicht zul\u00e4ssig. Daher gilt die obige Einschr\u00e4nkung m\u00f6glicherweise nicht f\u00fcr Sie. <\/p>\n\n\n\n<p>Die beschr\u00e4nkte globale Garantie ber\u00fchrt nicht die Rechte eines Kunden gegen\u00fcber einem Einzelh\u00e4ndler, die sich aus einem Kaufvertrag ergeben.<\/p>\n\n\n\n<p>F\u00fcr Produkte, die im Rahmen der Garantie repariert oder ersetzt werden, gilt eine Garantie nur f\u00fcr den Restbetrag der geltenden urspr\u00fcnglichen Garantiezeit.<\/p>\n\n\n\n<p>Gem\u00e4\u00df den Bedingungen, Beschr\u00e4nkungen und Ausschl\u00fcssen der globalen beschr\u00e4nkten Garantie wird f\u00fcr alle Ocean Signal Produkte eine Garantie von zwei (2) Jahren ab dem Kaufdatum des Produkts durch den urspr\u00fcnglichen Kunden (die \u201eStandard-beschr\u00e4nkte Garantiezeit\u201c) gew\u00e4hrt, dass sie frei von Material- und Verarbeitungsfehlern sind. W\u00e4hrend dieser Zeit und nur f\u00fcr den urspr\u00fcnglichen Kunden repariert oder ersetzt Ocean Signal nach eigenem Ermessen alle Komponenten, die bei normalem Gebrauch versagen. Sofern kein geltendes Gesetz etwas anderes vorsieht, ist dies das einzige und ausschlie\u00dfliche Rechtsmittel des Kunden bei einem Garantieversto\u00df. <\/p>\n\n\n\n<p>Wenn f\u00fcr Sie die eingeschr\u00e4nkte Standardgarantie gilt, berechnet Ihnen Ocean Signal keine Teile oder Arbeitskosten f\u00fcr Garantiereparaturen oder -austausch. Die Kosten f\u00fcr den Transport Ihres Garantieprodukts zu Ocean Signal zur Reparatur oder zum Austausch liegen jedoch in Ihrer Verantwortung und werden nicht von Ocean Signal \u00fcbernommen. <\/p>\n\n\n\n<p><strong>Erweiterte beschr\u00e4nkte Garantie<\/strong><\/p>\n\n\n\n<p>Vorbehaltlich der Bestimmungen, Bedingungen, Beschr\u00e4nkungen und Ausschl\u00fcsse der weltweiten beschr\u00e4nkten Garantie und mit Ausnahme von Garantieersatzprodukten sowie Produkten, die f\u00fcr regul\u00e4re gewerbliche, milit\u00e4rische, polizeiliche oder \u00e4hnliche Zwecke verwendet werden, gilt f\u00fcr alle neuen Produkte, die bei Ocean Signal innerhalb von neunzig (90) Tagen ab dem Datum des Erstkaufs durch den Originalkunden registriert werden, f\u00fcr einen Zeitraum von mehreren Jahren (die \u201eerweiterte beschr\u00e4nkte Garantiezeit\u201c) eine Garantie auf Material- und Verarbeitungsfehler, wie unten definiert:<\/p>\n\n\n\n<ul class=\"wp-block-list\">\n<li>rescueME -Produkte ( PLB1 , PLB3 , MOB1, EDF, EPIRB1, EPIRB1Pro, EPIRB2, EPIRB2 Pro und EPIRB3) \u2013 Erweiterte Garantiezeit 5 Jahre<\/li>\n<\/ul>\n\n\n\n<ul class=\"wp-block-list\">\n<li>safeSEA-Produkte (EPIRB3 Pro , V100 und S100) \u2013 Keine erweiterte Garantie verf\u00fcgbar<\/li>\n<\/ul>\n\n\n\n<ul class=\"wp-block-list\">\n<li>Professionelle Produkte: (M100 und M100X) &#8211; keine Garantieverl\u00e4ngerung verf\u00fcgbar<\/li>\n<\/ul>\n\n\n\n<ul class=\"wp-block-list\">\n<li>AIS-Produkte: (ATB1) &#8211; Verl\u00e4ngerte Garantiezeit 3 Jahre<\/li>\n<\/ul>\n\n\n\n<p>W\u00e4hrend dieser Zeit wird Ocean Signal f\u00fcr den urspr\u00fcnglichen Kunden nach eigenem Ermessen s\u00e4mtliche Produktkomponenten reparieren oder ersetzen, die bei normaler Verwendung versagen. Sofern kein geltendes Gesetz etwas anderes vorsieht, stellt dies das einzige und ausschlie\u00dfliche Rechtsmittel des Kunden bei etwaigen Garantieverletzungen dar.<\/p>\n\n\n\n<p>Nach erfolgreicher Registrierung des Produkts ersetzt die erweiterte beschr\u00e4nkte Garantie die eingeschr\u00e4nkte Standardgarantie.<\/p>\n\n\n\n<p>Beantragen Sie hier eine erweiterte Garantie: <a href=\"https:\/\/oceansignal.com\/my-account\/products\/\">VERL\u00c4NGERN SIE<\/a> <a href=\"https:\/\/oceansignal.com\/my-account\/products\/create\/\">IHRE GARANTIE<\/a> Wenn die erweiterte beschr\u00e4nkte Garantie f\u00fcr Sie gilt, berechnet Ihnen Ocean Signal keine Teile oder Arbeitskosten f\u00fcr Garantiereparaturen oder -austausch. Die Kosten f\u00fcr den Transport Ihres garantierten Produkts zu Ocean Signal zur Reparatur oder zum Austausch liegen jedoch in Ihrer Verantwortung und werden nicht von Ocean Signal \u00fcbernommen. <\/p>\n\n\n        <\/div><\/div>\n","protected":false},"excerpt":{"rendered":"","protected":false},"author":1,"featured_media":0,"parent":0,"menu_order":0,"comment_status":"closed","ping_status":"closed","template":"pagetemplate-header-gray.php","meta":{"_acf_changed":false,"om_disable_all_campaigns":false,"footnotes":""},"class_list":["post-8244","page","type-page","status-publish","hentry"],"acf":[],"yoast_head":"<!-- This site is optimized with the Yoast SEO Premium plugin v25.2 (Yoast SEO v26.4) - https:\/\/yoast.com\/wordpress\/plugins\/seo\/ -->\n<title>Garantiebedingungen - Ocean Signal<\/title>\n<meta name=\"description\" content=\"Entdecken Sie die umfassenden Garantiebestimmungen von Ocean Signal damit Sie sich um Ihre Sicherheitsausr\u00fcstung keine Sorgen machen m\u00fcssen. Vertrauen Sie auf unser Engagement f\u00fcr Qualit\u00e4t.\" \/>\n<meta name=\"robots\" content=\"index, follow, max-snippet:-1, max-image-preview:large, max-video-preview:-1\" \/>\n<link rel=\"canonical\" href=\"https:\/\/oceansignal.com\/de\/garantiebedingungen\/\" \/>\n<meta property=\"og:locale\" content=\"de_DE\" \/>\n<meta property=\"og:type\" content=\"article\" \/>\n<meta property=\"og:title\" content=\"Garantiebedingungen - Ocean Signal\" \/>\n<meta property=\"og:description\" content=\"Entdecken Sie die umfassenden Garantiebestimmungen von Ocean Signal damit Sie sich um Ihre Sicherheitsausr\u00fcstung keine Sorgen machen m\u00fcssen. Vertrauen Sie auf unser Engagement f\u00fcr Qualit\u00e4t.\" \/>\n<meta property=\"og:url\" content=\"https:\/\/oceansignal.com\/de\/garantiebedingungen\/\" \/>\n<meta property=\"og:site_name\" content=\"Ocean Signal\" \/>\n<meta property=\"article:modified_time\" content=\"2025-03-06T13:46:50+00:00\" \/>\n<meta property=\"og:image\" content=\"https:\/\/oceansignal.com\/wp-content\/uploads\/2024\/03\/image-social-share-04.jpg\" \/>\n\t<meta property=\"og:image:width\" content=\"1200\" \/>\n\t<meta property=\"og:image:height\" content=\"630\" \/>\n\t<meta property=\"og:image:type\" content=\"image\/jpeg\" \/>\n<meta name=\"twitter:card\" content=\"summary_large_image\" \/>\n<meta name=\"twitter:label1\" content=\"Gesch\u00e4tzte Lesezeit\" \/>\n\t<meta name=\"twitter:data1\" content=\"3\u00a0Minuten\" \/>\n<script type=\"application\/ld+json\" class=\"yoast-schema-graph\">{\"@context\":\"https:\/\/schema.org\",\"@graph\":[{\"@type\":\"WebPage\",\"@id\":\"https:\/\/oceansignal.com\/de\/garantiebedingungen\/\",\"url\":\"https:\/\/oceansignal.com\/de\/garantiebedingungen\/\",\"name\":\"Garantiebedingungen - Ocean Signal\",\"isPartOf\":{\"@id\":\"https:\/\/oceansignal.com\/de\/#website\"},\"datePublished\":\"2023-05-03T12:36:05+00:00\",\"dateModified\":\"2025-03-06T13:46:50+00:00\",\"description\":\"Entdecken Sie die umfassenden Garantiebestimmungen von Ocean Signal damit Sie sich um Ihre Sicherheitsausr\u00fcstung keine Sorgen machen m\u00fcssen. Vertrauen Sie auf unser Engagement f\u00fcr Qualit\u00e4t.\",\"inLanguage\":\"de\",\"potentialAction\":[{\"@type\":\"ReadAction\",\"target\":[\"https:\/\/oceansignal.com\/de\/garantiebedingungen\/\"]}]},{\"@type\":\"WebSite\",\"@id\":\"https:\/\/oceansignal.com\/de\/#website\",\"url\":\"https:\/\/oceansignal.com\/de\/\",\"name\":\"Ocean Signal\",\"description\":\"A leading manufacturer of EPIRBs, AIS, SARTs, Personal Locator Beacons, Man Overboard Beacon for the Marine and Outdoor Markets.\",\"potentialAction\":[{\"@type\":\"SearchAction\",\"target\":{\"@type\":\"EntryPoint\",\"urlTemplate\":\"https:\/\/oceansignal.com\/de\/?s={search_term_string}\"},\"query-input\":{\"@type\":\"PropertyValueSpecification\",\"valueRequired\":true,\"valueName\":\"search_term_string\"}}],\"inLanguage\":\"de\"}]}<\/script>\n<!-- \/ Yoast SEO Premium plugin. -->","yoast_head_json":{"title":"Garantiebedingungen - Ocean Signal","description":"Entdecken Sie die umfassenden Garantiebestimmungen von Ocean Signal damit Sie sich um Ihre Sicherheitsausr\u00fcstung keine Sorgen machen m\u00fcssen. Vertrauen Sie auf unser Engagement f\u00fcr Qualit\u00e4t.","robots":{"index":"index","follow":"follow","max-snippet":"max-snippet:-1","max-image-preview":"max-image-preview:large","max-video-preview":"max-video-preview:-1"},"canonical":"https:\/\/oceansignal.com\/de\/garantiebedingungen\/","og_locale":"de_DE","og_type":"article","og_title":"Garantiebedingungen - Ocean Signal","og_description":"Entdecken Sie die umfassenden Garantiebestimmungen von Ocean Signal damit Sie sich um Ihre Sicherheitsausr\u00fcstung keine Sorgen machen m\u00fcssen. Vertrauen Sie auf unser Engagement f\u00fcr Qualit\u00e4t.","og_url":"https:\/\/oceansignal.com\/de\/garantiebedingungen\/","og_site_name":"Ocean Signal","article_modified_time":"2025-03-06T13:46:50+00:00","og_image":[{"width":1200,"height":630,"url":"https:\/\/oceansignal.com\/wp-content\/uploads\/2024\/03\/image-social-share-04.jpg","type":"image\/jpeg"}],"twitter_card":"summary_large_image","twitter_misc":{"Gesch\u00e4tzte Lesezeit":"3\u00a0Minuten"},"schema":{"@context":"https:\/\/schema.org","@graph":[{"@type":"WebPage","@id":"https:\/\/oceansignal.com\/de\/garantiebedingungen\/","url":"https:\/\/oceansignal.com\/de\/garantiebedingungen\/","name":"Garantiebedingungen - Ocean Signal","isPartOf":{"@id":"https:\/\/oceansignal.com\/de\/#website"},"datePublished":"2023-05-03T12:36:05+00:00","dateModified":"2025-03-06T13:46:50+00:00","description":"Entdecken Sie die umfassenden Garantiebestimmungen von Ocean Signal damit Sie sich um Ihre Sicherheitsausr\u00fcstung keine Sorgen machen m\u00fcssen. Vertrauen Sie auf unser Engagement f\u00fcr Qualit\u00e4t.","inLanguage":"de","potentialAction":[{"@type":"ReadAction","target":["https:\/\/oceansignal.com\/de\/garantiebedingungen\/"]}]},{"@type":"WebSite","@id":"https:\/\/oceansignal.com\/de\/#website","url":"https:\/\/oceansignal.com\/de\/","name":"Ocean Signal","description":"A leading manufacturer of EPIRBs, AIS, SARTs, Personal Locator Beacons, Man Overboard Beacon for the Marine and Outdoor Markets.","potentialAction":[{"@type":"SearchAction","target":{"@type":"EntryPoint","urlTemplate":"https:\/\/oceansignal.com\/de\/?s={search_term_string}"},"query-input":{"@type":"PropertyValueSpecification","valueRequired":true,"valueName":"search_term_string"}}],"inLanguage":"de"}]}},"_links":{"self":[{"href":"https:\/\/oceansignal.com\/de\/wp-json\/wp\/v2\/pages\/8244","targetHints":{"allow":["GET"]}}],"collection":[{"href":"https:\/\/oceansignal.com\/de\/wp-json\/wp\/v2\/pages"}],"about":[{"href":"https:\/\/oceansignal.com\/de\/wp-json\/wp\/v2\/types\/page"}],"author":[{"embeddable":true,"href":"https:\/\/oceansignal.com\/de\/wp-json\/wp\/v2\/users\/1"}],"replies":[{"embeddable":true,"href":"https:\/\/oceansignal.com\/de\/wp-json\/wp\/v2\/comments?post=8244"}],"version-history":[{"count":4,"href":"https:\/\/oceansignal.com\/de\/wp-json\/wp\/v2\/pages\/8244\/revisions"}],"predecessor-version":[{"id":25546,"href":"https:\/\/oceansignal.com\/de\/wp-json\/wp\/v2\/pages\/8244\/revisions\/25546"}],"wp:attachment":[{"href":"https:\/\/oceansignal.com\/de\/wp-json\/wp\/v2\/media?parent=8244"}],"curies":[{"name":"wp","href":"https:\/\/api.w.org\/{rel}","templated":true}]}}