{"id":8405,"date":"2023-09-11T12:16:51","date_gmt":"2023-09-11T12:16:51","guid":{"rendered":"https:\/\/oceansignal.com\/unterstuetzen\/produktprogrammierung\/atb1-klasse-b-ais-transceiver-programmierung\/software-updates\/"},"modified":"2024-09-30T14:59:14","modified_gmt":"2024-09-30T14:59:14","slug":"software-updates","status":"publish","type":"page","link":"https:\/\/oceansignal.com\/de\/unterstuetzen\/produktprogrammierung\/atb1-klasse-b-ais-transceiver-programmierung\/software-updates\/","title":{"rendered":"Software-Updates"},"content":{"rendered":"\n<div class=\"gb-container-narrow\">\n    <div class=\"gc-container \">\n                \n\n<p>So aktualisieren Sie die Firmware auf dem ATB1:<br\/><em><strong>Anmerkung:<\/strong> Firmware-Updates k\u00f6nnen nur mit einem PC oder Mac durchgef\u00fchrt werden.<\/em><\/p>\n\n\n\n<ul class=\"wp-block-list\">\n<li>Laden Sie die untenstehende Datei herunter und entpacken Sie sie auf einen USB-Stick, der mit FAT32 formatiert wurde<\/li>\n\n\n\n<li>Schalten Sie den ATB1 aus<\/li>\n\n\n\n<li>Verbinden Sie den USB-Stick mit dem mitgelieferten USB-Kabel f\u00fcr unterwegs mit dem ATB1<\/li>\n\n\n\n<li>Schalten Sie den ATB1 ein<\/li>\n\n\n\n<li>Die LED blinkt gr\u00fcn und leuchtet dann kurz rot<\/li>\n\n\n\n<li>Sobald die LED gr\u00fcn leuchtet (oder gelb, wenn sich das AIS im Lautlos-Modus befindet), ist das Update abgeschlossen<\/li>\n\n\n\n<li>Halten Sie die LED-Taste 10 Sekunden lang gedr\u00fcckt (bis sie gelb blinkt)<\/li>\n\n\n\n<li>Es ist jetzt sicher, den USB-Stick zu entfernen, ohne Besch\u00e4digungen bef\u00fcrchten zu m\u00fcssen<\/li>\n\n\n\n<li>Der ATB1 kehrt in den Normalbetrieb zur\u00fcck<\/li>\n<\/ul>\n\n\n\n<div style=\"height:48px\" aria-hidden=\"true\" class=\"wp-block-spacer\"><\/div>\n\n\n<div class=\"gb-accordion-category\" data-category=\"Versions\">\n\t\n<div class=\"gb-accordion-item js-ai-block\">\n\t\t<div class=\"gb-accordion-item__header js-ai-header\">\n\t\t\t\t<p class=\"gb-accordion-item__header__text\">Version 01.01.00 (28\/01\/2019)<\/p>\n\n\t\t\t\t<div class=\"gb-accordion-item__header__icon\"><\/div>\n\t<\/div>\n\n\t\t<div class=\"gb-accordion-item__content js-ai-content\">\n\t\t\t\t<div class=\"gb-accordion-item__content__container\">\n\t\t\t\n\n<p>Erste Ver\u00f6ffentlichung in der Produktion<\/p>\n\n\n\t\t<\/div>\n\t<\/div>\n<\/div>\n\n\n<div class=\"gb-accordion-item js-ai-block\">\n\t\t<div class=\"gb-accordion-item__header js-ai-header\">\n\t\t\t\t<p class=\"gb-accordion-item__header__text\">Version 01.02.00 (27\/07\/2019)<\/p>\n\n\t\t\t\t<div class=\"gb-accordion-item__header__icon\"><\/div>\n\t<\/div>\n\n\t\t<div class=\"gb-accordion-item__content js-ai-content\">\n\t\t\t\t<div class=\"gb-accordion-item__content__container\">\n\t\t\t\n\n<p>Kleinere Fehlerbehebungen<br\/>&#8211; Setup-LED erlischt nach 30 Min.<br\/>&#8211; Falsche Schiffsl\u00e4nge und falscher Strahl bei einigen empfangenen Zielen, die auf NMEA2000 \u00fcbertragen wurden<br\/>&#8211; M\u00f6glicherweise wird &#8222;Verlorene\/ung\u00fcltige \u00dcberschrift&#8220; gemeldet, wenn eine Verbindung zu NMEA2000 \u00dcberschriftenquelle besteht<\/p>\n\n\n\t\t<\/div>\n\t<\/div>\n<\/div>\n\n\n<div class=\"gb-accordion-item js-ai-block\">\n\t\t<div class=\"gb-accordion-item__header js-ai-header\">\n\t\t\t\t<p class=\"gb-accordion-item__header__text\">Version 01.03.00 (29\/09\/2020)<\/p>\n\n\t\t\t\t<div class=\"gb-accordion-item__header__icon\"><\/div>\n\t<\/div>\n\n\t\t<div class=\"gb-accordion-item__content js-ai-content\">\n\t\t\t\t<div class=\"gb-accordion-item__content__container\">\n\t\t\t\n\n<p>Neue Funktionen<br\/>&#8211; Neue NMEA2000 PGNs hinzugef\u00fcgt<br\/>&#8211; NMEA2000 und NMEA0183 Multiplexing auf WLAN<br\/>&#8211; Externe Silent-Mode-Switch-Funktion<br\/><br\/>Erm\u00f6glicht neue App-Funktionen<br\/>&#8211; Verbesserte Fehlerdiagnoseseite<br\/>&#8211; Liste der empfangenen Ziele<br\/>&#8211; Empfangene Zieldetails<br\/>&#8211; CPA\/TCPA-Alarme<br\/>&#8211; Anzeige der angeschlossenen Ger\u00e4tedaten<br\/>&#8211; MOB-Verwaltung<br\/>&#8211; Benachrichtigung \u00fcber Firmware-Updates<br\/><br\/>Kleinere Fehlerbehebungen<br\/>&#8211; Zeitweiliger NMEA 2000-Ausfall<br\/>&#8211; WLAN-Instabilit\u00e4t bei der Verbindung mehrerer Ger\u00e4te<\/p>\n\n\n\t\t<\/div>\n\t<\/div>\n<\/div>\n\n\n<div class=\"gb-accordion-item js-ai-block\">\n\t\t<div class=\"gb-accordion-item__header js-ai-header\">\n\t\t\t\t<p class=\"gb-accordion-item__header__text\">Version 01.04.00 (N\/A)<\/p>\n\n\t\t\t\t<div class=\"gb-accordion-item__header__icon\"><\/div>\n\t<\/div>\n\n\t\t<div class=\"gb-accordion-item__content js-ai-content\">\n\t\t\t\t<div class=\"gb-accordion-item__content__container\">\n\t\t\t\n\n<p>Nicht ver\u00f6ffentlicht<\/p>\n\n\n\t\t<\/div>\n\t<\/div>\n<\/div>\n\n\n<div class=\"gb-accordion-item js-ai-block\">\n\t\t<div class=\"gb-accordion-item__header js-ai-header\">\n\t\t\t\t<p class=\"gb-accordion-item__header__text\">Version 01.05.00 (26\/10\/2020)<\/p>\n\n\t\t\t\t<div class=\"gb-accordion-item__header__icon\"><\/div>\n\t<\/div>\n\n\t\t<div class=\"gb-accordion-item__content js-ai-content\">\n\t\t\t\t<div class=\"gb-accordion-item__content__container\">\n\t\t\t\n\n<p>Neue Funktionen<br\/>&#8211; Ereignisprotokoll hinzugef\u00fcgt<br\/><br\/>Erm\u00f6glicht neue App-Funktionen<br\/>-Ereignisprotokoll<br\/><br\/>Kleinere Fehlerbehebungen<br\/>&#8211; Verlust von NMEA0183 GLL Leistung<br\/>&#8211; Erh\u00f6hung der Aufl\u00f6sung auf NMEA2000 Rapid Update Position PGN<\/p>\n\n\n\t\t<\/div>\n\t<\/div>\n<\/div>\n\n\n<div class=\"gb-accordion-item js-ai-block\">\n\t\t<div class=\"gb-accordion-item__header js-ai-header\">\n\t\t\t\t<p class=\"gb-accordion-item__header__text\">Version 01.06.00 (07\/04\/2021)<\/p>\n\n\t\t\t\t<div class=\"gb-accordion-item__header__icon\"><\/div>\n\t<\/div>\n\n\t\t<div class=\"gb-accordion-item__content js-ai-content\">\n\t\t\t\t<div class=\"gb-accordion-item__content__container\">\n\t\t\t\n\n<p>Interne Aktualisierung.\nDurch dieses Update wird der Betrieb fr\u00fcherer Ger\u00e4te, die bereits verwendet werden, nicht ge\u00e4ndert. <br\/>&#8211; Update, um \u00c4nderungen an der WLAN-Hardware abzudecken<\/p>\n\n\n\t\t<\/div>\n\t<\/div>\n<\/div>\n\n\n<div class=\"gb-accordion-item js-ai-block\">\n\t\t<div class=\"gb-accordion-item__header js-ai-header\">\n\t\t\t\t<p class=\"gb-accordion-item__header__text\">Version 01.07.00 (22\/02\/2023)<\/p>\n\n\t\t\t\t<div class=\"gb-accordion-item__header__icon\"><\/div>\n\t<\/div>\n\n\t\t<div class=\"gb-accordion-item__content js-ai-content\">\n\t\t\t\t<div class=\"gb-accordion-item__content__container\">\n\t\t\t\n\n<p>Interne Aktualisierung.\nDurch dieses Update wird der Betrieb fr\u00fcherer Ger\u00e4te, die bereits verwendet werden, nicht ge\u00e4ndert. <br\/>&#8211; Fehlerbehebung, um das periodische Stoppen des AIS-Sendens und -Empfangs in stark frequentierten Bereichen zu verhindern<br\/><br\/><a href=\"https:\/\/oceansignal.com\/wp-content\/uploads\/2023\/09\/ATB1_v01_07_00-1.zip\" target=\"_blank\" rel=\"noreferrer noopener\"><\/a><a href=\"https:\/\/oceansignal.com\/wp-content\/uploads\/2023\/09\/ATB1_v01_07_00-1.zip\">Hier herunterladen<\/a><\/p>\n\n\n\t\t<\/div>\n\t<\/div>\n<\/div>\n\n\n<\/div>\n\n\n        <\/div><\/div>\n","protected":false},"excerpt":{"rendered":"<p>Software f\u00fcr ATB1 Klasse B AIS-Transceiver<\/p>\n","protected":false},"author":1,"featured_media":0,"parent":7163,"menu_order":0,"comment_status":"closed","ping_status":"closed","template":"pagetemplate-header-gray.php","meta":{"_acf_changed":false,"om_disable_all_campaigns":false,"footnotes":""},"class_list":["post-8405","page","type-page","status-publish","hentry"],"acf":[],"yoast_head":"<!-- This site is optimized with the Yoast SEO Premium plugin v25.2 (Yoast SEO v26.4) - https:\/\/yoast.com\/wordpress\/plugins\/seo\/ -->\n<title>Software-Updates - Ocean Signal<\/title>\n<meta name=\"description\" content=\"Bleiben Sie auf dem Laufenden mit den Produktsoftware-Updates von Ocean Signal. Sorgen Sie mit den neuesten Verbesserungen f\u00fcr optimale Leistung und Sicherheit.\" \/>\n<meta name=\"robots\" content=\"index, follow, max-snippet:-1, max-image-preview:large, max-video-preview:-1\" \/>\n<link rel=\"canonical\" href=\"https:\/\/oceansignal.com\/de\/unterstuetzen\/produktprogrammierung\/atb1-klasse-b-ais-transceiver-programmierung\/software-updates\/\" \/>\n<meta property=\"og:locale\" content=\"de_DE\" \/>\n<meta property=\"og:type\" content=\"article\" \/>\n<meta property=\"og:title\" content=\"Software-Updates - Ocean Signal\" \/>\n<meta property=\"og:description\" content=\"Bleiben Sie auf dem Laufenden mit den Produktsoftware-Updates von Ocean Signal. Sorgen Sie mit den neuesten Verbesserungen f\u00fcr optimale Leistung und Sicherheit.\" \/>\n<meta property=\"og:url\" content=\"https:\/\/oceansignal.com\/de\/unterstuetzen\/produktprogrammierung\/atb1-klasse-b-ais-transceiver-programmierung\/software-updates\/\" \/>\n<meta property=\"og:site_name\" content=\"Ocean Signal\" \/>\n<meta property=\"article:modified_time\" content=\"2024-09-30T14:59:14+00:00\" \/>\n<meta property=\"og:image\" content=\"https:\/\/oceansignal.com\/wp-content\/uploads\/2024\/03\/image-social-share-04.jpg\" \/>\n\t<meta property=\"og:image:width\" content=\"1200\" \/>\n\t<meta property=\"og:image:height\" content=\"630\" \/>\n\t<meta property=\"og:image:type\" content=\"image\/jpeg\" \/>\n<meta name=\"twitter:card\" content=\"summary_large_image\" \/>\n<meta name=\"twitter:label1\" content=\"Gesch\u00e4tzte Lesezeit\" \/>\n\t<meta name=\"twitter:data1\" content=\"2\u00a0Minuten\" \/>\n<script type=\"application\/ld+json\" class=\"yoast-schema-graph\">{\"@context\":\"https:\/\/schema.org\",\"@graph\":[{\"@type\":\"WebPage\",\"@id\":\"https:\/\/oceansignal.com\/de\/unterstuetzen\/produktprogrammierung\/atb1-klasse-b-ais-transceiver-programmierung\/software-updates\/\",\"url\":\"https:\/\/oceansignal.com\/de\/unterstuetzen\/produktprogrammierung\/atb1-klasse-b-ais-transceiver-programmierung\/software-updates\/\",\"name\":\"Software-Updates - Ocean Signal\",\"isPartOf\":{\"@id\":\"https:\/\/oceansignal.com\/de\/#website\"},\"datePublished\":\"2023-09-11T12:16:51+00:00\",\"dateModified\":\"2024-09-30T14:59:14+00:00\",\"description\":\"Bleiben Sie auf dem Laufenden mit den Produktsoftware-Updates von Ocean Signal. Sorgen Sie mit den neuesten Verbesserungen f\u00fcr optimale Leistung und Sicherheit.\",\"breadcrumb\":{\"@id\":\"https:\/\/oceansignal.com\/de\/unterstuetzen\/produktprogrammierung\/atb1-klasse-b-ais-transceiver-programmierung\/software-updates\/#breadcrumb\"},\"inLanguage\":\"de\",\"potentialAction\":[{\"@type\":\"ReadAction\",\"target\":[\"https:\/\/oceansignal.com\/de\/unterstuetzen\/produktprogrammierung\/atb1-klasse-b-ais-transceiver-programmierung\/software-updates\/\"]}]},{\"@type\":\"BreadcrumbList\",\"@id\":\"https:\/\/oceansignal.com\/de\/unterstuetzen\/produktprogrammierung\/atb1-klasse-b-ais-transceiver-programmierung\/software-updates\/#breadcrumb\",\"itemListElement\":[{\"@type\":\"ListItem\",\"position\":1,\"name\":\"Unterst\u00fctzen\",\"item\":\"https:\/\/oceansignal.com\/de\/unterstuetzen\/\"},{\"@type\":\"ListItem\",\"position\":2,\"name\":\"Produktprogrammierung\",\"item\":\"https:\/\/oceansignal.com\/de\/unterstuetzen\/produktprogrammierung\/\"},{\"@type\":\"ListItem\",\"position\":3,\"name\":\"ATB1 Klasse B AIS-Transceiver-Programmierung\",\"item\":\"https:\/\/oceansignal.com\/de\/unterstuetzen\/produktprogrammierung\/atb1-klasse-b-ais-transceiver-programmierung\/\"},{\"@type\":\"ListItem\",\"position\":4,\"name\":\"Software-Updates\"}]},{\"@type\":\"WebSite\",\"@id\":\"https:\/\/oceansignal.com\/de\/#website\",\"url\":\"https:\/\/oceansignal.com\/de\/\",\"name\":\"Ocean Signal\",\"description\":\"A leading manufacturer of EPIRBs, AIS, SARTs, Personal Locator Beacons, Man Overboard Beacon for the Marine and Outdoor Markets.\",\"potentialAction\":[{\"@type\":\"SearchAction\",\"target\":{\"@type\":\"EntryPoint\",\"urlTemplate\":\"https:\/\/oceansignal.com\/de\/?s={search_term_string}\"},\"query-input\":{\"@type\":\"PropertyValueSpecification\",\"valueRequired\":true,\"valueName\":\"search_term_string\"}}],\"inLanguage\":\"de\"}]}<\/script>\n<!-- \/ Yoast SEO Premium plugin. -->","yoast_head_json":{"title":"Software-Updates - Ocean Signal","description":"Bleiben Sie auf dem Laufenden mit den Produktsoftware-Updates von Ocean Signal. Sorgen Sie mit den neuesten Verbesserungen f\u00fcr optimale Leistung und Sicherheit.","robots":{"index":"index","follow":"follow","max-snippet":"max-snippet:-1","max-image-preview":"max-image-preview:large","max-video-preview":"max-video-preview:-1"},"canonical":"https:\/\/oceansignal.com\/de\/unterstuetzen\/produktprogrammierung\/atb1-klasse-b-ais-transceiver-programmierung\/software-updates\/","og_locale":"de_DE","og_type":"article","og_title":"Software-Updates - Ocean Signal","og_description":"Bleiben Sie auf dem Laufenden mit den Produktsoftware-Updates von Ocean Signal. Sorgen Sie mit den neuesten Verbesserungen f\u00fcr optimale Leistung und Sicherheit.","og_url":"https:\/\/oceansignal.com\/de\/unterstuetzen\/produktprogrammierung\/atb1-klasse-b-ais-transceiver-programmierung\/software-updates\/","og_site_name":"Ocean Signal","article_modified_time":"2024-09-30T14:59:14+00:00","og_image":[{"width":1200,"height":630,"url":"https:\/\/oceansignal.com\/wp-content\/uploads\/2024\/03\/image-social-share-04.jpg","type":"image\/jpeg"}],"twitter_card":"summary_large_image","twitter_misc":{"Gesch\u00e4tzte Lesezeit":"2\u00a0Minuten"},"schema":{"@context":"https:\/\/schema.org","@graph":[{"@type":"WebPage","@id":"https:\/\/oceansignal.com\/de\/unterstuetzen\/produktprogrammierung\/atb1-klasse-b-ais-transceiver-programmierung\/software-updates\/","url":"https:\/\/oceansignal.com\/de\/unterstuetzen\/produktprogrammierung\/atb1-klasse-b-ais-transceiver-programmierung\/software-updates\/","name":"Software-Updates - Ocean Signal","isPartOf":{"@id":"https:\/\/oceansignal.com\/de\/#website"},"datePublished":"2023-09-11T12:16:51+00:00","dateModified":"2024-09-30T14:59:14+00:00","description":"Bleiben Sie auf dem Laufenden mit den Produktsoftware-Updates von Ocean Signal. Sorgen Sie mit den neuesten Verbesserungen f\u00fcr optimale Leistung und Sicherheit.","breadcrumb":{"@id":"https:\/\/oceansignal.com\/de\/unterstuetzen\/produktprogrammierung\/atb1-klasse-b-ais-transceiver-programmierung\/software-updates\/#breadcrumb"},"inLanguage":"de","potentialAction":[{"@type":"ReadAction","target":["https:\/\/oceansignal.com\/de\/unterstuetzen\/produktprogrammierung\/atb1-klasse-b-ais-transceiver-programmierung\/software-updates\/"]}]},{"@type":"BreadcrumbList","@id":"https:\/\/oceansignal.com\/de\/unterstuetzen\/produktprogrammierung\/atb1-klasse-b-ais-transceiver-programmierung\/software-updates\/#breadcrumb","itemListElement":[{"@type":"ListItem","position":1,"name":"Unterst\u00fctzen","item":"https:\/\/oceansignal.com\/de\/unterstuetzen\/"},{"@type":"ListItem","position":2,"name":"Produktprogrammierung","item":"https:\/\/oceansignal.com\/de\/unterstuetzen\/produktprogrammierung\/"},{"@type":"ListItem","position":3,"name":"ATB1 Klasse B AIS-Transceiver-Programmierung","item":"https:\/\/oceansignal.com\/de\/unterstuetzen\/produktprogrammierung\/atb1-klasse-b-ais-transceiver-programmierung\/"},{"@type":"ListItem","position":4,"name":"Software-Updates"}]},{"@type":"WebSite","@id":"https:\/\/oceansignal.com\/de\/#website","url":"https:\/\/oceansignal.com\/de\/","name":"Ocean Signal","description":"A leading manufacturer of EPIRBs, AIS, SARTs, Personal Locator Beacons, Man Overboard Beacon for the Marine and Outdoor Markets.","potentialAction":[{"@type":"SearchAction","target":{"@type":"EntryPoint","urlTemplate":"https:\/\/oceansignal.com\/de\/?s={search_term_string}"},"query-input":{"@type":"PropertyValueSpecification","valueRequired":true,"valueName":"search_term_string"}}],"inLanguage":"de"}]}},"_links":{"self":[{"href":"https:\/\/oceansignal.com\/de\/wp-json\/wp\/v2\/pages\/8405","targetHints":{"allow":["GET"]}}],"collection":[{"href":"https:\/\/oceansignal.com\/de\/wp-json\/wp\/v2\/pages"}],"about":[{"href":"https:\/\/oceansignal.com\/de\/wp-json\/wp\/v2\/types\/page"}],"author":[{"embeddable":true,"href":"https:\/\/oceansignal.com\/de\/wp-json\/wp\/v2\/users\/1"}],"replies":[{"embeddable":true,"href":"https:\/\/oceansignal.com\/de\/wp-json\/wp\/v2\/comments?post=8405"}],"version-history":[{"count":1,"href":"https:\/\/oceansignal.com\/de\/wp-json\/wp\/v2\/pages\/8405\/revisions"}],"predecessor-version":[{"id":8406,"href":"https:\/\/oceansignal.com\/de\/wp-json\/wp\/v2\/pages\/8405\/revisions\/8406"}],"up":[{"embeddable":true,"href":"https:\/\/oceansignal.com\/de\/wp-json\/wp\/v2\/pages\/7163"}],"wp:attachment":[{"href":"https:\/\/oceansignal.com\/de\/wp-json\/wp\/v2\/media?parent=8405"}],"curies":[{"name":"wp","href":"https:\/\/api.w.org\/{rel}","templated":true}]}}