{"id":12819,"date":"2024-11-12T19:50:16","date_gmt":"2024-11-12T19:50:16","guid":{"rendered":"https:\/\/oceansignal.com\/products\/safesea-m200\/"},"modified":"2026-02-17T15:46:50","modified_gmt":"2026-02-17T15:46:50","slug":"safesea-m200","status":"publish","type":"product","link":"https:\/\/oceansignal.com\/de\/products\/safesea-m200\/","title":{"rendered":"safeSEA M200"},"content":{"rendered":"<p class=\"ai-optimize-36 ai-optimize-introduction\"><em>M\u00f6chten Sie mehr \u00fcber die neuesten Anforderungen der Klasse M f\u00fcr AIS MOB erfahren?  <a href=\"https:\/\/oceansignal.com\/de\/news\/verstaendnis-der-auswirkungen-der-ais-klasse-m-regulierung-auf-mobs\/\">Klicken Sie hier<\/a><\/em><\/p>\n<p class=\"ai-optimize-37\"><em>Nur f\u00fcr die USA: Dieses Ger\u00e4t wurde nicht gem\u00e4\u00df den Vorschriften der Federal Communications Commission zugelassen. Dieses Ger\u00e4t wird nicht zum Verkauf oder zur Vermietung angeboten und darf nicht verkauft oder vermietet werden, bis die Genehmigung vorliegt. Zugelassen f\u00fcr den Verkauf in L\u00e4ndern, die die Verordnung ECC\/DEC\/(22)02 \u00fcbernommen haben.  <\/em><\/p>\n<p class=\"ai-optimize-38\"><em><a href=\"https:\/\/www.dropbox.com\/s\/8343nj28z0d7bxa\/Prop%2065%20-%20BPA.pdf?dl=0\">WARNUNG: PROP 65<\/a><\/em><\/p>\n<h3 class=\"ai-optimize-39\">Zusammenfassung<\/h3>\n<p class=\"ai-optimize-40\">Das M200 wurde f\u00fcr die Bed\u00fcrfnisse von Freizeitbootfahrern und professionellen Schifffahrtsunternehmen sowie deren Offshore-Arbeitern entwickelt. Es kann an einer Rettungsweste angebracht werden und wird beim Aufblasen der Weste automatisch aktiviert. Das M200 bietet mehrere Methoden zur Notrufmeldung, verf\u00fcgt \u00fcber zwei infrarotwei\u00dfe Blitzlichter und sendet \u00fcber AIS, DSC und 121,5 MHz, um Rettungsma\u00dfnahmen zu erleichtern und so die Geschwindigkeit und Effizienz der Rettung zu maximieren. Das M200 entspricht der AIS-Klasse-M-Verordnung und ist ein MOB -Ger\u00e4t der Klasse M mit DSC (Digital Selective Calling), das ein robustes Design mit einem Formfaktor aufweist, der g\u00fcnstigerweise kleiner ist als bei anderen vergleichbaren Modellen.  <\/p>\n<p class=\"ai-optimize-41\">Aufbauend auf der bew\u00e4hrten Kernarchitektur seines Vorg\u00e4ngers bleibt das safeSEA M200 AIS den Kerndesignprinzipien von Ocean Signal treu und \u00fcberzeugt durch die B\u00fcndelung zus\u00e4tzlicher Funktionen in einem noch kompakteren Formfaktor. Gem\u00e4\u00df der AIS-Klasse-M-Verordnung ECC\/DEC\/(22)02 verf\u00fcgt das M200 \u00fcber einen DSC-Empf\u00e4nger (Digital Selective Calling), der den MOB daran hindert, nach Best\u00e4tigung eines Notsignals weitere DSC-Nachrichten \u00fcber den DSC-Kanal zu senden. Die dualen infrarot-wei\u00dfen Blitzlichter in Kombination mit der Notruffunktion \u00fcber AIS, DSC und 121,5 MHz erm\u00f6glichen eine maximale Erkennung durch Rettungsdienste.  <\/p>\n<p class=\"ai-optimize-42\"><strong>So funktioniert es<\/strong><\/p>\n<p class=\"ai-optimize-43\">Nach der Aktivierung sendet das safeSEA M200 AIS das 121,5-MHz-Zielsignal. Innerhalb von 15 Sekunden wird der erste individuelle Notruf gesendet. Das M200 sendet acht AIS-Nachrichten pro Minute. Sobald ein GNSS-Fix erreicht wurde, enth\u00e4lt jede Folge von acht AIS-Nachrichten GNSS-Koordinaten, um die Rettungskr\u00e4fte \u00fcber Ihren genauen Standort zu informieren. Das M200 kann au\u00dferdem verschiedene Arten von DSC-Nachrichten* senden. Die Art der gesendeten DSC-Nachrichten (Einzelnotruf, Gruppenruf oder Notruf an alle Schiffe) ist l\u00e4nderspezifisch geregelt.   <\/p>\n<p class=\"ai-optimize-44\"><strong>App verbunden<\/strong><\/p>\n<p class=\"ai-optimize-45\">Dank der Near Field Communication (NFC)-Technologie wird beim Platzieren Ihres Telefons in der N\u00e4he des Beacons automatisch die Ocean Signal Product App gestartet, die Ihnen Zugriff auf eine Reihe von Nutzungsdaten gew\u00e4hrt. Benutzerspezifische Daten wie die MMSI eines Schiffs k\u00f6nnen in das M200 eingegeben werden, w\u00e4hrend wichtige Informationen wie Akkulaufzeit und Selbsttestverlauf einfach angezeigt werden. Die Verwendung von NFC stellt au\u00dferdem sicher, dass die interne Akkulaufzeit aus Sicherheitsgr\u00fcnden maximiert wird.  <\/p>\n<p class=\"ai-optimize-46\"><strong>Integration von Rettungswesten<\/strong><\/p>\n<p class=\"ai-optimize-47\">Das safeSEA M200 AIS kann manuell oder automatisch aktiviert werden, wenn es in einer aufblasbaren Rettungsweste installiert ist, die sich automatisch aufbl\u00e4st. Die Installation ist einfach: Der mitgelieferte Schlauchclip zur Befestigung des M200 an der Rettungsweste und das Aktivierungsband, das um die Blase der Rettungsweste gewickelt ist**, erleichtern die Installation. Nach der korrekten Installation l\u00f6st das Aufblasen der Blase der Rettungsweste die Ausl\u00f6sung der Antenne und die Aktivierung des Signals aus.  <\/p>\n<p class=\"ai-optimize-48\">* Die DSC-Funktionalit\u00e4t unterliegt den Bestimmungen des Landes.<\/p>\n<p class=\"ai-optimize-49\"><strong>** <i data-olk-copy-source=\"MailCompose\">Es wird empfohlen, vor der Installation den Hersteller der Rettungsweste zu konsultieren, da bestimmte Modelle m\u00f6glicherweise eine eigene bevorzugte Befestigungsmethode oder Integrationsempfehlungen haben.<\/i><\/strong><\/p>\n<p>&nbsp;<\/p>\n<p class=\"ai-optimize-50\"><strong>Funktionen und Vorteile des Ocean Signal safeSEA M200 AIS:<\/strong><\/p>\n<ul>\n<li class=\"ai-optimize-51\">AIS (Automatisches Identifikationssystem)<\/li>\n<li class=\"ai-optimize-52\">Konform mit Klasse M (Verordnung ECC\/DEC\/(22)02)<\/li>\n<li class=\"ai-optimize-53\">Integrierter Tx- und Rx-DSC-Transceiver (Digital Selective Calling) *<\/li>\n<li class=\"ai-optimize-54\">LEDs best\u00e4tigen den Empfang des DSC-Notsignals<\/li>\n<li class=\"ai-optimize-55\">20 % (typisch) kleiner als die Konkurrenz<\/li>\n<li class=\"ai-optimize-56\">GNSS \u00fcber GPS und Galileo<\/li>\n<li class=\"ai-optimize-57\">Schnelle, genaue Positionierung<\/li>\n<li class=\"ai-optimize-58\">121,5 MHz Zielsuchsignal<\/li>\n<li class=\"ai-optimize-59\">IR- und wei\u00dfe Stroboskoplichter<\/li>\n<li class=\"ai-optimize-60\">LEDs best\u00e4tigen den Empfang des DSC-Notsignals<\/li>\n<li class=\"ai-optimize-61\">Automatische Aktivierung<\/li>\n<li class=\"ai-optimize-62\">Einfache Integration von Rettungswesten**<\/li>\n<li class=\"ai-optimize-63\">5 Jahre Batterielebensdauer<\/li>\n<li class=\"ai-optimize-64\">12+ Stunden Betriebsdauer<\/li>\n<li class=\"ai-optimize-65\">2 Jahre Garantie<\/li>\n<li class=\"ai-optimize-66\">Integrierte Nahfeldkommunikation (NFC)<\/li>\n<li class=\"ai-optimize-67\">Smartphone-Konnektivit\u00e4t \u00fcber NFC<\/li>\n<li class=\"ai-optimize-68\">Ocean Signal Mobile App (iOS und Android)<\/li>\n<\/ul>\n<p>&nbsp;<\/p>\n<p class=\"ai-optimize-69\"><strong><em>Kompatibilit\u00e4t:<\/em><\/strong><em>  Die meisten modernen AIS-Plotter und DSC-VHF entsprechen den Standards, die f\u00fcr den Empfang MOB \u00dcbertragungen erforderlich sind. Es wird jedoch empfohlen, insbesondere bei Verwendung \u00e4lterer Ger\u00e4te, die Kompatibilit\u00e4t mit dem Ger\u00e4tehersteller zu \u00fcberpr\u00fcfen. <\/em><\/p>\n<p class=\"ai-optimize-70\">M\u00f6chten Sie mehr \u00fcber die neuesten Anforderungen der Klasse M f\u00fcr AIS MOB erfahren?  <a href=\"https:\/\/oceansignal.com\/de\/news\/verstaendnis-der-auswirkungen-der-ais-klasse-m-regulierung-auf-mobs\/\">Klicken Sie hier<\/a><\/p>\n<p>&nbsp;<\/p>\n","protected":false},"excerpt":{"rendered":"<div class=\"flex max-w-full flex-col flex-grow\">\n<div class=\"min-h-8 text-message relative flex w-full flex-col items-end gap-2 whitespace-normal break-words text-start [.text-message+&amp;]:mt-5\" dir=\"auto\" data-message-author-role=\"assistant\" data-message-id=\"933cc1c1-b547-4ddb-bf48-2e55b6592f46\" data-message-model-slug=\"gpt-4o\">\n<div class=\"flex w-full flex-col gap-1 empty:hidden first:pt-[3px]\">\n<div class=\"markdown prose w-full break-words dark:prose-invert light\">\n<ul data-start=\"81\" data-end=\"826\" data-is-last-node=\"\" data-is-only-node=\"\">\n<li class=\"\" data-start=\"81\" data-end=\"235\">\n<p class=\"\" data-start=\"83\" data-end=\"235\"><strong data-start=\"83\" data-end=\"112\">Erweiterte AIS- MOB Alarmierung<\/strong> \u2013 Klasse M-konform (ECC\/DEC\/(22)02) mit AIS, DSC und 121,5-MHz-Notsignalisierung f\u00fcr maximale Sichtbarkeit f\u00fcr Rettungskr\u00e4fte.<\/p>\n<\/li>\n<li class=\"\" data-start=\"236\" data-end=\"387\">\n<p class=\"\" data-start=\"238\" data-end=\"387\"><strong data-start=\"238\" data-end=\"275\">Schnelle und genaue Standortverfolgung<\/strong> \u2013 Sendet 8 AIS-Nachrichten pro Minute mit pr\u00e4ziser GNSS-Positionierung (GPS und Galileo) f\u00fcr eine schnelle Notfallreaktion.<\/p>\n<\/li>\n<li class=\"\" data-start=\"388\" data-end=\"530\">\n<p class=\"\" data-start=\"390\" data-end=\"530\"><strong data-start=\"390\" data-end=\"417\">Integrierter DSC-Empf\u00e4nger<\/strong> \u2013 Stoppt Notrufe nach der Best\u00e4tigung, reduziert unn\u00f6tige \u00dcbertragungen und verbessert die Sucheffizienz.<\/p>\n<\/li>\n<li class=\"\" data-start=\"531\" data-end=\"678\">\n<p class=\"\" data-start=\"533\" data-end=\"678\"><strong data-start=\"533\" data-end=\"568\">Nahtlose Integration in Rettungswesten<\/strong> \u2013 Automatische oder manuelle Aktivierung bei Einbau in eine aufblasbare Rettungsweste, wodurch eine freih\u00e4ndige Bedienung gew\u00e4hrleistet wird.<\/p>\n<\/li>\n<li class=\"\" data-start=\"679\" data-end=\"826\">\n<p class=\"\" data-start=\"681\" data-end=\"826\"><strong data-start=\"681\" data-end=\"708\">Smartphone-Konnektivit\u00e4t<\/strong> \u2013 NFC-f\u00e4hig f\u00fcr einfachen Zugriff auf Batteriestatus, Selbsttestverlauf und MMSI-Setup \u00fcber die Ocean Signal Mobile App.<\/p>\n<\/li>\n<li data-start=\"679\" data-end=\"826\">Einmaliger Kauf ohne monatliches Abonnement<\/li>\n<\/ul>\n<\/div>\n<\/div>\n<\/div>\n<\/div>\n","protected":false},"featured_media":12401,"template":"","meta":{"_acf_changed":false,"om_disable_all_campaigns":false},"product_brand":[],"product_cat":[383,1976,1078,336],"product_tag":[],"class_list":{"0":"post-12819","1":"product","2":"type-product","3":"status-publish","4":"has-post-thumbnail","6":"product_cat-ais-de-2","7":"product_cat-kompatibel-mit-rettungswesten","8":"product_cat-mann-uber-bord","9":"product_cat-safesea-de","11":"first","12":"instock","13":"taxable","14":"shipping-taxable","15":"purchasable","16":"product-type-simple"},"acf":[],"yoast_head":"<!-- This site is optimized with the Yoast SEO Premium plugin v25.2 (Yoast SEO v26.4) - https:\/\/yoast.com\/wordpress\/plugins\/seo\/ -->\n<title>safeSEA M200 - Ocean Signal<\/title>\n<meta name=\"description\" content=\"Das Ocean Signal safeSEA M200 AIS-Mann-\u00fcber-Bord-Signal maximiert die Rettungschancen mit seinen 3 Methoden der Not\u00fcbertragung \u2013 AIS, DSC und 121,5 MHz\" \/>\n<meta name=\"robots\" content=\"index, follow, max-snippet:-1, max-image-preview:large, max-video-preview:-1\" \/>\n<link rel=\"canonical\" href=\"https:\/\/oceansignal.com\/de\/products\/safesea-m200\/\" \/>\n<meta property=\"og:locale\" content=\"de_DE\" \/>\n<meta property=\"og:type\" content=\"article\" \/>\n<meta property=\"og:title\" content=\"safeSEA M200\" \/>\n<meta property=\"og:description\" content=\"Das Ocean Signal safeSEA M200 AIS-Mann-\u00fcber-Bord-Signal maximiert die Rettungschancen mit seinen 3 Methoden der Not\u00fcbertragung \u2013 AIS, DSC und 121,5 MHz\" \/>\n<meta property=\"og:url\" content=\"https:\/\/oceansignal.com\/de\/products\/safesea-m200\/\" \/>\n<meta property=\"og:site_name\" content=\"Ocean Signal\" \/>\n<meta property=\"article:modified_time\" content=\"2026-02-17T15:46:50+00:00\" \/>\n<meta property=\"og:image\" content=\"https:\/\/oceansignal.com\/wp-content\/uploads\/2024\/11\/M200-Front.png\" \/>\n\t<meta property=\"og:image:width\" content=\"800\" \/>\n\t<meta property=\"og:image:height\" content=\"800\" \/>\n\t<meta property=\"og:image:type\" content=\"image\/png\" \/>\n<meta name=\"twitter:card\" content=\"summary_large_image\" \/>\n<meta name=\"twitter:label1\" content=\"Gesch\u00e4tzte Lesezeit\" \/>\n\t<meta name=\"twitter:data1\" content=\"3\u00a0Minuten\" \/>\n<script type=\"application\/ld+json\" class=\"yoast-schema-graph\">{\"@context\":\"https:\/\/schema.org\",\"@graph\":[{\"@type\":\"WebPage\",\"@id\":\"https:\/\/oceansignal.com\/de\/products\/safesea-m200\/\",\"url\":\"https:\/\/oceansignal.com\/de\/products\/safesea-m200\/\",\"name\":\"safeSEA M200 - Ocean Signal\",\"isPartOf\":{\"@id\":\"https:\/\/oceansignal.com\/de\/#website\"},\"primaryImageOfPage\":{\"@id\":\"https:\/\/oceansignal.com\/de\/products\/safesea-m200\/#primaryimage\"},\"image\":{\"@id\":\"https:\/\/oceansignal.com\/de\/products\/safesea-m200\/#primaryimage\"},\"thumbnailUrl\":\"https:\/\/oceansignal.com\/wp-content\/uploads\/2024\/11\/M200-Front.png\",\"datePublished\":\"2024-11-12T19:50:16+00:00\",\"dateModified\":\"2026-02-17T15:46:50+00:00\",\"description\":\"Das Ocean Signal safeSEA M200 AIS-Mann-\u00fcber-Bord-Signal maximiert die Rettungschancen mit seinen 3 Methoden der Not\u00fcbertragung \u2013 AIS, DSC und 121,5 MHz\",\"breadcrumb\":{\"@id\":\"https:\/\/oceansignal.com\/de\/products\/safesea-m200\/#breadcrumb\"},\"inLanguage\":\"de\",\"potentialAction\":[{\"@type\":\"ReadAction\",\"target\":[\"https:\/\/oceansignal.com\/de\/products\/safesea-m200\/\"]}]},{\"@type\":\"ImageObject\",\"inLanguage\":\"de\",\"@id\":\"https:\/\/oceansignal.com\/de\/products\/safesea-m200\/#primaryimage\",\"url\":\"https:\/\/oceansignal.com\/wp-content\/uploads\/2024\/11\/M200-Front.png\",\"contentUrl\":\"https:\/\/oceansignal.com\/wp-content\/uploads\/2024\/11\/M200-Front.png\",\"width\":800,\"height\":800},{\"@type\":\"BreadcrumbList\",\"@id\":\"https:\/\/oceansignal.com\/de\/products\/safesea-m200\/#breadcrumb\",\"itemListElement\":[{\"@type\":\"ListItem\",\"position\":1,\"name\":\"Produkte\",\"item\":\"https:\/\/oceansignal.com\/de\/produkte\/\"},{\"@type\":\"ListItem\",\"position\":2,\"name\":\"safeSEA M200\"}]},{\"@type\":\"WebSite\",\"@id\":\"https:\/\/oceansignal.com\/de\/#website\",\"url\":\"https:\/\/oceansignal.com\/de\/\",\"name\":\"Ocean Signal\",\"description\":\"A leading manufacturer of EPIRBs, AIS, SARTs, Personal Locator Beacons, Man Overboard Beacon for the Marine and Outdoor Markets.\",\"potentialAction\":[{\"@type\":\"SearchAction\",\"target\":{\"@type\":\"EntryPoint\",\"urlTemplate\":\"https:\/\/oceansignal.com\/de\/?s={search_term_string}\"},\"query-input\":{\"@type\":\"PropertyValueSpecification\",\"valueRequired\":true,\"valueName\":\"search_term_string\"}}],\"inLanguage\":\"de\"}]}<\/script>\n<!-- \/ Yoast SEO Premium plugin. -->","yoast_head_json":{"title":"safeSEA M200 - Ocean Signal","description":"Das Ocean Signal safeSEA M200 AIS-Mann-\u00fcber-Bord-Signal maximiert die Rettungschancen mit seinen 3 Methoden der Not\u00fcbertragung \u2013 AIS, DSC und 121,5 MHz","robots":{"index":"index","follow":"follow","max-snippet":"max-snippet:-1","max-image-preview":"max-image-preview:large","max-video-preview":"max-video-preview:-1"},"canonical":"https:\/\/oceansignal.com\/de\/products\/safesea-m200\/","og_locale":"de_DE","og_type":"article","og_title":"safeSEA M200","og_description":"Das Ocean Signal safeSEA M200 AIS-Mann-\u00fcber-Bord-Signal maximiert die Rettungschancen mit seinen 3 Methoden der Not\u00fcbertragung \u2013 AIS, DSC und 121,5 MHz","og_url":"https:\/\/oceansignal.com\/de\/products\/safesea-m200\/","og_site_name":"Ocean Signal","article_modified_time":"2026-02-17T15:46:50+00:00","og_image":[{"width":800,"height":800,"url":"https:\/\/oceansignal.com\/wp-content\/uploads\/2024\/11\/M200-Front.png","type":"image\/png"}],"twitter_card":"summary_large_image","twitter_misc":{"Gesch\u00e4tzte Lesezeit":"3\u00a0Minuten"},"schema":{"@context":"https:\/\/schema.org","@graph":[{"@type":"WebPage","@id":"https:\/\/oceansignal.com\/de\/products\/safesea-m200\/","url":"https:\/\/oceansignal.com\/de\/products\/safesea-m200\/","name":"safeSEA M200 - Ocean Signal","isPartOf":{"@id":"https:\/\/oceansignal.com\/de\/#website"},"primaryImageOfPage":{"@id":"https:\/\/oceansignal.com\/de\/products\/safesea-m200\/#primaryimage"},"image":{"@id":"https:\/\/oceansignal.com\/de\/products\/safesea-m200\/#primaryimage"},"thumbnailUrl":"https:\/\/oceansignal.com\/wp-content\/uploads\/2024\/11\/M200-Front.png","datePublished":"2024-11-12T19:50:16+00:00","dateModified":"2026-02-17T15:46:50+00:00","description":"Das Ocean Signal safeSEA M200 AIS-Mann-\u00fcber-Bord-Signal maximiert die Rettungschancen mit seinen 3 Methoden der Not\u00fcbertragung \u2013 AIS, DSC und 121,5 MHz","breadcrumb":{"@id":"https:\/\/oceansignal.com\/de\/products\/safesea-m200\/#breadcrumb"},"inLanguage":"de","potentialAction":[{"@type":"ReadAction","target":["https:\/\/oceansignal.com\/de\/products\/safesea-m200\/"]}]},{"@type":"ImageObject","inLanguage":"de","@id":"https:\/\/oceansignal.com\/de\/products\/safesea-m200\/#primaryimage","url":"https:\/\/oceansignal.com\/wp-content\/uploads\/2024\/11\/M200-Front.png","contentUrl":"https:\/\/oceansignal.com\/wp-content\/uploads\/2024\/11\/M200-Front.png","width":800,"height":800},{"@type":"BreadcrumbList","@id":"https:\/\/oceansignal.com\/de\/products\/safesea-m200\/#breadcrumb","itemListElement":[{"@type":"ListItem","position":1,"name":"Produkte","item":"https:\/\/oceansignal.com\/de\/produkte\/"},{"@type":"ListItem","position":2,"name":"safeSEA M200"}]},{"@type":"WebSite","@id":"https:\/\/oceansignal.com\/de\/#website","url":"https:\/\/oceansignal.com\/de\/","name":"Ocean Signal","description":"A leading manufacturer of EPIRBs, AIS, SARTs, Personal Locator Beacons, Man Overboard Beacon for the Marine and Outdoor Markets.","potentialAction":[{"@type":"SearchAction","target":{"@type":"EntryPoint","urlTemplate":"https:\/\/oceansignal.com\/de\/?s={search_term_string}"},"query-input":{"@type":"PropertyValueSpecification","valueRequired":true,"valueName":"search_term_string"}}],"inLanguage":"de"}]}},"_links":{"self":[{"href":"https:\/\/oceansignal.com\/de\/wp-json\/wp\/v2\/product\/12819","targetHints":{"allow":["GET"]}}],"collection":[{"href":"https:\/\/oceansignal.com\/de\/wp-json\/wp\/v2\/product"}],"about":[{"href":"https:\/\/oceansignal.com\/de\/wp-json\/wp\/v2\/types\/product"}],"wp:featuredmedia":[{"embeddable":true,"href":"https:\/\/oceansignal.com\/de\/wp-json\/wp\/v2\/media\/12401"}],"wp:attachment":[{"href":"https:\/\/oceansignal.com\/de\/wp-json\/wp\/v2\/media?parent=12819"}],"wp:term":[{"taxonomy":"product_brand","embeddable":true,"href":"https:\/\/oceansignal.com\/de\/wp-json\/wp\/v2\/product_brand?post=12819"},{"taxonomy":"product_cat","embeddable":true,"href":"https:\/\/oceansignal.com\/de\/wp-json\/wp\/v2\/product_cat?post=12819"},{"taxonomy":"product_tag","embeddable":true,"href":"https:\/\/oceansignal.com\/de\/wp-json\/wp\/v2\/product_tag?post=12819"}],"curies":[{"name":"wp","href":"https:\/\/api.w.org\/{rel}","templated":true}]}}