{"id":12825,"date":"2024-10-30T20:20:15","date_gmt":"2024-10-30T20:20:15","guid":{"rendered":"https:\/\/oceansignal.com\/products\/rescueme-edf2-flare\/"},"modified":"2025-11-24T16:36:21","modified_gmt":"2025-11-24T16:36:21","slug":"rescueme-edf2-flare","status":"publish","type":"product","link":"https:\/\/oceansignal.com\/de\/products\/rescueme-edf2-flare\/","title":{"rendered":"rescueME EDF2 Flare"},"content":{"rendered":"<p><img loading=\"lazy\" decoding=\"async\" class=\"alignnone wp-image-26922 size-full\" src=\"https:\/\/oceansignal.com\/wp-content\/uploads\/2024\/10\/OSL-EDF2-Features-Group-001.jpeg\" alt=\"EDF2 Elektronisches Notsignal Flare IR-LED-Blitzlicht, vom Benutzer austauschbare Batterie, 360\u00b0-Sichtbarkeit\" width=\"550\" height=\"310\" srcset=\"https:\/\/oceansignal.com\/wp-content\/uploads\/2024\/10\/OSL-EDF2-Features-Group-001.jpeg 550w, https:\/\/oceansignal.com\/wp-content\/uploads\/2024\/10\/OSL-EDF2-Features-Group-001-300x169.jpeg 300w, https:\/\/oceansignal.com\/wp-content\/uploads\/2024\/10\/OSL-EDF2-Features-Group-001-60x34.jpeg 60w, https:\/\/oceansignal.com\/wp-content\/uploads\/2024\/10\/OSL-EDF2-Features-Group-001-110x62.jpeg 110w\" sizes=\"auto, (max-width: 550px) 100vw, 550px\" \/><\/p>\n<p><img loading=\"lazy\" decoding=\"async\" class=\"alignnone wp-image-26938 size-full\" src=\"https:\/\/oceansignal.com\/wp-content\/uploads\/2024\/10\/OSL-EDF2-Features-Group-002.jpeg\" alt=\"EDF2 Familiensicher\" width=\"550\" height=\"310\" srcset=\"https:\/\/oceansignal.com\/wp-content\/uploads\/2024\/10\/OSL-EDF2-Features-Group-002.jpeg 550w, https:\/\/oceansignal.com\/wp-content\/uploads\/2024\/10\/OSL-EDF2-Features-Group-002-300x169.jpeg 300w, https:\/\/oceansignal.com\/wp-content\/uploads\/2024\/10\/OSL-EDF2-Features-Group-002-60x34.jpeg 60w, https:\/\/oceansignal.com\/wp-content\/uploads\/2024\/10\/OSL-EDF2-Features-Group-002-110x62.jpeg 110w\" sizes=\"auto, (max-width: 550px) 100vw, 550px\" \/><\/p>\n<p><img loading=\"lazy\" decoding=\"async\" class=\"alignnone wp-image-26954 size-full\" src=\"https:\/\/oceansignal.com\/wp-content\/uploads\/2024\/10\/OSL-EDF2-Features-Group-003.jpeg\" alt=\"EDF2 Eingebaute Auftriebs-Hochintensit\u00e4ts-LED\" width=\"550\" height=\"310\" srcset=\"https:\/\/oceansignal.com\/wp-content\/uploads\/2024\/10\/OSL-EDF2-Features-Group-003.jpeg 550w, https:\/\/oceansignal.com\/wp-content\/uploads\/2024\/10\/OSL-EDF2-Features-Group-003-300x169.jpeg 300w, https:\/\/oceansignal.com\/wp-content\/uploads\/2024\/10\/OSL-EDF2-Features-Group-003-60x34.jpeg 60w, https:\/\/oceansignal.com\/wp-content\/uploads\/2024\/10\/OSL-EDF2-Features-Group-003-110x62.jpeg 110w\" sizes=\"auto, (max-width: 550px) 100vw, 550px\" \/><\/p>\n<p><strong>Zusammenfassung:<\/strong><\/p>\n<p>Als Weiterentwicklung elektronischer Notsignalger\u00e4te pr\u00e4sentiert das elektronische Flare EDF2 modernste SOS-Notsignaltechnologie. Durch die Verwendung rot-orangefarbener und cyanfarbener LEDs in Kombination mit einer Infrarot-Komponente (IR) bietet das EDF2 eine lange Brenndauer und verbessert gleichzeitig die Sichtbarkeit deutlich. <\/p>\n<p>Der EDF2 und die dazugeh\u00f6rige Flagge werden zusammen mit der mitgelieferten Tagesnotflagge verkauft und erf\u00fcllen die geltenden Anforderungen der US-K\u00fcstenwache. Sie k\u00f6nnen in den USA anstelle herk\u00f6mmlicher pyrotechnischer Leuchtraketen mitgef\u00fchrt werden.<\/p>\n<p><strong>Beschreibung:<\/strong><\/p>\n<p>Die schwimmf\u00e4hige elektronische EDF2-Bootsfackel erf\u00fcllt die Anforderungen von RTCM 13200.00, ist als elektronisches visuelles Notsignalger\u00e4t (eVDSD) klassifiziert und verwendet mehrfarbige SOS-Notsignale, um eine h\u00f6here Leuchtkraft mit wesentlich besserer Lichtverteilung zu erzeugen. Die Verwendung von rot-orangen und cyanfarbenen LEDs erm\u00f6glicht eine verbesserte Sichtbarkeit auf dem Wasser, w\u00e4hrend die Hinzuf\u00fcgung einer Infrarotkomponente (IR) zu noch besserer Sichtbarkeit f\u00fchrt, wenn Such- und Rettungskr\u00e4fte Nachtsichtger\u00e4te verwenden. <\/p>\n<p>Der EDF2 erleichtert die Rettung, indem er das f\u00fcr den internationalen Morsecode f\u00fcr SOS typische Blitzlicht aussendet, wobei das erste \u201eS\u201c durch drei rot-orange LED-Blitze dargestellt wird, gefolgt vom \u201eO\u201c, das durch drei cyanfarbene LED-Blitze dargestellt wird, und dem abschlie\u00dfenden \u201eS\u201c, das durch weitere drei rot-orange LED-Blitze dargestellt wird. Gleichzeitig mit den sichtbaren rot-orange und cyanfarben blinkenden LEDs blinkt die IR-Komponente dasselbe SOS-Muster, das f\u00fcr die Sichtbarkeit mit Nachtsichtger\u00e4ten (NVG) optimiert ist. Am beeindruckendsten ist vielleicht, dass der EDF2 trotz der gro\u00dfen Anzahl sichtbarer und IR-Blitze, der hohen erzeugten Lichtintensit\u00e4t und der erreichten erheblichen Lichtverteilungsreichweite (Leuchtwinkel \u2265 180\u00b0) immer noch eine beeindruckende Betriebslebensdauer von mindestens drei Stunden erreicht (und damit die RTCM-Anforderungen um 50 % \u00fcbertrifft).  <\/p>\n<p><strong>HINWEIS: Befestigen Sie vor dem Einlegen der Batterien das Oberteil mithilfe der beigef\u00fcgten Kordel (unter dem Klettverschluss) am Befestigungspunkt unten am Batteriefach.<\/strong><\/p>\n<h4>Im Leistungsumfang enthalten<\/h4>\n<p>Da die elektronische Seenotrakete EDF2 auch die Anforderungen gem\u00e4\u00df <a href=\"https:\/\/www.ecfr.gov\/current\/title-46\/chapter-I\/subchapter-Q\/part-161\/subpart-161.013?toc=1\">46 CFR 161.013<\/a> erf\u00fcllt, ist sie als zugelassenes visuelles Nachtnotsignal klassifiziert. Da jedem EDF2 eine Notflagge beiliegt, die den Anforderungen von <a href=\"https:\/\/www.ecfr.gov\/current\/title-46\/chapter-I\/subchapter-Q\/part-160\/subpart-160.072\">46 CFR 160.072<\/a> entspricht, wird den Benutzern auch ein zugelassenes visuelles Notsignal f\u00fcr den Tag mitgeliefert (die Anforderung, zugelassene visuelle Notsignale f\u00fcr Tag und Nacht mitzuf\u00fchren, findet sich in 33 CFR Teil 175). Die mitgelieferte Notflagge bietet zahlreiche M\u00f6glichkeiten zur Signalgebung bei Tageslicht. Die Flagge kann am Mast befestigt oder einfach so hoch wie m\u00f6glich gehisst werden. Man kann es auch von Hand pr\u00e4sentieren, an Gegenst\u00e4nden wie einem Bootshaken, Paddel oder einer Angelrute befestigen und damit wedeln, oder man kann es flach auf das Deck legen, um Flugzeuge anzulocken. Die Flagge sollte nur als Tagessignal verwendet werden, und bei korrekter Anbringung sollte sich das schwarze Quadrat \u00fcber dem schwarzen Kreis befinden.<\/p>\n<p>Neben der Notflagge sind auch eine Halterung und die entsprechenden Befestigungsteile im Lieferumfang enthalten, mit denen Benutzer das Produkt bequem am Schiff befestigen k\u00f6nnen, sodass der EDF2 bei Bedarf immer zug\u00e4nglich ist. Unter dem schwarzen Klettband um die Mitte des Produkts befindet sich au\u00dferdem ein 1 Meter langes Trageband. Mit diesem Trageband kann der EDF2 in einer Notsituation an einer Person oder einem Rettungsflo\u00df befestigt werden.  <\/p>\n<h4>Bef\u00f6rderungsanforderungen<\/h4>\n<p>In den USA* k\u00f6nnen Bootsfahrer auf Sportbooten mit einer L\u00e4nge von bis zu 65 Fu\u00df, auf den Gro\u00dfen Seen, in einem Umkreis von 12 Meilen in US-Gew\u00e4ssern oder auf jedem Gew\u00e4sser mit einem mindestens zwei Meilen breiten Durchgang zum Meer auf die Pflicht zur Verwendung traditioneller pyrotechnischer Leuchtraketen verzichten, wenn sie die EDF2-Bootsfackel und die Notflagge gleichzeitig mitf\u00fchren. Schiffe mit einer L\u00e4nge von weniger als 16 Fu\u00df m\u00fcssen kein optisches Notsignal f\u00fcr tags\u00fcber mitf\u00fchren, m\u00fcssen aber dennoch ein optisches Notsignal f\u00fcr nachts mitf\u00fchren, sodass die EDF2 auch f\u00fcr Schiffe dieser Gr\u00f6\u00dfe eine mehr als praktikable Alternative zu pyrotechnischen Leuchtraketen darstellt. Hinweis: In Kanada kann die EDF2 auf Sportbooten anstelle von pyrotechnischen Leuchtraketen mitgef\u00fchrt werden (Richtlinie TP 13585 E), wenn sie mit einem zugelassenen Rauchsignal (f\u00fcr Alarmierung tags\u00fcber) mitgef\u00fchrt wird.  <\/p>\n<p>Mit einer gleichm\u00e4\u00dfigen Lichtverteilung \u00fcber eine betr\u00e4chtliche Reichweite** und einer 15-mal l\u00e4ngeren Brenndauer als die durchschnittlicher pyrotechnischer Fackeln*** ist der EDF2 eindeutig die \u201ehellste\u201c Wahl, die man treffen kann.<\/p>\n<p>&nbsp;<\/p>\n<p>*F\u00fcr Zulassungen in anderen L\u00e4ndern siehe die Anforderungen der jeweiligen nationalen Beh\u00f6rde als Referenz.<\/p>\n<p>ihre ausdr\u00fcckliche Zustimmung zu einem eVDSD-Meeting RTCM 13200.00<\/p>\n<p>**Leuchtwinkel \u2265 180\u00b0<\/p>\n<p>***Basierend auf dem Transport von 4 pyrotechnischen Fackeln mit einer durchschnittlichen Brenndauer von jeweils 3 Minuten<\/p>\n<p>&nbsp;<\/p>\n<h4><strong>Funktionen und Vorteile:<\/strong><\/h4>\n<ul>\n<li>Erf\u00fcllt den RTCM-Standard 13200.0 f\u00fcr eVDSDs<\/li>\n<li>Die elektronische Bootsfackel EDF2 und die mitgelieferte Notflagge k\u00f6nnen, wenn sie zusammen mitgef\u00fchrt werden, den Transport pyrotechnischer Fackeln der US-K\u00fcstenwache ersetzen (nur USA)<\/li>\n<li>Helles Licht in alle Richtungen (360\u00b0 Sichtbarkeit und Leuchtwinkel \u2265 180\u00b0)<\/li>\n<li>Richtet sich automatisch auf und schwimmt im Wasser (kein Auftriebs-\/Schwimmring erforderlich)<\/li>\n<li>Sichtbar \u00fcber 8 Meilen<\/li>\n<li>Vom Benutzer austauschbare 123-Lithiumbatterien (x8 \u2013 nicht im Lieferumfang enthalten)<\/li>\n<li>Maximale Lichtintensit\u00e4t&gt; 170 cd<\/li>\n<li>Durchschnittliche effektive Lichtintensit\u00e4t von 50 cd<\/li>\n<li>Die Betriebsdauer von 3 Stunden (bei mindestens 50 cd durchschnittlicher effektiver Lichtintensit\u00e4t) \u00fcbertrifft die RTCM-Anforderungen um 50 %<\/li>\n<li>Langlebiges Design: Getestet nach geltenden Umweltleistungsstandards in Bezug auf trockene Hitze, feuchte Hitze, niedrige Temperaturen, Thermoschock, Sturz, Vibration, Sonneneinstrahlung, Regen und Spritzwasser, Korrosion und EMV (gem\u00e4\u00df IEC 60945)<\/li>\n<li>Wasserdicht (IP67)<\/li>\n<li>Zertifiziert nach USCG 161.013 als optisches Notsignal f\u00fcr die Nacht<\/li>\n<li>Enth\u00e4lt eine Notflagge (zertifiziert nach USCG 160.072 als visuelles Notsignal f\u00fcr tags\u00fcber), eine Montagehalterung und ein 1 m langes Schl\u00fcsselband (verborgen unter einem Klettband)<\/li>\n<\/ul>\n<p>&nbsp;<\/p>\n<h4><strong>Vorteile der<\/strong> <strong>elektronischen Flare EDF2<\/strong> <strong>gegen\u00fcber herk\u00f6mmlichen pyrotechnischen Fackeln:<\/strong><\/h4>\n<ul>\n<li>Kein Ablaufdatum<\/li>\n<li>Familiensicher (keine brennende Flamme)<\/li>\n<li>Einfach zu bedienen (so dass im Notfall sogar Ihre Kinder und Bootsanf\u00e4nger es bedienen k\u00f6nnen)<\/li>\n<li>Keine Probleme mit den bestehenden strengen Entsorgungsvorschriften f\u00fcr pyrotechnische Leuchtraketen (die rechtlich als Gefahrenstoffe gelten)<\/li>\n<li>Wasserdicht und schwimmf\u00e4hig<\/li>\n<li>Einmaliger Kauf (geringere Kosten \u00fcber die gesamte Lebensdauer des Produkts)<\/li>\n<li>2 verschiedene Methoden der Notsignalisierung in einem Produkt \u2013 Mehrfarbiges LED-Blitzlicht und Infrarot-LED-Blitzlicht<\/li>\n<li>M\u00f6glichkeit, die Lebensdauer des Produkts im Notfall durch Austausch der Batterien zu verl\u00e4ngern<\/li>\n<\/ul>\n<p>&nbsp;<\/p>\n<p>Informationen zu weiteren wichtigen Sicherheitsprodukten f\u00fcr den Seeverkehr, die Ihre Mitnahme des EDF2 erg\u00e4nzen, finden Sie in unserem Blog <a href=\"https:\/\/oceansignal.com\/de\/news\/strategien-fuer-eine-sicherere-bootssaison-von-ocean-signal\/\">\u201eStrategien f\u00fcr eine sicherere Bootssaison\u201c<\/a> .<\/p>\n","protected":false},"excerpt":{"rendered":"<p>EDF2: Die ultimative Alternative zu herk\u00f6mmlichen pyrotechnischen Fackeln<\/p>\n<ul>\n<li>Langlebig und kosteng\u00fcnstig \u2013 Kein Verfallsdatum, einmaliger Kauf und vom Benutzer austauschbare Lithiumbatterien verl\u00e4ngern die Betriebsdauer im Notfall<\/li>\n<li>Sicher und einfach zu verwenden \u2013 Keine Flammen, familienfreundlich und einfache Bedienung f\u00fcr alle Benutzer, einschlie\u00dflich Kinder und Bootsanf\u00e4nger.<\/li>\n<li>\u00dcberlegene Sichtbarkeit \u2013 Helles 360\u00b0-Licht, sichtbar \u00fcber 8 Meilen und \u00fcbertrifft die RTCM-Betriebslebensdaueranforderungen um 50 %.<\/li>\n<li>Wasserdicht und schwimmf\u00e4hig \u2013 Richtet sich automatisch auf und schwimmt ohne Schwimmring.<\/li>\n<li>Langlebiges Design: Getestet nach geltenden Umweltleistungsstandards in Bezug auf trockene Hitze, feuchte Hitze, niedrige Temperaturen, Thermoschock, Sturz, Vibration, Sonneneinstrahlung, Regen und Spritzwasser, Korrosion und EMV (gem\u00e4\u00df IEC 60945)<\/li>\n<\/ul>\n<p><a href=\"https:\/\/www.dropbox.com\/s\/0ezw0kexbm120vv\/Prop%2065%20-%20Lead%20and%20Lead%20Compounds.pdf?dl=0\">WARNUNG: PROP 65<\/a><\/p>\n","protected":false},"featured_media":38632,"template":"","meta":{"_acf_changed":false,"om_disable_all_campaigns":false},"product_brand":[],"product_cat":[1181,469],"product_tag":[1232,1183,1233],"class_list":{"0":"post-12825","1":"product","2":"type-product","3":"status-publish","4":"has-post-thumbnail","6":"product_cat-elektronische-signalisierung-und-flare","7":"product_cat-rescueme-de","8":"product_tag-edf2-de","9":"product_tag-elektronische-flare","10":"product_tag-signalfeuer","12":"first","13":"instock","14":"taxable","15":"shipping-taxable","16":"purchasable","17":"product-type-simple"},"acf":[],"yoast_head":"<!-- This site is optimized with the Yoast SEO Premium plugin v25.2 (Yoast SEO v26.4) - https:\/\/yoast.com\/wordpress\/plugins\/seo\/ -->\n<title>rescueME EDF2 Flare - Ocean Signal EDF2 Elektronisches Flare USCG RTCM Approved | Ocean Signal<\/title>\n<meta name=\"description\" content=\"Bleiben Sie sicher mit der elektronischen Bootsfackel Ocean Signal EDF2, einer leistungsstarken elektronischen Notfackel, die f\u00fcr optimale Sichtbarkeit und Zuverl\u00e4ssigkeit in Notsituationen entwickelt wurde. Die kompakte und langlebige EDF2 ist die perfekte Wahl f\u00fcr Bootsfahrer, die eine sicherere, umweltfreundliche Alternative zu herk\u00f6mmlichen Fackeln suchen.\" \/>\n<meta name=\"robots\" content=\"index, follow, max-snippet:-1, max-image-preview:large, max-video-preview:-1\" \/>\n<link rel=\"canonical\" href=\"https:\/\/oceansignal.com\/de\/products\/rescueme-edf2-flare\/\" \/>\n<meta property=\"og:locale\" content=\"de_DE\" \/>\n<meta property=\"og:type\" content=\"article\" \/>\n<meta property=\"og:title\" content=\"rescueME EDF2 Flare\" \/>\n<meta property=\"og:description\" content=\"Bleiben Sie sicher mit der elektronischen Bootsfackel Ocean Signal EDF2, einer leistungsstarken elektronischen Notfackel, die f\u00fcr optimale Sichtbarkeit und Zuverl\u00e4ssigkeit in Notsituationen entwickelt wurde. Die kompakte und langlebige EDF2 ist die perfekte Wahl f\u00fcr Bootsfahrer, die eine sicherere, umweltfreundliche Alternative zu herk\u00f6mmlichen Fackeln suchen.\" \/>\n<meta property=\"og:url\" content=\"https:\/\/oceansignal.com\/de\/products\/rescueme-edf2-flare\/\" \/>\n<meta property=\"og:site_name\" content=\"Ocean Signal\" \/>\n<meta property=\"article:modified_time\" content=\"2025-11-24T16:36:21+00:00\" \/>\n<meta property=\"og:image\" content=\"https:\/\/oceansignal.com\/wp-content\/uploads\/2025\/06\/EDF2-FRONT-e1752085297427.png\" \/>\n\t<meta property=\"og:image:width\" content=\"782\" \/>\n\t<meta property=\"og:image:height\" content=\"782\" \/>\n\t<meta property=\"og:image:type\" content=\"image\/png\" \/>\n<meta name=\"twitter:card\" content=\"summary_large_image\" \/>\n<meta name=\"twitter:label1\" content=\"Gesch\u00e4tzte Lesezeit\" \/>\n\t<meta name=\"twitter:data1\" content=\"5\u00a0Minuten\" \/>\n<script type=\"application\/ld+json\" class=\"yoast-schema-graph\">{\"@context\":\"https:\/\/schema.org\",\"@graph\":[{\"@type\":\"WebPage\",\"@id\":\"https:\/\/oceansignal.com\/de\/products\/rescueme-edf2-flare\/\",\"url\":\"https:\/\/oceansignal.com\/de\/products\/rescueme-edf2-flare\/\",\"name\":\"rescueME EDF2 Flare - Ocean Signal EDF2 Elektronisches Flare USCG RTCM Approved | Ocean Signal\",\"isPartOf\":{\"@id\":\"https:\/\/oceansignal.com\/de\/#website\"},\"primaryImageOfPage\":{\"@id\":\"https:\/\/oceansignal.com\/de\/products\/rescueme-edf2-flare\/#primaryimage\"},\"image\":{\"@id\":\"https:\/\/oceansignal.com\/de\/products\/rescueme-edf2-flare\/#primaryimage\"},\"thumbnailUrl\":\"https:\/\/oceansignal.com\/wp-content\/uploads\/2024\/10\/EDF2-FRONT_2025.png\",\"datePublished\":\"2024-10-30T20:20:15+00:00\",\"dateModified\":\"2025-11-24T16:36:21+00:00\",\"description\":\"Bleiben Sie sicher mit der elektronischen Bootsfackel Ocean Signal EDF2, einer leistungsstarken elektronischen Notfackel, die f\u00fcr optimale Sichtbarkeit und Zuverl\u00e4ssigkeit in Notsituationen entwickelt wurde. Die kompakte und langlebige EDF2 ist die perfekte Wahl f\u00fcr Bootsfahrer, die eine sicherere, umweltfreundliche Alternative zu herk\u00f6mmlichen Fackeln suchen.\",\"breadcrumb\":{\"@id\":\"https:\/\/oceansignal.com\/de\/products\/rescueme-edf2-flare\/#breadcrumb\"},\"inLanguage\":\"de\",\"potentialAction\":[{\"@type\":\"ReadAction\",\"target\":[\"https:\/\/oceansignal.com\/de\/products\/rescueme-edf2-flare\/\"]}]},{\"@type\":\"ImageObject\",\"inLanguage\":\"de\",\"@id\":\"https:\/\/oceansignal.com\/de\/products\/rescueme-edf2-flare\/#primaryimage\",\"url\":\"https:\/\/oceansignal.com\/wp-content\/uploads\/2024\/10\/EDF2-FRONT_2025.png\",\"contentUrl\":\"https:\/\/oceansignal.com\/wp-content\/uploads\/2024\/10\/EDF2-FRONT_2025.png\",\"width\":1000,\"height\":1000},{\"@type\":\"BreadcrumbList\",\"@id\":\"https:\/\/oceansignal.com\/de\/products\/rescueme-edf2-flare\/#breadcrumb\",\"itemListElement\":[{\"@type\":\"ListItem\",\"position\":1,\"name\":\"Produkte\",\"item\":\"https:\/\/oceansignal.com\/de\/produkte\/\"},{\"@type\":\"ListItem\",\"position\":2,\"name\":\"rescueME EDF2 Flare\"}]},{\"@type\":\"WebSite\",\"@id\":\"https:\/\/oceansignal.com\/de\/#website\",\"url\":\"https:\/\/oceansignal.com\/de\/\",\"name\":\"Ocean Signal\",\"description\":\"A leading manufacturer of EPIRBs, AIS, SARTs, Personal Locator Beacons, Man Overboard Beacon for the Marine and Outdoor Markets.\",\"potentialAction\":[{\"@type\":\"SearchAction\",\"target\":{\"@type\":\"EntryPoint\",\"urlTemplate\":\"https:\/\/oceansignal.com\/de\/?s={search_term_string}\"},\"query-input\":{\"@type\":\"PropertyValueSpecification\",\"valueRequired\":true,\"valueName\":\"search_term_string\"}}],\"inLanguage\":\"de\"}]}<\/script>\n<!-- \/ Yoast SEO Premium plugin. -->","yoast_head_json":{"title":"rescueME EDF2 Flare - Ocean Signal EDF2 Elektronisches Flare USCG RTCM Approved | Ocean Signal","description":"Bleiben Sie sicher mit der elektronischen Bootsfackel Ocean Signal EDF2, einer leistungsstarken elektronischen Notfackel, die f\u00fcr optimale Sichtbarkeit und Zuverl\u00e4ssigkeit in Notsituationen entwickelt wurde. Die kompakte und langlebige EDF2 ist die perfekte Wahl f\u00fcr Bootsfahrer, die eine sicherere, umweltfreundliche Alternative zu herk\u00f6mmlichen Fackeln suchen.","robots":{"index":"index","follow":"follow","max-snippet":"max-snippet:-1","max-image-preview":"max-image-preview:large","max-video-preview":"max-video-preview:-1"},"canonical":"https:\/\/oceansignal.com\/de\/products\/rescueme-edf2-flare\/","og_locale":"de_DE","og_type":"article","og_title":"rescueME EDF2 Flare","og_description":"Bleiben Sie sicher mit der elektronischen Bootsfackel Ocean Signal EDF2, einer leistungsstarken elektronischen Notfackel, die f\u00fcr optimale Sichtbarkeit und Zuverl\u00e4ssigkeit in Notsituationen entwickelt wurde. Die kompakte und langlebige EDF2 ist die perfekte Wahl f\u00fcr Bootsfahrer, die eine sicherere, umweltfreundliche Alternative zu herk\u00f6mmlichen Fackeln suchen.","og_url":"https:\/\/oceansignal.com\/de\/products\/rescueme-edf2-flare\/","og_site_name":"Ocean Signal","article_modified_time":"2025-11-24T16:36:21+00:00","og_image":[{"width":782,"height":782,"url":"https:\/\/oceansignal.com\/wp-content\/uploads\/2025\/06\/EDF2-FRONT-e1752085297427.png","type":"image\/png"}],"twitter_card":"summary_large_image","twitter_misc":{"Gesch\u00e4tzte Lesezeit":"5\u00a0Minuten"},"schema":{"@context":"https:\/\/schema.org","@graph":[{"@type":"WebPage","@id":"https:\/\/oceansignal.com\/de\/products\/rescueme-edf2-flare\/","url":"https:\/\/oceansignal.com\/de\/products\/rescueme-edf2-flare\/","name":"rescueME EDF2 Flare - Ocean Signal EDF2 Elektronisches Flare USCG RTCM Approved | Ocean Signal","isPartOf":{"@id":"https:\/\/oceansignal.com\/de\/#website"},"primaryImageOfPage":{"@id":"https:\/\/oceansignal.com\/de\/products\/rescueme-edf2-flare\/#primaryimage"},"image":{"@id":"https:\/\/oceansignal.com\/de\/products\/rescueme-edf2-flare\/#primaryimage"},"thumbnailUrl":"https:\/\/oceansignal.com\/wp-content\/uploads\/2024\/10\/EDF2-FRONT_2025.png","datePublished":"2024-10-30T20:20:15+00:00","dateModified":"2025-11-24T16:36:21+00:00","description":"Bleiben Sie sicher mit der elektronischen Bootsfackel Ocean Signal EDF2, einer leistungsstarken elektronischen Notfackel, die f\u00fcr optimale Sichtbarkeit und Zuverl\u00e4ssigkeit in Notsituationen entwickelt wurde. Die kompakte und langlebige EDF2 ist die perfekte Wahl f\u00fcr Bootsfahrer, die eine sicherere, umweltfreundliche Alternative zu herk\u00f6mmlichen Fackeln suchen.","breadcrumb":{"@id":"https:\/\/oceansignal.com\/de\/products\/rescueme-edf2-flare\/#breadcrumb"},"inLanguage":"de","potentialAction":[{"@type":"ReadAction","target":["https:\/\/oceansignal.com\/de\/products\/rescueme-edf2-flare\/"]}]},{"@type":"ImageObject","inLanguage":"de","@id":"https:\/\/oceansignal.com\/de\/products\/rescueme-edf2-flare\/#primaryimage","url":"https:\/\/oceansignal.com\/wp-content\/uploads\/2024\/10\/EDF2-FRONT_2025.png","contentUrl":"https:\/\/oceansignal.com\/wp-content\/uploads\/2024\/10\/EDF2-FRONT_2025.png","width":1000,"height":1000},{"@type":"BreadcrumbList","@id":"https:\/\/oceansignal.com\/de\/products\/rescueme-edf2-flare\/#breadcrumb","itemListElement":[{"@type":"ListItem","position":1,"name":"Produkte","item":"https:\/\/oceansignal.com\/de\/produkte\/"},{"@type":"ListItem","position":2,"name":"rescueME EDF2 Flare"}]},{"@type":"WebSite","@id":"https:\/\/oceansignal.com\/de\/#website","url":"https:\/\/oceansignal.com\/de\/","name":"Ocean Signal","description":"A leading manufacturer of EPIRBs, AIS, SARTs, Personal Locator Beacons, Man Overboard Beacon for the Marine and Outdoor Markets.","potentialAction":[{"@type":"SearchAction","target":{"@type":"EntryPoint","urlTemplate":"https:\/\/oceansignal.com\/de\/?s={search_term_string}"},"query-input":{"@type":"PropertyValueSpecification","valueRequired":true,"valueName":"search_term_string"}}],"inLanguage":"de"}]}},"_links":{"self":[{"href":"https:\/\/oceansignal.com\/de\/wp-json\/wp\/v2\/product\/12825","targetHints":{"allow":["GET"]}}],"collection":[{"href":"https:\/\/oceansignal.com\/de\/wp-json\/wp\/v2\/product"}],"about":[{"href":"https:\/\/oceansignal.com\/de\/wp-json\/wp\/v2\/types\/product"}],"wp:featuredmedia":[{"embeddable":true,"href":"https:\/\/oceansignal.com\/de\/wp-json\/wp\/v2\/media\/38632"}],"wp:attachment":[{"href":"https:\/\/oceansignal.com\/de\/wp-json\/wp\/v2\/media?parent=12825"}],"wp:term":[{"taxonomy":"product_brand","embeddable":true,"href":"https:\/\/oceansignal.com\/de\/wp-json\/wp\/v2\/product_brand?post=12825"},{"taxonomy":"product_cat","embeddable":true,"href":"https:\/\/oceansignal.com\/de\/wp-json\/wp\/v2\/product_cat?post=12825"},{"taxonomy":"product_tag","embeddable":true,"href":"https:\/\/oceansignal.com\/de\/wp-json\/wp\/v2\/product_tag?post=12825"}],"curies":[{"name":"wp","href":"https:\/\/api.w.org\/{rel}","templated":true}]}}