{"id":28553,"date":"2025-05-22T10:05:48","date_gmt":"2025-05-22T10:05:48","guid":{"rendered":"https:\/\/oceansignal.com\/products\/ocean-signal-wundertuete\/"},"modified":"2025-07-24T15:11:40","modified_gmt":"2025-07-24T15:11:40","slug":"ocean-signal-wundertuete","status":"publish","type":"product","link":"https:\/\/oceansignal.com\/de\/products\/ocean-signal-wundertuete\/","title":{"rendered":"Ocean Signal Wundert\u00fcte"},"content":{"rendered":"<h3 data-start=\"3285\" data-end=\"3337\"><strong data-start=\"3292\" data-end=\"3337\"><img loading=\"lazy\" decoding=\"async\" class=\"alignnone size-full wp-image-32359\" src=\"https:\/\/oceansignal.com\/wp-content\/uploads\/2025\/07\/View-New-Safety-Kits.png\" alt=\"\" width=\"300\" height=\"75\" srcset=\"https:\/\/oceansignal.com\/wp-content\/uploads\/2025\/07\/View-New-Safety-Kits.png 300w, https:\/\/oceansignal.com\/wp-content\/uploads\/2025\/07\/View-New-Safety-Kits-60x15.png 60w, https:\/\/oceansignal.com\/wp-content\/uploads\/2025\/07\/View-New-Safety-Kits-110x28.png 110w\" sizes=\"auto, (max-width: 300px) 100vw, 300px\" \/><\/strong><\/h3>\n<p><b><span data-contrast=\"auto\">Ocean Signal Wundertasche \u2013 Speziell f\u00fcr die Sicherheit auf See entwickelt<\/span><\/b><span data-ccp-props=\"{}\"> <\/span><\/p>\n<p><span data-contrast=\"auto\">Bei Notf\u00e4llen vor der K\u00fcste z\u00e4hlt jede Sekunde. Die Ocean Signal Grab Bag wurde speziell entwickelt, damit Sie vorbereitet sind und schnell reagieren k\u00f6nnen. Sie bietet Ihnen einen sicheren, leicht zug\u00e4nglichen Aufbewahrungsort f\u00fcr Ihre wichtige Sicherheitsausr\u00fcstung. Ob Sie an der K\u00fcste unterwegs sind oder auf hoher See unterwegs sind, eine spezielle Tasche kann den Unterschied zwischen Panik und Vorbereitung ausmachen.  <\/span><span data-ccp-props=\"{}\"> <\/span><\/p>\n<p><span data-contrast=\"auto\">Die Ocean Signal Grab Bag wurde in Zusammenarbeit zwischen dem Ocean Signal Engineering Team und einem professionellen Segler und Taschendesigner aus Southampton, Gro\u00dfbritannien, entwickelt und basiert auf praktischen Erfahrungen. Sie ist kompakt genug, um selbst auf engstem Raum an Bord verstaut zu werden, aber ger\u00e4umig genug f\u00fcr Ihre wichtige Notfallausr\u00fcstung \u2013 EPIRBs, PLBs, UKW-Funkger\u00e4te, Leuchtraketen und mehr. <\/span><span data-ccp-props=\"{}\"> <\/span><\/p>\n<p><b><span data-contrast=\"auto\">Warum Sie eine Wundert\u00fcte brauchen:<\/span><\/b><br \/>\n<span data-contrast=\"auto\">Im Notfall \u2013 etwa bei Feuer, \u00dcberschwemmung oder Verlassen des Hauses \u2013 bleibt keine Zeit, dar\u00fcber nachzudenken, was man mitnehmen soll. Mit einer gut gef\u00fcllten Notfalltasche sind alle wichtigen Dinge bereits gepackt und griffbereit. Sie ist Ihre erste Wahl, wenn alles andere schiefgeht.  <\/span><span data-ccp-props=\"{}\"> <\/span><\/p>\n<p><b><span data-contrast=\"auto\">Funktionen:<\/span><\/b><span data-ccp-props=\"{}\"> <\/span><\/p>\n<ul>\n<li data-leveltext=\"\uf0b7\" data-font=\"Symbol\" data-listid=\"2\" data-list-defn-props=\"{\"335552541\":1,\"335559685\":720,\"335559991\":360,\"469769226\":\"Symbol\",\"469769242\":[8226],\"469777803\":\"left\",\"469777804\":\"\uf0b7\",\"469777815\":\"multilevel\"}\" data-aria-posinset=\"1\" data-aria-level=\"1\"><b><span data-contrast=\"auto\">Ger\u00e4umiges Hauptfach<\/span><\/b> <span data-contrast=\"auto\">\u2013 bietet 9 Liter Fassungsverm\u00f6gen \u2013 der gro\u00dfe Innenbereich f\u00fcr wichtige Dinge wie Leuchtraketen, Essensrationen, PLBs, Erste-Hilfe-Material und mehr.<\/span><span data-ccp-props=\"{}\"> <\/span><\/li>\n<\/ul>\n<ul>\n<li data-leveltext=\"\uf0b7\" data-font=\"Symbol\" data-listid=\"2\" data-list-defn-props=\"{\"335552541\":1,\"335559685\":720,\"335559991\":360,\"469769226\":\"Symbol\",\"469769242\":[8226],\"469777803\":\"left\",\"469777804\":\"\uf0b7\",\"469777815\":\"multilevel\"}\" data-aria-posinset=\"2\" data-aria-level=\"1\"><b><span data-contrast=\"auto\">Interne Befestigungsschiene \u2013<\/span><\/b> <span data-contrast=\"auto\">erm\u00f6glicht die Befestigung wichtiger Gegenst\u00e4nde per Lanyard oder Karabiner,<\/span> <span data-ccp-props=\"{}\"> <\/span><\/li>\n<\/ul>\n<ul>\n<li data-leveltext=\"\uf0b7\" data-font=\"Symbol\" data-listid=\"2\" data-list-defn-props=\"{\"335552541\":1,\"335559685\":720,\"335559991\":360,\"469769226\":\"Symbol\",\"469769242\":[8226],\"469777803\":\"left\",\"469777804\":\"\uf0b7\",\"469777815\":\"multilevel\"}\" data-aria-posinset=\"3\" data-aria-level=\"1\"><b><span data-contrast=\"auto\">2 Au\u00dfentaschen<\/span><\/b> <span data-contrast=\"auto\">\u2013 F\u00fcr den sicheren Einbau von EPIRB oder UKW-Funkger\u00e4ten jeder Gr\u00f6\u00dfe konzipiert<\/span><span data-ccp-props=\"{}\"> <\/span><\/li>\n<\/ul>\n<ul>\n<li data-leveltext=\"\uf0b7\" data-font=\"Symbol\" data-listid=\"2\" data-list-defn-props=\"{\"335552541\":1,\"335559685\":720,\"335559991\":360,\"469769226\":\"Symbol\",\"469769242\":[8226],\"469777803\":\"left\",\"469777804\":\"\uf0b7\",\"469777815\":\"multilevel\"}\" data-aria-posinset=\"4\" data-aria-level=\"1\"><b><span data-contrast=\"auto\">Kompakte und praktische Abmessungen<\/span><\/b> <span data-contrast=\"auto\">\u2013 B 42 cm x H 29 cm x T 17 cm im geschlossenen Zustand; passt problemlos in kleine Schlie\u00dff\u00e4cher und unter Sitze.<\/span><span data-ccp-props=\"{}\"> <\/span><\/li>\n<\/ul>\n<ul>\n<li data-leveltext=\"\uf0b7\" data-font=\"Symbol\" data-listid=\"2\" data-list-defn-props=\"{\"335552541\":1,\"335559685\":720,\"335559991\":360,\"469769226\":\"Symbol\",\"469769242\":[8226],\"469777803\":\"left\",\"469777804\":\"\uf0b7\",\"469777815\":\"multilevel\"}\" data-aria-posinset=\"5\" data-aria-level=\"1\"><b><span data-contrast=\"auto\">Wasserfest und leicht<\/span><\/b> <span data-contrast=\"auto\">\u2013 Hergestellt, um den rauen Bedingungen auf See standzuhalten und einfach zum Rettungsflo\u00df zu tragen.<\/span><\/li>\n<\/ul>\n<ul>\n<li data-leveltext=\"\uf0b7\" data-font=\"Symbol\" data-listid=\"2\" data-list-defn-props=\"{\"335552541\":1,\"335559685\":720,\"335559991\":360,\"469769226\":\"Symbol\",\"469769242\":[8226],\"469777803\":\"left\",\"469777804\":\"\uf0b7\",\"469777815\":\"multilevel\"}\" data-aria-posinset=\"6\" data-aria-level=\"1\"><b><span data-contrast=\"auto\">Helle, abwischbare Au\u00dfenseite<\/span><\/b> <span data-contrast=\"auto\">\u2013 Das gut sichtbare Material ist schimmelresistent und leicht zu reinigen.<\/span><span data-ccp-props=\"{}\"> <\/span><\/li>\n<\/ul>\n<ul>\n<li data-leveltext=\"\uf0b7\" data-font=\"Symbol\" data-listid=\"2\" data-list-defn-props=\"{\"335552541\":1,\"335559685\":720,\"335559991\":360,\"469769226\":\"Symbol\",\"469769242\":[8226],\"469777803\":\"left\",\"469777804\":\"\uf0b7\",\"469777815\":\"multilevel\"}\" data-aria-posinset=\"7\" data-aria-level=\"1\"><b><span data-contrast=\"auto\">SOLAS-zugelassenes Reflektorband<\/span><\/b> <span data-contrast=\"auto\">\u2013 Verbessert die Sichtbarkeit bei schlechten Lichtverh\u00e4ltnissen oder in Rettungssituationen.<\/span><span data-ccp-props=\"{}\"> <\/span><\/li>\n<\/ul>\n<ul>\n<li data-leveltext=\"\uf0b7\" data-font=\"Symbol\" data-listid=\"2\" data-list-defn-props=\"{\"335552541\":1,\"335559685\":720,\"335559991\":360,\"469769226\":\"Symbol\",\"469769242\":[8226],\"469777803\":\"left\",\"469777804\":\"\uf0b7\",\"469777815\":\"multilevel\"}\" data-aria-posinset=\"8\" data-aria-level=\"1\"><b><span data-contrast=\"auto\">Schwimmf\u00e4hige Konstruktion<\/span><\/b> <span data-contrast=\"auto\">\u2013 H\u00e4lt die Ausr\u00fcstung \u00fcber Wasser, wenn sie fallen gelassen oder untergetaucht wird.<\/span><span data-ccp-props=\"{}\"> <\/span><\/li>\n<\/ul>\n<ul>\n<li data-leveltext=\"\uf0b7\" data-font=\"Symbol\" data-listid=\"2\" data-list-defn-props=\"{\"335552541\":1,\"335559685\":720,\"335559991\":360,\"469769226\":\"Symbol\",\"469769242\":[8226],\"469777803\":\"left\",\"469777804\":\"\uf0b7\",\"469777815\":\"multilevel\"}\" data-aria-posinset=\"9\" data-aria-level=\"1\"><b><span data-contrast=\"auto\">Abnehmbarer, verstellbarer Schultergurt<\/span><\/b> <span data-contrast=\"auto\">\u2013 f\u00fcr schnelles Greifen und Mitnehmen.<\/span><span data-ccp-props=\"{}\"> <\/span><\/li>\n<\/ul>\n<ul>\n<li data-leveltext=\"\uf0b7\" data-font=\"Symbol\" data-listid=\"2\" data-list-defn-props=\"{\"335552541\":1,\"335559685\":720,\"335559991\":360,\"469769226\":\"Symbol\",\"469769242\":[8226],\"469777803\":\"left\",\"469777804\":\"\uf0b7\",\"469777815\":\"multilevel\"}\" data-aria-posinset=\"10\" data-aria-level=\"1\"><b><span data-contrast=\"auto\">Gro\u00dfe Felder f\u00fcr Name\/Rufzeichen\/MMSI-Namen auf der R\u00fcckseite<\/span><\/b><span data-ccp-props=\"{}\"> <\/span><\/li>\n<\/ul>\n","protected":false},"excerpt":{"rendered":"<p>Die Ocean Signal Grab Bag wurde in Zusammenarbeit mit professionellen Seglern entwickelt und ist Ihre unverzichtbare Aufbewahrungsl\u00f6sung f\u00fcr Ihre Notfallausr\u00fcstung. Kompakt und dennoch ger\u00e4umig, bietet sie 9 Liter Innenvolumen sowie zwei gro\u00dfe Au\u00dfentaschen f\u00fcr EPIRBs und UKW-Funkger\u00e4te. Sie ist wasserabweisend, schwimmf\u00e4hig, abwischbar und auch in Eile leicht zu greifen. Sie verf\u00fcgt \u00fcber SOLAS-zugelassenes Reflektorband, interne Befestigungspunkte und eine gro\u00dfe R\u00fcckwand f\u00fcr Ihre Schiffsdaten.  <\/p>\n","protected":false},"featured_media":31560,"template":"","meta":{"_acf_changed":false,"om_disable_all_campaigns":false},"product_brand":[],"product_cat":[469,1686],"product_tag":[1354,1353],"class_list":{"0":"post-28553","1":"product","2":"type-product","3":"status-publish","4":"has-post-thumbnail","6":"product_cat-rescueme-de","7":"product_cat-sicherheitskits","8":"product_tag-grabentasche","9":"product_tag-wundertute","11":"first","12":"outofstock","13":"taxable","14":"shipping-taxable","15":"purchasable","16":"product-type-simple"},"acf":[],"yoast_head":"<!-- This site is optimized with the Yoast SEO Premium plugin v25.2 (Yoast SEO v26.4) - https:\/\/yoast.com\/wordpress\/plugins\/seo\/ -->\n<title>Ocean Signal Wundert\u00fcte - Ocean Signal<\/title>\n<meta name=\"robots\" content=\"index, follow, max-snippet:-1, max-image-preview:large, max-video-preview:-1\" \/>\n<link rel=\"canonical\" href=\"https:\/\/oceansignal.com\/de\/products\/ocean-signal-wundertuete\/\" \/>\n<meta property=\"og:locale\" content=\"de_DE\" \/>\n<meta property=\"og:type\" content=\"article\" \/>\n<meta property=\"og:title\" content=\"Ocean Signal Wundert\u00fcte\" \/>\n<meta property=\"og:description\" content=\"Die Ocean Signal Grab Bag wurde in Zusammenarbeit mit professionellen Seglern entwickelt und ist Ihre unverzichtbare Aufbewahrungsl\u00f6sung f\u00fcr Ihre Notfallausr\u00fcstung. Kompakt und dennoch ger\u00e4umig, bietet sie 9 Liter Innenvolumen sowie zwei gro\u00dfe Au\u00dfentaschen f\u00fcr EPIRBs und UKW-Funkger\u00e4te. Sie ist wasserabweisend, schwimmf\u00e4hig, abwischbar und auch in Eile leicht zu greifen. Sie verf\u00fcgt \u00fcber SOLAS-zugelassenes Reflektorband, interne Befestigungspunkte und eine gro\u00dfe R\u00fcckwand f\u00fcr Ihre Schiffsdaten.\" \/>\n<meta property=\"og:url\" content=\"https:\/\/oceansignal.com\/de\/products\/ocean-signal-wundertuete\/\" \/>\n<meta property=\"og:site_name\" content=\"Ocean Signal\" \/>\n<meta property=\"article:modified_time\" content=\"2025-07-24T15:11:40+00:00\" \/>\n<meta property=\"og:image\" content=\"https:\/\/oceansignal.com\/wp-content\/uploads\/2025\/06\/Grab_Bag-copy.jpg\" \/>\n\t<meta property=\"og:image:width\" content=\"1120\" \/>\n\t<meta property=\"og:image:height\" content=\"756\" \/>\n\t<meta property=\"og:image:type\" content=\"image\/jpeg\" \/>\n<meta name=\"twitter:card\" content=\"summary_large_image\" \/>\n<meta name=\"twitter:label1\" content=\"Gesch\u00e4tzte Lesezeit\" \/>\n\t<meta name=\"twitter:data1\" content=\"2\u00a0Minuten\" \/>\n<script type=\"application\/ld+json\" class=\"yoast-schema-graph\">{\"@context\":\"https:\/\/schema.org\",\"@graph\":[{\"@type\":\"WebPage\",\"@id\":\"https:\/\/oceansignal.com\/de\/products\/ocean-signal-wundertuete\/\",\"url\":\"https:\/\/oceansignal.com\/de\/products\/ocean-signal-wundertuete\/\",\"name\":\"Ocean Signal Wundert\u00fcte - Ocean Signal\",\"isPartOf\":{\"@id\":\"https:\/\/oceansignal.com\/de\/#website\"},\"primaryImageOfPage\":{\"@id\":\"https:\/\/oceansignal.com\/de\/products\/ocean-signal-wundertuete\/#primaryimage\"},\"image\":{\"@id\":\"https:\/\/oceansignal.com\/de\/products\/ocean-signal-wundertuete\/#primaryimage\"},\"thumbnailUrl\":\"https:\/\/oceansignal.com\/wp-content\/uploads\/2025\/06\/Grab_Bag-copy.jpg\",\"datePublished\":\"2025-05-22T10:05:48+00:00\",\"dateModified\":\"2025-07-24T15:11:40+00:00\",\"breadcrumb\":{\"@id\":\"https:\/\/oceansignal.com\/de\/products\/ocean-signal-wundertuete\/#breadcrumb\"},\"inLanguage\":\"de\",\"potentialAction\":[{\"@type\":\"ReadAction\",\"target\":[\"https:\/\/oceansignal.com\/de\/products\/ocean-signal-wundertuete\/\"]}]},{\"@type\":\"ImageObject\",\"inLanguage\":\"de\",\"@id\":\"https:\/\/oceansignal.com\/de\/products\/ocean-signal-wundertuete\/#primaryimage\",\"url\":\"https:\/\/oceansignal.com\/wp-content\/uploads\/2025\/06\/Grab_Bag-copy.jpg\",\"contentUrl\":\"https:\/\/oceansignal.com\/wp-content\/uploads\/2025\/06\/Grab_Bag-copy.jpg\",\"width\":1120,\"height\":756},{\"@type\":\"BreadcrumbList\",\"@id\":\"https:\/\/oceansignal.com\/de\/products\/ocean-signal-wundertuete\/#breadcrumb\",\"itemListElement\":[{\"@type\":\"ListItem\",\"position\":1,\"name\":\"Produkte\",\"item\":\"https:\/\/oceansignal.com\/de\/produkte\/\"},{\"@type\":\"ListItem\",\"position\":2,\"name\":\"Ocean Signal Wundert\u00fcte\"}]},{\"@type\":\"WebSite\",\"@id\":\"https:\/\/oceansignal.com\/de\/#website\",\"url\":\"https:\/\/oceansignal.com\/de\/\",\"name\":\"Ocean Signal\",\"description\":\"A leading manufacturer of EPIRBs, AIS, SARTs, Personal Locator Beacons, Man Overboard Beacon for the Marine and Outdoor Markets.\",\"potentialAction\":[{\"@type\":\"SearchAction\",\"target\":{\"@type\":\"EntryPoint\",\"urlTemplate\":\"https:\/\/oceansignal.com\/de\/?s={search_term_string}\"},\"query-input\":{\"@type\":\"PropertyValueSpecification\",\"valueRequired\":true,\"valueName\":\"search_term_string\"}}],\"inLanguage\":\"de\"}]}<\/script>\n<!-- \/ Yoast SEO Premium plugin. -->","yoast_head_json":{"title":"Ocean Signal Wundert\u00fcte - Ocean Signal","robots":{"index":"index","follow":"follow","max-snippet":"max-snippet:-1","max-image-preview":"max-image-preview:large","max-video-preview":"max-video-preview:-1"},"canonical":"https:\/\/oceansignal.com\/de\/products\/ocean-signal-wundertuete\/","og_locale":"de_DE","og_type":"article","og_title":"Ocean Signal Wundert\u00fcte","og_description":"Die Ocean Signal Grab Bag wurde in Zusammenarbeit mit professionellen Seglern entwickelt und ist Ihre unverzichtbare Aufbewahrungsl\u00f6sung f\u00fcr Ihre Notfallausr\u00fcstung. Kompakt und dennoch ger\u00e4umig, bietet sie 9 Liter Innenvolumen sowie zwei gro\u00dfe Au\u00dfentaschen f\u00fcr EPIRBs und UKW-Funkger\u00e4te. Sie ist wasserabweisend, schwimmf\u00e4hig, abwischbar und auch in Eile leicht zu greifen. Sie verf\u00fcgt \u00fcber SOLAS-zugelassenes Reflektorband, interne Befestigungspunkte und eine gro\u00dfe R\u00fcckwand f\u00fcr Ihre Schiffsdaten.","og_url":"https:\/\/oceansignal.com\/de\/products\/ocean-signal-wundertuete\/","og_site_name":"Ocean Signal","article_modified_time":"2025-07-24T15:11:40+00:00","og_image":[{"width":1120,"height":756,"url":"https:\/\/oceansignal.com\/wp-content\/uploads\/2025\/06\/Grab_Bag-copy.jpg","type":"image\/jpeg"}],"twitter_card":"summary_large_image","twitter_misc":{"Gesch\u00e4tzte Lesezeit":"2\u00a0Minuten"},"schema":{"@context":"https:\/\/schema.org","@graph":[{"@type":"WebPage","@id":"https:\/\/oceansignal.com\/de\/products\/ocean-signal-wundertuete\/","url":"https:\/\/oceansignal.com\/de\/products\/ocean-signal-wundertuete\/","name":"Ocean Signal Wundert\u00fcte - Ocean Signal","isPartOf":{"@id":"https:\/\/oceansignal.com\/de\/#website"},"primaryImageOfPage":{"@id":"https:\/\/oceansignal.com\/de\/products\/ocean-signal-wundertuete\/#primaryimage"},"image":{"@id":"https:\/\/oceansignal.com\/de\/products\/ocean-signal-wundertuete\/#primaryimage"},"thumbnailUrl":"https:\/\/oceansignal.com\/wp-content\/uploads\/2025\/06\/Grab_Bag-copy.jpg","datePublished":"2025-05-22T10:05:48+00:00","dateModified":"2025-07-24T15:11:40+00:00","breadcrumb":{"@id":"https:\/\/oceansignal.com\/de\/products\/ocean-signal-wundertuete\/#breadcrumb"},"inLanguage":"de","potentialAction":[{"@type":"ReadAction","target":["https:\/\/oceansignal.com\/de\/products\/ocean-signal-wundertuete\/"]}]},{"@type":"ImageObject","inLanguage":"de","@id":"https:\/\/oceansignal.com\/de\/products\/ocean-signal-wundertuete\/#primaryimage","url":"https:\/\/oceansignal.com\/wp-content\/uploads\/2025\/06\/Grab_Bag-copy.jpg","contentUrl":"https:\/\/oceansignal.com\/wp-content\/uploads\/2025\/06\/Grab_Bag-copy.jpg","width":1120,"height":756},{"@type":"BreadcrumbList","@id":"https:\/\/oceansignal.com\/de\/products\/ocean-signal-wundertuete\/#breadcrumb","itemListElement":[{"@type":"ListItem","position":1,"name":"Produkte","item":"https:\/\/oceansignal.com\/de\/produkte\/"},{"@type":"ListItem","position":2,"name":"Ocean Signal Wundert\u00fcte"}]},{"@type":"WebSite","@id":"https:\/\/oceansignal.com\/de\/#website","url":"https:\/\/oceansignal.com\/de\/","name":"Ocean Signal","description":"A leading manufacturer of EPIRBs, AIS, SARTs, Personal Locator Beacons, Man Overboard Beacon for the Marine and Outdoor Markets.","potentialAction":[{"@type":"SearchAction","target":{"@type":"EntryPoint","urlTemplate":"https:\/\/oceansignal.com\/de\/?s={search_term_string}"},"query-input":{"@type":"PropertyValueSpecification","valueRequired":true,"valueName":"search_term_string"}}],"inLanguage":"de"}]}},"_links":{"self":[{"href":"https:\/\/oceansignal.com\/de\/wp-json\/wp\/v2\/product\/28553","targetHints":{"allow":["GET"]}}],"collection":[{"href":"https:\/\/oceansignal.com\/de\/wp-json\/wp\/v2\/product"}],"about":[{"href":"https:\/\/oceansignal.com\/de\/wp-json\/wp\/v2\/types\/product"}],"wp:featuredmedia":[{"embeddable":true,"href":"https:\/\/oceansignal.com\/de\/wp-json\/wp\/v2\/media\/31560"}],"wp:attachment":[{"href":"https:\/\/oceansignal.com\/de\/wp-json\/wp\/v2\/media?parent=28553"}],"wp:term":[{"taxonomy":"product_brand","embeddable":true,"href":"https:\/\/oceansignal.com\/de\/wp-json\/wp\/v2\/product_brand?post=28553"},{"taxonomy":"product_cat","embeddable":true,"href":"https:\/\/oceansignal.com\/de\/wp-json\/wp\/v2\/product_cat?post=28553"},{"taxonomy":"product_tag","embeddable":true,"href":"https:\/\/oceansignal.com\/de\/wp-json\/wp\/v2\/product_tag?post=28553"}],"curies":[{"name":"wp","href":"https:\/\/api.w.org\/{rel}","templated":true}]}}