{"id":29724,"date":"2025-11-12T22:31:39","date_gmt":"2025-11-12T22:31:39","guid":{"rendered":"https:\/\/oceansignal.com\/?post_type=product&#038;p=29724"},"modified":"2026-03-24T17:40:03","modified_gmt":"2026-03-24T17:40:03","slug":"ocean-signal-safesea-v200-ukw-funkgerat","status":"publish","type":"product","link":"https:\/\/oceansignal.com\/de\/products\/ocean-signal-safesea-v200-ukw-funkgerat\/","title":{"rendered":"safeSEA V200 VHF-Funkger\u00e4t"},"content":{"rendered":"<p>Das Ocean Signal V200 wird in zwei praktischen Formaten angeboten: als reines GMDSS-Notfall-UKW-Ger\u00e4t f\u00fcr ausschlie\u00dflich Notfallanwendungen oder als Komplettset f\u00fcr den allgemeinen Alltagsgebrauch und\/oder Notfallanwendungen. Es dient als umfassende L\u00f6sung f\u00fcr alle Ihre Anforderungen an die maritime Kommunikation.<\/p>\n<p>Das GMDSS-Notfunkger\u00e4t wird mit einer Lithium-Prim\u00e4rbatterie geliefert, die \u00fcber ein Batteriekennzeichen verf\u00fcgt, sodass stets klar ist, ob die Prim\u00e4rbatterie verwendet wurde oder nicht. Nach dem Entfernen des Kennzeichens schaltet sich das Funkger\u00e4t automatisch ein, sobald die Batterie angeschlossen ist. Das Ger\u00e4t wechselt automatisch in den GMDSS-Betrieb mit den folgenden Voreinstellungen: Kanal 16, Lautst\u00e4rke 8 und Rauschsperre auf 2. <\/p>\n<p>Das Komplettset enth\u00e4lt die beschriebene Lithium-Prim\u00e4rbatterie sowie einen wiederaufladbaren Lithium-Ionen-Akku und eine Ladestation. Zum Standardzubeh\u00f6r, das sowohl beim eigenst\u00e4ndigen GMDSS-Notfunkger\u00e4t als auch beim Komplettset enthalten ist, geh\u00f6ren eine flexible Gummiantenne, ein G\u00fcrtelclip und eine Handschlaufe. <\/p>\n<p>Das V200 wurde mit Fokus auf Benutzerfreundlichkeit entwickelt und ist mit \u00dcberlebenshandschuhen bedienbar. Es verf\u00fcgt \u00fcber ein gut lesbares Digitaldisplay. Display und Tastatur sind hintergrundbeleuchtet, was die Bedienung auch bei schlechten Lichtverh\u00e4ltnissen vereinfacht. Das V200 verf\u00fcgt au\u00dferdem \u00fcber NFC (Near Field Communication), sodass Batteriewechseldatum und Produktinformationen \u00fcber ein Mobilger\u00e4t abgerufen werden k\u00f6nnen.  <\/p>\n<p>Dank seines robusten Designs eignet sich der V200 f\u00fcr alle maritimen Anwendungen und ist die ideale Wahl f\u00fcr die obligatorische und freiwillige Mitnahme. Dank langj\u00e4hriger Erfahrung in der maritimen Sicherheitstechnologie und einem kontinuierlichen Engagement f\u00fcr Qualit\u00e4t und Innovation bietet der V200 die unvergleichliche Leistung, die Seefahrer weltweit von allen Ocean Signal -Produkten erwarten. <\/p>\n<p>&nbsp;<\/p>\n","protected":false},"excerpt":{"rendered":"<p>Das Ocean Signal V200 Marine GMDSS UKW-Funkger\u00e4t ist flexibel konzipiert und bietet Nutzern komfortable Optionen f\u00fcr die Kommunikation auf See unter allen Umst\u00e4nden. Dieses wasserdichte UKW-Funkger\u00e4t ist als GMDSS-Produkt (Global Maritime Distress and Safety System) konzipiert, erf\u00fcllt die IMO- und SOLAS-Vorschriften und bietet sowohl in kritischen Situationen als auch im allt\u00e4glichen maritimen Betrieb wichtige Kommunikationsunterst\u00fctzung. <\/p>\n<p>&nbsp;<\/p>\n","protected":false},"featured_media":29742,"template":"","meta":{"_acf_changed":false,"om_disable_all_campaigns":false},"product_brand":[],"product_cat":[336],"product_tag":[],"class_list":{"0":"post-29724","1":"product","2":"type-product","3":"status-publish","4":"has-post-thumbnail","6":"product_cat-safesea-de","8":"first","9":"instock","10":"taxable","11":"shipping-taxable","12":"product-type-simple"},"acf":[],"yoast_head":"<!-- This site is optimized with the Yoast SEO Premium plugin v25.2 (Yoast SEO v26.4) - https:\/\/yoast.com\/wordpress\/plugins\/seo\/ -->\n<title>Ocean Signal V200 GMDSS Notfall UKW-Radio safeSEA V200 VHF-Funkger\u00e4t - Ocean Signal<\/title>\n<meta name=\"description\" content=\"Mit dem Ocean Signal V200 GMDSS-UKW-Notfunkger\u00e4t sind Sie auf See sicher. Es ist f\u00fcr den Notfall und den allt\u00e4glichen Einsatz auf See konzipiert und bietet automatischen GMDSS-Modus, handschuhfreundliche Bedienung und robuste Langlebigkeit.\" \/>\n<meta name=\"robots\" content=\"index, follow, max-snippet:-1, max-image-preview:large, max-video-preview:-1\" \/>\n<link rel=\"canonical\" href=\"https:\/\/oceansignal.com\/de\/products\/ocean-signal-safesea-v200-ukw-funkgerat\/\" \/>\n<meta property=\"og:locale\" content=\"de_DE\" \/>\n<meta property=\"og:type\" content=\"article\" \/>\n<meta property=\"og:title\" content=\"safeSEA V200 VHF-Funkger\u00e4t\" \/>\n<meta property=\"og:description\" content=\"Mit dem Ocean Signal V200 GMDSS-UKW-Notfunkger\u00e4t sind Sie auf See sicher. Es ist f\u00fcr den Notfall und den allt\u00e4glichen Einsatz auf See konzipiert und bietet automatischen GMDSS-Modus, handschuhfreundliche Bedienung und robuste Langlebigkeit.\" \/>\n<meta property=\"og:url\" content=\"https:\/\/oceansignal.com\/de\/products\/ocean-signal-safesea-v200-ukw-funkgerat\/\" \/>\n<meta property=\"og:site_name\" content=\"Ocean Signal\" \/>\n<meta property=\"article:modified_time\" content=\"2026-03-24T17:40:03+00:00\" \/>\n<meta property=\"og:image\" content=\"https:\/\/oceansignal.com\/wp-content\/uploads\/2025\/06\/OSL-V200-Front-2.png\" \/>\n\t<meta property=\"og:image:width\" content=\"2000\" \/>\n\t<meta property=\"og:image:height\" content=\"2000\" \/>\n\t<meta property=\"og:image:type\" content=\"image\/png\" \/>\n<meta name=\"twitter:card\" content=\"summary_large_image\" \/>\n<meta name=\"twitter:label1\" content=\"Gesch\u00e4tzte Lesezeit\" \/>\n\t<meta name=\"twitter:data1\" content=\"1\u00a0Minute\" \/>\n<script type=\"application\/ld+json\" class=\"yoast-schema-graph\">{\"@context\":\"https:\/\/schema.org\",\"@graph\":[{\"@type\":\"WebPage\",\"@id\":\"https:\/\/oceansignal.com\/de\/products\/ocean-signal-safesea-v200-ukw-funkgerat\/\",\"url\":\"https:\/\/oceansignal.com\/de\/products\/ocean-signal-safesea-v200-ukw-funkgerat\/\",\"name\":\"Ocean Signal V200 GMDSS Notfall UKW-Radio safeSEA V200 VHF-Funkger\u00e4t - Ocean Signal\",\"isPartOf\":{\"@id\":\"https:\/\/oceansignal.com\/de\/#website\"},\"primaryImageOfPage\":{\"@id\":\"https:\/\/oceansignal.com\/de\/products\/ocean-signal-safesea-v200-ukw-funkgerat\/#primaryimage\"},\"image\":{\"@id\":\"https:\/\/oceansignal.com\/de\/products\/ocean-signal-safesea-v200-ukw-funkgerat\/#primaryimage\"},\"thumbnailUrl\":\"https:\/\/oceansignal.com\/wp-content\/uploads\/2025\/06\/OSL-V200-Front-2.png\",\"datePublished\":\"2025-11-12T22:31:39+00:00\",\"dateModified\":\"2026-03-24T17:40:03+00:00\",\"description\":\"Mit dem Ocean Signal V200 GMDSS-UKW-Notfunkger\u00e4t sind Sie auf See sicher. Es ist f\u00fcr den Notfall und den allt\u00e4glichen Einsatz auf See konzipiert und bietet automatischen GMDSS-Modus, handschuhfreundliche Bedienung und robuste Langlebigkeit.\",\"breadcrumb\":{\"@id\":\"https:\/\/oceansignal.com\/de\/products\/ocean-signal-safesea-v200-ukw-funkgerat\/#breadcrumb\"},\"inLanguage\":\"de\",\"potentialAction\":[{\"@type\":\"ReadAction\",\"target\":[\"https:\/\/oceansignal.com\/de\/products\/ocean-signal-safesea-v200-ukw-funkgerat\/\"]}]},{\"@type\":\"ImageObject\",\"inLanguage\":\"de\",\"@id\":\"https:\/\/oceansignal.com\/de\/products\/ocean-signal-safesea-v200-ukw-funkgerat\/#primaryimage\",\"url\":\"https:\/\/oceansignal.com\/wp-content\/uploads\/2025\/06\/OSL-V200-Front-2.png\",\"contentUrl\":\"https:\/\/oceansignal.com\/wp-content\/uploads\/2025\/06\/OSL-V200-Front-2.png\",\"width\":2000,\"height\":2000},{\"@type\":\"BreadcrumbList\",\"@id\":\"https:\/\/oceansignal.com\/de\/products\/ocean-signal-safesea-v200-ukw-funkgerat\/#breadcrumb\",\"itemListElement\":[{\"@type\":\"ListItem\",\"position\":1,\"name\":\"Produkte\",\"item\":\"https:\/\/oceansignal.com\/de\/produkte\/\"},{\"@type\":\"ListItem\",\"position\":2,\"name\":\"safeSEA V200 VHF-Funkger\u00e4t\"}]},{\"@type\":\"WebSite\",\"@id\":\"https:\/\/oceansignal.com\/de\/#website\",\"url\":\"https:\/\/oceansignal.com\/de\/\",\"name\":\"Ocean Signal\",\"description\":\"A leading manufacturer of EPIRBs, AIS, SARTs, Personal Locator Beacons, Man Overboard Beacon for the Marine and Outdoor Markets.\",\"potentialAction\":[{\"@type\":\"SearchAction\",\"target\":{\"@type\":\"EntryPoint\",\"urlTemplate\":\"https:\/\/oceansignal.com\/de\/?s={search_term_string}\"},\"query-input\":{\"@type\":\"PropertyValueSpecification\",\"valueRequired\":true,\"valueName\":\"search_term_string\"}}],\"inLanguage\":\"de\"}]}<\/script>\n<!-- \/ Yoast SEO Premium plugin. -->","yoast_head_json":{"title":"Ocean Signal V200 GMDSS Notfall UKW-Radio safeSEA V200 VHF-Funkger\u00e4t - Ocean Signal","description":"Mit dem Ocean Signal V200 GMDSS-UKW-Notfunkger\u00e4t sind Sie auf See sicher. Es ist f\u00fcr den Notfall und den allt\u00e4glichen Einsatz auf See konzipiert und bietet automatischen GMDSS-Modus, handschuhfreundliche Bedienung und robuste Langlebigkeit.","robots":{"index":"index","follow":"follow","max-snippet":"max-snippet:-1","max-image-preview":"max-image-preview:large","max-video-preview":"max-video-preview:-1"},"canonical":"https:\/\/oceansignal.com\/de\/products\/ocean-signal-safesea-v200-ukw-funkgerat\/","og_locale":"de_DE","og_type":"article","og_title":"safeSEA V200 VHF-Funkger\u00e4t","og_description":"Mit dem Ocean Signal V200 GMDSS-UKW-Notfunkger\u00e4t sind Sie auf See sicher. Es ist f\u00fcr den Notfall und den allt\u00e4glichen Einsatz auf See konzipiert und bietet automatischen GMDSS-Modus, handschuhfreundliche Bedienung und robuste Langlebigkeit.","og_url":"https:\/\/oceansignal.com\/de\/products\/ocean-signal-safesea-v200-ukw-funkgerat\/","og_site_name":"Ocean Signal","article_modified_time":"2026-03-24T17:40:03+00:00","og_image":[{"width":2000,"height":2000,"url":"https:\/\/oceansignal.com\/wp-content\/uploads\/2025\/06\/OSL-V200-Front-2.png","type":"image\/png"}],"twitter_card":"summary_large_image","twitter_misc":{"Gesch\u00e4tzte Lesezeit":"1\u00a0Minute"},"schema":{"@context":"https:\/\/schema.org","@graph":[{"@type":"WebPage","@id":"https:\/\/oceansignal.com\/de\/products\/ocean-signal-safesea-v200-ukw-funkgerat\/","url":"https:\/\/oceansignal.com\/de\/products\/ocean-signal-safesea-v200-ukw-funkgerat\/","name":"Ocean Signal V200 GMDSS Notfall UKW-Radio safeSEA V200 VHF-Funkger\u00e4t - Ocean Signal","isPartOf":{"@id":"https:\/\/oceansignal.com\/de\/#website"},"primaryImageOfPage":{"@id":"https:\/\/oceansignal.com\/de\/products\/ocean-signal-safesea-v200-ukw-funkgerat\/#primaryimage"},"image":{"@id":"https:\/\/oceansignal.com\/de\/products\/ocean-signal-safesea-v200-ukw-funkgerat\/#primaryimage"},"thumbnailUrl":"https:\/\/oceansignal.com\/wp-content\/uploads\/2025\/06\/OSL-V200-Front-2.png","datePublished":"2025-11-12T22:31:39+00:00","dateModified":"2026-03-24T17:40:03+00:00","description":"Mit dem Ocean Signal V200 GMDSS-UKW-Notfunkger\u00e4t sind Sie auf See sicher. Es ist f\u00fcr den Notfall und den allt\u00e4glichen Einsatz auf See konzipiert und bietet automatischen GMDSS-Modus, handschuhfreundliche Bedienung und robuste Langlebigkeit.","breadcrumb":{"@id":"https:\/\/oceansignal.com\/de\/products\/ocean-signal-safesea-v200-ukw-funkgerat\/#breadcrumb"},"inLanguage":"de","potentialAction":[{"@type":"ReadAction","target":["https:\/\/oceansignal.com\/de\/products\/ocean-signal-safesea-v200-ukw-funkgerat\/"]}]},{"@type":"ImageObject","inLanguage":"de","@id":"https:\/\/oceansignal.com\/de\/products\/ocean-signal-safesea-v200-ukw-funkgerat\/#primaryimage","url":"https:\/\/oceansignal.com\/wp-content\/uploads\/2025\/06\/OSL-V200-Front-2.png","contentUrl":"https:\/\/oceansignal.com\/wp-content\/uploads\/2025\/06\/OSL-V200-Front-2.png","width":2000,"height":2000},{"@type":"BreadcrumbList","@id":"https:\/\/oceansignal.com\/de\/products\/ocean-signal-safesea-v200-ukw-funkgerat\/#breadcrumb","itemListElement":[{"@type":"ListItem","position":1,"name":"Produkte","item":"https:\/\/oceansignal.com\/de\/produkte\/"},{"@type":"ListItem","position":2,"name":"safeSEA V200 VHF-Funkger\u00e4t"}]},{"@type":"WebSite","@id":"https:\/\/oceansignal.com\/de\/#website","url":"https:\/\/oceansignal.com\/de\/","name":"Ocean Signal","description":"A leading manufacturer of EPIRBs, AIS, SARTs, Personal Locator Beacons, Man Overboard Beacon for the Marine and Outdoor Markets.","potentialAction":[{"@type":"SearchAction","target":{"@type":"EntryPoint","urlTemplate":"https:\/\/oceansignal.com\/de\/?s={search_term_string}"},"query-input":{"@type":"PropertyValueSpecification","valueRequired":true,"valueName":"search_term_string"}}],"inLanguage":"de"}]}},"_links":{"self":[{"href":"https:\/\/oceansignal.com\/de\/wp-json\/wp\/v2\/product\/29724","targetHints":{"allow":["GET"]}}],"collection":[{"href":"https:\/\/oceansignal.com\/de\/wp-json\/wp\/v2\/product"}],"about":[{"href":"https:\/\/oceansignal.com\/de\/wp-json\/wp\/v2\/types\/product"}],"wp:featuredmedia":[{"embeddable":true,"href":"https:\/\/oceansignal.com\/de\/wp-json\/wp\/v2\/media\/29742"}],"wp:attachment":[{"href":"https:\/\/oceansignal.com\/de\/wp-json\/wp\/v2\/media?parent=29724"}],"wp:term":[{"taxonomy":"product_brand","embeddable":true,"href":"https:\/\/oceansignal.com\/de\/wp-json\/wp\/v2\/product_brand?post=29724"},{"taxonomy":"product_cat","embeddable":true,"href":"https:\/\/oceansignal.com\/de\/wp-json\/wp\/v2\/product_cat?post=29724"},{"taxonomy":"product_tag","embeddable":true,"href":"https:\/\/oceansignal.com\/de\/wp-json\/wp\/v2\/product_tag?post=29724"}],"curies":[{"name":"wp","href":"https:\/\/api.w.org\/{rel}","templated":true}]}}