{"id":29836,"date":"2025-11-12T21:58:44","date_gmt":"2025-11-12T21:58:44","guid":{"rendered":"https:\/\/oceansignal.com\/?post_type=product&#038;p=29836"},"modified":"2026-03-24T16:21:54","modified_gmt":"2026-03-24T16:21:54","slug":"safesea-s200-ais-sart","status":"publish","type":"product","link":"https:\/\/oceansignal.com\/de\/products\/safesea-s200-ais-sart\/","title":{"rendered":"safeSEA S200 AIS SART"},"content":{"rendered":"<p>Das auf dem bew\u00e4hrten Design des S100 basierende S200 SART bietet dank AIS-Technologie (Automatisches Identifizierungssystem) eine verbesserte Notruffunktion und geht damit \u00fcber herk\u00f6mmliche radarbasierte Systeme hinaus. Dieses hochmoderne Ger\u00e4t sendet pr\u00e4zise GNSS\/GPS-Satellitenkoordinaten an alle AIS-ausger\u00fcsteten Schiffe in VHF-Reichweite und gew\u00e4hrleistet so, dass im Bedarfsfall schnellstm\u00f6glich Hilfe geleistet werden kann. <\/p>\n<p>Mit einer durchschnittlichen Erfassungsreichweite von 5 Seemeilen integriert der S200 Near Field Communication (NFC)-Technologie f\u00fcr eine einfache Produktregistrierung und den Zugriff auf Testdaten. Seine leistungsstarke Lithiumbatterie bietet eine Betriebsdauer von bis zu 96 Stunden und gew\u00e4hrleistet so h\u00f6chste Zuverl\u00e4ssigkeit auch unter h\u00e4rtesten Bedingungen. Das AIS-basierte System bietet auch bei schlechtem Wetter hervorragende Leistung und ist weniger anf\u00e4llig f\u00fcr St\u00f6rungen durch starken Regen oder Nebel.  <\/p>\n<p>Der S200 wurde f\u00fcr h\u00f6chsten Komfort entwickelt und verf\u00fcgt \u00fcber eine elegante Wandhalterung f\u00fcr den einfachen Zugriff im Notfall. Eine optionale Teleskopstange mit einer L\u00e4nge von 1 Meter kann f\u00fcr maximale H\u00f6he und Sichtbarkeit beim Einsatz von einem Rettungsboot aus angebracht werden. Das SART kann im Boot aufgeh\u00e4ngt werden, um die H\u00e4nde frei zu haben. <\/p>\n<p>Der S200 ist f\u00fcr die h\u00e4rtesten Meeresbedingungen konzipiert und ein zuverl\u00e4ssiger Partner in jedem Notfall. Er stellt sicher, dass Ihr Notsignal jedes AIS-ausgestattete Schiff in Reichweite erreicht. Seine robuste Konstruktion garantiert seine Einsatzbereitschaft, wenn Sie ihn am meisten brauchen, und sorgt f\u00fcr ein sicheres Gef\u00fchl auf dem Wasser. <\/p>\n<p><strong>Bef\u00f6rderungsanforderungen<\/strong><\/p>\n<ul>\n<li>Alle IMO SOLAS-Schiffe auf internationalen Reisen m\u00fcssen ein SART mitf\u00fchren<\/li>\n<li>300-500 Bruttoregistertonnen (BRT) m\u00fcssen mindestens 1 SART mitf\u00fchren<\/li>\n<li>\u00dcber 500 Bruttoregistertonnen (BRT) m\u00fcssen mindestens 2 SARTs mitf\u00fchren<\/li>\n<li>1 SART f\u00fcr je vier Rettungsfl\u00f6\u00dfe auf RoRo-Passagierschiffen<\/li>\n<li>Passagierschiffe jeder Gr\u00f6\u00dfe m\u00fcssen unabh\u00e4ngig von ihrer Tonnage mindestens zwei SARTs mitf\u00fchren.<\/li>\n<li>Rettungsboote: SOLAS schreibt vor, dass in jedem Rettungsboot mindestens ein SART zur Verf\u00fcgung stehen muss.<\/li>\n<li>Rettungsfl\u00f6\u00dfe: Bei Passagierschiffen m\u00fcssen bei mehr als 2 Rettungsfl\u00f6\u00dfen zus\u00e4tzliche SARTs bereitgestellt werden, so dass f\u00fcr jeweils 2 Rettungsfl\u00f6\u00dfe mindestens ein SART zur Verf\u00fcgung steht.<\/li>\n<\/ul>\n<p>&nbsp;<\/p>\n","protected":false},"excerpt":{"rendered":"<p>Der S200 SART ist ein IMO-SOLAS-konformer AIS-Such- und Rettungssender (SART) und bietet Schiffen, die den GMDSS-Vorschriften unterliegen, eine zuverl\u00e4ssige L\u00f6sung zur Erf\u00fcllung der SART-Mitf\u00fchrungspflicht. Durch die Nutzung von AIS-Positionsmeldungen der Klasse A sendet der S200 acht Positionsmeldungen pro Minute und erm\u00f6glicht so die Echtzeitortung in kritischen Situationen. <\/p>\n<p><strong>Dieses Ger\u00e4t besitzt nicht die gem\u00e4\u00df den FCC-Bestimmungen erforderliche Zulassung. Es darf in den Vereinigten Staaten weder zum Verkauf noch zur Vermietung angeboten, verkauft oder vermietet werden, bis die Zulassung vorliegt. <\/strong><\/p>\n<p><a href=\"https:\/\/www.dropbox.com\/s\/fk04stqsp2hgk5f\/Prop%2065%20-%20DEHP.pdf?dl=0\">WARNUNG: PROP 65<\/a><\/p>\n<p>&nbsp;<\/p>\n","protected":false},"featured_media":29807,"template":"","meta":{"_acf_changed":false,"om_disable_all_campaigns":false},"product_brand":[],"product_cat":[336],"product_tag":[],"class_list":{"0":"post-29836","1":"product","2":"type-product","3":"status-publish","4":"has-post-thumbnail","6":"product_cat-safesea-de","8":"first","9":"instock","10":"taxable","11":"shipping-taxable","12":"purchasable","13":"product-type-simple"},"acf":[],"yoast_head":"<!-- This site is optimized with the Yoast SEO Premium plugin v25.2 (Yoast SEO v26.4) - https:\/\/yoast.com\/wordpress\/plugins\/seo\/ -->\n<title>Ocean Signal safeSEA S200 AIS SART - Ocean Signal<\/title>\n<meta name=\"description\" content=\"Der S200 AIS SART oder Such- und Rettungssender f\u00fcr GMDSS- und SOLAS-Schiffe verbessert die Sicherheit auf See und die Kommunikation im Notfall.\" \/>\n<meta name=\"robots\" content=\"index, follow, max-snippet:-1, max-image-preview:large, max-video-preview:-1\" \/>\n<link rel=\"canonical\" href=\"https:\/\/oceansignal.com\/de\/products\/safesea-s200-ais-sart\/\" \/>\n<meta property=\"og:locale\" content=\"de_DE\" \/>\n<meta property=\"og:type\" content=\"article\" \/>\n<meta property=\"og:title\" content=\"safeSEA S200 AIS SART\" \/>\n<meta property=\"og:description\" content=\"Der S200 AIS SART oder Such- und Rettungssender f\u00fcr GMDSS- und SOLAS-Schiffe verbessert die Sicherheit auf See und die Kommunikation im Notfall.\" \/>\n<meta property=\"og:url\" content=\"https:\/\/oceansignal.com\/de\/products\/safesea-s200-ais-sart\/\" \/>\n<meta property=\"og:site_name\" content=\"Ocean Signal\" \/>\n<meta property=\"article:modified_time\" content=\"2026-03-24T16:21:54+00:00\" \/>\n<meta property=\"og:image\" content=\"https:\/\/oceansignal.com\/wp-content\/uploads\/2025\/06\/OSL-AIS-SART-Front-1024x1024.png\" \/>\n\t<meta property=\"og:image:width\" content=\"1024\" \/>\n\t<meta property=\"og:image:height\" content=\"1024\" \/>\n\t<meta property=\"og:image:type\" content=\"image\/png\" \/>\n<meta name=\"twitter:card\" content=\"summary_large_image\" \/>\n<meta name=\"twitter:label1\" content=\"Gesch\u00e4tzte Lesezeit\" \/>\n\t<meta name=\"twitter:data1\" content=\"2\u00a0Minuten\" \/>\n<script type=\"application\/ld+json\" class=\"yoast-schema-graph\">{\"@context\":\"https:\/\/schema.org\",\"@graph\":[{\"@type\":\"WebPage\",\"@id\":\"https:\/\/oceansignal.com\/de\/products\/safesea-s200-ais-sart\/\",\"url\":\"https:\/\/oceansignal.com\/de\/products\/safesea-s200-ais-sart\/\",\"name\":\"Ocean Signal safeSEA S200 AIS SART - Ocean Signal\",\"isPartOf\":{\"@id\":\"https:\/\/oceansignal.com\/de\/#website\"},\"primaryImageOfPage\":{\"@id\":\"https:\/\/oceansignal.com\/de\/products\/safesea-s200-ais-sart\/#primaryimage\"},\"image\":{\"@id\":\"https:\/\/oceansignal.com\/de\/products\/safesea-s200-ais-sart\/#primaryimage\"},\"thumbnailUrl\":\"https:\/\/oceansignal.com\/wp-content\/uploads\/2025\/06\/OSL-AIS-SART-Front.png\",\"datePublished\":\"2025-11-12T21:58:44+00:00\",\"dateModified\":\"2026-03-24T16:21:54+00:00\",\"description\":\"Der S200 AIS SART oder Such- und Rettungssender f\u00fcr GMDSS- und SOLAS-Schiffe verbessert die Sicherheit auf See und die Kommunikation im Notfall.\",\"breadcrumb\":{\"@id\":\"https:\/\/oceansignal.com\/de\/products\/safesea-s200-ais-sart\/#breadcrumb\"},\"inLanguage\":\"de\",\"potentialAction\":[{\"@type\":\"ReadAction\",\"target\":[\"https:\/\/oceansignal.com\/de\/products\/safesea-s200-ais-sart\/\"]}]},{\"@type\":\"ImageObject\",\"inLanguage\":\"de\",\"@id\":\"https:\/\/oceansignal.com\/de\/products\/safesea-s200-ais-sart\/#primaryimage\",\"url\":\"https:\/\/oceansignal.com\/wp-content\/uploads\/2025\/06\/OSL-AIS-SART-Front.png\",\"contentUrl\":\"https:\/\/oceansignal.com\/wp-content\/uploads\/2025\/06\/OSL-AIS-SART-Front.png\",\"width\":3850,\"height\":3850,\"caption\":\"S200 AIS SART oder Such- und Rettungssender f\u00fcr GMDSS- und SOLAS-Schiffe\"},{\"@type\":\"BreadcrumbList\",\"@id\":\"https:\/\/oceansignal.com\/de\/products\/safesea-s200-ais-sart\/#breadcrumb\",\"itemListElement\":[{\"@type\":\"ListItem\",\"position\":1,\"name\":\"Produkte\",\"item\":\"https:\/\/oceansignal.com\/de\/produkte\/\"},{\"@type\":\"ListItem\",\"position\":2,\"name\":\"safeSEA S200 AIS SART\"}]},{\"@type\":\"WebSite\",\"@id\":\"https:\/\/oceansignal.com\/de\/#website\",\"url\":\"https:\/\/oceansignal.com\/de\/\",\"name\":\"Ocean Signal\",\"description\":\"A leading manufacturer of EPIRBs, AIS, SARTs, Personal Locator Beacons, Man Overboard Beacon for the Marine and Outdoor Markets.\",\"potentialAction\":[{\"@type\":\"SearchAction\",\"target\":{\"@type\":\"EntryPoint\",\"urlTemplate\":\"https:\/\/oceansignal.com\/de\/?s={search_term_string}\"},\"query-input\":{\"@type\":\"PropertyValueSpecification\",\"valueRequired\":true,\"valueName\":\"search_term_string\"}}],\"inLanguage\":\"de\"}]}<\/script>\n<!-- \/ Yoast SEO Premium plugin. -->","yoast_head_json":{"title":"Ocean Signal safeSEA S200 AIS SART - Ocean Signal","description":"Der S200 AIS SART oder Such- und Rettungssender f\u00fcr GMDSS- und SOLAS-Schiffe verbessert die Sicherheit auf See und die Kommunikation im Notfall.","robots":{"index":"index","follow":"follow","max-snippet":"max-snippet:-1","max-image-preview":"max-image-preview:large","max-video-preview":"max-video-preview:-1"},"canonical":"https:\/\/oceansignal.com\/de\/products\/safesea-s200-ais-sart\/","og_locale":"de_DE","og_type":"article","og_title":"safeSEA S200 AIS SART","og_description":"Der S200 AIS SART oder Such- und Rettungssender f\u00fcr GMDSS- und SOLAS-Schiffe verbessert die Sicherheit auf See und die Kommunikation im Notfall.","og_url":"https:\/\/oceansignal.com\/de\/products\/safesea-s200-ais-sart\/","og_site_name":"Ocean Signal","article_modified_time":"2026-03-24T16:21:54+00:00","og_image":[{"width":1024,"height":1024,"url":"https:\/\/oceansignal.com\/wp-content\/uploads\/2025\/06\/OSL-AIS-SART-Front-1024x1024.png","type":"image\/png"}],"twitter_card":"summary_large_image","twitter_misc":{"Gesch\u00e4tzte Lesezeit":"2\u00a0Minuten"},"schema":{"@context":"https:\/\/schema.org","@graph":[{"@type":"WebPage","@id":"https:\/\/oceansignal.com\/de\/products\/safesea-s200-ais-sart\/","url":"https:\/\/oceansignal.com\/de\/products\/safesea-s200-ais-sart\/","name":"Ocean Signal safeSEA S200 AIS SART - Ocean Signal","isPartOf":{"@id":"https:\/\/oceansignal.com\/de\/#website"},"primaryImageOfPage":{"@id":"https:\/\/oceansignal.com\/de\/products\/safesea-s200-ais-sart\/#primaryimage"},"image":{"@id":"https:\/\/oceansignal.com\/de\/products\/safesea-s200-ais-sart\/#primaryimage"},"thumbnailUrl":"https:\/\/oceansignal.com\/wp-content\/uploads\/2025\/06\/OSL-AIS-SART-Front.png","datePublished":"2025-11-12T21:58:44+00:00","dateModified":"2026-03-24T16:21:54+00:00","description":"Der S200 AIS SART oder Such- und Rettungssender f\u00fcr GMDSS- und SOLAS-Schiffe verbessert die Sicherheit auf See und die Kommunikation im Notfall.","breadcrumb":{"@id":"https:\/\/oceansignal.com\/de\/products\/safesea-s200-ais-sart\/#breadcrumb"},"inLanguage":"de","potentialAction":[{"@type":"ReadAction","target":["https:\/\/oceansignal.com\/de\/products\/safesea-s200-ais-sart\/"]}]},{"@type":"ImageObject","inLanguage":"de","@id":"https:\/\/oceansignal.com\/de\/products\/safesea-s200-ais-sart\/#primaryimage","url":"https:\/\/oceansignal.com\/wp-content\/uploads\/2025\/06\/OSL-AIS-SART-Front.png","contentUrl":"https:\/\/oceansignal.com\/wp-content\/uploads\/2025\/06\/OSL-AIS-SART-Front.png","width":3850,"height":3850,"caption":"S200 AIS SART oder Such- und Rettungssender f\u00fcr GMDSS- und SOLAS-Schiffe"},{"@type":"BreadcrumbList","@id":"https:\/\/oceansignal.com\/de\/products\/safesea-s200-ais-sart\/#breadcrumb","itemListElement":[{"@type":"ListItem","position":1,"name":"Produkte","item":"https:\/\/oceansignal.com\/de\/produkte\/"},{"@type":"ListItem","position":2,"name":"safeSEA S200 AIS SART"}]},{"@type":"WebSite","@id":"https:\/\/oceansignal.com\/de\/#website","url":"https:\/\/oceansignal.com\/de\/","name":"Ocean Signal","description":"A leading manufacturer of EPIRBs, AIS, SARTs, Personal Locator Beacons, Man Overboard Beacon for the Marine and Outdoor Markets.","potentialAction":[{"@type":"SearchAction","target":{"@type":"EntryPoint","urlTemplate":"https:\/\/oceansignal.com\/de\/?s={search_term_string}"},"query-input":{"@type":"PropertyValueSpecification","valueRequired":true,"valueName":"search_term_string"}}],"inLanguage":"de"}]}},"_links":{"self":[{"href":"https:\/\/oceansignal.com\/de\/wp-json\/wp\/v2\/product\/29836","targetHints":{"allow":["GET"]}}],"collection":[{"href":"https:\/\/oceansignal.com\/de\/wp-json\/wp\/v2\/product"}],"about":[{"href":"https:\/\/oceansignal.com\/de\/wp-json\/wp\/v2\/types\/product"}],"wp:featuredmedia":[{"embeddable":true,"href":"https:\/\/oceansignal.com\/de\/wp-json\/wp\/v2\/media\/29807"}],"wp:attachment":[{"href":"https:\/\/oceansignal.com\/de\/wp-json\/wp\/v2\/media?parent=29836"}],"wp:term":[{"taxonomy":"product_brand","embeddable":true,"href":"https:\/\/oceansignal.com\/de\/wp-json\/wp\/v2\/product_brand?post=29836"},{"taxonomy":"product_cat","embeddable":true,"href":"https:\/\/oceansignal.com\/de\/wp-json\/wp\/v2\/product_cat?post=29836"},{"taxonomy":"product_tag","embeddable":true,"href":"https:\/\/oceansignal.com\/de\/wp-json\/wp\/v2\/product_tag?post=29836"}],"curies":[{"name":"wp","href":"https:\/\/api.w.org\/{rel}","templated":true}]}}