{"id":31901,"date":"2025-07-17T08:59:49","date_gmt":"2025-07-17T08:59:49","guid":{"rendered":"https:\/\/oceansignal.com\/products\/epirb2-sicherheitskit-plus\/"},"modified":"2026-03-12T09:19:12","modified_gmt":"2026-03-12T09:19:12","slug":"epirb2-sicherheitskit-plus","status":"publish","type":"product","link":"https:\/\/oceansignal.com\/de\/products\/epirb2-sicherheitskit-plus\/","title":{"rendered":"EPIRB2 Segel-Sicherheitsset Plus"},"content":{"rendered":"<h3 data-start=\"3285\" data-end=\"3337\"><strong data-start=\"3292\" data-end=\"3337\"><img loading=\"lazy\" decoding=\"async\" class=\"alignnone size-full wp-image-32359\" src=\"https:\/\/oceansignal.com\/wp-content\/uploads\/2025\/07\/View-New-Safety-Kits.png\" alt=\"\" width=\"300\" height=\"75\" srcset=\"https:\/\/oceansignal.com\/wp-content\/uploads\/2025\/07\/View-New-Safety-Kits.png 300w, https:\/\/oceansignal.com\/wp-content\/uploads\/2025\/07\/View-New-Safety-Kits-60x15.png 60w, https:\/\/oceansignal.com\/wp-content\/uploads\/2025\/07\/View-New-Safety-Kits-110x28.png 110w\" sizes=\"auto, (max-width: 300px) 100vw, 300px\" \/><\/strong><\/h3>\n<h3 data-start=\"3285\" data-end=\"3337\"><strong data-start=\"3292\" data-end=\"3337\">Warum sollten Sie sich f\u00fcr das EPIRB2 Safety Kit Plus entscheiden?<\/strong><\/h3>\n<p data-start=\"195\" data-end=\"642\">Das EPIRB2 Safety Kit Plus bietet die perfekte Balance aus Leistung, Wert und Zukunftssicherheit. Es basiert auf der EPIRB2 der n\u00e4chsten Generation von Ocean Signal mit NFC und enth\u00e4lt eine elektronische Notsignalfackel EDF2 sowie wichtige optische Backup-Tools \u2013 alles verpackt in einer wasserdichten, schwimmf\u00e4higen Tasche. Ob K\u00fcstenfahrt oder Kanal\u00fcberquerung \u2013 mit diesem Kit sind Sie f\u00fcr echte Notf\u00e4lle auf See ger\u00fcstet \u2013 ohne Kompromisse.  <\/p>\n<p data-start=\"644\" data-end=\"692\">Intelligentere Sicherheit. Moderne Technologie. Kein R\u00e4tselraten  <\/p>\n<h3 data-start=\"2903\" data-end=\"2924\"><strong data-start=\"2910\" data-end=\"2924\">Ideal f\u00fcr:<\/strong><\/h3>\n<ul>\n<li data-start=\"717\" data-end=\"786\">Offshore- und K\u00fcstensegler auf der Suche nach einer umfassenden Sicherheitsl\u00f6sung<\/li>\n<li data-start=\"717\" data-end=\"786\">Yachtbesitzer, die sich auf l\u00e4ngere \u00dcberfahrten vorbereiten (Maximierung der Sicherheit, ohne alle Sondervorschriften der Kategorie 0 f\u00fcr Offshore-Boote erf\u00fcllen zu m\u00fcssen)<\/li>\n<li data-start=\"717\" data-end=\"786\">Kreuzer r\u00fcsten von traditioneller Pyrotechnik auf<\/li>\n<li data-start=\"717\" data-end=\"786\">RYA Yachtmaster-Kandidaten bauen ein zukunftssicheres Sicherheits-Setup<\/li>\n<li data-start=\"717\" data-end=\"786\">Besatzungen ersetzen abgelaufene Fackeln durch wiederverwendbare, nachhaltige Alternativen<\/li>\n<\/ul>\n<h3 data-start=\"661\" data-end=\"706\"><strong data-start=\"668\" data-end=\"706\">Was ist enthalten und warum ist es wichtig?<\/strong><\/h3>\n<h4 data-start=\"708\" data-end=\"751\"><strong data-start=\"713\" data-end=\"749\">1 \u00d7 Ocean Signal EPIRB2 mit NFC<\/strong><\/h4>\n<p data-start=\"752\" data-end=\"775\">Sie erhalten Satellitenabdeckung f\u00fcr die weltweite Rettung und RLS f\u00fcr ein beruhigendes Gef\u00fchl \u2013 alles in einem kompakten, gesetzeskonformen Leuchtfeuer.<br \/>\n<img loading=\"lazy\" decoding=\"async\" class=\"alignnone size-medium wp-image-31423\" src=\"https:\/\/oceansignal.com\/wp-content\/uploads\/2025\/06\/EPIRB2-FRONT-300-300x300.png\" alt=\"\" width=\"300\" height=\"300\" srcset=\"https:\/\/oceansignal.com\/wp-content\/uploads\/2025\/06\/EPIRB2-FRONT-300-300x300.png 300w, https:\/\/oceansignal.com\/wp-content\/uploads\/2025\/06\/EPIRB2-FRONT-300-150x150.png 150w, https:\/\/oceansignal.com\/wp-content\/uploads\/2025\/06\/EPIRB2-FRONT-300-100x100.png 100w, https:\/\/oceansignal.com\/wp-content\/uploads\/2025\/06\/EPIRB2-FRONT-300-60x60.png 60w, https:\/\/oceansignal.com\/wp-content\/uploads\/2025\/06\/EPIRB2-FRONT-300-110x110.png 110w, https:\/\/oceansignal.com\/wp-content\/uploads\/2025\/06\/EPIRB2-FRONT-300.png 411w\" sizes=\"auto, (max-width: 300px) 100vw, 300px\" \/><br \/>\n Diese EPIRB der Kategorie II der neuesten Generation kombiniert 406-MHz-Satellitensignalisierung mit Return Link Service (RLS) und Smartphone-Setup \u00fcber NFC-Konnektivit\u00e4t.<\/p>\n<ul data-start=\"954\" data-end=\"1273\">\n<li data-start=\"954\" data-end=\"1004\">\n<p data-start=\"956\" data-end=\"1004\"><strong data-start=\"956\" data-end=\"984\">Globale Notalarmierung<\/strong> \u00fcber das Cospas-Sarsat-Satellitennetzwerk<\/p>\n<\/li>\n<li data-start=\"1064\" data-end=\"1131\">\n<p data-start=\"1066\" data-end=\"1131\"><strong data-start=\"1066\" data-end=\"1095\">Return Link Service (RLS)<\/strong> best\u00e4tigt den Empfang Ihres Signals<\/p>\n<\/li>\n<li data-start=\"1132\" data-end=\"1210\">\n<p data-start=\"1134\" data-end=\"1210\"><strong data-start=\"1134\" data-end=\"1166\">Smartphone-Einrichtung und -Test<\/strong> \u00fcber die kostenlose Ocean Signal-App (iOS und Android)<\/p>\n<\/li>\n<li data-start=\"1211\" data-end=\"1273\">\n<p data-start=\"1213\" data-end=\"1273\"><strong data-start=\"1213\" data-end=\"1251\">Manuelle Halterung (Kat. II)<\/strong> f\u00fcr flexible Montage im Lieferumfang enthalten<\/p>\n<\/li>\n<\/ul>\n<hr data-start=\"2026\" data-end=\"2029\">\n<h4 data-start=\"2031\" data-end=\"2073\"><strong data-start=\"2036\" data-end=\"2071\">1 \u00d7<\/strong> <strong data-start=\"2191\" data-end=\"2242\">Ocean Signal EDF2 Elektronisches Notsignal<\/strong><\/h4>\n<p data-start=\"2245\" data-end=\"2268\">Eine Fackel, auf deren Funktion Sie sich verlassen k\u00f6nnen \u2013 ohne Verfallsdatum, Brandgefahr oder Entsorgungsprobleme.<br \/>\n Einzelhandelswert: 229,99 \u00a3<br \/>\n<img loading=\"lazy\" decoding=\"async\" class=\"alignnone wp-image-31439 size-medium\" src=\"https:\/\/oceansignal.com\/wp-content\/uploads\/2025\/06\/EDF2-FRONT-e1752085297427-198x300.png\" alt=\"\" width=\"198\" height=\"300\" srcset=\"https:\/\/oceansignal.com\/wp-content\/uploads\/2025\/06\/EDF2-FRONT-e1752085297427-198x300.png 198w, https:\/\/oceansignal.com\/wp-content\/uploads\/2025\/06\/EDF2-FRONT-e1752085297427-60x91.png 60w, https:\/\/oceansignal.com\/wp-content\/uploads\/2025\/06\/EDF2-FRONT-e1752085297427-110x166.png 110w, https:\/\/oceansignal.com\/wp-content\/uploads\/2025\/06\/EDF2-FRONT-e1752085297427.png 424w\" sizes=\"auto, (max-width: 198px) 100vw, 198px\" \/><br \/>\nHochintensive, mehrfarbige IR-LED-Leuchtfackel. Nachts \u00fcber 13 Kilometer sichtbar. Wiederverwendbar und sicherer als Pyrotechnik.  <\/p>\n<ul data-start=\"2183\" data-end=\"2300\">\n<li data-start=\"2183\" data-end=\"2216\">\n<p data-start=\"2185\" data-end=\"2216\">Sendet den f\u00fcr den internationalen Morsecode charakteristischen Blitz f\u00fcr SOS<\/p>\n<\/li>\n<li data-start=\"2183\" data-end=\"2216\">Inklusive Tagesnotflagge und Montagehalterung<\/li>\n<li data-start=\"2217\" data-end=\"2261\">\n<p data-start=\"2219\" data-end=\"2261\">Schwimmt und arbeitet 3 Stunden lang mit der erforderlichen Lichtintensit\u00e4t<\/p>\n<\/li>\n<li data-start=\"2217\" data-end=\"2261\">\n<p data-start=\"2219\" data-end=\"2261\">Wiederverwendbare, batteriebetriebene Sicherheit<\/p>\n<\/li>\n<li data-start=\"2217\" data-end=\"2261\">\u2265180\u00b0 Leuchtwinkel bei \u226550 cd f\u00fcr hohe Sichtbarkeit mit Range Plus<\/li>\n<\/ul>\n<hr data-start=\"2026\" data-end=\"2029\">\n<h4 data-start=\"2031\" data-end=\"2073\"><strong data-start=\"2036\" data-end=\"2071\">1 \u00d7 ACR Signalspiegel und Pfeife<\/strong><\/h4>\n<p data-start=\"2074\" data-end=\"2096\">F\u00fcgt Ihrem Toolkit Backup-Signalisierung hinzu \u2013 besonders n\u00fctzlich, wenn SAR-Flugzeuge oder -Schiffe in Sicht sind, Ihre Position jedoch noch nicht erfasst ist.<br \/>\n Einzelhandelswert: 10,99 \u00a3<br \/>\n<img loading=\"lazy\" decoding=\"async\" class=\"alignnone wp-image-31407 size-medium\" src=\"https:\/\/oceansignal.com\/wp-content\/uploads\/2025\/06\/Grab_Bag_EPIRB1_Kit-e1752085331562-300x131.png\" alt=\"\" width=\"300\" height=\"131\" srcset=\"https:\/\/oceansignal.com\/wp-content\/uploads\/2025\/06\/Grab_Bag_EPIRB1_Kit-e1752085331562-300x131.png 300w, https:\/\/oceansignal.com\/wp-content\/uploads\/2025\/06\/Grab_Bag_EPIRB1_Kit-e1752085331562-60x26.png 60w, https:\/\/oceansignal.com\/wp-content\/uploads\/2025\/06\/Grab_Bag_EPIRB1_Kit-e1752085331562-110x48.png 110w, https:\/\/oceansignal.com\/wp-content\/uploads\/2025\/06\/Grab_Bag_EPIRB1_Kit-e1752085331562.png 344w\" sizes=\"auto, (max-width: 300px) 100vw, 300px\" \/><br \/>\n Einfache, weltweit bew\u00e4hrte Werkzeuge f\u00fcr die Signalisierung im Nahbereich, wenn es auf Sichtbarkeit ankommt.<\/p>\n<ul data-start=\"2183\" data-end=\"2300\">\n<li data-start=\"2183\" data-end=\"2216\">\n<p data-start=\"2185\" data-end=\"2216\">Hochreflektierender Kompaktspiegel f\u00fcr visuelle Signale am Tag \u2013 Entwickelt, um Sonnenlicht \u00fcber gro\u00dfe Entfernungen zu reflektieren, ideal, um die Aufmerksamkeit vorbeifahrender Schiffe oder Flugzeuge auf sich zu ziehen<\/p>\n<\/li>\n<li data-start=\"2217\" data-end=\"2261\">\n<p data-start=\"2219\" data-end=\"2261\">Laute Pfeife zur akustischen Signalisierung<\/p>\n<\/li>\n<li data-start=\"2262\" data-end=\"2300\">\n<p data-start=\"2264\" data-end=\"2300\">Kompakte, wartungsfreie Essentials<\/p>\n<\/li>\n<\/ul>\n<hr data-start=\"2461\" data-end=\"2464\">\n<h4 data-start=\"2466\" data-end=\"2513\"><strong data-start=\"2471\" data-end=\"2511\">1 \u00d7 wasserdichte Wundert\u00fcte von Ocean Signal<\/strong><\/h4>\n<p data-start=\"2514\" data-end=\"2536\">In Notsituationen kann es chaotisch werden \u2013 diese Tasche sorgt daf\u00fcr, dass Ihre beste Ausr\u00fcstung trocken, zusammen, sichtbar und leicht zug\u00e4nglich bleibt.<br \/>\n Einzelhandelswert: 129,99 \u00a3<br \/>\n<img loading=\"lazy\" decoding=\"async\" class=\"alignnone wp-image-31488 size-medium\" src=\"https:\/\/oceansignal.com\/wp-content\/uploads\/2025\/06\/Grab_Bag-1-241x300.webp\" alt=\"\" width=\"241\" height=\"300\" srcset=\"https:\/\/oceansignal.com\/wp-content\/uploads\/2025\/06\/Grab_Bag-1-241x300.webp 241w, https:\/\/oceansignal.com\/wp-content\/uploads\/2025\/06\/Grab_Bag-1-60x75.webp 60w, https:\/\/oceansignal.com\/wp-content\/uploads\/2025\/06\/Grab_Bag-1-110x137.webp 110w, https:\/\/oceansignal.com\/wp-content\/uploads\/2025\/06\/Grab_Bag-1.webp 489w\" sizes=\"auto, (max-width: 241px) 100vw, 241px\" \/><\/p>\n<p data-start=\"2538\" data-end=\"2634\">Diese leuchtende, schwimmf\u00e4hige Wundert\u00fcte verf\u00fcgt \u00fcber folgende Funktionen:<\/p>\n<ul data-start=\"2636\" data-end=\"2778\">\n<li data-start=\"2636\" data-end=\"2669\">\n<p data-start=\"2638\" data-end=\"2669\">Leicht und einfach zu verstauen<\/p>\n<\/li>\n<li data-start=\"2670\" data-end=\"2722\">\n<p data-start=\"2672\" data-end=\"2722\">Schwimmt und sch\u00fctzt den Inhalt unter rauen Bedingungen<\/p>\n<\/li>\n<li data-start=\"2723\" data-end=\"2778\">\n<p data-start=\"2725\" data-end=\"2778\">Erm\u00f6glicht das schnelle und reibungslose Greifen Ihrer wichtigsten Dinge<\/p>\n<\/li>\n<\/ul>\n<p data-start=\"2780\" data-end=\"2896\">\n","protected":false},"excerpt":{"rendered":"<ul>\n<li>Seien Sie bereit, wenn jede Sekunde z\u00e4hlt \u2013 mit dem <strong data-start=\"43\" data-end=\"89\">Ocean Signal EPIRB2 Safety Kit Plus<\/strong> \u2013 einer unverzichtbaren Notfalll\u00f6sung f\u00fcr Segler, die ihre erste Notfalltasche zusammenstellen.<\/li>\n<p> \t<\/p>\n<li>Untergebracht in der robusten, schwimmf\u00e4higen <strong data-start=\"195\" data-end=\"220\">Ocean Signal Grab Bag<\/strong> , enth\u00e4lt dieses Set die fortschrittliche <strong data-start=\"253\" data-end=\"263\">EPIRB2<\/strong> mit GPS-Positionierung, Return Link Service (RLS) zur Best\u00e4tigung des Empfangs Ihres Notsignals, zwei Blitzlichter (sichtbar und IR) sowie Smartphone-Diagnose via NFC.<\/li>\n<p> \t<\/p>\n<li>Ebenfalls enthalten ist die leistungsstarke <strong data-start=\"444\" data-end=\"478\">elektronische Notfackel EDF2<\/strong> , die dank intensiver, mehrfarbiger und Infrarot-LEDs 360\u00b0-Sichtbarkeit bietet \u2013 ideal, um bei schlechten Lichtverh\u00e4ltnissen oder eingeschr\u00e4nkter Sicht Aufmerksamkeit zu erregen. Kompakt, wasserdicht und f\u00fcr reale Rettungssituationen entwickelt, tr\u00e4gt dieses Set dazu bei, dass Sie gesehen, gefunden und schnell nach Hause gebracht werden. <\/li>\n<p> \t<\/p>\n<li>Gesamtwert des Kits zum UVP: 920,96 \u00a3. Sparen Sie mit diesem Kit 170 \u00a3! <\/li>\n<\/ul>\n","protected":false},"featured_media":31361,"template":"","meta":{"_acf_changed":false,"om_disable_all_campaigns":false},"product_brand":[],"product_cat":[1181,469,1686],"product_tag":[1687,1353],"class_list":{"0":"post-31901","1":"product","2":"type-product","3":"status-publish","4":"has-post-thumbnail","6":"product_cat-elektronische-signalisierung-und-flare","7":"product_cat-rescueme-de","8":"product_cat-sicherheitskits","9":"product_tag-sicherheitskits","10":"product_tag-wundertute","12":"first","13":"instock","14":"taxable","15":"shipping-taxable","16":"purchasable","17":"product-type-simple"},"acf":[],"yoast_head":"<!-- This site is optimized with the Yoast SEO Premium plugin v25.2 (Yoast SEO v26.4) - https:\/\/yoast.com\/wordpress\/plugins\/seo\/ -->\n<title>EPIRB2 Segel-Sicherheitsset Plus - Ocean Signal<\/title>\n<meta name=\"robots\" content=\"index, follow, max-snippet:-1, max-image-preview:large, max-video-preview:-1\" \/>\n<link rel=\"canonical\" href=\"https:\/\/oceansignal.com\/de\/products\/epirb2-sicherheitskit-plus\/\" \/>\n<meta property=\"og:locale\" content=\"de_DE\" \/>\n<meta property=\"og:type\" content=\"article\" \/>\n<meta property=\"og:title\" content=\"EPIRB2 Segel-Sicherheitsset Plus\" \/>\n<meta property=\"og:description\" content=\"Seien Sie bereit, wenn jede Sekunde z\u00e4hlt \u2013 mit dem Ocean Signal EPIRB2 Safety Kit Plus \u2013 einer unverzichtbaren Notfalll\u00f6sung f\u00fcr Segler, die ihre erste Notfalltasche zusammenstellen. Untergebracht in der robusten, schwimmf\u00e4higen Ocean Signal Grab Bag , enth\u00e4lt dieses Set die fortschrittliche EPIRB2 mit GPS-Positionierung, Return Link Service (RLS) zur Best\u00e4tigung des Empfangs Ihres Notsignals, zwei Blitzlichter (sichtbar und IR) sowie Smartphone-Diagnose via NFC. Ebenfalls enthalten ist die leistungsstarke elektronische Notfackel EDF2 , die dank intensiver, mehrfarbiger und Infrarot-LEDs 360\u00b0-Sichtbarkeit bietet \u2013 ideal, um bei schlechten Lichtverh\u00e4ltnissen oder eingeschr\u00e4nkter Sicht Aufmerksamkeit zu erregen. Kompakt, wasserdicht und f\u00fcr reale Rettungssituationen entwickelt, tr\u00e4gt dieses Set dazu bei, dass Sie gesehen, gefunden und schnell nach Hause gebracht werden.  Gesamtwert des Kits zum UVP: 920,96 \u00a3. Sparen Sie mit diesem Kit 170 \u00a3!\" \/>\n<meta property=\"og:url\" content=\"https:\/\/oceansignal.com\/de\/products\/epirb2-sicherheitskit-plus\/\" \/>\n<meta property=\"og:site_name\" content=\"Ocean Signal\" \/>\n<meta property=\"article:modified_time\" content=\"2026-03-12T09:19:12+00:00\" \/>\n<meta property=\"og:image\" content=\"https:\/\/oceansignal.com\/wp-content\/uploads\/2025\/06\/Grab_Bag_EPIRB2_Safety_Kit_Plus-2.jpg\" \/>\n\t<meta property=\"og:image:width\" content=\"911\" \/>\n\t<meta property=\"og:image:height\" content=\"805\" \/>\n\t<meta property=\"og:image:type\" content=\"image\/jpeg\" \/>\n<meta name=\"twitter:card\" content=\"summary_large_image\" \/>\n<meta name=\"twitter:label1\" content=\"Gesch\u00e4tzte Lesezeit\" \/>\n\t<meta name=\"twitter:data1\" content=\"2\u00a0Minuten\" \/>\n<script type=\"application\/ld+json\" class=\"yoast-schema-graph\">{\"@context\":\"https:\/\/schema.org\",\"@graph\":[{\"@type\":\"WebPage\",\"@id\":\"https:\/\/oceansignal.com\/de\/products\/epirb2-sicherheitskit-plus\/\",\"url\":\"https:\/\/oceansignal.com\/de\/products\/epirb2-sicherheitskit-plus\/\",\"name\":\"EPIRB2 Segel-Sicherheitsset Plus - Ocean Signal\",\"isPartOf\":{\"@id\":\"https:\/\/oceansignal.com\/de\/#website\"},\"primaryImageOfPage\":{\"@id\":\"https:\/\/oceansignal.com\/de\/products\/epirb2-sicherheitskit-plus\/#primaryimage\"},\"image\":{\"@id\":\"https:\/\/oceansignal.com\/de\/products\/epirb2-sicherheitskit-plus\/#primaryimage\"},\"thumbnailUrl\":\"https:\/\/oceansignal.com\/wp-content\/uploads\/2025\/06\/Grab_Bag_EPIRB2_Safety_Kit_Plus-2.jpg\",\"datePublished\":\"2025-07-17T08:59:49+00:00\",\"dateModified\":\"2026-03-12T09:19:12+00:00\",\"breadcrumb\":{\"@id\":\"https:\/\/oceansignal.com\/de\/products\/epirb2-sicherheitskit-plus\/#breadcrumb\"},\"inLanguage\":\"de\",\"potentialAction\":[{\"@type\":\"ReadAction\",\"target\":[\"https:\/\/oceansignal.com\/de\/products\/epirb2-sicherheitskit-plus\/\"]}]},{\"@type\":\"ImageObject\",\"inLanguage\":\"de\",\"@id\":\"https:\/\/oceansignal.com\/de\/products\/epirb2-sicherheitskit-plus\/#primaryimage\",\"url\":\"https:\/\/oceansignal.com\/wp-content\/uploads\/2025\/06\/Grab_Bag_EPIRB2_Safety_Kit_Plus-2.jpg\",\"contentUrl\":\"https:\/\/oceansignal.com\/wp-content\/uploads\/2025\/06\/Grab_Bag_EPIRB2_Safety_Kit_Plus-2.jpg\",\"width\":911,\"height\":805,\"caption\":\"Ocean Signal Bootssicherheitskit jetzt erh\u00e4ltlich\"},{\"@type\":\"BreadcrumbList\",\"@id\":\"https:\/\/oceansignal.com\/de\/products\/epirb2-sicherheitskit-plus\/#breadcrumb\",\"itemListElement\":[{\"@type\":\"ListItem\",\"position\":1,\"name\":\"Produkte\",\"item\":\"https:\/\/oceansignal.com\/de\/produkte\/\"},{\"@type\":\"ListItem\",\"position\":2,\"name\":\"EPIRB2 Segel-Sicherheitsset Plus\"}]},{\"@type\":\"WebSite\",\"@id\":\"https:\/\/oceansignal.com\/de\/#website\",\"url\":\"https:\/\/oceansignal.com\/de\/\",\"name\":\"Ocean Signal\",\"description\":\"A leading manufacturer of EPIRBs, AIS, SARTs, Personal Locator Beacons, Man Overboard Beacon for the Marine and Outdoor Markets.\",\"potentialAction\":[{\"@type\":\"SearchAction\",\"target\":{\"@type\":\"EntryPoint\",\"urlTemplate\":\"https:\/\/oceansignal.com\/de\/?s={search_term_string}\"},\"query-input\":{\"@type\":\"PropertyValueSpecification\",\"valueRequired\":true,\"valueName\":\"search_term_string\"}}],\"inLanguage\":\"de\"}]}<\/script>\n<!-- \/ Yoast SEO Premium plugin. -->","yoast_head_json":{"title":"EPIRB2 Segel-Sicherheitsset Plus - Ocean Signal","robots":{"index":"index","follow":"follow","max-snippet":"max-snippet:-1","max-image-preview":"max-image-preview:large","max-video-preview":"max-video-preview:-1"},"canonical":"https:\/\/oceansignal.com\/de\/products\/epirb2-sicherheitskit-plus\/","og_locale":"de_DE","og_type":"article","og_title":"EPIRB2 Segel-Sicherheitsset Plus","og_description":"Seien Sie bereit, wenn jede Sekunde z\u00e4hlt \u2013 mit dem Ocean Signal EPIRB2 Safety Kit Plus \u2013 einer unverzichtbaren Notfalll\u00f6sung f\u00fcr Segler, die ihre erste Notfalltasche zusammenstellen. Untergebracht in der robusten, schwimmf\u00e4higen Ocean Signal Grab Bag , enth\u00e4lt dieses Set die fortschrittliche EPIRB2 mit GPS-Positionierung, Return Link Service (RLS) zur Best\u00e4tigung des Empfangs Ihres Notsignals, zwei Blitzlichter (sichtbar und IR) sowie Smartphone-Diagnose via NFC. Ebenfalls enthalten ist die leistungsstarke elektronische Notfackel EDF2 , die dank intensiver, mehrfarbiger und Infrarot-LEDs 360\u00b0-Sichtbarkeit bietet \u2013 ideal, um bei schlechten Lichtverh\u00e4ltnissen oder eingeschr\u00e4nkter Sicht Aufmerksamkeit zu erregen. Kompakt, wasserdicht und f\u00fcr reale Rettungssituationen entwickelt, tr\u00e4gt dieses Set dazu bei, dass Sie gesehen, gefunden und schnell nach Hause gebracht werden.  Gesamtwert des Kits zum UVP: 920,96 \u00a3. Sparen Sie mit diesem Kit 170 \u00a3!","og_url":"https:\/\/oceansignal.com\/de\/products\/epirb2-sicherheitskit-plus\/","og_site_name":"Ocean Signal","article_modified_time":"2026-03-12T09:19:12+00:00","og_image":[{"width":911,"height":805,"url":"https:\/\/oceansignal.com\/wp-content\/uploads\/2025\/06\/Grab_Bag_EPIRB2_Safety_Kit_Plus-2.jpg","type":"image\/jpeg"}],"twitter_card":"summary_large_image","twitter_misc":{"Gesch\u00e4tzte Lesezeit":"2\u00a0Minuten"},"schema":{"@context":"https:\/\/schema.org","@graph":[{"@type":"WebPage","@id":"https:\/\/oceansignal.com\/de\/products\/epirb2-sicherheitskit-plus\/","url":"https:\/\/oceansignal.com\/de\/products\/epirb2-sicherheitskit-plus\/","name":"EPIRB2 Segel-Sicherheitsset Plus - Ocean Signal","isPartOf":{"@id":"https:\/\/oceansignal.com\/de\/#website"},"primaryImageOfPage":{"@id":"https:\/\/oceansignal.com\/de\/products\/epirb2-sicherheitskit-plus\/#primaryimage"},"image":{"@id":"https:\/\/oceansignal.com\/de\/products\/epirb2-sicherheitskit-plus\/#primaryimage"},"thumbnailUrl":"https:\/\/oceansignal.com\/wp-content\/uploads\/2025\/06\/Grab_Bag_EPIRB2_Safety_Kit_Plus-2.jpg","datePublished":"2025-07-17T08:59:49+00:00","dateModified":"2026-03-12T09:19:12+00:00","breadcrumb":{"@id":"https:\/\/oceansignal.com\/de\/products\/epirb2-sicherheitskit-plus\/#breadcrumb"},"inLanguage":"de","potentialAction":[{"@type":"ReadAction","target":["https:\/\/oceansignal.com\/de\/products\/epirb2-sicherheitskit-plus\/"]}]},{"@type":"ImageObject","inLanguage":"de","@id":"https:\/\/oceansignal.com\/de\/products\/epirb2-sicherheitskit-plus\/#primaryimage","url":"https:\/\/oceansignal.com\/wp-content\/uploads\/2025\/06\/Grab_Bag_EPIRB2_Safety_Kit_Plus-2.jpg","contentUrl":"https:\/\/oceansignal.com\/wp-content\/uploads\/2025\/06\/Grab_Bag_EPIRB2_Safety_Kit_Plus-2.jpg","width":911,"height":805,"caption":"Ocean Signal Bootssicherheitskit jetzt erh\u00e4ltlich"},{"@type":"BreadcrumbList","@id":"https:\/\/oceansignal.com\/de\/products\/epirb2-sicherheitskit-plus\/#breadcrumb","itemListElement":[{"@type":"ListItem","position":1,"name":"Produkte","item":"https:\/\/oceansignal.com\/de\/produkte\/"},{"@type":"ListItem","position":2,"name":"EPIRB2 Segel-Sicherheitsset Plus"}]},{"@type":"WebSite","@id":"https:\/\/oceansignal.com\/de\/#website","url":"https:\/\/oceansignal.com\/de\/","name":"Ocean Signal","description":"A leading manufacturer of EPIRBs, AIS, SARTs, Personal Locator Beacons, Man Overboard Beacon for the Marine and Outdoor Markets.","potentialAction":[{"@type":"SearchAction","target":{"@type":"EntryPoint","urlTemplate":"https:\/\/oceansignal.com\/de\/?s={search_term_string}"},"query-input":{"@type":"PropertyValueSpecification","valueRequired":true,"valueName":"search_term_string"}}],"inLanguage":"de"}]}},"_links":{"self":[{"href":"https:\/\/oceansignal.com\/de\/wp-json\/wp\/v2\/product\/31901","targetHints":{"allow":["GET"]}}],"collection":[{"href":"https:\/\/oceansignal.com\/de\/wp-json\/wp\/v2\/product"}],"about":[{"href":"https:\/\/oceansignal.com\/de\/wp-json\/wp\/v2\/types\/product"}],"wp:featuredmedia":[{"embeddable":true,"href":"https:\/\/oceansignal.com\/de\/wp-json\/wp\/v2\/media\/31361"}],"wp:attachment":[{"href":"https:\/\/oceansignal.com\/de\/wp-json\/wp\/v2\/media?parent=31901"}],"wp:term":[{"taxonomy":"product_brand","embeddable":true,"href":"https:\/\/oceansignal.com\/de\/wp-json\/wp\/v2\/product_brand?post=31901"},{"taxonomy":"product_cat","embeddable":true,"href":"https:\/\/oceansignal.com\/de\/wp-json\/wp\/v2\/product_cat?post=31901"},{"taxonomy":"product_tag","embeddable":true,"href":"https:\/\/oceansignal.com\/de\/wp-json\/wp\/v2\/product_tag?post=31901"}],"curies":[{"name":"wp","href":"https:\/\/api.w.org\/{rel}","templated":true}]}}