{"id":31920,"date":"2025-06-24T09:51:30","date_gmt":"2025-06-24T09:51:30","guid":{"rendered":"https:\/\/oceansignal.com\/products\/epirb3-ais-sicherheitskit-plus\/"},"modified":"2026-02-05T08:49:25","modified_gmt":"2026-02-05T08:49:25","slug":"epirb3-ais-sicherheitskit-plus","status":"publish","type":"product","link":"https:\/\/oceansignal.com\/de\/products\/epirb3-ais-sicherheitskit-plus\/","title":{"rendered":"EPIRB3 AIS Segelsicherheitskit Plus"},"content":{"rendered":"<h3 data-start=\"3724\" data-end=\"3772\"><img loading=\"lazy\" decoding=\"async\" class=\"alignnone size-full wp-image-32359\" src=\"https:\/\/oceansignal.com\/wp-content\/uploads\/2025\/07\/View-New-Safety-Kits.png\" alt=\"\" width=\"300\" height=\"75\" srcset=\"https:\/\/oceansignal.com\/wp-content\/uploads\/2025\/07\/View-New-Safety-Kits.png 300w, https:\/\/oceansignal.com\/wp-content\/uploads\/2025\/07\/View-New-Safety-Kits-60x15.png 60w, https:\/\/oceansignal.com\/wp-content\/uploads\/2025\/07\/View-New-Safety-Kits-110x28.png 110w\" sizes=\"auto, (max-width: 300px) 100vw, 300px\" \/><\/h3>\n<h3 class=\"ai-optimize-38\" data-start=\"3724\" data-end=\"3772\"><strong data-start=\"3731\" data-end=\"3772\">Warum sollten Sie sich f\u00fcr das EPIRB3 AIS Safety Kit Plus entscheiden?<\/strong><\/h3>\n<p class=\"ai-optimize-39 ai-optimize-introduction\" data-start=\"3774\" data-end=\"4067\">Dieses Kit bietet erstklassigen Schutz f\u00fcr Schiff und Besatzung bei Hochseeregatten, Offshore-Expeditionen und internationalem Segeln. Von Satelliten-Notrufen bis hin zur AIS-gest\u00fctzten MOB-Rettung ist es eine sofort einsatzbereite L\u00f6sung, der Skipper, Lieferkapit\u00e4ne, Hochseeangler und Rennteams weltweit vertrauen. <\/p>\n<p class=\"ai-optimize-40\" data-start=\"4069\" data-end=\"4120\"><strong data-start=\"4069\" data-end=\"4120\">Umfassende Sicherheit. Bew\u00e4hrte Technologie. Crew-bereit.  <\/strong><\/p>\n<h3 class=\"ai-optimize-41\" data-start=\"3339\" data-end=\"3362\"><strong data-start=\"3346\" data-end=\"3362\">Perfekt f\u00fcr:<\/strong><\/h3>\n<ul data-start=\"3363\" data-end=\"3636\">\n<li class=\"ai-optimize-42\" data-start=\"3438\" data-end=\"3504\">\n<p class=\"ai-optimize-43\" data-start=\"3440\" data-end=\"3504\">Skipper bei Rennen wie: Rolex Fastnet, ARC, Sydney\u2013Hobart, RORC Offshore-Rennen<\/p>\n<\/li>\n<li class=\"ai-optimize-44\" data-start=\"3438\" data-end=\"3504\">\n<p class=\"ai-optimize-45\" data-start=\"3440\" data-end=\"3504\">Vorbereitung auf die Hochseepassage (z. B. Atlantik\u00fcberquerung, Pazifikabschnitte)<\/p>\n<\/li>\n<li class=\"ai-optimize-46\" data-start=\"3505\" data-end=\"3572\">\n<p class=\"ai-optimize-47\" data-start=\"3507\" data-end=\"3572\">Charter- oder Lieferskipper, die kleine bis mittelgro\u00dfe Crews ausstatten<\/p>\n<\/li>\n<li class=\"ai-optimize-48\" data-start=\"3573\" data-end=\"3636\">\n<p class=\"ai-optimize-49\" data-start=\"3575\" data-end=\"3636\">Bootsbesitzer, die eine vollst\u00e4ndige, den Vorschriften entsprechende Sicherheitsausr\u00fcstung f\u00fcr die gesamte Crew, Familie und Freunde ben\u00f6tigen<\/p>\n<\/li>\n<li class=\"ai-optimize-50\" data-start=\"3573\" data-end=\"3636\">Offshore-Angler<\/li>\n<\/ul>\n<h3 class=\"ai-optimize-51\" data-start=\"778\" data-end=\"823\"><strong data-start=\"785\" data-end=\"823\">Was ist enthalten und warum ist es wichtig?<\/strong><\/h3>\n<p class=\"ai-optimize-52\" data-start=\"825\" data-end=\"863\"><strong data-start=\"830\" data-end=\"861\">1 \u00d7 Ocean<\/strong> <strong data-start=\"830\" data-end=\"861\">Signal EPIRB3 Pro<\/strong><\/p>\n<p class=\"ai-optimize-53\" data-start=\"825\" data-end=\"863\"><strong data-start=\"830\" data-end=\"861\">Globale Satellitenrettung, lokale AIS-Sichtbarkeit und automatische Bereitstellung machen dies zum Goldstandard f\u00fcr ernsthafte Offshore-Skipper.<br \/>\n<\/strong> <em data-start=\"864\" data-end=\"887\">Einzelhandelswert: 999,99 \u00a3<\/em><\/p>\n<p data-start=\"825\" data-end=\"863\"><img loading=\"lazy\" decoding=\"async\" class=\"alignnone wp-image-31471 size-medium\" src=\"https:\/\/oceansignal.com\/wp-content\/uploads\/2025\/06\/EPIRB3-PRO-W-BRACKET-FRONT-300-e1752085885886-300x260.png\" alt=\"\" width=\"300\" height=\"260\" srcset=\"https:\/\/oceansignal.com\/wp-content\/uploads\/2025\/06\/EPIRB3-PRO-W-BRACKET-FRONT-300-e1752085885886-300x260.png 300w, https:\/\/oceansignal.com\/wp-content\/uploads\/2025\/06\/EPIRB3-PRO-W-BRACKET-FRONT-300-e1752085885886-60x52.png 60w, https:\/\/oceansignal.com\/wp-content\/uploads\/2025\/06\/EPIRB3-PRO-W-BRACKET-FRONT-300-e1752085885886-110x95.png 110w, https:\/\/oceansignal.com\/wp-content\/uploads\/2025\/06\/EPIRB3-PRO-W-BRACKET-FRONT-300-e1752085885886.png 411w\" sizes=\"auto, (max-width: 300px) 100vw, 300px\" \/><\/p>\n<p class=\"ai-optimize-54\" data-start=\"889\" data-end=\"1008\">Das fortschrittlichste EPIRB der Kategorie I von Ocean Signal mit automatischer Ausl\u00f6sung aus dem freischwebenden Geh\u00e4use sowie integrierten Funktionen:<\/p>\n<ul data-start=\"1010\" data-end=\"1388\">\n<li class=\"ai-optimize-55\" data-start=\"1010\" data-end=\"1069\">\n<p class=\"ai-optimize-56\" data-start=\"1012\" data-end=\"1069\"><strong data-start=\"1012\" data-end=\"1067\">406 MHz Satelliten-Notalarmierung (Cospas-Sarsat)<\/strong><\/p>\n<\/li>\n<li class=\"ai-optimize-57\" data-start=\"1070\" data-end=\"1118\">\n<p class=\"ai-optimize-58\" data-start=\"1072\" data-end=\"1118\"><strong data-start=\"1072\" data-end=\"1116\">AIS zur lokalen Verfolgung durch Schiffe in der N\u00e4he, die mit AIS-Transceivern ausgestattet sind<\/strong><\/p>\n<\/li>\n<li class=\"ai-optimize-59\" data-start=\"1119\" data-end=\"1196\">\n<p class=\"ai-optimize-60\" data-start=\"1121\" data-end=\"1196\"><strong data-start=\"1121\" data-end=\"1150\">Return Link Service (RLS)<\/strong> <strong>zur Best\u00e4tigung, dass Ihr SOS empfangen wurde<\/strong><\/p>\n<\/li>\n<li class=\"ai-optimize-61\" data-start=\"1197\" data-end=\"1225\">\n<p class=\"ai-optimize-62\" data-start=\"1199\" data-end=\"1225\"><strong data-start=\"1199\" data-end=\"1223\">GNSS \u00fcber GPS\/Galileo<\/strong><\/p>\n<\/li>\n<li class=\"ai-optimize-63\" data-start=\"1226\" data-end=\"1257\">\n<p class=\"ai-optimize-64\" data-start=\"1228\" data-end=\"1257\"><strong data-start=\"1228\" data-end=\"1255\">121,5 MHz Zielsuchsignal<\/strong><\/p>\n<\/li>\n<li class=\"ai-optimize-65\" data-start=\"1258\" data-end=\"1296\">\n<p class=\"ai-optimize-66\" data-start=\"1260\" data-end=\"1296\"><strong data-start=\"1260\" data-end=\"1294\">Infrarot- und wei\u00dfe Blitzlichter<\/strong><\/p>\n<\/li>\n<li class=\"ai-optimize-67\" data-start=\"1297\" data-end=\"1340\">\n<p class=\"ai-optimize-68\" data-start=\"1299\" data-end=\"1340\"><strong data-start=\"1299\" data-end=\"1338\">Smartphone-Einrichtung per NFC + kostenlose App<\/strong><\/p>\n<\/li>\n<li class=\"ai-optimize-69\" data-start=\"1341\" data-end=\"1388\">\n<p class=\"ai-optimize-70\" data-start=\"1343\" data-end=\"1388\"><strong data-start=\"1343\" data-end=\"1388\">Erf\u00fcllt die SOLAS- und World Sailing OSR-Standards<\/strong><\/p>\n<\/li>\n<li class=\"ai-optimize-71\" data-start=\"1341\" data-end=\"1388\"><strong>48+ Stunden Betriebsdauer<\/strong><\/li>\n<\/ul>\n<hr data-start=\"1547\" data-end=\"1550\">\n<h4 class=\"ai-optimize-72\" data-start=\"1552\" data-end=\"1610\"><strong data-start=\"1557\" data-end=\"1608\">4 \u00d7 Ocean Signal MOB2 AIS Mann-\u00fcber-Bord-Signale<\/strong><\/h4>\n<p class=\"ai-optimize-73\" data-start=\"1611\" data-end=\"1651\">Jedes Besatzungsmitglied erh\u00e4lt ein pers\u00f6nliches AIS-Sender, das die Yacht sofort warnt, wenn es \u00fcber Bord geht \u2013 entscheidend bei schlechter Sicht oder n\u00e4chtlichen MOB-Szenarien. <em data-start=\"1611\" data-end=\"1651\"><br \/>\nVerkaufswert: 1.399,96 \u00a3 (349,99 \u00a3 pro St\u00fcck)<\/em><\/p>\n<p data-start=\"1611\" data-end=\"1651\"><img loading=\"lazy\" decoding=\"async\" class=\"alignnone size-medium wp-image-4490\" src=\"https:\/\/oceansignal.com\/wp-content\/uploads\/2024\/07\/MOB2-22-07-24-B.81_Web-300x269.png\" alt=\"Ocean Signal rescueME MOB2 AIS-Ortungsger\u00e4t, Klasse M-kompatibel\" width=\"300\" height=\"269\" srcset=\"https:\/\/oceansignal.com\/wp-content\/uploads\/2024\/07\/MOB2-22-07-24-B.81_Web-300x269.png 300w, https:\/\/oceansignal.com\/wp-content\/uploads\/2024\/07\/MOB2-22-07-24-B.81_Web-768x689.png 768w, https:\/\/oceansignal.com\/wp-content\/uploads\/2024\/07\/MOB2-22-07-24-B.81_Web-600x538.png 600w, https:\/\/oceansignal.com\/wp-content\/uploads\/2024\/07\/MOB2-22-07-24-B.81_Web.png 900w\" sizes=\"auto, (max-width: 300px) 100vw, 300px\" \/><\/p>\n<p class=\"ai-optimize-74\" data-start=\"1653\" data-end=\"1855\">Ansteckbare AIS-Baken, die sich bei den meisten aufblasbaren Rettungswesten automatisch aktivieren. Jede sendet sekundenschnell GPS-Position und Notrufe an nahegelegene AIS-ausgestattete Schiffe (einschlie\u00dflich Ihrer eigenen Yacht). <\/p>\n<ul data-start=\"1857\" data-end=\"2009\">\n<li class=\"ai-optimize-75\" data-start=\"1857\" data-end=\"1888\">\n<p class=\"ai-optimize-76\" data-start=\"1859\" data-end=\"1888\"><strong>Automatische Aktivierung beim Aufpumpen<\/strong><\/p>\n<\/li>\n<li class=\"ai-optimize-77\" data-start=\"1889\" data-end=\"1936\">\n<p class=\"ai-optimize-78\" data-start=\"1891\" data-end=\"1936\"><strong>Sendet AIS-Notrufe an Ihren Kartenplotter\/MFD<\/strong><\/p>\n<\/li>\n<li class=\"ai-optimize-79\" data-start=\"1937\" data-end=\"1964\">\n<p class=\"ai-optimize-80\" data-start=\"1939\" data-end=\"1964\"><strong>Kompakt und einfach zu montieren<\/strong><\/p>\n<\/li>\n<li class=\"ai-optimize-81\" data-start=\"1965\" data-end=\"1988\">\n<p class=\"ai-optimize-82\" data-start=\"1967\" data-end=\"1988\"><strong>5 Jahre Batterielebensdauer<\/strong><\/p>\n<\/li>\n<li class=\"ai-optimize-83\" data-start=\"1989\" data-end=\"2009\">\n<p class=\"ai-optimize-84\" data-start=\"1991\" data-end=\"2009\"><strong>Blinkendes LED-Licht<\/strong><\/p>\n<\/li>\n<li class=\"ai-optimize-85\" data-start=\"1989\" data-end=\"2009\"><strong>24 Stunden Betriebsdauer<\/strong><\/li>\n<\/ul>\n<h4 class=\"ai-optimize-86\" data-start=\"2186\" data-end=\"2244\"><strong data-start=\"2191\" data-end=\"2242\"><br \/>\n1 \u00d7 Ocean Signal EDF2 Elektronisches Notsignal<\/strong><\/h4>\n<p class=\"ai-optimize-87\" data-start=\"2245\" data-end=\"2268\">Eine Fackel, auf deren Funktion Sie sich verlassen k\u00f6nnen \u2013 ohne Verfallsdatum, Brandgefahr oder Entsorgungsprobleme.<br \/>\n Einzelhandelswert: 229,99 \u00a3<\/p>\n<p data-start=\"2245\" data-end=\"2268\"><img loading=\"lazy\" decoding=\"async\" class=\"alignnone size-medium wp-image-12528\" src=\"https:\/\/oceansignal.com\/wp-content\/uploads\/2024\/10\/EDF2-FRONT-300x300.png\" alt=\"\" width=\"300\" height=\"300\"><\/p>\n<p class=\"ai-optimize-88\" data-start=\"2270\" data-end=\"2377\">Hochintensive, mehrfarbige elektronische LED-Leuchtfackel. Nachts \u00fcber 13 Kilometer weit sichtbar. Wiederverwendbar und sicherer als Pyrotechnik.  <\/p>\n<ul data-start=\"2379\" data-end=\"2493\">\n<li class=\"ai-optimize-89\" data-start=\"2379\" data-end=\"2417\">\n<p class=\"ai-optimize-90\" data-start=\"2381\" data-end=\"2417\"><strong>Sendet den f\u00fcr den internationalen Morsecode charakteristischen Blitz f\u00fcr SOS<\/strong><\/p>\n<\/li>\n<li class=\"ai-optimize-91\" data-start=\"2418\" data-end=\"2458\">\n<p class=\"ai-optimize-92\" data-start=\"2420\" data-end=\"2458\"><strong>Schwimmt und arbeitet 3 Stunden lang mit der erforderlichen Lichtintensit\u00e4t<\/strong><\/p>\n<\/li>\n<li class=\"ai-optimize-93\" data-start=\"2459\" data-end=\"2493\">\n<p class=\"ai-optimize-94\" data-start=\"2461\" data-end=\"2493\"><strong>Wiederverwendbare, batteriebetriebene Sicherheit<\/strong><\/p>\n<\/li>\n<li class=\"ai-optimize-95\"><strong>\u2265 180\u00ba Leuchtwinkel bei \u2265 50 cd<\/strong><\/li>\n<\/ul>\n<hr data-start=\"2601\" data-end=\"2604\">\n<h4 class=\"ai-optimize-96\" data-start=\"2606\" data-end=\"2653\"><strong data-start=\"2611\" data-end=\"2651\">4 \u00d7 ACR Signalspiegel- und Pfeifen-Kits<\/strong><\/h4>\n<p class=\"ai-optimize-97\" data-start=\"2654\" data-end=\"2690\">Erh\u00f6ht die Chance jedes Besatzungsmitglieds auf endg\u00fcltige Rettung, sobald Hilfe in der N\u00e4he ist.<br \/>\n Verkaufswert: 43,96 \u00a3 (10,99 \u00a3 pro St\u00fcck)<\/p>\n<p data-start=\"2654\" data-end=\"2690\"><img loading=\"lazy\" decoding=\"async\" class=\"alignnone wp-image-31407 size-medium\" src=\"https:\/\/oceansignal.com\/wp-content\/uploads\/2025\/06\/Grab_Bag_EPIRB1_Kit-e1752085331562-300x131.png\" alt=\"\" width=\"300\" height=\"131\" srcset=\"https:\/\/oceansignal.com\/wp-content\/uploads\/2025\/06\/Grab_Bag_EPIRB1_Kit-e1752085331562-300x131.png 300w, https:\/\/oceansignal.com\/wp-content\/uploads\/2025\/06\/Grab_Bag_EPIRB1_Kit-e1752085331562-60x26.png 60w, https:\/\/oceansignal.com\/wp-content\/uploads\/2025\/06\/Grab_Bag_EPIRB1_Kit-e1752085331562-110x48.png 110w, https:\/\/oceansignal.com\/wp-content\/uploads\/2025\/06\/Grab_Bag_EPIRB1_Kit-e1752085331562.png 344w\" sizes=\"auto, (max-width: 300px) 100vw, 300px\" \/><\/p>\n<p class=\"ai-optimize-98\" data-start=\"2692\" data-end=\"2784\">Visuelle und akustische Backup-Tools f\u00fcr alle vier Besatzungsmitglieder. Leicht und wartungsfrei. <\/p>\n<ul>\n<li class=\"ai-optimize-99\" data-start=\"1695\" data-end=\"1734\"><strong>Hochreflektierender Kompaktspiegel f\u00fcr visuelle Signale am Tag \u2013 Entwickelt, um Sonnenlicht \u00fcber gro\u00dfe Entfernungen zu reflektieren, ideal, um die Aufmerksamkeit vorbeifahrender Schiffe oder Flugzeuge auf sich zu ziehen<\/strong><\/li>\n<li class=\"ai-optimize-100\" data-start=\"2817\" data-end=\"2852\">\n<p class=\"ai-optimize-101\" data-start=\"2819\" data-end=\"2852\"><strong>Akustische Warnungen f\u00fcr Suchteams<\/strong><\/p>\n<\/li>\n<li class=\"ai-optimize-102\" data-start=\"2853\" data-end=\"2896\">\n<p class=\"ai-optimize-103\" data-start=\"2855\" data-end=\"2896\"><strong>Klein und einfach in Schwimmwesten, Taschen oder Ihrer Ocean Signal Grab Bag zu verstauen<\/strong><\/p>\n<\/li>\n<\/ul>\n<hr data-start=\"2992\" data-end=\"2995\">\n<h4 class=\"ai-optimize-104\" data-start=\"2997\" data-end=\"3044\"><strong data-start=\"3002\" data-end=\"3042\">1 \u00d7 Ocean Signal Wundert\u00fcte<\/strong><\/h4>\n<p class=\"ai-optimize-105\" data-start=\"3045\" data-end=\"3068\"><em data-start=\"3045\" data-end=\"3068\">Das komplette Notfallset Ihrer Crew \u2013 gesch\u00fctzt, organisiert und einsatzbereit in einer robusten Tasche.<br \/>\n Einzelhandelswert: 129,99 \u00a3<\/em><\/p>\n<p data-start=\"3045\" data-end=\"3068\"><img loading=\"lazy\" decoding=\"async\" class=\"alignnone wp-image-30571 size-medium\" src=\"https:\/\/oceansignal.com\/wp-content\/uploads\/2025\/06\/Ocean-Signal_Grab_Bag-e1752085947135-246x300.png\" alt=\"\" width=\"246\" height=\"300\" srcset=\"https:\/\/oceansignal.com\/wp-content\/uploads\/2025\/06\/Ocean-Signal_Grab_Bag-e1752085947135-246x300.png 246w, https:\/\/oceansignal.com\/wp-content\/uploads\/2025\/06\/Ocean-Signal_Grab_Bag-e1752085947135-841x1024.png 841w, https:\/\/oceansignal.com\/wp-content\/uploads\/2025\/06\/Ocean-Signal_Grab_Bag-e1752085947135-768x935.png 768w, https:\/\/oceansignal.com\/wp-content\/uploads\/2025\/06\/Ocean-Signal_Grab_Bag-e1752085947135-1262x1536.png 1262w, https:\/\/oceansignal.com\/wp-content\/uploads\/2025\/06\/Ocean-Signal_Grab_Bag-e1752085947135-1683x2048.png 1683w, https:\/\/oceansignal.com\/wp-content\/uploads\/2025\/06\/Ocean-Signal_Grab_Bag-e1752085947135-600x730.png 600w, https:\/\/oceansignal.com\/wp-content\/uploads\/2025\/06\/Ocean-Signal_Grab_Bag-e1752085947135-60x73.png 60w, https:\/\/oceansignal.com\/wp-content\/uploads\/2025\/06\/Ocean-Signal_Grab_Bag-e1752085947135-110x134.png 110w\" sizes=\"auto, (max-width: 246px) 100vw, 246px\" \/><\/p>\n<p class=\"ai-optimize-106\" data-start=\"3070\" data-end=\"3118\">Halten Sie die gesamte Ausr\u00fcstung trocken, sichtbar und einsatzbereit.<\/p>\n<ul data-start=\"3120\" data-end=\"3217\">\n<li class=\"ai-optimize-107\" data-start=\"3120\" data-end=\"3143\">\n<p class=\"ai-optimize-108\" data-start=\"3122\" data-end=\"3143\"><strong>Schwimmf\u00e4hig<\/strong><\/p>\n<\/li>\n<li class=\"ai-optimize-109\" data-start=\"3144\" data-end=\"3192\">\n<p class=\"ai-optimize-110\" data-start=\"3146\" data-end=\"3192\"><strong>Robuste, wasserdichte Konstruktion in Marinequalit\u00e4t<\/strong><\/p>\n<\/li>\n<li class=\"ai-optimize-111\" data-start=\"3193\" data-end=\"3217\">\n<p class=\"ai-optimize-112\" data-start=\"3195\" data-end=\"3217\"><strong>Gut sichtbare Farbe<\/strong><\/p>\n<\/li>\n<\/ul>\n","protected":false},"excerpt":{"rendered":"<p class=\"ai-optimize-35\"><strong data-start=\"323\" data-end=\"362\">Umfassende Sicherheit. F\u00fcr anspruchsvolle Crews.<br \/>\n<\/strong><br data-start=\"362\" data-end=\"365\">Das EPIRB3 AIS Safety Kit Plus von Ocean Signal ist das ultimative Offshore-Sicherheitspaket, speziell entwickelt f\u00fcr Skipper, die ihre Boote f\u00fcr die ganze Familie ausr\u00fcsten und sich auf Hochseeregatten, lange Reisen oder ausgedehnte Kreuzfahrten mit kleinen bis mittelgro\u00dfen Crews vorbereiten. Es kombiniert unsere modernsten EPIRB- und AIS-MOB-Ger\u00e4te mit einer kompletten Palette an Signalmitteln und stellt sicher, dass Ihr Boot und Ihre Crew h\u00f6chsten Sicherheitsstandards auf See gerecht werden. <\/p>\n<p class=\"ai-optimize-36\">Gesamtwert des Kits zum UVP: 2803,99 \u00a3. Sparen Sie mit diesem Kit 253,90 \u00a3! <\/p>\n","protected":false},"featured_media":31544,"template":"","meta":{"_acf_changed":false,"om_disable_all_campaigns":false},"product_brand":[],"product_cat":[1181,469,1686],"product_tag":[1700,1353],"class_list":{"0":"post-31920","1":"product","2":"type-product","3":"status-publish","4":"has-post-thumbnail","6":"product_cat-elektronische-signalisierung-und-flare","7":"product_cat-rescueme-de","8":"product_cat-sicherheitskits","9":"product_tag-sicherheitskit","10":"product_tag-wundertute","12":"first","13":"instock","14":"taxable","15":"shipping-taxable","16":"purchasable","17":"product-type-simple"},"acf":[],"yoast_head":"<!-- This site is optimized with the Yoast SEO Premium plugin v25.2 (Yoast SEO v26.4) - https:\/\/yoast.com\/wordpress\/plugins\/seo\/ -->\n<title>EPIRB3 AIS Segelsicherheitskit Plus - Ocean Signal<\/title>\n<meta name=\"robots\" content=\"index, follow, max-snippet:-1, max-image-preview:large, max-video-preview:-1\" \/>\n<link rel=\"canonical\" href=\"https:\/\/oceansignal.com\/de\/products\/epirb3-ais-sicherheitskit-plus\/\" \/>\n<meta property=\"og:locale\" content=\"de_DE\" \/>\n<meta property=\"og:type\" content=\"article\" \/>\n<meta property=\"og:title\" content=\"EPIRB3 AIS Segelsicherheitskit Plus\" \/>\n<meta property=\"og:description\" content=\"Umfassende Sicherheit. F\u00fcr anspruchsvolle Crews. Das EPIRB3 AIS Safety Kit Plus von Ocean Signal ist das ultimative Offshore-Sicherheitspaket, speziell entwickelt f\u00fcr Skipper, die ihre Boote f\u00fcr die ganze Familie ausr\u00fcsten und sich auf Hochseeregatten, lange Reisen oder ausgedehnte Kreuzfahrten mit kleinen bis mittelgro\u00dfen Crews vorbereiten. Es kombiniert unsere modernsten EPIRB- und AIS-MOB-Ger\u00e4te mit einer kompletten Palette an Signalmitteln und stellt sicher, dass Ihr Boot und Ihre Crew h\u00f6chsten Sicherheitsstandards auf See gerecht werden. Gesamtwert des Kits zum UVP: 2803,99 \u00a3. Sparen Sie mit diesem Kit 253,90 \u00a3!\" \/>\n<meta property=\"og:url\" content=\"https:\/\/oceansignal.com\/de\/products\/epirb3-ais-sicherheitskit-plus\/\" \/>\n<meta property=\"og:site_name\" content=\"Ocean Signal\" \/>\n<meta property=\"article:modified_time\" content=\"2026-02-05T08:49:25+00:00\" \/>\n<meta property=\"og:image\" content=\"https:\/\/oceansignal.com\/wp-content\/uploads\/2025\/06\/Grab_Bag_EPIRB3_AIS_Kit-1.jpg\" \/>\n\t<meta property=\"og:image:width\" content=\"911\" \/>\n\t<meta property=\"og:image:height\" content=\"805\" \/>\n\t<meta property=\"og:image:type\" content=\"image\/jpeg\" \/>\n<meta name=\"twitter:card\" content=\"summary_large_image\" \/>\n<meta name=\"twitter:label1\" content=\"Gesch\u00e4tzte Lesezeit\" \/>\n\t<meta name=\"twitter:data1\" content=\"2\u00a0Minuten\" \/>\n<script type=\"application\/ld+json\" class=\"yoast-schema-graph\">{\"@context\":\"https:\/\/schema.org\",\"@graph\":[{\"@type\":\"WebPage\",\"@id\":\"https:\/\/oceansignal.com\/de\/products\/epirb3-ais-sicherheitskit-plus\/\",\"url\":\"https:\/\/oceansignal.com\/de\/products\/epirb3-ais-sicherheitskit-plus\/\",\"name\":\"EPIRB3 AIS Segelsicherheitskit Plus - Ocean Signal\",\"isPartOf\":{\"@id\":\"https:\/\/oceansignal.com\/de\/#website\"},\"primaryImageOfPage\":{\"@id\":\"https:\/\/oceansignal.com\/de\/products\/epirb3-ais-sicherheitskit-plus\/#primaryimage\"},\"image\":{\"@id\":\"https:\/\/oceansignal.com\/de\/products\/epirb3-ais-sicherheitskit-plus\/#primaryimage\"},\"thumbnailUrl\":\"https:\/\/oceansignal.com\/wp-content\/uploads\/2025\/06\/Grab_Bag_EPIRB3_AIS_Kit-1.jpg\",\"datePublished\":\"2025-06-24T09:51:30+00:00\",\"dateModified\":\"2026-02-05T08:49:25+00:00\",\"breadcrumb\":{\"@id\":\"https:\/\/oceansignal.com\/de\/products\/epirb3-ais-sicherheitskit-plus\/#breadcrumb\"},\"inLanguage\":\"de\",\"potentialAction\":[{\"@type\":\"ReadAction\",\"target\":[\"https:\/\/oceansignal.com\/de\/products\/epirb3-ais-sicherheitskit-plus\/\"]}]},{\"@type\":\"ImageObject\",\"inLanguage\":\"de\",\"@id\":\"https:\/\/oceansignal.com\/de\/products\/epirb3-ais-sicherheitskit-plus\/#primaryimage\",\"url\":\"https:\/\/oceansignal.com\/wp-content\/uploads\/2025\/06\/Grab_Bag_EPIRB3_AIS_Kit-1.jpg\",\"contentUrl\":\"https:\/\/oceansignal.com\/wp-content\/uploads\/2025\/06\/Grab_Bag_EPIRB3_AIS_Kit-1.jpg\",\"width\":911,\"height\":805},{\"@type\":\"BreadcrumbList\",\"@id\":\"https:\/\/oceansignal.com\/de\/products\/epirb3-ais-sicherheitskit-plus\/#breadcrumb\",\"itemListElement\":[{\"@type\":\"ListItem\",\"position\":1,\"name\":\"Produkte\",\"item\":\"https:\/\/oceansignal.com\/de\/produkte\/\"},{\"@type\":\"ListItem\",\"position\":2,\"name\":\"EPIRB3 AIS Segelsicherheitskit Plus\"}]},{\"@type\":\"WebSite\",\"@id\":\"https:\/\/oceansignal.com\/de\/#website\",\"url\":\"https:\/\/oceansignal.com\/de\/\",\"name\":\"Ocean Signal\",\"description\":\"A leading manufacturer of EPIRBs, AIS, SARTs, Personal Locator Beacons, Man Overboard Beacon for the Marine and Outdoor Markets.\",\"potentialAction\":[{\"@type\":\"SearchAction\",\"target\":{\"@type\":\"EntryPoint\",\"urlTemplate\":\"https:\/\/oceansignal.com\/de\/?s={search_term_string}\"},\"query-input\":{\"@type\":\"PropertyValueSpecification\",\"valueRequired\":true,\"valueName\":\"search_term_string\"}}],\"inLanguage\":\"de\"}]}<\/script>\n<!-- \/ Yoast SEO Premium plugin. -->","yoast_head_json":{"title":"EPIRB3 AIS Segelsicherheitskit Plus - Ocean Signal","robots":{"index":"index","follow":"follow","max-snippet":"max-snippet:-1","max-image-preview":"max-image-preview:large","max-video-preview":"max-video-preview:-1"},"canonical":"https:\/\/oceansignal.com\/de\/products\/epirb3-ais-sicherheitskit-plus\/","og_locale":"de_DE","og_type":"article","og_title":"EPIRB3 AIS Segelsicherheitskit Plus","og_description":"Umfassende Sicherheit. F\u00fcr anspruchsvolle Crews. Das EPIRB3 AIS Safety Kit Plus von Ocean Signal ist das ultimative Offshore-Sicherheitspaket, speziell entwickelt f\u00fcr Skipper, die ihre Boote f\u00fcr die ganze Familie ausr\u00fcsten und sich auf Hochseeregatten, lange Reisen oder ausgedehnte Kreuzfahrten mit kleinen bis mittelgro\u00dfen Crews vorbereiten. Es kombiniert unsere modernsten EPIRB- und AIS-MOB-Ger\u00e4te mit einer kompletten Palette an Signalmitteln und stellt sicher, dass Ihr Boot und Ihre Crew h\u00f6chsten Sicherheitsstandards auf See gerecht werden. Gesamtwert des Kits zum UVP: 2803,99 \u00a3. Sparen Sie mit diesem Kit 253,90 \u00a3!","og_url":"https:\/\/oceansignal.com\/de\/products\/epirb3-ais-sicherheitskit-plus\/","og_site_name":"Ocean Signal","article_modified_time":"2026-02-05T08:49:25+00:00","og_image":[{"width":911,"height":805,"url":"https:\/\/oceansignal.com\/wp-content\/uploads\/2025\/06\/Grab_Bag_EPIRB3_AIS_Kit-1.jpg","type":"image\/jpeg"}],"twitter_card":"summary_large_image","twitter_misc":{"Gesch\u00e4tzte Lesezeit":"2\u00a0Minuten"},"schema":{"@context":"https:\/\/schema.org","@graph":[{"@type":"WebPage","@id":"https:\/\/oceansignal.com\/de\/products\/epirb3-ais-sicherheitskit-plus\/","url":"https:\/\/oceansignal.com\/de\/products\/epirb3-ais-sicherheitskit-plus\/","name":"EPIRB3 AIS Segelsicherheitskit Plus - Ocean Signal","isPartOf":{"@id":"https:\/\/oceansignal.com\/de\/#website"},"primaryImageOfPage":{"@id":"https:\/\/oceansignal.com\/de\/products\/epirb3-ais-sicherheitskit-plus\/#primaryimage"},"image":{"@id":"https:\/\/oceansignal.com\/de\/products\/epirb3-ais-sicherheitskit-plus\/#primaryimage"},"thumbnailUrl":"https:\/\/oceansignal.com\/wp-content\/uploads\/2025\/06\/Grab_Bag_EPIRB3_AIS_Kit-1.jpg","datePublished":"2025-06-24T09:51:30+00:00","dateModified":"2026-02-05T08:49:25+00:00","breadcrumb":{"@id":"https:\/\/oceansignal.com\/de\/products\/epirb3-ais-sicherheitskit-plus\/#breadcrumb"},"inLanguage":"de","potentialAction":[{"@type":"ReadAction","target":["https:\/\/oceansignal.com\/de\/products\/epirb3-ais-sicherheitskit-plus\/"]}]},{"@type":"ImageObject","inLanguage":"de","@id":"https:\/\/oceansignal.com\/de\/products\/epirb3-ais-sicherheitskit-plus\/#primaryimage","url":"https:\/\/oceansignal.com\/wp-content\/uploads\/2025\/06\/Grab_Bag_EPIRB3_AIS_Kit-1.jpg","contentUrl":"https:\/\/oceansignal.com\/wp-content\/uploads\/2025\/06\/Grab_Bag_EPIRB3_AIS_Kit-1.jpg","width":911,"height":805},{"@type":"BreadcrumbList","@id":"https:\/\/oceansignal.com\/de\/products\/epirb3-ais-sicherheitskit-plus\/#breadcrumb","itemListElement":[{"@type":"ListItem","position":1,"name":"Produkte","item":"https:\/\/oceansignal.com\/de\/produkte\/"},{"@type":"ListItem","position":2,"name":"EPIRB3 AIS Segelsicherheitskit Plus"}]},{"@type":"WebSite","@id":"https:\/\/oceansignal.com\/de\/#website","url":"https:\/\/oceansignal.com\/de\/","name":"Ocean Signal","description":"A leading manufacturer of EPIRBs, AIS, SARTs, Personal Locator Beacons, Man Overboard Beacon for the Marine and Outdoor Markets.","potentialAction":[{"@type":"SearchAction","target":{"@type":"EntryPoint","urlTemplate":"https:\/\/oceansignal.com\/de\/?s={search_term_string}"},"query-input":{"@type":"PropertyValueSpecification","valueRequired":true,"valueName":"search_term_string"}}],"inLanguage":"de"}]}},"_links":{"self":[{"href":"https:\/\/oceansignal.com\/de\/wp-json\/wp\/v2\/product\/31920","targetHints":{"allow":["GET"]}}],"collection":[{"href":"https:\/\/oceansignal.com\/de\/wp-json\/wp\/v2\/product"}],"about":[{"href":"https:\/\/oceansignal.com\/de\/wp-json\/wp\/v2\/types\/product"}],"wp:featuredmedia":[{"embeddable":true,"href":"https:\/\/oceansignal.com\/de\/wp-json\/wp\/v2\/media\/31544"}],"wp:attachment":[{"href":"https:\/\/oceansignal.com\/de\/wp-json\/wp\/v2\/media?parent=31920"}],"wp:term":[{"taxonomy":"product_brand","embeddable":true,"href":"https:\/\/oceansignal.com\/de\/wp-json\/wp\/v2\/product_brand?post=31920"},{"taxonomy":"product_cat","embeddable":true,"href":"https:\/\/oceansignal.com\/de\/wp-json\/wp\/v2\/product_cat?post=31920"},{"taxonomy":"product_tag","embeddable":true,"href":"https:\/\/oceansignal.com\/de\/wp-json\/wp\/v2\/product_tag?post=31920"}],"curies":[{"name":"wp","href":"https:\/\/api.w.org\/{rel}","templated":true}]}}