{"id":31926,"date":"2025-06-24T09:48:12","date_gmt":"2025-06-24T09:48:12","guid":{"rendered":"https:\/\/oceansignal.com\/products\/epirb3-sicherheitskit\/"},"modified":"2026-03-26T15:12:32","modified_gmt":"2026-03-26T15:12:32","slug":"epirb3-sicherheitskit","status":"publish","type":"product","link":"https:\/\/oceansignal.com\/de\/products\/epirb3-sicherheitskit\/","title":{"rendered":"EPIRB3 Segelsicherheitskit"},"content":{"rendered":"<h3 class=\"ai-optimize-42\" data-start=\"3285\" data-end=\"3337\"><strong data-start=\"3292\" data-end=\"3337\"><img loading=\"lazy\" decoding=\"async\" class=\"alignnone size-full wp-image-32359\" src=\"https:\/\/oceansignal.com\/wp-content\/uploads\/2025\/07\/View-New-Safety-Kits.png\" alt=\"\" width=\"300\" height=\"75\" srcset=\"https:\/\/oceansignal.com\/wp-content\/uploads\/2025\/07\/View-New-Safety-Kits.png 300w, https:\/\/oceansignal.com\/wp-content\/uploads\/2025\/07\/View-New-Safety-Kits-60x15.png 60w, https:\/\/oceansignal.com\/wp-content\/uploads\/2025\/07\/View-New-Safety-Kits-110x28.png 110w\" sizes=\"auto, (max-width: 300px) 100vw, 300px\" \/><\/strong><\/h3>\n<h3 class=\"ai-optimize-43\" data-start=\"2673\" data-end=\"2727\"><strong data-start=\"2680\" data-end=\"2727\">Warum das EPIRB3-Kit w\u00e4hlen?<\/strong><\/h3>\n<p class=\"ai-optimize-44 ai-optimize-introduction\" data-start=\"2729\" data-end=\"3018\">Das EPIRB3-Kit ist das fortschrittlichste Einsteigerpaket auf dem Markt. Mit weltweit f\u00fchrender EPIRB-Technologie, intuitiver Smartphone-Einrichtung und lokaler sowie globaler Rettungssicht ist es ideal f\u00fcr alle, die von Anfang an Sicherheit, Einhaltung gesetzlicher Vorschriften und moderne Funktionen w\u00fcnschen. <\/p>\n<p class=\"ai-optimize-45\" data-start=\"3020\" data-end=\"3075\">Ihr bester Start in die Offshore-Sicherheit. Keine Kompromisse. <\/p>\n<h3 class=\"ai-optimize-46\" data-start=\"2313\" data-end=\"2334\"><strong data-start=\"2320\" data-end=\"2334\">Ideal f\u00fcr:<\/strong><\/h3>\n<ul data-start=\"2335\" data-end=\"2600\">\n<li class=\"ai-optimize-47\" data-start=\"2335\" data-end=\"2389\">\n<p class=\"ai-optimize-48\" data-start=\"2337\" data-end=\"2389\">Offshore-Segler, Yachtbesitzer und Ozeankreuzer<\/p>\n<\/li>\n<li class=\"ai-optimize-49\" data-start=\"2390\" data-end=\"2456\">\n<p class=\"ai-optimize-50\" data-start=\"2392\" data-end=\"2456\">Crews, die sich auf Offshore-Rennen der Kategorie 1 oder Hochseepassagen vorbereiten<\/p>\n<\/li>\n<li class=\"ai-optimize-51\" data-start=\"2457\" data-end=\"2532\">\n<p class=\"ai-optimize-52\" data-start=\"2459\" data-end=\"2532\">Sicherheitsbewusste Skipper suchen erstklassige EPIRB-Technologie<\/p>\n<\/li>\n<li class=\"ai-optimize-53\" data-start=\"2533\" data-end=\"2600\">\n<p class=\"ai-optimize-54\" data-start=\"2535\" data-end=\"2600\">Seeleute ersetzen \u00e4ltere EPIRBs durch moderne, vorschriftenkonforme Ausr\u00fcstung<\/p>\n<\/li>\n<\/ul>\n<h3 class=\"ai-optimize-55\" data-start=\"673\" data-end=\"726\"><strong data-start=\"680\" data-end=\"726\">Was ist enthalten und wie unterst\u00fctzt es die Rettung?<\/strong><\/h3>\n<h4 class=\"ai-optimize-56\" data-start=\"728\" data-end=\"762\"><strong data-start=\"733\" data-end=\"760\">1 \u00d7 Ozeansignal EPIRB3<\/strong><\/h4>\n<p class=\"ai-optimize-57\" data-start=\"763\" data-end=\"786\">Lokal sichtbar (Schiffe mit AIS-Transceivern) und global (406-MHz-Nachricht an Such- und Rettungsdienste \u00fcbermittelt), pr\u00e4zise verfolgt (AIS) und durch Echtzeitbest\u00e4tigung (RLS) abgesichert \u2013 alles in einem einzigen Ger\u00e4t.<br \/>\n Einzelhandelspreis: 840,95 \u00a3<\/p>\n<p data-start=\"763\" data-end=\"786\"><img loading=\"lazy\" decoding=\"async\" class=\"alignnone size-medium wp-image-2147\" src=\"https:\/\/oceansignal.com\/wp-content\/uploads\/2024\/03\/EPIRB3-Front-300-RLS-on-1-300x300.png\" alt=\"Ocean Signal EPIRB3 mit blauer Return Link Service-Leuchte an.\" width=\"300\" height=\"300\" srcset=\"https:\/\/oceansignal.com\/wp-content\/uploads\/2024\/03\/EPIRB3-Front-300-RLS-on-1-300x300.png 300w, https:\/\/oceansignal.com\/wp-content\/uploads\/2024\/03\/EPIRB3-Front-300-RLS-on-1-150x150.png 150w, https:\/\/oceansignal.com\/wp-content\/uploads\/2024\/03\/EPIRB3-Front-300-RLS-on-1-100x100.png 100w, https:\/\/oceansignal.com\/wp-content\/uploads\/2024\/03\/EPIRB3-Front-300-RLS-on-1.png 411w\" sizes=\"auto, (max-width: 300px) 100vw, 300px\" \/><\/p>\n<p class=\"ai-optimize-58\" data-start=\"788\" data-end=\"915\">Das Flaggschiff-EPIRB von Ocean Signal, gebaut nach den neuesten internationalen Standards und ausgestattet mit lebensrettenden Funktionen, darunter:<\/p>\n<ul data-start=\"917\" data-end=\"1359\">\n<li class=\"ai-optimize-59\" data-start=\"917\" data-end=\"965\">\n<p class=\"ai-optimize-60\" data-start=\"919\" data-end=\"965\"><strong>406 MHz Cospas-Sarsat-Satellitenalarmierung<\/strong><\/p>\n<\/li>\n<li class=\"ai-optimize-61\" data-start=\"966\" data-end=\"1014\">\n<p class=\"ai-optimize-62\" data-start=\"968\" data-end=\"1014\"><strong>AIS-\u00dcbertragung an Schiffe in der N\u00e4he mit AIS-Transceivern<\/strong><\/p>\n<\/li>\n<li class=\"ai-optimize-63\" data-start=\"1015\" data-end=\"1097\">\n<p class=\"ai-optimize-64\" data-start=\"1017\" data-end=\"1097\"><strong>Return Link Service (RLS): best\u00e4tigt den Empfang Ihres Notsignals<\/strong><\/p>\n<\/li>\n<li class=\"ai-optimize-65\" data-start=\"1098\" data-end=\"1148\">\n<p class=\"ai-optimize-66\" data-start=\"1100\" data-end=\"1148\"><strong>GNSS (GPS + Galileo) f\u00fcr h\u00f6chste Genauigkeit<\/strong><\/p>\n<\/li>\n<li class=\"ai-optimize-67\" data-start=\"1149\" data-end=\"1186\">\n<p class=\"ai-optimize-68\" data-start=\"1151\" data-end=\"1186\"><strong>121,5 MHz lokales Zielsuchsignal<\/strong><\/p>\n<\/li>\n<li class=\"ai-optimize-69\" data-start=\"1187\" data-end=\"1239\">\n<p class=\"ai-optimize-70\" data-start=\"1189\" data-end=\"1239\"><strong>Sichtbare und infrarote Blitzlichter f\u00fcr die visuelle Erkennung bei schlechten Lichtverh\u00e4ltnissen<\/strong><\/p>\n<\/li>\n<li class=\"ai-optimize-71\" data-start=\"1240\" data-end=\"1299\">\n<p class=\"ai-optimize-72\" data-start=\"1242\" data-end=\"1299\"><strong>NFC-Smartphone-Einrichtung mit der kostenlosen Ocean Signal App<\/strong><\/p>\n<\/li>\n<li class=\"ai-optimize-73\" data-start=\"1300\" data-end=\"1359\">\n<p class=\"ai-optimize-74\" data-start=\"1302\" data-end=\"1359\"><strong>Manuelle Halterung (Kat. II) zur flexiblen Montage<\/strong><\/p>\n<\/li>\n<\/ul>\n<hr data-start=\"1511\" data-end=\"1514\">\n<h4 class=\"ai-optimize-75\" data-start=\"1516\" data-end=\"1558\"><strong data-start=\"1521\" data-end=\"1556\">1 \u00d7 ACR Signalspiegel und Pfeife<\/strong><\/h4>\n<p class=\"ai-optimize-76\" data-start=\"1559\" data-end=\"1581\">Ideal, wenn SAR-Teams in der N\u00e4he sind und Sie ihre Aufmerksamkeit schnell und deutlich auf sich ziehen m\u00fcssen.<br \/>\n Einzelhandelswert: 10,99 \u00a3<\/p>\n<p data-start=\"1559\" data-end=\"1581\"><img loading=\"lazy\" decoding=\"async\" class=\"alignnone wp-image-31407 size-medium\" src=\"https:\/\/oceansignal.com\/wp-content\/uploads\/2025\/06\/Grab_Bag_EPIRB1_Kit-e1752085331562-300x131.png\" alt=\"\" width=\"300\" height=\"131\" srcset=\"https:\/\/oceansignal.com\/wp-content\/uploads\/2025\/06\/Grab_Bag_EPIRB1_Kit-e1752085331562-300x131.png 300w, https:\/\/oceansignal.com\/wp-content\/uploads\/2025\/06\/Grab_Bag_EPIRB1_Kit-e1752085331562-60x26.png 60w, https:\/\/oceansignal.com\/wp-content\/uploads\/2025\/06\/Grab_Bag_EPIRB1_Kit-e1752085331562-110x48.png 110w, https:\/\/oceansignal.com\/wp-content\/uploads\/2025\/06\/Grab_Bag_EPIRB1_Kit-e1752085331562.png 344w\" sizes=\"auto, (max-width: 300px) 100vw, 300px\" \/><\/p>\n<p class=\"ai-optimize-77\" data-start=\"1583\" data-end=\"1691\">Diese wartungsfreien Tools sorgen in der Endphase der Rettung f\u00fcr zus\u00e4tzliche Sichtbarkeit und Audiosignale.<\/p>\n<ul data-start=\"1693\" data-end=\"1791\">\n<li class=\"ai-optimize-78\" data-start=\"1693\" data-end=\"1734\">\n<p class=\"ai-optimize-79\" data-start=\"1695\" data-end=\"1734\"><strong>Hochreflektierender Kompaktspiegel f\u00fcr visuelle Signale am Tag \u2013 Entwickelt, um Sonnenlicht \u00fcber gro\u00dfe Entfernungen zu reflektieren, ideal, um die Aufmerksamkeit vorbeifahrender Schiffe oder Flugzeuge auf sich zu ziehen<\/strong><\/p>\n<\/li>\n<li class=\"ai-optimize-80\" data-start=\"1735\" data-end=\"1791\">\n<p class=\"ai-optimize-81\" data-start=\"1737\" data-end=\"1791\"><strong>Laute, perlenlose Pfeife, um aus n\u00e4chster N\u00e4he Aufmerksamkeit zu erregen<\/strong><\/p>\n<\/li>\n<\/ul>\n<hr data-start=\"1909\" data-end=\"1912\">\n<h4 class=\"ai-optimize-82\" data-start=\"1914\" data-end=\"1961\"><strong data-start=\"1919\" data-end=\"1959\">1 \u00d7 wasserdichte Wundert\u00fcte von Ocean Signal<\/strong><\/h4>\n<p class=\"ai-optimize-83\" data-start=\"1962\" data-end=\"1985\"><em data-start=\"1962\" data-end=\"1985\">Wenn jede Sekunde z\u00e4hlt, ist es von entscheidender Bedeutung, alles an einem trockenen, sichtbaren Ort zu haben.<br \/>\n Einzelhandelswert: 129,99 \u00a3<\/em><\/p>\n<p data-start=\"1962\" data-end=\"1985\"><img loading=\"lazy\" decoding=\"async\" class=\"alignnone wp-image-31488 size-medium\" src=\"https:\/\/oceansignal.com\/wp-content\/uploads\/2025\/06\/Grab_Bag-1-241x300.webp\" alt=\"\" width=\"241\" height=\"300\" srcset=\"https:\/\/oceansignal.com\/wp-content\/uploads\/2025\/06\/Grab_Bag-1-241x300.webp 241w, https:\/\/oceansignal.com\/wp-content\/uploads\/2025\/06\/Grab_Bag-1-60x75.webp 60w, https:\/\/oceansignal.com\/wp-content\/uploads\/2025\/06\/Grab_Bag-1-110x137.webp 110w, https:\/\/oceansignal.com\/wp-content\/uploads\/2025\/06\/Grab_Bag-1.webp 489w\" sizes=\"auto, (max-width: 241px) 100vw, 241px\" \/><\/p>\n<p class=\"ai-optimize-84\" data-start=\"1987\" data-end=\"2079\">Diese robuste, schwimmf\u00e4hige Tasche h\u00e4lt Ihre wichtigsten Utensilien trocken, gesch\u00fctzt und einsatzbereit.<\/p>\n<ul data-start=\"2081\" data-end=\"2190\">\n<li class=\"ai-optimize-85\" data-start=\"2081\" data-end=\"2107\">\n<p class=\"ai-optimize-86\" data-start=\"2083\" data-end=\"2107\"><strong>Gut sichtbare Farbe<\/strong><\/p>\n<\/li>\n<li class=\"ai-optimize-87\" data-start=\"2108\" data-end=\"2131\">\n<p class=\"ai-optimize-88\" data-start=\"2110\" data-end=\"2131\"><strong>Schwimmf\u00e4hig<\/strong><\/p>\n<\/li>\n<li class=\"ai-optimize-89\" data-start=\"2132\" data-end=\"2190\">\n<p class=\"ai-optimize-90\" data-start=\"2134\" data-end=\"2190\"><strong>Ideale Gr\u00f6\u00dfe f\u00fcr EPIRB, zus\u00e4tzliche Sicherheitsausr\u00fcstung und wichtige Dokumente<\/strong><\/p>\n<\/li>\n<\/ul>\n","protected":false},"excerpt":{"rendered":"<ul>\n<li class=\"ai-optimize-38\">Das EPIRB3-Kit ist eine erstklassige Komplett-Sicherheitsl\u00f6sung f\u00fcr Segler, die von Anfang an die fortschrittlichsten verf\u00fcgbaren EPIRB-Funktionen w\u00fcnschen.<\/li>\n<li class=\"ai-optimize-39\">Mit AIS, Return Link Service, GNSS-Positionierung und globaler Cospas-Sarsat-Alarmierung bietet die EPIRB3 Solo- und Crew-Seglern vom ersten Tag an eine zukunftssichere Sicherheitsausstattung.<\/li>\n<li class=\"ai-optimize-40\">Die mitgelieferte Wundertasche bietet Ihnen eine gut sichtbare und schwimmf\u00e4hige Aufbewahrungsl\u00f6sung f\u00fcr Ihre EPIRB3, den Signalspiegel und die Pfeife, die im Kit enthalten sind.<\/li>\n<\/ul>\n<p class=\"ai-optimize-41\">Gesamtwert des Sets (UVP): 990,97 \u00a3. Sparen Sie 129,98 \u00a3 mit diesem Set! <\/p>\n","protected":false},"featured_media":31576,"template":"","meta":{"_acf_changed":false,"om_disable_all_campaigns":false},"product_brand":[],"product_cat":[469,1686],"product_tag":[710,713,1687,1353],"class_list":{"0":"post-31926","1":"product","2":"type-product","3":"status-publish","4":"has-post-thumbnail","6":"product_cat-rescueme-de","7":"product_cat-sicherheitskits","8":"product_tag-epirb-de","9":"product_tag-epirb3-de","10":"product_tag-sicherheitskits","11":"product_tag-wundertute","13":"first","14":"instock","15":"taxable","16":"shipping-taxable","17":"purchasable","18":"product-type-simple"},"acf":[],"yoast_head":"<!-- This site is optimized with the Yoast SEO Premium plugin v25.2 (Yoast SEO v26.4) - https:\/\/yoast.com\/wordpress\/plugins\/seo\/ -->\n<title>EPIRB3 Segelsicherheitskit - Ocean Signal<\/title>\n<meta name=\"robots\" content=\"index, follow, max-snippet:-1, max-image-preview:large, max-video-preview:-1\" \/>\n<link rel=\"canonical\" href=\"https:\/\/oceansignal.com\/de\/products\/epirb3-sicherheitskit\/\" \/>\n<meta property=\"og:locale\" content=\"de_DE\" \/>\n<meta property=\"og:type\" content=\"article\" \/>\n<meta property=\"og:title\" content=\"EPIRB3 Segelsicherheitskit\" \/>\n<meta property=\"og:description\" content=\"Das EPIRB3-Kit ist eine erstklassige Komplett-Sicherheitsl\u00f6sung f\u00fcr Segler, die von Anfang an die fortschrittlichsten verf\u00fcgbaren EPIRB-Funktionen w\u00fcnschen.  Mit AIS, Return Link Service, GNSS-Positionierung und globaler Cospas-Sarsat-Alarmierung bietet die EPIRB3 Solo- und Crew-Seglern vom ersten Tag an eine zukunftssichere Sicherheitsausstattung.  Die mitgelieferte Wundertasche bietet Ihnen eine gut sichtbare und schwimmf\u00e4hige Aufbewahrungsl\u00f6sung f\u00fcr Ihre EPIRB3, den Signalspiegel und die Pfeife, die im Kit enthalten sind. Gesamtwert des Sets (UVP): 990,97 \u00a3. Sparen Sie 129,98 \u00a3 mit diesem Set!\" \/>\n<meta property=\"og:url\" content=\"https:\/\/oceansignal.com\/de\/products\/epirb3-sicherheitskit\/\" \/>\n<meta property=\"og:site_name\" content=\"Ocean Signal\" \/>\n<meta property=\"article:modified_time\" content=\"2026-03-26T15:12:32+00:00\" \/>\n<meta property=\"og:image\" content=\"https:\/\/oceansignal.com\/wp-content\/uploads\/2025\/06\/Grab_Bag_EPIRB3_Kit-1.jpg\" \/>\n\t<meta property=\"og:image:width\" content=\"911\" \/>\n\t<meta property=\"og:image:height\" content=\"805\" \/>\n\t<meta property=\"og:image:type\" content=\"image\/jpeg\" \/>\n<meta name=\"twitter:card\" content=\"summary_large_image\" \/>\n<meta name=\"twitter:label1\" content=\"Gesch\u00e4tzte Lesezeit\" \/>\n\t<meta name=\"twitter:data1\" content=\"2\u00a0Minuten\" \/>\n<script type=\"application\/ld+json\" class=\"yoast-schema-graph\">{\"@context\":\"https:\/\/schema.org\",\"@graph\":[{\"@type\":\"WebPage\",\"@id\":\"https:\/\/oceansignal.com\/de\/products\/epirb3-sicherheitskit\/\",\"url\":\"https:\/\/oceansignal.com\/de\/products\/epirb3-sicherheitskit\/\",\"name\":\"EPIRB3 Segelsicherheitskit - Ocean Signal\",\"isPartOf\":{\"@id\":\"https:\/\/oceansignal.com\/de\/#website\"},\"primaryImageOfPage\":{\"@id\":\"https:\/\/oceansignal.com\/de\/products\/epirb3-sicherheitskit\/#primaryimage\"},\"image\":{\"@id\":\"https:\/\/oceansignal.com\/de\/products\/epirb3-sicherheitskit\/#primaryimage\"},\"thumbnailUrl\":\"https:\/\/oceansignal.com\/wp-content\/uploads\/2025\/06\/Grab_Bag_EPIRB3_Kit-1.jpg\",\"datePublished\":\"2025-06-24T09:48:12+00:00\",\"dateModified\":\"2026-03-26T15:12:32+00:00\",\"breadcrumb\":{\"@id\":\"https:\/\/oceansignal.com\/de\/products\/epirb3-sicherheitskit\/#breadcrumb\"},\"inLanguage\":\"de\",\"potentialAction\":[{\"@type\":\"ReadAction\",\"target\":[\"https:\/\/oceansignal.com\/de\/products\/epirb3-sicherheitskit\/\"]}]},{\"@type\":\"ImageObject\",\"inLanguage\":\"de\",\"@id\":\"https:\/\/oceansignal.com\/de\/products\/epirb3-sicherheitskit\/#primaryimage\",\"url\":\"https:\/\/oceansignal.com\/wp-content\/uploads\/2025\/06\/Grab_Bag_EPIRB3_Kit-1.jpg\",\"contentUrl\":\"https:\/\/oceansignal.com\/wp-content\/uploads\/2025\/06\/Grab_Bag_EPIRB3_Kit-1.jpg\",\"width\":911,\"height\":805},{\"@type\":\"BreadcrumbList\",\"@id\":\"https:\/\/oceansignal.com\/de\/products\/epirb3-sicherheitskit\/#breadcrumb\",\"itemListElement\":[{\"@type\":\"ListItem\",\"position\":1,\"name\":\"Produkte\",\"item\":\"https:\/\/oceansignal.com\/de\/produkte\/\"},{\"@type\":\"ListItem\",\"position\":2,\"name\":\"EPIRB3 Segelsicherheitskit\"}]},{\"@type\":\"WebSite\",\"@id\":\"https:\/\/oceansignal.com\/de\/#website\",\"url\":\"https:\/\/oceansignal.com\/de\/\",\"name\":\"Ocean Signal\",\"description\":\"A leading manufacturer of EPIRBs, AIS, SARTs, Personal Locator Beacons, Man Overboard Beacon for the Marine and Outdoor Markets.\",\"potentialAction\":[{\"@type\":\"SearchAction\",\"target\":{\"@type\":\"EntryPoint\",\"urlTemplate\":\"https:\/\/oceansignal.com\/de\/?s={search_term_string}\"},\"query-input\":{\"@type\":\"PropertyValueSpecification\",\"valueRequired\":true,\"valueName\":\"search_term_string\"}}],\"inLanguage\":\"de\"}]}<\/script>\n<!-- \/ Yoast SEO Premium plugin. -->","yoast_head_json":{"title":"EPIRB3 Segelsicherheitskit - Ocean Signal","robots":{"index":"index","follow":"follow","max-snippet":"max-snippet:-1","max-image-preview":"max-image-preview:large","max-video-preview":"max-video-preview:-1"},"canonical":"https:\/\/oceansignal.com\/de\/products\/epirb3-sicherheitskit\/","og_locale":"de_DE","og_type":"article","og_title":"EPIRB3 Segelsicherheitskit","og_description":"Das EPIRB3-Kit ist eine erstklassige Komplett-Sicherheitsl\u00f6sung f\u00fcr Segler, die von Anfang an die fortschrittlichsten verf\u00fcgbaren EPIRB-Funktionen w\u00fcnschen.  Mit AIS, Return Link Service, GNSS-Positionierung und globaler Cospas-Sarsat-Alarmierung bietet die EPIRB3 Solo- und Crew-Seglern vom ersten Tag an eine zukunftssichere Sicherheitsausstattung.  Die mitgelieferte Wundertasche bietet Ihnen eine gut sichtbare und schwimmf\u00e4hige Aufbewahrungsl\u00f6sung f\u00fcr Ihre EPIRB3, den Signalspiegel und die Pfeife, die im Kit enthalten sind. Gesamtwert des Sets (UVP): 990,97 \u00a3. Sparen Sie 129,98 \u00a3 mit diesem Set!","og_url":"https:\/\/oceansignal.com\/de\/products\/epirb3-sicherheitskit\/","og_site_name":"Ocean Signal","article_modified_time":"2026-03-26T15:12:32+00:00","og_image":[{"width":911,"height":805,"url":"https:\/\/oceansignal.com\/wp-content\/uploads\/2025\/06\/Grab_Bag_EPIRB3_Kit-1.jpg","type":"image\/jpeg"}],"twitter_card":"summary_large_image","twitter_misc":{"Gesch\u00e4tzte Lesezeit":"2\u00a0Minuten"},"schema":{"@context":"https:\/\/schema.org","@graph":[{"@type":"WebPage","@id":"https:\/\/oceansignal.com\/de\/products\/epirb3-sicherheitskit\/","url":"https:\/\/oceansignal.com\/de\/products\/epirb3-sicherheitskit\/","name":"EPIRB3 Segelsicherheitskit - Ocean Signal","isPartOf":{"@id":"https:\/\/oceansignal.com\/de\/#website"},"primaryImageOfPage":{"@id":"https:\/\/oceansignal.com\/de\/products\/epirb3-sicherheitskit\/#primaryimage"},"image":{"@id":"https:\/\/oceansignal.com\/de\/products\/epirb3-sicherheitskit\/#primaryimage"},"thumbnailUrl":"https:\/\/oceansignal.com\/wp-content\/uploads\/2025\/06\/Grab_Bag_EPIRB3_Kit-1.jpg","datePublished":"2025-06-24T09:48:12+00:00","dateModified":"2026-03-26T15:12:32+00:00","breadcrumb":{"@id":"https:\/\/oceansignal.com\/de\/products\/epirb3-sicherheitskit\/#breadcrumb"},"inLanguage":"de","potentialAction":[{"@type":"ReadAction","target":["https:\/\/oceansignal.com\/de\/products\/epirb3-sicherheitskit\/"]}]},{"@type":"ImageObject","inLanguage":"de","@id":"https:\/\/oceansignal.com\/de\/products\/epirb3-sicherheitskit\/#primaryimage","url":"https:\/\/oceansignal.com\/wp-content\/uploads\/2025\/06\/Grab_Bag_EPIRB3_Kit-1.jpg","contentUrl":"https:\/\/oceansignal.com\/wp-content\/uploads\/2025\/06\/Grab_Bag_EPIRB3_Kit-1.jpg","width":911,"height":805},{"@type":"BreadcrumbList","@id":"https:\/\/oceansignal.com\/de\/products\/epirb3-sicherheitskit\/#breadcrumb","itemListElement":[{"@type":"ListItem","position":1,"name":"Produkte","item":"https:\/\/oceansignal.com\/de\/produkte\/"},{"@type":"ListItem","position":2,"name":"EPIRB3 Segelsicherheitskit"}]},{"@type":"WebSite","@id":"https:\/\/oceansignal.com\/de\/#website","url":"https:\/\/oceansignal.com\/de\/","name":"Ocean Signal","description":"A leading manufacturer of EPIRBs, AIS, SARTs, Personal Locator Beacons, Man Overboard Beacon for the Marine and Outdoor Markets.","potentialAction":[{"@type":"SearchAction","target":{"@type":"EntryPoint","urlTemplate":"https:\/\/oceansignal.com\/de\/?s={search_term_string}"},"query-input":{"@type":"PropertyValueSpecification","valueRequired":true,"valueName":"search_term_string"}}],"inLanguage":"de"}]}},"_links":{"self":[{"href":"https:\/\/oceansignal.com\/de\/wp-json\/wp\/v2\/product\/31926","targetHints":{"allow":["GET"]}}],"collection":[{"href":"https:\/\/oceansignal.com\/de\/wp-json\/wp\/v2\/product"}],"about":[{"href":"https:\/\/oceansignal.com\/de\/wp-json\/wp\/v2\/types\/product"}],"wp:featuredmedia":[{"embeddable":true,"href":"https:\/\/oceansignal.com\/de\/wp-json\/wp\/v2\/media\/31576"}],"wp:attachment":[{"href":"https:\/\/oceansignal.com\/de\/wp-json\/wp\/v2\/media?parent=31926"}],"wp:term":[{"taxonomy":"product_brand","embeddable":true,"href":"https:\/\/oceansignal.com\/de\/wp-json\/wp\/v2\/product_brand?post=31926"},{"taxonomy":"product_cat","embeddable":true,"href":"https:\/\/oceansignal.com\/de\/wp-json\/wp\/v2\/product_cat?post=31926"},{"taxonomy":"product_tag","embeddable":true,"href":"https:\/\/oceansignal.com\/de\/wp-json\/wp\/v2\/product_tag?post=31926"}],"curies":[{"name":"wp","href":"https:\/\/api.w.org\/{rel}","templated":true}]}}