{"id":31942,"date":"2025-06-17T12:56:37","date_gmt":"2025-06-17T12:56:37","guid":{"rendered":"https:\/\/oceansignal.com\/products\/epirb1-sicherheitskit\/"},"modified":"2025-08-21T14:03:39","modified_gmt":"2025-08-21T14:03:39","slug":"epirb1-sicherheitskit","status":"publish","type":"product","link":"https:\/\/oceansignal.com\/de\/products\/epirb1-sicherheitskit\/","title":{"rendered":"EPIRB1-Sicherheitskit"},"content":{"rendered":"<h3><img loading=\"lazy\" decoding=\"async\" class=\"alignnone size-full wp-image-32359\" src=\"https:\/\/oceansignal.com\/wp-content\/uploads\/2025\/07\/View-New-Safety-Kits.png\" alt=\"\" width=\"300\" height=\"75\" srcset=\"https:\/\/oceansignal.com\/wp-content\/uploads\/2025\/07\/View-New-Safety-Kits.png 300w, https:\/\/oceansignal.com\/wp-content\/uploads\/2025\/07\/View-New-Safety-Kits-60x15.png 60w, https:\/\/oceansignal.com\/wp-content\/uploads\/2025\/07\/View-New-Safety-Kits-110x28.png 110w\" sizes=\"auto, (max-width: 300px) 100vw, 300px\" \/><\/h3>\n<h3>Warum sollten Sie sich f\u00fcr das EPIRB1-Sicherheitskit entscheiden?<\/h3>\n<p>Dieses Kit wurde f\u00fcr reale Notf\u00e4lle zusammengestellt: Mastverlust, Feuer, Untergang oder pl\u00f6tzliches Verlassen des Schiffes. Ob Sie den \u00c4rmelkanal \u00fcberqueren oder sich weiter aufs Meer wagen, das <em>EPIRB1-Sicherheitskit<\/em> verschafft Ihnen im Ernstfall einen entscheidenden Vorsprung \u2013 und kann Ihr Leben retten. <\/p>\n<p>Das EPIRB1 Safety Kit ist ein kompaktes, schnell einsatzbereites Notfall-Sicherheitspaket f\u00fcr Solosegler, begeisterte Angler und K\u00fcstenfahrer, die professionelle Ausr\u00fcstung mit minimalem Aufwand w\u00fcnschen. Es vereint drei wichtige Werkzeuge in einem hochwertigen Paket, die Ihre Chancen auf eine schnelle und koordinierte Rettung erh\u00f6hen. <\/p>\n<h3><strong>Entwickelt f\u00fcr:<\/strong><\/h3>\n<ul>\n<li>Solo-Hochseesegler<\/li>\n<li>Yachtbesitzer auf der Suche nach einer konformen Wundert\u00fcte<\/li>\n<li>K\u00fcstenkreuzer und Lieferkapit\u00e4ne<\/li>\n<li>Freizeitangler<\/li>\n<li>Sicherheitsbewusste Neueinsteiger, die ihr Boot zum ersten Mal ausr\u00fcsten<\/li>\n<\/ul>\n<h3><strong>Was ist enthalten und warum ist es wichtig<\/strong><\/h3>\n<h4><strong>1 \u00d7 Ocean Signal EPIRB1 Cat II Notsignal<\/strong><\/h4>\n<p><img loading=\"lazy\" decoding=\"async\" class=\"alignnone wp-image-31391 size-medium\" src=\"https:\/\/oceansignal.com\/wp-content\/uploads\/2025\/06\/EPIRB-1.2-153x300.png\" alt=\"\" width=\"153\" height=\"300\" srcset=\"https:\/\/oceansignal.com\/wp-content\/uploads\/2025\/06\/EPIRB-1.2-153x300.png 153w, https:\/\/oceansignal.com\/wp-content\/uploads\/2025\/06\/EPIRB-1.2-522x1024.png 522w, https:\/\/oceansignal.com\/wp-content\/uploads\/2025\/06\/EPIRB-1.2-768x1507.png 768w, https:\/\/oceansignal.com\/wp-content\/uploads\/2025\/06\/EPIRB-1.2-783x1536.png 783w, https:\/\/oceansignal.com\/wp-content\/uploads\/2025\/06\/EPIRB-1.2-600x1177.png 600w, https:\/\/oceansignal.com\/wp-content\/uploads\/2025\/06\/EPIRB-1.2-60x118.png 60w, https:\/\/oceansignal.com\/wp-content\/uploads\/2025\/06\/EPIRB-1.2-110x216.png 110w, https:\/\/oceansignal.com\/wp-content\/uploads\/2025\/06\/EPIRB-1.2.png 822w\" sizes=\"auto, (max-width: 153px) 100vw, 153px\" \/><\/p>\n<p>EPIRBs sind die effektivste Methode, um bei Offshore-Notf\u00e4llen eine globale SAR-Reaktion auszul\u00f6sen.<br \/>\n Einzelhandelswert: 484,99 \u00a3<\/p>\n<p>Das Herzst\u00fcck des Kits \u2013 ein 406 MHz EPIRB (Emergency Position Indicating Radio Beacon), der Ihren Standort bei Aktivierung automatisch an globale Such- und Rettungssatelliten \u00fcbertr\u00e4gt. Der EPIRB1 nutzt GPS und das COSPAS-SARSAT-Satellitennetzwerk, um Ihre Position weltweit zu bestimmen und innerhalb weniger Minuten Hilfe zu alarmieren. <\/p>\n<ul>\n<li><strong>Hochpr\u00e4zises GPS<\/strong> stellt sicher, dass Rettungskr\u00e4fte pr\u00e4zise Standortaktualisierungen erhalten.<\/li>\n<li>Dank <strong>der Akkulaufzeit von \u00fcber 48 Stunden<\/strong> haben Suchteams viel Zeit, Sie zu finden.<\/li>\n<li><strong>Die manuelle Halterung (Kat. II)<\/strong> erm\u00f6glicht die einfache Montage an Bord.<\/li>\n<\/ul>\n<hr>\n<h4><strong>1 \u00d7 ACR Signalspiegel und Pfeife<\/strong><\/h4>\n<p><img loading=\"lazy\" decoding=\"async\" class=\"alignnone wp-image-31407 size-medium\" src=\"https:\/\/oceansignal.com\/wp-content\/uploads\/2025\/06\/Grab_Bag_EPIRB1_Kit-300x218.png\" alt=\"\" width=\"300\" height=\"218\"><\/p>\n<p>Sobald Rettungskr\u00e4fte in der N\u00e4he sind, ist es wichtig, Ihre genaue Position optisch oder akustisch signalisieren zu k\u00f6nnen \u2013 insbesondere bei rauer See oder schlechter Sicht. <em><br \/>\nEinzelhandelswert: 10,99 \u00a3<\/em><\/p>\n<p>Eine einfache, aber wirkungsvolle Kombination aus visuellen und akustischen Signalen, die den Unterschied ausmachen kann, ob Sie von einem Rettungsflugzeug oder -schiff entdeckt oder \u00fcbersehen werden.<\/p>\n<ul>\n<li><strong>Signalspiegel:<\/strong> <strong>Entwickelt, um Sonnenlicht \u00fcber gro\u00dfe Entfernungen zu reflektieren, ideal, um die Aufmerksamkeit vorbeifahrender Schiffe oder Flugzeuge auf sich zu ziehen.<\/strong><\/li>\n<li><strong>Pfeife: Gibt scharfe Tonsignale ab, die Wind- und Wellenger\u00e4usche durchdringen k\u00f6nnen.<\/strong><\/li>\n<\/ul>\n<hr>\n<h4><strong>1 \u00d7 wasserdichte Wundert\u00fcte von Ocean Signal<\/strong><\/h4>\n<p><img loading=\"lazy\" decoding=\"async\" class=\"alignnone wp-image-31488 size-medium\" src=\"https:\/\/oceansignal.com\/wp-content\/uploads\/2025\/06\/Grab_Bag-1-241x300.webp\" alt=\"\" width=\"241\" height=\"300\" srcset=\"https:\/\/oceansignal.com\/wp-content\/uploads\/2025\/06\/Grab_Bag-1-241x300.webp 241w, https:\/\/oceansignal.com\/wp-content\/uploads\/2025\/06\/Grab_Bag-1-60x75.webp 60w, https:\/\/oceansignal.com\/wp-content\/uploads\/2025\/06\/Grab_Bag-1-110x137.webp 110w, https:\/\/oceansignal.com\/wp-content\/uploads\/2025\/06\/Grab_Bag-1.webp 489w\" sizes=\"auto, (max-width: 241px) 100vw, 241px\" \/><\/p>\n<p>Im Chaos eines Notfalls k\u00f6nnen Sie sich mit dieser Wundertasche schnell bewegen und haben alles dabei, was Sie brauchen \u2013 trocken, geordnet und einfach zu greifen und loszugehen.<br \/>\n Einzelhandelswert: 129,99 \u00a3<\/p>\n<p>Ein robuster, wasserdichter Beutel in Marinequalit\u00e4t f\u00fcr den Transport Ihrer EPIRB, Signalausr\u00fcstung, Dokumente und anderer Sicherheitsausr\u00fcstung und -utensilien. Schwimmf\u00e4hig und trocken in rauen Meeresumgebungen. <\/p>\n<ul>\n<li><strong>Helle, gut sichtbare Farbe f\u00fcr schnelles Erkennen.<\/strong><\/li>\n<li><strong>Der sichere Verschluss h\u00e4lt den Inhalt trocken und gesch\u00fctzt.<\/strong><\/li>\n<li><strong>Bequemer Tragegriff f\u00fcr eine schnelle Evakuierung.<\/strong><\/li>\n<\/ul>\n","protected":false},"excerpt":{"rendered":"<p>Das EPIRB 1 Safety Kit ist eine einsatzbereite Tasche mit wichtiger Notfallausr\u00fcstung. Es basiert auf dem ultrakompakten EPIRB1 Kategorie II-Sender von Ocean Signal und enth\u00e4lt au\u00dferdem einen Signalspiegel und eine Pfeife, sodass Sie stets \u00fcber die notwendige Sicherheitsausr\u00fcstung verf\u00fcgen. <\/p>\n<p>Perfekt f\u00fcr Solosegler, K\u00fcstenkreuzer oder diejenigen, die ein erstes Sicherheitsset anlegen.<\/p>\n<p>Gesamtwert des Kits zum UVP: 625,97 \u00a3. Sparen Sie mit diesem Kit 95,98 \u00a3! <\/p>\n","protected":false},"featured_media":31296,"template":"","meta":{"_acf_changed":false,"om_disable_all_campaigns":false},"product_brand":[],"product_cat":[469,1686],"product_tag":[],"class_list":{"0":"post-31942","1":"product","2":"type-product","3":"status-publish","4":"has-post-thumbnail","6":"product_cat-rescueme-de","7":"product_cat-sicherheitskits","9":"first","10":"instock","11":"taxable","12":"shipping-taxable","13":"purchasable","14":"product-type-simple"},"acf":[],"yoast_head":"<!-- This site is optimized with the Yoast SEO Premium plugin v25.2 (Yoast SEO v26.4) - https:\/\/yoast.com\/wordpress\/plugins\/seo\/ -->\n<title>EPIRB1-Sicherheitskit - Ocean Signal<\/title>\n<meta name=\"robots\" content=\"index, follow, max-snippet:-1, max-image-preview:large, max-video-preview:-1\" \/>\n<link rel=\"canonical\" href=\"https:\/\/oceansignal.com\/de\/products\/epirb1-sicherheitskit\/\" \/>\n<meta property=\"og:locale\" content=\"de_DE\" \/>\n<meta property=\"og:type\" content=\"article\" \/>\n<meta property=\"og:title\" content=\"EPIRB1-Sicherheitskit\" \/>\n<meta property=\"og:description\" content=\"Das EPIRB 1 Safety Kit ist eine einsatzbereite Tasche mit wichtiger Notfallausr\u00fcstung. Es basiert auf dem ultrakompakten EPIRB1 Kategorie II-Sender von Ocean Signal und enth\u00e4lt au\u00dferdem einen Signalspiegel und eine Pfeife, sodass Sie stets \u00fcber die notwendige Sicherheitsausr\u00fcstung verf\u00fcgen.  Perfekt f\u00fcr Solosegler, K\u00fcstenkreuzer oder diejenigen, die ein erstes Sicherheitsset anlegen. Gesamtwert des Kits zum UVP: 625,97 \u00a3. Sparen Sie mit diesem Kit 95,98 \u00a3!\" \/>\n<meta property=\"og:url\" content=\"https:\/\/oceansignal.com\/de\/products\/epirb1-sicherheitskit\/\" \/>\n<meta property=\"og:site_name\" content=\"Ocean Signal\" \/>\n<meta property=\"article:modified_time\" content=\"2025-08-21T14:03:39+00:00\" \/>\n<meta property=\"og:image\" content=\"https:\/\/oceansignal.com\/wp-content\/uploads\/2025\/06\/Grab_Bag_EPIRB1_Kit-1.jpg\" \/>\n\t<meta property=\"og:image:width\" content=\"911\" \/>\n\t<meta property=\"og:image:height\" content=\"805\" \/>\n\t<meta property=\"og:image:type\" content=\"image\/jpeg\" \/>\n<meta name=\"twitter:card\" content=\"summary_large_image\" \/>\n<meta name=\"twitter:label1\" content=\"Gesch\u00e4tzte Lesezeit\" \/>\n\t<meta name=\"twitter:data1\" content=\"2\u00a0Minuten\" \/>\n<script type=\"application\/ld+json\" class=\"yoast-schema-graph\">{\"@context\":\"https:\/\/schema.org\",\"@graph\":[{\"@type\":\"WebPage\",\"@id\":\"https:\/\/oceansignal.com\/de\/products\/epirb1-sicherheitskit\/\",\"url\":\"https:\/\/oceansignal.com\/de\/products\/epirb1-sicherheitskit\/\",\"name\":\"EPIRB1-Sicherheitskit - Ocean Signal\",\"isPartOf\":{\"@id\":\"https:\/\/oceansignal.com\/de\/#website\"},\"primaryImageOfPage\":{\"@id\":\"https:\/\/oceansignal.com\/de\/products\/epirb1-sicherheitskit\/#primaryimage\"},\"image\":{\"@id\":\"https:\/\/oceansignal.com\/de\/products\/epirb1-sicherheitskit\/#primaryimage\"},\"thumbnailUrl\":\"https:\/\/oceansignal.com\/wp-content\/uploads\/2025\/06\/Grab_Bag_EPIRB1_Kit-1.jpg\",\"datePublished\":\"2025-06-17T12:56:37+00:00\",\"dateModified\":\"2025-08-21T14:03:39+00:00\",\"breadcrumb\":{\"@id\":\"https:\/\/oceansignal.com\/de\/products\/epirb1-sicherheitskit\/#breadcrumb\"},\"inLanguage\":\"de\",\"potentialAction\":[{\"@type\":\"ReadAction\",\"target\":[\"https:\/\/oceansignal.com\/de\/products\/epirb1-sicherheitskit\/\"]}]},{\"@type\":\"ImageObject\",\"inLanguage\":\"de\",\"@id\":\"https:\/\/oceansignal.com\/de\/products\/epirb1-sicherheitskit\/#primaryimage\",\"url\":\"https:\/\/oceansignal.com\/wp-content\/uploads\/2025\/06\/Grab_Bag_EPIRB1_Kit-1.jpg\",\"contentUrl\":\"https:\/\/oceansignal.com\/wp-content\/uploads\/2025\/06\/Grab_Bag_EPIRB1_Kit-1.jpg\",\"width\":911,\"height\":805},{\"@type\":\"BreadcrumbList\",\"@id\":\"https:\/\/oceansignal.com\/de\/products\/epirb1-sicherheitskit\/#breadcrumb\",\"itemListElement\":[{\"@type\":\"ListItem\",\"position\":1,\"name\":\"Produkte\",\"item\":\"https:\/\/oceansignal.com\/de\/produkte\/\"},{\"@type\":\"ListItem\",\"position\":2,\"name\":\"EPIRB1-Sicherheitskit\"}]},{\"@type\":\"WebSite\",\"@id\":\"https:\/\/oceansignal.com\/de\/#website\",\"url\":\"https:\/\/oceansignal.com\/de\/\",\"name\":\"Ocean Signal\",\"description\":\"A leading manufacturer of EPIRBs, AIS, SARTs, Personal Locator Beacons, Man Overboard Beacon for the Marine and Outdoor Markets.\",\"potentialAction\":[{\"@type\":\"SearchAction\",\"target\":{\"@type\":\"EntryPoint\",\"urlTemplate\":\"https:\/\/oceansignal.com\/de\/?s={search_term_string}\"},\"query-input\":{\"@type\":\"PropertyValueSpecification\",\"valueRequired\":true,\"valueName\":\"search_term_string\"}}],\"inLanguage\":\"de\"}]}<\/script>\n<!-- \/ Yoast SEO Premium plugin. -->","yoast_head_json":{"title":"EPIRB1-Sicherheitskit - Ocean Signal","robots":{"index":"index","follow":"follow","max-snippet":"max-snippet:-1","max-image-preview":"max-image-preview:large","max-video-preview":"max-video-preview:-1"},"canonical":"https:\/\/oceansignal.com\/de\/products\/epirb1-sicherheitskit\/","og_locale":"de_DE","og_type":"article","og_title":"EPIRB1-Sicherheitskit","og_description":"Das EPIRB 1 Safety Kit ist eine einsatzbereite Tasche mit wichtiger Notfallausr\u00fcstung. Es basiert auf dem ultrakompakten EPIRB1 Kategorie II-Sender von Ocean Signal und enth\u00e4lt au\u00dferdem einen Signalspiegel und eine Pfeife, sodass Sie stets \u00fcber die notwendige Sicherheitsausr\u00fcstung verf\u00fcgen.  Perfekt f\u00fcr Solosegler, K\u00fcstenkreuzer oder diejenigen, die ein erstes Sicherheitsset anlegen. Gesamtwert des Kits zum UVP: 625,97 \u00a3. Sparen Sie mit diesem Kit 95,98 \u00a3!","og_url":"https:\/\/oceansignal.com\/de\/products\/epirb1-sicherheitskit\/","og_site_name":"Ocean Signal","article_modified_time":"2025-08-21T14:03:39+00:00","og_image":[{"width":911,"height":805,"url":"https:\/\/oceansignal.com\/wp-content\/uploads\/2025\/06\/Grab_Bag_EPIRB1_Kit-1.jpg","type":"image\/jpeg"}],"twitter_card":"summary_large_image","twitter_misc":{"Gesch\u00e4tzte Lesezeit":"2\u00a0Minuten"},"schema":{"@context":"https:\/\/schema.org","@graph":[{"@type":"WebPage","@id":"https:\/\/oceansignal.com\/de\/products\/epirb1-sicherheitskit\/","url":"https:\/\/oceansignal.com\/de\/products\/epirb1-sicherheitskit\/","name":"EPIRB1-Sicherheitskit - Ocean Signal","isPartOf":{"@id":"https:\/\/oceansignal.com\/de\/#website"},"primaryImageOfPage":{"@id":"https:\/\/oceansignal.com\/de\/products\/epirb1-sicherheitskit\/#primaryimage"},"image":{"@id":"https:\/\/oceansignal.com\/de\/products\/epirb1-sicherheitskit\/#primaryimage"},"thumbnailUrl":"https:\/\/oceansignal.com\/wp-content\/uploads\/2025\/06\/Grab_Bag_EPIRB1_Kit-1.jpg","datePublished":"2025-06-17T12:56:37+00:00","dateModified":"2025-08-21T14:03:39+00:00","breadcrumb":{"@id":"https:\/\/oceansignal.com\/de\/products\/epirb1-sicherheitskit\/#breadcrumb"},"inLanguage":"de","potentialAction":[{"@type":"ReadAction","target":["https:\/\/oceansignal.com\/de\/products\/epirb1-sicherheitskit\/"]}]},{"@type":"ImageObject","inLanguage":"de","@id":"https:\/\/oceansignal.com\/de\/products\/epirb1-sicherheitskit\/#primaryimage","url":"https:\/\/oceansignal.com\/wp-content\/uploads\/2025\/06\/Grab_Bag_EPIRB1_Kit-1.jpg","contentUrl":"https:\/\/oceansignal.com\/wp-content\/uploads\/2025\/06\/Grab_Bag_EPIRB1_Kit-1.jpg","width":911,"height":805},{"@type":"BreadcrumbList","@id":"https:\/\/oceansignal.com\/de\/products\/epirb1-sicherheitskit\/#breadcrumb","itemListElement":[{"@type":"ListItem","position":1,"name":"Produkte","item":"https:\/\/oceansignal.com\/de\/produkte\/"},{"@type":"ListItem","position":2,"name":"EPIRB1-Sicherheitskit"}]},{"@type":"WebSite","@id":"https:\/\/oceansignal.com\/de\/#website","url":"https:\/\/oceansignal.com\/de\/","name":"Ocean Signal","description":"A leading manufacturer of EPIRBs, AIS, SARTs, Personal Locator Beacons, Man Overboard Beacon for the Marine and Outdoor Markets.","potentialAction":[{"@type":"SearchAction","target":{"@type":"EntryPoint","urlTemplate":"https:\/\/oceansignal.com\/de\/?s={search_term_string}"},"query-input":{"@type":"PropertyValueSpecification","valueRequired":true,"valueName":"search_term_string"}}],"inLanguage":"de"}]}},"_links":{"self":[{"href":"https:\/\/oceansignal.com\/de\/wp-json\/wp\/v2\/product\/31942","targetHints":{"allow":["GET"]}}],"collection":[{"href":"https:\/\/oceansignal.com\/de\/wp-json\/wp\/v2\/product"}],"about":[{"href":"https:\/\/oceansignal.com\/de\/wp-json\/wp\/v2\/types\/product"}],"wp:featuredmedia":[{"embeddable":true,"href":"https:\/\/oceansignal.com\/de\/wp-json\/wp\/v2\/media\/31296"}],"wp:attachment":[{"href":"https:\/\/oceansignal.com\/de\/wp-json\/wp\/v2\/media?parent=31942"}],"wp:term":[{"taxonomy":"product_brand","embeddable":true,"href":"https:\/\/oceansignal.com\/de\/wp-json\/wp\/v2\/product_brand?post=31942"},{"taxonomy":"product_cat","embeddable":true,"href":"https:\/\/oceansignal.com\/de\/wp-json\/wp\/v2\/product_cat?post=31942"},{"taxonomy":"product_tag","embeddable":true,"href":"https:\/\/oceansignal.com\/de\/wp-json\/wp\/v2\/product_tag?post=31942"}],"curies":[{"name":"wp","href":"https:\/\/api.w.org\/{rel}","templated":true}]}}