{"id":31953,"date":"2025-06-24T09:31:27","date_gmt":"2025-06-24T09:31:27","guid":{"rendered":"https:\/\/oceansignal.com\/products\/plb1-sicherheitskit\/"},"modified":"2026-03-18T16:38:29","modified_gmt":"2026-03-18T16:38:29","slug":"plb1-sicherheitskit","status":"publish","type":"product","link":"https:\/\/oceansignal.com\/de\/products\/plb1-sicherheitskit\/","title":{"rendered":"PLB1 Sicherheitsset"},"content":{"rendered":"<h3 data-start=\"3285\" data-end=\"3337\"><strong data-start=\"3292\" data-end=\"3337\"><img loading=\"lazy\" decoding=\"async\" class=\"alignnone size-full wp-image-32359\" src=\"https:\/\/oceansignal.com\/wp-content\/uploads\/2025\/07\/View-New-Safety-Kits.png\" alt=\"\" width=\"300\" height=\"75\" srcset=\"https:\/\/oceansignal.com\/wp-content\/uploads\/2025\/07\/View-New-Safety-Kits.png 300w, https:\/\/oceansignal.com\/wp-content\/uploads\/2025\/07\/View-New-Safety-Kits-60x15.png 60w, https:\/\/oceansignal.com\/wp-content\/uploads\/2025\/07\/View-New-Safety-Kits-110x28.png 110w\" sizes=\"auto, (max-width: 300px) 100vw, 300px\" \/><\/strong><\/h3>\n<h3 data-start=\"3116\" data-end=\"3164\"><strong data-start=\"3123\" data-end=\"3164\">Warum das PLB1-Sicherheitsset w\u00e4hlen?<\/strong><\/h3>\n<p data-start=\"3166\" data-end=\"3448\">Dieses Set wurde f\u00fcr unabh\u00e4ngiges Arbeiten entwickelt und bietet Seeleuten und Piloten die M\u00f6glichkeit, sich und ihre Crew mit einem professionellen Sicherheitssystem zu sch\u00fctzen, das kompakt, kosteng\u00fcnstig und gesetzeskonform ist. Es ist ideal f\u00fcr alle, die noch keine EPIRB ben\u00f6tigen, aber in kritischen Situationen gesehen, geh\u00f6rt und gefunden werden m\u00f6chten. <\/p>\n<p data-start=\"3450\" data-end=\"3536\">Egal ob Sie die Segel trimmen oder die Beine fliegen, dies ist Ihre pers\u00f6nliche Sicherheitsreserve.<\/p>\n<h3 data-start=\"2760\" data-end=\"2781\"><strong data-start=\"2767\" data-end=\"2781\">Ideal f\u00fcr:<\/strong><\/h3>\n<ul data-start=\"2782\" data-end=\"3037\">\n<li data-start=\"2782\" data-end=\"2842\">\n<p data-start=\"2784\" data-end=\"2842\">Einhandsegler, RYA-Sch\u00fcler (Royal Yachting Association), Wochenendsegler an der K\u00fcste und professionelle Seeleute<\/p>\n<\/li>\n<li data-start=\"2843\" data-end=\"2895\">\n<p data-start=\"2845\" data-end=\"2895\">Privatpiloten<\/p>\n<\/li>\n<li data-start=\"2896\" data-end=\"2965\">\n<p data-start=\"2898\" data-end=\"2965\">Abenteuerreisende, Besitzer von Leichtflugzeugen und Ultraleichtflugzeugpiloten<\/p>\n<\/li>\n<li data-start=\"2966\" data-end=\"3037\">\n<p data-start=\"2968\" data-end=\"3037\">Jeder Seemann ohne fest installierte EPIRB, der eine leichte Notfallabdeckung ben\u00f6tigt<\/p>\n<\/li>\n<\/ul>\n<h3 data-start=\"699\" data-end=\"752\"><strong data-start=\"706\" data-end=\"752\">Was ist enthalten und wie unterst\u00fctzt es die Rettung?<\/strong><\/h3>\n<h4 data-start=\"754\" data-end=\"810\"><strong data-start=\"759\" data-end=\"808\">1 \u00d7 Ocean Signal PLB1 Personennotfunkbake<\/strong><\/h4>\n<p data-start=\"811\" data-end=\"834\">Ob Sie sich auf See oder \u00fcber abgelegenen Landgebieten befinden, der PLB1 verbindet Sie direkt mit globalen Rettungsdiensten \u2013 auch wenn Sie sich au\u00dferhalb der VHF- oder Mobilfunkreichweite befinden.<br \/>\n Einzelhandelspreis: 279,99 \u00a3<br \/>\n<img loading=\"lazy\" decoding=\"async\" class=\"alignnone size-medium wp-image-31618\" src=\"https:\/\/oceansignal.com\/wp-content\/uploads\/2025\/06\/PLB1-straight-on-2.png\" alt=\"\" width=\"172\" height=\"246\" srcset=\"https:\/\/oceansignal.com\/wp-content\/uploads\/2025\/06\/PLB1-straight-on-2.png 172w, https:\/\/oceansignal.com\/wp-content\/uploads\/2025\/06\/PLB1-straight-on-2-60x86.png 60w, https:\/\/oceansignal.com\/wp-content\/uploads\/2025\/06\/PLB1-straight-on-2-110x157.png 110w\" sizes=\"auto, (max-width: 172px) 100vw, 172px\" \/><\/p>\n<p data-start=\"836\" data-end=\"1027\">Dieser ultrakompakte 406-MHz-Satellitensender \u00fcbertr\u00e4gt Ihre GPS-Position an das globale Cospas-Sarsat-Satellitennetzwerk und sendet zus\u00e4tzlich ein lokales 121,5-MHz-Peilsignal aus, um den Suchteams eine schnelle Lokalisierung zu erm\u00f6glichen.<\/p>\n<ul data-start=\"1029\" data-end=\"1218\">\n<li data-start=\"1029\" data-end=\"1065\">\n<p data-start=\"1031\" data-end=\"1065\">Globale Satelliten-Notrufe<\/p>\n<\/li>\n<li data-start=\"1066\" data-end=\"1101\">\n<p data-start=\"1068\" data-end=\"1101\">GPS-Positionierung + Peilsender<\/p>\n<\/li>\n<li data-start=\"1102\" data-end=\"1152\">\n<p data-start=\"1104\" data-end=\"1152\">Klein genug, um in eine Tasche oder eine Fliegerweste zu passen<\/p>\n<\/li>\n<li data-start=\"1153\" data-end=\"1181\">\n<p data-start=\"1155\" data-end=\"1181\">Kein Abonnement erforderlich<\/p>\n<\/li>\n<li data-start=\"1182\" data-end=\"1218\">\n<p data-start=\"1184\" data-end=\"1218\">7 Jahre Batterielaufzeit, Betrieb \u00fcber 24 Stunden<\/p>\n<\/li>\n<\/ul>\n<hr data-start=\"1389\" data-end=\"1392\">\n<h4 data-start=\"1394\" data-end=\"1452\"><strong data-start=\"1399\" data-end=\"1450\">1 \u00d7 Ocean Signal EDF1 Elektronische Seenotrakete<\/strong><\/h4>\n<p data-start=\"1453\" data-end=\"1476\">Wirksame Signalgebung f\u00fcr Suchflugzeuge oder in der N\u00e4he befindliche Rettungskr\u00e4fte \u2013 ideal f\u00fcr abgeschossene Piloten oder Seeleute, die auf ihre Rettung warten.<br \/>\n Einzelhandelspreis: 149,99 \u00a3<br \/>\n<img loading=\"lazy\" decoding=\"async\" class=\"alignnone size-medium wp-image-31601\" src=\"https:\/\/oceansignal.com\/wp-content\/uploads\/2025\/06\/EDF1-cutout-70x300.png\" alt=\"\" width=\"70\" height=\"300\" srcset=\"https:\/\/oceansignal.com\/wp-content\/uploads\/2025\/06\/EDF1-cutout-70x300.png 70w, https:\/\/oceansignal.com\/wp-content\/uploads\/2025\/06\/EDF1-cutout-60x258.png 60w, https:\/\/oceansignal.com\/wp-content\/uploads\/2025\/06\/EDF1-cutout-110x473.png 110w, https:\/\/oceansignal.com\/wp-content\/uploads\/2025\/06\/EDF1-cutout.png 180w\" sizes=\"auto, (max-width: 70px) 100vw, 70px\" \/><\/p>\n<p data-start=\"1478\" data-end=\"1641\">Eine wiederverwendbare, batteriebetriebene LED-Notfackel, die Pyrotechnik durch eine sicherere und langlebigere Alternative ersetzt \u2013 perfekt f\u00fcr die Sichtbarkeit bei Nacht an Land oder auf See.<\/p>\n<ul data-start=\"1643\" data-end=\"1796\">\n<li data-start=\"1643\" data-end=\"1685\">\n<p data-start=\"1645\" data-end=\"1685\">360\u00b0-Sicht bei Nacht bis zu 7 Meilen<\/p>\n<\/li>\n<li data-start=\"1686\" data-end=\"1727\">\n<p data-start=\"1688\" data-end=\"1727\">SOS-Blitzfunktion, die in einem von vier optionalen Modi (Economy, Bright, Ultra &amp; Beam) abgegeben wird.<\/p>\n<\/li>\n<li data-start=\"1728\" data-end=\"1765\">\n<p data-start=\"1730\" data-end=\"1765\">Wasserdicht, schwimmf\u00e4hig und robust<\/p>\n<\/li>\n<li data-start=\"1766\" data-end=\"1796\">\n<p data-start=\"1768\" data-end=\"1796\">Keine Brandgefahr oder Verfallsdaten<\/p>\n<\/li>\n<\/ul>\n<hr data-start=\"1933\" data-end=\"1936\">\n<h4 data-start=\"1938\" data-end=\"1980\"><strong data-start=\"1943\" data-end=\"1978\">1 \u00d7 ACR Signalspiegel und Pfeife<\/strong><\/h4>\n<p data-start=\"1981\" data-end=\"2003\">Ein unverzichtbares Backup, wenn andere Hilfsmittel versagen \u2013 ideal, um die Aufmerksamkeit von Hubschraubern, Rettungsbooten oder bodengebundenen SAR-Teams zu erregen.<br \/>\n Einzelhandelspreis: 10,99 \u00a3<br \/>\n<img loading=\"lazy\" decoding=\"async\" class=\"alignnone size-medium wp-image-31407\" src=\"https:\/\/oceansignal.com\/wp-content\/uploads\/2025\/06\/Grab_Bag_EPIRB1_Kit-e1752085331562-300x131.png\" alt=\"\" width=\"300\" height=\"131\" srcset=\"https:\/\/oceansignal.com\/wp-content\/uploads\/2025\/06\/Grab_Bag_EPIRB1_Kit-e1752085331562-300x131.png 300w, https:\/\/oceansignal.com\/wp-content\/uploads\/2025\/06\/Grab_Bag_EPIRB1_Kit-e1752085331562-60x26.png 60w, https:\/\/oceansignal.com\/wp-content\/uploads\/2025\/06\/Grab_Bag_EPIRB1_Kit-e1752085331562-110x48.png 110w, https:\/\/oceansignal.com\/wp-content\/uploads\/2025\/06\/Grab_Bag_EPIRB1_Kit-e1752085331562.png 344w\" sizes=\"auto, (max-width: 300px) 100vw, 300px\" \/><br \/>\n Einfache, leichte Hilfsmittel, mit denen Sie Retter optisch und akustisch auf sich aufmerksam machen k\u00f6nnen, sobald diese sich in Reichweite befinden.<\/p>\n<ul>\n<li><strong>Hochreflektierender Kompaktspiegel f\u00fcr visuelle Signale am Tag \u2013 Entwickelt, um Sonnenlicht \u00fcber gro\u00dfe Entfernungen zu reflektieren, ideal, um die Aufmerksamkeit vorbeifahrender Schiffe oder Flugzeuge auf sich zu ziehen<\/strong><\/li>\n<li><strong>Laute, perlenlose Pfeife, um aus n\u00e4chster N\u00e4he Aufmerksamkeit zu erregen<\/strong><\/li>\n<li><strong>Keine Batterien, keine Wartung<\/strong><\/li>\n<\/ul>\n<hr data-start=\"1933\" data-end=\"1936\">\n<p><strong data-start=\"2380\" data-end=\"2420\">1 \u00d7 wasserdichte Wundert\u00fcte von Ocean Signal<\/strong><\/p>\n<p data-start=\"2423\" data-end=\"2445\">H\u00e4lt Ihr Rettungsset gesch\u00fctzt, sichtbar und bereit f\u00fcr den schnellen Einsatz in jedem Notfall.<br \/>\n Einzelhandelspreis: 99,99 \u00a3<br \/>\n<img loading=\"lazy\" decoding=\"async\" class=\"alignnone size-medium wp-image-31488\" src=\"https:\/\/oceansignal.com\/wp-content\/uploads\/2025\/06\/Grab_Bag-1-241x300.webp\" alt=\"\" width=\"241\" height=\"300\" srcset=\"https:\/\/oceansignal.com\/wp-content\/uploads\/2025\/06\/Grab_Bag-1-241x300.webp 241w, https:\/\/oceansignal.com\/wp-content\/uploads\/2025\/06\/Grab_Bag-1-60x75.webp 60w, https:\/\/oceansignal.com\/wp-content\/uploads\/2025\/06\/Grab_Bag-1-110x137.webp 110w, https:\/\/oceansignal.com\/wp-content\/uploads\/2025\/06\/Grab_Bag-1.webp 489w\" sizes=\"auto, (max-width: 241px) 100vw, 241px\" \/><\/p>\n<p data-start=\"2447\" data-end=\"2517\">Helle, schwimmf\u00e4hige Tasche zur Aufbewahrung aller wichtigen Sicherheitsutensilien an einem Ort.<\/p>\n<ul data-start=\"2519\" data-end=\"2641\">\n<li data-start=\"2519\" data-end=\"2570\">\n<p data-start=\"2521\" data-end=\"2570\"><strong>L\u00e4sst sich leicht in einem Cockpit-Staufach oder einer Cockpit-Tasche verstauen.<\/strong><\/p>\n<\/li>\n<li data-start=\"2571\" data-end=\"2616\">\n<p data-start=\"2573\" data-end=\"2616\"><strong>Schwimmf\u00e4hig<\/strong><\/p>\n<\/li>\n<li data-start=\"2617\" data-end=\"2641\">\n<p data-start=\"2619\" data-end=\"2641\"><strong>Design mit hoher Sichtbarkeit<\/strong><\/p>\n<\/li>\n<\/ul>\n","protected":false},"excerpt":{"rendered":"<p>Das PLB1-Sicherheitsset ist ein zuverl\u00e4ssiges und preisg\u00fcnstiges Notfallset f\u00fcr Segler und Piloten, die unabh\u00e4ngig unterwegs sind und Wert auf leichte, autarke Sicherheitsausr\u00fcstung legen. Ob Sie einen kurzen K\u00fcstenflug unternehmen oder \u00fcber unwegsames Gel\u00e4nde fliegen \u2013 mit diesem Set sind Sie f\u00fcr den Fall der F\u00e4lle bestens ger\u00fcstet. <\/p>\n<p>Gesamtwert des Sets (UVP): 595,99 \u00a3. Sparen Sie 115,97 \u00a3 mit diesem Set!<\/p>\n","protected":false},"featured_media":31593,"template":"","meta":{"_acf_changed":false,"om_disable_all_campaigns":false},"product_brand":[],"product_cat":[1976,469,1686],"product_tag":[1687,1353],"class_list":{"0":"post-31953","1":"product","2":"type-product","3":"status-publish","4":"has-post-thumbnail","6":"product_cat-kompatibel-mit-rettungswesten","7":"product_cat-rescueme-de","8":"product_cat-sicherheitskits","9":"product_tag-sicherheitskits","10":"product_tag-wundertute","12":"first","13":"instock","14":"taxable","15":"shipping-taxable","16":"purchasable","17":"product-type-simple"},"acf":[],"yoast_head":"<!-- This site is optimized with the Yoast SEO Premium plugin v25.2 (Yoast SEO v26.4) - https:\/\/yoast.com\/wordpress\/plugins\/seo\/ -->\n<title>PLB1 Sicherheitsset - Ocean Signal<\/title>\n<meta name=\"robots\" content=\"index, follow, max-snippet:-1, max-image-preview:large, max-video-preview:-1\" \/>\n<link rel=\"canonical\" href=\"https:\/\/oceansignal.com\/de\/products\/plb1-sicherheitskit\/\" \/>\n<meta property=\"og:locale\" content=\"de_DE\" \/>\n<meta property=\"og:type\" content=\"article\" \/>\n<meta property=\"og:title\" content=\"PLB1 Sicherheitsset\" \/>\n<meta property=\"og:description\" content=\"Das PLB1-Sicherheitsset ist ein zuverl\u00e4ssiges und preisg\u00fcnstiges Notfallset f\u00fcr Segler und Piloten, die unabh\u00e4ngig unterwegs sind und Wert auf leichte, autarke Sicherheitsausr\u00fcstung legen. Ob Sie einen kurzen K\u00fcstenflug unternehmen oder \u00fcber unwegsames Gel\u00e4nde fliegen \u2013 mit diesem Set sind Sie f\u00fcr den Fall der F\u00e4lle bestens ger\u00fcstet.  Gesamtwert des Sets (UVP): 595,99 \u00a3. Sparen Sie 115,97 \u00a3 mit diesem Set!\" \/>\n<meta property=\"og:url\" content=\"https:\/\/oceansignal.com\/de\/products\/plb1-sicherheitskit\/\" \/>\n<meta property=\"og:site_name\" content=\"Ocean Signal\" \/>\n<meta property=\"article:modified_time\" content=\"2026-03-18T16:38:29+00:00\" \/>\n<meta property=\"og:image\" content=\"https:\/\/oceansignal.com\/wp-content\/uploads\/2025\/06\/Grab_Bag_PLB1_Kit-1.jpg\" \/>\n\t<meta property=\"og:image:width\" content=\"911\" \/>\n\t<meta property=\"og:image:height\" content=\"805\" \/>\n\t<meta property=\"og:image:type\" content=\"image\/jpeg\" \/>\n<meta name=\"twitter:card\" content=\"summary_large_image\" \/>\n<meta name=\"twitter:label1\" content=\"Gesch\u00e4tzte Lesezeit\" \/>\n\t<meta name=\"twitter:data1\" content=\"2\u00a0Minuten\" \/>\n<script type=\"application\/ld+json\" class=\"yoast-schema-graph\">{\"@context\":\"https:\/\/schema.org\",\"@graph\":[{\"@type\":\"WebPage\",\"@id\":\"https:\/\/oceansignal.com\/de\/products\/plb1-sicherheitskit\/\",\"url\":\"https:\/\/oceansignal.com\/de\/products\/plb1-sicherheitskit\/\",\"name\":\"PLB1 Sicherheitsset - Ocean Signal\",\"isPartOf\":{\"@id\":\"https:\/\/oceansignal.com\/de\/#website\"},\"primaryImageOfPage\":{\"@id\":\"https:\/\/oceansignal.com\/de\/products\/plb1-sicherheitskit\/#primaryimage\"},\"image\":{\"@id\":\"https:\/\/oceansignal.com\/de\/products\/plb1-sicherheitskit\/#primaryimage\"},\"thumbnailUrl\":\"https:\/\/oceansignal.com\/wp-content\/uploads\/2025\/06\/Grab_Bag_PLB1_Kit-1.jpg\",\"datePublished\":\"2025-06-24T09:31:27+00:00\",\"dateModified\":\"2026-03-18T16:38:29+00:00\",\"breadcrumb\":{\"@id\":\"https:\/\/oceansignal.com\/de\/products\/plb1-sicherheitskit\/#breadcrumb\"},\"inLanguage\":\"de\",\"potentialAction\":[{\"@type\":\"ReadAction\",\"target\":[\"https:\/\/oceansignal.com\/de\/products\/plb1-sicherheitskit\/\"]}]},{\"@type\":\"ImageObject\",\"inLanguage\":\"de\",\"@id\":\"https:\/\/oceansignal.com\/de\/products\/plb1-sicherheitskit\/#primaryimage\",\"url\":\"https:\/\/oceansignal.com\/wp-content\/uploads\/2025\/06\/Grab_Bag_PLB1_Kit-1.jpg\",\"contentUrl\":\"https:\/\/oceansignal.com\/wp-content\/uploads\/2025\/06\/Grab_Bag_PLB1_Kit-1.jpg\",\"width\":911,\"height\":805},{\"@type\":\"BreadcrumbList\",\"@id\":\"https:\/\/oceansignal.com\/de\/products\/plb1-sicherheitskit\/#breadcrumb\",\"itemListElement\":[{\"@type\":\"ListItem\",\"position\":1,\"name\":\"Produkte\",\"item\":\"https:\/\/oceansignal.com\/de\/produkte\/\"},{\"@type\":\"ListItem\",\"position\":2,\"name\":\"PLB1 Sicherheitsset\"}]},{\"@type\":\"WebSite\",\"@id\":\"https:\/\/oceansignal.com\/de\/#website\",\"url\":\"https:\/\/oceansignal.com\/de\/\",\"name\":\"Ocean Signal\",\"description\":\"A leading manufacturer of EPIRBs, AIS, SARTs, Personal Locator Beacons, Man Overboard Beacon for the Marine and Outdoor Markets.\",\"potentialAction\":[{\"@type\":\"SearchAction\",\"target\":{\"@type\":\"EntryPoint\",\"urlTemplate\":\"https:\/\/oceansignal.com\/de\/?s={search_term_string}\"},\"query-input\":{\"@type\":\"PropertyValueSpecification\",\"valueRequired\":true,\"valueName\":\"search_term_string\"}}],\"inLanguage\":\"de\"}]}<\/script>\n<!-- \/ Yoast SEO Premium plugin. -->","yoast_head_json":{"title":"PLB1 Sicherheitsset - Ocean Signal","robots":{"index":"index","follow":"follow","max-snippet":"max-snippet:-1","max-image-preview":"max-image-preview:large","max-video-preview":"max-video-preview:-1"},"canonical":"https:\/\/oceansignal.com\/de\/products\/plb1-sicherheitskit\/","og_locale":"de_DE","og_type":"article","og_title":"PLB1 Sicherheitsset","og_description":"Das PLB1-Sicherheitsset ist ein zuverl\u00e4ssiges und preisg\u00fcnstiges Notfallset f\u00fcr Segler und Piloten, die unabh\u00e4ngig unterwegs sind und Wert auf leichte, autarke Sicherheitsausr\u00fcstung legen. Ob Sie einen kurzen K\u00fcstenflug unternehmen oder \u00fcber unwegsames Gel\u00e4nde fliegen \u2013 mit diesem Set sind Sie f\u00fcr den Fall der F\u00e4lle bestens ger\u00fcstet.  Gesamtwert des Sets (UVP): 595,99 \u00a3. Sparen Sie 115,97 \u00a3 mit diesem Set!","og_url":"https:\/\/oceansignal.com\/de\/products\/plb1-sicherheitskit\/","og_site_name":"Ocean Signal","article_modified_time":"2026-03-18T16:38:29+00:00","og_image":[{"width":911,"height":805,"url":"https:\/\/oceansignal.com\/wp-content\/uploads\/2025\/06\/Grab_Bag_PLB1_Kit-1.jpg","type":"image\/jpeg"}],"twitter_card":"summary_large_image","twitter_misc":{"Gesch\u00e4tzte Lesezeit":"2\u00a0Minuten"},"schema":{"@context":"https:\/\/schema.org","@graph":[{"@type":"WebPage","@id":"https:\/\/oceansignal.com\/de\/products\/plb1-sicherheitskit\/","url":"https:\/\/oceansignal.com\/de\/products\/plb1-sicherheitskit\/","name":"PLB1 Sicherheitsset - Ocean Signal","isPartOf":{"@id":"https:\/\/oceansignal.com\/de\/#website"},"primaryImageOfPage":{"@id":"https:\/\/oceansignal.com\/de\/products\/plb1-sicherheitskit\/#primaryimage"},"image":{"@id":"https:\/\/oceansignal.com\/de\/products\/plb1-sicherheitskit\/#primaryimage"},"thumbnailUrl":"https:\/\/oceansignal.com\/wp-content\/uploads\/2025\/06\/Grab_Bag_PLB1_Kit-1.jpg","datePublished":"2025-06-24T09:31:27+00:00","dateModified":"2026-03-18T16:38:29+00:00","breadcrumb":{"@id":"https:\/\/oceansignal.com\/de\/products\/plb1-sicherheitskit\/#breadcrumb"},"inLanguage":"de","potentialAction":[{"@type":"ReadAction","target":["https:\/\/oceansignal.com\/de\/products\/plb1-sicherheitskit\/"]}]},{"@type":"ImageObject","inLanguage":"de","@id":"https:\/\/oceansignal.com\/de\/products\/plb1-sicherheitskit\/#primaryimage","url":"https:\/\/oceansignal.com\/wp-content\/uploads\/2025\/06\/Grab_Bag_PLB1_Kit-1.jpg","contentUrl":"https:\/\/oceansignal.com\/wp-content\/uploads\/2025\/06\/Grab_Bag_PLB1_Kit-1.jpg","width":911,"height":805},{"@type":"BreadcrumbList","@id":"https:\/\/oceansignal.com\/de\/products\/plb1-sicherheitskit\/#breadcrumb","itemListElement":[{"@type":"ListItem","position":1,"name":"Produkte","item":"https:\/\/oceansignal.com\/de\/produkte\/"},{"@type":"ListItem","position":2,"name":"PLB1 Sicherheitsset"}]},{"@type":"WebSite","@id":"https:\/\/oceansignal.com\/de\/#website","url":"https:\/\/oceansignal.com\/de\/","name":"Ocean Signal","description":"A leading manufacturer of EPIRBs, AIS, SARTs, Personal Locator Beacons, Man Overboard Beacon for the Marine and Outdoor Markets.","potentialAction":[{"@type":"SearchAction","target":{"@type":"EntryPoint","urlTemplate":"https:\/\/oceansignal.com\/de\/?s={search_term_string}"},"query-input":{"@type":"PropertyValueSpecification","valueRequired":true,"valueName":"search_term_string"}}],"inLanguage":"de"}]}},"_links":{"self":[{"href":"https:\/\/oceansignal.com\/de\/wp-json\/wp\/v2\/product\/31953","targetHints":{"allow":["GET"]}}],"collection":[{"href":"https:\/\/oceansignal.com\/de\/wp-json\/wp\/v2\/product"}],"about":[{"href":"https:\/\/oceansignal.com\/de\/wp-json\/wp\/v2\/types\/product"}],"wp:featuredmedia":[{"embeddable":true,"href":"https:\/\/oceansignal.com\/de\/wp-json\/wp\/v2\/media\/31593"}],"wp:attachment":[{"href":"https:\/\/oceansignal.com\/de\/wp-json\/wp\/v2\/media?parent=31953"}],"wp:term":[{"taxonomy":"product_brand","embeddable":true,"href":"https:\/\/oceansignal.com\/de\/wp-json\/wp\/v2\/product_brand?post=31953"},{"taxonomy":"product_cat","embeddable":true,"href":"https:\/\/oceansignal.com\/de\/wp-json\/wp\/v2\/product_cat?post=31953"},{"taxonomy":"product_tag","embeddable":true,"href":"https:\/\/oceansignal.com\/de\/wp-json\/wp\/v2\/product_tag?post=31953"}],"curies":[{"name":"wp","href":"https:\/\/api.w.org\/{rel}","templated":true}]}}