{"id":31969,"date":"2025-06-24T09:45:57","date_gmt":"2025-06-24T09:45:57","guid":{"rendered":"https:\/\/oceansignal.com\/products\/epirb2-sicherheitskit\/"},"modified":"2025-10-01T07:57:53","modified_gmt":"2025-10-01T07:57:53","slug":"epirb2-sicherheitskit","status":"publish","type":"product","link":"https:\/\/oceansignal.com\/de\/products\/epirb2-sicherheitskit\/","title":{"rendered":"EPIRB2 Segelsicherheitskit"},"content":{"rendered":"<h3 data-start=\"3285\" data-end=\"3337\"><strong data-start=\"3292\" data-end=\"3337\"><img loading=\"lazy\" decoding=\"async\" class=\"alignnone size-full wp-image-32359\" src=\"https:\/\/oceansignal.com\/wp-content\/uploads\/2025\/07\/View-New-Safety-Kits.png\" alt=\"\" width=\"300\" height=\"75\" srcset=\"https:\/\/oceansignal.com\/wp-content\/uploads\/2025\/07\/View-New-Safety-Kits.png 300w, https:\/\/oceansignal.com\/wp-content\/uploads\/2025\/07\/View-New-Safety-Kits-60x15.png 60w, https:\/\/oceansignal.com\/wp-content\/uploads\/2025\/07\/View-New-Safety-Kits-110x28.png 110w\" sizes=\"auto, (max-width: 300px) 100vw, 300px\" \/><\/strong><\/h3>\n<h3 data-start=\"2553\" data-end=\"2604\"><strong data-start=\"2560\" data-end=\"2604\">Warum sollten Sie sich f\u00fcr das EPIRB2-Sicherheitskit entscheiden?<\/strong><\/h3>\n<p data-start=\"2606\" data-end=\"2880\">Das einfache, konforme und zuverl\u00e4ssige EPIRB2-Kit bietet Ihnen mit minimalem Aufwand Schutz auf Satellitenebene und gleichzeitig die Sicherheit der Return Link Service (RLS)-Funktion. Dank RLS erhalten Benutzer eine Best\u00e4tigung, dass ihre Notrufnachricht gesendet und empfangen wurde. Mit der mitgelieferten Tragetasche ist dieses Kit ideal f\u00fcr Segler, die hohe Sicherheitsstandards erf\u00fcllen m\u00f6chten, ohne zu viel zu konstruieren oder zu viel Geld auszugeben. Es ist die praktische Wahl f\u00fcr echte Abenteuer auf dem Wasser.  <\/p>\n<p data-start=\"2882\" data-end=\"2932\">Echte Sicherheit. Keine Extras. Genau das, was Sie brauchen.  <\/p>\n<h3 data-start=\"2206\" data-end=\"2227\"><strong data-start=\"2213\" data-end=\"2227\">Ideal f\u00fcr:<\/strong><\/h3>\n<ul data-start=\"2228\" data-end=\"2474\">\n<li data-start=\"2228\" data-end=\"2281\">\n<p data-start=\"2230\" data-end=\"2281\">Seeleute bereiten sich auf eine Offshore-Passage vor<\/p>\n<\/li>\n<li data-start=\"2282\" data-end=\"2347\">\n<p data-start=\"2284\" data-end=\"2347\">K\u00fcstenkreuzer, die die Sicherheit und den Schutz einer EPIRB an Bord suchen<\/p>\n<\/li>\n<li data-start=\"2348\" data-end=\"2418\">\n<p data-start=\"2350\" data-end=\"2418\">Crews r\u00fcsten ihre Sicherheitsausr\u00fcstung auf, um den Renn- oder Versicherungsanforderungen zu entsprechen<\/p>\n<\/li>\n<li data-start=\"2419\" data-end=\"2474\">\n<p data-start=\"2421\" data-end=\"2474\">RYA-Studenten und Yachtbesitzer ohne eingebaute EPIRBs<\/p>\n<\/li>\n<\/ul>\n<h3 data-start=\"727\" data-end=\"780\"><strong data-start=\"734\" data-end=\"780\">Was ist enthalten und wie unterst\u00fctzt es die Rettung?<\/strong><\/h3>\n<h4 data-start=\"782\" data-end=\"825\"><strong data-start=\"787\" data-end=\"823\">1 \u00d7 Ocean Signal EPIRB2 mit NFC<\/strong><\/h4>\n<p data-start=\"826\" data-end=\"849\">Egal, ob Sie sich an der K\u00fcste befinden oder auf hoher See unterwegs sind, diese EPIRB gew\u00e4hrleistet globale Reichweite mit moderner Technologie \u2013 und das alles in einer kompakten, einfach zu installierenden Einheit.<br \/>\n Einzelhandelswert: 549,99 \u00a3<\/p>\n<p data-start=\"826\" data-end=\"849\"><img loading=\"lazy\" decoding=\"async\" class=\"alignnone size-medium wp-image-1118\" src=\"https:\/\/oceansignal.com\/wp-content\/uploads\/2023\/09\/EPIRB2-FRONT-72-300x300.png\" alt=\"Ocean Signal rescueME EPIRB2 mit Return Link Service \u2013 Unterst\u00fctzung effizienter Rettungseins\u00e4tze\" width=\"300\" height=\"300\" srcset=\"https:\/\/oceansignal.com\/wp-content\/uploads\/2023\/09\/EPIRB2-FRONT-72-300x300.png 300w, https:\/\/oceansignal.com\/wp-content\/uploads\/2023\/09\/EPIRB2-FRONT-72-150x150.png 150w, https:\/\/oceansignal.com\/wp-content\/uploads\/2023\/09\/EPIRB2-FRONT-72-100x100.png 100w, https:\/\/oceansignal.com\/wp-content\/uploads\/2023\/09\/EPIRB2-FRONT-72.png 411w\" sizes=\"auto, (max-width: 300px) 100vw, 300px\" \/><\/p>\n<p data-start=\"851\" data-end=\"1068\">Ein leistungsstarkes Notsignal der Kategorie II mit 406 MHz, das Sie in wenigen Minuten mit dem globalen Cospas-Sarsat-Satellitennetzwerk verbindet. Inklusive Return Link Service (RLS) und Smartphone-Konnektivit\u00e4t \u00fcber NFC. <\/p>\n<ul data-start=\"1070\" data-end=\"1259\">\n<li data-start=\"1070\" data-end=\"1096\">\n<p data-start=\"1072\" data-end=\"1096\">Weltweite SAR-Alarmierung<\/p>\n<\/li>\n<li data-start=\"1131\" data-end=\"1181\">\n<p data-start=\"1133\" data-end=\"1181\">RLS best\u00e4tigt, dass Ihr Notsignal empfangen wurde<\/p>\n<\/li>\n<li data-start=\"1182\" data-end=\"1222\">\n<p data-start=\"1184\" data-end=\"1222\">Smartphone-App zum Testen und Einrichten<\/p>\n<\/li>\n<li data-start=\"1223\" data-end=\"1259\">\n<p data-start=\"1225\" data-end=\"1259\">Manuelle Halterung (Kat. II) im Lieferumfang enthalten<\/p>\n<\/li>\n<\/ul>\n<hr data-start=\"1423\" data-end=\"1426\">\n<h4 data-start=\"1428\" data-end=\"1470\"><strong data-start=\"1433\" data-end=\"1468\">1 \u00d7 ACR Signalspiegel und Pfeife<\/strong><\/h4>\n<p data-start=\"1471\" data-end=\"1493\">Wichtige Hilfsmittel zur Identifizierung des endg\u00fcltigen Standorts, sobald Hilfe vor Ort ist.<br \/>\n Einzelhandelswert: 10,99 \u00a3<\/p>\n<p data-start=\"1471\" data-end=\"1493\"><img loading=\"lazy\" decoding=\"async\" class=\"alignnone wp-image-31407 size-medium\" src=\"https:\/\/oceansignal.com\/wp-content\/uploads\/2025\/06\/Grab_Bag_EPIRB1_Kit-e1752085331562-300x131.png\" alt=\"\" width=\"300\" height=\"131\" srcset=\"https:\/\/oceansignal.com\/wp-content\/uploads\/2025\/06\/Grab_Bag_EPIRB1_Kit-e1752085331562-300x131.png 300w, https:\/\/oceansignal.com\/wp-content\/uploads\/2025\/06\/Grab_Bag_EPIRB1_Kit-e1752085331562-60x26.png 60w, https:\/\/oceansignal.com\/wp-content\/uploads\/2025\/06\/Grab_Bag_EPIRB1_Kit-e1752085331562-110x48.png 110w, https:\/\/oceansignal.com\/wp-content\/uploads\/2025\/06\/Grab_Bag_EPIRB1_Kit-e1752085331562.png 344w\" sizes=\"auto, (max-width: 300px) 100vw, 300px\" \/><\/p>\n<p data-start=\"1495\" data-end=\"1589\">Einfache, aber wirksame visuelle und akustische Signalmittel, ideal f\u00fcr Rettungseins\u00e4tze im Nahbereich.<\/p>\n<ul data-start=\"1591\" data-end=\"1704\">\n<li data-start=\"1591\" data-end=\"1650\">\n<p data-start=\"1593\" data-end=\"1650\">Hochreflektierender Kompaktspiegel f\u00fcr visuelle Signale am Tag \u2013 Entwickelt, um Sonnenlicht \u00fcber gro\u00dfe Entfernungen zu reflektieren, ideal, um die Aufmerksamkeit vorbeifahrender Schiffe oder Flugzeuge auf sich zu ziehen<\/p>\n<\/li>\n<li data-start=\"1651\" data-end=\"1704\">\n<p data-start=\"1653\" data-end=\"1704\">Laute, perlenlose Pfeife f\u00fcr akustische Alarmierung auf kurze Distanz<\/p>\n<\/li>\n<\/ul>\n<hr data-start=\"1810\" data-end=\"1813\">\n<h4 data-start=\"1815\" data-end=\"1862\"><strong data-start=\"1820\" data-end=\"1860\">1 \u00d7 wasserdichte Wundert\u00fcte von Ocean Signal<\/strong><\/h4>\n<p data-start=\"1863\" data-end=\"1886\"><em data-start=\"1863\" data-end=\"1886\">In Notf\u00e4llen geht es schnell \u2013 mit dieser Tasche k\u00f6nnen Sie das auch.<br \/>\n Einzelhandelswert: 129,99 \u00a3<\/em><\/p>\n<p data-start=\"1863\" data-end=\"1886\"><img loading=\"lazy\" decoding=\"async\" class=\"alignnone wp-image-31455 \" src=\"https:\/\/oceansignal.com\/wp-content\/uploads\/2025\/06\/Grab_Bag-300x200.webp\" alt=\"\" width=\"387\" height=\"258\" srcset=\"https:\/\/oceansignal.com\/wp-content\/uploads\/2025\/06\/Grab_Bag-300x200.webp 300w, https:\/\/oceansignal.com\/wp-content\/uploads\/2025\/06\/Grab_Bag-1024x683.webp 1024w, https:\/\/oceansignal.com\/wp-content\/uploads\/2025\/06\/Grab_Bag-768x512.webp 768w, https:\/\/oceansignal.com\/wp-content\/uploads\/2025\/06\/Grab_Bag-600x400.webp 600w, https:\/\/oceansignal.com\/wp-content\/uploads\/2025\/06\/Grab_Bag-60x40.webp 60w, https:\/\/oceansignal.com\/wp-content\/uploads\/2025\/06\/Grab_Bag-110x73.webp 110w, https:\/\/oceansignal.com\/wp-content\/uploads\/2025\/06\/Grab_Bag.webp 1234w\" sizes=\"auto, (max-width: 387px) 100vw, 387px\" \/><\/p>\n<p data-start=\"1888\" data-end=\"2000\">Ein robuster, wasserdichter Trockensack, der Ihre Notfallausr\u00fcstung zusammen, trocken und zug\u00e4nglich h\u00e4lt, wenn Sie sie am meisten brauchen.<\/p>\n<ul data-start=\"2002\" data-end=\"2122\">\n<li data-start=\"2002\" data-end=\"2039\">\n<p data-start=\"2004\" data-end=\"2039\">Schwimmf\u00e4higes, gut sichtbares Design<\/p>\n<\/li>\n<li data-start=\"2040\" data-end=\"2075\">\n<p data-start=\"2042\" data-end=\"2075\">Robust f\u00fcr Offshore-Bedingungen<\/p>\n<\/li>\n<li data-start=\"2076\" data-end=\"2122\">\n<p data-start=\"2078\" data-end=\"2122\">Platz f\u00fcr EPIRB, elektronische Leuchtraketen, Dokumente und mehr<\/p>\n<\/li>\n<\/ul>\n","protected":false},"excerpt":{"rendered":"<p><strong data-start=\"336\" data-end=\"374\">Ein solider Einstieg in ernsthafte Sicherheit.<br \/>\n<\/strong><br data-start=\"374\" data-end=\"377\"> Das <strong data-start=\"381\" data-end=\"395\">EPIRB2-Kit<\/strong> ist eine praktische, kompakte Notfallausr\u00fcstung f\u00fcr Segler, die eine unkomplizierte, vorschriftenkonforme Notfallausr\u00fcstung rund um die neueste EPIRB von Ocean Signal mit NFC-Konnektivit\u00e4t ben\u00f6tigen. Egal, ob Sie sich auf Ihre erste Offshore-Passage vorbereiten oder eine veraltete Ausr\u00fcstung aufr\u00fcsten, dieses Kit deckt die wichtigsten Dinge ab \u2013 ohne unn\u00f6tige Komplikationen. <\/p>\n<p>Gesamtwert des Kits zum UVP: 690,97 \u00a3. Sparen Sie 110 \u00a3 mit diesem Kit!<\/p>\n","protected":false},"featured_media":31377,"template":"","meta":{"_acf_changed":false,"om_disable_all_campaigns":false},"product_brand":[],"product_cat":[469,1686],"product_tag":[1687,1353],"class_list":{"0":"post-31969","1":"product","2":"type-product","3":"status-publish","4":"has-post-thumbnail","6":"product_cat-rescueme-de","7":"product_cat-sicherheitskits","8":"product_tag-sicherheitskits","9":"product_tag-wundertute","11":"first","12":"instock","13":"taxable","14":"shipping-taxable","15":"purchasable","16":"product-type-simple"},"acf":[],"yoast_head":"<!-- This site is optimized with the Yoast SEO Premium plugin v25.2 (Yoast SEO v26.4) - https:\/\/yoast.com\/wordpress\/plugins\/seo\/ -->\n<title>EPIRB2 Segelsicherheitskit - Ocean Signal<\/title>\n<meta name=\"robots\" content=\"index, follow, max-snippet:-1, max-image-preview:large, max-video-preview:-1\" \/>\n<link rel=\"canonical\" href=\"https:\/\/oceansignal.com\/de\/products\/epirb2-sicherheitskit\/\" \/>\n<meta property=\"og:locale\" content=\"de_DE\" \/>\n<meta property=\"og:type\" content=\"article\" \/>\n<meta property=\"og:title\" content=\"EPIRB2 Segelsicherheitskit\" \/>\n<meta property=\"og:description\" content=\"Ein solider Einstieg in ernsthafte Sicherheit. Das EPIRB2-Kit ist eine praktische, kompakte Notfallausr\u00fcstung f\u00fcr Segler, die eine unkomplizierte, vorschriftenkonforme Notfallausr\u00fcstung rund um die neueste EPIRB von Ocean Signal mit NFC-Konnektivit\u00e4t ben\u00f6tigen. Egal, ob Sie sich auf Ihre erste Offshore-Passage vorbereiten oder eine veraltete Ausr\u00fcstung aufr\u00fcsten, dieses Kit deckt die wichtigsten Dinge ab \u2013 ohne unn\u00f6tige Komplikationen.  Gesamtwert des Kits zum UVP: 690,97 \u00a3. Sparen Sie 110 \u00a3 mit diesem Kit!\" \/>\n<meta property=\"og:url\" content=\"https:\/\/oceansignal.com\/de\/products\/epirb2-sicherheitskit\/\" \/>\n<meta property=\"og:site_name\" content=\"Ocean Signal\" \/>\n<meta property=\"article:modified_time\" content=\"2025-10-01T07:57:53+00:00\" \/>\n<meta property=\"og:image\" content=\"https:\/\/oceansignal.com\/wp-content\/uploads\/2025\/06\/Grab_Bag_EPIRB2_Kit-1.jpg\" \/>\n\t<meta property=\"og:image:width\" content=\"911\" \/>\n\t<meta property=\"og:image:height\" content=\"805\" \/>\n\t<meta property=\"og:image:type\" content=\"image\/jpeg\" \/>\n<meta name=\"twitter:card\" content=\"summary_large_image\" \/>\n<meta name=\"twitter:label1\" content=\"Gesch\u00e4tzte Lesezeit\" \/>\n\t<meta name=\"twitter:data1\" content=\"2\u00a0Minuten\" \/>\n<script type=\"application\/ld+json\" class=\"yoast-schema-graph\">{\"@context\":\"https:\/\/schema.org\",\"@graph\":[{\"@type\":\"WebPage\",\"@id\":\"https:\/\/oceansignal.com\/de\/products\/epirb2-sicherheitskit\/\",\"url\":\"https:\/\/oceansignal.com\/de\/products\/epirb2-sicherheitskit\/\",\"name\":\"EPIRB2 Segelsicherheitskit - Ocean Signal\",\"isPartOf\":{\"@id\":\"https:\/\/oceansignal.com\/de\/#website\"},\"primaryImageOfPage\":{\"@id\":\"https:\/\/oceansignal.com\/de\/products\/epirb2-sicherheitskit\/#primaryimage\"},\"image\":{\"@id\":\"https:\/\/oceansignal.com\/de\/products\/epirb2-sicherheitskit\/#primaryimage\"},\"thumbnailUrl\":\"https:\/\/oceansignal.com\/wp-content\/uploads\/2025\/06\/Grab_Bag_EPIRB2_Kit-1.jpg\",\"datePublished\":\"2025-06-24T09:45:57+00:00\",\"dateModified\":\"2025-10-01T07:57:53+00:00\",\"breadcrumb\":{\"@id\":\"https:\/\/oceansignal.com\/de\/products\/epirb2-sicherheitskit\/#breadcrumb\"},\"inLanguage\":\"de\",\"potentialAction\":[{\"@type\":\"ReadAction\",\"target\":[\"https:\/\/oceansignal.com\/de\/products\/epirb2-sicherheitskit\/\"]}]},{\"@type\":\"ImageObject\",\"inLanguage\":\"de\",\"@id\":\"https:\/\/oceansignal.com\/de\/products\/epirb2-sicherheitskit\/#primaryimage\",\"url\":\"https:\/\/oceansignal.com\/wp-content\/uploads\/2025\/06\/Grab_Bag_EPIRB2_Kit-1.jpg\",\"contentUrl\":\"https:\/\/oceansignal.com\/wp-content\/uploads\/2025\/06\/Grab_Bag_EPIRB2_Kit-1.jpg\",\"width\":911,\"height\":805},{\"@type\":\"BreadcrumbList\",\"@id\":\"https:\/\/oceansignal.com\/de\/products\/epirb2-sicherheitskit\/#breadcrumb\",\"itemListElement\":[{\"@type\":\"ListItem\",\"position\":1,\"name\":\"Produkte\",\"item\":\"https:\/\/oceansignal.com\/de\/produkte\/\"},{\"@type\":\"ListItem\",\"position\":2,\"name\":\"EPIRB2 Segelsicherheitskit\"}]},{\"@type\":\"WebSite\",\"@id\":\"https:\/\/oceansignal.com\/de\/#website\",\"url\":\"https:\/\/oceansignal.com\/de\/\",\"name\":\"Ocean Signal\",\"description\":\"A leading manufacturer of EPIRBs, AIS, SARTs, Personal Locator Beacons, Man Overboard Beacon for the Marine and Outdoor Markets.\",\"potentialAction\":[{\"@type\":\"SearchAction\",\"target\":{\"@type\":\"EntryPoint\",\"urlTemplate\":\"https:\/\/oceansignal.com\/de\/?s={search_term_string}\"},\"query-input\":{\"@type\":\"PropertyValueSpecification\",\"valueRequired\":true,\"valueName\":\"search_term_string\"}}],\"inLanguage\":\"de\"}]}<\/script>\n<!-- \/ Yoast SEO Premium plugin. -->","yoast_head_json":{"title":"EPIRB2 Segelsicherheitskit - Ocean Signal","robots":{"index":"index","follow":"follow","max-snippet":"max-snippet:-1","max-image-preview":"max-image-preview:large","max-video-preview":"max-video-preview:-1"},"canonical":"https:\/\/oceansignal.com\/de\/products\/epirb2-sicherheitskit\/","og_locale":"de_DE","og_type":"article","og_title":"EPIRB2 Segelsicherheitskit","og_description":"Ein solider Einstieg in ernsthafte Sicherheit. Das EPIRB2-Kit ist eine praktische, kompakte Notfallausr\u00fcstung f\u00fcr Segler, die eine unkomplizierte, vorschriftenkonforme Notfallausr\u00fcstung rund um die neueste EPIRB von Ocean Signal mit NFC-Konnektivit\u00e4t ben\u00f6tigen. Egal, ob Sie sich auf Ihre erste Offshore-Passage vorbereiten oder eine veraltete Ausr\u00fcstung aufr\u00fcsten, dieses Kit deckt die wichtigsten Dinge ab \u2013 ohne unn\u00f6tige Komplikationen.  Gesamtwert des Kits zum UVP: 690,97 \u00a3. Sparen Sie 110 \u00a3 mit diesem Kit!","og_url":"https:\/\/oceansignal.com\/de\/products\/epirb2-sicherheitskit\/","og_site_name":"Ocean Signal","article_modified_time":"2025-10-01T07:57:53+00:00","og_image":[{"width":911,"height":805,"url":"https:\/\/oceansignal.com\/wp-content\/uploads\/2025\/06\/Grab_Bag_EPIRB2_Kit-1.jpg","type":"image\/jpeg"}],"twitter_card":"summary_large_image","twitter_misc":{"Gesch\u00e4tzte Lesezeit":"2\u00a0Minuten"},"schema":{"@context":"https:\/\/schema.org","@graph":[{"@type":"WebPage","@id":"https:\/\/oceansignal.com\/de\/products\/epirb2-sicherheitskit\/","url":"https:\/\/oceansignal.com\/de\/products\/epirb2-sicherheitskit\/","name":"EPIRB2 Segelsicherheitskit - Ocean Signal","isPartOf":{"@id":"https:\/\/oceansignal.com\/de\/#website"},"primaryImageOfPage":{"@id":"https:\/\/oceansignal.com\/de\/products\/epirb2-sicherheitskit\/#primaryimage"},"image":{"@id":"https:\/\/oceansignal.com\/de\/products\/epirb2-sicherheitskit\/#primaryimage"},"thumbnailUrl":"https:\/\/oceansignal.com\/wp-content\/uploads\/2025\/06\/Grab_Bag_EPIRB2_Kit-1.jpg","datePublished":"2025-06-24T09:45:57+00:00","dateModified":"2025-10-01T07:57:53+00:00","breadcrumb":{"@id":"https:\/\/oceansignal.com\/de\/products\/epirb2-sicherheitskit\/#breadcrumb"},"inLanguage":"de","potentialAction":[{"@type":"ReadAction","target":["https:\/\/oceansignal.com\/de\/products\/epirb2-sicherheitskit\/"]}]},{"@type":"ImageObject","inLanguage":"de","@id":"https:\/\/oceansignal.com\/de\/products\/epirb2-sicherheitskit\/#primaryimage","url":"https:\/\/oceansignal.com\/wp-content\/uploads\/2025\/06\/Grab_Bag_EPIRB2_Kit-1.jpg","contentUrl":"https:\/\/oceansignal.com\/wp-content\/uploads\/2025\/06\/Grab_Bag_EPIRB2_Kit-1.jpg","width":911,"height":805},{"@type":"BreadcrumbList","@id":"https:\/\/oceansignal.com\/de\/products\/epirb2-sicherheitskit\/#breadcrumb","itemListElement":[{"@type":"ListItem","position":1,"name":"Produkte","item":"https:\/\/oceansignal.com\/de\/produkte\/"},{"@type":"ListItem","position":2,"name":"EPIRB2 Segelsicherheitskit"}]},{"@type":"WebSite","@id":"https:\/\/oceansignal.com\/de\/#website","url":"https:\/\/oceansignal.com\/de\/","name":"Ocean Signal","description":"A leading manufacturer of EPIRBs, AIS, SARTs, Personal Locator Beacons, Man Overboard Beacon for the Marine and Outdoor Markets.","potentialAction":[{"@type":"SearchAction","target":{"@type":"EntryPoint","urlTemplate":"https:\/\/oceansignal.com\/de\/?s={search_term_string}"},"query-input":{"@type":"PropertyValueSpecification","valueRequired":true,"valueName":"search_term_string"}}],"inLanguage":"de"}]}},"_links":{"self":[{"href":"https:\/\/oceansignal.com\/de\/wp-json\/wp\/v2\/product\/31969","targetHints":{"allow":["GET"]}}],"collection":[{"href":"https:\/\/oceansignal.com\/de\/wp-json\/wp\/v2\/product"}],"about":[{"href":"https:\/\/oceansignal.com\/de\/wp-json\/wp\/v2\/types\/product"}],"wp:featuredmedia":[{"embeddable":true,"href":"https:\/\/oceansignal.com\/de\/wp-json\/wp\/v2\/media\/31377"}],"wp:attachment":[{"href":"https:\/\/oceansignal.com\/de\/wp-json\/wp\/v2\/media?parent=31969"}],"wp:term":[{"taxonomy":"product_brand","embeddable":true,"href":"https:\/\/oceansignal.com\/de\/wp-json\/wp\/v2\/product_brand?post=31969"},{"taxonomy":"product_cat","embeddable":true,"href":"https:\/\/oceansignal.com\/de\/wp-json\/wp\/v2\/product_cat?post=31969"},{"taxonomy":"product_tag","embeddable":true,"href":"https:\/\/oceansignal.com\/de\/wp-json\/wp\/v2\/product_tag?post=31969"}],"curies":[{"name":"wp","href":"https:\/\/api.w.org\/{rel}","templated":true}]}}