{"id":38009,"date":"2025-11-07T11:01:43","date_gmt":"2025-11-07T11:01:43","guid":{"rendered":"https:\/\/oceansignal.com\/?post_type=product&#038;p=38009"},"modified":"2026-03-17T17:01:03","modified_gmt":"2026-03-17T17:01:03","slug":"epirb3-segelsicherheitskit-copy-2","status":"publish","type":"product","link":"https:\/\/oceansignal.com\/de\/products\/epirb3-segelsicherheitskit-copy-2\/","title":{"rendered":"PLB3 Segelsicherheitsset"},"content":{"rendered":"<h3 data-start=\"3285\" data-end=\"3337\"><strong data-start=\"3292\" data-end=\"3337\"><img loading=\"lazy\" decoding=\"async\" class=\"alignnone size-full wp-image-32359\" src=\"https:\/\/oceansignal.com\/wp-content\/uploads\/2025\/07\/View-New-Safety-Kits.png\" alt=\"\" width=\"300\" height=\"75\" srcset=\"https:\/\/oceansignal.com\/wp-content\/uploads\/2025\/07\/View-New-Safety-Kits.png 300w, https:\/\/oceansignal.com\/wp-content\/uploads\/2025\/07\/View-New-Safety-Kits-60x15.png 60w, https:\/\/oceansignal.com\/wp-content\/uploads\/2025\/07\/View-New-Safety-Kits-110x28.png 110w\" sizes=\"auto, (max-width: 300px) 100vw, 300px\" \/><\/strong><\/h3>\n<h3 data-start=\"2673\" data-end=\"2727\"><strong data-start=\"2680\" data-end=\"2727\">Warum das PLB3-Kit w\u00e4hlen?<\/strong><\/h3>\n<ul>\n<li data-start=\"308\" data-end=\"559\">F\u00fcr autarke Segler entwickelt \u2013 Wenn Sie allein oder mit einer kleinen Crew segeln, muss jedes Ausr\u00fcstungsteil einwandfrei funktionieren. Das PLB3-Kit bietet professionellen Schutz und ist speziell f\u00fcr alle konzipiert, die sich ausschlie\u00dflich auf sich selbst und ihre Ausr\u00fcstung verlassen m\u00fcssen. <\/li>\n<li data-start=\"308\" data-end=\"559\">Der weltweit fortschrittlichste pers\u00f6nliche Notsender: Der rescueME PLB3 kombiniert 406-MHz-Satellitennotruf, lokale AIS-Alarmierung und Best\u00e4tigung durch den Return Link Service (RLS) \u2013 so wissen Sie, dass Ihr Hilferuf empfangen wurde. AIS sendet Ihre Position an Schiffe in der N\u00e4he, um die lokale Information umgehend zu gew\u00e4hrleisten. <\/li>\n<li data-start=\"308\" data-end=\"559\">Komplette, kompakte Sicherheitsl\u00f6sung: Das Set aus Ocean Signal Grab Bag mit SOLAS-zugelassenem Klebeband und ACR-Spiegel- und Pfeifenset stellt sicher, dass Sie die Offshore-Anforderungen erf\u00fcllen und gleichzeitig leicht, organisiert und sofort einsatzbereit sind.<\/li>\n<li data-start=\"308\" data-end=\"559\">Bew\u00e4hrte Technologie von Ocean Signal &amp; ACR Electronics. Weltweit vertrauen Hochseeregattasegler, \u00dcberf\u00fchrungsskipper und Langstreckensegler auf dieses Set \u2013 es repr\u00e4sentiert die Wissenschaft des \u00dcberlebens in ihrer zuverl\u00e4ssigsten Form.<\/li>\n<\/ul>\n<h3 data-start=\"2313\" data-end=\"2334\"><strong data-start=\"2320\" data-end=\"2334\">Ideal f\u00fcr:<\/strong><\/h3>\n<ul>\n<li data-start=\"181\" data-end=\"379\">Solo Sailors &amp; Shorthanded Crews \u2013 Entwickelt f\u00fcr alle, die unabh\u00e4ngig oder mit minimaler Crew segeln \u2013 bietet zuverl\u00e4ssige, zweischichtige Kommunikations- und Rettungssicherheit \u00fcberall auf der Welt.<\/li>\n<li data-start=\"181\" data-end=\"379\">Bluewater &amp; Offshore Adventurers \u2013 Ideal f\u00fcr Segler, die Ozeane \u00fcberqueren oder abgelegene K\u00fcsten erkunden, wo Selbstst\u00e4ndigkeit und kompakte, SOLAS-konforme Sicherheitsausr\u00fcstung unerl\u00e4sslich sind.<\/li>\n<li data-start=\"181\" data-end=\"379\">\u00dcberf\u00fchrungskipper &amp; Ausbilder Perfekt f\u00fcr professionelle Skipper, die f\u00fcr Schiffs\u00fcberf\u00fchrungen oder Schulungen verantwortlich sind \u2013 Gew\u00e4hrleistung der Einhaltung von Vorschriften und des pers\u00f6nlichen Schutzes zu jeder Zeit.<\/li>\n<\/ul>\n<p>&nbsp;<\/p>\n<h3 data-start=\"673\" data-end=\"726\"><strong data-start=\"680\" data-end=\"726\">Was ist enthalten und wie unterst\u00fctzt es die Rettung?<\/strong><\/h3>\n<h4 data-start=\"728\" data-end=\"762\"><strong data-start=\"733\" data-end=\"760\">2 \u00d7 Ocean Signal rescueME PLB3<\/strong><\/h4>\n<p data-start=\"763\" data-end=\"786\">Kann lokal (Schiffe mit AIS-Transceivern) und global (406-MHz-Nachricht an Such- und Rettungsdienste \u00fcbermittelt) gesehen, pr\u00e4zise verfolgt (AIS) und mit Echtzeitbest\u00e4tigung (RLS) beruhigt werden \u2013 alles in einem einzigen Ger\u00e4t.<br \/>\n Einzelhandelswert: 849,99 \u00a3<\/p>\n<p data-start=\"763\" data-end=\"786\"><img loading=\"lazy\" decoding=\"async\" class=\"alignnone size-medium wp-image-11815\" src=\"https:\/\/oceansignal.com\/wp-content\/uploads\/2023\/09\/OSL-PLB3-Front-Antenna-Deployed-300x300.png\" alt=\"\" width=\"300\" height=\"300\" srcset=\"https:\/\/oceansignal.com\/wp-content\/uploads\/2023\/09\/OSL-PLB3-Front-Antenna-Deployed-300x300.png 300w, https:\/\/oceansignal.com\/wp-content\/uploads\/2023\/09\/OSL-PLB3-Front-Antenna-Deployed-1024x1024.png 1024w, https:\/\/oceansignal.com\/wp-content\/uploads\/2023\/09\/OSL-PLB3-Front-Antenna-Deployed-150x150.png 150w, https:\/\/oceansignal.com\/wp-content\/uploads\/2023\/09\/OSL-PLB3-Front-Antenna-Deployed-768x768.png 768w, https:\/\/oceansignal.com\/wp-content\/uploads\/2023\/09\/OSL-PLB3-Front-Antenna-Deployed-1536x1536.png 1536w, https:\/\/oceansignal.com\/wp-content\/uploads\/2023\/09\/OSL-PLB3-Front-Antenna-Deployed-600x600.png 600w, https:\/\/oceansignal.com\/wp-content\/uploads\/2023\/09\/OSL-PLB3-Front-Antenna-Deployed-100x100.png 100w, https:\/\/oceansignal.com\/wp-content\/uploads\/2023\/09\/OSL-PLB3-Front-Antenna-Deployed-60x60.png 60w, https:\/\/oceansignal.com\/wp-content\/uploads\/2023\/09\/OSL-PLB3-Front-Antenna-Deployed-110x110.png 110w, https:\/\/oceansignal.com\/wp-content\/uploads\/2023\/09\/OSL-PLB3-Front-Antenna-Deployed.png 2000w\" sizes=\"auto, (max-width: 300px) 100vw, 300px\" \/><\/p>\n<ul data-start=\"917\" data-end=\"1359\">\n<li data-start=\"917\" data-end=\"965\">Der weltweit erste PLB mit AIS und der weltweit erste PLB mit NFC und mobiler App\n<ul>\n<li data-start=\"71\" data-end=\"199\">\n<p data-start=\"73\" data-end=\"199\">Dreifach-Alarmsystem: Sendet ein globales 406-MHz-Notsignal, AIS-Signale f\u00fcr Schiffe in der N\u00e4he und ein 121,5-MHz-Signal zur Ortung globaler Rettungsteams.<\/p>\n<\/li>\n<li data-start=\"71\" data-end=\"199\">PFD-kompatibles Design: Enth\u00e4lt einen Multifunktionsclip und ist so konzipiert, dass es sich nahtlos in die meisten aufblasbaren Rettungswesten integrieren l\u00e4sst.<\/li>\n<li data-start=\"200\" data-end=\"302\">\n<p data-start=\"202\" data-end=\"302\">Smart &amp; Connected: NFC-f\u00e4hig f\u00fcr Einrichtung und Statusabfragen \u00fcber eine kostenlose mobile App (iOS &amp; Android)<\/p>\n<\/li>\n<li data-start=\"303\" data-end=\"403\">\n<p data-start=\"305\" data-end=\"403\">Keine Abonnements: Einmaliger Kauf mit 6 Jahren Batterielebensdauer und \u00fcber 24 Stunden Aktivierungszeit.<\/p>\n<\/li>\n<li data-start=\"303\" data-end=\"403\"><a href=\"https:\/\/oceansignal.com\/de\/news\/ocean-signal-gewinnt-den-dame-design-award-2022-fuer-rescueme-plb3-ais-personal-locator-beacon\/\">Gewinner: Gesamtsieger DAME Design Award 2022<\/a><\/li>\n<\/ul>\n<p data-start=\"919\" data-end=\"965\">\n<\/li>\n<\/ul>\n<h4 data-start=\"1516\" data-end=\"1558\"><strong data-start=\"1521\" data-end=\"1556\">1 \u00d7 ACR Signalspiegel und Pfeife<\/strong><\/h4>\n<p data-start=\"1559\" data-end=\"1581\">Ideal, wenn SAR-Teams in der N\u00e4he sind und Sie ihre Aufmerksamkeit schnell und deutlich auf sich ziehen m\u00fcssen.<br \/>\n Einzelhandelswert: 10,99 \u00a3<\/p>\n<p data-start=\"1559\" data-end=\"1581\"><img loading=\"lazy\" decoding=\"async\" class=\"alignnone wp-image-31407 size-medium\" src=\"https:\/\/oceansignal.com\/wp-content\/uploads\/2025\/06\/Grab_Bag_EPIRB1_Kit-e1752085331562-300x131.png\" alt=\"\" width=\"300\" height=\"131\" srcset=\"https:\/\/oceansignal.com\/wp-content\/uploads\/2025\/06\/Grab_Bag_EPIRB1_Kit-e1752085331562-300x131.png 300w, https:\/\/oceansignal.com\/wp-content\/uploads\/2025\/06\/Grab_Bag_EPIRB1_Kit-e1752085331562-60x26.png 60w, https:\/\/oceansignal.com\/wp-content\/uploads\/2025\/06\/Grab_Bag_EPIRB1_Kit-e1752085331562-110x48.png 110w, https:\/\/oceansignal.com\/wp-content\/uploads\/2025\/06\/Grab_Bag_EPIRB1_Kit-e1752085331562.png 344w\" sizes=\"auto, (max-width: 300px) 100vw, 300px\" \/><\/p>\n<p data-start=\"1583\" data-end=\"1691\">Diese wartungsfreien Tools sorgen in der Endphase der Rettung f\u00fcr zus\u00e4tzliche Sichtbarkeit und Audiosignale.<\/p>\n<ul data-start=\"1693\" data-end=\"1791\">\n<li data-start=\"1693\" data-end=\"1734\">\n<p data-start=\"1695\" data-end=\"1734\"><strong>Hochreflektierender Kompaktspiegel f\u00fcr visuelle Signale am Tag \u2013 Entwickelt, um Sonnenlicht \u00fcber gro\u00dfe Entfernungen zu reflektieren, ideal, um die Aufmerksamkeit vorbeifahrender Schiffe oder Flugzeuge auf sich zu ziehen<\/strong><\/p>\n<\/li>\n<li data-start=\"1735\" data-end=\"1791\">\n<p data-start=\"1737\" data-end=\"1791\"><strong>Laute, perlenlose Pfeife, um aus n\u00e4chster N\u00e4he Aufmerksamkeit zu erregen<\/strong><\/p>\n<\/li>\n<\/ul>\n<h4 data-start=\"1914\" data-end=\"1961\"><\/h4>\n<h4 data-start=\"1914\" data-end=\"1961\"><strong data-start=\"1919\" data-end=\"1959\">1 \u00d7 wasserdichte Wundert\u00fcte von Ocean Signal<\/strong><\/h4>\n<p data-start=\"1962\" data-end=\"1985\"><em data-start=\"1962\" data-end=\"1985\">Wenn jede Sekunde z\u00e4hlt, ist es von entscheidender Bedeutung, alles an einem trockenen, sichtbaren Ort zu haben.<br \/>\n Einzelhandelswert: 129,99 \u00a3<\/em><\/p>\n<p data-start=\"1962\" data-end=\"1985\"><img loading=\"lazy\" decoding=\"async\" class=\"alignnone wp-image-31488 size-medium\" src=\"https:\/\/oceansignal.com\/wp-content\/uploads\/2025\/06\/Grab_Bag-1-241x300.webp\" alt=\"\" width=\"241\" height=\"300\" srcset=\"https:\/\/oceansignal.com\/wp-content\/uploads\/2025\/06\/Grab_Bag-1-241x300.webp 241w, https:\/\/oceansignal.com\/wp-content\/uploads\/2025\/06\/Grab_Bag-1-60x75.webp 60w, https:\/\/oceansignal.com\/wp-content\/uploads\/2025\/06\/Grab_Bag-1-110x137.webp 110w, https:\/\/oceansignal.com\/wp-content\/uploads\/2025\/06\/Grab_Bag-1.webp 489w\" sizes=\"auto, (max-width: 241px) 100vw, 241px\" \/><\/p>\n<p data-start=\"1987\" data-end=\"2079\">Diese robuste, schwimmf\u00e4hige Tasche h\u00e4lt Ihre wichtigsten Utensilien trocken, gesch\u00fctzt und einsatzbereit.<\/p>\n<ul data-start=\"2081\" data-end=\"2190\">\n<li data-start=\"2081\" data-end=\"2107\">\n<p data-start=\"2083\" data-end=\"2107\"><strong>Gut sichtbare Farbe<\/strong><\/p>\n<\/li>\n<li data-start=\"2108\" data-end=\"2131\">\n<p data-start=\"2110\" data-end=\"2131\"><strong>Schwimmf\u00e4hig<\/strong><\/p>\n<\/li>\n<li data-start=\"2132\" data-end=\"2190\">\n<p data-start=\"2134\" data-end=\"2190\"><strong>Ideale Gr\u00f6\u00dfe f\u00fcr EPIRB, zus\u00e4tzliche Sicherheitsausr\u00fcstung und wichtige Dokumente<\/strong><\/p>\n<\/li>\n<\/ul>\n","protected":false},"excerpt":{"rendered":"<ul>\n<li data-start=\"250\" data-end=\"437\">Entwickelt f\u00fcr Einhandsegler und Segler mit kleiner Crew: Zwei Ocean Signal PLB3-Notsender senden duale 406-MHz- + AIS-Notrufe und gew\u00e4hrleisten so weltweite Rettungsma\u00dfnahmen und sofortige lokale Sichtbarkeit.<\/li>\n<li data-start=\"250\" data-end=\"437\">Kompaktes, seewasserfestes Design inklusive Ocean Signal Grab Bag mit SOLAS-zugelassenem Klebeband sowie ACR-Spiegeln und -Pfeifen f\u00fcr die notwendige Signalisierung und Einhaltung der Vorschriften auf See<\/li>\n<li data-start=\"250\" data-end=\"437\">Verl\u00e4ssliche Zuverl\u00e4ssigkeit: Entwickelt von Ocean Signal &amp; ACR Electronics \u2013 professionelle Sicherheit, auf die Hochseesegler und Einhandsegler weltweit vertrauen.<\/li>\n<\/ul>\n<p>Gesamtwert des Sets (UVP): 1201 \u00a3. Sparen Sie 160 \u00a3 mit diesem Set! <\/p>\n","protected":false},"featured_media":38045,"template":"","meta":{"_acf_changed":false,"om_disable_all_campaigns":false},"product_brand":[],"product_cat":[1976,469,1686],"product_tag":[1687,1353],"class_list":{"0":"post-38009","1":"product","2":"type-product","3":"status-publish","4":"has-post-thumbnail","6":"product_cat-kompatibel-mit-rettungswesten","7":"product_cat-rescueme-de","8":"product_cat-sicherheitskits","9":"product_tag-sicherheitskits","10":"product_tag-wundertute","12":"first","13":"instock","14":"taxable","15":"shipping-taxable","16":"purchasable","17":"product-type-simple"},"acf":[],"yoast_head":"<!-- This site is optimized with the Yoast SEO Premium plugin v25.2 (Yoast SEO v26.4) - https:\/\/yoast.com\/wordpress\/plugins\/seo\/ -->\n<title>PLB3 Segelsicherheitsset - Ocean Signal<\/title>\n<meta name=\"robots\" content=\"index, follow, max-snippet:-1, max-image-preview:large, max-video-preview:-1\" \/>\n<link rel=\"canonical\" href=\"https:\/\/oceansignal.com\/de\/products\/epirb3-segelsicherheitskit-copy-2\/\" \/>\n<meta property=\"og:locale\" content=\"de_DE\" \/>\n<meta property=\"og:type\" content=\"article\" \/>\n<meta property=\"og:title\" content=\"PLB3 Segelsicherheitsset\" \/>\n<meta property=\"og:description\" content=\"Entwickelt f\u00fcr Einhandsegler und Segler mit kleiner Crew: Zwei Ocean Signal PLB3-Notsender senden duale 406-MHz- + AIS-Notrufe und gew\u00e4hrleisten so weltweite Rettungsma\u00dfnahmen und sofortige lokale Sichtbarkeit.  Kompaktes, seewasserfestes Design inklusive Ocean Signal Grab Bag mit SOLAS-zugelassenem Klebeband sowie ACR-Spiegeln und -Pfeifen f\u00fcr die notwendige Signalisierung und Einhaltung der Vorschriften auf See  Verl\u00e4ssliche Zuverl\u00e4ssigkeit: Entwickelt von Ocean Signal &amp; ACR Electronics \u2013 professionelle Sicherheit, auf die Hochseesegler und Einhandsegler weltweit vertrauen. Gesamtwert des Sets (UVP): 1201 \u00a3. Sparen Sie 160 \u00a3 mit diesem Set!\" \/>\n<meta property=\"og:url\" content=\"https:\/\/oceansignal.com\/de\/products\/epirb3-segelsicherheitskit-copy-2\/\" \/>\n<meta property=\"og:site_name\" content=\"Ocean Signal\" \/>\n<meta property=\"article:modified_time\" content=\"2026-03-17T17:01:03+00:00\" \/>\n<meta property=\"og:image\" content=\"https:\/\/oceansignal.com\/wp-content\/uploads\/2025\/11\/Grab_Bag_PLB3_Safety_Kit.jpg\" \/>\n\t<meta property=\"og:image:width\" content=\"504\" \/>\n\t<meta property=\"og:image:height\" content=\"497\" \/>\n\t<meta property=\"og:image:type\" content=\"image\/jpeg\" \/>\n<meta name=\"twitter:card\" content=\"summary_large_image\" \/>\n<meta name=\"twitter:label1\" content=\"Gesch\u00e4tzte Lesezeit\" \/>\n\t<meta name=\"twitter:data1\" content=\"3\u00a0Minuten\" \/>\n<script type=\"application\/ld+json\" class=\"yoast-schema-graph\">{\"@context\":\"https:\/\/schema.org\",\"@graph\":[{\"@type\":\"WebPage\",\"@id\":\"https:\/\/oceansignal.com\/de\/products\/epirb3-segelsicherheitskit-copy-2\/\",\"url\":\"https:\/\/oceansignal.com\/de\/products\/epirb3-segelsicherheitskit-copy-2\/\",\"name\":\"PLB3 Segelsicherheitsset - Ocean Signal\",\"isPartOf\":{\"@id\":\"https:\/\/oceansignal.com\/de\/#website\"},\"primaryImageOfPage\":{\"@id\":\"https:\/\/oceansignal.com\/de\/products\/epirb3-segelsicherheitskit-copy-2\/#primaryimage\"},\"image\":{\"@id\":\"https:\/\/oceansignal.com\/de\/products\/epirb3-segelsicherheitskit-copy-2\/#primaryimage\"},\"thumbnailUrl\":\"https:\/\/oceansignal.com\/wp-content\/uploads\/2025\/11\/Grab_Bag_PLB3_Safety_Kit.jpg\",\"datePublished\":\"2025-11-07T11:01:43+00:00\",\"dateModified\":\"2026-03-17T17:01:03+00:00\",\"breadcrumb\":{\"@id\":\"https:\/\/oceansignal.com\/de\/products\/epirb3-segelsicherheitskit-copy-2\/#breadcrumb\"},\"inLanguage\":\"de\",\"potentialAction\":[{\"@type\":\"ReadAction\",\"target\":[\"https:\/\/oceansignal.com\/de\/products\/epirb3-segelsicherheitskit-copy-2\/\"]}]},{\"@type\":\"ImageObject\",\"inLanguage\":\"de\",\"@id\":\"https:\/\/oceansignal.com\/de\/products\/epirb3-segelsicherheitskit-copy-2\/#primaryimage\",\"url\":\"https:\/\/oceansignal.com\/wp-content\/uploads\/2025\/11\/Grab_Bag_PLB3_Safety_Kit.jpg\",\"contentUrl\":\"https:\/\/oceansignal.com\/wp-content\/uploads\/2025\/11\/Grab_Bag_PLB3_Safety_Kit.jpg\",\"width\":504,\"height\":497},{\"@type\":\"BreadcrumbList\",\"@id\":\"https:\/\/oceansignal.com\/de\/products\/epirb3-segelsicherheitskit-copy-2\/#breadcrumb\",\"itemListElement\":[{\"@type\":\"ListItem\",\"position\":1,\"name\":\"Produkte\",\"item\":\"https:\/\/oceansignal.com\/de\/produkte\/\"},{\"@type\":\"ListItem\",\"position\":2,\"name\":\"PLB3 Segelsicherheitsset\"}]},{\"@type\":\"WebSite\",\"@id\":\"https:\/\/oceansignal.com\/de\/#website\",\"url\":\"https:\/\/oceansignal.com\/de\/\",\"name\":\"Ocean Signal\",\"description\":\"A leading manufacturer of EPIRBs, AIS, SARTs, Personal Locator Beacons, Man Overboard Beacon for the Marine and Outdoor Markets.\",\"potentialAction\":[{\"@type\":\"SearchAction\",\"target\":{\"@type\":\"EntryPoint\",\"urlTemplate\":\"https:\/\/oceansignal.com\/de\/?s={search_term_string}\"},\"query-input\":{\"@type\":\"PropertyValueSpecification\",\"valueRequired\":true,\"valueName\":\"search_term_string\"}}],\"inLanguage\":\"de\"}]}<\/script>\n<!-- \/ Yoast SEO Premium plugin. -->","yoast_head_json":{"title":"PLB3 Segelsicherheitsset - Ocean Signal","robots":{"index":"index","follow":"follow","max-snippet":"max-snippet:-1","max-image-preview":"max-image-preview:large","max-video-preview":"max-video-preview:-1"},"canonical":"https:\/\/oceansignal.com\/de\/products\/epirb3-segelsicherheitskit-copy-2\/","og_locale":"de_DE","og_type":"article","og_title":"PLB3 Segelsicherheitsset","og_description":"Entwickelt f\u00fcr Einhandsegler und Segler mit kleiner Crew: Zwei Ocean Signal PLB3-Notsender senden duale 406-MHz- + AIS-Notrufe und gew\u00e4hrleisten so weltweite Rettungsma\u00dfnahmen und sofortige lokale Sichtbarkeit.  Kompaktes, seewasserfestes Design inklusive Ocean Signal Grab Bag mit SOLAS-zugelassenem Klebeband sowie ACR-Spiegeln und -Pfeifen f\u00fcr die notwendige Signalisierung und Einhaltung der Vorschriften auf See  Verl\u00e4ssliche Zuverl\u00e4ssigkeit: Entwickelt von Ocean Signal &amp; ACR Electronics \u2013 professionelle Sicherheit, auf die Hochseesegler und Einhandsegler weltweit vertrauen. Gesamtwert des Sets (UVP): 1201 \u00a3. Sparen Sie 160 \u00a3 mit diesem Set!","og_url":"https:\/\/oceansignal.com\/de\/products\/epirb3-segelsicherheitskit-copy-2\/","og_site_name":"Ocean Signal","article_modified_time":"2026-03-17T17:01:03+00:00","og_image":[{"width":504,"height":497,"url":"https:\/\/oceansignal.com\/wp-content\/uploads\/2025\/11\/Grab_Bag_PLB3_Safety_Kit.jpg","type":"image\/jpeg"}],"twitter_card":"summary_large_image","twitter_misc":{"Gesch\u00e4tzte Lesezeit":"3\u00a0Minuten"},"schema":{"@context":"https:\/\/schema.org","@graph":[{"@type":"WebPage","@id":"https:\/\/oceansignal.com\/de\/products\/epirb3-segelsicherheitskit-copy-2\/","url":"https:\/\/oceansignal.com\/de\/products\/epirb3-segelsicherheitskit-copy-2\/","name":"PLB3 Segelsicherheitsset - Ocean Signal","isPartOf":{"@id":"https:\/\/oceansignal.com\/de\/#website"},"primaryImageOfPage":{"@id":"https:\/\/oceansignal.com\/de\/products\/epirb3-segelsicherheitskit-copy-2\/#primaryimage"},"image":{"@id":"https:\/\/oceansignal.com\/de\/products\/epirb3-segelsicherheitskit-copy-2\/#primaryimage"},"thumbnailUrl":"https:\/\/oceansignal.com\/wp-content\/uploads\/2025\/11\/Grab_Bag_PLB3_Safety_Kit.jpg","datePublished":"2025-11-07T11:01:43+00:00","dateModified":"2026-03-17T17:01:03+00:00","breadcrumb":{"@id":"https:\/\/oceansignal.com\/de\/products\/epirb3-segelsicherheitskit-copy-2\/#breadcrumb"},"inLanguage":"de","potentialAction":[{"@type":"ReadAction","target":["https:\/\/oceansignal.com\/de\/products\/epirb3-segelsicherheitskit-copy-2\/"]}]},{"@type":"ImageObject","inLanguage":"de","@id":"https:\/\/oceansignal.com\/de\/products\/epirb3-segelsicherheitskit-copy-2\/#primaryimage","url":"https:\/\/oceansignal.com\/wp-content\/uploads\/2025\/11\/Grab_Bag_PLB3_Safety_Kit.jpg","contentUrl":"https:\/\/oceansignal.com\/wp-content\/uploads\/2025\/11\/Grab_Bag_PLB3_Safety_Kit.jpg","width":504,"height":497},{"@type":"BreadcrumbList","@id":"https:\/\/oceansignal.com\/de\/products\/epirb3-segelsicherheitskit-copy-2\/#breadcrumb","itemListElement":[{"@type":"ListItem","position":1,"name":"Produkte","item":"https:\/\/oceansignal.com\/de\/produkte\/"},{"@type":"ListItem","position":2,"name":"PLB3 Segelsicherheitsset"}]},{"@type":"WebSite","@id":"https:\/\/oceansignal.com\/de\/#website","url":"https:\/\/oceansignal.com\/de\/","name":"Ocean Signal","description":"A leading manufacturer of EPIRBs, AIS, SARTs, Personal Locator Beacons, Man Overboard Beacon for the Marine and Outdoor Markets.","potentialAction":[{"@type":"SearchAction","target":{"@type":"EntryPoint","urlTemplate":"https:\/\/oceansignal.com\/de\/?s={search_term_string}"},"query-input":{"@type":"PropertyValueSpecification","valueRequired":true,"valueName":"search_term_string"}}],"inLanguage":"de"}]}},"_links":{"self":[{"href":"https:\/\/oceansignal.com\/de\/wp-json\/wp\/v2\/product\/38009","targetHints":{"allow":["GET"]}}],"collection":[{"href":"https:\/\/oceansignal.com\/de\/wp-json\/wp\/v2\/product"}],"about":[{"href":"https:\/\/oceansignal.com\/de\/wp-json\/wp\/v2\/types\/product"}],"wp:featuredmedia":[{"embeddable":true,"href":"https:\/\/oceansignal.com\/de\/wp-json\/wp\/v2\/media\/38045"}],"wp:attachment":[{"href":"https:\/\/oceansignal.com\/de\/wp-json\/wp\/v2\/media?parent=38009"}],"wp:term":[{"taxonomy":"product_brand","embeddable":true,"href":"https:\/\/oceansignal.com\/de\/wp-json\/wp\/v2\/product_brand?post=38009"},{"taxonomy":"product_cat","embeddable":true,"href":"https:\/\/oceansignal.com\/de\/wp-json\/wp\/v2\/product_cat?post=38009"},{"taxonomy":"product_tag","embeddable":true,"href":"https:\/\/oceansignal.com\/de\/wp-json\/wp\/v2\/product_tag?post=38009"}],"curies":[{"name":"wp","href":"https:\/\/api.w.org\/{rel}","templated":true}]}}